{"id":5208,"date":"2022-02-20T21:58:44","date_gmt":"2022-02-20T21:58:44","guid":{"rendered":"https:\/\/medicinasinc.com\/sk\/?post_type=product&#038;p=5208"},"modified":"2022-03-22T01:05:08","modified_gmt":"2022-03-22T01:05:08","slug":"kupit-imovane-zopiklon-7-5-mg","status":"publish","type":"product","link":"https:\/\/medicinasinc.com\/sk\/product\/kupit-imovane-zopiklon-7-5-mg\/","title":{"rendered":"K\u00fapi\u0165 Imovane Zopiclone 7,5 mg"},"content":{"rendered":"<p>Imovane Zopiclone tablety je mo\u017en\u00e9 zak\u00fapi\u0165 online.<\/p>\n<p>Imovane Zopiclone tablety je mo\u017en\u00e9 zak\u00fapi\u0165 online.<\/p>\n<p>Imovane: Zopiclone patr\u00ed do skupiny sedat\u00edv a hypnot\u00edk. Predpisuje sa na symptomatick\u00e9 zmiernenie probl\u00e9mov so sp\u00e1nkom v kr\u00e1tkodobom horizonte.<\/p>\n","protected":false},"excerpt":{"rendered":"<div class=\"woocommerce-product-details__short-description\">\n<p>K\u00fapte si zopiclone 7,5 mg tablety online, zopiclone 7,5 mg uk, zopiclone online, zopiclone eu, zopiclone singapore, zopiclone uk, zopiclone amazon, zopiclone 7,5 mg tablety nasleduj\u00faci de\u0148 doru\u010denie<\/p>\n<p>Imovane Zopiclone tablety je mo\u017en\u00e9 zak\u00fapi\u0165 online.<\/p>\n<p>Imovane: Zopiclone je sedat\u00edvno-hypnotikum. Pou\u017e\u00edva sa na kr\u00e1tkodob\u00fa lie\u010dbu probl\u00e9mov so sp\u00e1nkom a ako symptomatick\u00e1 lie\u010dba.<\/p>\n<p>Imovane (Zopiclone) je mo\u017en\u00e9 zak\u00fapi\u0165 online na platn\u00fd austr\u00e1lsky predpis. Bestglobalmeds.com pon\u00faka bezplatn\u00fa dopravu na v\u0161etky polo\u017eky na predpis do Austr\u00e1lie.<\/p>\n<p>Imovane (Zopiclone) je sedat\u00edvum-hypnotikum. Pou\u017e\u00edva sa na kr\u00e1tkodob\u00fa lie\u010dbu probl\u00e9mov so sp\u00e1nkom a ako symptomatick\u00e1 lie\u010dba.<\/p>\n<\/p><\/div>\n","protected":false},"featured_media":5226,"comment_status":"open","ping_status":"closed","template":"","meta":[],"product_brand":[],"product_cat":[1117],"product_tag":[1362,1363,1364,1365,1366,1367,1368,1369],"class_list":{"0":"post-5208","1":"product","2":"type-product","3":"status-publish","4":"has-post-thumbnail","6":"product_cat-kupte-si-tabletky-proti-bolesti-spanku-sexu","7":"product_tag-buy-zopiclone-7-5mg-tablets-next-day-delivery","8":"product_tag-buy-zopiclone-7-5mg-tablets-online","9":"product_tag-buy-zopiclone-7-5mg-uk","10":"product_tag-buy-zopiclone-eu","11":"product_tag-kpi-zopikln-online","12":"product_tag-buy-zopiclone-singapure","13":"product_tag-buy-zopiclone-uk","14":"product_tag-zopiclone-amazon","16":"first","17":"instock","18":"shipping-taxable","19":"purchasable","20":"product-type-variable","21":"has-default-attributes"},"yoast_head":"<!-- This site is optimized with the Yoast SEO plugin v27.3 - https:\/\/yoast.com\/product\/yoast-seo-wordpress\/ -->\n<title>K\u00fapi\u0165 Imovane Zopiclone 7,5 mg - najlep\u0161ie najlep\u0161ie glob\u00e1lne lieky<\/title>\n<meta name=\"description\" content=\"k\u00fapi\u0165 zopikl\u00f3n 7,5 mg tablety online, k\u00fapi\u0165 zopikl\u00f3n 7,5 mg uk, k\u00fapi\u0165 zopikl\u00f3n online, k\u00fapi\u0165 zopikl\u00f3n eu, k\u00fapi\u0165 zopikl\u00f3n singapore, k\u00fapi\u0165 zopikl\u00f3n uk, zopikl\u00f3n amazon, k\u00fapi\u0165 zopikl\u00f3n 7,5 mg tablety doru\u010denie nasleduj\u00faci de\u0148,\" \/>\n<meta name=\"robots\" content=\"index, follow, max-snippet:-1, max-image-preview:large, max-video-preview:-1\" \/>\n<link rel=\"canonical\" href=\"https:\/\/medicinasinc.com\/sk\/product\/kupit-imovane-zopiklon-7-5-mg\/\" \/>\n<meta property=\"og:locale\" content=\"en_US\" \/>\n<meta property=\"og:type\" content=\"article\" \/>\n<meta property=\"og:title\" content=\"K\u00fapi\u0165 Imovane Zopiclone 7,5 mg - najlep\u0161ie najlep\u0161ie glob\u00e1lne lieky\" \/>\n<meta property=\"og:description\" content=\"k\u00fapi\u0165 zopikl\u00f3n 7,5 mg tablety online, k\u00fapi\u0165 zopikl\u00f3n 7,5 mg uk, k\u00fapi\u0165 zopikl\u00f3n online, k\u00fapi\u0165 zopikl\u00f3n eu, k\u00fapi\u0165 zopikl\u00f3n singapore, k\u00fapi\u0165 zopikl\u00f3n uk, zopikl\u00f3n amazon, k\u00fapi\u0165 zopikl\u00f3n 7,5 mg tablety doru\u010denie nasleduj\u00faci de\u0148,\" \/>\n<meta property=\"og:url\" content=\"https:\/\/medicinasinc.com\/sk\/product\/kupit-imovane-zopiklon-7-5-mg\/\" \/>\n<meta property=\"og:site_name\" content=\"Medicinas Inc\" \/>\n<meta property=\"article:modified_time\" content=\"2022-03-22T01:05:08+00:00\" \/>\n<meta property=\"og:image\" content=\"https:\/\/medicinasinc.com\/sk\/wp-content\/uploads\/sites\/10\/2022\/02\/Buy-Imovane-Zopiclone-7.5-mg.jpg\" \/>\n\t<meta property=\"og:image:width\" content=\"570\" \/>\n\t<meta property=\"og:image:height\" content=\"340\" \/>\n\t<meta property=\"og:image:type\" content=\"image\/jpeg\" \/>\n<meta name=\"twitter:card\" content=\"summary_large_image\" \/>\n<meta name=\"twitter:label1\" content=\"Est. reading time\" \/>\n\t<meta name=\"twitter:data1\" content=\"1 minute\" \/>\n<script type=\"application\/ld+json\" class=\"yoast-schema-graph\">{\"@context\":\"https:\\\/\\\/schema.org\",\"@graph\":[{\"@type\":\"WebPage\",\"@id\":\"https:\\\/\\\/medicinasinc.com\\\/sk\\\/product\\\/kupit-imovane-zopiklon-7-5-mg\\\/\",\"url\":\"https:\\\/\\\/medicinasinc.com\\\/sk\\\/product\\\/kupit-imovane-zopiklon-7-5-mg\\\/\",\"name\":\"K\u00fapi\u0165 Imovane Zopiclone 7,5 mg - najlep\u0161ie najlep\u0161ie glob\u00e1lne lieky\",\"isPartOf\":{\"@id\":\"https:\\\/\\\/medicinasinc.com\\\/sk\\\/#website\"},\"primaryImageOfPage\":{\"@id\":\"https:\\\/\\\/medicinasinc.com\\\/sk\\\/product\\\/kupit-imovane-zopiklon-7-5-mg\\\/#primaryimage\"},\"image\":{\"@id\":\"https:\\\/\\\/medicinasinc.com\\\/sk\\\/product\\\/kupit-imovane-zopiklon-7-5-mg\\\/#primaryimage\"},\"thumbnailUrl\":\"https:\\\/\\\/medicinasinc.com\\\/sk\\\/wp-content\\\/uploads\\\/sites\\\/10\\\/2022\\\/02\\\/Buy-Imovane-Zopiclone-7.5-mg.jpg\",\"datePublished\":\"2022-02-20T21:58:44+00:00\",\"dateModified\":\"2022-03-22T01:05:08+00:00\",\"description\":\"k\u00fapi\u0165 zopikl\u00f3n 7,5 mg tablety online, k\u00fapi\u0165 zopikl\u00f3n 7,5 mg uk, k\u00fapi\u0165 zopikl\u00f3n online, k\u00fapi\u0165 zopikl\u00f3n eu, k\u00fapi\u0165 zopikl\u00f3n singapore, k\u00fapi\u0165 zopikl\u00f3n uk, zopikl\u00f3n amazon, k\u00fapi\u0165 zopikl\u00f3n 7,5 mg tablety doru\u010denie nasleduj\u00faci de\u0148,\",\"breadcrumb\":{\"@id\":\"https:\\\/\\\/medicinasinc.com\\\/sk\\\/product\\\/kupit-imovane-zopiklon-7-5-mg\\\/#breadcrumb\"},\"inLanguage\":\"en-US\",\"potentialAction\":[{\"@type\":\"ReadAction\",\"target\":[\"https:\\\/\\\/medicinasinc.com\\\/sk\\\/product\\\/kupit-imovane-zopiklon-7-5-mg\\\/\"]}]},{\"@type\":\"ImageObject\",\"inLanguage\":\"en-US\",\"@id\":\"https:\\\/\\\/medicinasinc.com\\\/sk\\\/product\\\/kupit-imovane-zopiklon-7-5-mg\\\/#primaryimage\",\"url\":\"https:\\\/\\\/medicinasinc.com\\\/sk\\\/wp-content\\\/uploads\\\/sites\\\/10\\\/2022\\\/02\\\/Buy-Imovane-Zopiclone-7.5-mg.jpg\",\"contentUrl\":\"https:\\\/\\\/medicinasinc.com\\\/sk\\\/wp-content\\\/uploads\\\/sites\\\/10\\\/2022\\\/02\\\/Buy-Imovane-Zopiclone-7.5-mg.jpg\",\"width\":570,\"height\":340},{\"@type\":\"BreadcrumbList\",\"@id\":\"https:\\\/\\\/medicinasinc.com\\\/sk\\\/product\\\/kupit-imovane-zopiklon-7-5-mg\\\/#breadcrumb\",\"itemListElement\":[{\"@type\":\"ListItem\",\"position\":1,\"name\":\"Obchod\",\"item\":\"https:\\\/\\\/medicinasinc.com\\\/sk\\\/obchod\\\/\"},{\"@type\":\"ListItem\",\"position\":2,\"name\":\"K\u00fapi\u0165 Imovane Zopiclone 7,5 mg\"}]},{\"@type\":\"WebSite\",\"@id\":\"https:\\\/\\\/medicinasinc.com\\\/sk\\\/#website\",\"url\":\"https:\\\/\\\/medicinasinc.com\\\/sk\\\/\",\"name\":\"Medicinas Inc\",\"description\":\"Health Medical Clinic\",\"potentialAction\":[{\"@type\":\"SearchAction\",\"target\":{\"@type\":\"EntryPoint\",\"urlTemplate\":\"https:\\\/\\\/medicinasinc.com\\\/sk\\\/?s={search_term_string}\"},\"query-input\":{\"@type\":\"PropertyValueSpecification\",\"valueRequired\":true,\"valueName\":\"search_term_string\"}}],\"inLanguage\":\"en-US\"}]}<\/script>\n<!-- \/ Yoast SEO plugin. -->","yoast_head_json":{"title":"K\u00fapi\u0165 Imovane Zopiclone 7,5 mg - najlep\u0161ie najlep\u0161ie glob\u00e1lne lieky","description":"k\u00fapi\u0165 zopikl\u00f3n 7,5 mg tablety online, k\u00fapi\u0165 zopikl\u00f3n 7,5 mg uk, k\u00fapi\u0165 zopikl\u00f3n online, k\u00fapi\u0165 zopikl\u00f3n eu, k\u00fapi\u0165 zopikl\u00f3n singapore, k\u00fapi\u0165 zopikl\u00f3n uk, zopikl\u00f3n amazon, k\u00fapi\u0165 zopikl\u00f3n 7,5 mg tablety doru\u010denie nasleduj\u00faci de\u0148,","robots":{"index":"index","follow":"follow","max-snippet":"max-snippet:-1","max-image-preview":"max-image-preview:large","max-video-preview":"max-video-preview:-1"},"canonical":"https:\/\/medicinasinc.com\/sk\/product\/kupit-imovane-zopiklon-7-5-mg\/","og_locale":"en_US","og_type":"article","og_title":"K\u00fapi\u0165 Imovane Zopiclone 7,5 mg - najlep\u0161ie najlep\u0161ie glob\u00e1lne lieky","og_description":"k\u00fapi\u0165 zopikl\u00f3n 7,5 mg tablety online, k\u00fapi\u0165 zopikl\u00f3n 7,5 mg uk, k\u00fapi\u0165 zopikl\u00f3n online, k\u00fapi\u0165 zopikl\u00f3n eu, k\u00fapi\u0165 zopikl\u00f3n singapore, k\u00fapi\u0165 zopikl\u00f3n uk, zopikl\u00f3n amazon, k\u00fapi\u0165 zopikl\u00f3n 7,5 mg tablety doru\u010denie nasleduj\u00faci de\u0148,","og_url":"https:\/\/medicinasinc.com\/sk\/product\/kupit-imovane-zopiklon-7-5-mg\/","og_site_name":"Medicinas Inc","article_modified_time":"2022-03-22T01:05:08+00:00","og_image":[{"width":570,"height":340,"url":"https:\/\/medicinasinc.com\/sk\/wp-content\/uploads\/sites\/10\/2022\/02\/Buy-Imovane-Zopiclone-7.5-mg.jpg","type":"image\/jpeg"}],"twitter_card":"summary_large_image","twitter_misc":{"Est. reading time":"1 minute"},"schema":{"@context":"https:\/\/schema.org","@graph":[{"@type":"WebPage","@id":"https:\/\/medicinasinc.com\/sk\/product\/kupit-imovane-zopiklon-7-5-mg\/","url":"https:\/\/medicinasinc.com\/sk\/product\/kupit-imovane-zopiklon-7-5-mg\/","name":"K\u00fapi\u0165 Imovane Zopiclone 7,5 mg - najlep\u0161ie najlep\u0161ie glob\u00e1lne lieky","isPartOf":{"@id":"https:\/\/medicinasinc.com\/sk\/#website"},"primaryImageOfPage":{"@id":"https:\/\/medicinasinc.com\/sk\/product\/kupit-imovane-zopiklon-7-5-mg\/#primaryimage"},"image":{"@id":"https:\/\/medicinasinc.com\/sk\/product\/kupit-imovane-zopiklon-7-5-mg\/#primaryimage"},"thumbnailUrl":"https:\/\/medicinasinc.com\/sk\/wp-content\/uploads\/sites\/10\/2022\/02\/Buy-Imovane-Zopiclone-7.5-mg.jpg","datePublished":"2022-02-20T21:58:44+00:00","dateModified":"2022-03-22T01:05:08+00:00","description":"k\u00fapi\u0165 zopikl\u00f3n 7,5 mg tablety online, k\u00fapi\u0165 zopikl\u00f3n 7,5 mg uk, k\u00fapi\u0165 zopikl\u00f3n online, k\u00fapi\u0165 zopikl\u00f3n eu, k\u00fapi\u0165 zopikl\u00f3n singapore, k\u00fapi\u0165 zopikl\u00f3n uk, zopikl\u00f3n amazon, k\u00fapi\u0165 zopikl\u00f3n 7,5 mg tablety doru\u010denie nasleduj\u00faci de\u0148,","breadcrumb":{"@id":"https:\/\/medicinasinc.com\/sk\/product\/kupit-imovane-zopiklon-7-5-mg\/#breadcrumb"},"inLanguage":"en-US","potentialAction":[{"@type":"ReadAction","target":["https:\/\/medicinasinc.com\/sk\/product\/kupit-imovane-zopiklon-7-5-mg\/"]}]},{"@type":"ImageObject","inLanguage":"en-US","@id":"https:\/\/medicinasinc.com\/sk\/product\/kupit-imovane-zopiklon-7-5-mg\/#primaryimage","url":"https:\/\/medicinasinc.com\/sk\/wp-content\/uploads\/sites\/10\/2022\/02\/Buy-Imovane-Zopiclone-7.5-mg.jpg","contentUrl":"https:\/\/medicinasinc.com\/sk\/wp-content\/uploads\/sites\/10\/2022\/02\/Buy-Imovane-Zopiclone-7.5-mg.jpg","width":570,"height":340},{"@type":"BreadcrumbList","@id":"https:\/\/medicinasinc.com\/sk\/product\/kupit-imovane-zopiklon-7-5-mg\/#breadcrumb","itemListElement":[{"@type":"ListItem","position":1,"name":"Obchod","item":"https:\/\/medicinasinc.com\/sk\/obchod\/"},{"@type":"ListItem","position":2,"name":"K\u00fapi\u0165 Imovane Zopiclone 7,5 mg"}]},{"@type":"WebSite","@id":"https:\/\/medicinasinc.com\/sk\/#website","url":"https:\/\/medicinasinc.com\/sk\/","name":"Medicinas Inc","description":"Health Medical Clinic","potentialAction":[{"@type":"SearchAction","target":{"@type":"EntryPoint","urlTemplate":"https:\/\/medicinasinc.com\/sk\/?s={search_term_string}"},"query-input":{"@type":"PropertyValueSpecification","valueRequired":true,"valueName":"search_term_string"}}],"inLanguage":"en-US"}]}},"_links":{"self":[{"href":"https:\/\/medicinasinc.com\/sk\/wp-json\/wp\/v2\/product\/5208","targetHints":{"allow":["GET"]}}],"collection":[{"href":"https:\/\/medicinasinc.com\/sk\/wp-json\/wp\/v2\/product"}],"about":[{"href":"https:\/\/medicinasinc.com\/sk\/wp-json\/wp\/v2\/types\/product"}],"replies":[{"embeddable":true,"href":"https:\/\/medicinasinc.com\/sk\/wp-json\/wp\/v2\/comments?post=5208"}],"wp:featuredmedia":[{"embeddable":true,"href":"https:\/\/medicinasinc.com\/sk\/wp-json\/wp\/v2\/media\/5226"}],"wp:attachment":[{"href":"https:\/\/medicinasinc.com\/sk\/wp-json\/wp\/v2\/media?parent=5208"}],"wp:term":[{"taxonomy":"product_brand","embeddable":true,"href":"https:\/\/medicinasinc.com\/sk\/wp-json\/wp\/v2\/product_brand?post=5208"},{"taxonomy":"product_cat","embeddable":true,"href":"https:\/\/medicinasinc.com\/sk\/wp-json\/wp\/v2\/product_cat?post=5208"},{"taxonomy":"product_tag","embeddable":true,"href":"https:\/\/medicinasinc.com\/sk\/wp-json\/wp\/v2\/product_tag?post=5208"}],"curies":[{"name":"wp","href":"https:\/\/api.w.org\/{rel}","templated":true}]}}