{"id":5207,"date":"2022-02-20T21:57:05","date_gmt":"2022-02-20T21:57:05","guid":{"rendered":"https:\/\/medicinasinc.com\/sk\/?post_type=product&#038;p=5207"},"modified":"2022-03-22T01:05:19","modified_gmt":"2022-03-22T01:05:19","slug":"kupit-imitrex-sumatriptan-100-mg","status":"publish","type":"product","link":"https:\/\/medicinasinc.com\/sk\/product\/kupit-imitrex-sumatriptan-100-mg\/","title":{"rendered":"K\u00fapte si imitrex Sumatriptan 100 mg"},"content":{"rendered":"<div class=\"product-next-previous\">\n<div class=\"product-prev\">\n<p>K\u00fapi\u0165 Imitrex 100 mg tablety online Inform\u00e1cie o Imitrexe (zna\u010dka a generick\u00e9)<\/p>\n<p>Bestglobalmeds.com\u00a0moment\u00e1lne pred\u00e1va zna\u010dka Imitrex, be\u017ene zn\u00e1ma ako Imigran, vyr\u00e1ban\u00e1 spolo\u010dnos\u0165ami GSK v Turecku a Aspen v Austr\u00e1lii. Okrem toho nos\u00edme zna\u010dku GSK Imitrex z Kanady. Sumatriptan je be\u017ene dostupn\u00fd od Pharma Science v Kanade, Sun Pharma v Indii (Suminat) a Dexcel Pharma a Accord Pharma v Spojenom kr\u00e1\u013eovstve.<\/p>\n<p>D\u00e1vkovanie<\/p>\n<p>Imitrex sa dod\u00e1va v r\u00f4znych variantoch d\u00e1vkovacie formul\u00e1cie a \u00farovne. Imitrex a Sumatriptan s\u00fa dostupn\u00e9 v 50 mg a 100 mg tabletovej d\u00e1vkovej forme. Okrem toho poskytujeme generick\u00e9 tablety Imitrex 25 mg. Okrem toho je zna\u010dka Imitrex k dispoz\u00edcii ako balenia nosov\u00e9ho spreja s obsahom 20 mg, injek\u010dn\u00e9 liekovky 6 mg\/0,5 ml, \u0161tartovacie s\u00fapravy so statickou d\u00e1vkou a kazety so statickou d\u00e1vkou.<\/p>\n<p>Pou\u017eitie<\/p>\n<p>Imitrex (Sumatriptan) je liek pou\u017e\u00edvan\u00fd na lie\u010dbu migr\u00e9nov\u00fdch bolest\u00ed hlavy. Imitrex nezabra\u0148uje migr\u00e9nam ani nezni\u017euje ich frekvenciu. Pou\u017e\u00edva sa len na lie\u010dbu pr\u00edznakov migr\u00e9ny, ktor\u00e9 sa u\u017e za\u010dali. Pom\u00e1ha pri \u00fa\u013eave od bolesti hlavy, nepohodlia a in\u00fdch sympt\u00f3mov migr\u00e9ny, ako je nevo\u013enos\u0165, vracanie a citlivos\u0165 na svetlo alebo zvuky. Sumatript\u00e1n je \u010dlenom triedy tript\u00e1nov\u00fdch liekov. Tento liek \u00fa\u010dinkuje tak, \u017ee interferuje s prirodzene sa vyskytuj\u00facou chemickou l\u00e1tkou (seroton\u00ednom), ktor\u00e1 sp\u00f4sobuje z\u00fa\u017eenie krvn\u00fdch tepien mozgu. Okrem toho tlm\u00ed boles\u0165 ovplyv\u0148ovan\u00edm \u0161pecifick\u00fdch nervov v mozgu.<\/p>\n<p>D\u00f4sledky<\/p>\n<p>Okam\u017eite sa pora\u010fte so svoj\u00edm lek\u00e1rom, ak spozorujete niektor\u00fd z nasleduj\u00facich z\u00e1va\u017en\u00fdch ved\u013eaj\u0161\u00edch \u00fa\u010dinkov: hrudn\u00edk, \u010de\u013eus\u0165 alebo \u013eav\u00e1 strana boles\u0165 ramena; krvav\u00e1 hna\u010dka; mdloby; r\u00fdchly, nepravideln\u00fd, b\u00fa\u0161enie srdca; du\u0161evn\u00e9 probl\u00e9my \/ probl\u00e9my s n\u00e1ladou; siln\u00e1 boles\u0165 \u017eal\u00fadka \/ brucha; siln\u00e1 boles\u0165 na hrudn\u00edku; z\u00e1chvaty; nezrete\u013en\u00e1 re\u010d; vizu\u00e1lne zmeny. Nasleduj\u00fa niektor\u00e9 z naj\u010dastej\u0161\u00edch ne\u017eiaducich \u00fa\u010dinkov: \u2022 Z\u00e1vraty a ospalos\u0165; \u2022 mrav\u010denie\/necitlivos\u0165\/pichanie\/pocit tepla; \u2022 S\u010dervenanie.<br \/> \u2022 Zv\u00fd\u0161en\u00fd krvn\u00fd tlak \u2014 Pravidelne si kontrolujte krvn\u00fd tlak, aby ste zaistili bezpe\u010dnos\u0165;<br \/> \u2022 Vy\u010derpanie; \u2022 Slabos\u0165<\/p>\n<p>Kontraindik\u00e1cie a interakcie<\/p>\n<p>Imitrex by sa nemal pou\u017e\u00edva\u0165 na lie\u010dbu be\u017enej tenznej bolesti hlavy alebo takej, ktor\u00e1 vedie k strate pohybu na jednej strane tela. Imitrex sa nem\u00e1 pou\u017e\u00edva\u0165, ak ste alergick\u00fd na sumatript\u00e1n alebo ak m\u00e1te nasledovn\u00e9 stavy: \u2022 srdcov\u00fd infarkt alebo mozgov\u00e1 pr\u00edhoda v anamn\u00e9ze; \u2022 Ur\u010dit\u00e9 poruchy srdcov\u00e9ho rytmu; \u2022 Probl\u00e9my s krvn\u00fdm obehom, ktor\u00e9 ved\u00fa k nedostato\u010dn\u00e9mu z\u00e1sobovaniu tela krvou; \u2022 Probl\u00e9my so srdcom; \u2022 Ochorenie pe\u010dene alebo obli\u010diek; \u2022 Nekontrolovan\u00fd vysok\u00fd krvn\u00fd tlak;<\/p>\n<p>Imitrex sa nem\u00e1 u\u017e\u00edva\u0165 do 24 hod\u00edn po u\u017eit\u00ed inej lie\u010dby migr\u00e9novej bolesti hlavy. Informujte svojho lek\u00e1ra o v\u0161etk\u00fdch s\u00fa\u010dasn\u00fdch liekoch, ktor\u00e9 u\u017e\u00edvate, vr\u00e1tane liekov na predpis, vo\u013ene predajn\u00fdch a rastlinn\u00fdch liekov, vr\u00e1tane IMAO, selekt\u00edvnych inhib\u00edtorov sp\u00e4tn\u00e9ho vychyt\u00e1vania seroton\u00ednu a inhib\u00edtorov sp\u00e4tn\u00e9ho vychyt\u00e1vania norepinefr\u00ednu. Sumatriptan m\u00f4\u017ee sp\u00f4sobi\u0165 z\u00e1vraty alebo ospalos\u0165. Alkohol alebo marihuana m\u00f4\u017eu zv\u00fd\u0161i\u0165 va\u0161e z\u00e1vraty alebo ospalos\u0165. Vyhnite sa vedeniu vozidla, obsluhe strojov alebo vykon\u00e1vaniu akejko\u013evek inej \u010dinnosti, ktor\u00e1 si vy\u017eaduje pozornos\u0165. Alkoholick\u00e9 n\u00e1poje konzumujte s mierou. Nie je zn\u00e1me, \u017ee by Imitrex po\u0161kodzoval nenaroden\u00e9 die\u0165a. Ak ste tehotn\u00e1, pora\u010fte sa so svoj\u00edm lek\u00e1rom. Sumatript\u00e1n sa vylu\u010duje do matersk\u00e9ho mlieka a m\u00f4\u017ee sp\u00f4sobi\u0165 po\u0161kodenie doj\u010da\u0165a. Po u\u017eit\u00ed Imitrexu sa treba 12 hod\u00edn vyhn\u00fa\u0165 doj\u010deniu. Imitrex sa neodpor\u00fa\u010da pou\u017e\u00edva\u0165 osob\u00e1m mlad\u0161\u00edm ako 18 rokov.<\/p>\n<p>Ot\u00e1zky a odpovede<br \/> Pre\u010do je Imitrex v Kanade lacnej\u0161\u00ed ako v Spojen\u00fdch \u0161t\u00e1toch?<\/p>\n<p>Vo v\u0161eobecnosti , v\u0161etky ceny liekov, nielen Imitrex, s\u00fa rozumnej\u0161ie pri n\u00e1kupe z Kanady, ke\u010f\u017ee vl\u00e1da reguluje ceny zna\u010dkov\u00fdch aj generick\u00fdch liekov. Okrem toho od n\u00e1\u0161ho zalo\u017eenia v roku 2006 bolo na\u0161\u00edm cie\u013eom poskytova\u0165 bezpe\u010dn\u00e9 a lacn\u00e9 lieky \u013eu\u010fom v Spojen\u00fdch \u0161t\u00e1toch.<\/p>\n<p>Je n\u00e1kup Imitrexu vo va\u0161ej lek\u00e1rni bezpe\u010dn\u00fd?<\/p>\n<p>Na\u0161e produkty poch\u00e1dzaj\u00fa v\u00fdlu\u010dne zo zariaden\u00ed, ktor\u00e9 boli certifikovan\u00e9 org\u00e1ny v krajin\u00e1ch, z ktor\u00fdch sa dov\u00e1\u017eaj\u00fa. CanadaPharmacyOnline.com vyu\u017e\u00edva pr\u00edsny v\u00fdberov\u00fd postup pre na\u0161ich partnerov, aby sme zaistili, \u017ee vy, n\u00e1\u0161 z\u00e1kazn\u00edk, dostanete tie najbezpe\u010dnej\u0161ie mo\u017en\u00e9 lieky. Okrem toho sme certifikovan\u00e1 kanadsk\u00e1 lek\u00e1re\u0148, ktor\u00e1 je v s\u00falade so v\u0161etk\u00fdmi provin\u010dn\u00fdmi z\u00e1konmi.<\/p>\n<p>Ko\u013eko stoj\u00ed generick\u00fd Imitrex 100 mg vo va\u0161ej lek\u00e1rni?<\/p>\n<p>Generick\u00fd Imitrex 100 mg je dostupn\u00fd za \u010do najni\u017e\u0161iu cenu ako 28,99 USD za 12 tabliet, zatia\u013e \u010do 50 mg d\u00e1vka je dostupn\u00e1 u\u017e za 57,99 USD za 18 tabliet.<\/p>\n<p>Ko\u013eko stoj\u00ed jedna tableta?<\/p>\n<p>Imitrex 100 mg je dostupn\u00fd ako generick\u00fd vo forme za 2,27 USD za tabletu a vo forme zna\u010dky za 8,67 USD za tabletu v na\u0161ej lek\u00e1rni.<\/p>\n<p>Ko\u013eko stoj\u00ed po\u0161tovn\u00e9?<\/p>\n<p>Na\u0161a pau\u0161\u00e1lna cena za doru\u010denie je 10,00 USD za objedn\u00e1vku. Na\u0161a lek\u00e1re\u0148 sa zaviazala poskytova\u0165 v\u00e1m najni\u017e\u0161ie mo\u017en\u00e9 ceny vysokokvalitn\u00fdch polo\u017eiek.<\/p>\n<p>Ako m\u00f4\u017eem zada\u0165 objedn\u00e1vku vo va\u0161ej lek\u00e1rni?<\/p>\n<p>Objedna\u0165 si Imitrex u n\u00e1s je naozaj jednoduch\u00e9. . Objedn\u00e1vku m\u00f4\u017eete zada\u0165 online alebo telefonicky prostredn\u00edctvom z\u00e1kazn\u00edckeho servisu. Nav\u0161t\u00edvte na\u0161u str\u00e1nku Ako objedna\u0165, kde n\u00e1jdete \u010fal\u0161ie inform\u00e1cie alebo za\u010dnite proces objedn\u00e1vania.<\/p>\n<p>Je cena Imitrexu konkurencieschopn\u00e1?<\/p>\n<p>\u00c1no, sme hrd\u00ed na to, \u017ee poskytujeme jedny z najni\u017e\u0161\u00edch dostupn\u00fdch cien v kanadsk\u00fdch lek\u00e1r\u0148ach. V zriedkav\u00fdch situ\u00e1ci\u00e1ch m\u00f4\u017eeme by\u0165 schopn\u00ed vyrovna\u0165 sa alebo prekona\u0165 ceny na\u0161ich konkurentov. Obr\u00e1\u0165te sa na na\u0161u zdvoril\u00fa z\u00e1kazn\u00edcku podporu na \u010d\u00edsle 1866 920 3784.<\/p>\n<p>M\u00f4\u017eem si od v\u00e1s k\u00fapi\u0165 Imitrex cez prep\u00e1\u017eku?<\/p>\n<p>Nie, Imitrex je dostupn\u00fd len na platn\u00fd predpis od v\u00e1\u0161ho lek\u00e1ra. Bez platn\u00e9ho lek\u00e1rskeho predpisu tento produkt nepred\u00e1vame.<\/p>\n<p>Imitrex 50 mg vs. Imitrex 100 mg: Ak\u00fd je rozdiel?<\/p>\n<p>Rozdiel v d\u00e1vke odr\u00e1\u017ea mno\u017estvo \u00fa\u010dinnej l\u00e1tky (zlo\u017eiek) ) zahrnut\u00e9 v lieku.<\/p>\n<p>Mechanizmus \u00fa\u010dinku Imitrexu<\/p>\n<\/p><\/div><\/div>\n<div class=\"product-next-previous\">\n<div class=\"product-prev\"><\/div><\/div>\n","protected":false},"excerpt":{"rendered":"<div class=\"woocommerce-product-details__short-description\">\n<p>Tabletky Imitrex Sumatriptan 100 mg je mo\u017en\u00e9 zak\u00fapi\u0165 online. IMITREX je agonista 5-HT1B\/1D seroton\u00ednov\u00e9ho receptora (triptan) schv\u00e1len\u00fd na okam\u017eit\u00fa lie\u010dbu migr\u00e9n u dospel\u00fdch s aurou alebo bez aury.<\/p>\n<p>Sumatriptan je mo\u017en\u00e9 zak\u00fapi\u0165 online prostredn\u00edctvom na\u0161ej online lek\u00e1rne registrovanej v Spojenom kr\u00e1\u013eovstve.<\/p>\n<p> p&gt; <\/p>\n<p>Sumatriptan je liek na migr\u00e9nu s r\u00fdchlym n\u00e1stupom \u00fa\u010dinku. Zaru\u010den\u00e1 najni\u017e\u0161ia cena v Spojenom kr\u00e1\u013eovstve.<\/p>\n<p>Tablety na zmiernenie migr\u00e9ny sumatript\u00e1n mo\u017eno bezpe\u010dne a bezpe\u010dne zak\u00fapi\u0165 online v lek\u00e1rni v Spojenom kr\u00e1\u013eovstve.<\/p>\n<p>Sumatript\u00e1n je generick\u00e1 forma lieku Imigran, ktor\u00e1 je lacnej\u0161ia. <\/p>\n<p>K\u00fapte si Imitrex (Sumatriptan) so z\u013eavou v licencovanej najlep\u0161ej glob\u00e1lnej lek\u00e1rni na lieky&#8230;. 50 mg100 mg<\/p>\n<p>K\u00fapte si Imitrex online e\u0161te dnes v na\u0161ej kanadskej lek\u00e1rni!<\/p>\n<\/p><\/div>\n","protected":false},"featured_media":5224,"comment_status":"open","ping_status":"closed","template":"","meta":[],"product_brand":[],"product_cat":[1117],"product_tag":[1341,1342,1343,1344,1345,1346,1347,1361,1360,1339,1359,1353,1338,1340,1348,1349,1351,1350,1352,1354,1356,1357,1355,1358],"class_list":{"0":"post-5207","1":"product","2":"type-product","3":"status-publish","4":"has-post-thumbnail","6":"product_cat-kupte-si-tabletky-proti-bolesti-spanku-sexu","7":"product_tag-imitrex-nosov-sprej-sumatriptan","8":"product_tag-imitrex-sumatriptan","9":"product_tag-imitrex-sumatriptan-succinate","10":"product_tag-imitrex-vs-sumatriptan","11":"product_tag-injekcia-sumatriptan-imitrex","12":"product_tag-is-sumatriptan-imitrex","13":"product_tag-je-sumatriptan-rovnak-ako-imitrex","14":"product_tag-kde-kupit-sumatriptan-volnopredajne","15":"product_tag-kedy-sa-treba-vyvarova-sumatriptanu-imitrexu","16":"product_tag-kpi-sumatriptan-online-usa","17":"product_tag-na-o-sa-pouva-sumatriptan-100-mg","18":"product_tag-sumatriptan-imitrex-nplas","19":"product_tag-a-pacient-trpi-migrenou-bolesti-hlavy-co-je-ucinok-sumatriptanu-imitrexu","20":"product_tag-do-imitrex-generikum-sumatriptan","21":"product_tag-sumatriptan-imitrex-50-mg-tableta-cena","22":"product_tag-sumatriptan-100-mg-online","23":"product_tag-sumatriptn-50-mg","24":"product_tag-sumatriptan-50-mg-vonopredajn","25":"product_tag-sumatriptan-imitrex","26":"product_tag-sumatriptan-imitrex-treximet","27":"product_tag-sumatriptan-side-effects","28":"product_tag-sumatriptan-sukcint-imitrex","29":"product_tag-sumatriptan-volnopredajne-usa","30":"product_tag-sumatriptan-vs-imitrex","32":"first","33":"instock","34":"shipping-taxable","35":"purchasable","36":"product-type-variable","37":"has-default-attributes"},"yoast_head":"<!-- This site is optimized with the Yoast SEO plugin v27.3 - https:\/\/yoast.com\/product\/yoast-seo-wordpress\/ -->\n<title>K\u00fapte si imitrex Sumatriptan 100 mg - Najlep\u0161ie glob\u00e1lne lieky<\/title>\n<meta name=\"description\" content=\"K\u00fapte si imitrex Sumatriptan 100 mg tablety na \u00fa\u013eavu od migr\u00e9ny bezpe\u010dne a bezpe\u010dne v online lek\u00e1rni v Spojenom kr\u00e1\u013eovstve. Sumatriptan\u00a0je v\u0161eobecn\u00e1, lacnej\u0161ia verzia lieku Imigran.\" \/>\n<meta name=\"robots\" content=\"index, follow, max-snippet:-1, max-image-preview:large, max-video-preview:-1\" \/>\n<link rel=\"canonical\" href=\"https:\/\/medicinasinc.com\/sk\/product\/kupit-imitrex-sumatriptan-100-mg\/\" \/>\n<meta property=\"og:locale\" content=\"en_US\" \/>\n<meta property=\"og:type\" content=\"article\" \/>\n<meta property=\"og:title\" content=\"K\u00fapte si imitrex Sumatriptan 100 mg - Najlep\u0161ie glob\u00e1lne lieky\" \/>\n<meta property=\"og:description\" content=\"K\u00fapte si imitrex Sumatriptan 100 mg tablety na \u00fa\u013eavu od migr\u00e9ny bezpe\u010dne a bezpe\u010dne v online lek\u00e1rni v Spojenom kr\u00e1\u013eovstve. Sumatriptan\u00a0je v\u0161eobecn\u00e1, lacnej\u0161ia verzia lieku Imigran.\" \/>\n<meta property=\"og:url\" content=\"https:\/\/medicinasinc.com\/sk\/product\/kupit-imitrex-sumatriptan-100-mg\/\" \/>\n<meta property=\"og:site_name\" content=\"Medicinas Inc\" \/>\n<meta property=\"article:modified_time\" content=\"2022-03-22T01:05:19+00:00\" \/>\n<meta property=\"og:image\" content=\"https:\/\/medicinasinc.com\/sk\/wp-content\/uploads\/sites\/10\/2022\/02\/Buy-imitrex-Sumatriptan-100-mg.jpg\" \/>\n\t<meta property=\"og:image:width\" content=\"846\" \/>\n\t<meta property=\"og:image:height\" content=\"600\" \/>\n\t<meta property=\"og:image:type\" content=\"image\/jpeg\" \/>\n<meta name=\"twitter:card\" content=\"summary_large_image\" \/>\n<meta name=\"twitter:label1\" content=\"Est. reading time\" \/>\n\t<meta name=\"twitter:data1\" content=\"4 minutes\" \/>\n<script type=\"application\/ld+json\" class=\"yoast-schema-graph\">{\"@context\":\"https:\\\/\\\/schema.org\",\"@graph\":[{\"@type\":\"WebPage\",\"@id\":\"https:\\\/\\\/medicinasinc.com\\\/sk\\\/product\\\/kupit-imitrex-sumatriptan-100-mg\\\/\",\"url\":\"https:\\\/\\\/medicinasinc.com\\\/sk\\\/product\\\/kupit-imitrex-sumatriptan-100-mg\\\/\",\"name\":\"K\u00fapte si imitrex Sumatriptan 100 mg - Najlep\u0161ie glob\u00e1lne lieky\",\"isPartOf\":{\"@id\":\"https:\\\/\\\/medicinasinc.com\\\/sk\\\/#website\"},\"primaryImageOfPage\":{\"@id\":\"https:\\\/\\\/medicinasinc.com\\\/sk\\\/product\\\/kupit-imitrex-sumatriptan-100-mg\\\/#primaryimage\"},\"image\":{\"@id\":\"https:\\\/\\\/medicinasinc.com\\\/sk\\\/product\\\/kupit-imitrex-sumatriptan-100-mg\\\/#primaryimage\"},\"thumbnailUrl\":\"https:\\\/\\\/medicinasinc.com\\\/sk\\\/wp-content\\\/uploads\\\/sites\\\/10\\\/2022\\\/02\\\/Buy-imitrex-Sumatriptan-100-mg.jpg\",\"datePublished\":\"2022-02-20T21:57:05+00:00\",\"dateModified\":\"2022-03-22T01:05:19+00:00\",\"description\":\"K\u00fapte si imitrex Sumatriptan 100 mg tablety na \u00fa\u013eavu od migr\u00e9ny bezpe\u010dne a bezpe\u010dne v online lek\u00e1rni v Spojenom kr\u00e1\u013eovstve. Sumatriptan\u00a0je v\u0161eobecn\u00e1, lacnej\u0161ia verzia lieku Imigran.\",\"breadcrumb\":{\"@id\":\"https:\\\/\\\/medicinasinc.com\\\/sk\\\/product\\\/kupit-imitrex-sumatriptan-100-mg\\\/#breadcrumb\"},\"inLanguage\":\"en-US\",\"potentialAction\":[{\"@type\":\"ReadAction\",\"target\":[\"https:\\\/\\\/medicinasinc.com\\\/sk\\\/product\\\/kupit-imitrex-sumatriptan-100-mg\\\/\"]}]},{\"@type\":\"ImageObject\",\"inLanguage\":\"en-US\",\"@id\":\"https:\\\/\\\/medicinasinc.com\\\/sk\\\/product\\\/kupit-imitrex-sumatriptan-100-mg\\\/#primaryimage\",\"url\":\"https:\\\/\\\/medicinasinc.com\\\/sk\\\/wp-content\\\/uploads\\\/sites\\\/10\\\/2022\\\/02\\\/Buy-imitrex-Sumatriptan-100-mg.jpg\",\"contentUrl\":\"https:\\\/\\\/medicinasinc.com\\\/sk\\\/wp-content\\\/uploads\\\/sites\\\/10\\\/2022\\\/02\\\/Buy-imitrex-Sumatriptan-100-mg.jpg\",\"width\":846,\"height\":600},{\"@type\":\"BreadcrumbList\",\"@id\":\"https:\\\/\\\/medicinasinc.com\\\/sk\\\/product\\\/kupit-imitrex-sumatriptan-100-mg\\\/#breadcrumb\",\"itemListElement\":[{\"@type\":\"ListItem\",\"position\":1,\"name\":\"Obchod\",\"item\":\"https:\\\/\\\/medicinasinc.com\\\/sk\\\/obchod\\\/\"},{\"@type\":\"ListItem\",\"position\":2,\"name\":\"K\u00fapte si imitrex Sumatriptan 100 mg\"}]},{\"@type\":\"WebSite\",\"@id\":\"https:\\\/\\\/medicinasinc.com\\\/sk\\\/#website\",\"url\":\"https:\\\/\\\/medicinasinc.com\\\/sk\\\/\",\"name\":\"Medicinas Inc\",\"description\":\"Health Medical Clinic\",\"potentialAction\":[{\"@type\":\"SearchAction\",\"target\":{\"@type\":\"EntryPoint\",\"urlTemplate\":\"https:\\\/\\\/medicinasinc.com\\\/sk\\\/?s={search_term_string}\"},\"query-input\":{\"@type\":\"PropertyValueSpecification\",\"valueRequired\":true,\"valueName\":\"search_term_string\"}}],\"inLanguage\":\"en-US\"}]}<\/script>\n<!-- \/ Yoast SEO plugin. -->","yoast_head_json":{"title":"K\u00fapte si imitrex Sumatriptan 100 mg - Najlep\u0161ie glob\u00e1lne lieky","description":"K\u00fapte si imitrex Sumatriptan 100 mg tablety na \u00fa\u013eavu od migr\u00e9ny bezpe\u010dne a bezpe\u010dne v online lek\u00e1rni v Spojenom kr\u00e1\u013eovstve. Sumatriptan\u00a0je v\u0161eobecn\u00e1, lacnej\u0161ia verzia lieku Imigran.","robots":{"index":"index","follow":"follow","max-snippet":"max-snippet:-1","max-image-preview":"max-image-preview:large","max-video-preview":"max-video-preview:-1"},"canonical":"https:\/\/medicinasinc.com\/sk\/product\/kupit-imitrex-sumatriptan-100-mg\/","og_locale":"en_US","og_type":"article","og_title":"K\u00fapte si imitrex Sumatriptan 100 mg - Najlep\u0161ie glob\u00e1lne lieky","og_description":"K\u00fapte si imitrex Sumatriptan 100 mg tablety na \u00fa\u013eavu od migr\u00e9ny bezpe\u010dne a bezpe\u010dne v online lek\u00e1rni v Spojenom kr\u00e1\u013eovstve. Sumatriptan\u00a0je v\u0161eobecn\u00e1, lacnej\u0161ia verzia lieku Imigran.","og_url":"https:\/\/medicinasinc.com\/sk\/product\/kupit-imitrex-sumatriptan-100-mg\/","og_site_name":"Medicinas Inc","article_modified_time":"2022-03-22T01:05:19+00:00","og_image":[{"width":846,"height":600,"url":"https:\/\/medicinasinc.com\/sk\/wp-content\/uploads\/sites\/10\/2022\/02\/Buy-imitrex-Sumatriptan-100-mg.jpg","type":"image\/jpeg"}],"twitter_card":"summary_large_image","twitter_misc":{"Est. reading time":"4 minutes"},"schema":{"@context":"https:\/\/schema.org","@graph":[{"@type":"WebPage","@id":"https:\/\/medicinasinc.com\/sk\/product\/kupit-imitrex-sumatriptan-100-mg\/","url":"https:\/\/medicinasinc.com\/sk\/product\/kupit-imitrex-sumatriptan-100-mg\/","name":"K\u00fapte si imitrex Sumatriptan 100 mg - Najlep\u0161ie glob\u00e1lne lieky","isPartOf":{"@id":"https:\/\/medicinasinc.com\/sk\/#website"},"primaryImageOfPage":{"@id":"https:\/\/medicinasinc.com\/sk\/product\/kupit-imitrex-sumatriptan-100-mg\/#primaryimage"},"image":{"@id":"https:\/\/medicinasinc.com\/sk\/product\/kupit-imitrex-sumatriptan-100-mg\/#primaryimage"},"thumbnailUrl":"https:\/\/medicinasinc.com\/sk\/wp-content\/uploads\/sites\/10\/2022\/02\/Buy-imitrex-Sumatriptan-100-mg.jpg","datePublished":"2022-02-20T21:57:05+00:00","dateModified":"2022-03-22T01:05:19+00:00","description":"K\u00fapte si imitrex Sumatriptan 100 mg tablety na \u00fa\u013eavu od migr\u00e9ny bezpe\u010dne a bezpe\u010dne v online lek\u00e1rni v Spojenom kr\u00e1\u013eovstve. Sumatriptan\u00a0je v\u0161eobecn\u00e1, lacnej\u0161ia verzia lieku Imigran.","breadcrumb":{"@id":"https:\/\/medicinasinc.com\/sk\/product\/kupit-imitrex-sumatriptan-100-mg\/#breadcrumb"},"inLanguage":"en-US","potentialAction":[{"@type":"ReadAction","target":["https:\/\/medicinasinc.com\/sk\/product\/kupit-imitrex-sumatriptan-100-mg\/"]}]},{"@type":"ImageObject","inLanguage":"en-US","@id":"https:\/\/medicinasinc.com\/sk\/product\/kupit-imitrex-sumatriptan-100-mg\/#primaryimage","url":"https:\/\/medicinasinc.com\/sk\/wp-content\/uploads\/sites\/10\/2022\/02\/Buy-imitrex-Sumatriptan-100-mg.jpg","contentUrl":"https:\/\/medicinasinc.com\/sk\/wp-content\/uploads\/sites\/10\/2022\/02\/Buy-imitrex-Sumatriptan-100-mg.jpg","width":846,"height":600},{"@type":"BreadcrumbList","@id":"https:\/\/medicinasinc.com\/sk\/product\/kupit-imitrex-sumatriptan-100-mg\/#breadcrumb","itemListElement":[{"@type":"ListItem","position":1,"name":"Obchod","item":"https:\/\/medicinasinc.com\/sk\/obchod\/"},{"@type":"ListItem","position":2,"name":"K\u00fapte si imitrex Sumatriptan 100 mg"}]},{"@type":"WebSite","@id":"https:\/\/medicinasinc.com\/sk\/#website","url":"https:\/\/medicinasinc.com\/sk\/","name":"Medicinas Inc","description":"Health Medical Clinic","potentialAction":[{"@type":"SearchAction","target":{"@type":"EntryPoint","urlTemplate":"https:\/\/medicinasinc.com\/sk\/?s={search_term_string}"},"query-input":{"@type":"PropertyValueSpecification","valueRequired":true,"valueName":"search_term_string"}}],"inLanguage":"en-US"}]}},"_links":{"self":[{"href":"https:\/\/medicinasinc.com\/sk\/wp-json\/wp\/v2\/product\/5207","targetHints":{"allow":["GET"]}}],"collection":[{"href":"https:\/\/medicinasinc.com\/sk\/wp-json\/wp\/v2\/product"}],"about":[{"href":"https:\/\/medicinasinc.com\/sk\/wp-json\/wp\/v2\/types\/product"}],"replies":[{"embeddable":true,"href":"https:\/\/medicinasinc.com\/sk\/wp-json\/wp\/v2\/comments?post=5207"}],"wp:featuredmedia":[{"embeddable":true,"href":"https:\/\/medicinasinc.com\/sk\/wp-json\/wp\/v2\/media\/5224"}],"wp:attachment":[{"href":"https:\/\/medicinasinc.com\/sk\/wp-json\/wp\/v2\/media?parent=5207"}],"wp:term":[{"taxonomy":"product_brand","embeddable":true,"href":"https:\/\/medicinasinc.com\/sk\/wp-json\/wp\/v2\/product_brand?post=5207"},{"taxonomy":"product_cat","embeddable":true,"href":"https:\/\/medicinasinc.com\/sk\/wp-json\/wp\/v2\/product_cat?post=5207"},{"taxonomy":"product_tag","embeddable":true,"href":"https:\/\/medicinasinc.com\/sk\/wp-json\/wp\/v2\/product_tag?post=5207"}],"curies":[{"name":"wp","href":"https:\/\/api.w.org\/{rel}","templated":true}]}}