{"id":5206,"date":"2022-02-20T21:56:11","date_gmt":"2022-02-20T21:56:11","guid":{"rendered":"https:\/\/medicinasinc.com\/sk\/?post_type=product&#038;p=5206"},"modified":"2022-03-22T01:05:28","modified_gmt":"2022-03-22T01:05:28","slug":"buy-hynidate-10-mg","status":"publish","type":"product","link":"https:\/\/medicinasinc.com\/sk\/product\/buy-hynidate-10-mg\/","title":{"rendered":"K\u00fapi\u0165 Hynidate 10 mg"},"content":{"rendered":"<p>Hynidate 10 mg tabletky je mo\u017en\u00e9 zak\u00fapi\u0165 online.<\/p>\n<p>Na\u0161a webov\u00e1 str\u00e1nka v\u00e1m umo\u017e\u0148uje k\u00fapi\u0165 si Hynidate 10 mg tabletky online. Poskytujeme r\u00f4zne lie\u010dby na lie\u010dbu depresie, vr\u00e1tane Adderall a in\u00fdch liekov. Vyu\u017eite skvel\u00e9 ve\u013ekoobchodn\u00e9 ceny na v\u0161etky objedn\u00e1vky. Nav\u0161t\u00edvte na\u0161u predaj\u0148u a pozrite si \u010fal\u0161\u00ed tovar.<\/p>\n","protected":false},"excerpt":{"rendered":"<div class=\"woocommerce-product-details__short-description\">\n<p>K\u00fapte si 10 mg tablety Hynidate online. Hynidate je mo\u017en\u00e9 k\u00fapi\u0165 online bez lek\u00e1rskeho predpisu za z\u013eavnen\u00fa cenu a\u017e 80 % v porovnan\u00ed s cenou v Spojen\u00fdch \u0161t\u00e1toch, kde sa pred\u00e1va.<\/p>\n<p>Hynidate 10 mg tablety na predaj na internete.<\/p>\n<p>Attention Deficit Hyperactivity Disorder (ADHD) sa lie\u010di drogou hynidate (porucha spr\u00e1vania)<\/p>\n<\/p><\/div>\n","protected":false},"featured_media":5222,"comment_status":"open","ping_status":"closed","template":"","meta":[],"product_brand":[],"product_cat":[1117],"product_tag":[],"class_list":{"0":"post-5206","1":"product","2":"type-product","3":"status-publish","4":"has-post-thumbnail","6":"product_cat-kupte-si-tabletky-proti-bolesti-spanku-sexu","8":"first","9":"instock","10":"shipping-taxable","11":"purchasable","12":"product-type-variable","13":"has-default-attributes"},"yoast_head":"<!-- This site is optimized with the Yoast SEO plugin v27.3 - https:\/\/yoast.com\/product\/yoast-seo-wordpress\/ -->\n<title>K\u00fapi\u0165 Hynidate 10 mg \u2013 najlep\u0161ie najlep\u0161ie glob\u00e1lne lieky<\/title>\n<meta name=\"description\" content=\"K\u00fapte si online tabletky Hynidate 10 mg na predaj. K\u00fapte si Hynidate online (metylfenid\u00e1t hydrochlorid USA) 10 mg bez lek\u00e1rskeho predpisu za 80 % ni\u017e\u0161iu cenu ako v americk\u00fdch lek\u00e1r\u0148ach.\" \/>\n<meta name=\"robots\" content=\"index, follow, max-snippet:-1, max-image-preview:large, max-video-preview:-1\" \/>\n<link rel=\"canonical\" href=\"https:\/\/medicinasinc.com\/sk\/product\/buy-hynidate-10-mg\/\" \/>\n<meta property=\"og:locale\" content=\"en_US\" \/>\n<meta property=\"og:type\" content=\"article\" \/>\n<meta property=\"og:title\" content=\"K\u00fapi\u0165 Hynidate 10 mg \u2013 najlep\u0161ie najlep\u0161ie glob\u00e1lne lieky\" \/>\n<meta property=\"og:description\" content=\"K\u00fapte si online tabletky Hynidate 10 mg na predaj. K\u00fapte si Hynidate online (metylfenid\u00e1t hydrochlorid USA) 10 mg bez lek\u00e1rskeho predpisu za 80 % ni\u017e\u0161iu cenu ako v americk\u00fdch lek\u00e1r\u0148ach.\" \/>\n<meta property=\"og:url\" content=\"https:\/\/medicinasinc.com\/sk\/product\/buy-hynidate-10-mg\/\" \/>\n<meta property=\"og:site_name\" content=\"Medicinas Inc\" \/>\n<meta property=\"article:modified_time\" content=\"2022-03-22T01:05:28+00:00\" \/>\n<meta property=\"og:image\" content=\"https:\/\/medicinasinc.com\/sk\/wp-content\/uploads\/sites\/10\/2022\/02\/Buy-Hynidate-10-mg.jpg\" \/>\n\t<meta property=\"og:image:width\" content=\"750\" \/>\n\t<meta property=\"og:image:height\" content=\"609\" \/>\n\t<meta property=\"og:image:type\" content=\"image\/jpeg\" \/>\n<meta name=\"twitter:card\" content=\"summary_large_image\" \/>\n<meta name=\"twitter:label1\" content=\"Est. reading time\" \/>\n\t<meta name=\"twitter:data1\" content=\"1 minute\" \/>\n<script type=\"application\/ld+json\" class=\"yoast-schema-graph\">{\"@context\":\"https:\\\/\\\/schema.org\",\"@graph\":[{\"@type\":\"WebPage\",\"@id\":\"https:\\\/\\\/medicinasinc.com\\\/sk\\\/product\\\/buy-hynidate-10-mg\\\/\",\"url\":\"https:\\\/\\\/medicinasinc.com\\\/sk\\\/product\\\/buy-hynidate-10-mg\\\/\",\"name\":\"K\u00fapi\u0165 Hynidate 10 mg \u2013 najlep\u0161ie najlep\u0161ie glob\u00e1lne lieky\",\"isPartOf\":{\"@id\":\"https:\\\/\\\/medicinasinc.com\\\/sk\\\/#website\"},\"primaryImageOfPage\":{\"@id\":\"https:\\\/\\\/medicinasinc.com\\\/sk\\\/product\\\/buy-hynidate-10-mg\\\/#primaryimage\"},\"image\":{\"@id\":\"https:\\\/\\\/medicinasinc.com\\\/sk\\\/product\\\/buy-hynidate-10-mg\\\/#primaryimage\"},\"thumbnailUrl\":\"https:\\\/\\\/medicinasinc.com\\\/sk\\\/wp-content\\\/uploads\\\/sites\\\/10\\\/2022\\\/02\\\/Buy-Hynidate-10-mg.jpg\",\"datePublished\":\"2022-02-20T21:56:11+00:00\",\"dateModified\":\"2022-03-22T01:05:28+00:00\",\"description\":\"K\u00fapte si online tabletky Hynidate 10 mg na predaj. K\u00fapte si Hynidate online (metylfenid\u00e1t hydrochlorid USA) 10 mg bez lek\u00e1rskeho predpisu za 80 % ni\u017e\u0161iu cenu ako v americk\u00fdch lek\u00e1r\u0148ach.\",\"breadcrumb\":{\"@id\":\"https:\\\/\\\/medicinasinc.com\\\/sk\\\/product\\\/buy-hynidate-10-mg\\\/#breadcrumb\"},\"inLanguage\":\"en-US\",\"potentialAction\":[{\"@type\":\"ReadAction\",\"target\":[\"https:\\\/\\\/medicinasinc.com\\\/sk\\\/product\\\/buy-hynidate-10-mg\\\/\"]}]},{\"@type\":\"ImageObject\",\"inLanguage\":\"en-US\",\"@id\":\"https:\\\/\\\/medicinasinc.com\\\/sk\\\/product\\\/buy-hynidate-10-mg\\\/#primaryimage\",\"url\":\"https:\\\/\\\/medicinasinc.com\\\/sk\\\/wp-content\\\/uploads\\\/sites\\\/10\\\/2022\\\/02\\\/Buy-Hynidate-10-mg.jpg\",\"contentUrl\":\"https:\\\/\\\/medicinasinc.com\\\/sk\\\/wp-content\\\/uploads\\\/sites\\\/10\\\/2022\\\/02\\\/Buy-Hynidate-10-mg.jpg\",\"width\":750,\"height\":609},{\"@type\":\"BreadcrumbList\",\"@id\":\"https:\\\/\\\/medicinasinc.com\\\/sk\\\/product\\\/buy-hynidate-10-mg\\\/#breadcrumb\",\"itemListElement\":[{\"@type\":\"ListItem\",\"position\":1,\"name\":\"Obchod\",\"item\":\"https:\\\/\\\/medicinasinc.com\\\/sk\\\/obchod\\\/\"},{\"@type\":\"ListItem\",\"position\":2,\"name\":\"K\u00fapi\u0165 Hynidate 10 mg\"}]},{\"@type\":\"WebSite\",\"@id\":\"https:\\\/\\\/medicinasinc.com\\\/sk\\\/#website\",\"url\":\"https:\\\/\\\/medicinasinc.com\\\/sk\\\/\",\"name\":\"Medicinas Inc\",\"description\":\"Health Medical Clinic\",\"potentialAction\":[{\"@type\":\"SearchAction\",\"target\":{\"@type\":\"EntryPoint\",\"urlTemplate\":\"https:\\\/\\\/medicinasinc.com\\\/sk\\\/?s={search_term_string}\"},\"query-input\":{\"@type\":\"PropertyValueSpecification\",\"valueRequired\":true,\"valueName\":\"search_term_string\"}}],\"inLanguage\":\"en-US\"}]}<\/script>\n<!-- \/ Yoast SEO plugin. -->","yoast_head_json":{"title":"K\u00fapi\u0165 Hynidate 10 mg \u2013 najlep\u0161ie najlep\u0161ie glob\u00e1lne lieky","description":"K\u00fapte si online tabletky Hynidate 10 mg na predaj. K\u00fapte si Hynidate online (metylfenid\u00e1t hydrochlorid USA) 10 mg bez lek\u00e1rskeho predpisu za 80 % ni\u017e\u0161iu cenu ako v americk\u00fdch lek\u00e1r\u0148ach.","robots":{"index":"index","follow":"follow","max-snippet":"max-snippet:-1","max-image-preview":"max-image-preview:large","max-video-preview":"max-video-preview:-1"},"canonical":"https:\/\/medicinasinc.com\/sk\/product\/buy-hynidate-10-mg\/","og_locale":"en_US","og_type":"article","og_title":"K\u00fapi\u0165 Hynidate 10 mg \u2013 najlep\u0161ie najlep\u0161ie glob\u00e1lne lieky","og_description":"K\u00fapte si online tabletky Hynidate 10 mg na predaj. K\u00fapte si Hynidate online (metylfenid\u00e1t hydrochlorid USA) 10 mg bez lek\u00e1rskeho predpisu za 80 % ni\u017e\u0161iu cenu ako v americk\u00fdch lek\u00e1r\u0148ach.","og_url":"https:\/\/medicinasinc.com\/sk\/product\/buy-hynidate-10-mg\/","og_site_name":"Medicinas Inc","article_modified_time":"2022-03-22T01:05:28+00:00","og_image":[{"width":750,"height":609,"url":"https:\/\/medicinasinc.com\/sk\/wp-content\/uploads\/sites\/10\/2022\/02\/Buy-Hynidate-10-mg.jpg","type":"image\/jpeg"}],"twitter_card":"summary_large_image","twitter_misc":{"Est. reading time":"1 minute"},"schema":{"@context":"https:\/\/schema.org","@graph":[{"@type":"WebPage","@id":"https:\/\/medicinasinc.com\/sk\/product\/buy-hynidate-10-mg\/","url":"https:\/\/medicinasinc.com\/sk\/product\/buy-hynidate-10-mg\/","name":"K\u00fapi\u0165 Hynidate 10 mg \u2013 najlep\u0161ie najlep\u0161ie glob\u00e1lne lieky","isPartOf":{"@id":"https:\/\/medicinasinc.com\/sk\/#website"},"primaryImageOfPage":{"@id":"https:\/\/medicinasinc.com\/sk\/product\/buy-hynidate-10-mg\/#primaryimage"},"image":{"@id":"https:\/\/medicinasinc.com\/sk\/product\/buy-hynidate-10-mg\/#primaryimage"},"thumbnailUrl":"https:\/\/medicinasinc.com\/sk\/wp-content\/uploads\/sites\/10\/2022\/02\/Buy-Hynidate-10-mg.jpg","datePublished":"2022-02-20T21:56:11+00:00","dateModified":"2022-03-22T01:05:28+00:00","description":"K\u00fapte si online tabletky Hynidate 10 mg na predaj. K\u00fapte si Hynidate online (metylfenid\u00e1t hydrochlorid USA) 10 mg bez lek\u00e1rskeho predpisu za 80 % ni\u017e\u0161iu cenu ako v americk\u00fdch lek\u00e1r\u0148ach.","breadcrumb":{"@id":"https:\/\/medicinasinc.com\/sk\/product\/buy-hynidate-10-mg\/#breadcrumb"},"inLanguage":"en-US","potentialAction":[{"@type":"ReadAction","target":["https:\/\/medicinasinc.com\/sk\/product\/buy-hynidate-10-mg\/"]}]},{"@type":"ImageObject","inLanguage":"en-US","@id":"https:\/\/medicinasinc.com\/sk\/product\/buy-hynidate-10-mg\/#primaryimage","url":"https:\/\/medicinasinc.com\/sk\/wp-content\/uploads\/sites\/10\/2022\/02\/Buy-Hynidate-10-mg.jpg","contentUrl":"https:\/\/medicinasinc.com\/sk\/wp-content\/uploads\/sites\/10\/2022\/02\/Buy-Hynidate-10-mg.jpg","width":750,"height":609},{"@type":"BreadcrumbList","@id":"https:\/\/medicinasinc.com\/sk\/product\/buy-hynidate-10-mg\/#breadcrumb","itemListElement":[{"@type":"ListItem","position":1,"name":"Obchod","item":"https:\/\/medicinasinc.com\/sk\/obchod\/"},{"@type":"ListItem","position":2,"name":"K\u00fapi\u0165 Hynidate 10 mg"}]},{"@type":"WebSite","@id":"https:\/\/medicinasinc.com\/sk\/#website","url":"https:\/\/medicinasinc.com\/sk\/","name":"Medicinas Inc","description":"Health Medical Clinic","potentialAction":[{"@type":"SearchAction","target":{"@type":"EntryPoint","urlTemplate":"https:\/\/medicinasinc.com\/sk\/?s={search_term_string}"},"query-input":{"@type":"PropertyValueSpecification","valueRequired":true,"valueName":"search_term_string"}}],"inLanguage":"en-US"}]}},"_links":{"self":[{"href":"https:\/\/medicinasinc.com\/sk\/wp-json\/wp\/v2\/product\/5206","targetHints":{"allow":["GET"]}}],"collection":[{"href":"https:\/\/medicinasinc.com\/sk\/wp-json\/wp\/v2\/product"}],"about":[{"href":"https:\/\/medicinasinc.com\/sk\/wp-json\/wp\/v2\/types\/product"}],"replies":[{"embeddable":true,"href":"https:\/\/medicinasinc.com\/sk\/wp-json\/wp\/v2\/comments?post=5206"}],"wp:featuredmedia":[{"embeddable":true,"href":"https:\/\/medicinasinc.com\/sk\/wp-json\/wp\/v2\/media\/5222"}],"wp:attachment":[{"href":"https:\/\/medicinasinc.com\/sk\/wp-json\/wp\/v2\/media?parent=5206"}],"wp:term":[{"taxonomy":"product_brand","embeddable":true,"href":"https:\/\/medicinasinc.com\/sk\/wp-json\/wp\/v2\/product_brand?post=5206"},{"taxonomy":"product_cat","embeddable":true,"href":"https:\/\/medicinasinc.com\/sk\/wp-json\/wp\/v2\/product_cat?post=5206"},{"taxonomy":"product_tag","embeddable":true,"href":"https:\/\/medicinasinc.com\/sk\/wp-json\/wp\/v2\/product_tag?post=5206"}],"curies":[{"name":"wp","href":"https:\/\/api.w.org\/{rel}","templated":true}]}}