{"id":5184,"date":"2022-02-20T21:36:32","date_gmt":"2022-02-20T21:36:32","guid":{"rendered":"https:\/\/medicinasinc.com\/sk\/?post_type=product&#038;p=5184"},"modified":"2022-03-22T01:05:38","modified_gmt":"2022-03-22T01:05:38","slug":"kupit-hydrokodon-10-325mg","status":"publish","type":"product","link":"https:\/\/medicinasinc.com\/sk\/product\/kupit-hydrokodon-10-325mg\/","title":{"rendered":"K\u00fapi\u0165 Hydrocodone 10\/325 mg"},"content":{"rendered":"<p>Kde k\u00fapi\u0165\u00a0Hydrocodone 10\/325 mg?<\/p>\n<p>Preto\u017ee Hydrocodone je siln\u00fd liek proti bolesti, m\u00f4\u017eete ho z\u00edska\u0165 online bez lek\u00e1rskeho predpisu. \u00f3piov\u00fd mak produkuje kode\u00edn, ktor\u00fd sa pou\u017e\u00edva na v\u00fdrobu tejto drogy. Ke\u010f sa hydrokod\u00f3n vyr\u00e1ba z kode\u00ednu, \u00fa\u010dinky na zmiernenie bolesti s\u00fa silnej\u0161ie a trvaj\u00fa dlh\u0161ie. V d\u00f4sledku toho lek\u00e1ri \u010dasto predpisuj\u00fa hydrokod\u00f3n namiesto kode\u00ednu na lie\u010dbu silnej bolesti.<\/p>\n<p>V mozgu hydrokod\u00f3n men\u00ed chemick\u00fa rovnov\u00e1hu, blokuje \u010dinnos\u0165 receptorov bolesti, a tak zbavuje u\u017e\u00edvate\u013ea ak\u00e9hoko\u013evek vn\u00edmania bolesti. <\/p>\n<p>Pre ak\u00fatnu a chronick\u00fa povahu bolesti pri zlomenin\u00e1ch je hydrokod\u00f3n jednou z najlep\u0161\u00edch mo\u017enost\u00ed na jej lie\u010dbu. Ke\u010f \u013eudia nem\u00f4\u017eu v noci kv\u00f4li bolesti spa\u0165, hydrokod\u00f3n im m\u00f4\u017ee pom\u00f4c\u0165 uvo\u013eni\u0165 sa a umo\u017eni\u0165 im na p\u00e1r hod\u00edn si odd\u00fdchnu\u0165.<\/p>\n<p>Hydrokod\u00f3n by mali u\u017e\u00edva\u0165 len t\u00ed, ktor\u00ed poci\u0165uj\u00fa boles\u0165 ako v d\u00f4sledku zlomen\u00edn kost\u00ed, pod\u013ea lek\u00e1rskeho posudku. T\u00ed, ktor\u00ed maj\u00fa in\u00e9 typy bolesti, ako s\u00fa k\u0155\u010de, vredy alebo stehy z chirurgick\u00e9ho z\u00e1kroku, to m\u00f4\u017eu st\u00e1le zn\u00e1\u0161a\u0165. Hydrokod\u00f3n je jedn\u00fdm z naj\u00fa\u010dinnej\u0161\u00edch liekov proti bolesti v ktorejko\u013evek z t\u00fdchto situ\u00e1ci\u00ed.<\/p>\n<p>D\u00e1vky hydrokod\u00f3nu sa musia starostlivo sledova\u0165. Tento liek m\u00f4\u017ee ma\u0165 v\u00e1\u017ene ved\u013eaj\u0161ie \u00fa\u010dinky, ak sa pou\u017eije v nespr\u00e1vnom mno\u017estve. Z\u00e1vislos\u0165 od tohto lieku je \u010dast\u00fdm ved\u013eaj\u0161\u00edm \u00fa\u010dinkom nespr\u00e1vneho d\u00e1vkovania. Vzh\u013eadom na ve\u013ek\u00fd potenci\u00e1l zneu\u017e\u00edvania a z\u00e1vislosti by sa hydrokod\u00f3n mal pou\u017e\u00edva\u0165 s mierou a zriedkavo. Hydrokod\u00f3n by nemali u\u017e\u00edva\u0165 viac ako 20 mg denne t\u00ed, ktor\u00ed trpia chronickou boles\u0165ou. Ak\u00e1ko\u013evek d\u00e1vka presahuj\u00faca t\u00fato d\u00e1vku pravdepodobne povedie k z\u00e1vislosti a pr\u00edpadne k z\u00e1vislosti.<\/p>\n<p>Opatrenia t\u00fdkaj\u00face sa hydrokod\u00f3nu zah\u0155\u0148aj\u00fa zaistenie toho, aby sa v\u017edy u\u017e\u00edvala spr\u00e1vna d\u00e1vka. Tento liek m\u00f4\u017ee sp\u00f4sobi\u0165 v\u00e1\u017ene negat\u00edvne \u00fa\u010dinky, ak sa u\u017e\u00edva v nespr\u00e1vnych mno\u017estv\u00e1ch. Hydrokod\u00f3n by si nemali kupova\u0165 \u013eudia s astmou alebo d\u00fdchac\u00edmi \u0165a\u017ekos\u0165ami, preto\u017ee podporuje plytk\u00e9 d\u00fdchanie, \u010do by pre nich mohlo by\u0165 ve\u013ek\u00fdm probl\u00e9mom. Za\u010dnite s mal\u00fdmi d\u00e1vkami, ak si k\u00fapite hydrokod\u00f3n online bez lek\u00e1rskeho predpisu, aby ste sa dozvedeli, ko\u013eko va\u0161e telo potrebuje.<\/p>\n<p>Je zn\u00e1me, \u017ee hydrokod\u00f3n sp\u00f4sobuje mno\u017estvo nepr\u00edjemn\u00fdch ved\u013eaj\u0161\u00edch \u00fa\u010dinkov vr\u00e1tane ospalosti, z\u00e1vratov a nevo\u013enosti. Ke\u010f si k\u00fapite hydrokod\u00f3n online bez lek\u00e1rskeho predpisu a u\u017e\u00edvate ho, dbajte na to, aby ste jedli dobre vyv\u00e1\u017een\u00fa stravu, aby ste sa vyhli tr\u00e1viacim a \u010drevn\u00fdm probl\u00e9mom.<\/p>\n","protected":false},"excerpt":{"rendered":"<div class=\"woocommerce-product-details__short-description\">\n<p>Najlep\u0161ie miesto na online n\u00e1kup Hydrocodone 10 325 mg. Leg\u00e1lne lieky mo\u017eno n\u00e1js\u0165 v Best Global Meds, renomovanej online lek\u00e1rni. Zadan\u00edm objedn\u00e1vky online m\u00f4\u017eete u\u0161etri\u0165 \u010das a peniaze.<\/p>\n<p>Kde z\u00edska\u0165 Hydrocodone 10\/325 mg online?<\/p>\n<p>Tehotn\u00e9 \u017eeny by sa mali pred u\u017eit\u00edm tohto lieku poradi\u0165 so svoj\u00edm lek\u00e1rom, preto\u017ee je v Tehotenstvo FDA triedy B, \u010do znamen\u00e1, \u017ee neexistuje sp\u00f4sob, ako ur\u010di\u0165, ako to ovplyvn\u00ed nenaroden\u00e9 die\u0165a alebo vyliahnut\u00e9 ml\u00e1\u010fa.<\/p>\n<p>Na predaj: Percocet 10\/325 mg &#8211; K\u00fapi\u0165 bez lek\u00e1rskeho predpisu&#8230;<\/p>\n<p>Odpor\u00fa\u010dan\u00e9 online lek\u00e1rne na n\u00e1kup Vicodinu.<\/p>\n<\/p><\/div>\n","protected":false},"featured_media":5203,"comment_status":"open","ping_status":"closed","template":"","meta":[],"product_brand":[],"product_cat":[1117],"product_tag":[1334,1297,1298,1300,1299,1318,1319,1317,1325,1315,1316,1302,1320,1322,1323,1324,1321,1326,1327,1328,1329,1330,1332,1331,1333,1311,1335,1312,1336,1310,1309,1337,1313,1308],"class_list":{"0":"post-5184","1":"product","2":"type-product","3":"status-publish","4":"has-post-thumbnail","6":"product_cat-kupte-si-tabletky-proti-bolesti-spanku-sexu","7":"product_tag-watson-853-white-pill","8":"product_tag-buy-watson-online","9":"product_tag-generic-pills-for-sale-in-usa","10":"product_tag-generick-tabletky-watson-na-predaj-v-usa","11":"product_tag-generic-watson","12":"product_tag-hydrocodone-pills","13":"product_tag-hydrocodone-watson","14":"product_tag-hydrokodn","15":"product_tag-nkup-hydrokodn","16":"product_tag-kpi-hydrokodn-online-bitcoiny","17":"product_tag-lacn-c3-bd-hydrokd-c3-b3n","18":"product_tag-lieky-bez-predpisu","19":"product_tag-lortab","20":"product_tag-objednvka-hydrokodn","21":"product_tag-objedna-hydrokodn-online","22":"product_tag-objedna-online-watson-540-500-mg","23":"product_tag-online-k-c3-bapi-c5-a5-watson-540-500-mg","24":"product_tag-watson","25":"product_tag-watson-325-mg","26":"product_tag-watson-325mg","27":"product_tag-watson-540","28":"product_tag-watson-540-500-mg-kpi-online","29":"product_tag-watson-853-hydrocodone-10-325-mg-je-biela-farba-tableta-tvaru-kapsuly-navrhnuta-na-liecbu-bolesti","30":"product_tag-watson-853-hydrokodn-10-325-mg","31":"product_tag-watson-853-hydrokodn-online","32":"product_tag-watson-hydrokodn-tabletky-proti-bolesti","33":"product_tag-watson-lortab","34":"product_tag-watson-medication","35":"product_tag-watson-medicine","36":"product_tag-watson-na-predaj-v-usa","37":"product_tag-watson-na-predaj-v-uk","38":"product_tag-watson-pills-without-prescription-share","39":"product_tag-watson-tableta-na-zmiernenie-bolesti","40":"product_tag-watsonova-dvka","42":"first","43":"instock","44":"shipping-taxable","45":"purchasable","46":"product-type-variable","47":"has-default-attributes"},"yoast_head":"<!-- This site is optimized with the Yoast SEO plugin v27.3 - https:\/\/yoast.com\/product\/yoast-seo-wordpress\/ -->\n<title>K\u00fapte si hydrokod\u00f3n 10\/325 mg \u2013 najlep\u0161ie najlep\u0161ie glob\u00e1lne lieky<\/title>\n<meta name=\"description\" content=\"K\u00fapte si Hydrocodone 10 325 mg na predaj vo Ve\u013ekej Brit\u00e1nii, Eur\u00f3pe online za najlep\u0161iu cenu. Best Global Meds je d\u00f4veryhodn\u00e1 online lek\u00e1re\u0148 s leg\u00e1lnymi liekmi. Objednajte si online a \u0161etrite svoj \u010das a peniaze.\" \/>\n<meta name=\"robots\" content=\"index, follow, max-snippet:-1, max-image-preview:large, max-video-preview:-1\" \/>\n<link rel=\"canonical\" href=\"https:\/\/medicinasinc.com\/sk\/product\/kupit-hydrokodon-10-325mg\/\" \/>\n<meta property=\"og:locale\" content=\"en_US\" \/>\n<meta property=\"og:type\" content=\"article\" \/>\n<meta property=\"og:title\" content=\"K\u00fapte si hydrokod\u00f3n 10\/325 mg \u2013 najlep\u0161ie najlep\u0161ie glob\u00e1lne lieky\" \/>\n<meta property=\"og:description\" content=\"K\u00fapte si Hydrocodone 10 325 mg na predaj vo Ve\u013ekej Brit\u00e1nii, Eur\u00f3pe online za najlep\u0161iu cenu. Best Global Meds je d\u00f4veryhodn\u00e1 online lek\u00e1re\u0148 s leg\u00e1lnymi liekmi. Objednajte si online a \u0161etrite svoj \u010das a peniaze.\" \/>\n<meta property=\"og:url\" content=\"https:\/\/medicinasinc.com\/sk\/product\/kupit-hydrokodon-10-325mg\/\" \/>\n<meta property=\"og:site_name\" content=\"Medicinas Inc\" \/>\n<meta property=\"article:modified_time\" content=\"2022-03-22T01:05:38+00:00\" \/>\n<meta property=\"og:image\" content=\"https:\/\/medicinasinc.com\/sk\/wp-content\/uploads\/sites\/10\/2022\/02\/buy-hydrocodone-10-325mg-online.jpg\" \/>\n\t<meta property=\"og:image:width\" content=\"600\" \/>\n\t<meta property=\"og:image:height\" content=\"600\" \/>\n\t<meta property=\"og:image:type\" content=\"image\/jpeg\" \/>\n<meta name=\"twitter:card\" content=\"summary_large_image\" \/>\n<meta name=\"twitter:label1\" content=\"Est. reading time\" \/>\n\t<meta name=\"twitter:data1\" content=\"2 minutes\" \/>\n<script type=\"application\/ld+json\" class=\"yoast-schema-graph\">{\"@context\":\"https:\\\/\\\/schema.org\",\"@graph\":[{\"@type\":\"WebPage\",\"@id\":\"https:\\\/\\\/medicinasinc.com\\\/sk\\\/product\\\/kupit-hydrokodon-10-325mg\\\/\",\"url\":\"https:\\\/\\\/medicinasinc.com\\\/sk\\\/product\\\/kupit-hydrokodon-10-325mg\\\/\",\"name\":\"K\u00fapte si hydrokod\u00f3n 10\\\/325 mg \u2013 najlep\u0161ie najlep\u0161ie glob\u00e1lne lieky\",\"isPartOf\":{\"@id\":\"https:\\\/\\\/medicinasinc.com\\\/sk\\\/#website\"},\"primaryImageOfPage\":{\"@id\":\"https:\\\/\\\/medicinasinc.com\\\/sk\\\/product\\\/kupit-hydrokodon-10-325mg\\\/#primaryimage\"},\"image\":{\"@id\":\"https:\\\/\\\/medicinasinc.com\\\/sk\\\/product\\\/kupit-hydrokodon-10-325mg\\\/#primaryimage\"},\"thumbnailUrl\":\"https:\\\/\\\/medicinasinc.com\\\/sk\\\/wp-content\\\/uploads\\\/sites\\\/10\\\/2022\\\/02\\\/buy-hydrocodone-10-325mg-online.jpg\",\"datePublished\":\"2022-02-20T21:36:32+00:00\",\"dateModified\":\"2022-03-22T01:05:38+00:00\",\"description\":\"K\u00fapte si Hydrocodone 10 325 mg na predaj vo Ve\u013ekej Brit\u00e1nii, Eur\u00f3pe online za najlep\u0161iu cenu. Best Global Meds je d\u00f4veryhodn\u00e1 online lek\u00e1re\u0148 s leg\u00e1lnymi liekmi. Objednajte si online a \u0161etrite svoj \u010das a peniaze.\",\"breadcrumb\":{\"@id\":\"https:\\\/\\\/medicinasinc.com\\\/sk\\\/product\\\/kupit-hydrokodon-10-325mg\\\/#breadcrumb\"},\"inLanguage\":\"en-US\",\"potentialAction\":[{\"@type\":\"ReadAction\",\"target\":[\"https:\\\/\\\/medicinasinc.com\\\/sk\\\/product\\\/kupit-hydrokodon-10-325mg\\\/\"]}]},{\"@type\":\"ImageObject\",\"inLanguage\":\"en-US\",\"@id\":\"https:\\\/\\\/medicinasinc.com\\\/sk\\\/product\\\/kupit-hydrokodon-10-325mg\\\/#primaryimage\",\"url\":\"https:\\\/\\\/medicinasinc.com\\\/sk\\\/wp-content\\\/uploads\\\/sites\\\/10\\\/2022\\\/02\\\/buy-hydrocodone-10-325mg-online.jpg\",\"contentUrl\":\"https:\\\/\\\/medicinasinc.com\\\/sk\\\/wp-content\\\/uploads\\\/sites\\\/10\\\/2022\\\/02\\\/buy-hydrocodone-10-325mg-online.jpg\",\"width\":600,\"height\":600},{\"@type\":\"BreadcrumbList\",\"@id\":\"https:\\\/\\\/medicinasinc.com\\\/sk\\\/product\\\/kupit-hydrokodon-10-325mg\\\/#breadcrumb\",\"itemListElement\":[{\"@type\":\"ListItem\",\"position\":1,\"name\":\"Obchod\",\"item\":\"https:\\\/\\\/medicinasinc.com\\\/sk\\\/obchod\\\/\"},{\"@type\":\"ListItem\",\"position\":2,\"name\":\"K\u00fapi\u0165 Hydrocodone 10\\\/325 mg\"}]},{\"@type\":\"WebSite\",\"@id\":\"https:\\\/\\\/medicinasinc.com\\\/sk\\\/#website\",\"url\":\"https:\\\/\\\/medicinasinc.com\\\/sk\\\/\",\"name\":\"Medicinas Inc\",\"description\":\"Health Medical Clinic\",\"potentialAction\":[{\"@type\":\"SearchAction\",\"target\":{\"@type\":\"EntryPoint\",\"urlTemplate\":\"https:\\\/\\\/medicinasinc.com\\\/sk\\\/?s={search_term_string}\"},\"query-input\":{\"@type\":\"PropertyValueSpecification\",\"valueRequired\":true,\"valueName\":\"search_term_string\"}}],\"inLanguage\":\"en-US\"}]}<\/script>\n<!-- \/ Yoast SEO plugin. -->","yoast_head_json":{"title":"K\u00fapte si hydrokod\u00f3n 10\/325 mg \u2013 najlep\u0161ie najlep\u0161ie glob\u00e1lne lieky","description":"K\u00fapte si Hydrocodone 10 325 mg na predaj vo Ve\u013ekej Brit\u00e1nii, Eur\u00f3pe online za najlep\u0161iu cenu. Best Global Meds je d\u00f4veryhodn\u00e1 online lek\u00e1re\u0148 s leg\u00e1lnymi liekmi. Objednajte si online a \u0161etrite svoj \u010das a peniaze.","robots":{"index":"index","follow":"follow","max-snippet":"max-snippet:-1","max-image-preview":"max-image-preview:large","max-video-preview":"max-video-preview:-1"},"canonical":"https:\/\/medicinasinc.com\/sk\/product\/kupit-hydrokodon-10-325mg\/","og_locale":"en_US","og_type":"article","og_title":"K\u00fapte si hydrokod\u00f3n 10\/325 mg \u2013 najlep\u0161ie najlep\u0161ie glob\u00e1lne lieky","og_description":"K\u00fapte si Hydrocodone 10 325 mg na predaj vo Ve\u013ekej Brit\u00e1nii, Eur\u00f3pe online za najlep\u0161iu cenu. Best Global Meds je d\u00f4veryhodn\u00e1 online lek\u00e1re\u0148 s leg\u00e1lnymi liekmi. Objednajte si online a \u0161etrite svoj \u010das a peniaze.","og_url":"https:\/\/medicinasinc.com\/sk\/product\/kupit-hydrokodon-10-325mg\/","og_site_name":"Medicinas Inc","article_modified_time":"2022-03-22T01:05:38+00:00","og_image":[{"width":600,"height":600,"url":"https:\/\/medicinasinc.com\/sk\/wp-content\/uploads\/sites\/10\/2022\/02\/buy-hydrocodone-10-325mg-online.jpg","type":"image\/jpeg"}],"twitter_card":"summary_large_image","twitter_misc":{"Est. reading time":"2 minutes"},"schema":{"@context":"https:\/\/schema.org","@graph":[{"@type":"WebPage","@id":"https:\/\/medicinasinc.com\/sk\/product\/kupit-hydrokodon-10-325mg\/","url":"https:\/\/medicinasinc.com\/sk\/product\/kupit-hydrokodon-10-325mg\/","name":"K\u00fapte si hydrokod\u00f3n 10\/325 mg \u2013 najlep\u0161ie najlep\u0161ie glob\u00e1lne lieky","isPartOf":{"@id":"https:\/\/medicinasinc.com\/sk\/#website"},"primaryImageOfPage":{"@id":"https:\/\/medicinasinc.com\/sk\/product\/kupit-hydrokodon-10-325mg\/#primaryimage"},"image":{"@id":"https:\/\/medicinasinc.com\/sk\/product\/kupit-hydrokodon-10-325mg\/#primaryimage"},"thumbnailUrl":"https:\/\/medicinasinc.com\/sk\/wp-content\/uploads\/sites\/10\/2022\/02\/buy-hydrocodone-10-325mg-online.jpg","datePublished":"2022-02-20T21:36:32+00:00","dateModified":"2022-03-22T01:05:38+00:00","description":"K\u00fapte si Hydrocodone 10 325 mg na predaj vo Ve\u013ekej Brit\u00e1nii, Eur\u00f3pe online za najlep\u0161iu cenu. Best Global Meds je d\u00f4veryhodn\u00e1 online lek\u00e1re\u0148 s leg\u00e1lnymi liekmi. Objednajte si online a \u0161etrite svoj \u010das a peniaze.","breadcrumb":{"@id":"https:\/\/medicinasinc.com\/sk\/product\/kupit-hydrokodon-10-325mg\/#breadcrumb"},"inLanguage":"en-US","potentialAction":[{"@type":"ReadAction","target":["https:\/\/medicinasinc.com\/sk\/product\/kupit-hydrokodon-10-325mg\/"]}]},{"@type":"ImageObject","inLanguage":"en-US","@id":"https:\/\/medicinasinc.com\/sk\/product\/kupit-hydrokodon-10-325mg\/#primaryimage","url":"https:\/\/medicinasinc.com\/sk\/wp-content\/uploads\/sites\/10\/2022\/02\/buy-hydrocodone-10-325mg-online.jpg","contentUrl":"https:\/\/medicinasinc.com\/sk\/wp-content\/uploads\/sites\/10\/2022\/02\/buy-hydrocodone-10-325mg-online.jpg","width":600,"height":600},{"@type":"BreadcrumbList","@id":"https:\/\/medicinasinc.com\/sk\/product\/kupit-hydrokodon-10-325mg\/#breadcrumb","itemListElement":[{"@type":"ListItem","position":1,"name":"Obchod","item":"https:\/\/medicinasinc.com\/sk\/obchod\/"},{"@type":"ListItem","position":2,"name":"K\u00fapi\u0165 Hydrocodone 10\/325 mg"}]},{"@type":"WebSite","@id":"https:\/\/medicinasinc.com\/sk\/#website","url":"https:\/\/medicinasinc.com\/sk\/","name":"Medicinas Inc","description":"Health Medical Clinic","potentialAction":[{"@type":"SearchAction","target":{"@type":"EntryPoint","urlTemplate":"https:\/\/medicinasinc.com\/sk\/?s={search_term_string}"},"query-input":{"@type":"PropertyValueSpecification","valueRequired":true,"valueName":"search_term_string"}}],"inLanguage":"en-US"}]}},"_links":{"self":[{"href":"https:\/\/medicinasinc.com\/sk\/wp-json\/wp\/v2\/product\/5184","targetHints":{"allow":["GET"]}}],"collection":[{"href":"https:\/\/medicinasinc.com\/sk\/wp-json\/wp\/v2\/product"}],"about":[{"href":"https:\/\/medicinasinc.com\/sk\/wp-json\/wp\/v2\/types\/product"}],"replies":[{"embeddable":true,"href":"https:\/\/medicinasinc.com\/sk\/wp-json\/wp\/v2\/comments?post=5184"}],"wp:featuredmedia":[{"embeddable":true,"href":"https:\/\/medicinasinc.com\/sk\/wp-json\/wp\/v2\/media\/5203"}],"wp:attachment":[{"href":"https:\/\/medicinasinc.com\/sk\/wp-json\/wp\/v2\/media?parent=5184"}],"wp:term":[{"taxonomy":"product_brand","embeddable":true,"href":"https:\/\/medicinasinc.com\/sk\/wp-json\/wp\/v2\/product_brand?post=5184"},{"taxonomy":"product_cat","embeddable":true,"href":"https:\/\/medicinasinc.com\/sk\/wp-json\/wp\/v2\/product_cat?post=5184"},{"taxonomy":"product_tag","embeddable":true,"href":"https:\/\/medicinasinc.com\/sk\/wp-json\/wp\/v2\/product_tag?post=5184"}],"curies":[{"name":"wp","href":"https:\/\/api.w.org\/{rel}","templated":true}]}}