{"id":5183,"date":"2022-02-20T21:35:10","date_gmt":"2022-02-20T21:35:10","guid":{"rendered":"https:\/\/medicinasinc.com\/sk\/?post_type=product&#038;p=5183"},"modified":"2022-03-22T01:05:51","modified_gmt":"2022-03-22T01:05:51","slug":"hydrokodon-10-500-mg","status":"publish","type":"product","link":"https:\/\/medicinasinc.com\/sk\/product\/hydrokodon-10-500-mg\/","title":{"rendered":"Hydrokod\u00f3n 10\/500 mg"},"content":{"rendered":"<div class=\"product-next-previous\">\n<div class=\"product-prev\">\n<p>Hydrocodone 10\/500 mg pilulky je moment\u00e1lne mo\u017en\u00e9 zak\u00fapi\u0165 online.<\/p>\n<p>Vysokokvalitn\u00e1 kombin\u00e1cia liek na lie\u010dbu stredne silnej a\u017e silnej bolesti, Watson 540 (Hydrocodone) 500 mg je Watson 540 (Hydrocodone). Acetaminof\u00e9n a hydrokod\u00f3n sa pou\u017e\u00edvaj\u00fa vo formul\u00e1cii hydrokod\u00f3nu na predaj. Neopioidn\u00fd acetaminof\u00e9n a opioidn\u00fd hydrokod\u00f3n s\u00fa lieky proti bolesti.<\/p>\n<p>V mozgu tento liek men\u00ed sp\u00f4sob, ak\u00fdm telo reaguje a pre\u017e\u00edva boles\u0165. Teplotu jednotlivca mo\u017eno tie\u017e zn\u00ed\u017ei\u0165 u\u017e\u00edvan\u00edm tohto lieku.<\/p>\n<p>Vzh\u013eadom na v\u00fdznamn\u00e9 nepriazniv\u00e9 \u00fa\u010dinky plytk\u00e9ho\/pomal\u00e9ho d\u00fdchania, ktor\u00e9 sa m\u00f4\u017eu vyskytn\u00fa\u0165 pri n\u00e1kupe hydrokod\u00f3nu online, sa neodpor\u00fa\u010da pre deti mlad\u0161ie ako 6 rokov. rokov.<\/p>\n<p>Pred za\u010dat\u00edm u\u017e\u00edvania tohto lieku si ur\u010dite pre\u010d\u00edtajte p\u00edsomn\u00fa inform\u00e1ciu pre pou\u017e\u00edvate\u013eov, ktor\u00fa v\u00e1m poskytol v\u00e1\u0161 lek\u00e1r.<\/p>\n<p>K\u00fapi\u0165 hydrokod\u00f3n sa m\u00f4\u017ee u\u017e\u00edva\u0165 peror\u00e1lne, s jedlom alebo bez jedla v z\u00e1vislosti od preferenci\u00ed pou\u017e\u00edvate\u013ea. Ak poci\u0165ujete nevo\u013enos\u0165, pora\u010fte sa so svoj\u00edm lek\u00e1rom alebo poskytovate\u013eom zdravotnej starostlivosti pred u\u017eit\u00edm lieku.<\/p>\n<p>\u010co obsahuje ka\u017ed\u00e1 tableta Watson 540?<\/p>\n<p>Stear\u00e1t hore\u010dnat\u00fd<br \/> Mikrokry\u0161talick\u00e1 celul\u00f3za<br \/> Krospovid\u00f3nyKroskarmel\u00f3za Je vyroben\u00fd zo stear\u00e1tu sodn\u00e9ho<br \/> \u0160krobyPovid\u00f3n<br \/> Polyetyl\u00e9ntereftal\u00e1tov\u00fd oxid<br \/> Obsahuje FARBU PR\u00c1\u0160KU \u010d. 10 D&amp;C \u017elt\u00e1<\/p>\n<p>&nbsp;<\/p>\n<p>V z\u00e1vislosti od celkovej odpovede pacienta a zdravotn\u00e9ho stavu sa d\u00e1vka tohto lieku m\u00f4\u017ee l\u00ed\u0161i\u0165. Nikdy sa nepok\u00fa\u0161ajte zv\u00fd\u0161i\u0165 d\u00e1vku lieku a presta\u0148te ho u\u017e\u00edva\u0165 iba vtedy, ak v\u00e1m to povie v\u00e1\u0161 lek\u00e1r.<\/p>\n<p>N\u00e1hle vysadenie lieku m\u00f4\u017ee vies\u0165 k vysadeniu. Aby ste sa vyhli abstinen\u010dn\u00fdm pr\u00edznakom, postupujte pod\u013ea pokynov svojho lek\u00e1ra na postupn\u00e9 zni\u017eovanie d\u00e1vky liekov.<\/p>\n<p>Online n\u00e1kupy hydrokod\u00f3nu m\u00f4\u017eu niekedy vies\u0165 k z\u00e1vislosti. Odpor\u00fa\u010da sa neprekra\u010dova\u0165 ur\u010den\u00e9 d\u00e1vkovanie lieku, aby sa predi\u0161lo drogovej z\u00e1vislosti.<\/p>\n<p>Alergia:<\/p>\n<p>Op\u00fdtajte sa svojho lek\u00e1ra alebo poskytovate\u013ea zdravotnej starostlivosti, \u010di m\u00f4\u017eete tento liek u\u017e\u00edva\u0165, preto\u017ee ste alergick\u00fd na zlo\u017eky acetaminof\u00e9n a hydrokod\u00f3n. Reakcia jednotlivca na tento produkt m\u00f4\u017ee by\u0165 nepriaznivo ovplyvnen\u00e1 pr\u00edtomnos\u0165ou \u00fa\u010dinn\u00fdch l\u00e1tok v jeho formul\u00e1cii.<\/p>\n<p>Ospalos\u0165:<\/p>\n<p>Ospalos\u0165 alebo z\u00e1vraty sa m\u00f4\u017eu vyskytn\u00fa\u0165 ako ved\u013eaj\u0161\u00ed \u00fa\u010dinok tohto lieku. Je potrebn\u00e9 vyhn\u00fa\u0165 sa vedeniu vozidla, obsluhe strojov alebo akejko\u013evek inej \u010dinnosti, ktor\u00e1 si vy\u017eaduje \u00fapln\u00fa pozornos\u0165 alebo bdelos\u0165. Pros\u00edm, nez\u00fa\u010dast\u0148ujte sa \u017eiadnej z t\u00fdchto aktiv\u00edt, k\u00fdm si nebudete ist\u00ed, \u017ee to dok\u00e1\u017eete bez ak\u00fdchko\u013evek \u0165a\u017ekost\u00ed.<\/p>\n<p>Tehotenstvo:<\/p>\n<p>Tehotn\u00fdm \u017een\u00e1m sa neodpor\u00fa\u010da u\u017e\u00edva\u0165 tento liek. Tento liek pou\u017e\u00edvajte iba vtedy, ak je to absol\u00fatne nevyhnutn\u00e9. Pora\u010fte sa so svoj\u00edm lek\u00e1rom alebo lek\u00e1rnikom, aby ste sa dozvedeli o v\u00fdhod\u00e1ch a nev\u00fdhod\u00e1ch u\u017e\u00edvania tohto lieku po\u010das tehotenstva.<\/p>\n<p>Doj\u010denie<\/p>\n<p>U\u017e\u00edvanie tohto lieku po\u010das doj\u010denia m\u00f4\u017ee ma\u0165 nepriazniv\u00fd vplyv na zdravie die\u0165a\u0165a. Ak va\u0161e die\u0165a vykazuje zvl\u00e1\u0161tne pr\u00edznaky, ako s\u00fa \u0165a\u017ekosti s d\u00fdchan\u00edm alebo letargia, ako aj probl\u00e9my s jeden\u00edm, je potrebn\u00e9 ur\u00fdchlene konzultova\u0165 s lek\u00e1rom.<\/p>\n<p>V d\u00f4sledku pou\u017eitia hydrokod\u00f3nu sa m\u00f4\u017ee vyskytn\u00fa\u0165 vracanie, z\u00e1vraty, ospalos\u0165 a z\u00e1pcha. Ke\u010f lie\u010dba pokra\u010duje, niektor\u00e9 z t\u00fdchto ne\u017eiaducich \u00fa\u010dinkov sa m\u00f4\u017eu \u010dasom zmen\u0161i\u0165. Ak sa niektor\u00fd z t\u00fdchto pr\u00edznakov zhor\u0161\u00ed, mali by ste vyh\u013eada\u0165 pohotovostn\u00fa lek\u00e1rsku pomoc, aby ste na\u0161li rie\u0161enie.<\/p>\n<p>Mali by ste konzumova\u0165 ve\u013ea vl\u00e1kniny a pi\u0165 ve\u013ea vody, aby ste sa vyhli z\u00e1pche. Vezmite si preh\u00e1\u0148adlo na zmiernenie pr\u00edznakov z\u00e1pchy, ak to potrebujete. Pred u\u017eit\u00edm preh\u00e1\u0148adla by ste sa mali poradi\u0165 so svoj\u00edm lek\u00e1rom.<\/p>\n<p>Ak chcete minimalizova\u0165 pr\u00edznaky to\u010denia hlavy a z\u00e1vratov, mali by ste sa pomaly zdv\u00edha\u0165 z \u013eahu alebo sedu.<\/p>\n<\/p><\/div><\/div>\n","protected":false},"excerpt":{"rendered":"<div class=\"woocommerce-product-details__short-description\">\n<p>K\u00fapi\u0165 tabletky Hydrocodone 10\/500 mg na predaj v Spojenom kr\u00e1\u013eovstve, E\u00da a Eur\u00f3pe je mo\u017en\u00e9 zak\u00fapi\u0165 online na na\u0161ej webovej str\u00e1nke. Dihydrokodein\u00f3n (hydrokod\u00f3n) je \u010diasto\u010dne vyr\u00e1ban\u00fd opioid odvoden\u00fd od kode\u00ednu a teba\u00ednu, dvoch be\u017ene sa vyskytuj\u00facich sedat\u00edv.<\/p>\n<p>Pri stredne silnej a\u017e silnej bolesti je akt\u00edvnou zlo\u017ekou lieku Watson 540 (hydrokod\u00f3n) 500 mg hydrokod\u00f3nu. Acetaminof\u00e9n a hydrokod\u00f3n sa pou\u017e\u00edvaj\u00fa vo formul\u00e1cii hydrokod\u00f3nu na predaj. Hydroxykod\u00f3n je opioidn\u00fd liek proti bolesti, zatia\u013e \u010do acetaminof\u00e9n je neopioidn\u00fd.<\/p>\n<\/p><\/div>\n","protected":false},"featured_media":5201,"comment_status":"open","ping_status":"closed","template":"","meta":[],"product_brand":[],"product_cat":[1117],"product_tag":[1297,1298,1300,1299,1301,1307,1302,1303,1304,1305,1306,1311,1312,1310,1309,1313,1308,1314],"class_list":{"0":"post-5183","1":"product","2":"type-product","3":"status-publish","4":"has-post-thumbnail","6":"product_cat-kupte-si-tabletky-proti-bolesti-spanku-sexu","7":"product_tag-buy-watson-online","8":"product_tag-generic-pills-for-sale-in-usa","9":"product_tag-generick-tabletky-watson-na-predaj-v-usa","10":"product_tag-generic-watson","11":"product_tag-hydrokodn-na-predaj","12":"product_tag-watson-540-medicna","13":"product_tag-lieky-bez-predpisu","14":"product_tag-watson-500-mg","15":"product_tag-watson-500mg","16":"product_tag-watson-540-hydrokodn-500-mg","17":"product_tag-watson-540-hydrokodn-online","18":"product_tag-watson-hydrokodn-tabletky-proti-bolesti","19":"product_tag-watson-medication","20":"product_tag-watson-na-predaj-v-usa","21":"product_tag-watson-na-predaj-v-uk","22":"product_tag-watson-tableta-na-zmiernenie-bolesti","23":"product_tag-watsonova-dvka","24":"product_tag-watson-tabletky-bez-predpisu","26":"first","27":"instock","28":"shipping-taxable","29":"purchasable","30":"product-type-variable","31":"has-default-attributes"},"yoast_head":"<!-- This site is optimized with the Yoast SEO plugin v27.3 - https:\/\/yoast.com\/product\/yoast-seo-wordpress\/ -->\n<title>K\u00fapte si hydrokod\u00f3n 10\/500 mg \u2013 najlep\u0161ie najlep\u0161ie glob\u00e1lne lieky<\/title>\n<meta name=\"description\" content=\"K\u00fapte si tabletky Hydrocodone 10\/500 mg na predaj online vo Ve\u013ekej Brit\u00e1nii, E\u00da, Eur\u00f3pe. Hydrokod\u00f3n alebo dihydrokodein\u00f3n je polovyroben\u00fd opioid odvoden\u00fd od dvoch be\u017ene sa vyskytuj\u00facich sedat\u00edv, kode\u00ednu a teba\u00ednu.\" \/>\n<meta name=\"robots\" content=\"index, follow, max-snippet:-1, max-image-preview:large, max-video-preview:-1\" \/>\n<link rel=\"canonical\" href=\"https:\/\/medicinasinc.com\/sk\/product\/hydrokodon-10-500-mg\/\" \/>\n<meta property=\"og:locale\" content=\"en_US\" \/>\n<meta property=\"og:type\" content=\"article\" \/>\n<meta property=\"og:title\" content=\"K\u00fapte si hydrokod\u00f3n 10\/500 mg \u2013 najlep\u0161ie najlep\u0161ie glob\u00e1lne lieky\" \/>\n<meta property=\"og:description\" content=\"K\u00fapte si tabletky Hydrocodone 10\/500 mg na predaj online vo Ve\u013ekej Brit\u00e1nii, E\u00da, Eur\u00f3pe. Hydrokod\u00f3n alebo dihydrokodein\u00f3n je polovyroben\u00fd opioid odvoden\u00fd od dvoch be\u017ene sa vyskytuj\u00facich sedat\u00edv, kode\u00ednu a teba\u00ednu.\" \/>\n<meta property=\"og:url\" content=\"https:\/\/medicinasinc.com\/sk\/product\/hydrokodon-10-500-mg\/\" \/>\n<meta property=\"og:site_name\" content=\"Medicinas Inc\" \/>\n<meta property=\"article:modified_time\" content=\"2022-03-22T01:05:51+00:00\" \/>\n<meta property=\"og:image\" content=\"https:\/\/medicinasinc.com\/sk\/wp-content\/uploads\/sites\/10\/2022\/02\/buy-hydrocodone-10-500mg-pills-online.jpg\" \/>\n\t<meta property=\"og:image:width\" content=\"600\" \/>\n\t<meta property=\"og:image:height\" content=\"600\" \/>\n\t<meta property=\"og:image:type\" content=\"image\/jpeg\" \/>\n<meta name=\"twitter:card\" content=\"summary_large_image\" \/>\n<meta name=\"twitter:label1\" content=\"Est. reading time\" \/>\n\t<meta name=\"twitter:data1\" content=\"3 minutes\" \/>\n<script type=\"application\/ld+json\" class=\"yoast-schema-graph\">{\"@context\":\"https:\\\/\\\/schema.org\",\"@graph\":[{\"@type\":\"WebPage\",\"@id\":\"https:\\\/\\\/medicinasinc.com\\\/sk\\\/product\\\/hydrokodon-10-500-mg\\\/\",\"url\":\"https:\\\/\\\/medicinasinc.com\\\/sk\\\/product\\\/hydrokodon-10-500-mg\\\/\",\"name\":\"K\u00fapte si hydrokod\u00f3n 10\\\/500 mg \u2013 najlep\u0161ie najlep\u0161ie glob\u00e1lne lieky\",\"isPartOf\":{\"@id\":\"https:\\\/\\\/medicinasinc.com\\\/sk\\\/#website\"},\"primaryImageOfPage\":{\"@id\":\"https:\\\/\\\/medicinasinc.com\\\/sk\\\/product\\\/hydrokodon-10-500-mg\\\/#primaryimage\"},\"image\":{\"@id\":\"https:\\\/\\\/medicinasinc.com\\\/sk\\\/product\\\/hydrokodon-10-500-mg\\\/#primaryimage\"},\"thumbnailUrl\":\"https:\\\/\\\/medicinasinc.com\\\/sk\\\/wp-content\\\/uploads\\\/sites\\\/10\\\/2022\\\/02\\\/buy-hydrocodone-10-500mg-pills-online.jpg\",\"datePublished\":\"2022-02-20T21:35:10+00:00\",\"dateModified\":\"2022-03-22T01:05:51+00:00\",\"description\":\"K\u00fapte si tabletky Hydrocodone 10\\\/500 mg na predaj online vo Ve\u013ekej Brit\u00e1nii, E\u00da, Eur\u00f3pe. Hydrokod\u00f3n alebo dihydrokodein\u00f3n je polovyroben\u00fd opioid odvoden\u00fd od dvoch be\u017ene sa vyskytuj\u00facich sedat\u00edv, kode\u00ednu a teba\u00ednu.\",\"breadcrumb\":{\"@id\":\"https:\\\/\\\/medicinasinc.com\\\/sk\\\/product\\\/hydrokodon-10-500-mg\\\/#breadcrumb\"},\"inLanguage\":\"en-US\",\"potentialAction\":[{\"@type\":\"ReadAction\",\"target\":[\"https:\\\/\\\/medicinasinc.com\\\/sk\\\/product\\\/hydrokodon-10-500-mg\\\/\"]}]},{\"@type\":\"ImageObject\",\"inLanguage\":\"en-US\",\"@id\":\"https:\\\/\\\/medicinasinc.com\\\/sk\\\/product\\\/hydrokodon-10-500-mg\\\/#primaryimage\",\"url\":\"https:\\\/\\\/medicinasinc.com\\\/sk\\\/wp-content\\\/uploads\\\/sites\\\/10\\\/2022\\\/02\\\/buy-hydrocodone-10-500mg-pills-online.jpg\",\"contentUrl\":\"https:\\\/\\\/medicinasinc.com\\\/sk\\\/wp-content\\\/uploads\\\/sites\\\/10\\\/2022\\\/02\\\/buy-hydrocodone-10-500mg-pills-online.jpg\",\"width\":600,\"height\":600},{\"@type\":\"BreadcrumbList\",\"@id\":\"https:\\\/\\\/medicinasinc.com\\\/sk\\\/product\\\/hydrokodon-10-500-mg\\\/#breadcrumb\",\"itemListElement\":[{\"@type\":\"ListItem\",\"position\":1,\"name\":\"Obchod\",\"item\":\"https:\\\/\\\/medicinasinc.com\\\/sk\\\/obchod\\\/\"},{\"@type\":\"ListItem\",\"position\":2,\"name\":\"Hydrokod\u00f3n 10\\\/500 mg\"}]},{\"@type\":\"WebSite\",\"@id\":\"https:\\\/\\\/medicinasinc.com\\\/sk\\\/#website\",\"url\":\"https:\\\/\\\/medicinasinc.com\\\/sk\\\/\",\"name\":\"Medicinas Inc\",\"description\":\"Health Medical Clinic\",\"potentialAction\":[{\"@type\":\"SearchAction\",\"target\":{\"@type\":\"EntryPoint\",\"urlTemplate\":\"https:\\\/\\\/medicinasinc.com\\\/sk\\\/?s={search_term_string}\"},\"query-input\":{\"@type\":\"PropertyValueSpecification\",\"valueRequired\":true,\"valueName\":\"search_term_string\"}}],\"inLanguage\":\"en-US\"}]}<\/script>\n<!-- \/ Yoast SEO plugin. -->","yoast_head_json":{"title":"K\u00fapte si hydrokod\u00f3n 10\/500 mg \u2013 najlep\u0161ie najlep\u0161ie glob\u00e1lne lieky","description":"K\u00fapte si tabletky Hydrocodone 10\/500 mg na predaj online vo Ve\u013ekej Brit\u00e1nii, E\u00da, Eur\u00f3pe. Hydrokod\u00f3n alebo dihydrokodein\u00f3n je polovyroben\u00fd opioid odvoden\u00fd od dvoch be\u017ene sa vyskytuj\u00facich sedat\u00edv, kode\u00ednu a teba\u00ednu.","robots":{"index":"index","follow":"follow","max-snippet":"max-snippet:-1","max-image-preview":"max-image-preview:large","max-video-preview":"max-video-preview:-1"},"canonical":"https:\/\/medicinasinc.com\/sk\/product\/hydrokodon-10-500-mg\/","og_locale":"en_US","og_type":"article","og_title":"K\u00fapte si hydrokod\u00f3n 10\/500 mg \u2013 najlep\u0161ie najlep\u0161ie glob\u00e1lne lieky","og_description":"K\u00fapte si tabletky Hydrocodone 10\/500 mg na predaj online vo Ve\u013ekej Brit\u00e1nii, E\u00da, Eur\u00f3pe. Hydrokod\u00f3n alebo dihydrokodein\u00f3n je polovyroben\u00fd opioid odvoden\u00fd od dvoch be\u017ene sa vyskytuj\u00facich sedat\u00edv, kode\u00ednu a teba\u00ednu.","og_url":"https:\/\/medicinasinc.com\/sk\/product\/hydrokodon-10-500-mg\/","og_site_name":"Medicinas Inc","article_modified_time":"2022-03-22T01:05:51+00:00","og_image":[{"width":600,"height":600,"url":"https:\/\/medicinasinc.com\/sk\/wp-content\/uploads\/sites\/10\/2022\/02\/buy-hydrocodone-10-500mg-pills-online.jpg","type":"image\/jpeg"}],"twitter_card":"summary_large_image","twitter_misc":{"Est. reading time":"3 minutes"},"schema":{"@context":"https:\/\/schema.org","@graph":[{"@type":"WebPage","@id":"https:\/\/medicinasinc.com\/sk\/product\/hydrokodon-10-500-mg\/","url":"https:\/\/medicinasinc.com\/sk\/product\/hydrokodon-10-500-mg\/","name":"K\u00fapte si hydrokod\u00f3n 10\/500 mg \u2013 najlep\u0161ie najlep\u0161ie glob\u00e1lne lieky","isPartOf":{"@id":"https:\/\/medicinasinc.com\/sk\/#website"},"primaryImageOfPage":{"@id":"https:\/\/medicinasinc.com\/sk\/product\/hydrokodon-10-500-mg\/#primaryimage"},"image":{"@id":"https:\/\/medicinasinc.com\/sk\/product\/hydrokodon-10-500-mg\/#primaryimage"},"thumbnailUrl":"https:\/\/medicinasinc.com\/sk\/wp-content\/uploads\/sites\/10\/2022\/02\/buy-hydrocodone-10-500mg-pills-online.jpg","datePublished":"2022-02-20T21:35:10+00:00","dateModified":"2022-03-22T01:05:51+00:00","description":"K\u00fapte si tabletky Hydrocodone 10\/500 mg na predaj online vo Ve\u013ekej Brit\u00e1nii, E\u00da, Eur\u00f3pe. Hydrokod\u00f3n alebo dihydrokodein\u00f3n je polovyroben\u00fd opioid odvoden\u00fd od dvoch be\u017ene sa vyskytuj\u00facich sedat\u00edv, kode\u00ednu a teba\u00ednu.","breadcrumb":{"@id":"https:\/\/medicinasinc.com\/sk\/product\/hydrokodon-10-500-mg\/#breadcrumb"},"inLanguage":"en-US","potentialAction":[{"@type":"ReadAction","target":["https:\/\/medicinasinc.com\/sk\/product\/hydrokodon-10-500-mg\/"]}]},{"@type":"ImageObject","inLanguage":"en-US","@id":"https:\/\/medicinasinc.com\/sk\/product\/hydrokodon-10-500-mg\/#primaryimage","url":"https:\/\/medicinasinc.com\/sk\/wp-content\/uploads\/sites\/10\/2022\/02\/buy-hydrocodone-10-500mg-pills-online.jpg","contentUrl":"https:\/\/medicinasinc.com\/sk\/wp-content\/uploads\/sites\/10\/2022\/02\/buy-hydrocodone-10-500mg-pills-online.jpg","width":600,"height":600},{"@type":"BreadcrumbList","@id":"https:\/\/medicinasinc.com\/sk\/product\/hydrokodon-10-500-mg\/#breadcrumb","itemListElement":[{"@type":"ListItem","position":1,"name":"Obchod","item":"https:\/\/medicinasinc.com\/sk\/obchod\/"},{"@type":"ListItem","position":2,"name":"Hydrokod\u00f3n 10\/500 mg"}]},{"@type":"WebSite","@id":"https:\/\/medicinasinc.com\/sk\/#website","url":"https:\/\/medicinasinc.com\/sk\/","name":"Medicinas Inc","description":"Health Medical Clinic","potentialAction":[{"@type":"SearchAction","target":{"@type":"EntryPoint","urlTemplate":"https:\/\/medicinasinc.com\/sk\/?s={search_term_string}"},"query-input":{"@type":"PropertyValueSpecification","valueRequired":true,"valueName":"search_term_string"}}],"inLanguage":"en-US"}]}},"_links":{"self":[{"href":"https:\/\/medicinasinc.com\/sk\/wp-json\/wp\/v2\/product\/5183","targetHints":{"allow":["GET"]}}],"collection":[{"href":"https:\/\/medicinasinc.com\/sk\/wp-json\/wp\/v2\/product"}],"about":[{"href":"https:\/\/medicinasinc.com\/sk\/wp-json\/wp\/v2\/types\/product"}],"replies":[{"embeddable":true,"href":"https:\/\/medicinasinc.com\/sk\/wp-json\/wp\/v2\/comments?post=5183"}],"wp:featuredmedia":[{"embeddable":true,"href":"https:\/\/medicinasinc.com\/sk\/wp-json\/wp\/v2\/media\/5201"}],"wp:attachment":[{"href":"https:\/\/medicinasinc.com\/sk\/wp-json\/wp\/v2\/media?parent=5183"}],"wp:term":[{"taxonomy":"product_brand","embeddable":true,"href":"https:\/\/medicinasinc.com\/sk\/wp-json\/wp\/v2\/product_brand?post=5183"},{"taxonomy":"product_cat","embeddable":true,"href":"https:\/\/medicinasinc.com\/sk\/wp-json\/wp\/v2\/product_cat?post=5183"},{"taxonomy":"product_tag","embeddable":true,"href":"https:\/\/medicinasinc.com\/sk\/wp-json\/wp\/v2\/product_tag?post=5183"}],"curies":[{"name":"wp","href":"https:\/\/api.w.org\/{rel}","templated":true}]}}