{"id":5182,"date":"2022-02-20T21:32:53","date_gmt":"2022-02-20T21:32:53","guid":{"rendered":"https:\/\/medicinasinc.com\/sk\/?post_type=product&#038;p=5182"},"modified":"2022-03-22T01:06:00","modified_gmt":"2022-03-22T01:06:00","slug":"kupit-fentanyl-transdermalny-system-naplast","status":"publish","type":"product","link":"https:\/\/medicinasinc.com\/sk\/product\/kupit-fentanyl-transdermalny-system-naplast\/","title":{"rendered":"K\u00fapte si fentanylov\u00fa n\u00e1plas\u0165 na transderm\u00e1lny syst\u00e9m"},"content":{"rendered":"<div class=\"product-next-previous\">\n<div class=\"product-prev\">\n<p>Transderm\u00e1lne n\u00e1plasti Fentanylu je mo\u017en\u00e9 zak\u00fapi\u0165<br \/> \u010co je Co Fentanyl?<\/p>\n<p>Opioidy s\u00fa triedou liekov, ktor\u00e9 zah\u0155\u0148aj\u00fa fentanyl. Ak trp\u00edte chronickou (dlhodobou) silnou boles\u0165ou a u\u017e u\u017e\u00edvate opioidn\u00e9 (narkotick\u00e9) lieky, m\u00f4\u017ee by\u0165 pre v\u00e1s v\u00fdhodn\u00e9 pou\u017eitie fentanylu.<\/p>\n<p>Ak\u00e1 je cena Co Fentanylu?<\/p>\n<p> p&gt; <\/p>\n<p>PocketPills pon\u00faka Co Fentanyl zadarmo. Ak va\u0161e poistenie pokr\u00fdva n\u00e1klady na Co Fentanyl, mo\u017eno ho budete m\u00f4c\u0165 z\u00edska\u0165 za zn\u00ed\u017een\u00fa cenu. N\u00e1klady na v\u00fddaj a doru\u010denie by mali by\u0165 zahrnut\u00e9 do kone\u010dnej ceny v\u00e1\u0161ho n\u00e1kupu Co Fentanyl.<\/p>\n<p>Ko\u013eko je poplatok za v\u00fddaj Co Fentanyl?<\/p>\n<p>Objednanie Co Fentanyl od n\u00e1s je spojen\u00e9 s poplatkom za v\u00fddaj len 0 $. Ak h\u013ead\u00e1te najlacnej\u0161iu cenu Co Fentanyl v Kanade, Pocketpills je tu, aby v\u00e1m pomohol.<br \/> Vyu\u017eite na\u0161u ponuku dopravy zdarma v Kanade.<\/p>\n<p>N\u00e1zov lieku: Co-Fentanyl <\/p>\n<p>Toxicita<\/p>\n<p>R\u00f4zne lieky maj\u00fa potenci\u00e1l vyvola\u0165 ne\u017eiaduce n\u00e1sledky.<\/p>\n<p>Ke\u010f sa liek pou\u017e\u00edva pod\u013ea predpisu, m\u00f4\u017eu sa vyskytn\u00fa\u0165 ne\u017eiaduce \u00fa\u010dinky, ktor\u00e9 sa neo\u010dak\u00e1vaj\u00fa . Je mo\u017en\u00e9, \u017ee ved\u013eaj\u0161ie \u00fa\u010dinky bud\u00fa mierne alebo z\u00e1va\u017en\u00e9, ako aj dlhotrvaj\u00face alebo kr\u00e1tkodob\u00e9.<\/p>\n<p>Nie ka\u017ed\u00fd, kto u\u017e\u00edva Co Fentanyl, m\u00e1 nasleduj\u00face ved\u013eaj\u0161ie \u00fa\u010dinky (fentanyl-transderm\u00e1lne).<\/p>\n<p>Porozpr\u00e1vajte sa so svoj\u00edm lek\u00e1rom, ak m\u00e1te obavy z ved\u013eaj\u0161\u00edch \u00fa\u010dinkov Cofentanylu (fentanyl-transderm\u00e1lne).<\/p>\n<p>Najmenej 1 % u\u017e\u00edvate\u013eov Cofentanylu malo nasleduj\u00face ne\u017eiaduce \u00fa\u010dinky (fentanyl-transderm\u00e1lne): . Je mo\u017en\u00e9, \u017ee niektor\u00e9 z t\u00fdchto ne\u017eiaducich \u00fa\u010dinkov po \u010dase samy vymizn\u00fa.<\/p>\n<p>Ak spozorujete niektor\u00fd z t\u00fdchto ne\u017eiaducich \u00fa\u010dinkov a s\u00fa ob\u0165a\u017euj\u00face alebo z\u00e1va\u017en\u00e9, kontaktujte svojho lek\u00e1ra. Ak m\u00e1te probl\u00e9my s ved\u013eaj\u0161\u00edmi \u00fa\u010dinkami, po\u017eiadajte o pomoc svojho lek\u00e1rnika.<\/p>\n<p>zm\u00e4tenos\u0165<br \/> Z\u00e1pcha<br \/> z\u00e1pcha probl\u00e9my so zameran\u00edm ospalosti a ve\u010dern\u00fdch z\u00e1vratov<br \/> Pocit \u00fazkosti, \u010dervenanie a boles\u0165 hlavy s\u00fa v\u0161etky pr\u00edznaky sucha v \u00fastach.<br \/> nedostatok pam\u00e4te<br \/> nepohodlie alebo svrbenie v mieste aplik\u00e1cie<\/p>\n<p>\u010casto kladen\u00e9 ot\u00e1zky o Co Fentanyl<br \/> N\u00e1kup Co Fentanyl online, budete potrebova\u0165 vedie\u0165 ako.<\/p>\n<p>Ak m\u00e1te platn\u00fd predpis od svojho lek\u00e1ra, m\u00f4\u017eete si Co Fentanyl k\u00fapi\u0165 online na PocketPills. M\u00f4\u017eete za\u010da\u0165 odovzdan\u00edm svojho predpisu, zak\u00fapen\u00edm n\u00e1plne alebo chatovan\u00edm s jedn\u00fdm z na\u0161ich kanadsk\u00fdch lek\u00e1rov, aby ste dostali online predpis prenesen\u00edm ak\u00fdchko\u013evek existuj\u00facich predpisov do na\u0161ej lek\u00e1rne. Predpis pre Co Fentanyl: Odkia\u013e m\u00e1m \u00eds\u0165?<\/p>\n<p>Na str\u00e1nke pocketpills.com sa m\u00f4\u017eete porozpr\u00e1va\u0165 s kanadsk\u00fdm lek\u00e1rom cez internet. Po\u010das v\u00e1\u0161ho stretnutia v\u00e1m na\u0161i lek\u00e1ri m\u00f4\u017eu vyd\u00e1va\u0165 recepty na lieky cez internet. Bez dodato\u010dn\u00fdch n\u00e1kladov si m\u00f4\u017eete necha\u0165 svoj recept doru\u010di\u0165 domov diskr\u00e9tne a v origin\u00e1lnom balen\u00ed po tom, \u010do ho dostanete.<\/p>\n<p>Ako skoro m\u00f4\u017eem o\u010dak\u00e1va\u0165 m\u00f4j bal\u00edk?<\/p>\n<p>\u00c1no! Na niektor\u00fdch miestach sme schopn\u00ed pon\u00faknu\u0165 doru\u010denie v ten ist\u00fd de\u0148. Okrem doru\u010denia na druh\u00fd de\u0148 poskytujeme aj no\u010dn\u00fa prepravu.<br \/> Ko\u013eko stoj\u00ed preprava Co Fentanyl do Kanady?<br \/> N\u00e1klady na dopravu Co Fentanyl k v\u00e1m v Kanade s\u00fa \u00faplne zadarmo. Zn\u00ed\u017een\u00e9 poplatky za v\u00fddaj a bezplatn\u00e1 doprava, ktor\u00e9 pon\u00faka Pocketpills, u\u013eah\u010duj\u00fa Kana\u010fanom dosta\u0165 lieky, ktor\u00e9 potrebuj\u00fa.<br \/> Doru\u010denie lieku Co Fentanyl do m\u00f4jho domu?<br \/> Ak ste si u n\u00e1s v Kanade objednali lieky na predpis s platnou predpis, mohli by sme posla\u0165 Co Fentanyl k va\u0161im dver\u00e1m. Kontaktujte n\u00e1s, ak si nie ste ist\u00ed, \u010di doru\u010dujeme vo va\u0161om regi\u00f3ne.<br \/> Kde m\u00f4\u017eem z\u00edska\u0165 Co Fentanyl zadarmo v Kanade?<br \/> Ak m\u00e1te pl\u00e1n zdravotn\u00e9ho poistenia, ktor\u00fd pokr\u00fdva Co Fentanyl, m\u00f4\u017eete ho z\u00edska\u0165 zadarmo v Kanade. Zistite, \u010di m\u00e1te n\u00e1rok na bezplatn\u00fd Co Fentanyl, kontaktujte svojho poskytovate\u013ea alebo n\u00e1s.<br \/> Kde n\u00e1jdem lek\u00e1ra, ktor\u00fd v\u00e1m Co Fentanyl z\u00edska?<br \/> \u00c1no. Ak chcete zisti\u0165, \u010di m\u00e1te n\u00e1rok na predpis na Co Fentanyl, m\u00f4\u017eete si napl\u00e1nova\u0165 online konzult\u00e1ciu s kanadsk\u00fdm lek\u00e1rom prostredn\u00edctvom spolo\u010dnosti Best Global Meds.<br \/> Bez lek\u00e1rskeho predpisu m\u00f4\u017eem k\u00fapi\u0165 Co Fentanyl?<br \/> Ak si chcete k\u00fapi\u0165 Co Fentanyl od n\u00e1s, mus\u00edte ma\u0165 platn\u00fd predpis. Ak potrebujete recept, kontaktujte n\u00e1s. Kedyko\u013evek sa v\u00e1m to hod\u00ed, m\u00f4\u017eete sa obr\u00e1ti\u0165 na niektor\u00e9ho z na\u0161ich lek\u00e1rov.<\/p>\n<p>&nbsp;<\/p>\n<p>Tento liek sa pou\u017e\u00edva na lie\u010dbu chronickej bolesti (napr\u00edklad v d\u00f4sledku rakoviny). Opioidn\u00e9 (narkotick\u00e9) analgetik\u00e1, ktor\u00fdch \u010dlenom je fentanyl, s\u00fa be\u017en\u00fdm typom liekov proti bolesti. P\u00f4soben\u00edm na mozog men\u00ed sp\u00f4sob, ak\u00fdm va\u0161e telo vn\u00edma boles\u0165 a reaguje na \u0148u.<\/p>\n<p>Fentanyl vo forme n\u00e1plasti sa nem\u00e1 pou\u017e\u00edva\u0165 na lie\u010dbu miernej alebo kr\u00e1tkodobej bolesti. \u201eako\u201c nie je vhodn\u00fd v\u00fdraz pre t\u00fato drogu.<\/p>\n<\/p><\/div><\/div>\n","protected":false},"excerpt":{"rendered":"<p>V Spojenom kr\u00e1\u013eovstve je mo\u017en\u00e9 k\u00fapi\u0165 fentanylov\u00fa n\u00e1plas\u0165 online, ako aj fentanyl vo v\u0161eobecnosti, ako aj fentanylov\u00e9 n\u00e1plasti na predaj tam.<\/p>\n<p>N\u00e1plasti fentanylu sa pou\u017e\u00edvaj\u00fa na lie\u010dbu chronickej bolesti&amp;#8230 ;. Pri zbieran\u00ed receptov alebo z\u00edskavan\u00ed \u010fal\u0161\u00edch liekov spome\u0148te svojmu lek\u00e1rnikovi n\u00e1plas\u0165, ktor\u00fa nos\u00edte.<\/p>\n","protected":false},"featured_media":5199,"comment_status":"open","ping_status":"closed","template":"","meta":[],"product_brand":[],"product_cat":[1117],"product_tag":[1247,1248,1249,1251,1252,1283,1282,1281,1285,1287,1286,1254,1294,1269,1268,1271,1273,1255,1250,1289,1256,1258,1259,1264,1265,1266,1267,1272,1274,1276,1277,1280,1260,1261,1262,1263,1257,1290,1284,1296,1295,1253,1293,1278,1275,1292,1279,1291,1270,1288],"class_list":{"0":"post-5182","1":"product","2":"type-product","3":"status-publish","4":"has-post-thumbnail","6":"product_cat-kupte-si-tabletky-proti-bolesti-spanku-sexu","7":"product_tag-100-mg-fentanylovej-nplasti","8":"product_tag-100-mg-fentanyl-nplas-poulin-cena","9":"product_tag-12-mikrogramov-fentanylov-nplas","10":"product_tag-50-mg-fentanylovej-nplasti","11":"product_tag-75-mg-fentanylovej-nplasti","12":"product_tag-ako-aplikova-fentanylov-nplas","13":"product_tag-ako-dlho-trv-nstup-fentanylovej-nplasti","14":"product_tag-ako-dlho-zostane-fentanylov-nplas-vo-vaom-systme","15":"product_tag-ako-faji-fentanyl-nplas","16":"product_tag-ako-pouva-fentanylov-nplas","17":"product_tag-ako-zuova-fentanylov-nplas-bez-stiahnutia","18":"product_tag-best-way-to-get-high-on-fentanyl-patch","19":"product_tag-o-s-fentanyl-nplas","20":"product_tag-fentanyl-nplas-dvkovanie-12-mcg","21":"product_tag-fentanyl-nplas-dvkovanie","22":"product_tag-fentanyl-nplas-dvky","23":"product_tag-fentanyl-nplas-dvky-12-mcg","24":"product_tag-eating-fentanyl-patch","25":"product_tag-25-mcg-fentanyl-nplas-ekvivalent","26":"product_tag-mallinckrodt-fentanyl-nplas-extrakcia","27":"product_tag-fentanyl-gel-patch","28":"product_tag-fentanyl-patch","29":"product_tag-fentanyl-patch-100-mcg","30":"product_tag-fentanyl-patch-application","31":"product_tag-fentanyl-patch-brands","32":"product_tag-fentanyl-patch-chewing","33":"product_tag-fentanyl-patch-disposal","34":"product_tag-fentanyl-patch-doses","35":"product_tag-fentanyl-patch-dosing","36":"product_tag-fentanyl-patch-package-insert","37":"product_tag-fentanyl-patch-side-effects","38":"product_tag-fentanyl-transdermal-patch","39":"product_tag-fentanyl-nplas-100-mcg","40":"product_tag-fentanyl-nplas-25-mcg-poulin-hodnota","41":"product_tag-fentanyl-nplas-50-mcg","42":"product_tag-fentanyl-nplas-75-mcg","43":"product_tag-fentanyl-n-c3-a1plas-c5-a5-protichorob","44":"product_tag-sandoz-fentanyl-nplas","45":"product_tag-how-to-break-down-fentanyl-patch","46":"product_tag-kam-nalepi-fentanylov-nplas","47":"product_tag-kam-umiestni-fentanylov-nplas","48":"product_tag-najlepie-miesto-na-nalepenie-fentanylovej-nplasti","49":"product_tag-poulinej-hodnoty-fentanylovej-nplasti","50":"product_tag-pouitie-fentanylovej-nplasti","51":"product_tag-fentanyl-nplas-na-predaj","52":"product_tag-smoking-fentanyl-patch","53":"product_tag-stiahnutia-fentanylovej-nplasti","54":"product_tag-striea-fentanyl-nplas","55":"product_tag-fentanyl-nplas-dvkovacia-tabuka","56":"product_tag-injekcia-fentanyl-nplas","58":"first","59":"instock","60":"shipping-taxable","61":"purchasable","62":"product-type-variable","63":"has-default-attributes"},"yoast_head":"<!-- This site is optimized with the Yoast SEO plugin v27.3 - https:\/\/yoast.com\/product\/yoast-seo-wordpress\/ -->\n<title>K\u00fapte si fentanylov\u00fa n\u00e1plas\u0165 na transderm\u00e1lny syst\u00e9m \u2013 najlep\u0161ie najlep\u0161ie glob\u00e1lne lieky<\/title>\n<meta name=\"description\" content=\"K\u00fapi\u0165\u00a0fentanylov\u00fa\u00a0n\u00e1plas\u0165\u00a0online\u00a0uk, fentanyl\u00a0online vo Ve\u013ekej Brit\u00e1nii, n\u00e1klady na\u00a0n\u00e1plasti fentanylu\u00a0uk,\u00a0k\u00fapi\u0165 fentanylov\u00e9 n\u00e1plasti\u00a0uk, fentanyl street price uk, fentanyl\u00a0n\u00e1plas\u0165\u00a0na predaj v\u00a0uk\" \/>\n<meta name=\"robots\" content=\"index, follow, max-snippet:-1, max-image-preview:large, max-video-preview:-1\" \/>\n<link rel=\"canonical\" href=\"https:\/\/medicinasinc.com\/sk\/product\/kupit-fentanyl-transdermalny-system-naplast\/\" \/>\n<meta property=\"og:locale\" content=\"en_US\" \/>\n<meta property=\"og:type\" content=\"article\" \/>\n<meta property=\"og:title\" content=\"K\u00fapte si fentanylov\u00fa n\u00e1plas\u0165 na transderm\u00e1lny syst\u00e9m \u2013 najlep\u0161ie najlep\u0161ie glob\u00e1lne lieky\" \/>\n<meta property=\"og:description\" content=\"K\u00fapi\u0165\u00a0fentanylov\u00fa\u00a0n\u00e1plas\u0165\u00a0online\u00a0uk, fentanyl\u00a0online vo Ve\u013ekej Brit\u00e1nii, n\u00e1klady na\u00a0n\u00e1plasti fentanylu\u00a0uk,\u00a0k\u00fapi\u0165 fentanylov\u00e9 n\u00e1plasti\u00a0uk, fentanyl street price uk, fentanyl\u00a0n\u00e1plas\u0165\u00a0na predaj v\u00a0uk\" \/>\n<meta property=\"og:url\" content=\"https:\/\/medicinasinc.com\/sk\/product\/kupit-fentanyl-transdermalny-system-naplast\/\" \/>\n<meta property=\"og:site_name\" content=\"Medicinas Inc\" \/>\n<meta property=\"article:modified_time\" content=\"2022-03-22T01:06:00+00:00\" \/>\n<meta property=\"og:image\" content=\"https:\/\/medicinasinc.com\/sk\/wp-content\/uploads\/sites\/10\/2022\/02\/buy-fentanyl-transdermal-system-patch.jpg\" \/>\n\t<meta property=\"og:image:width\" content=\"600\" \/>\n\t<meta property=\"og:image:height\" content=\"600\" \/>\n\t<meta property=\"og:image:type\" content=\"image\/jpeg\" \/>\n<meta name=\"twitter:card\" content=\"summary_large_image\" \/>\n<meta name=\"twitter:label1\" content=\"Est. reading time\" \/>\n\t<meta name=\"twitter:data1\" content=\"4 minutes\" \/>\n<script type=\"application\/ld+json\" class=\"yoast-schema-graph\">{\"@context\":\"https:\\\/\\\/schema.org\",\"@graph\":[{\"@type\":\"WebPage\",\"@id\":\"https:\\\/\\\/medicinasinc.com\\\/sk\\\/product\\\/kupit-fentanyl-transdermalny-system-naplast\\\/\",\"url\":\"https:\\\/\\\/medicinasinc.com\\\/sk\\\/product\\\/kupit-fentanyl-transdermalny-system-naplast\\\/\",\"name\":\"K\u00fapte si fentanylov\u00fa n\u00e1plas\u0165 na transderm\u00e1lny syst\u00e9m \u2013 najlep\u0161ie najlep\u0161ie glob\u00e1lne lieky\",\"isPartOf\":{\"@id\":\"https:\\\/\\\/medicinasinc.com\\\/sk\\\/#website\"},\"primaryImageOfPage\":{\"@id\":\"https:\\\/\\\/medicinasinc.com\\\/sk\\\/product\\\/kupit-fentanyl-transdermalny-system-naplast\\\/#primaryimage\"},\"image\":{\"@id\":\"https:\\\/\\\/medicinasinc.com\\\/sk\\\/product\\\/kupit-fentanyl-transdermalny-system-naplast\\\/#primaryimage\"},\"thumbnailUrl\":\"https:\\\/\\\/medicinasinc.com\\\/sk\\\/wp-content\\\/uploads\\\/sites\\\/10\\\/2022\\\/02\\\/buy-fentanyl-transdermal-system-patch.jpg\",\"datePublished\":\"2022-02-20T21:32:53+00:00\",\"dateModified\":\"2022-03-22T01:06:00+00:00\",\"description\":\"K\u00fapi\u0165\u00a0fentanylov\u00fa\u00a0n\u00e1plas\u0165\u00a0online\u00a0uk, fentanyl\u00a0online vo Ve\u013ekej Brit\u00e1nii, n\u00e1klady na\u00a0n\u00e1plasti fentanylu\u00a0uk,\u00a0k\u00fapi\u0165 fentanylov\u00e9 n\u00e1plasti\u00a0uk, fentanyl street price uk, fentanyl\u00a0n\u00e1plas\u0165\u00a0na predaj v\u00a0uk\",\"breadcrumb\":{\"@id\":\"https:\\\/\\\/medicinasinc.com\\\/sk\\\/product\\\/kupit-fentanyl-transdermalny-system-naplast\\\/#breadcrumb\"},\"inLanguage\":\"en-US\",\"potentialAction\":[{\"@type\":\"ReadAction\",\"target\":[\"https:\\\/\\\/medicinasinc.com\\\/sk\\\/product\\\/kupit-fentanyl-transdermalny-system-naplast\\\/\"]}]},{\"@type\":\"ImageObject\",\"inLanguage\":\"en-US\",\"@id\":\"https:\\\/\\\/medicinasinc.com\\\/sk\\\/product\\\/kupit-fentanyl-transdermalny-system-naplast\\\/#primaryimage\",\"url\":\"https:\\\/\\\/medicinasinc.com\\\/sk\\\/wp-content\\\/uploads\\\/sites\\\/10\\\/2022\\\/02\\\/buy-fentanyl-transdermal-system-patch.jpg\",\"contentUrl\":\"https:\\\/\\\/medicinasinc.com\\\/sk\\\/wp-content\\\/uploads\\\/sites\\\/10\\\/2022\\\/02\\\/buy-fentanyl-transdermal-system-patch.jpg\",\"width\":600,\"height\":600},{\"@type\":\"BreadcrumbList\",\"@id\":\"https:\\\/\\\/medicinasinc.com\\\/sk\\\/product\\\/kupit-fentanyl-transdermalny-system-naplast\\\/#breadcrumb\",\"itemListElement\":[{\"@type\":\"ListItem\",\"position\":1,\"name\":\"Obchod\",\"item\":\"https:\\\/\\\/medicinasinc.com\\\/sk\\\/obchod\\\/\"},{\"@type\":\"ListItem\",\"position\":2,\"name\":\"K\u00fapte si fentanylov\u00fa n\u00e1plas\u0165 na transderm\u00e1lny syst\u00e9m\"}]},{\"@type\":\"WebSite\",\"@id\":\"https:\\\/\\\/medicinasinc.com\\\/sk\\\/#website\",\"url\":\"https:\\\/\\\/medicinasinc.com\\\/sk\\\/\",\"name\":\"Medicinas Inc\",\"description\":\"Health Medical Clinic\",\"potentialAction\":[{\"@type\":\"SearchAction\",\"target\":{\"@type\":\"EntryPoint\",\"urlTemplate\":\"https:\\\/\\\/medicinasinc.com\\\/sk\\\/?s={search_term_string}\"},\"query-input\":{\"@type\":\"PropertyValueSpecification\",\"valueRequired\":true,\"valueName\":\"search_term_string\"}}],\"inLanguage\":\"en-US\"}]}<\/script>\n<!-- \/ Yoast SEO plugin. -->","yoast_head_json":{"title":"K\u00fapte si fentanylov\u00fa n\u00e1plas\u0165 na transderm\u00e1lny syst\u00e9m \u2013 najlep\u0161ie najlep\u0161ie glob\u00e1lne lieky","description":"K\u00fapi\u0165\u00a0fentanylov\u00fa\u00a0n\u00e1plas\u0165\u00a0online\u00a0uk, fentanyl\u00a0online vo Ve\u013ekej Brit\u00e1nii, n\u00e1klady na\u00a0n\u00e1plasti fentanylu\u00a0uk,\u00a0k\u00fapi\u0165 fentanylov\u00e9 n\u00e1plasti\u00a0uk, fentanyl street price uk, fentanyl\u00a0n\u00e1plas\u0165\u00a0na predaj v\u00a0uk","robots":{"index":"index","follow":"follow","max-snippet":"max-snippet:-1","max-image-preview":"max-image-preview:large","max-video-preview":"max-video-preview:-1"},"canonical":"https:\/\/medicinasinc.com\/sk\/product\/kupit-fentanyl-transdermalny-system-naplast\/","og_locale":"en_US","og_type":"article","og_title":"K\u00fapte si fentanylov\u00fa n\u00e1plas\u0165 na transderm\u00e1lny syst\u00e9m \u2013 najlep\u0161ie najlep\u0161ie glob\u00e1lne lieky","og_description":"K\u00fapi\u0165\u00a0fentanylov\u00fa\u00a0n\u00e1plas\u0165\u00a0online\u00a0uk, fentanyl\u00a0online vo Ve\u013ekej Brit\u00e1nii, n\u00e1klady na\u00a0n\u00e1plasti fentanylu\u00a0uk,\u00a0k\u00fapi\u0165 fentanylov\u00e9 n\u00e1plasti\u00a0uk, fentanyl street price uk, fentanyl\u00a0n\u00e1plas\u0165\u00a0na predaj v\u00a0uk","og_url":"https:\/\/medicinasinc.com\/sk\/product\/kupit-fentanyl-transdermalny-system-naplast\/","og_site_name":"Medicinas Inc","article_modified_time":"2022-03-22T01:06:00+00:00","og_image":[{"width":600,"height":600,"url":"https:\/\/medicinasinc.com\/sk\/wp-content\/uploads\/sites\/10\/2022\/02\/buy-fentanyl-transdermal-system-patch.jpg","type":"image\/jpeg"}],"twitter_card":"summary_large_image","twitter_misc":{"Est. reading time":"4 minutes"},"schema":{"@context":"https:\/\/schema.org","@graph":[{"@type":"WebPage","@id":"https:\/\/medicinasinc.com\/sk\/product\/kupit-fentanyl-transdermalny-system-naplast\/","url":"https:\/\/medicinasinc.com\/sk\/product\/kupit-fentanyl-transdermalny-system-naplast\/","name":"K\u00fapte si fentanylov\u00fa n\u00e1plas\u0165 na transderm\u00e1lny syst\u00e9m \u2013 najlep\u0161ie najlep\u0161ie glob\u00e1lne lieky","isPartOf":{"@id":"https:\/\/medicinasinc.com\/sk\/#website"},"primaryImageOfPage":{"@id":"https:\/\/medicinasinc.com\/sk\/product\/kupit-fentanyl-transdermalny-system-naplast\/#primaryimage"},"image":{"@id":"https:\/\/medicinasinc.com\/sk\/product\/kupit-fentanyl-transdermalny-system-naplast\/#primaryimage"},"thumbnailUrl":"https:\/\/medicinasinc.com\/sk\/wp-content\/uploads\/sites\/10\/2022\/02\/buy-fentanyl-transdermal-system-patch.jpg","datePublished":"2022-02-20T21:32:53+00:00","dateModified":"2022-03-22T01:06:00+00:00","description":"K\u00fapi\u0165\u00a0fentanylov\u00fa\u00a0n\u00e1plas\u0165\u00a0online\u00a0uk, fentanyl\u00a0online vo Ve\u013ekej Brit\u00e1nii, n\u00e1klady na\u00a0n\u00e1plasti fentanylu\u00a0uk,\u00a0k\u00fapi\u0165 fentanylov\u00e9 n\u00e1plasti\u00a0uk, fentanyl street price uk, fentanyl\u00a0n\u00e1plas\u0165\u00a0na predaj v\u00a0uk","breadcrumb":{"@id":"https:\/\/medicinasinc.com\/sk\/product\/kupit-fentanyl-transdermalny-system-naplast\/#breadcrumb"},"inLanguage":"en-US","potentialAction":[{"@type":"ReadAction","target":["https:\/\/medicinasinc.com\/sk\/product\/kupit-fentanyl-transdermalny-system-naplast\/"]}]},{"@type":"ImageObject","inLanguage":"en-US","@id":"https:\/\/medicinasinc.com\/sk\/product\/kupit-fentanyl-transdermalny-system-naplast\/#primaryimage","url":"https:\/\/medicinasinc.com\/sk\/wp-content\/uploads\/sites\/10\/2022\/02\/buy-fentanyl-transdermal-system-patch.jpg","contentUrl":"https:\/\/medicinasinc.com\/sk\/wp-content\/uploads\/sites\/10\/2022\/02\/buy-fentanyl-transdermal-system-patch.jpg","width":600,"height":600},{"@type":"BreadcrumbList","@id":"https:\/\/medicinasinc.com\/sk\/product\/kupit-fentanyl-transdermalny-system-naplast\/#breadcrumb","itemListElement":[{"@type":"ListItem","position":1,"name":"Obchod","item":"https:\/\/medicinasinc.com\/sk\/obchod\/"},{"@type":"ListItem","position":2,"name":"K\u00fapte si fentanylov\u00fa n\u00e1plas\u0165 na transderm\u00e1lny syst\u00e9m"}]},{"@type":"WebSite","@id":"https:\/\/medicinasinc.com\/sk\/#website","url":"https:\/\/medicinasinc.com\/sk\/","name":"Medicinas Inc","description":"Health Medical Clinic","potentialAction":[{"@type":"SearchAction","target":{"@type":"EntryPoint","urlTemplate":"https:\/\/medicinasinc.com\/sk\/?s={search_term_string}"},"query-input":{"@type":"PropertyValueSpecification","valueRequired":true,"valueName":"search_term_string"}}],"inLanguage":"en-US"}]}},"_links":{"self":[{"href":"https:\/\/medicinasinc.com\/sk\/wp-json\/wp\/v2\/product\/5182","targetHints":{"allow":["GET"]}}],"collection":[{"href":"https:\/\/medicinasinc.com\/sk\/wp-json\/wp\/v2\/product"}],"about":[{"href":"https:\/\/medicinasinc.com\/sk\/wp-json\/wp\/v2\/types\/product"}],"replies":[{"embeddable":true,"href":"https:\/\/medicinasinc.com\/sk\/wp-json\/wp\/v2\/comments?post=5182"}],"wp:featuredmedia":[{"embeddable":true,"href":"https:\/\/medicinasinc.com\/sk\/wp-json\/wp\/v2\/media\/5199"}],"wp:attachment":[{"href":"https:\/\/medicinasinc.com\/sk\/wp-json\/wp\/v2\/media?parent=5182"}],"wp:term":[{"taxonomy":"product_brand","embeddable":true,"href":"https:\/\/medicinasinc.com\/sk\/wp-json\/wp\/v2\/product_brand?post=5182"},{"taxonomy":"product_cat","embeddable":true,"href":"https:\/\/medicinasinc.com\/sk\/wp-json\/wp\/v2\/product_cat?post=5182"},{"taxonomy":"product_tag","embeddable":true,"href":"https:\/\/medicinasinc.com\/sk\/wp-json\/wp\/v2\/product_tag?post=5182"}],"curies":[{"name":"wp","href":"https:\/\/api.w.org\/{rel}","templated":true}]}}