{"id":5151,"date":"2022-02-20T21:07:35","date_gmt":"2022-02-20T21:07:35","guid":{"rendered":"https:\/\/medicinasinc.com\/sk\/?post_type=product&#038;p=5151"},"modified":"2022-03-22T01:06:08","modified_gmt":"2022-03-22T01:06:08","slug":"kupit-diazepam-10-mg","status":"publish","type":"product","link":"https:\/\/medicinasinc.com\/sk\/product\/kupit-diazepam-10-mg\/","title":{"rendered":"K\u00fapi\u0165 Diazepam 10 mg"},"content":{"rendered":"<p>K\u00fapte si 10 mg dextripamu online (Diazepam)<\/p>\n<p>Diazepam 10 mg na predaj online vo Ve\u013ekej Brit\u00e1nii, Eur\u00f3pe za najlep\u0161iu cenu je k dispoz\u00edcii tu. Leg\u00e1lne lieky s\u00fa dostupn\u00e9 na bestglobalmeds.com, d\u00f4veryhodnej online lek\u00e1rni. Zadan\u00edm objedn\u00e1vky online m\u00f4\u017eete u\u0161etri\u0165 \u010das a peniaze.<\/p>\n<p>Dextripam 10 mg tablety je mo\u017en\u00e9 zak\u00fapi\u0165 online. Diazepam je liek, ktor\u00fd sa pou\u017e\u00edva na lie\u010dbu \u00fazkosti, abstinen\u010dn\u00fdch pr\u00edznakov po alkohole alebo svalov\u00fdch k\u0155\u010dov.<\/p>\n<p>D\u00e1vku 10 mg diazepamu je mo\u017en\u00e9 zak\u00fapi\u0165 vo Ve\u013ekej Brit\u00e1nii. Diazepam (Valium 10 mg) je mo\u017en\u00e9 zak\u00fapi\u0165 na bestsleepingtablets.com. Na sklade m\u00e1me poriadnu z\u00e1sobu tabletiek Diazepam!<\/p>\n<p>Diazepam (generick\u00e9 v\u00e1lium) a in\u00e9&#8230; mo\u017eno porovn\u00e1va\u0165, daj\u00fa sa z\u00edska\u0165 tla\u010den\u00e9 kup\u00f3ny a daj\u00fa sa n\u00e1js\u0165 strat\u00e9gie na \u0161etrenie pe\u0148az\u00ed. M\u00f4\u017eete zada\u0165 objedn\u00e1vku online a necha\u0165 si ju doru\u010di\u0165 a\u017e k va\u0161im dver\u00e1m.<\/p>\n<div class=\"product-next-previous\">\n<div class=\"product-prev\"><\/div><\/div>\n","protected":false},"excerpt":{"rendered":"<p>K\u00fapte si Diazepam 10 mg na predaj online vo Ve\u013ekej Brit\u00e1nii, v Eur\u00f3pe za najlep\u0161iu cenu je k dispoz\u00edcii tu. Leg\u00e1lne lieky s\u00fa dostupn\u00e9 na bestglobalmeds.com, d\u00f4veryhodnej online lek\u00e1rni. Zadan\u00edm objedn\u00e1vky online m\u00f4\u017eete u\u0161etri\u0165 \u010das a peniaze.<\/p>\n<p>Dextripam 10 mg tablety je mo\u017en\u00e9 zak\u00fapi\u0165 online. Diazepam je liek, ktor\u00fd sa pou\u017e\u00edva na lie\u010dbu \u00fazkosti, abstinen\u010dn\u00fdch pr\u00edznakov po alkohole alebo svalov\u00fdch k\u0155\u010dov.<\/p>\n<p>D\u00e1vku 10 mg diazepamu je mo\u017en\u00e9 zak\u00fapi\u0165 vo Ve\u013ekej Brit\u00e1nii. Diazepam (Valium 10 mg) je mo\u017en\u00e9 zak\u00fapi\u0165 na bestsleepingtablets.com. M\u00e1me na sklade ve\u013ek\u00fa z\u00e1sobu tabletiek Diazepam!<\/p>\n<p>Diazepam (generick\u00e9 v\u00e1lium) a \u010fal\u0161ie&#8230; mo\u017eno porovna\u0165, z\u00edska\u0165 tla\u010den\u00e9 kup\u00f3ny a n\u00e1js\u0165 strat\u00e9gie \u0161etrenia pe\u0148az\u00ed. M\u00f4\u017eete zada\u0165 objedn\u00e1vku online a necha\u0165 si ju doru\u010di\u0165 a\u017e k va\u0161im dver\u00e1m.<\/p>\n","protected":false},"featured_media":5170,"comment_status":"open","ping_status":"closed","template":"","meta":[],"product_brand":[],"product_cat":[1117],"product_tag":[],"class_list":{"0":"post-5151","1":"product","2":"type-product","3":"status-publish","4":"has-post-thumbnail","6":"product_cat-kupte-si-tabletky-proti-bolesti-spanku-sexu","8":"first","9":"instock","10":"shipping-taxable","11":"purchasable","12":"product-type-variable","13":"has-default-attributes"},"yoast_head":"<!-- This site is optimized with the Yoast SEO plugin v27.3 - https:\/\/yoast.com\/product\/yoast-seo-wordpress\/ -->\n<title>K\u00fapi\u0165 Diazepam 10 mg - najlep\u0161ie najlep\u0161ie glob\u00e1lne lieky<\/title>\n<meta name=\"description\" content=\"K\u00fapte si Diazepam 10 mg na predaj vo Ve\u013ekej Brit\u00e1nii, Eur\u00f3pe online za najlep\u0161iu cenu. bestglobalmeds.com je d\u00f4veryhodn\u00e1 online lek\u00e1re\u0148 s leg\u00e1lnymi liekmi. Objednajte si online a \u0161etrite svoj \u010das a peniaze.\" \/>\n<meta name=\"robots\" content=\"index, follow, max-snippet:-1, max-image-preview:large, max-video-preview:-1\" \/>\n<link rel=\"canonical\" href=\"https:\/\/medicinasinc.com\/sk\/product\/kupit-diazepam-10-mg\/\" \/>\n<meta property=\"og:locale\" content=\"en_US\" \/>\n<meta property=\"og:type\" content=\"article\" \/>\n<meta property=\"og:title\" content=\"K\u00fapi\u0165 Diazepam 10 mg - najlep\u0161ie najlep\u0161ie glob\u00e1lne lieky\" \/>\n<meta property=\"og:description\" content=\"K\u00fapte si Diazepam 10 mg na predaj vo Ve\u013ekej Brit\u00e1nii, Eur\u00f3pe online za najlep\u0161iu cenu. bestglobalmeds.com je d\u00f4veryhodn\u00e1 online lek\u00e1re\u0148 s leg\u00e1lnymi liekmi. Objednajte si online a \u0161etrite svoj \u010das a peniaze.\" \/>\n<meta property=\"og:url\" content=\"https:\/\/medicinasinc.com\/sk\/product\/kupit-diazepam-10-mg\/\" \/>\n<meta property=\"og:site_name\" content=\"Medicinas Inc\" \/>\n<meta property=\"article:modified_time\" content=\"2022-03-22T01:06:08+00:00\" \/>\n<meta property=\"og:image\" content=\"https:\/\/medicinasinc.com\/sk\/wp-content\/uploads\/sites\/10\/2022\/02\/Buy-Diazepam-10-mg.jpg\" \/>\n\t<meta property=\"og:image:width\" content=\"400\" \/>\n\t<meta property=\"og:image:height\" content=\"400\" \/>\n\t<meta property=\"og:image:type\" content=\"image\/jpeg\" \/>\n<meta name=\"twitter:card\" content=\"summary_large_image\" \/>\n<meta name=\"twitter:label1\" content=\"Est. reading time\" \/>\n\t<meta name=\"twitter:data1\" content=\"1 minute\" \/>\n<script type=\"application\/ld+json\" class=\"yoast-schema-graph\">{\"@context\":\"https:\\\/\\\/schema.org\",\"@graph\":[{\"@type\":\"WebPage\",\"@id\":\"https:\\\/\\\/medicinasinc.com\\\/sk\\\/product\\\/kupit-diazepam-10-mg\\\/\",\"url\":\"https:\\\/\\\/medicinasinc.com\\\/sk\\\/product\\\/kupit-diazepam-10-mg\\\/\",\"name\":\"K\u00fapi\u0165 Diazepam 10 mg - najlep\u0161ie najlep\u0161ie glob\u00e1lne lieky\",\"isPartOf\":{\"@id\":\"https:\\\/\\\/medicinasinc.com\\\/sk\\\/#website\"},\"primaryImageOfPage\":{\"@id\":\"https:\\\/\\\/medicinasinc.com\\\/sk\\\/product\\\/kupit-diazepam-10-mg\\\/#primaryimage\"},\"image\":{\"@id\":\"https:\\\/\\\/medicinasinc.com\\\/sk\\\/product\\\/kupit-diazepam-10-mg\\\/#primaryimage\"},\"thumbnailUrl\":\"https:\\\/\\\/medicinasinc.com\\\/sk\\\/wp-content\\\/uploads\\\/sites\\\/10\\\/2022\\\/02\\\/Buy-Diazepam-10-mg.jpg\",\"datePublished\":\"2022-02-20T21:07:35+00:00\",\"dateModified\":\"2022-03-22T01:06:08+00:00\",\"description\":\"K\u00fapte si Diazepam 10 mg na predaj vo Ve\u013ekej Brit\u00e1nii, Eur\u00f3pe online za najlep\u0161iu cenu. bestglobalmeds.com je d\u00f4veryhodn\u00e1 online lek\u00e1re\u0148 s leg\u00e1lnymi liekmi. Objednajte si online a \u0161etrite svoj \u010das a peniaze.\",\"breadcrumb\":{\"@id\":\"https:\\\/\\\/medicinasinc.com\\\/sk\\\/product\\\/kupit-diazepam-10-mg\\\/#breadcrumb\"},\"inLanguage\":\"en-US\",\"potentialAction\":[{\"@type\":\"ReadAction\",\"target\":[\"https:\\\/\\\/medicinasinc.com\\\/sk\\\/product\\\/kupit-diazepam-10-mg\\\/\"]}]},{\"@type\":\"ImageObject\",\"inLanguage\":\"en-US\",\"@id\":\"https:\\\/\\\/medicinasinc.com\\\/sk\\\/product\\\/kupit-diazepam-10-mg\\\/#primaryimage\",\"url\":\"https:\\\/\\\/medicinasinc.com\\\/sk\\\/wp-content\\\/uploads\\\/sites\\\/10\\\/2022\\\/02\\\/Buy-Diazepam-10-mg.jpg\",\"contentUrl\":\"https:\\\/\\\/medicinasinc.com\\\/sk\\\/wp-content\\\/uploads\\\/sites\\\/10\\\/2022\\\/02\\\/Buy-Diazepam-10-mg.jpg\",\"width\":400,\"height\":400},{\"@type\":\"BreadcrumbList\",\"@id\":\"https:\\\/\\\/medicinasinc.com\\\/sk\\\/product\\\/kupit-diazepam-10-mg\\\/#breadcrumb\",\"itemListElement\":[{\"@type\":\"ListItem\",\"position\":1,\"name\":\"Obchod\",\"item\":\"https:\\\/\\\/medicinasinc.com\\\/sk\\\/obchod\\\/\"},{\"@type\":\"ListItem\",\"position\":2,\"name\":\"K\u00fapi\u0165 Diazepam 10 mg\"}]},{\"@type\":\"WebSite\",\"@id\":\"https:\\\/\\\/medicinasinc.com\\\/sk\\\/#website\",\"url\":\"https:\\\/\\\/medicinasinc.com\\\/sk\\\/\",\"name\":\"Medicinas Inc\",\"description\":\"Health Medical Clinic\",\"potentialAction\":[{\"@type\":\"SearchAction\",\"target\":{\"@type\":\"EntryPoint\",\"urlTemplate\":\"https:\\\/\\\/medicinasinc.com\\\/sk\\\/?s={search_term_string}\"},\"query-input\":{\"@type\":\"PropertyValueSpecification\",\"valueRequired\":true,\"valueName\":\"search_term_string\"}}],\"inLanguage\":\"en-US\"}]}<\/script>\n<!-- \/ Yoast SEO plugin. -->","yoast_head_json":{"title":"K\u00fapi\u0165 Diazepam 10 mg - najlep\u0161ie najlep\u0161ie glob\u00e1lne lieky","description":"K\u00fapte si Diazepam 10 mg na predaj vo Ve\u013ekej Brit\u00e1nii, Eur\u00f3pe online za najlep\u0161iu cenu. bestglobalmeds.com je d\u00f4veryhodn\u00e1 online lek\u00e1re\u0148 s leg\u00e1lnymi liekmi. Objednajte si online a \u0161etrite svoj \u010das a peniaze.","robots":{"index":"index","follow":"follow","max-snippet":"max-snippet:-1","max-image-preview":"max-image-preview:large","max-video-preview":"max-video-preview:-1"},"canonical":"https:\/\/medicinasinc.com\/sk\/product\/kupit-diazepam-10-mg\/","og_locale":"en_US","og_type":"article","og_title":"K\u00fapi\u0165 Diazepam 10 mg - najlep\u0161ie najlep\u0161ie glob\u00e1lne lieky","og_description":"K\u00fapte si Diazepam 10 mg na predaj vo Ve\u013ekej Brit\u00e1nii, Eur\u00f3pe online za najlep\u0161iu cenu. bestglobalmeds.com je d\u00f4veryhodn\u00e1 online lek\u00e1re\u0148 s leg\u00e1lnymi liekmi. Objednajte si online a \u0161etrite svoj \u010das a peniaze.","og_url":"https:\/\/medicinasinc.com\/sk\/product\/kupit-diazepam-10-mg\/","og_site_name":"Medicinas Inc","article_modified_time":"2022-03-22T01:06:08+00:00","og_image":[{"width":400,"height":400,"url":"https:\/\/medicinasinc.com\/sk\/wp-content\/uploads\/sites\/10\/2022\/02\/Buy-Diazepam-10-mg.jpg","type":"image\/jpeg"}],"twitter_card":"summary_large_image","twitter_misc":{"Est. reading time":"1 minute"},"schema":{"@context":"https:\/\/schema.org","@graph":[{"@type":"WebPage","@id":"https:\/\/medicinasinc.com\/sk\/product\/kupit-diazepam-10-mg\/","url":"https:\/\/medicinasinc.com\/sk\/product\/kupit-diazepam-10-mg\/","name":"K\u00fapi\u0165 Diazepam 10 mg - najlep\u0161ie najlep\u0161ie glob\u00e1lne lieky","isPartOf":{"@id":"https:\/\/medicinasinc.com\/sk\/#website"},"primaryImageOfPage":{"@id":"https:\/\/medicinasinc.com\/sk\/product\/kupit-diazepam-10-mg\/#primaryimage"},"image":{"@id":"https:\/\/medicinasinc.com\/sk\/product\/kupit-diazepam-10-mg\/#primaryimage"},"thumbnailUrl":"https:\/\/medicinasinc.com\/sk\/wp-content\/uploads\/sites\/10\/2022\/02\/Buy-Diazepam-10-mg.jpg","datePublished":"2022-02-20T21:07:35+00:00","dateModified":"2022-03-22T01:06:08+00:00","description":"K\u00fapte si Diazepam 10 mg na predaj vo Ve\u013ekej Brit\u00e1nii, Eur\u00f3pe online za najlep\u0161iu cenu. bestglobalmeds.com je d\u00f4veryhodn\u00e1 online lek\u00e1re\u0148 s leg\u00e1lnymi liekmi. Objednajte si online a \u0161etrite svoj \u010das a peniaze.","breadcrumb":{"@id":"https:\/\/medicinasinc.com\/sk\/product\/kupit-diazepam-10-mg\/#breadcrumb"},"inLanguage":"en-US","potentialAction":[{"@type":"ReadAction","target":["https:\/\/medicinasinc.com\/sk\/product\/kupit-diazepam-10-mg\/"]}]},{"@type":"ImageObject","inLanguage":"en-US","@id":"https:\/\/medicinasinc.com\/sk\/product\/kupit-diazepam-10-mg\/#primaryimage","url":"https:\/\/medicinasinc.com\/sk\/wp-content\/uploads\/sites\/10\/2022\/02\/Buy-Diazepam-10-mg.jpg","contentUrl":"https:\/\/medicinasinc.com\/sk\/wp-content\/uploads\/sites\/10\/2022\/02\/Buy-Diazepam-10-mg.jpg","width":400,"height":400},{"@type":"BreadcrumbList","@id":"https:\/\/medicinasinc.com\/sk\/product\/kupit-diazepam-10-mg\/#breadcrumb","itemListElement":[{"@type":"ListItem","position":1,"name":"Obchod","item":"https:\/\/medicinasinc.com\/sk\/obchod\/"},{"@type":"ListItem","position":2,"name":"K\u00fapi\u0165 Diazepam 10 mg"}]},{"@type":"WebSite","@id":"https:\/\/medicinasinc.com\/sk\/#website","url":"https:\/\/medicinasinc.com\/sk\/","name":"Medicinas Inc","description":"Health Medical Clinic","potentialAction":[{"@type":"SearchAction","target":{"@type":"EntryPoint","urlTemplate":"https:\/\/medicinasinc.com\/sk\/?s={search_term_string}"},"query-input":{"@type":"PropertyValueSpecification","valueRequired":true,"valueName":"search_term_string"}}],"inLanguage":"en-US"}]}},"_links":{"self":[{"href":"https:\/\/medicinasinc.com\/sk\/wp-json\/wp\/v2\/product\/5151","targetHints":{"allow":["GET"]}}],"collection":[{"href":"https:\/\/medicinasinc.com\/sk\/wp-json\/wp\/v2\/product"}],"about":[{"href":"https:\/\/medicinasinc.com\/sk\/wp-json\/wp\/v2\/types\/product"}],"replies":[{"embeddable":true,"href":"https:\/\/medicinasinc.com\/sk\/wp-json\/wp\/v2\/comments?post=5151"}],"wp:featuredmedia":[{"embeddable":true,"href":"https:\/\/medicinasinc.com\/sk\/wp-json\/wp\/v2\/media\/5170"}],"wp:attachment":[{"href":"https:\/\/medicinasinc.com\/sk\/wp-json\/wp\/v2\/media?parent=5151"}],"wp:term":[{"taxonomy":"product_brand","embeddable":true,"href":"https:\/\/medicinasinc.com\/sk\/wp-json\/wp\/v2\/product_brand?post=5151"},{"taxonomy":"product_cat","embeddable":true,"href":"https:\/\/medicinasinc.com\/sk\/wp-json\/wp\/v2\/product_cat?post=5151"},{"taxonomy":"product_tag","embeddable":true,"href":"https:\/\/medicinasinc.com\/sk\/wp-json\/wp\/v2\/product_tag?post=5151"}],"curies":[{"name":"wp","href":"https:\/\/api.w.org\/{rel}","templated":true}]}}