{"id":5149,"date":"2022-02-20T21:05:49","date_gmt":"2022-02-20T21:05:49","guid":{"rendered":"https:\/\/medicinasinc.com\/sk\/?post_type=product&#038;p=5149"},"modified":"2022-03-22T01:06:34","modified_gmt":"2022-03-22T01:06:34","slug":"kupit-kodein-sulfat-30-mg","status":"publish","type":"product","link":"https:\/\/medicinasinc.com\/sk\/product\/kupit-kodein-sulfat-30-mg\/","title":{"rendered":"K\u00fapi\u0165 Kode\u00edn sulf\u00e1t 30 mg"},"content":{"rendered":"<p>online n\u00e1kup 30 mg kode\u00ednfosf\u00e1tu<\/p>\n<p>Kode\u00edn\u00a0(fosf\u00e1t)\u00a030 mg\u00a0tablety\/tablety:<\/p>\n<p>Kode\u00edn\u00a0(fosf\u00e1t) lie\u010di boles\u0165 alebo ka\u0161e\u013e. Tento liek, ktor\u00fd zmier\u0148uje ka\u0161e\u013e a boles\u0165 v jednom, je narkotick\u00fd liek proti bolesti.<\/p>\n<p>Kode\u00edn fosf\u00e1t 30 mg si m\u00f4\u017eete k\u00fapi\u0165 na internete a necha\u0165 si ho cez noc doru\u010di\u0165 a\u017e k va\u0161im dver\u00e1m cez FedEx, a to bez lek\u00e1rskeho predpisu. pokia\u013e ste v USA.<\/p>\n<p>Codeine Phosphate 30 mg je mo\u017en\u00e9 zak\u00fapi\u0165 online s r\u00fdchlym, bezpe\u010dn\u00fdm a sledovate\u013en\u00fdm doru\u010den\u00edm pre v\u0161etky n\u00e1kupy. Teraz je \u010das k\u00fapi\u0165 si kode\u00edn fosf\u00e1t online.<\/p>\n<p>Tablety kode\u00edn fosf\u00e1tu (30 mg). Kode\u00edn je siln\u00e9 analgetikum, ktor\u00e9 mo\u017eno z\u00edska\u0165 iba na lek\u00e1rsky predpis. Siln\u00fd opi\u00e1t a narkotikum, ktor\u00e9 dobre funguje. Objednajte si\u00a0..<\/p>\n<p>sedat\u00edva pred\u00e1van\u00e9 bez lek\u00e1rskeho predpisu V s\u00fa\u010dasnosti s\u00fa na trhu. Kode\u00edn je liek proti bolesti, ktor\u00fd mo\u017eno pou\u017ei\u0165 na lie\u010dbu alebo prevenciu stredn\u00e9ho a\u017e \u0165a\u017ek\u00e9ho nepohodlia. M\u00f4\u017ee sa tie\u017e pou\u017ei\u0165 na lie\u010dbu r\u00f4znych ochoren\u00ed. Kode\u00edn je dostupn\u00fd bez lek\u00e1rskeho predpisu za ve\u013emi rozumn\u00fa cenu online.<\/p>\n","protected":false},"excerpt":{"rendered":"<p>Kode\u00edn\u00a0(fosfore\u010dnan)\u00a030 mg\u00a0tablety\/tablety: Kode\u00edn (fosfore\u010dnan) sa pou\u017e\u00edva na zmiernenie ka\u0161\u013ea a bolesti. Tento liek, ktor\u00fd zmier\u0148uje ka\u0161e\u013e a boles\u0165 v jednom, je narkotick\u00fd liek proti bolesti.<\/p>\n<p>Kode\u00edn fosf\u00e1t\u00a030 mg si m\u00f4\u017eete k\u00fapi\u0165 na internete a necha\u0165 si ho cez noc doru\u010di\u0165 a\u017e k va\u0161im dver\u00e1m cez FedEx, a to bez lek\u00e1rskeho predpisu. pokia\u013e ste v USA.<\/p>\n<p>Codeine Phosphate 30 mg je mo\u017en\u00e9 zak\u00fapi\u0165 online s r\u00fdchlym, bezpe\u010dn\u00fdm a sledovate\u013en\u00fdm doru\u010den\u00edm pre v\u0161etky n\u00e1kupy. Teraz je \u010das k\u00fapi\u0165 si kode\u00edn fosf\u00e1t online.<\/p>\n<p>Tablety kode\u00edn fosf\u00e1tu (30 mg). Kode\u00edn je siln\u00e9 analgetikum, ktor\u00e9 mo\u017eno z\u00edska\u0165 iba na lek\u00e1rsky predpis. Siln\u00fd opi\u00e1t a narkotikum, ktor\u00e9 dobre funguje. Objednajte si\u00a0..<\/p>\n<p>sedat\u00edva pred\u00e1van\u00e9 bez lek\u00e1rskeho predpisu V s\u00fa\u010dasnosti s\u00fa na trhu. Kode\u00edn je liek proti bolesti, ktor\u00fd mo\u017eno pou\u017ei\u0165 na lie\u010dbu alebo prevenciu stredn\u00e9ho a\u017e \u0165a\u017ek\u00e9ho nepohodlia. M\u00f4\u017ee sa tie\u017e pou\u017ei\u0165 na lie\u010dbu r\u00f4znych ochoren\u00ed. Kode\u00edn je dostupn\u00fd bez lek\u00e1rskeho predpisu za ve\u013emi rozumn\u00fa cenu online.<\/p>\n","protected":false},"featured_media":5166,"comment_status":"open","ping_status":"closed","template":"","meta":[],"product_brand":[],"product_cat":[1117],"product_tag":[],"class_list":{"0":"post-5149","1":"product","2":"type-product","3":"status-publish","4":"has-post-thumbnail","6":"product_cat-kupte-si-tabletky-proti-bolesti-spanku-sexu","8":"first","9":"instock","10":"shipping-taxable","11":"purchasable","12":"product-type-variable","13":"has-default-attributes"},"yoast_head":"<!-- This site is optimized with the Yoast SEO plugin v27.3 - https:\/\/yoast.com\/product\/yoast-seo-wordpress\/ -->\n<title>K\u00fapi\u0165 kode\u00edn sulf\u00e1t 30 mg - najlep\u0161ie najlep\u0161ie glob\u00e1lne lieky<\/title>\n<meta name=\"description\" content=\"K\u00fapte si kode\u00edn sulf\u00e1t 30 mg online, doprava cez noc, zna\u010dkov\u00e9 lieky, doru\u010denie cez FedEx, DPD Bez predpisu, USA, Spojen\u00e9 kr\u00e1\u013eovstvo, Eur\u00f3pa.\" \/>\n<meta name=\"robots\" content=\"index, follow, max-snippet:-1, max-image-preview:large, max-video-preview:-1\" \/>\n<link rel=\"canonical\" href=\"https:\/\/medicinasinc.com\/sk\/product\/kupit-kodein-sulfat-30-mg\/\" \/>\n<meta property=\"og:locale\" content=\"en_US\" \/>\n<meta property=\"og:type\" content=\"article\" \/>\n<meta property=\"og:title\" content=\"K\u00fapi\u0165 kode\u00edn sulf\u00e1t 30 mg - najlep\u0161ie najlep\u0161ie glob\u00e1lne lieky\" \/>\n<meta property=\"og:description\" content=\"K\u00fapte si kode\u00edn sulf\u00e1t 30 mg online, doprava cez noc, zna\u010dkov\u00e9 lieky, doru\u010denie cez FedEx, DPD Bez predpisu, USA, Spojen\u00e9 kr\u00e1\u013eovstvo, Eur\u00f3pa.\" \/>\n<meta property=\"og:url\" content=\"https:\/\/medicinasinc.com\/sk\/product\/kupit-kodein-sulfat-30-mg\/\" \/>\n<meta property=\"og:site_name\" content=\"Medicinas Inc\" \/>\n<meta property=\"article:modified_time\" content=\"2022-03-22T01:06:34+00:00\" \/>\n<meta property=\"og:image\" content=\"https:\/\/medicinasinc.com\/sk\/wp-content\/uploads\/sites\/10\/2022\/02\/buy-codeine-sulfate-30mg-online.jpg\" \/>\n\t<meta property=\"og:image:width\" content=\"600\" \/>\n\t<meta property=\"og:image:height\" content=\"600\" \/>\n\t<meta property=\"og:image:type\" content=\"image\/jpeg\" \/>\n<meta name=\"twitter:card\" content=\"summary_large_image\" \/>\n<meta name=\"twitter:label1\" content=\"Est. reading time\" \/>\n\t<meta name=\"twitter:data1\" content=\"1 minute\" \/>\n<script type=\"application\/ld+json\" class=\"yoast-schema-graph\">{\"@context\":\"https:\\\/\\\/schema.org\",\"@graph\":[{\"@type\":\"WebPage\",\"@id\":\"https:\\\/\\\/medicinasinc.com\\\/sk\\\/product\\\/kupit-kodein-sulfat-30-mg\\\/\",\"url\":\"https:\\\/\\\/medicinasinc.com\\\/sk\\\/product\\\/kupit-kodein-sulfat-30-mg\\\/\",\"name\":\"K\u00fapi\u0165 kode\u00edn sulf\u00e1t 30 mg - najlep\u0161ie najlep\u0161ie glob\u00e1lne lieky\",\"isPartOf\":{\"@id\":\"https:\\\/\\\/medicinasinc.com\\\/sk\\\/#website\"},\"primaryImageOfPage\":{\"@id\":\"https:\\\/\\\/medicinasinc.com\\\/sk\\\/product\\\/kupit-kodein-sulfat-30-mg\\\/#primaryimage\"},\"image\":{\"@id\":\"https:\\\/\\\/medicinasinc.com\\\/sk\\\/product\\\/kupit-kodein-sulfat-30-mg\\\/#primaryimage\"},\"thumbnailUrl\":\"https:\\\/\\\/medicinasinc.com\\\/sk\\\/wp-content\\\/uploads\\\/sites\\\/10\\\/2022\\\/02\\\/buy-codeine-sulfate-30mg-online.jpg\",\"datePublished\":\"2022-02-20T21:05:49+00:00\",\"dateModified\":\"2022-03-22T01:06:34+00:00\",\"description\":\"K\u00fapte si kode\u00edn sulf\u00e1t 30 mg online, doprava cez noc, zna\u010dkov\u00e9 lieky, doru\u010denie cez FedEx, DPD Bez predpisu, USA, Spojen\u00e9 kr\u00e1\u013eovstvo, Eur\u00f3pa.\",\"breadcrumb\":{\"@id\":\"https:\\\/\\\/medicinasinc.com\\\/sk\\\/product\\\/kupit-kodein-sulfat-30-mg\\\/#breadcrumb\"},\"inLanguage\":\"en-US\",\"potentialAction\":[{\"@type\":\"ReadAction\",\"target\":[\"https:\\\/\\\/medicinasinc.com\\\/sk\\\/product\\\/kupit-kodein-sulfat-30-mg\\\/\"]}]},{\"@type\":\"ImageObject\",\"inLanguage\":\"en-US\",\"@id\":\"https:\\\/\\\/medicinasinc.com\\\/sk\\\/product\\\/kupit-kodein-sulfat-30-mg\\\/#primaryimage\",\"url\":\"https:\\\/\\\/medicinasinc.com\\\/sk\\\/wp-content\\\/uploads\\\/sites\\\/10\\\/2022\\\/02\\\/buy-codeine-sulfate-30mg-online.jpg\",\"contentUrl\":\"https:\\\/\\\/medicinasinc.com\\\/sk\\\/wp-content\\\/uploads\\\/sites\\\/10\\\/2022\\\/02\\\/buy-codeine-sulfate-30mg-online.jpg\",\"width\":600,\"height\":600},{\"@type\":\"BreadcrumbList\",\"@id\":\"https:\\\/\\\/medicinasinc.com\\\/sk\\\/product\\\/kupit-kodein-sulfat-30-mg\\\/#breadcrumb\",\"itemListElement\":[{\"@type\":\"ListItem\",\"position\":1,\"name\":\"Obchod\",\"item\":\"https:\\\/\\\/medicinasinc.com\\\/sk\\\/obchod\\\/\"},{\"@type\":\"ListItem\",\"position\":2,\"name\":\"K\u00fapi\u0165 Kode\u00edn sulf\u00e1t 30 mg\"}]},{\"@type\":\"WebSite\",\"@id\":\"https:\\\/\\\/medicinasinc.com\\\/sk\\\/#website\",\"url\":\"https:\\\/\\\/medicinasinc.com\\\/sk\\\/\",\"name\":\"Medicinas Inc\",\"description\":\"Health Medical Clinic\",\"potentialAction\":[{\"@type\":\"SearchAction\",\"target\":{\"@type\":\"EntryPoint\",\"urlTemplate\":\"https:\\\/\\\/medicinasinc.com\\\/sk\\\/?s={search_term_string}\"},\"query-input\":{\"@type\":\"PropertyValueSpecification\",\"valueRequired\":true,\"valueName\":\"search_term_string\"}}],\"inLanguage\":\"en-US\"}]}<\/script>\n<!-- \/ Yoast SEO plugin. -->","yoast_head_json":{"title":"K\u00fapi\u0165 kode\u00edn sulf\u00e1t 30 mg - najlep\u0161ie najlep\u0161ie glob\u00e1lne lieky","description":"K\u00fapte si kode\u00edn sulf\u00e1t 30 mg online, doprava cez noc, zna\u010dkov\u00e9 lieky, doru\u010denie cez FedEx, DPD Bez predpisu, USA, Spojen\u00e9 kr\u00e1\u013eovstvo, Eur\u00f3pa.","robots":{"index":"index","follow":"follow","max-snippet":"max-snippet:-1","max-image-preview":"max-image-preview:large","max-video-preview":"max-video-preview:-1"},"canonical":"https:\/\/medicinasinc.com\/sk\/product\/kupit-kodein-sulfat-30-mg\/","og_locale":"en_US","og_type":"article","og_title":"K\u00fapi\u0165 kode\u00edn sulf\u00e1t 30 mg - najlep\u0161ie najlep\u0161ie glob\u00e1lne lieky","og_description":"K\u00fapte si kode\u00edn sulf\u00e1t 30 mg online, doprava cez noc, zna\u010dkov\u00e9 lieky, doru\u010denie cez FedEx, DPD Bez predpisu, USA, Spojen\u00e9 kr\u00e1\u013eovstvo, Eur\u00f3pa.","og_url":"https:\/\/medicinasinc.com\/sk\/product\/kupit-kodein-sulfat-30-mg\/","og_site_name":"Medicinas Inc","article_modified_time":"2022-03-22T01:06:34+00:00","og_image":[{"width":600,"height":600,"url":"https:\/\/medicinasinc.com\/sk\/wp-content\/uploads\/sites\/10\/2022\/02\/buy-codeine-sulfate-30mg-online.jpg","type":"image\/jpeg"}],"twitter_card":"summary_large_image","twitter_misc":{"Est. reading time":"1 minute"},"schema":{"@context":"https:\/\/schema.org","@graph":[{"@type":"WebPage","@id":"https:\/\/medicinasinc.com\/sk\/product\/kupit-kodein-sulfat-30-mg\/","url":"https:\/\/medicinasinc.com\/sk\/product\/kupit-kodein-sulfat-30-mg\/","name":"K\u00fapi\u0165 kode\u00edn sulf\u00e1t 30 mg - najlep\u0161ie najlep\u0161ie glob\u00e1lne lieky","isPartOf":{"@id":"https:\/\/medicinasinc.com\/sk\/#website"},"primaryImageOfPage":{"@id":"https:\/\/medicinasinc.com\/sk\/product\/kupit-kodein-sulfat-30-mg\/#primaryimage"},"image":{"@id":"https:\/\/medicinasinc.com\/sk\/product\/kupit-kodein-sulfat-30-mg\/#primaryimage"},"thumbnailUrl":"https:\/\/medicinasinc.com\/sk\/wp-content\/uploads\/sites\/10\/2022\/02\/buy-codeine-sulfate-30mg-online.jpg","datePublished":"2022-02-20T21:05:49+00:00","dateModified":"2022-03-22T01:06:34+00:00","description":"K\u00fapte si kode\u00edn sulf\u00e1t 30 mg online, doprava cez noc, zna\u010dkov\u00e9 lieky, doru\u010denie cez FedEx, DPD Bez predpisu, USA, Spojen\u00e9 kr\u00e1\u013eovstvo, Eur\u00f3pa.","breadcrumb":{"@id":"https:\/\/medicinasinc.com\/sk\/product\/kupit-kodein-sulfat-30-mg\/#breadcrumb"},"inLanguage":"en-US","potentialAction":[{"@type":"ReadAction","target":["https:\/\/medicinasinc.com\/sk\/product\/kupit-kodein-sulfat-30-mg\/"]}]},{"@type":"ImageObject","inLanguage":"en-US","@id":"https:\/\/medicinasinc.com\/sk\/product\/kupit-kodein-sulfat-30-mg\/#primaryimage","url":"https:\/\/medicinasinc.com\/sk\/wp-content\/uploads\/sites\/10\/2022\/02\/buy-codeine-sulfate-30mg-online.jpg","contentUrl":"https:\/\/medicinasinc.com\/sk\/wp-content\/uploads\/sites\/10\/2022\/02\/buy-codeine-sulfate-30mg-online.jpg","width":600,"height":600},{"@type":"BreadcrumbList","@id":"https:\/\/medicinasinc.com\/sk\/product\/kupit-kodein-sulfat-30-mg\/#breadcrumb","itemListElement":[{"@type":"ListItem","position":1,"name":"Obchod","item":"https:\/\/medicinasinc.com\/sk\/obchod\/"},{"@type":"ListItem","position":2,"name":"K\u00fapi\u0165 Kode\u00edn sulf\u00e1t 30 mg"}]},{"@type":"WebSite","@id":"https:\/\/medicinasinc.com\/sk\/#website","url":"https:\/\/medicinasinc.com\/sk\/","name":"Medicinas Inc","description":"Health Medical Clinic","potentialAction":[{"@type":"SearchAction","target":{"@type":"EntryPoint","urlTemplate":"https:\/\/medicinasinc.com\/sk\/?s={search_term_string}"},"query-input":{"@type":"PropertyValueSpecification","valueRequired":true,"valueName":"search_term_string"}}],"inLanguage":"en-US"}]}},"_links":{"self":[{"href":"https:\/\/medicinasinc.com\/sk\/wp-json\/wp\/v2\/product\/5149","targetHints":{"allow":["GET"]}}],"collection":[{"href":"https:\/\/medicinasinc.com\/sk\/wp-json\/wp\/v2\/product"}],"about":[{"href":"https:\/\/medicinasinc.com\/sk\/wp-json\/wp\/v2\/types\/product"}],"replies":[{"embeddable":true,"href":"https:\/\/medicinasinc.com\/sk\/wp-json\/wp\/v2\/comments?post=5149"}],"wp:featuredmedia":[{"embeddable":true,"href":"https:\/\/medicinasinc.com\/sk\/wp-json\/wp\/v2\/media\/5166"}],"wp:attachment":[{"href":"https:\/\/medicinasinc.com\/sk\/wp-json\/wp\/v2\/media?parent=5149"}],"wp:term":[{"taxonomy":"product_brand","embeddable":true,"href":"https:\/\/medicinasinc.com\/sk\/wp-json\/wp\/v2\/product_brand?post=5149"},{"taxonomy":"product_cat","embeddable":true,"href":"https:\/\/medicinasinc.com\/sk\/wp-json\/wp\/v2\/product_cat?post=5149"},{"taxonomy":"product_tag","embeddable":true,"href":"https:\/\/medicinasinc.com\/sk\/wp-json\/wp\/v2\/product_tag?post=5149"}],"curies":[{"name":"wp","href":"https:\/\/api.w.org\/{rel}","templated":true}]}}