{"id":5148,"date":"2022-02-20T21:04:44","date_gmt":"2022-02-20T21:04:44","guid":{"rendered":"https:\/\/medicinasinc.com\/sk\/?post_type=product&#038;p=5148"},"modified":"2022-03-22T01:06:42","modified_gmt":"2022-03-22T01:06:42","slug":"buy-bunex-0-2mg-buprenorfin","status":"publish","type":"product","link":"https:\/\/medicinasinc.com\/sk\/product\/buy-bunex-0-2mg-buprenorfin\/","title":{"rendered":"K\u00fapi\u0165 Bunex 0,2 mg (buprenorf\u00edn)"},"content":{"rendered":"<p>Bunex Buprenorf\u00ednov\u00e9 tabletky je mo\u017en\u00e9 zak\u00fapi\u0165 cez internet.<\/p>\n<p>Kde z\u00edskam buprenorf\u00edn? Kde z\u00edskam vo\u013ene predajn\u00fd buprenorf\u00edn?<\/p>\n<p>Je to polosyntetick\u00fd liek proti bolesti vyvinut\u00fd z prirodzene sa vyskytuj\u00facich chemick\u00fdch zl\u00fa\u010den\u00edn maku \u00f3piov\u00e9ho. \u00d3piov\u00fd mak je zdrojom chemickej l\u00e1tky teba\u00edn, ktor\u00e1 sa pou\u017e\u00edva na v\u00fdrobu buprenorf\u00ednu. Preto\u017ee buprenorf\u00edn je semisyntetick\u00fd, ide o syntetick\u00fd opioid. V\u0161etky drogy poch\u00e1dzaj\u00face z maku siateho sa v lek\u00e1rskej komunite ozna\u010duj\u00fa ako opioidy. Opioidy patria medzi naj\u00fa\u010dinnej\u0161ie dostupn\u00e9 lieky proti bolesti s \u00fa\u010dinkami, ktor\u00e9 v\u00fdrazne preva\u017euj\u00fa nad \u00fa\u010dinkami v\u00e4\u010d\u0161iny in\u00fdch liekov.<\/p>\n<p>V akom zmysle \u00fa\u010dinkuje liek buprenorf\u00edn? Kde k\u00fapi\u0165 buprenorf\u00edn<\/p>\n<p>Po vstreban\u00ed do krvn\u00e9ho obehu m\u00e1 buprenorf\u00edn \u00fa\u010dinok na nervov\u00fd syst\u00e9m. K tomu doch\u00e1dza, ke\u010f buprenorf\u00edn vstupuje do mozgu, kde blokuje nervov\u00e9 zakon\u010denia, ktor\u00e9 pren\u00e1\u0161aj\u00fa boles\u0165. Buprenorf\u00edn nerie\u0161i z\u00e1kladn\u00fa pr\u00ed\u010dinu pacientovho nepohodlia; sk\u00f4r to zni\u017euje ich vn\u00edmanie, \u010do im umo\u017e\u0148uje uvo\u013eni\u0165 sa.<\/p>\n<p>\u013du\u010fom sa buprenorf\u00edn predpisuje pravidelne. Boles\u0165 zo svalov\u00fdch k\u0155\u010dov je naj\u010dastej\u0161\u00edm d\u00f4vodom, pre\u010do \u013eudia u\u017e\u00edvaj\u00fa buprenorf\u00edn. Ak niekedy poc\u00edtite k\u0155\u010d, zv\u00e1\u017ete k\u00fapu buprenorf\u00ednu, aby ste zistili, \u010di v\u00e1m m\u00f4\u017ee pom\u00f4c\u0165 vyrovna\u0165 sa s nepr\u00edjemn\u00fdmi pocitmi.<br \/> Pacientom, ktor\u00ed podst\u00fapili oper\u00e1ciu alebo sa vyrovn\u00e1vaj\u00fa so zlomeninami, lek\u00e1ri zvy\u010dajne predpisuj\u00fa buprenorf\u00edn. Buprenorf\u00edn pom\u00e1ha t\u00fdmto jednotlivcom zvl\u00e1da\u0165 ich bolesti, k\u00fdm sa nevylie\u010dia zo z\u00e1kladn\u00e9ho zdroja ich nepohodlia.<\/p>\n<p>V akom zmysle liek buprenorf\u00edn \u00fa\u010dinkuje? Kde k\u00fapi\u0165 buprenorf\u00edn<\/p>\n<p>\u00darove\u0148 nepohodlia a du\u0161evn\u00e1 sila osoby v\u00fdrazne ovplyv\u0148uj\u00fa d\u00e1vku buprenorf\u00ednu. Zvy\u010dajne by sa mala najsk\u00f4r vysk\u00fa\u0161a\u0165 n\u00edzka d\u00e1vka 8 mg a ak to nefunguje, mala by sa vysk\u00fa\u0161a\u0165 vy\u0161\u0161ia d\u00e1vka 16 mg. Buprenorf\u00edn sa m\u00f4\u017ee zv\u00fd\u0161i\u0165 na 24 mg, aj ke\u010f je 16 mg ne\u00fa\u010dinn\u00fdch. Vo v\u0161eobecnosti, ak si pl\u00e1nujete k\u00fapi\u0165 buprenorf\u00edn online bez lek\u00e1rskeho predpisu, neprekra\u010dujte t\u00fato odpor\u00fa\u010dan\u00fa d\u00e1vku.<\/p>\n<p>V akom zmysle liek buprenorf\u00edn \u00fa\u010dinkuje? Kde k\u00fapi\u0165 buprenorf\u00edn<\/p>\n<p>Pre tehotn\u00e9 \u017eeny nie je buprenorf\u00edn vhodnou lie\u010dbou, preto\u017ee m\u00e1 v\u00fdznamn\u00fd vplyv na reproduk\u010dn\u00fd syst\u00e9m \u017eien. U\u017e\u00edvanie buprenorf\u00ednu m\u00f4\u017ee by\u0165 nebezpe\u010dn\u00e9 pre niektor\u00fdch \u013eud\u00ed, ktor\u00ed s\u00fa citliv\u00ed na opioidy. Kv\u00f4li nebezpe\u010denstvu u\u017e\u00edvania buprenorf\u00ednu u pacientov s rakovinou by sa mali pred n\u00e1kupom buprenorf\u00ednu online poradi\u0165 s lek\u00e1rom.<\/p>\n<p>Okrem ospalosti, lenivosti, z\u00e1vratov, bolest\u00ed hlavy a nevo\u013enosti m\u00f4\u017ee buprenorf\u00edn sp\u00f4sobova\u0165 mno\u017estvo in\u00fdch ne\u017eiaducich \u00fa\u010dinkov. . Okrem toho m\u00f4\u017ee u niektor\u00fdch \u013eud\u00ed d\u00f4js\u0165 k zmene hmatu, v takom pr\u00edpade by mali vyh\u013eada\u0165 lek\u00e1rsku pomoc.<\/p>\n<p>\u00da\u010dinok buprenorf\u00ednu<br \/> Aplik\u00e1cie buprenorf\u00ednu<br \/> Ne\u017eiaduce reakcie na Buprenorf\u00edn Sympt\u00f3my z\u00e1vislosti od buprenorf\u00ednu<\/p>\n","protected":false},"excerpt":{"rendered":"<p>K\u00fapte si Bunex 0,2 mg (buprenorf\u00edn) na predaj vo Ve\u013ekej Brit\u00e1nii, E\u00da online z lek\u00e1rne Bestglobalmeds.com.com za lacn\u00e9 a dostupn\u00e9 ceny s bezpe\u010dnou a r\u00fdchlou dopravou<\/p>\n<p>K\u00fapte si Bunex 0,2 mg (buprenorf\u00edn) online \u2013 od Online lek\u00e1re\u0148 Bestglobalmeds.com.com za lacn\u00e9 a dostupn\u00e9 ceny s bezpe\u010dnou a r\u00fdchlou dopravou. Kontaktujte n\u00e1s na adrese info@bestglobalmeds.com<\/p>\n<p>K\u00fapte si Bunex 0,2 mg (buprenorf\u00edn) online<\/p>\n<p>Bunex 0,2 mg (buprenorf\u00edn) ceny online<\/p>\n<p>Ceny Bunex 0,2 mg (buprenorf\u00edn)<\/p>\n<p>&nbsp;<\/p>\n<p>k\u00fapi\u0165 Bunex 0,2 mg (buprenorf\u00edn)<\/p>\n","protected":false},"featured_media":5164,"comment_status":"open","ping_status":"closed","template":"","meta":[],"product_brand":[],"product_cat":[1117],"product_tag":[1240,1239,1241,1242,1237,1238,1243,1244,1245,1246],"class_list":{"0":"post-5148","1":"product","2":"type-product","3":"status-publish","4":"has-post-thumbnail","6":"product_cat-kupte-si-tabletky-proti-bolesti-spanku-sexu","7":"product_tag-bunex-buprenorphine-0-2mg-by-safe-pharma","8":"product_tag-bunex-buprenorfn-0-20-mg-online","9":"product_tag-bunex-buprenorfn-8-mg","10":"product_tag-bunex-buprenorfn-online","11":"product_tag-bunex-buprenorphine-0-20mg","12":"product_tag-bunex-buprenorphine-0-20mg-and-steroids","13":"product_tag-bunex-buprenorfn","14":"product_tag-buy-buprenorphine-bunex-0-20mg","15":"product_tag-cbt-farmaceutik-obchod-s-liekmi-proti-bolesti-bunex-buprenorfn-20-mg","16":"product_tag-tramapartramadol-hcl-paracetamol-cena-3-kpi-online-bunexbuprenorfn","18":"first","19":"instock","20":"shipping-taxable","21":"purchasable","22":"product-type-variable","23":"has-default-attributes"},"yoast_head":"<!-- This site is optimized with the Yoast SEO plugin v27.3 - https:\/\/yoast.com\/product\/yoast-seo-wordpress\/ -->\n<title>K\u00fapi\u0165 Bunex 0,2 mg (Buprenorphine) - Researchem<\/title>\n<meta name=\"description\" content=\"K\u00fapte si Bunex 0,2 mg (buprenorf\u00edn) na predaj vo Ve\u013ekej Brit\u00e1nii, E\u00da online z lek\u00e1rne Bestglobalmeds.com.com za lacn\u00e9 a dostupn\u00e9 ceny s bezpe\u010dnou a r\u00fdchlou dopravou\" \/>\n<meta name=\"robots\" content=\"index, follow, max-snippet:-1, max-image-preview:large, max-video-preview:-1\" \/>\n<link rel=\"canonical\" href=\"https:\/\/medicinasinc.com\/sk\/product\/buy-bunex-0-2mg-buprenorfin\/\" \/>\n<meta property=\"og:locale\" content=\"en_US\" \/>\n<meta property=\"og:type\" content=\"article\" \/>\n<meta property=\"og:title\" content=\"K\u00fapi\u0165 Bunex 0,2 mg (Buprenorphine) - Researchem\" \/>\n<meta property=\"og:description\" content=\"K\u00fapte si Bunex 0,2 mg (buprenorf\u00edn) na predaj vo Ve\u013ekej Brit\u00e1nii, E\u00da online z lek\u00e1rne Bestglobalmeds.com.com za lacn\u00e9 a dostupn\u00e9 ceny s bezpe\u010dnou a r\u00fdchlou dopravou\" \/>\n<meta property=\"og:url\" content=\"https:\/\/medicinasinc.com\/sk\/product\/buy-bunex-0-2mg-buprenorfin\/\" \/>\n<meta property=\"og:site_name\" content=\"Medicinas Inc\" \/>\n<meta property=\"article:modified_time\" content=\"2022-03-22T01:06:42+00:00\" \/>\n<meta property=\"og:image\" content=\"https:\/\/medicinasinc.com\/sk\/wp-content\/uploads\/sites\/10\/2022\/02\/Buy-Bunex-0.2mg.jpg\" \/>\n\t<meta property=\"og:image:width\" content=\"600\" \/>\n\t<meta property=\"og:image:height\" content=\"600\" \/>\n\t<meta property=\"og:image:type\" content=\"image\/jpeg\" \/>\n<meta name=\"twitter:card\" content=\"summary_large_image\" \/>\n<meta name=\"twitter:label1\" content=\"Est. reading time\" \/>\n\t<meta name=\"twitter:data1\" content=\"2 minutes\" \/>\n<script type=\"application\/ld+json\" class=\"yoast-schema-graph\">{\"@context\":\"https:\\\/\\\/schema.org\",\"@graph\":[{\"@type\":\"WebPage\",\"@id\":\"https:\\\/\\\/medicinasinc.com\\\/sk\\\/product\\\/buy-bunex-0-2mg-buprenorfin\\\/\",\"url\":\"https:\\\/\\\/medicinasinc.com\\\/sk\\\/product\\\/buy-bunex-0-2mg-buprenorfin\\\/\",\"name\":\"K\u00fapi\u0165 Bunex 0,2 mg (Buprenorphine) - Researchem\",\"isPartOf\":{\"@id\":\"https:\\\/\\\/medicinasinc.com\\\/sk\\\/#website\"},\"primaryImageOfPage\":{\"@id\":\"https:\\\/\\\/medicinasinc.com\\\/sk\\\/product\\\/buy-bunex-0-2mg-buprenorfin\\\/#primaryimage\"},\"image\":{\"@id\":\"https:\\\/\\\/medicinasinc.com\\\/sk\\\/product\\\/buy-bunex-0-2mg-buprenorfin\\\/#primaryimage\"},\"thumbnailUrl\":\"https:\\\/\\\/medicinasinc.com\\\/sk\\\/wp-content\\\/uploads\\\/sites\\\/10\\\/2022\\\/02\\\/Buy-Bunex-0.2mg.jpg\",\"datePublished\":\"2022-02-20T21:04:44+00:00\",\"dateModified\":\"2022-03-22T01:06:42+00:00\",\"description\":\"K\u00fapte si Bunex 0,2 mg (buprenorf\u00edn) na predaj vo Ve\u013ekej Brit\u00e1nii, E\u00da online z lek\u00e1rne Bestglobalmeds.com.com za lacn\u00e9 a dostupn\u00e9 ceny s bezpe\u010dnou a r\u00fdchlou dopravou\",\"breadcrumb\":{\"@id\":\"https:\\\/\\\/medicinasinc.com\\\/sk\\\/product\\\/buy-bunex-0-2mg-buprenorfin\\\/#breadcrumb\"},\"inLanguage\":\"en-US\",\"potentialAction\":[{\"@type\":\"ReadAction\",\"target\":[\"https:\\\/\\\/medicinasinc.com\\\/sk\\\/product\\\/buy-bunex-0-2mg-buprenorfin\\\/\"]}]},{\"@type\":\"ImageObject\",\"inLanguage\":\"en-US\",\"@id\":\"https:\\\/\\\/medicinasinc.com\\\/sk\\\/product\\\/buy-bunex-0-2mg-buprenorfin\\\/#primaryimage\",\"url\":\"https:\\\/\\\/medicinasinc.com\\\/sk\\\/wp-content\\\/uploads\\\/sites\\\/10\\\/2022\\\/02\\\/Buy-Bunex-0.2mg.jpg\",\"contentUrl\":\"https:\\\/\\\/medicinasinc.com\\\/sk\\\/wp-content\\\/uploads\\\/sites\\\/10\\\/2022\\\/02\\\/Buy-Bunex-0.2mg.jpg\",\"width\":600,\"height\":600},{\"@type\":\"BreadcrumbList\",\"@id\":\"https:\\\/\\\/medicinasinc.com\\\/sk\\\/product\\\/buy-bunex-0-2mg-buprenorfin\\\/#breadcrumb\",\"itemListElement\":[{\"@type\":\"ListItem\",\"position\":1,\"name\":\"Obchod\",\"item\":\"https:\\\/\\\/medicinasinc.com\\\/sk\\\/obchod\\\/\"},{\"@type\":\"ListItem\",\"position\":2,\"name\":\"K\u00fapi\u0165 Bunex 0,2 mg (buprenorf\u00edn)\"}]},{\"@type\":\"WebSite\",\"@id\":\"https:\\\/\\\/medicinasinc.com\\\/sk\\\/#website\",\"url\":\"https:\\\/\\\/medicinasinc.com\\\/sk\\\/\",\"name\":\"Medicinas Inc\",\"description\":\"Health Medical Clinic\",\"potentialAction\":[{\"@type\":\"SearchAction\",\"target\":{\"@type\":\"EntryPoint\",\"urlTemplate\":\"https:\\\/\\\/medicinasinc.com\\\/sk\\\/?s={search_term_string}\"},\"query-input\":{\"@type\":\"PropertyValueSpecification\",\"valueRequired\":true,\"valueName\":\"search_term_string\"}}],\"inLanguage\":\"en-US\"}]}<\/script>\n<!-- \/ Yoast SEO plugin. -->","yoast_head_json":{"title":"K\u00fapi\u0165 Bunex 0,2 mg (Buprenorphine) - Researchem","description":"K\u00fapte si Bunex 0,2 mg (buprenorf\u00edn) na predaj vo Ve\u013ekej Brit\u00e1nii, E\u00da online z lek\u00e1rne Bestglobalmeds.com.com za lacn\u00e9 a dostupn\u00e9 ceny s bezpe\u010dnou a r\u00fdchlou dopravou","robots":{"index":"index","follow":"follow","max-snippet":"max-snippet:-1","max-image-preview":"max-image-preview:large","max-video-preview":"max-video-preview:-1"},"canonical":"https:\/\/medicinasinc.com\/sk\/product\/buy-bunex-0-2mg-buprenorfin\/","og_locale":"en_US","og_type":"article","og_title":"K\u00fapi\u0165 Bunex 0,2 mg (Buprenorphine) - Researchem","og_description":"K\u00fapte si Bunex 0,2 mg (buprenorf\u00edn) na predaj vo Ve\u013ekej Brit\u00e1nii, E\u00da online z lek\u00e1rne Bestglobalmeds.com.com za lacn\u00e9 a dostupn\u00e9 ceny s bezpe\u010dnou a r\u00fdchlou dopravou","og_url":"https:\/\/medicinasinc.com\/sk\/product\/buy-bunex-0-2mg-buprenorfin\/","og_site_name":"Medicinas Inc","article_modified_time":"2022-03-22T01:06:42+00:00","og_image":[{"width":600,"height":600,"url":"https:\/\/medicinasinc.com\/sk\/wp-content\/uploads\/sites\/10\/2022\/02\/Buy-Bunex-0.2mg.jpg","type":"image\/jpeg"}],"twitter_card":"summary_large_image","twitter_misc":{"Est. reading time":"2 minutes"},"schema":{"@context":"https:\/\/schema.org","@graph":[{"@type":"WebPage","@id":"https:\/\/medicinasinc.com\/sk\/product\/buy-bunex-0-2mg-buprenorfin\/","url":"https:\/\/medicinasinc.com\/sk\/product\/buy-bunex-0-2mg-buprenorfin\/","name":"K\u00fapi\u0165 Bunex 0,2 mg (Buprenorphine) - Researchem","isPartOf":{"@id":"https:\/\/medicinasinc.com\/sk\/#website"},"primaryImageOfPage":{"@id":"https:\/\/medicinasinc.com\/sk\/product\/buy-bunex-0-2mg-buprenorfin\/#primaryimage"},"image":{"@id":"https:\/\/medicinasinc.com\/sk\/product\/buy-bunex-0-2mg-buprenorfin\/#primaryimage"},"thumbnailUrl":"https:\/\/medicinasinc.com\/sk\/wp-content\/uploads\/sites\/10\/2022\/02\/Buy-Bunex-0.2mg.jpg","datePublished":"2022-02-20T21:04:44+00:00","dateModified":"2022-03-22T01:06:42+00:00","description":"K\u00fapte si Bunex 0,2 mg (buprenorf\u00edn) na predaj vo Ve\u013ekej Brit\u00e1nii, E\u00da online z lek\u00e1rne Bestglobalmeds.com.com za lacn\u00e9 a dostupn\u00e9 ceny s bezpe\u010dnou a r\u00fdchlou dopravou","breadcrumb":{"@id":"https:\/\/medicinasinc.com\/sk\/product\/buy-bunex-0-2mg-buprenorfin\/#breadcrumb"},"inLanguage":"en-US","potentialAction":[{"@type":"ReadAction","target":["https:\/\/medicinasinc.com\/sk\/product\/buy-bunex-0-2mg-buprenorfin\/"]}]},{"@type":"ImageObject","inLanguage":"en-US","@id":"https:\/\/medicinasinc.com\/sk\/product\/buy-bunex-0-2mg-buprenorfin\/#primaryimage","url":"https:\/\/medicinasinc.com\/sk\/wp-content\/uploads\/sites\/10\/2022\/02\/Buy-Bunex-0.2mg.jpg","contentUrl":"https:\/\/medicinasinc.com\/sk\/wp-content\/uploads\/sites\/10\/2022\/02\/Buy-Bunex-0.2mg.jpg","width":600,"height":600},{"@type":"BreadcrumbList","@id":"https:\/\/medicinasinc.com\/sk\/product\/buy-bunex-0-2mg-buprenorfin\/#breadcrumb","itemListElement":[{"@type":"ListItem","position":1,"name":"Obchod","item":"https:\/\/medicinasinc.com\/sk\/obchod\/"},{"@type":"ListItem","position":2,"name":"K\u00fapi\u0165 Bunex 0,2 mg (buprenorf\u00edn)"}]},{"@type":"WebSite","@id":"https:\/\/medicinasinc.com\/sk\/#website","url":"https:\/\/medicinasinc.com\/sk\/","name":"Medicinas Inc","description":"Health Medical Clinic","potentialAction":[{"@type":"SearchAction","target":{"@type":"EntryPoint","urlTemplate":"https:\/\/medicinasinc.com\/sk\/?s={search_term_string}"},"query-input":{"@type":"PropertyValueSpecification","valueRequired":true,"valueName":"search_term_string"}}],"inLanguage":"en-US"}]}},"_links":{"self":[{"href":"https:\/\/medicinasinc.com\/sk\/wp-json\/wp\/v2\/product\/5148","targetHints":{"allow":["GET"]}}],"collection":[{"href":"https:\/\/medicinasinc.com\/sk\/wp-json\/wp\/v2\/product"}],"about":[{"href":"https:\/\/medicinasinc.com\/sk\/wp-json\/wp\/v2\/types\/product"}],"replies":[{"embeddable":true,"href":"https:\/\/medicinasinc.com\/sk\/wp-json\/wp\/v2\/comments?post=5148"}],"wp:featuredmedia":[{"embeddable":true,"href":"https:\/\/medicinasinc.com\/sk\/wp-json\/wp\/v2\/media\/5164"}],"wp:attachment":[{"href":"https:\/\/medicinasinc.com\/sk\/wp-json\/wp\/v2\/media?parent=5148"}],"wp:term":[{"taxonomy":"product_brand","embeddable":true,"href":"https:\/\/medicinasinc.com\/sk\/wp-json\/wp\/v2\/product_brand?post=5148"},{"taxonomy":"product_cat","embeddable":true,"href":"https:\/\/medicinasinc.com\/sk\/wp-json\/wp\/v2\/product_cat?post=5148"},{"taxonomy":"product_tag","embeddable":true,"href":"https:\/\/medicinasinc.com\/sk\/wp-json\/wp\/v2\/product_tag?post=5148"}],"curies":[{"name":"wp","href":"https:\/\/api.w.org\/{rel}","templated":true}]}}