{"id":5124,"date":"2022-02-20T20:42:48","date_gmt":"2022-02-20T20:42:48","guid":{"rendered":"https:\/\/medicinasinc.com\/sk\/?post_type=product&#038;p=5124"},"modified":"2022-03-22T01:07:02","modified_gmt":"2022-03-22T01:07:02","slug":"buy-ambien-10-mg","status":"publish","type":"product","link":"https:\/\/medicinasinc.com\/sk\/product\/buy-ambien-10-mg\/","title":{"rendered":"K\u00fapi\u0165 Ambien 10 mg"},"content":{"rendered":"<div class=\"ty-tabs cm-j-tabs clearfix\">\n<p>k\u00fapte si Ambien 10 mg online<\/p>\n<h2><a href=\"https:\/\/www.bestglobalmeds.com\/category\/blog\/\" target=\"_blank\" rel=\"noopener\">K\u00fapi\u0165 Ambien 10 mg cez noc<\/a><\/h2>\n<h2>K\u00fapi\u0165 Ambien 10 mg online<\/h2>\n<p>Najni\u017e\u0161ia cena\u00a0<em>Ambien<\/em>\u00a0(<em>Zolpidem<\/em>\u00a05 mg &amp;\u00a0<em>10 mg<\/em>) Tabletky a prv\u00e1 leg\u00e1lna registrovan\u00e1 online lek\u00e1rska slu\u017eba v USA, ktor\u00e1 ich pon\u00faka. Free Tracked UK Delivery.Ambien, Zolpidem, ambien\u00a0<em>10 mg<\/em>, Zolpidem tartr\u00e1t, k\u00fapi\u0165 pr\u00e1\u0161ky na spanie online, k\u00fapi\u0165 proti \u00fazkosti online, antidepres\u00edva,\u00a0<em>k\u00fapi\u0165 ambien<\/em>\u00a0bez lek\u00e1rskeho predpisu.<\/p>\n<ul class=\"ty-tabs__list\">\n<li id=\"description\" class=\"ty-tabs__item cm-js active\"><a class=\"ty-tabs__a\">Popis<\/a><\/li>\n<li id=\"product_tab_9\" class=\"ty-tabs__item cm-js\"><a class=\"ty-tabs__a\">Inform\u00e1cie o pacientovi<\/a><\/li>\n<\/ul><\/div>\n<div id=\"tabs_content \" class=\"cm-tabs-content ty-tabs__content clearfix\">\n<div id=\"content_description\" class=\"ty-wysiwyg-content content-description active\">\n<div>\n<div class=\"product-description\">\n<h4>Sp\u00e1nok so Zolpidemom a Ambienom<\/h4>\n<table>\n<thead>\n<tr>\n<th>Zolpidem<\/th>\n<th>Mno\u017estvo<\/th>\n<th>Typ<\/th>\n<th>Z\u00e1soba<\/th>\n<\/tr>\n<\/thead>\n<tbody>\n<tr>\n<th>Ambien<\/th>\n<th>5 mg<\/th>\n<th>Tablety<\/th>\n<th>K\u00fapi\u0165 US\u2713<\/th>\n<\/tr>\n<tr>\n<td>Zolpidem tablety<\/td>\n<td>5 mg<\/td>\n<td>Tabletky<\/td>\n<td>Online USA \u2713<\/td>\n<\/tr>\n<tr>\n<td>Ambien tablety<\/td>\n<td>10 mg<\/td>\n<td>Medicin e<\/td>\n<td>US \u2713<\/td>\n<\/tr>\n<\/tbody>\n<\/table>\n<h4>Opatrenia pred u\u017eit\u00edm Zolpidemu<\/h4>\n<p>Existuj\u00fa prevent\u00edvne opatrenia, ktor\u00e9 je potrebn\u00e9 zv\u00e1\u017ei\u0165 predt\u00fdm, ako sa rozhodnete vezmi to. Za ur\u010dit\u00fdch okolnost\u00ed to nemus\u00ed by\u0165 najvhodnej\u0161ia vo\u013eba lieku. Op\u00fdtajte sa svojho lek\u00e1ra na to, \u010di je vhodn\u00e9 ho u\u017e\u00edva\u0165 ako lie\u010dbu nespavosti. Ak m\u00e1te niektor\u00fa z nasleduj\u00facich okolnost\u00ed, vyh\u013eadajte lek\u00e1rsku pomoc:<\/p>\n<ul>\n<li>Alkoholizmus alebo zneu\u017e\u00edvanie drog v anamn\u00e9ze<\/li>\n<li>Tehotn\u00e1 alebo pl\u00e1nujete otehotnie\u0165<\/li>\n<li>M\u00e1te d\u00fdchacie \u0165a\u017ekosti (bronchit\u00edda, astma alebo emfyz\u00e9m)<\/li>\n<li>ochorenie pe\u010dene alebo obli\u010diek v anamn\u00e9ze<\/li>\n<li>m\u00e1 myast\u00e9niu gravis (porucha nervov, ktor\u00e1 vedie k oslabeniu svalov)<\/li>\n<li>alergie na niektor\u00fa zo zlo\u017eiek<\/li>\n<li>M\u00e1 opakuj\u00facu sa poruchu osobnosti alebo depresiu<\/li>\n<li>M\u00e1 sp\u00e1nkov\u00e9 apnoe<\/li>\n<li>Star\u0161\u00ed<\/li>\n<\/ul>\n<p>Ve\u013emi zriedkav\u00e9 V t\u00fdchto pr\u00edpadoch m\u00f4\u017ee u\u017e\u00edvanie Ambienu vies\u0165 k ne\u017eiaducim reakci\u00e1m vr\u00e1tane opuchu pier, tv\u00e1re, hrdla a jazyka alebo k \u0165a\u017ekostiam s d\u00fdchan\u00edm. Odpor\u00fa\u010da sa tie\u017e, aby sa nepou\u017e\u00edval nepretr\u017eite dlh\u0161ie ako 4 t\u00fd\u017edne, preto\u017ee m\u00f4\u017ee vies\u0165 k abstinen\u010dn\u00fdm pr\u00edznakom, ako je vracanie, nevo\u013enos\u0165, \u00fazkos\u0165 a \u017eal\u00fado\u010dn\u00e9 k\u0155\u010de. Zn\u00e1ma ako kr\u00e1tkodob\u00e1 <a href=\"https:\/\/globalhomed.com\/\">lie\u010dba\u00a0nespavosti<\/a>. Ke\u010f ju prestanete pou\u017e\u00edva\u0165, m\u00f4\u017eete ma\u0165 probl\u00e9my so sp\u00e1nkom. Naz\u00fdva sa to \u201erebound insomnia\u201c, ktor\u00e1 nakoniec ust\u00fapi po jednom a\u017e dvoch d\u0148och. V\u017edy sa pora\u010fte o pou\u017eit\u00ed tohto lieku na spanie so svoj\u00edm lek\u00e1rom.<\/p>\n<h2>k\u00fapte si Ambien 10 mg online<\/h2>\n<\/p><\/div><\/div><\/div><\/div>\n","protected":false},"excerpt":{"rendered":"<p>K\u00fapte si tabletky Ambien 10 mg online. Ambien sa pou\u017e\u00edva na lie\u010dbu por\u00fach sp\u00e1nku. Tableta na r\u00fdchle vybitie sa pou\u017e\u00edva na to, aby v\u00e1m pomohla prik\u00fdvnu\u0165, ke\u010f prv\u00fdkr\u00e1t p\u00f4jdete na pohovku.<\/p>\n<p>Ambien, Zolpidem, ambien\u00a0<em>10 mg<\/em>, Zolpidem tartr\u00e1t, k\u00fapi\u0165 pr\u00e1\u0161ky na spanie online, k\u00fapi\u0165 anti \u00fazkos\u0165 online, antidepres\u00edva,\u00a0<em>k\u00fapte si ambien<\/em>\u00a0bez lek\u00e1rskeho predpisu.<\/p>\n","protected":false},"featured_media":5142,"comment_status":"open","ping_status":"closed","template":"","meta":[],"product_brand":[],"product_cat":[1117],"product_tag":[],"class_list":{"0":"post-5124","1":"product","2":"type-product","3":"status-publish","4":"has-post-thumbnail","6":"product_cat-kupte-si-tabletky-proti-bolesti-spanku-sexu","8":"first","9":"instock","10":"shipping-taxable","11":"purchasable","12":"product-type-variable","13":"has-default-attributes"},"yoast_head":"<!-- This site is optimized with the Yoast SEO plugin v27.3 - https:\/\/yoast.com\/product\/yoast-seo-wordpress\/ -->\n<title>K\u00fapi\u0165 Ambien 10 mg - Ambien 10 mg - Najlep\u0161ie glob\u00e1lne lieky<\/title>\n<meta name=\"description\" content=\"K\u00fapte si Ambien 10 mg, Ambien, Zolpidem, ambien\u00a010 mg, Zolpidem tartr\u00e1t, k\u00fapte si tabletky na spanie online, k\u00fapte si lieky proti \u00fazkosti online, antidepres\u00edva,\u00a0k\u00fapte si ambien\u00a0bez lek\u00e1rskeho predpisu.\" \/>\n<meta name=\"robots\" content=\"index, follow, max-snippet:-1, max-image-preview:large, max-video-preview:-1\" \/>\n<link rel=\"canonical\" href=\"https:\/\/medicinasinc.com\/sk\/product\/buy-ambien-10-mg\/\" \/>\n<meta property=\"og:locale\" content=\"en_US\" \/>\n<meta property=\"og:type\" content=\"article\" \/>\n<meta property=\"og:title\" content=\"K\u00fapi\u0165 Ambien 10 mg - Ambien 10 mg - Najlep\u0161ie glob\u00e1lne lieky\" \/>\n<meta property=\"og:description\" content=\"K\u00fapte si Ambien 10 mg, Ambien, Zolpidem, ambien\u00a010 mg, Zolpidem tartr\u00e1t, k\u00fapte si tabletky na spanie online, k\u00fapte si lieky proti \u00fazkosti online, antidepres\u00edva,\u00a0k\u00fapte si ambien\u00a0bez lek\u00e1rskeho predpisu.\" \/>\n<meta property=\"og:url\" content=\"https:\/\/medicinasinc.com\/sk\/product\/buy-ambien-10-mg\/\" \/>\n<meta property=\"og:site_name\" content=\"Medicinas Inc\" \/>\n<meta property=\"article:modified_time\" content=\"2022-03-22T01:07:02+00:00\" \/>\n<meta property=\"og:image\" content=\"https:\/\/medicinasinc.com\/sk\/wp-content\/uploads\/sites\/10\/2022\/02\/Buy-Ambien-10mg.jpg\" \/>\n\t<meta property=\"og:image:width\" content=\"225\" \/>\n\t<meta property=\"og:image:height\" content=\"225\" \/>\n\t<meta property=\"og:image:type\" content=\"image\/jpeg\" \/>\n<meta name=\"twitter:card\" content=\"summary_large_image\" \/>\n<meta name=\"twitter:label1\" content=\"Est. reading time\" \/>\n\t<meta name=\"twitter:data1\" content=\"2 minutes\" \/>\n<script type=\"application\/ld+json\" class=\"yoast-schema-graph\">{\"@context\":\"https:\\\/\\\/schema.org\",\"@graph\":[{\"@type\":\"WebPage\",\"@id\":\"https:\\\/\\\/medicinasinc.com\\\/sk\\\/product\\\/buy-ambien-10-mg\\\/\",\"url\":\"https:\\\/\\\/medicinasinc.com\\\/sk\\\/product\\\/buy-ambien-10-mg\\\/\",\"name\":\"K\u00fapi\u0165 Ambien 10 mg - Ambien 10 mg - Najlep\u0161ie glob\u00e1lne lieky\",\"isPartOf\":{\"@id\":\"https:\\\/\\\/medicinasinc.com\\\/sk\\\/#website\"},\"primaryImageOfPage\":{\"@id\":\"https:\\\/\\\/medicinasinc.com\\\/sk\\\/product\\\/buy-ambien-10-mg\\\/#primaryimage\"},\"image\":{\"@id\":\"https:\\\/\\\/medicinasinc.com\\\/sk\\\/product\\\/buy-ambien-10-mg\\\/#primaryimage\"},\"thumbnailUrl\":\"https:\\\/\\\/medicinasinc.com\\\/sk\\\/wp-content\\\/uploads\\\/sites\\\/10\\\/2022\\\/02\\\/Buy-Ambien-10mg.jpg\",\"datePublished\":\"2022-02-20T20:42:48+00:00\",\"dateModified\":\"2022-03-22T01:07:02+00:00\",\"description\":\"K\u00fapte si Ambien 10 mg, Ambien, Zolpidem, ambien\u00a010 mg, Zolpidem tartr\u00e1t, k\u00fapte si tabletky na spanie online, k\u00fapte si lieky proti \u00fazkosti online, antidepres\u00edva,\u00a0k\u00fapte si ambien\u00a0bez lek\u00e1rskeho predpisu.\",\"breadcrumb\":{\"@id\":\"https:\\\/\\\/medicinasinc.com\\\/sk\\\/product\\\/buy-ambien-10-mg\\\/#breadcrumb\"},\"inLanguage\":\"en-US\",\"potentialAction\":[{\"@type\":\"ReadAction\",\"target\":[\"https:\\\/\\\/medicinasinc.com\\\/sk\\\/product\\\/buy-ambien-10-mg\\\/\"]}]},{\"@type\":\"ImageObject\",\"inLanguage\":\"en-US\",\"@id\":\"https:\\\/\\\/medicinasinc.com\\\/sk\\\/product\\\/buy-ambien-10-mg\\\/#primaryimage\",\"url\":\"https:\\\/\\\/medicinasinc.com\\\/sk\\\/wp-content\\\/uploads\\\/sites\\\/10\\\/2022\\\/02\\\/Buy-Ambien-10mg.jpg\",\"contentUrl\":\"https:\\\/\\\/medicinasinc.com\\\/sk\\\/wp-content\\\/uploads\\\/sites\\\/10\\\/2022\\\/02\\\/Buy-Ambien-10mg.jpg\",\"width\":225,\"height\":225},{\"@type\":\"BreadcrumbList\",\"@id\":\"https:\\\/\\\/medicinasinc.com\\\/sk\\\/product\\\/buy-ambien-10-mg\\\/#breadcrumb\",\"itemListElement\":[{\"@type\":\"ListItem\",\"position\":1,\"name\":\"Obchod\",\"item\":\"https:\\\/\\\/medicinasinc.com\\\/sk\\\/obchod\\\/\"},{\"@type\":\"ListItem\",\"position\":2,\"name\":\"K\u00fapi\u0165 Ambien 10 mg\"}]},{\"@type\":\"WebSite\",\"@id\":\"https:\\\/\\\/medicinasinc.com\\\/sk\\\/#website\",\"url\":\"https:\\\/\\\/medicinasinc.com\\\/sk\\\/\",\"name\":\"Medicinas Inc\",\"description\":\"Health Medical Clinic\",\"potentialAction\":[{\"@type\":\"SearchAction\",\"target\":{\"@type\":\"EntryPoint\",\"urlTemplate\":\"https:\\\/\\\/medicinasinc.com\\\/sk\\\/?s={search_term_string}\"},\"query-input\":{\"@type\":\"PropertyValueSpecification\",\"valueRequired\":true,\"valueName\":\"search_term_string\"}}],\"inLanguage\":\"en-US\"}]}<\/script>\n<!-- \/ Yoast SEO plugin. -->","yoast_head_json":{"title":"K\u00fapi\u0165 Ambien 10 mg - Ambien 10 mg - Najlep\u0161ie glob\u00e1lne lieky","description":"K\u00fapte si Ambien 10 mg, Ambien, Zolpidem, ambien\u00a010 mg, Zolpidem tartr\u00e1t, k\u00fapte si tabletky na spanie online, k\u00fapte si lieky proti \u00fazkosti online, antidepres\u00edva,\u00a0k\u00fapte si ambien\u00a0bez lek\u00e1rskeho predpisu.","robots":{"index":"index","follow":"follow","max-snippet":"max-snippet:-1","max-image-preview":"max-image-preview:large","max-video-preview":"max-video-preview:-1"},"canonical":"https:\/\/medicinasinc.com\/sk\/product\/buy-ambien-10-mg\/","og_locale":"en_US","og_type":"article","og_title":"K\u00fapi\u0165 Ambien 10 mg - Ambien 10 mg - Najlep\u0161ie glob\u00e1lne lieky","og_description":"K\u00fapte si Ambien 10 mg, Ambien, Zolpidem, ambien\u00a010 mg, Zolpidem tartr\u00e1t, k\u00fapte si tabletky na spanie online, k\u00fapte si lieky proti \u00fazkosti online, antidepres\u00edva,\u00a0k\u00fapte si ambien\u00a0bez lek\u00e1rskeho predpisu.","og_url":"https:\/\/medicinasinc.com\/sk\/product\/buy-ambien-10-mg\/","og_site_name":"Medicinas Inc","article_modified_time":"2022-03-22T01:07:02+00:00","og_image":[{"width":225,"height":225,"url":"https:\/\/medicinasinc.com\/sk\/wp-content\/uploads\/sites\/10\/2022\/02\/Buy-Ambien-10mg.jpg","type":"image\/jpeg"}],"twitter_card":"summary_large_image","twitter_misc":{"Est. reading time":"2 minutes"},"schema":{"@context":"https:\/\/schema.org","@graph":[{"@type":"WebPage","@id":"https:\/\/medicinasinc.com\/sk\/product\/buy-ambien-10-mg\/","url":"https:\/\/medicinasinc.com\/sk\/product\/buy-ambien-10-mg\/","name":"K\u00fapi\u0165 Ambien 10 mg - Ambien 10 mg - Najlep\u0161ie glob\u00e1lne lieky","isPartOf":{"@id":"https:\/\/medicinasinc.com\/sk\/#website"},"primaryImageOfPage":{"@id":"https:\/\/medicinasinc.com\/sk\/product\/buy-ambien-10-mg\/#primaryimage"},"image":{"@id":"https:\/\/medicinasinc.com\/sk\/product\/buy-ambien-10-mg\/#primaryimage"},"thumbnailUrl":"https:\/\/medicinasinc.com\/sk\/wp-content\/uploads\/sites\/10\/2022\/02\/Buy-Ambien-10mg.jpg","datePublished":"2022-02-20T20:42:48+00:00","dateModified":"2022-03-22T01:07:02+00:00","description":"K\u00fapte si Ambien 10 mg, Ambien, Zolpidem, ambien\u00a010 mg, Zolpidem tartr\u00e1t, k\u00fapte si tabletky na spanie online, k\u00fapte si lieky proti \u00fazkosti online, antidepres\u00edva,\u00a0k\u00fapte si ambien\u00a0bez lek\u00e1rskeho predpisu.","breadcrumb":{"@id":"https:\/\/medicinasinc.com\/sk\/product\/buy-ambien-10-mg\/#breadcrumb"},"inLanguage":"en-US","potentialAction":[{"@type":"ReadAction","target":["https:\/\/medicinasinc.com\/sk\/product\/buy-ambien-10-mg\/"]}]},{"@type":"ImageObject","inLanguage":"en-US","@id":"https:\/\/medicinasinc.com\/sk\/product\/buy-ambien-10-mg\/#primaryimage","url":"https:\/\/medicinasinc.com\/sk\/wp-content\/uploads\/sites\/10\/2022\/02\/Buy-Ambien-10mg.jpg","contentUrl":"https:\/\/medicinasinc.com\/sk\/wp-content\/uploads\/sites\/10\/2022\/02\/Buy-Ambien-10mg.jpg","width":225,"height":225},{"@type":"BreadcrumbList","@id":"https:\/\/medicinasinc.com\/sk\/product\/buy-ambien-10-mg\/#breadcrumb","itemListElement":[{"@type":"ListItem","position":1,"name":"Obchod","item":"https:\/\/medicinasinc.com\/sk\/obchod\/"},{"@type":"ListItem","position":2,"name":"K\u00fapi\u0165 Ambien 10 mg"}]},{"@type":"WebSite","@id":"https:\/\/medicinasinc.com\/sk\/#website","url":"https:\/\/medicinasinc.com\/sk\/","name":"Medicinas Inc","description":"Health Medical Clinic","potentialAction":[{"@type":"SearchAction","target":{"@type":"EntryPoint","urlTemplate":"https:\/\/medicinasinc.com\/sk\/?s={search_term_string}"},"query-input":{"@type":"PropertyValueSpecification","valueRequired":true,"valueName":"search_term_string"}}],"inLanguage":"en-US"}]}},"_links":{"self":[{"href":"https:\/\/medicinasinc.com\/sk\/wp-json\/wp\/v2\/product\/5124","targetHints":{"allow":["GET"]}}],"collection":[{"href":"https:\/\/medicinasinc.com\/sk\/wp-json\/wp\/v2\/product"}],"about":[{"href":"https:\/\/medicinasinc.com\/sk\/wp-json\/wp\/v2\/types\/product"}],"replies":[{"embeddable":true,"href":"https:\/\/medicinasinc.com\/sk\/wp-json\/wp\/v2\/comments?post=5124"}],"wp:featuredmedia":[{"embeddable":true,"href":"https:\/\/medicinasinc.com\/sk\/wp-json\/wp\/v2\/media\/5142"}],"wp:attachment":[{"href":"https:\/\/medicinasinc.com\/sk\/wp-json\/wp\/v2\/media?parent=5124"}],"wp:term":[{"taxonomy":"product_brand","embeddable":true,"href":"https:\/\/medicinasinc.com\/sk\/wp-json\/wp\/v2\/product_brand?post=5124"},{"taxonomy":"product_cat","embeddable":true,"href":"https:\/\/medicinasinc.com\/sk\/wp-json\/wp\/v2\/product_cat?post=5124"},{"taxonomy":"product_tag","embeddable":true,"href":"https:\/\/medicinasinc.com\/sk\/wp-json\/wp\/v2\/product_tag?post=5124"}],"curies":[{"name":"wp","href":"https:\/\/api.w.org\/{rel}","templated":true}]}}