{"id":5123,"date":"2022-02-20T20:39:42","date_gmt":"2022-02-20T20:39:42","guid":{"rendered":"https:\/\/medicinasinc.com\/sk\/?post_type=product&#038;p=5123"},"modified":"2022-03-22T01:07:17","modified_gmt":"2022-03-22T01:07:17","slug":"kupit-alprox-2mg-xanax","status":"publish","type":"product","link":"https:\/\/medicinasinc.com\/sk\/product\/kupit-alprox-2mg-xanax\/","title":{"rendered":"K\u00fapi\u0165 Alprox 2 mg (Xanax)"},"content":{"rendered":"<p>H\u013ead\u00e1te XANAX 2 mg na predaj za rozumn\u00fa cenu? Vyu\u017eite n\u00edzke ceny a r\u00fdchle doru\u010denie XANAXu 2 mg od spolo\u010dnosti Best Global Meds a\u017e k va\u0161im dver\u00e1m!<\/p>\n<p>V Spojenom kr\u00e1\u013eovstve si m\u00f4\u017eete Alprazolam zak\u00fapi\u0165 online. Ve\u013ek\u00e1 Brit\u00e1nia\/E\u00da zna\u010dka Alprazolamu (Xanax) 2 mg&#8230; Lieky na \u00fazkos\u0165 2 mg tablety s\u00fa silnej\u0161ie v Spojenom kr\u00e1\u013eovstve.<\/p>\n<p>Kde si m\u00f4\u017eem k\u00fapi\u0165 Xanax online? Kde si m\u00f4\u017eem k\u00fapi\u0165 Xanax 2MG online? Kde si m\u00f4\u017eem k\u00fapi\u0165 Xanax 1MG online?<\/p>\n<p>S Xanaxom s\u00fa mo\u017en\u00e9 sedat\u00edvne a sedat\u00edvne \u00fa\u010dinky.<\/p>\n<p>Xanax 2Mg K\u00fapi\u0165 online Ve\u013ek\u00e1 Brit\u00e1nia Je k\u0155\u010dovit\u00e9 vidie\u0165 morfologicky objedna\u0165 Xanax cez noc. Waxier Wilburn vzdoruje n\u00e1kupu Xanax online Reddit, ktor\u00fd ponuku vylep\u0161uje n\u00e1ro\u010dnej\u0161\u00edm sp\u00f4sobom.<\/p>\n<p>Xanax bez lek\u00e1rskeho predpisu je mo\u017en\u00e9 k\u00fapi\u0165 lacno online. Kde m\u00f4\u017eem k\u00fapi\u0165 fenterm\u00edn vo ve\u013ekom za najni\u017e\u0161iu cenu? Obr\u00e1zky 2mg xanaxov\u00fdch gener\u00edk<\/p>\n<p>Tento liek sa pou\u017e\u00edva na lie\u010dbu panick\u00fdch por\u00fach a \u00fazkostn\u00fdch por\u00fach, ako je neo\u010dak\u00e1van\u00fd intenz\u00edvny strach a nap\u00e4tie sp\u00f4soben\u00e9 stresom. Alprazolam je 0,5 MG, 1 MG, 2 MG tableta. Najlep\u0161ie je za\u010da\u0165 s n\u00edzkou d\u00e1vkou a prepracova\u0165 sa k v\u00e4\u010d\u0161ej. Aby ste sa vyhli abstinen\u010dn\u00fdm pr\u00edznakom, ako s\u00fa z\u00e1chvaty, agres\u00edvne spr\u00e1vanie, rozmazan\u00e9 videnie at\u010f., ak n\u00e1hle prestanete u\u017e\u00edva\u0165 tento liek.<\/p>\n<p>Alprazolam 0,5 MG Tableta sa m\u00f4\u017ee u\u017e\u00edva\u0165 s jedlom alebo bez jedla, pod\u013ea va\u0161ej preferencie. Neprekra\u010dujte odpor\u00fa\u010dan\u00e9 d\u00e1vkovanie. Ak spozorujete ak\u00e9ko\u013evek ved\u013eaj\u0161ie \u00fa\u010dinky, ihne\u010f sa dohodnite s lek\u00e1rom. Aby ste sa vyhli abstinen\u010dn\u00fdm pr\u00edznakom, neprest\u00e1vajte u\u017e\u00edva\u0165 liek bez toho, aby ste najsk\u00f4r nav\u0161t\u00edvili svojho lek\u00e1ra!<\/p>\n<p>\u010co je s\u00fa\u010das\u0165ou tohto procesu<br \/> Hyperpolariz\u00e1cia a stabilita neur\u00f3novej membr\u00e1ny sa dosahuj\u00fa prostredn\u00edctvom interakcie tohto lieku s chloridom kan\u00e1lov, \u010do zabra\u0148uje \u010fal\u0161ej excit\u00e1cii buniek.<\/p>\n","protected":false},"excerpt":{"rendered":"<p>Alprox 2 mg pilulky je mo\u017en\u00e9 zak\u00fapi\u0165 online (Xanax). \u010co je Alprox 2 mg? D\u00e1 sa to k\u00fapi\u0165 online? Je Alprox 2 mg vo\u013ene predajn\u00fd?<\/p>\n<p>Nakupujte Alprazolam Xanax 2 mg tabletu vo Ve\u013ekej Brit\u00e1nii, Eur\u00f3pe v na\u0161ej online lek\u00e1rni Best Global Medicines s r\u00fdchlym glob\u00e1lnym doru\u010den\u00edm! Najvy\u0161\u0161ie ceny Alprazolam 2 MG Tablet n\u00e1jdete pr\u00e1ve tu!<\/p>\n<p>Xanax 2 mg tableta sa pou\u017e\u00edva na lie\u010dbu panick\u00fdch por\u00fach a \u00fazkosti, ako je neo\u010dak\u00e1van\u00fd intenz\u00edvny strach a nap\u00e4tie sp\u00f4soben\u00e9 stresom. K\u00fapi\u0165 Xanax 2 mg tablety. Najlep\u0161ie je za\u010da\u0165 s n\u00edzkou d\u00e1vkou a prepracova\u0165 sa k v\u00e4\u010d\u0161ej. Ak n\u00e1hle prestanete u\u017e\u00edva\u0165 tento liek, m\u00f4\u017eu sa vyskytn\u00fa\u0165 abstinen\u010dn\u00e9 pr\u00edznaky vr\u00e1tane z\u00e1chvatov, agres\u00edvneho spr\u00e1vania, rozmazan\u00e9ho videnia a \u010fal\u0161\u00edch.<\/p>\n","protected":false},"featured_media":5140,"comment_status":"open","ping_status":"closed","template":"","meta":[],"product_brand":[],"product_cat":[703],"product_tag":[1181,1182,1126,1125,1127,1128,1129,1130,1131,1136,1137,1138,1139,1144,1145,1146,1147,1143,1150,1149,1151,1153,1140,1141,1156,1158,1157,1162,1163,1155,1164,1165,1166,1132,1133,1152,1169,1160,1154,1178,1148,1172,1176,1177,1134,1179,1183,1194,1171,1167,1168,1189,1175,1185,1186,1187,1170,1193,1192,1135,1188,1161,1173,1174,1190,1191,1159,1184,1142,1180],"class_list":{"0":"post-5123","1":"product","2":"type-product","3":"status-publish","4":"has-post-thumbnail","6":"product_cat-kpi-psychedelick-drogy","7":"product_tag-ako-dlho-alprazolam-vydrzi-v-moci-reddit","8":"product_tag-ako-kpi-alprazolam-online","9":"product_tag-alprazolam-25-pre-maky","10":"product_tag-alprazolam-25","11":"product_tag-alprazolam-0-25-mg","12":"product_tag-alprazolam-0-5-mg-cena","13":"product_tag-alprazolam-1-mg-modr","14":"product_tag-alprazolam-2-mg-tyinky","15":"product_tag-alprazolam-a-alkohol","16":"product_tag-alprazolam-dogs","17":"product_tag-alprazolam-dose-for-dogs","18":"product_tag-alprazolam-dosis-para-dormir-profundamente","19":"product_tag-alprazolam-efectos-secundarios","20":"product_tag-alprazolam-for-sleep","21":"product_tag-alprazolam-from-mexico","22":"product_tag-alprazolam-intensol","23":"product_tag-alprazolam-interactions","24":"product_tag-alprazolam-na-predaj","25":"product_tag-alprazolam-na-spanie","26":"product_tag-alprazolam-online","27":"product_tag-alprazolam-para-que-sirve","28":"product_tag-alprazolam-powder-for-sale","29":"product_tag-alprazolam-pre-psov","30":"product_tag-alprazolam-pre-psov-online","31":"product_tag-alprazolam-psychonaut","32":"product_tag-alprazolam-recenzie","33":"product_tag-alprazolam-refill-rules","34":"product_tag-alprazolam-vs-clonazepam","35":"product_tag-alprazolam-vs-lorazepam","36":"product_tag-alprazolam-vyslov","37":"product_tag-alprazolam-xanax","38":"product_tag-alprazolam-xr","39":"product_tag-alprazolam-lt","40":"product_tag-alprazolam-modr","41":"product_tag-alprazolam-modr3-tabletka","42":"product_tag-alprazolam-prok","43":"product_tag-buying-alprazolam","44":"product_tag-alprazolam-as-detekcie-mou","45":"product_tag-alprazolam-cena","46":"product_tag-chrpka-alprazolam","47":"product_tag-alprazolam-svalov-c3-a1-relaxa-c4-8dn-c3-a1-d-c3-a1vka","48":"product_tag-diazepam-vs-alprazolam","49":"product_tag-farmapram-alprazolam","50":"product_tag-farmapram-alprazolam-2-mg","51":"product_tag-alprazolam-faa","52":"product_tag-flualprazolam-vs-alprazolam","53":"product_tag-je-alprazolam-a-kontrolovan-c3-a1-l-c3-a1tka","54":"product_tag-kde-kpi-alprazolam-online","55":"product_tag-klonazepam-vs-alprazolam","56":"product_tag-buy-alprazolam","57":"product_tag-kpi-alprazolam-online","58":"product_tag-nkup-alprazolam-online","59":"product_tag-lekri-ktor-predpisuj-alprazolam-v-mojom-okol","60":"product_tag-lorazepam-vs-alprazolam","61":"product_tag-lorazepam-vs-alprazolam-reddit","62":"product_tag-mexick-alprazolam-2-mg","63":"product_tag-can-alprazolam-get-you-high","64":"product_tag-o-je-alprazolam-pouit-na-zdieanie","65":"product_tag-najlepie-miesto-na-kpi-alprazolam-online","66":"product_tag-alprazolam-cost","67":"product_tag-objedna-alprazolam-online","68":"product_tag-pouitie-alprazolamu","69":"product_tag-rozdiel-medzi-alprazolam-a-lorazepam","70":"product_tag-rozdiel-medzi-lorazepamom-a-alprazolamom","71":"product_tag-sandoz-alprazolam","72":"product_tag-snort-alprazolam","73":"product_tag-syntza-alprazolamu","74":"product_tag-tekut-alprazolam","75":"product_tag-vedajie-inky-alprazolamu-pre-psov","76":"product_tag-zelen-kame-alprazolam","78":"first","79":"instock","80":"shipping-taxable","81":"purchasable","82":"product-type-variable"},"yoast_head":"<!-- This site is optimized with the Yoast SEO plugin v27.3 - https:\/\/yoast.com\/product\/yoast-seo-wordpress\/ -->\n<title>K\u00fapi\u0165 Alprox 2 mg (Xanax) \u2013 Objednajte si Xanax \u2013 najlep\u0161ie najlep\u0161ie glob\u00e1lne lieky<\/title>\n<meta name=\"description\" content=\"K\u00fapte si Alprox 2 mg pilulky online (Xanax). k\u00fapi\u0165 Alprox online, Alprox online, k\u00fapi\u0165 online alprox, k\u00fapi\u0165 xanax, K\u00fapi\u0165 Alprazolam Xanax 2 mg Tablet Spojen\u00e9 kr\u00e1\u013eovstvo, Eur\u00f3pa\" \/>\n<meta name=\"robots\" content=\"index, follow, max-snippet:-1, max-image-preview:large, max-video-preview:-1\" \/>\n<link rel=\"canonical\" href=\"https:\/\/medicinasinc.com\/sk\/product\/kupit-alprox-2mg-xanax\/\" \/>\n<meta property=\"og:locale\" content=\"en_US\" \/>\n<meta property=\"og:type\" content=\"article\" \/>\n<meta property=\"og:title\" content=\"K\u00fapi\u0165 Alprox 2 mg (Xanax) \u2013 Objednajte si Xanax \u2013 najlep\u0161ie najlep\u0161ie glob\u00e1lne lieky\" \/>\n<meta property=\"og:description\" content=\"K\u00fapte si Alprox 2 mg pilulky online (Xanax). k\u00fapi\u0165 Alprox online, Alprox online, k\u00fapi\u0165 online alprox, k\u00fapi\u0165 xanax, K\u00fapi\u0165 Alprazolam Xanax 2 mg Tablet Spojen\u00e9 kr\u00e1\u013eovstvo, Eur\u00f3pa\" \/>\n<meta property=\"og:url\" content=\"https:\/\/medicinasinc.com\/sk\/product\/kupit-alprox-2mg-xanax\/\" \/>\n<meta property=\"og:site_name\" content=\"Medicinas Inc\" \/>\n<meta property=\"article:modified_time\" content=\"2022-03-22T01:07:17+00:00\" \/>\n<meta property=\"og:image\" content=\"https:\/\/medicinasinc.com\/sk\/wp-content\/uploads\/sites\/10\/2022\/02\/Buy-Alprox-2mg.jpg\" \/>\n\t<meta property=\"og:image:width\" content=\"600\" \/>\n\t<meta property=\"og:image:height\" content=\"600\" \/>\n\t<meta property=\"og:image:type\" content=\"image\/jpeg\" \/>\n<meta name=\"twitter:card\" content=\"summary_large_image\" \/>\n<meta name=\"twitter:label1\" content=\"Est. reading time\" \/>\n\t<meta name=\"twitter:data1\" content=\"2 minutes\" \/>\n<script type=\"application\/ld+json\" class=\"yoast-schema-graph\">{\"@context\":\"https:\\\/\\\/schema.org\",\"@graph\":[{\"@type\":\"WebPage\",\"@id\":\"https:\\\/\\\/medicinasinc.com\\\/sk\\\/product\\\/kupit-alprox-2mg-xanax\\\/\",\"url\":\"https:\\\/\\\/medicinasinc.com\\\/sk\\\/product\\\/kupit-alprox-2mg-xanax\\\/\",\"name\":\"K\u00fapi\u0165 Alprox 2 mg (Xanax) \u2013 Objednajte si Xanax \u2013 najlep\u0161ie najlep\u0161ie glob\u00e1lne lieky\",\"isPartOf\":{\"@id\":\"https:\\\/\\\/medicinasinc.com\\\/sk\\\/#website\"},\"primaryImageOfPage\":{\"@id\":\"https:\\\/\\\/medicinasinc.com\\\/sk\\\/product\\\/kupit-alprox-2mg-xanax\\\/#primaryimage\"},\"image\":{\"@id\":\"https:\\\/\\\/medicinasinc.com\\\/sk\\\/product\\\/kupit-alprox-2mg-xanax\\\/#primaryimage\"},\"thumbnailUrl\":\"https:\\\/\\\/medicinasinc.com\\\/sk\\\/wp-content\\\/uploads\\\/sites\\\/10\\\/2022\\\/02\\\/Buy-Alprox-2mg.jpg\",\"datePublished\":\"2022-02-20T20:39:42+00:00\",\"dateModified\":\"2022-03-22T01:07:17+00:00\",\"description\":\"K\u00fapte si Alprox 2 mg pilulky online (Xanax). k\u00fapi\u0165 Alprox online, Alprox online, k\u00fapi\u0165 online alprox, k\u00fapi\u0165 xanax, K\u00fapi\u0165 Alprazolam Xanax 2 mg Tablet Spojen\u00e9 kr\u00e1\u013eovstvo, Eur\u00f3pa\",\"breadcrumb\":{\"@id\":\"https:\\\/\\\/medicinasinc.com\\\/sk\\\/product\\\/kupit-alprox-2mg-xanax\\\/#breadcrumb\"},\"inLanguage\":\"en-US\",\"potentialAction\":[{\"@type\":\"ReadAction\",\"target\":[\"https:\\\/\\\/medicinasinc.com\\\/sk\\\/product\\\/kupit-alprox-2mg-xanax\\\/\"]}]},{\"@type\":\"ImageObject\",\"inLanguage\":\"en-US\",\"@id\":\"https:\\\/\\\/medicinasinc.com\\\/sk\\\/product\\\/kupit-alprox-2mg-xanax\\\/#primaryimage\",\"url\":\"https:\\\/\\\/medicinasinc.com\\\/sk\\\/wp-content\\\/uploads\\\/sites\\\/10\\\/2022\\\/02\\\/Buy-Alprox-2mg.jpg\",\"contentUrl\":\"https:\\\/\\\/medicinasinc.com\\\/sk\\\/wp-content\\\/uploads\\\/sites\\\/10\\\/2022\\\/02\\\/Buy-Alprox-2mg.jpg\",\"width\":600,\"height\":600},{\"@type\":\"BreadcrumbList\",\"@id\":\"https:\\\/\\\/medicinasinc.com\\\/sk\\\/product\\\/kupit-alprox-2mg-xanax\\\/#breadcrumb\",\"itemListElement\":[{\"@type\":\"ListItem\",\"position\":1,\"name\":\"Obchod\",\"item\":\"https:\\\/\\\/medicinasinc.com\\\/sk\\\/obchod\\\/\"},{\"@type\":\"ListItem\",\"position\":2,\"name\":\"K\u00fapi\u0165 Alprox 2 mg (Xanax)\"}]},{\"@type\":\"WebSite\",\"@id\":\"https:\\\/\\\/medicinasinc.com\\\/sk\\\/#website\",\"url\":\"https:\\\/\\\/medicinasinc.com\\\/sk\\\/\",\"name\":\"Medicinas Inc\",\"description\":\"Health Medical Clinic\",\"potentialAction\":[{\"@type\":\"SearchAction\",\"target\":{\"@type\":\"EntryPoint\",\"urlTemplate\":\"https:\\\/\\\/medicinasinc.com\\\/sk\\\/?s={search_term_string}\"},\"query-input\":{\"@type\":\"PropertyValueSpecification\",\"valueRequired\":true,\"valueName\":\"search_term_string\"}}],\"inLanguage\":\"en-US\"}]}<\/script>\n<!-- \/ Yoast SEO plugin. -->","yoast_head_json":{"title":"K\u00fapi\u0165 Alprox 2 mg (Xanax) \u2013 Objednajte si Xanax \u2013 najlep\u0161ie najlep\u0161ie glob\u00e1lne lieky","description":"K\u00fapte si Alprox 2 mg pilulky online (Xanax). k\u00fapi\u0165 Alprox online, Alprox online, k\u00fapi\u0165 online alprox, k\u00fapi\u0165 xanax, K\u00fapi\u0165 Alprazolam Xanax 2 mg Tablet Spojen\u00e9 kr\u00e1\u013eovstvo, Eur\u00f3pa","robots":{"index":"index","follow":"follow","max-snippet":"max-snippet:-1","max-image-preview":"max-image-preview:large","max-video-preview":"max-video-preview:-1"},"canonical":"https:\/\/medicinasinc.com\/sk\/product\/kupit-alprox-2mg-xanax\/","og_locale":"en_US","og_type":"article","og_title":"K\u00fapi\u0165 Alprox 2 mg (Xanax) \u2013 Objednajte si Xanax \u2013 najlep\u0161ie najlep\u0161ie glob\u00e1lne lieky","og_description":"K\u00fapte si Alprox 2 mg pilulky online (Xanax). k\u00fapi\u0165 Alprox online, Alprox online, k\u00fapi\u0165 online alprox, k\u00fapi\u0165 xanax, K\u00fapi\u0165 Alprazolam Xanax 2 mg Tablet Spojen\u00e9 kr\u00e1\u013eovstvo, Eur\u00f3pa","og_url":"https:\/\/medicinasinc.com\/sk\/product\/kupit-alprox-2mg-xanax\/","og_site_name":"Medicinas Inc","article_modified_time":"2022-03-22T01:07:17+00:00","og_image":[{"width":600,"height":600,"url":"https:\/\/medicinasinc.com\/sk\/wp-content\/uploads\/sites\/10\/2022\/02\/Buy-Alprox-2mg.jpg","type":"image\/jpeg"}],"twitter_card":"summary_large_image","twitter_misc":{"Est. reading time":"2 minutes"},"schema":{"@context":"https:\/\/schema.org","@graph":[{"@type":"WebPage","@id":"https:\/\/medicinasinc.com\/sk\/product\/kupit-alprox-2mg-xanax\/","url":"https:\/\/medicinasinc.com\/sk\/product\/kupit-alprox-2mg-xanax\/","name":"K\u00fapi\u0165 Alprox 2 mg (Xanax) \u2013 Objednajte si Xanax \u2013 najlep\u0161ie najlep\u0161ie glob\u00e1lne lieky","isPartOf":{"@id":"https:\/\/medicinasinc.com\/sk\/#website"},"primaryImageOfPage":{"@id":"https:\/\/medicinasinc.com\/sk\/product\/kupit-alprox-2mg-xanax\/#primaryimage"},"image":{"@id":"https:\/\/medicinasinc.com\/sk\/product\/kupit-alprox-2mg-xanax\/#primaryimage"},"thumbnailUrl":"https:\/\/medicinasinc.com\/sk\/wp-content\/uploads\/sites\/10\/2022\/02\/Buy-Alprox-2mg.jpg","datePublished":"2022-02-20T20:39:42+00:00","dateModified":"2022-03-22T01:07:17+00:00","description":"K\u00fapte si Alprox 2 mg pilulky online (Xanax). k\u00fapi\u0165 Alprox online, Alprox online, k\u00fapi\u0165 online alprox, k\u00fapi\u0165 xanax, K\u00fapi\u0165 Alprazolam Xanax 2 mg Tablet Spojen\u00e9 kr\u00e1\u013eovstvo, Eur\u00f3pa","breadcrumb":{"@id":"https:\/\/medicinasinc.com\/sk\/product\/kupit-alprox-2mg-xanax\/#breadcrumb"},"inLanguage":"en-US","potentialAction":[{"@type":"ReadAction","target":["https:\/\/medicinasinc.com\/sk\/product\/kupit-alprox-2mg-xanax\/"]}]},{"@type":"ImageObject","inLanguage":"en-US","@id":"https:\/\/medicinasinc.com\/sk\/product\/kupit-alprox-2mg-xanax\/#primaryimage","url":"https:\/\/medicinasinc.com\/sk\/wp-content\/uploads\/sites\/10\/2022\/02\/Buy-Alprox-2mg.jpg","contentUrl":"https:\/\/medicinasinc.com\/sk\/wp-content\/uploads\/sites\/10\/2022\/02\/Buy-Alprox-2mg.jpg","width":600,"height":600},{"@type":"BreadcrumbList","@id":"https:\/\/medicinasinc.com\/sk\/product\/kupit-alprox-2mg-xanax\/#breadcrumb","itemListElement":[{"@type":"ListItem","position":1,"name":"Obchod","item":"https:\/\/medicinasinc.com\/sk\/obchod\/"},{"@type":"ListItem","position":2,"name":"K\u00fapi\u0165 Alprox 2 mg (Xanax)"}]},{"@type":"WebSite","@id":"https:\/\/medicinasinc.com\/sk\/#website","url":"https:\/\/medicinasinc.com\/sk\/","name":"Medicinas Inc","description":"Health Medical Clinic","potentialAction":[{"@type":"SearchAction","target":{"@type":"EntryPoint","urlTemplate":"https:\/\/medicinasinc.com\/sk\/?s={search_term_string}"},"query-input":{"@type":"PropertyValueSpecification","valueRequired":true,"valueName":"search_term_string"}}],"inLanguage":"en-US"}]}},"_links":{"self":[{"href":"https:\/\/medicinasinc.com\/sk\/wp-json\/wp\/v2\/product\/5123","targetHints":{"allow":["GET"]}}],"collection":[{"href":"https:\/\/medicinasinc.com\/sk\/wp-json\/wp\/v2\/product"}],"about":[{"href":"https:\/\/medicinasinc.com\/sk\/wp-json\/wp\/v2\/types\/product"}],"replies":[{"embeddable":true,"href":"https:\/\/medicinasinc.com\/sk\/wp-json\/wp\/v2\/comments?post=5123"}],"wp:featuredmedia":[{"embeddable":true,"href":"https:\/\/medicinasinc.com\/sk\/wp-json\/wp\/v2\/media\/5140"}],"wp:attachment":[{"href":"https:\/\/medicinasinc.com\/sk\/wp-json\/wp\/v2\/media?parent=5123"}],"wp:term":[{"taxonomy":"product_brand","embeddable":true,"href":"https:\/\/medicinasinc.com\/sk\/wp-json\/wp\/v2\/product_brand?post=5123"},{"taxonomy":"product_cat","embeddable":true,"href":"https:\/\/medicinasinc.com\/sk\/wp-json\/wp\/v2\/product_cat?post=5123"},{"taxonomy":"product_tag","embeddable":true,"href":"https:\/\/medicinasinc.com\/sk\/wp-json\/wp\/v2\/product_tag?post=5123"}],"curies":[{"name":"wp","href":"https:\/\/api.w.org\/{rel}","templated":true}]}}