{"id":5122,"date":"2022-02-20T20:38:15","date_gmt":"2022-02-20T20:38:15","guid":{"rendered":"https:\/\/medicinasinc.com\/sk\/?post_type=product&#038;p=5122"},"modified":"2022-03-22T01:07:26","modified_gmt":"2022-03-22T01:07:26","slug":"buy-adderall-30-mg","status":"publish","type":"product","link":"https:\/\/medicinasinc.com\/sk\/product\/buy-adderall-30-mg\/","title":{"rendered":"K\u00fapi\u0165 Adderall 30 mg"},"content":{"rendered":"<p>Zak\u00fapte si Adderall 30 mg peror\u00e1lne tabletky online pomocou bitco\u00ednov. Okrem toho sa pou\u017e\u00edva na lie\u010dbu poruchy pozornosti s hyperaktivitou (ADHD) a narkolepsie.<\/p>\n<p>K\u00fapte si Adderall 30 mg online s r\u00fdchlym glob\u00e1lnym doru\u010den\u00edm z na\u0161ej online lek\u00e1rne Global Med! Najv\u00e4\u010d\u0161\u00ed Adderall 30 mg na n\u00e1kup n\u00e1jdete tu!<\/p>\n<p>Adderall 30 MG je liek na predpis, ktor\u00fd vznik\u00e1 zmie\u0161an\u00edm a dextroamfetam\u00ednu. Tieto dve zlo\u017eky p\u00f4sobia ako hlavn\u00e9 stimulanty nervov\u00e9ho syst\u00e9mu. Okrem toho maj\u00fa tieto stimulanty vplyv na chemick\u00e9 l\u00e1tky a neur\u00f3ny v mozgu, ktor\u00e9 reguluj\u00fa impulzy a hyperaktivitu. Liek sa prim\u00e1rne pou\u017e\u00edva na lie\u010dbu narkolepsie a poruchy pozornosti s hyperaktivitou (ADHD). Spotreba je povolen\u00e1 v obmedzenom po\u010dte kraj\u00edn, konkr\u00e9tne v Kanade a Spojen\u00fdch \u0161t\u00e1toch.<\/p>\n<p>Najz\u00e1va\u017enej\u0161\u00edm probl\u00e9mom pri n\u00e1kupe Adderall 30 mg online je toto slovo, ktor\u00e9 za\u010d\u00edna na W<\/p>\n<p>Ka\u017ed\u00e1 dc\u00e9ra resp. chlapec sa narodil s pomerne dobrou pam\u00e4\u0165ou.<\/p>\n<p>K\u00fapte si Adderall 30 mg. Neexistuje \u017eiadna po\u017eiadavka na lek\u00e1rsky predpis. Preprava je \u00faplne bezpe\u010dn\u00e1 a diskr\u00e9tna. Doru\u010denie je mo\u017en\u00e9 cez noc. Garantovan\u00e9 vr\u00e1tenie pe\u0148az\u00ed.<\/p>\n<p>M\u00f4\u017eete si k\u00fapi\u0165 Adderall pilulky bez lek\u00e1rskeho predpisu online, adderall na po\u010d\u00edta\u010di otvoren\u00e9 a m\u00f4\u017eem si k\u00fapi\u0165 Adderall online.<\/p>\n<p>Opatrenia pri d\u00e1vkovan\u00ed:<\/p>\n<p> Hoci osoba m\u00f4\u017ee potrebova\u0165 Adderall XR, mala by pred prvou d\u00e1vkou nav\u0161t\u00edvi\u0165 lek\u00e1ra, ak m\u00e1 hyperakt\u00edvnu \u0161t\u00edtnu \u017e\u013eazu, stredne z\u00e1va\u017en\u00fd a\u017e z\u00e1va\u017en\u00fd vysok\u00fd krvn\u00fd tlak, glauk\u00f3m, ak\u00e9ko\u013evek srdcov\u00e9 ochorenie alebo bol v minulosti z\u00e1visl\u00fd od drog alebo alkoholu. Okrem toho sa jednotlivcom odpor\u00fa\u010da, aby nezneu\u017e\u00edvali d\u00e1vkovanie lieku, preto\u017ee by to mohlo vies\u0165 k z\u00e1va\u017en\u00fdm negat\u00edvnym \u00fa\u010dinkom na srdce alebo v najhor\u0161om pr\u00edpade k smrti.<\/p>\n<p>Pozit\u00edvny v\u00fdsledok:<\/p>\n<p>Ako ka\u017ed\u00e1 l\u00e1tka, jej konzum\u00e1cia m\u00e1 cel\u00fd rad \u00fa\u010dinkov, pozit\u00edvnych aj zl\u00fdch. Okrem toho m\u00e1 Adderall 30 MG. Zistilo sa, \u017ee jeho u\u017e\u00edvanie na krat\u0161iu dobu pod\u013ea odpor\u00fa\u010dania lek\u00e1ra m\u00e1 priazniv\u00fd vplyv na zdravie \u010dloveka t\u00fdm, \u017ee predch\u00e1dza sympt\u00f3mom ADHD. K tomu doch\u00e1dza z nasleduj\u00facich d\u00f4vodov:<\/p>\n<p>Zvy\u0161uje hladiny neurotransmiterov, ako je dopam\u00edn a noradrenal\u00edn v na\u0161om mozgu. Okrem toho tieto \u0161pecifick\u00e9 zl\u00fa\u010deniny v mozgu sl\u00fa\u017eia na zv\u00fd\u0161enie hladiny energie, bdelosti a s\u00fastredenia.<br \/> Liek m\u00f4\u017ee zr\u00fdchli\u0165 srdcov\u00fa frekvenciu a udr\u017ea\u0165 prekrvenie svalov.<br \/> D\u00f4sledn\u00e9 u\u017e\u00edvanie pod\u013ea predpisu lek\u00e1rov m\u00f4\u017ee vedie k zv\u00fd\u0161eniu energie a el\u00e1nu, \u010do sa pova\u017euje za porovnate\u013en\u00e9 so spotrebou koka\u00ednu.<br \/> Negat\u00edvny v\u00fdsledok:<\/p>\n<p>Vzh\u013eadom na to, \u017ee Adderall 30 MG je vysoko citliv\u00fd liek, konzumuje sa bez lek\u00e1rskeho predpisu. predpis m\u00f4\u017ee ma\u0165 zl\u00fd vplyv na va\u0161e zdravie.<\/p>\n<p>Podr\u00e1\u017edenos\u0165<br \/> Zn\u00ed\u017eenie hmotnosti, ktor\u00e9 je nezdrav\u00e9 v d\u00f4sledku potla\u010denia chuti do jedla<br \/> Nespavos\u0165 a naru\u0161en\u00fd sp\u00e1nok<br \/> Z\u00e1va\u017en\u00e9 srdcov\u00e9 komplik\u00e1cie<\/p>\n<p>&nbsp;<\/p>\n<p>&nbsp;<\/p>\n<p>&nbsp;<\/p>\n<p>V pr\u00edpade zneu\u017eitia:<\/p>\n<p>Lek\u00e1ri v\u017edy radili pacienti pou\u017e\u00edvali lieky opatrne a ak bol Adderall 30 MG zneu\u017eit\u00fd, viedlo to k zv\u00fd\u0161eniu energetickej hladiny a siln\u00e9mu povzbudeniu. Nadmern\u00e9 pou\u017e\u00edvanie poslednej menovanej l\u00e1tky m\u00f4\u017ee navy\u0161e vies\u0165 k nepr\u00edjemn\u00fdm sympt\u00f3mom, ako s\u00fa:<\/p>\n<p>Zn\u00ed\u017een\u00e1 pozornos\u0165 pri konkr\u00e9tnych \u00faloh\u00e1ch<br \/> Depresia a mal\u00e1tnos\u0165<br \/> Majte na pam\u00e4ti tieto body \u00fanavy:<\/p>\n<p>Okrem toho existuje nieko\u013eko vec\u00ed, ktor\u00e9 je potrebn\u00e9 zv\u00e1\u017ei\u0165 pred pou\u017eit\u00edm Adderall 30 MG.<\/p>\n<p>V\u00fdskumn\u00edci odporu\u010dili jednotlivcom, aby ho nepo\u017eili, ak u\u017eili inhib\u00edtory MAO, ako je linezolid, injekcia metyl\u00e9novej modrej, izokarboxazid alebo rasagil\u00edn v predch\u00e1dzaj\u00facich 14 d\u0148och, preto\u017ee by to mohlo vies\u0165 k z\u00e1va\u017enej farmakologickej interakcii, ktor\u00e1 je ur\u010dite nezdrav\u00e1.<\/p>\n<p>Okrem toho by sa im mal vyh\u00fdba\u0165 \u010dlovek alergick\u00fd na stimula\u010dn\u00e9 lieky, alebo ak sa u\u017e vyrovn\u00e1va nasleduj\u00face:<\/p>\n<p>Ak\u00e9ko\u013evek v\u00e1\u017ene ochorenie koron\u00e1rnych art\u00e9ri\u00ed alebo srdca<br \/> Hypertenzia (norm\u00e1lna a\u017e vysok\u00e1)<br \/> \u00dazkos\u0165 a stres na najvy\u0161\u0161ej \u00farovni<br \/> Z\u00e1vislos\u0165 od drog alebo alkoholu<br \/> \u010co ak je niekto z\u00e1visl\u00fd od Adderall XR?<\/p>\n<p>Z\u00e1vislos\u0165 na takejto l\u00e1tke sa m\u00f4\u017ee prejavi\u0165 dvoma sp\u00f4sobmi: psychicky a fyzicky.<\/p>\n<p>Ak ju \u010dlovek berie na dennej b\u00e1ze a zakoren\u00ed sa v jeho \u017eivote, vypestuje si psychick\u00fa z\u00e1vislos\u0165 resp. z\u00e1vislos\u0165 na \u0148om. Navy\u0161e, obmedzenie pr\u00edstupu k nej z ak\u00e9hoko\u013evek d\u00f4vodu by mohlo by\u0165 znepokojuj\u00face a du\u0161evne z\u00e1visl\u00ed jedinci by mali pravideln\u00fd stres alebo bolesti hlavy.<\/p>\n<p>Okrem toho u ment\u00e1lne z\u00e1visl\u00fdch jedincov konzum\u00e1cia \u010dasto eskaluje na nebezpe\u010dn\u00fa \u00farove\u0148 a s\u00fa n\u00faten\u00ed k pokra\u010dova\u0165 v pit\u00ed aj s ohrozen\u00edm \u017eivota. V tomto pr\u00edpade je v\u0161ak k dispoz\u00edcii liek. Tento vzorec spr\u00e1vania mo\u017eno zmeni\u0165 psychiatrickou lie\u010dbou. Pod\u013ea odborn\u00edkov m\u00f4\u017ee by\u0165 prospe\u0161n\u00e1 terapia naz\u00fdvan\u00e1 kognit\u00edvno-behavior\u00e1lna terapia.<\/p>\n<p>Po druh\u00e9, ke\u010f je \u010dlovek zvyknut\u00fd na vy\u0161\u0161iu hladinu dopam\u00ednu dostupn\u00fa v mozgu, zn\u00ed\u017eenie Adderall XR m\u00f4\u017ee vies\u0165 k zn\u00ed\u017eeniu dopam\u00ednu \u00farovne, \u010do m\u00e1 za n\u00e1sledok nasledovn\u00e9:<\/p>\n<p>&nbsp;<\/p>\n<p>Depresia alebo vy\u010derpanie<br \/> Neprirodzen\u00fd sp\u00e1nok alebo nenorm\u00e1lne dlh\u00e9 bdenie<\/p>\n<p>Je to tu je potrebn\u00e9 zd\u00f4razni\u0165, \u017ee fyzick\u00e1 z\u00e1vislos\u0165 m\u00f4\u017ee vyvola\u0165 nutkanie konzumova\u0165 viac l\u00e1tky, aby ste si udr\u017eali spokojnos\u0165, \u010do m\u00f4\u017ee ma\u0165 za n\u00e1sledok r\u00f4zne nepriazniv\u00e9 \u00fa\u010dinky a pred\u00e1vkovanie.<\/p>\n<p>Po\u017e\u00edvajte ich v\u0161ak len pod veden\u00edm odborn\u00edka alebo s najv\u00e4\u010d\u0161ou opatrnos\u0165ou m\u00f4\u017ee chr\u00e1ni\u0165 \u013eud\u00ed pred negat\u00edvnymi n\u00e1sledkami.<\/p>\n","protected":false},"excerpt":{"rendered":"<p>K\u00fapte si Adderall 30 mg v Spojenom kr\u00e1\u013eovstve a Eur\u00f3pe v na\u0161ej online lek\u00e1rni Best Global Meds s r\u00fdchlym medzin\u00e1rodn\u00fdm doru\u010den\u00edm! Tu n\u00e1jdete najlep\u0161\u00ed Adderall 30 mg na n\u00e1kup!<\/p>\n<p>K\u00fapte si Adderall 30 mg online. K\u00fapte si Adderall 30 mg online od jedn\u00e9ho z najv\u00e4\u010d\u0161\u00edch online obchodn\u00edkov za najlep\u0161iu cenu. Adderall je tie\u017e zn\u00e1my ako amfetam\u00edn a dextroamfetam\u00edn a pou\u017e\u00edva sa na lie\u010dbu poruchy pozornosti s hyperaktivitou (ADHD) (porucha pozornosti s hyperaktivitou).<\/p>\n<p>Adderall 30 MG je liek na predpis, ktor\u00fd vznik\u00e1 zmie\u0161an\u00edm a dextroamfetam\u00ednu. Tieto dve zlo\u017eky p\u00f4sobia ako hlavn\u00e9 stimulanty nervov\u00e9ho syst\u00e9mu. Okrem toho maj\u00fa tieto stimulanty vplyv na chemick\u00e9 l\u00e1tky a neur\u00f3ny v mozgu, ktor\u00e9 reguluj\u00fa impulzy a hyperaktivitu.<\/p>\n","protected":false},"featured_media":5138,"comment_status":"open","ping_status":"closed","template":"","meta":[],"product_brand":[],"product_cat":[1117],"product_tag":[1120,1124,1122,1119,1123,1121,1118],"class_list":{"0":"post-5122","1":"product","2":"type-product","3":"status-publish","4":"has-post-thumbnail","6":"product_cat-kupte-si-tabletky-proti-bolesti-spanku-sexu","7":"product_tag-ako-kpi-adderall-30-mg-online","8":"product_tag-kde-kpi-adderall-30-mg-online","9":"product_tag-nkup-adderall-30-mg-online","10":"product_tag-buy-adderall-30-mg-online","11":"product_tag-najlepie-miesto-na-nkup-adderall-30-mg-online","12":"product_tag-order-adderall-30-mg-online","13":"product_tag-adderall-30-mg-na-predaj","15":"first","16":"instock","17":"shipping-taxable","18":"purchasable","19":"product-type-variable","20":"has-default-attributes"},"yoast_head":"<!-- This site is optimized with the Yoast SEO plugin v27.3 - https:\/\/yoast.com\/product\/yoast-seo-wordpress\/ -->\n<title>K\u00fapi\u0165 Adderall 30 mg - Adderall 30 mg - Najlep\u0161ie glob\u00e1lne lieky<\/title>\n<meta name=\"description\" content=\"K\u00fapte si pilulky Adderall 30 mg online. K\u00fapte si Adderall online 30 mg od jedn\u00e9ho z najlep\u0161\u00edch predajcov online za najlep\u0161iu cenu. Adderall je tie\u017e zn\u00e1my ako amfetam\u00edn a dextroamfetam\u00edn pou\u017e\u00edvan\u00fd na lie\u010dbu ADHD (porucha pozornosti s hyperaktivitou).\" \/>\n<meta name=\"robots\" content=\"index, follow, max-snippet:-1, max-image-preview:large, max-video-preview:-1\" \/>\n<link rel=\"canonical\" href=\"https:\/\/medicinasinc.com\/sk\/product\/buy-adderall-30-mg\/\" \/>\n<meta property=\"og:locale\" content=\"en_US\" \/>\n<meta property=\"og:type\" content=\"article\" \/>\n<meta property=\"og:title\" content=\"K\u00fapi\u0165 Adderall 30 mg - Adderall 30 mg - Najlep\u0161ie glob\u00e1lne lieky\" \/>\n<meta property=\"og:description\" content=\"K\u00fapte si pilulky Adderall 30 mg online. K\u00fapte si Adderall online 30 mg od jedn\u00e9ho z najlep\u0161\u00edch predajcov online za najlep\u0161iu cenu. Adderall je tie\u017e zn\u00e1my ako amfetam\u00edn a dextroamfetam\u00edn pou\u017e\u00edvan\u00fd na lie\u010dbu ADHD (porucha pozornosti s hyperaktivitou).\" \/>\n<meta property=\"og:url\" content=\"https:\/\/medicinasinc.com\/sk\/product\/buy-adderall-30-mg\/\" \/>\n<meta property=\"og:site_name\" content=\"Medicinas Inc\" \/>\n<meta property=\"article:modified_time\" content=\"2022-03-22T01:07:26+00:00\" \/>\n<meta property=\"og:image\" content=\"https:\/\/medicinasinc.com\/sk\/wp-content\/uploads\/sites\/10\/2022\/02\/Buy-Adderall-30-MG.jpg\" \/>\n\t<meta property=\"og:image:width\" content=\"392\" \/>\n\t<meta property=\"og:image:height\" content=\"300\" \/>\n\t<meta property=\"og:image:type\" content=\"image\/jpeg\" \/>\n<meta name=\"twitter:card\" content=\"summary_large_image\" \/>\n<meta name=\"twitter:label1\" content=\"Est. reading time\" \/>\n\t<meta name=\"twitter:data1\" content=\"4 minutes\" \/>\n<script type=\"application\/ld+json\" class=\"yoast-schema-graph\">{\"@context\":\"https:\\\/\\\/schema.org\",\"@graph\":[{\"@type\":\"WebPage\",\"@id\":\"https:\\\/\\\/medicinasinc.com\\\/sk\\\/product\\\/buy-adderall-30-mg\\\/\",\"url\":\"https:\\\/\\\/medicinasinc.com\\\/sk\\\/product\\\/buy-adderall-30-mg\\\/\",\"name\":\"K\u00fapi\u0165 Adderall 30 mg - Adderall 30 mg - Najlep\u0161ie glob\u00e1lne lieky\",\"isPartOf\":{\"@id\":\"https:\\\/\\\/medicinasinc.com\\\/sk\\\/#website\"},\"primaryImageOfPage\":{\"@id\":\"https:\\\/\\\/medicinasinc.com\\\/sk\\\/product\\\/buy-adderall-30-mg\\\/#primaryimage\"},\"image\":{\"@id\":\"https:\\\/\\\/medicinasinc.com\\\/sk\\\/product\\\/buy-adderall-30-mg\\\/#primaryimage\"},\"thumbnailUrl\":\"https:\\\/\\\/medicinasinc.com\\\/sk\\\/wp-content\\\/uploads\\\/sites\\\/10\\\/2022\\\/02\\\/Buy-Adderall-30-MG.jpg\",\"datePublished\":\"2022-02-20T20:38:15+00:00\",\"dateModified\":\"2022-03-22T01:07:26+00:00\",\"description\":\"K\u00fapte si pilulky Adderall 30 mg online. K\u00fapte si Adderall online 30 mg od jedn\u00e9ho z najlep\u0161\u00edch predajcov online za najlep\u0161iu cenu. Adderall je tie\u017e zn\u00e1my ako amfetam\u00edn a dextroamfetam\u00edn pou\u017e\u00edvan\u00fd na lie\u010dbu ADHD (porucha pozornosti s hyperaktivitou).\",\"breadcrumb\":{\"@id\":\"https:\\\/\\\/medicinasinc.com\\\/sk\\\/product\\\/buy-adderall-30-mg\\\/#breadcrumb\"},\"inLanguage\":\"en-US\",\"potentialAction\":[{\"@type\":\"ReadAction\",\"target\":[\"https:\\\/\\\/medicinasinc.com\\\/sk\\\/product\\\/buy-adderall-30-mg\\\/\"]}]},{\"@type\":\"ImageObject\",\"inLanguage\":\"en-US\",\"@id\":\"https:\\\/\\\/medicinasinc.com\\\/sk\\\/product\\\/buy-adderall-30-mg\\\/#primaryimage\",\"url\":\"https:\\\/\\\/medicinasinc.com\\\/sk\\\/wp-content\\\/uploads\\\/sites\\\/10\\\/2022\\\/02\\\/Buy-Adderall-30-MG.jpg\",\"contentUrl\":\"https:\\\/\\\/medicinasinc.com\\\/sk\\\/wp-content\\\/uploads\\\/sites\\\/10\\\/2022\\\/02\\\/Buy-Adderall-30-MG.jpg\",\"width\":392,\"height\":300},{\"@type\":\"BreadcrumbList\",\"@id\":\"https:\\\/\\\/medicinasinc.com\\\/sk\\\/product\\\/buy-adderall-30-mg\\\/#breadcrumb\",\"itemListElement\":[{\"@type\":\"ListItem\",\"position\":1,\"name\":\"Obchod\",\"item\":\"https:\\\/\\\/medicinasinc.com\\\/sk\\\/obchod\\\/\"},{\"@type\":\"ListItem\",\"position\":2,\"name\":\"K\u00fapi\u0165 Adderall 30 mg\"}]},{\"@type\":\"WebSite\",\"@id\":\"https:\\\/\\\/medicinasinc.com\\\/sk\\\/#website\",\"url\":\"https:\\\/\\\/medicinasinc.com\\\/sk\\\/\",\"name\":\"Medicinas Inc\",\"description\":\"Health Medical Clinic\",\"potentialAction\":[{\"@type\":\"SearchAction\",\"target\":{\"@type\":\"EntryPoint\",\"urlTemplate\":\"https:\\\/\\\/medicinasinc.com\\\/sk\\\/?s={search_term_string}\"},\"query-input\":{\"@type\":\"PropertyValueSpecification\",\"valueRequired\":true,\"valueName\":\"search_term_string\"}}],\"inLanguage\":\"en-US\"}]}<\/script>\n<!-- \/ Yoast SEO plugin. -->","yoast_head_json":{"title":"K\u00fapi\u0165 Adderall 30 mg - Adderall 30 mg - Najlep\u0161ie glob\u00e1lne lieky","description":"K\u00fapte si pilulky Adderall 30 mg online. K\u00fapte si Adderall online 30 mg od jedn\u00e9ho z najlep\u0161\u00edch predajcov online za najlep\u0161iu cenu. Adderall je tie\u017e zn\u00e1my ako amfetam\u00edn a dextroamfetam\u00edn pou\u017e\u00edvan\u00fd na lie\u010dbu ADHD (porucha pozornosti s hyperaktivitou).","robots":{"index":"index","follow":"follow","max-snippet":"max-snippet:-1","max-image-preview":"max-image-preview:large","max-video-preview":"max-video-preview:-1"},"canonical":"https:\/\/medicinasinc.com\/sk\/product\/buy-adderall-30-mg\/","og_locale":"en_US","og_type":"article","og_title":"K\u00fapi\u0165 Adderall 30 mg - Adderall 30 mg - Najlep\u0161ie glob\u00e1lne lieky","og_description":"K\u00fapte si pilulky Adderall 30 mg online. K\u00fapte si Adderall online 30 mg od jedn\u00e9ho z najlep\u0161\u00edch predajcov online za najlep\u0161iu cenu. Adderall je tie\u017e zn\u00e1my ako amfetam\u00edn a dextroamfetam\u00edn pou\u017e\u00edvan\u00fd na lie\u010dbu ADHD (porucha pozornosti s hyperaktivitou).","og_url":"https:\/\/medicinasinc.com\/sk\/product\/buy-adderall-30-mg\/","og_site_name":"Medicinas Inc","article_modified_time":"2022-03-22T01:07:26+00:00","og_image":[{"width":392,"height":300,"url":"https:\/\/medicinasinc.com\/sk\/wp-content\/uploads\/sites\/10\/2022\/02\/Buy-Adderall-30-MG.jpg","type":"image\/jpeg"}],"twitter_card":"summary_large_image","twitter_misc":{"Est. reading time":"4 minutes"},"schema":{"@context":"https:\/\/schema.org","@graph":[{"@type":"WebPage","@id":"https:\/\/medicinasinc.com\/sk\/product\/buy-adderall-30-mg\/","url":"https:\/\/medicinasinc.com\/sk\/product\/buy-adderall-30-mg\/","name":"K\u00fapi\u0165 Adderall 30 mg - Adderall 30 mg - Najlep\u0161ie glob\u00e1lne lieky","isPartOf":{"@id":"https:\/\/medicinasinc.com\/sk\/#website"},"primaryImageOfPage":{"@id":"https:\/\/medicinasinc.com\/sk\/product\/buy-adderall-30-mg\/#primaryimage"},"image":{"@id":"https:\/\/medicinasinc.com\/sk\/product\/buy-adderall-30-mg\/#primaryimage"},"thumbnailUrl":"https:\/\/medicinasinc.com\/sk\/wp-content\/uploads\/sites\/10\/2022\/02\/Buy-Adderall-30-MG.jpg","datePublished":"2022-02-20T20:38:15+00:00","dateModified":"2022-03-22T01:07:26+00:00","description":"K\u00fapte si pilulky Adderall 30 mg online. K\u00fapte si Adderall online 30 mg od jedn\u00e9ho z najlep\u0161\u00edch predajcov online za najlep\u0161iu cenu. Adderall je tie\u017e zn\u00e1my ako amfetam\u00edn a dextroamfetam\u00edn pou\u017e\u00edvan\u00fd na lie\u010dbu ADHD (porucha pozornosti s hyperaktivitou).","breadcrumb":{"@id":"https:\/\/medicinasinc.com\/sk\/product\/buy-adderall-30-mg\/#breadcrumb"},"inLanguage":"en-US","potentialAction":[{"@type":"ReadAction","target":["https:\/\/medicinasinc.com\/sk\/product\/buy-adderall-30-mg\/"]}]},{"@type":"ImageObject","inLanguage":"en-US","@id":"https:\/\/medicinasinc.com\/sk\/product\/buy-adderall-30-mg\/#primaryimage","url":"https:\/\/medicinasinc.com\/sk\/wp-content\/uploads\/sites\/10\/2022\/02\/Buy-Adderall-30-MG.jpg","contentUrl":"https:\/\/medicinasinc.com\/sk\/wp-content\/uploads\/sites\/10\/2022\/02\/Buy-Adderall-30-MG.jpg","width":392,"height":300},{"@type":"BreadcrumbList","@id":"https:\/\/medicinasinc.com\/sk\/product\/buy-adderall-30-mg\/#breadcrumb","itemListElement":[{"@type":"ListItem","position":1,"name":"Obchod","item":"https:\/\/medicinasinc.com\/sk\/obchod\/"},{"@type":"ListItem","position":2,"name":"K\u00fapi\u0165 Adderall 30 mg"}]},{"@type":"WebSite","@id":"https:\/\/medicinasinc.com\/sk\/#website","url":"https:\/\/medicinasinc.com\/sk\/","name":"Medicinas Inc","description":"Health Medical Clinic","potentialAction":[{"@type":"SearchAction","target":{"@type":"EntryPoint","urlTemplate":"https:\/\/medicinasinc.com\/sk\/?s={search_term_string}"},"query-input":{"@type":"PropertyValueSpecification","valueRequired":true,"valueName":"search_term_string"}}],"inLanguage":"en-US"}]}},"_links":{"self":[{"href":"https:\/\/medicinasinc.com\/sk\/wp-json\/wp\/v2\/product\/5122","targetHints":{"allow":["GET"]}}],"collection":[{"href":"https:\/\/medicinasinc.com\/sk\/wp-json\/wp\/v2\/product"}],"about":[{"href":"https:\/\/medicinasinc.com\/sk\/wp-json\/wp\/v2\/types\/product"}],"replies":[{"embeddable":true,"href":"https:\/\/medicinasinc.com\/sk\/wp-json\/wp\/v2\/comments?post=5122"}],"wp:featuredmedia":[{"embeddable":true,"href":"https:\/\/medicinasinc.com\/sk\/wp-json\/wp\/v2\/media\/5138"}],"wp:attachment":[{"href":"https:\/\/medicinasinc.com\/sk\/wp-json\/wp\/v2\/media?parent=5122"}],"wp:term":[{"taxonomy":"product_brand","embeddable":true,"href":"https:\/\/medicinasinc.com\/sk\/wp-json\/wp\/v2\/product_brand?post=5122"},{"taxonomy":"product_cat","embeddable":true,"href":"https:\/\/medicinasinc.com\/sk\/wp-json\/wp\/v2\/product_cat?post=5122"},{"taxonomy":"product_tag","embeddable":true,"href":"https:\/\/medicinasinc.com\/sk\/wp-json\/wp\/v2\/product_tag?post=5122"}],"curies":[{"name":"wp","href":"https:\/\/api.w.org\/{rel}","templated":true}]}}