{"id":5096,"date":"2022-02-20T20:15:06","date_gmt":"2022-02-20T20:15:06","guid":{"rendered":"https:\/\/medicinasinc.com\/sk\/?post_type=product&#038;p=5096"},"modified":"2022-03-22T01:07:36","modified_gmt":"2022-03-22T01:07:36","slug":"grapefruit-burina-kmen","status":"publish","type":"product","link":"https:\/\/medicinasinc.com\/sk\/product\/grapefruit-burina-kmen\/","title":{"rendered":"Kme\u0148 grapefruitovej buriny"},"content":{"rendered":"<p><strong>Online n\u00e1kup vysokokvalitnej grapefruitovej marihuany<\/strong><\/p>\n<p>Grapfruit je takmer \u010dist\u00fd kme\u0148 sativy. Vznikla kr\u00ed\u017een\u00edm Popolu\u0161ky 99 s nezn\u00e1mou sativou chutiacou grapefruitom. Toto nie je rekrea\u010dn\u00fd kme\u0148 marihuany; pon\u00faka tie\u017e mno\u017estvo medic\u00ednskych charakterist\u00edk. Po nieko\u013ek\u00fdch \u0161lukoch sa budete c\u00edti\u0165 menej vystresovan\u00ed, depres\u00edvni a v bolestiach.<\/p>\n<p><strong>Sativa<\/strong>\u00a0\u2013 100 %<\/p>\n<p><strong>THC<\/strong>: 17 \u2013 20 %<\/p>\n<h3><strong>D\u00f4le\u017eit\u00e9 inform\u00e1cie o dodan\u00ed<\/strong><\/h3>\n<ul>\n<li><strong>Bezplatn\u00e1 doprava pre objedn\u00e1vky v hodnote 175 USD alebo viac<\/strong><\/li>\n<li>Nach\u00e1dzame sa na z\u00e1padnom pobre\u017e\u00ed Kanady<\/li>\n<li><strong>Doru\u010denie objedn\u00e1vok bude trva\u0165 pribli\u017ene 3 pracovn\u00e9 dni<\/strong>\u00a0potom, \u010do Canada Post prijme bal\u00edk *za predpokladu, \u017ee Kanada nebude me\u0161ka\u0165 Po\u0161tou*<\/li>\n<li>Bal\u00edky bud\u00fa odoslan\u00e9 na z\u00e1klade \u010dasu\u00a0<strong>pri prijat\u00ed platby<\/strong>\u00a0NIE pri zadan\u00ed objedn\u00e1vky.<\/li>\n<li>Objedn\u00e1vky s platbou prijat\u00e9 medzi 12:00 PST \u2013 12:00 PST (od polnoci do poludnia) bud\u00fa odoslan\u00e9 v ten ist\u00fd de\u0148.<\/li>\n<li>Objedn\u00e1vky s platbou prijatou po 12:00 PST (poludnie) bud\u00fa odoslan\u00e9 nasleduj\u00faci de\u0148.<\/li>\n<\/ul>\n<div class=\" product-next-previous\">\n<div class=\"product-prev\"><\/div><\/div>\n","protected":false},"excerpt":{"rendered":"<div class=\"woocommerce-product-details__short-description\">\n<p>Grapfruit je vysoko \u00fa\u010dinn\u00fd kme\u0148 marihuany sativa, ktor\u00fd vznikol kr\u00ed\u017een\u00edm Popolu\u0161ky 99 s grapefruitom. Grapefruit m\u00e1 revitaliza\u010dn\u00e9 vlastnosti a navodzuje pocity veselosti. Tento kme\u0148 m\u00e1 tropick\u00fd chu\u0165ov\u00fd profil a v\u00f4\u0148u citrusov.<\/p>\n<p>K\u00fapi\u0165 grapefruit Marihuana Strain je vysoko \u00fa\u010dinn\u00fd kme\u0148 marihuany sativa, ktor\u00fd vznikol kr\u00ed\u017een\u00edm Popolu\u0161ky 99 s grapefruitom. Kme\u0148 marihuany z grapefruitu na predaj online<\/p>\n<p>Marihuana z grapefruitu najvy\u0161\u0161ej kvality dostupnej online.<\/p>\n<p>Kanabis z grapefruitu je kme\u0148 sativa. 70 % dominantn\u00e1 hybridn\u00e1 sativa \/ 30 % indica THC: 20 % \u2013 25 %, CBN: 1 %<\/p>\n<\/p><\/div>\n","protected":false},"featured_media":5115,"comment_status":"open","ping_status":"closed","template":"","meta":[],"product_brand":[],"product_cat":[778],"product_tag":[1060,1061,1062,1067,1068,1069,1070,1075,1076,1077,1078,1083,1084,1085,1086,1088,1093,1094,1095,1096,1101,1102,1103,1104,1109,1110,1111,1112,1114,1116,1063,1066,1065,1073,1064,1072,1071,1079,1080,1082,1090,1108,1081,1074,1087,1106,1091,1092,1100,1105,1099,1107,1089,1113,1097,1098,1115],"class_list":{"0":"post-5096","1":"product","2":"type-product","3":"status-publish","4":"has-post-thumbnail","6":"product_cat-burinu-na-predaj","7":"product_tag-buy-grapefruit-strain-online-in-australia","8":"product_tag-buy-grapefruit-strain-online-in-austria","9":"product_tag-buy-grapefruit-strain-online-in-belarus","10":"product_tag-buy-grapefruit-strain-online-in-denmark","11":"product_tag-buy-grapefruit-strain-online-in-england","12":"product_tag-buy-grapefruit-strain-online-in-finland","13":"product_tag-buy-grapefruit-strain-online-in-france","14":"product_tag-buy-grapefruit-strain-online-in-japan","15":"product_tag-buy-grapefruit-strain-online-in-malta","16":"product_tag-buy-grapefruit-strain-online-in-mexico","17":"product_tag-buy-grapefruit-strain-online-in-new-zealand","18":"product_tag-buy-grapefruit-strain-online-in-switzerland","19":"product_tag-buy-grapefruit-strain-online-in-turkey","20":"product_tag-buy-grapefruit-strain-online-in-usa","21":"product_tag-buy-grapefruit-strain-online-online-in-uk","22":"product_tag-buy-weed-online-in-australia","23":"product_tag-buy-weed-online-in-china","24":"product_tag-buy-weed-online-in-croatia","25":"product_tag-buy-weed-online-in-denmark","26":"product_tag-buy-weed-online-in-england","27":"product_tag-buy-weed-online-in-ireland","28":"product_tag-buy-weed-online-in-italy","29":"product_tag-buy-weed-online-in-japan","30":"product_tag-buy-weed-online-in-malta","31":"product_tag-buy-weed-online-in-scotland","32":"product_tag-buy-weed-online-in-spain","33":"product_tag-buy-weed-online-in-switzerland","34":"product_tag-buy-weed-online-in-turkey","35":"product_tag-buy-weed-online-online-in-uk","36":"product_tag-grapefruit-burina-na-predaj-online","37":"product_tag-kpi-grapefruitov-kme-online-v-bulharsku","38":"product_tag-kpi-grapefruitov-kme-online-v-chorvtsku","39":"product_tag-kpi-grapefruitov-kme-online-vne","40":"product_tag-kpi-grapefruitov-kme-online-vrsku","41":"product_tag-k-c3-bapi-c5-a5-grapefruitov-c3-bd-kme-c5-88-online-v-canada","42":"product_tag-kpi-grapefruitov-kme-online-v-maarsku","43":"product_tag-kpi-grapefruitov-kme-online-v-nemecku","44":"product_tag-k-c3-bapi-c5-a5-grapefruit-kme-c5-88-online-v-pillipines","45":"product_tag-kpi-grapefruitov-kme-online-v-rusku","46":"product_tag-kpi-grapefruitov-kme-online-v-panielsku","47":"product_tag-kpi-burinu-online-v-bielorusku","48":"product_tag-kpi-burinu-online-v-rusku","49":"product_tag-kpi-grapefruitov-kme-online-vktsku","50":"product_tag-kpi-grapefruitov-kme-online-v-taliansku","51":"product_tag-kpi-grapefruit-burinu-kme-online","52":"product_tag-kpi-burinu-online-na-novom-zealande","53":"product_tag-kpi-burinu-online-v-bulharsku","54":"product_tag-kpi-burinu-online-v-kanade","55":"product_tag-kpi-burinu-online-v-maarsku","56":"product_tag-kpi-burinu-online-v-mexiku","57":"product_tag-kpi-burinu-online-v-nemecku","58":"product_tag-buy-weed-online-in-plipines","59":"product_tag-kpi-burinu-online-v-rakusku","60":"product_tag-kpi-burinu-online-v-usa","61":"product_tag-kpi-burinu-online-vo-fnsku","62":"product_tag-kpi-burinu-online-vo-franczsku","63":"product_tag-lacno-grapefruit-marihuana-na-predaj-online","65":"first","66":"instock","67":"shipping-taxable","68":"purchasable","69":"product-type-variable","70":"has-default-attributes"},"yoast_head":"<!-- This site is optimized with the Yoast SEO plugin v27.3 - https:\/\/yoast.com\/product\/yoast-seo-wordpress\/ -->\n<title>K\u00fapte si kme\u0148 grapefruitovej buriny \u2013 najlep\u0161ie najlep\u0161ie glob\u00e1lne lieky<\/title>\n<meta name=\"description\" content=\"Buy Grapefruit Weed Strain je siln\u00fd kme\u0148 marihuany sativa vyroben\u00fd kr\u00ed\u017een\u00edm Cinderella 99. K\u00fapte si kme\u0148 Grapefruit Marihuana online\" \/>\n<meta name=\"robots\" content=\"index, follow, max-snippet:-1, max-image-preview:large, max-video-preview:-1\" \/>\n<link rel=\"canonical\" href=\"https:\/\/medicinasinc.com\/sk\/product\/grapefruit-burina-kmen\/\" \/>\n<meta property=\"og:locale\" content=\"en_US\" \/>\n<meta property=\"og:type\" content=\"article\" \/>\n<meta property=\"og:title\" content=\"K\u00fapte si kme\u0148 grapefruitovej buriny \u2013 najlep\u0161ie najlep\u0161ie glob\u00e1lne lieky\" \/>\n<meta property=\"og:description\" content=\"Buy Grapefruit Weed Strain je siln\u00fd kme\u0148 marihuany sativa vyroben\u00fd kr\u00ed\u017een\u00edm Cinderella 99. K\u00fapte si kme\u0148 Grapefruit Marihuana online\" \/>\n<meta property=\"og:url\" content=\"https:\/\/medicinasinc.com\/sk\/product\/grapefruit-burina-kmen\/\" \/>\n<meta property=\"og:site_name\" content=\"Medicinas Inc\" \/>\n<meta property=\"article:modified_time\" content=\"2022-03-22T01:07:36+00:00\" \/>\n<meta property=\"og:image\" content=\"https:\/\/medicinasinc.com\/sk\/wp-content\/uploads\/sites\/10\/2022\/02\/Buy-Grapefruit-Weed-Strain.jpg\" \/>\n\t<meta property=\"og:image:width\" content=\"600\" \/>\n\t<meta property=\"og:image:height\" content=\"600\" \/>\n\t<meta property=\"og:image:type\" content=\"image\/jpeg\" \/>\n<meta name=\"twitter:card\" content=\"summary_large_image\" \/>\n<meta name=\"twitter:label1\" content=\"Est. reading time\" \/>\n\t<meta name=\"twitter:data1\" content=\"1 minute\" \/>\n<script type=\"application\/ld+json\" class=\"yoast-schema-graph\">{\"@context\":\"https:\\\/\\\/schema.org\",\"@graph\":[{\"@type\":\"WebPage\",\"@id\":\"https:\\\/\\\/medicinasinc.com\\\/sk\\\/product\\\/grapefruit-burina-kmen\\\/\",\"url\":\"https:\\\/\\\/medicinasinc.com\\\/sk\\\/product\\\/grapefruit-burina-kmen\\\/\",\"name\":\"K\u00fapte si kme\u0148 grapefruitovej buriny \u2013 najlep\u0161ie najlep\u0161ie glob\u00e1lne lieky\",\"isPartOf\":{\"@id\":\"https:\\\/\\\/medicinasinc.com\\\/sk\\\/#website\"},\"primaryImageOfPage\":{\"@id\":\"https:\\\/\\\/medicinasinc.com\\\/sk\\\/product\\\/grapefruit-burina-kmen\\\/#primaryimage\"},\"image\":{\"@id\":\"https:\\\/\\\/medicinasinc.com\\\/sk\\\/product\\\/grapefruit-burina-kmen\\\/#primaryimage\"},\"thumbnailUrl\":\"https:\\\/\\\/medicinasinc.com\\\/sk\\\/wp-content\\\/uploads\\\/sites\\\/10\\\/2022\\\/02\\\/Buy-Grapefruit-Weed-Strain.jpg\",\"datePublished\":\"2022-02-20T20:15:06+00:00\",\"dateModified\":\"2022-03-22T01:07:36+00:00\",\"description\":\"Buy Grapefruit Weed Strain je siln\u00fd kme\u0148 marihuany sativa vyroben\u00fd kr\u00ed\u017een\u00edm Cinderella 99. K\u00fapte si kme\u0148 Grapefruit Marihuana online\",\"breadcrumb\":{\"@id\":\"https:\\\/\\\/medicinasinc.com\\\/sk\\\/product\\\/grapefruit-burina-kmen\\\/#breadcrumb\"},\"inLanguage\":\"en-US\",\"potentialAction\":[{\"@type\":\"ReadAction\",\"target\":[\"https:\\\/\\\/medicinasinc.com\\\/sk\\\/product\\\/grapefruit-burina-kmen\\\/\"]}]},{\"@type\":\"ImageObject\",\"inLanguage\":\"en-US\",\"@id\":\"https:\\\/\\\/medicinasinc.com\\\/sk\\\/product\\\/grapefruit-burina-kmen\\\/#primaryimage\",\"url\":\"https:\\\/\\\/medicinasinc.com\\\/sk\\\/wp-content\\\/uploads\\\/sites\\\/10\\\/2022\\\/02\\\/Buy-Grapefruit-Weed-Strain.jpg\",\"contentUrl\":\"https:\\\/\\\/medicinasinc.com\\\/sk\\\/wp-content\\\/uploads\\\/sites\\\/10\\\/2022\\\/02\\\/Buy-Grapefruit-Weed-Strain.jpg\",\"width\":600,\"height\":600},{\"@type\":\"BreadcrumbList\",\"@id\":\"https:\\\/\\\/medicinasinc.com\\\/sk\\\/product\\\/grapefruit-burina-kmen\\\/#breadcrumb\",\"itemListElement\":[{\"@type\":\"ListItem\",\"position\":1,\"name\":\"Obchod\",\"item\":\"https:\\\/\\\/medicinasinc.com\\\/sk\\\/obchod\\\/\"},{\"@type\":\"ListItem\",\"position\":2,\"name\":\"Kme\u0148 grapefruitovej buriny\"}]},{\"@type\":\"WebSite\",\"@id\":\"https:\\\/\\\/medicinasinc.com\\\/sk\\\/#website\",\"url\":\"https:\\\/\\\/medicinasinc.com\\\/sk\\\/\",\"name\":\"Medicinas Inc\",\"description\":\"Health Medical Clinic\",\"potentialAction\":[{\"@type\":\"SearchAction\",\"target\":{\"@type\":\"EntryPoint\",\"urlTemplate\":\"https:\\\/\\\/medicinasinc.com\\\/sk\\\/?s={search_term_string}\"},\"query-input\":{\"@type\":\"PropertyValueSpecification\",\"valueRequired\":true,\"valueName\":\"search_term_string\"}}],\"inLanguage\":\"en-US\"}]}<\/script>\n<!-- \/ Yoast SEO plugin. -->","yoast_head_json":{"title":"K\u00fapte si kme\u0148 grapefruitovej buriny \u2013 najlep\u0161ie najlep\u0161ie glob\u00e1lne lieky","description":"Buy Grapefruit Weed Strain je siln\u00fd kme\u0148 marihuany sativa vyroben\u00fd kr\u00ed\u017een\u00edm Cinderella 99. K\u00fapte si kme\u0148 Grapefruit Marihuana online","robots":{"index":"index","follow":"follow","max-snippet":"max-snippet:-1","max-image-preview":"max-image-preview:large","max-video-preview":"max-video-preview:-1"},"canonical":"https:\/\/medicinasinc.com\/sk\/product\/grapefruit-burina-kmen\/","og_locale":"en_US","og_type":"article","og_title":"K\u00fapte si kme\u0148 grapefruitovej buriny \u2013 najlep\u0161ie najlep\u0161ie glob\u00e1lne lieky","og_description":"Buy Grapefruit Weed Strain je siln\u00fd kme\u0148 marihuany sativa vyroben\u00fd kr\u00ed\u017een\u00edm Cinderella 99. K\u00fapte si kme\u0148 Grapefruit Marihuana online","og_url":"https:\/\/medicinasinc.com\/sk\/product\/grapefruit-burina-kmen\/","og_site_name":"Medicinas Inc","article_modified_time":"2022-03-22T01:07:36+00:00","og_image":[{"width":600,"height":600,"url":"https:\/\/medicinasinc.com\/sk\/wp-content\/uploads\/sites\/10\/2022\/02\/Buy-Grapefruit-Weed-Strain.jpg","type":"image\/jpeg"}],"twitter_card":"summary_large_image","twitter_misc":{"Est. reading time":"1 minute"},"schema":{"@context":"https:\/\/schema.org","@graph":[{"@type":"WebPage","@id":"https:\/\/medicinasinc.com\/sk\/product\/grapefruit-burina-kmen\/","url":"https:\/\/medicinasinc.com\/sk\/product\/grapefruit-burina-kmen\/","name":"K\u00fapte si kme\u0148 grapefruitovej buriny \u2013 najlep\u0161ie najlep\u0161ie glob\u00e1lne lieky","isPartOf":{"@id":"https:\/\/medicinasinc.com\/sk\/#website"},"primaryImageOfPage":{"@id":"https:\/\/medicinasinc.com\/sk\/product\/grapefruit-burina-kmen\/#primaryimage"},"image":{"@id":"https:\/\/medicinasinc.com\/sk\/product\/grapefruit-burina-kmen\/#primaryimage"},"thumbnailUrl":"https:\/\/medicinasinc.com\/sk\/wp-content\/uploads\/sites\/10\/2022\/02\/Buy-Grapefruit-Weed-Strain.jpg","datePublished":"2022-02-20T20:15:06+00:00","dateModified":"2022-03-22T01:07:36+00:00","description":"Buy Grapefruit Weed Strain je siln\u00fd kme\u0148 marihuany sativa vyroben\u00fd kr\u00ed\u017een\u00edm Cinderella 99. K\u00fapte si kme\u0148 Grapefruit Marihuana online","breadcrumb":{"@id":"https:\/\/medicinasinc.com\/sk\/product\/grapefruit-burina-kmen\/#breadcrumb"},"inLanguage":"en-US","potentialAction":[{"@type":"ReadAction","target":["https:\/\/medicinasinc.com\/sk\/product\/grapefruit-burina-kmen\/"]}]},{"@type":"ImageObject","inLanguage":"en-US","@id":"https:\/\/medicinasinc.com\/sk\/product\/grapefruit-burina-kmen\/#primaryimage","url":"https:\/\/medicinasinc.com\/sk\/wp-content\/uploads\/sites\/10\/2022\/02\/Buy-Grapefruit-Weed-Strain.jpg","contentUrl":"https:\/\/medicinasinc.com\/sk\/wp-content\/uploads\/sites\/10\/2022\/02\/Buy-Grapefruit-Weed-Strain.jpg","width":600,"height":600},{"@type":"BreadcrumbList","@id":"https:\/\/medicinasinc.com\/sk\/product\/grapefruit-burina-kmen\/#breadcrumb","itemListElement":[{"@type":"ListItem","position":1,"name":"Obchod","item":"https:\/\/medicinasinc.com\/sk\/obchod\/"},{"@type":"ListItem","position":2,"name":"Kme\u0148 grapefruitovej buriny"}]},{"@type":"WebSite","@id":"https:\/\/medicinasinc.com\/sk\/#website","url":"https:\/\/medicinasinc.com\/sk\/","name":"Medicinas Inc","description":"Health Medical Clinic","potentialAction":[{"@type":"SearchAction","target":{"@type":"EntryPoint","urlTemplate":"https:\/\/medicinasinc.com\/sk\/?s={search_term_string}"},"query-input":{"@type":"PropertyValueSpecification","valueRequired":true,"valueName":"search_term_string"}}],"inLanguage":"en-US"}]}},"_links":{"self":[{"href":"https:\/\/medicinasinc.com\/sk\/wp-json\/wp\/v2\/product\/5096","targetHints":{"allow":["GET"]}}],"collection":[{"href":"https:\/\/medicinasinc.com\/sk\/wp-json\/wp\/v2\/product"}],"about":[{"href":"https:\/\/medicinasinc.com\/sk\/wp-json\/wp\/v2\/types\/product"}],"replies":[{"embeddable":true,"href":"https:\/\/medicinasinc.com\/sk\/wp-json\/wp\/v2\/comments?post=5096"}],"wp:featuredmedia":[{"embeddable":true,"href":"https:\/\/medicinasinc.com\/sk\/wp-json\/wp\/v2\/media\/5115"}],"wp:attachment":[{"href":"https:\/\/medicinasinc.com\/sk\/wp-json\/wp\/v2\/media?parent=5096"}],"wp:term":[{"taxonomy":"product_brand","embeddable":true,"href":"https:\/\/medicinasinc.com\/sk\/wp-json\/wp\/v2\/product_brand?post=5096"},{"taxonomy":"product_cat","embeddable":true,"href":"https:\/\/medicinasinc.com\/sk\/wp-json\/wp\/v2\/product_cat?post=5096"},{"taxonomy":"product_tag","embeddable":true,"href":"https:\/\/medicinasinc.com\/sk\/wp-json\/wp\/v2\/product_tag?post=5096"}],"curies":[{"name":"wp","href":"https:\/\/api.w.org\/{rel}","templated":true}]}}