{"id":5095,"date":"2022-02-20T20:14:14","date_gmt":"2022-02-20T20:14:14","guid":{"rendered":"https:\/\/medicinasinc.com\/sk\/?post_type=product&#038;p=5095"},"modified":"2022-03-22T01:07:45","modified_gmt":"2022-03-22T01:07:45","slug":"tuniak-kush","status":"publish","type":"product","link":"https:\/\/medicinasinc.com\/sk\/product\/tuniak-kush\/","title":{"rendered":"Tuna Kush"},"content":{"rendered":"<p><strong>Ve\u013ekos\u0165 p\u00fa\u010dikov: Stredn\u00e1<\/strong><br \/> <strong>\u0160trukt\u00fara: mierne lepkav\u00e1 \/ mierne lepkav\u00e1<br \/> Pr\u00edchute: zemit\u00e1 \/ drevit\u00e1 \/ \u0161tip\u013eav\u00e1<\/strong><\/p>\n<div class=\"product-next-previous\">\n<div class=\"product-prev\">Tuna Kush je fenom\u00e9n Britskej Kolumbie, ktor\u00fd sa vracia na severoamerick\u00e9 trhy s lie\u010debn\u00fdm kanabisom. Toto plemeno bolo nazvan\u00e9 jedn\u00fdm z najsilnej\u0161\u00edch na trhu, vytv\u00e1ra kompaktn\u00e9, hrub\u00e9 nugety, ktor\u00e9 s\u00fa husto potiahnut\u00e9 \u017eivicou. Zatia\u013e \u010do Tuna Kush nie je zn\u00e1my t\u00fdm, \u017ee m\u00e1 vysok\u00e9 v\u00fdnosy, to, \u010do vz\u00edde z t\u00fdchto ten\u0161\u00edch stoniek, bude siln\u00e9 a chutn\u00e9. Ako u\u017e bolo povedan\u00e9, ak sa tento kme\u0148 dostane do v\u00e1\u0161ho rastu, mo\u017eno budete chcie\u0165 vylep\u0161i\u0165 svoje uhl\u00edkov\u00e9 filtre, preto\u017ee tento p\u00fa\u010dik p\u00e1chne! O\u010dak\u00e1vajte kombin\u00e1ciu \u0161tip\u013eav\u00e9ho skunku, paliva a jemnej sladkosti.<\/div><\/div>\n","protected":false},"excerpt":{"rendered":"<p>K\u00fapi\u0165 Tuna Kush je jedn\u00fdm z najsilnej\u0161\u00edch kme\u0148ov kanabisu indica dostupn\u00fdch na predaj. Jeden toke navod\u00ed hlbok\u00fd pocit vzru\u0161enia a uvo\u013enenia.<\/p>\n<p>Bluefin Tuna Kush je hybridn\u00fd kme\u0148 s dominantn\u00fdm postaven\u00edm Indica, ktor\u00fd kombinuje to najlep\u0161ie z Blueberry a sl\u00e1vneho Tuna Kush z BC.<\/p>\n","protected":false},"featured_media":5113,"comment_status":"open","ping_status":"closed","template":"","meta":[],"product_brand":[],"product_cat":[778],"product_tag":[],"class_list":{"0":"post-5095","1":"product","2":"type-product","3":"status-publish","4":"has-post-thumbnail","6":"product_cat-burinu-na-predaj","8":"first","9":"instock","10":"shipping-taxable","11":"purchasable","12":"product-type-variable","13":"has-default-attributes"},"yoast_head":"<!-- This site is optimized with the Yoast SEO plugin v27.3 - https:\/\/yoast.com\/product\/yoast-seo-wordpress\/ -->\n<title>K\u00fapi\u0165 Tuna Kush - Tuna Kush - Najlep\u0161ie glob\u00e1lne lieky<\/title>\n<meta name=\"description\" content=\"Burina Tuna Kush na predaj je jedn\u00fdm z najsilnej\u0161\u00edch dostupn\u00fdch kme\u0148ov kanabisu indica. Jeden toke v\u00e1s dostane do stavu hlbokej euf\u00f3rie a uvo\u013enenia.\" \/>\n<meta name=\"robots\" content=\"index, follow, max-snippet:-1, max-image-preview:large, max-video-preview:-1\" \/>\n<link rel=\"canonical\" href=\"https:\/\/medicinasinc.com\/sk\/product\/tuniak-kush\/\" \/>\n<meta property=\"og:locale\" content=\"en_US\" \/>\n<meta property=\"og:type\" content=\"article\" \/>\n<meta property=\"og:title\" content=\"K\u00fapi\u0165 Tuna Kush - Tuna Kush - Najlep\u0161ie glob\u00e1lne lieky\" \/>\n<meta property=\"og:description\" content=\"Burina Tuna Kush na predaj je jedn\u00fdm z najsilnej\u0161\u00edch dostupn\u00fdch kme\u0148ov kanabisu indica. Jeden toke v\u00e1s dostane do stavu hlbokej euf\u00f3rie a uvo\u013enenia.\" \/>\n<meta property=\"og:url\" content=\"https:\/\/medicinasinc.com\/sk\/product\/tuniak-kush\/\" \/>\n<meta property=\"og:site_name\" content=\"Medicinas Inc\" \/>\n<meta property=\"article:modified_time\" content=\"2022-03-22T01:07:45+00:00\" \/>\n<meta property=\"og:image\" content=\"https:\/\/medicinasinc.com\/sk\/wp-content\/uploads\/sites\/10\/2022\/02\/Buy-Tuna-Kush.jpg\" \/>\n\t<meta property=\"og:image:width\" content=\"1024\" \/>\n\t<meta property=\"og:image:height\" content=\"768\" \/>\n\t<meta property=\"og:image:type\" content=\"image\/jpeg\" \/>\n<meta name=\"twitter:card\" content=\"summary_large_image\" \/>\n<meta name=\"twitter:label1\" content=\"Est. reading time\" \/>\n\t<meta name=\"twitter:data1\" content=\"1 minute\" \/>\n<script type=\"application\/ld+json\" class=\"yoast-schema-graph\">{\"@context\":\"https:\\\/\\\/schema.org\",\"@graph\":[{\"@type\":\"WebPage\",\"@id\":\"https:\\\/\\\/medicinasinc.com\\\/sk\\\/product\\\/tuniak-kush\\\/\",\"url\":\"https:\\\/\\\/medicinasinc.com\\\/sk\\\/product\\\/tuniak-kush\\\/\",\"name\":\"K\u00fapi\u0165 Tuna Kush - Tuna Kush - Najlep\u0161ie glob\u00e1lne lieky\",\"isPartOf\":{\"@id\":\"https:\\\/\\\/medicinasinc.com\\\/sk\\\/#website\"},\"primaryImageOfPage\":{\"@id\":\"https:\\\/\\\/medicinasinc.com\\\/sk\\\/product\\\/tuniak-kush\\\/#primaryimage\"},\"image\":{\"@id\":\"https:\\\/\\\/medicinasinc.com\\\/sk\\\/product\\\/tuniak-kush\\\/#primaryimage\"},\"thumbnailUrl\":\"https:\\\/\\\/medicinasinc.com\\\/sk\\\/wp-content\\\/uploads\\\/sites\\\/10\\\/2022\\\/02\\\/Buy-Tuna-Kush.jpg\",\"datePublished\":\"2022-02-20T20:14:14+00:00\",\"dateModified\":\"2022-03-22T01:07:45+00:00\",\"description\":\"Burina Tuna Kush na predaj je jedn\u00fdm z najsilnej\u0161\u00edch dostupn\u00fdch kme\u0148ov kanabisu indica. Jeden toke v\u00e1s dostane do stavu hlbokej euf\u00f3rie a uvo\u013enenia.\",\"breadcrumb\":{\"@id\":\"https:\\\/\\\/medicinasinc.com\\\/sk\\\/product\\\/tuniak-kush\\\/#breadcrumb\"},\"inLanguage\":\"en-US\",\"potentialAction\":[{\"@type\":\"ReadAction\",\"target\":[\"https:\\\/\\\/medicinasinc.com\\\/sk\\\/product\\\/tuniak-kush\\\/\"]}]},{\"@type\":\"ImageObject\",\"inLanguage\":\"en-US\",\"@id\":\"https:\\\/\\\/medicinasinc.com\\\/sk\\\/product\\\/tuniak-kush\\\/#primaryimage\",\"url\":\"https:\\\/\\\/medicinasinc.com\\\/sk\\\/wp-content\\\/uploads\\\/sites\\\/10\\\/2022\\\/02\\\/Buy-Tuna-Kush.jpg\",\"contentUrl\":\"https:\\\/\\\/medicinasinc.com\\\/sk\\\/wp-content\\\/uploads\\\/sites\\\/10\\\/2022\\\/02\\\/Buy-Tuna-Kush.jpg\",\"width\":1024,\"height\":768},{\"@type\":\"BreadcrumbList\",\"@id\":\"https:\\\/\\\/medicinasinc.com\\\/sk\\\/product\\\/tuniak-kush\\\/#breadcrumb\",\"itemListElement\":[{\"@type\":\"ListItem\",\"position\":1,\"name\":\"Obchod\",\"item\":\"https:\\\/\\\/medicinasinc.com\\\/sk\\\/obchod\\\/\"},{\"@type\":\"ListItem\",\"position\":2,\"name\":\"Tuna Kush\"}]},{\"@type\":\"WebSite\",\"@id\":\"https:\\\/\\\/medicinasinc.com\\\/sk\\\/#website\",\"url\":\"https:\\\/\\\/medicinasinc.com\\\/sk\\\/\",\"name\":\"Medicinas Inc\",\"description\":\"Health Medical Clinic\",\"potentialAction\":[{\"@type\":\"SearchAction\",\"target\":{\"@type\":\"EntryPoint\",\"urlTemplate\":\"https:\\\/\\\/medicinasinc.com\\\/sk\\\/?s={search_term_string}\"},\"query-input\":{\"@type\":\"PropertyValueSpecification\",\"valueRequired\":true,\"valueName\":\"search_term_string\"}}],\"inLanguage\":\"en-US\"}]}<\/script>\n<!-- \/ Yoast SEO plugin. -->","yoast_head_json":{"title":"K\u00fapi\u0165 Tuna Kush - Tuna Kush - Najlep\u0161ie glob\u00e1lne lieky","description":"Burina Tuna Kush na predaj je jedn\u00fdm z najsilnej\u0161\u00edch dostupn\u00fdch kme\u0148ov kanabisu indica. Jeden toke v\u00e1s dostane do stavu hlbokej euf\u00f3rie a uvo\u013enenia.","robots":{"index":"index","follow":"follow","max-snippet":"max-snippet:-1","max-image-preview":"max-image-preview:large","max-video-preview":"max-video-preview:-1"},"canonical":"https:\/\/medicinasinc.com\/sk\/product\/tuniak-kush\/","og_locale":"en_US","og_type":"article","og_title":"K\u00fapi\u0165 Tuna Kush - Tuna Kush - Najlep\u0161ie glob\u00e1lne lieky","og_description":"Burina Tuna Kush na predaj je jedn\u00fdm z najsilnej\u0161\u00edch dostupn\u00fdch kme\u0148ov kanabisu indica. Jeden toke v\u00e1s dostane do stavu hlbokej euf\u00f3rie a uvo\u013enenia.","og_url":"https:\/\/medicinasinc.com\/sk\/product\/tuniak-kush\/","og_site_name":"Medicinas Inc","article_modified_time":"2022-03-22T01:07:45+00:00","og_image":[{"width":1024,"height":768,"url":"https:\/\/medicinasinc.com\/sk\/wp-content\/uploads\/sites\/10\/2022\/02\/Buy-Tuna-Kush.jpg","type":"image\/jpeg"}],"twitter_card":"summary_large_image","twitter_misc":{"Est. reading time":"1 minute"},"schema":{"@context":"https:\/\/schema.org","@graph":[{"@type":"WebPage","@id":"https:\/\/medicinasinc.com\/sk\/product\/tuniak-kush\/","url":"https:\/\/medicinasinc.com\/sk\/product\/tuniak-kush\/","name":"K\u00fapi\u0165 Tuna Kush - Tuna Kush - Najlep\u0161ie glob\u00e1lne lieky","isPartOf":{"@id":"https:\/\/medicinasinc.com\/sk\/#website"},"primaryImageOfPage":{"@id":"https:\/\/medicinasinc.com\/sk\/product\/tuniak-kush\/#primaryimage"},"image":{"@id":"https:\/\/medicinasinc.com\/sk\/product\/tuniak-kush\/#primaryimage"},"thumbnailUrl":"https:\/\/medicinasinc.com\/sk\/wp-content\/uploads\/sites\/10\/2022\/02\/Buy-Tuna-Kush.jpg","datePublished":"2022-02-20T20:14:14+00:00","dateModified":"2022-03-22T01:07:45+00:00","description":"Burina Tuna Kush na predaj je jedn\u00fdm z najsilnej\u0161\u00edch dostupn\u00fdch kme\u0148ov kanabisu indica. Jeden toke v\u00e1s dostane do stavu hlbokej euf\u00f3rie a uvo\u013enenia.","breadcrumb":{"@id":"https:\/\/medicinasinc.com\/sk\/product\/tuniak-kush\/#breadcrumb"},"inLanguage":"en-US","potentialAction":[{"@type":"ReadAction","target":["https:\/\/medicinasinc.com\/sk\/product\/tuniak-kush\/"]}]},{"@type":"ImageObject","inLanguage":"en-US","@id":"https:\/\/medicinasinc.com\/sk\/product\/tuniak-kush\/#primaryimage","url":"https:\/\/medicinasinc.com\/sk\/wp-content\/uploads\/sites\/10\/2022\/02\/Buy-Tuna-Kush.jpg","contentUrl":"https:\/\/medicinasinc.com\/sk\/wp-content\/uploads\/sites\/10\/2022\/02\/Buy-Tuna-Kush.jpg","width":1024,"height":768},{"@type":"BreadcrumbList","@id":"https:\/\/medicinasinc.com\/sk\/product\/tuniak-kush\/#breadcrumb","itemListElement":[{"@type":"ListItem","position":1,"name":"Obchod","item":"https:\/\/medicinasinc.com\/sk\/obchod\/"},{"@type":"ListItem","position":2,"name":"Tuna Kush"}]},{"@type":"WebSite","@id":"https:\/\/medicinasinc.com\/sk\/#website","url":"https:\/\/medicinasinc.com\/sk\/","name":"Medicinas Inc","description":"Health Medical Clinic","potentialAction":[{"@type":"SearchAction","target":{"@type":"EntryPoint","urlTemplate":"https:\/\/medicinasinc.com\/sk\/?s={search_term_string}"},"query-input":{"@type":"PropertyValueSpecification","valueRequired":true,"valueName":"search_term_string"}}],"inLanguage":"en-US"}]}},"_links":{"self":[{"href":"https:\/\/medicinasinc.com\/sk\/wp-json\/wp\/v2\/product\/5095","targetHints":{"allow":["GET"]}}],"collection":[{"href":"https:\/\/medicinasinc.com\/sk\/wp-json\/wp\/v2\/product"}],"about":[{"href":"https:\/\/medicinasinc.com\/sk\/wp-json\/wp\/v2\/types\/product"}],"replies":[{"embeddable":true,"href":"https:\/\/medicinasinc.com\/sk\/wp-json\/wp\/v2\/comments?post=5095"}],"wp:featuredmedia":[{"embeddable":true,"href":"https:\/\/medicinasinc.com\/sk\/wp-json\/wp\/v2\/media\/5113"}],"wp:attachment":[{"href":"https:\/\/medicinasinc.com\/sk\/wp-json\/wp\/v2\/media?parent=5095"}],"wp:term":[{"taxonomy":"product_brand","embeddable":true,"href":"https:\/\/medicinasinc.com\/sk\/wp-json\/wp\/v2\/product_brand?post=5095"},{"taxonomy":"product_cat","embeddable":true,"href":"https:\/\/medicinasinc.com\/sk\/wp-json\/wp\/v2\/product_cat?post=5095"},{"taxonomy":"product_tag","embeddable":true,"href":"https:\/\/medicinasinc.com\/sk\/wp-json\/wp\/v2\/product_tag?post=5095"}],"curies":[{"name":"wp","href":"https:\/\/api.w.org\/{rel}","templated":true}]}}