{"id":5094,"date":"2022-02-20T20:12:57","date_gmt":"2022-02-20T20:12:57","guid":{"rendered":"https:\/\/medicinasinc.com\/sk\/?post_type=product&#038;p=5094"},"modified":"2022-03-22T01:07:59","modified_gmt":"2022-03-22T01:07:59","slug":"kupit-ruzovy-kush","status":"publish","type":"product","link":"https:\/\/medicinasinc.com\/sk\/product\/kupit-ruzovy-kush\/","title":{"rendered":"K\u00fapi\u0165 Pink Kush"},"content":{"rendered":"<p><strong>Online n\u00e1kup Pink Kush<\/strong><\/p>\n<p>Pink Kush, rovnako ako jeho s\u00farodenec OG Kush, je ve\u013emi vyh\u013ead\u00e1van\u00fdm hybridom s dominanciou indiky so siln\u00fdmi \u00fa\u010dinkami zameran\u00fdmi na telo. Ru\u017eov\u00e9 ch\u013apky vych\u00e1dzaj\u00fa z jasne zelen\u00fdch p\u00fa\u010dikov, ktor\u00e9 s\u00fa sotva vidite\u013en\u00e9 pod vrstvou cukrov\u00fdch trich\u00f3mov a dod\u00e1vaj\u00fa sladk\u00fa v\u00f4\u0148u vanilky a cukr\u00edkov. Predpoklad\u00e1 sa, \u017ee \u00fa\u010dinnos\u0165 tohto kme\u0148a je ohromuj\u00faca a dokonca sa zistilo, \u017ee aj mal\u00e9 d\u00e1vky zmier\u0148uj\u00fa boles\u0165, nespavos\u0165 a stratu chuti do jedla. Kvitnutie Pink Kush trv\u00e1 10 a\u017e 11 t\u00fd\u017ed\u0148ov, ale v\u010faka enormn\u00fdm v\u00fdnosom p\u00fa\u010dikov na najvy\u0161\u0161ej polici sa \u010dakanie oplat\u00ed.<\/p>\n<div class=\"product-next-previous\">\n<div class=\"product-prev\"><\/div><\/div>\n","protected":false},"excerpt":{"rendered":"<p>K\u00fapte si kanabis Pink Kush a \u010fal\u0161ie AAA+ kmene bur\u00edn z ob\u013e\u00faben\u00e9ho eur\u00f3pskeho online v\u00fddajne. Objednajte si e\u0161te dnes a vyu\u017eite bezplatn\u00e9 doru\u010denie pri v\u0161etk\u00fdch objedn\u00e1vkach nad 150 $!<\/p>\n<p>Pink Kush, rovnako ako jeho s\u00farodenec OG Kush, je ve\u013emi vyh\u013ead\u00e1van\u00fdm hybridom s dominanciou indiky so siln\u00fdmi \u00fa\u010dinkami zameran\u00fdmi na telo.<\/p>\n<div>\n<p class=\"percentage\"><span class=\"heading\">THC:\u00a0<\/span>25 %<\/p>\n<\/p><\/div>\n<div class=\"panel-heading\">M\u00f4\u017ee u\u013eavi\u0165 <i class=\"fa fa-info-circle\" title=\"Zrieknutie sa zodpovednosti: V\u0161etky inform\u00e1cie o kme\u0148och kanabisu zobrazen\u00e9 na tejto webovej str\u00e1nke s\u00fa zalo\u017een\u00e9 na pou\u017e\u00edvate\u013esk\u00fdch recenzi\u00e1ch. Zobrazen\u00e9 \u00fadaje o kme\u0148och by sa mali pova\u017eova\u0165 za informat\u00edvny n\u00e1stroj a nie za lek\u00e1rske odpor\u00fa\u010danie. Obr\u00e1\u0165te sa na svojho lek\u00e1ra pred u\u017eit\u00edm kanabisu na lek\u00e1rske \u00fa\u010dely.\" data-toggle=\"tooltip\" data-placement=\"right\"><\/i><\/div>\n<div class=\"panel-body well tags-list\">Strata chuti do jedla,\u00a0Chronick\u00e1 boles\u0165,\u00a0Depresia,\u00a0Insomnia,\u00a0Nauzea<\/div>\n<ul>\n<li>AAAAA predstavuje to najlep\u0161ie z najlep\u0161ieho!<\/li>\n<li>Kontaktujte n\u00e1s pre ve\u013ekoobchodn\u00e9 objedn\u00e1vky<\/li>\n<li>Celosvetov\u00e1 doprava.<\/li>\n<\/ul>\n","protected":false},"featured_media":5111,"comment_status":"open","ping_status":"closed","template":"","meta":[],"product_brand":[],"product_cat":[778],"product_tag":[1049,634,1052,1053,1050,1051,1055,1054,1056,1057,1058,1059],"class_list":{"0":"post-5094","1":"product","2":"type-product","3":"status-publish","4":"has-post-thumbnail","6":"product_cat-burinu-na-predaj","7":"product_tag-buy-cannabis-online-uk","8":"product_tag-buy-marijuana-online-uk","9":"product_tag-hybrid-weed-strains","10":"product_tag-marihuana-kmene-online","11":"product_tag-kpi-lekrsku-marihuanu-online-uk","12":"product_tag-kpi-nembutal","13":"product_tag-online-lekrsky-predaj-marihuany","14":"product_tag-online-predaj-marihuany","15":"product_tag-oxycontin-80-mg","16":"product_tag-tabletky-proti-bolesti-na-predaj","17":"product_tag-rekreano-marihuana-vdaja","18":"product_tag-burina-na-predaj-v-taliansku","20":"first","21":"instock","22":"shipping-taxable","23":"purchasable","24":"product-type-variable","25":"has-default-attributes"},"yoast_head":"<!-- This site is optimized with the Yoast SEO plugin v27.3 - https:\/\/yoast.com\/product\/yoast-seo-wordpress\/ -->\n<title>K\u00fapte si Pink Kush online \u2013 najlep\u0161ie najlep\u0161ie glob\u00e1lne lieky<\/title>\n<meta name=\"description\" content=\"K\u00fapte si kme\u0148 buriny Pink Kush a viac buriny AAA+ z eur\u00f3pskeho ob\u013e\u00faben\u00e9ho online v\u00fddaj\u0148a. Objednajte e\u0161te dnes a u\u017eite si dopravu zadarmo na v\u0161etky objedn\u00e1vky nad 150 $!\" \/>\n<meta name=\"robots\" content=\"index, follow, max-snippet:-1, max-image-preview:large, max-video-preview:-1\" \/>\n<link rel=\"canonical\" href=\"https:\/\/medicinasinc.com\/sk\/product\/kupit-ruzovy-kush\/\" \/>\n<meta property=\"og:locale\" content=\"en_US\" \/>\n<meta property=\"og:type\" content=\"article\" \/>\n<meta property=\"og:title\" content=\"K\u00fapte si Pink Kush online \u2013 najlep\u0161ie najlep\u0161ie glob\u00e1lne lieky\" \/>\n<meta property=\"og:description\" content=\"K\u00fapte si kme\u0148 buriny Pink Kush a viac buriny AAA+ z eur\u00f3pskeho ob\u013e\u00faben\u00e9ho online v\u00fddaj\u0148a. Objednajte e\u0161te dnes a u\u017eite si dopravu zadarmo na v\u0161etky objedn\u00e1vky nad 150 $!\" \/>\n<meta property=\"og:url\" content=\"https:\/\/medicinasinc.com\/sk\/product\/kupit-ruzovy-kush\/\" \/>\n<meta property=\"og:site_name\" content=\"Medicinas Inc\" \/>\n<meta property=\"article:modified_time\" content=\"2022-03-22T01:07:59+00:00\" \/>\n<meta property=\"og:image\" content=\"https:\/\/medicinasinc.com\/sk\/wp-content\/uploads\/sites\/10\/2022\/02\/Buy-Pink-Kush.jpg\" \/>\n\t<meta property=\"og:image:width\" content=\"450\" \/>\n\t<meta property=\"og:image:height\" content=\"450\" \/>\n\t<meta property=\"og:image:type\" content=\"image\/jpeg\" \/>\n<meta name=\"twitter:card\" content=\"summary_large_image\" \/>\n<meta name=\"twitter:label1\" content=\"Est. reading time\" \/>\n\t<meta name=\"twitter:data1\" content=\"1 minute\" \/>\n<script type=\"application\/ld+json\" class=\"yoast-schema-graph\">{\"@context\":\"https:\\\/\\\/schema.org\",\"@graph\":[{\"@type\":\"WebPage\",\"@id\":\"https:\\\/\\\/medicinasinc.com\\\/sk\\\/product\\\/kupit-ruzovy-kush\\\/\",\"url\":\"https:\\\/\\\/medicinasinc.com\\\/sk\\\/product\\\/kupit-ruzovy-kush\\\/\",\"name\":\"K\u00fapte si Pink Kush online \u2013 najlep\u0161ie najlep\u0161ie glob\u00e1lne lieky\",\"isPartOf\":{\"@id\":\"https:\\\/\\\/medicinasinc.com\\\/sk\\\/#website\"},\"primaryImageOfPage\":{\"@id\":\"https:\\\/\\\/medicinasinc.com\\\/sk\\\/product\\\/kupit-ruzovy-kush\\\/#primaryimage\"},\"image\":{\"@id\":\"https:\\\/\\\/medicinasinc.com\\\/sk\\\/product\\\/kupit-ruzovy-kush\\\/#primaryimage\"},\"thumbnailUrl\":\"https:\\\/\\\/medicinasinc.com\\\/sk\\\/wp-content\\\/uploads\\\/sites\\\/10\\\/2022\\\/02\\\/Buy-Pink-Kush.jpg\",\"datePublished\":\"2022-02-20T20:12:57+00:00\",\"dateModified\":\"2022-03-22T01:07:59+00:00\",\"description\":\"K\u00fapte si kme\u0148 buriny Pink Kush a viac buriny AAA+ z eur\u00f3pskeho ob\u013e\u00faben\u00e9ho online v\u00fddaj\u0148a. Objednajte e\u0161te dnes a u\u017eite si dopravu zadarmo na v\u0161etky objedn\u00e1vky nad 150 $!\",\"breadcrumb\":{\"@id\":\"https:\\\/\\\/medicinasinc.com\\\/sk\\\/product\\\/kupit-ruzovy-kush\\\/#breadcrumb\"},\"inLanguage\":\"en-US\",\"potentialAction\":[{\"@type\":\"ReadAction\",\"target\":[\"https:\\\/\\\/medicinasinc.com\\\/sk\\\/product\\\/kupit-ruzovy-kush\\\/\"]}]},{\"@type\":\"ImageObject\",\"inLanguage\":\"en-US\",\"@id\":\"https:\\\/\\\/medicinasinc.com\\\/sk\\\/product\\\/kupit-ruzovy-kush\\\/#primaryimage\",\"url\":\"https:\\\/\\\/medicinasinc.com\\\/sk\\\/wp-content\\\/uploads\\\/sites\\\/10\\\/2022\\\/02\\\/Buy-Pink-Kush.jpg\",\"contentUrl\":\"https:\\\/\\\/medicinasinc.com\\\/sk\\\/wp-content\\\/uploads\\\/sites\\\/10\\\/2022\\\/02\\\/Buy-Pink-Kush.jpg\",\"width\":450,\"height\":450},{\"@type\":\"BreadcrumbList\",\"@id\":\"https:\\\/\\\/medicinasinc.com\\\/sk\\\/product\\\/kupit-ruzovy-kush\\\/#breadcrumb\",\"itemListElement\":[{\"@type\":\"ListItem\",\"position\":1,\"name\":\"Obchod\",\"item\":\"https:\\\/\\\/medicinasinc.com\\\/sk\\\/obchod\\\/\"},{\"@type\":\"ListItem\",\"position\":2,\"name\":\"K\u00fapi\u0165 Pink Kush\"}]},{\"@type\":\"WebSite\",\"@id\":\"https:\\\/\\\/medicinasinc.com\\\/sk\\\/#website\",\"url\":\"https:\\\/\\\/medicinasinc.com\\\/sk\\\/\",\"name\":\"Medicinas Inc\",\"description\":\"Health Medical Clinic\",\"potentialAction\":[{\"@type\":\"SearchAction\",\"target\":{\"@type\":\"EntryPoint\",\"urlTemplate\":\"https:\\\/\\\/medicinasinc.com\\\/sk\\\/?s={search_term_string}\"},\"query-input\":{\"@type\":\"PropertyValueSpecification\",\"valueRequired\":true,\"valueName\":\"search_term_string\"}}],\"inLanguage\":\"en-US\"}]}<\/script>\n<!-- \/ Yoast SEO plugin. -->","yoast_head_json":{"title":"K\u00fapte si Pink Kush online \u2013 najlep\u0161ie najlep\u0161ie glob\u00e1lne lieky","description":"K\u00fapte si kme\u0148 buriny Pink Kush a viac buriny AAA+ z eur\u00f3pskeho ob\u013e\u00faben\u00e9ho online v\u00fddaj\u0148a. Objednajte e\u0161te dnes a u\u017eite si dopravu zadarmo na v\u0161etky objedn\u00e1vky nad 150 $!","robots":{"index":"index","follow":"follow","max-snippet":"max-snippet:-1","max-image-preview":"max-image-preview:large","max-video-preview":"max-video-preview:-1"},"canonical":"https:\/\/medicinasinc.com\/sk\/product\/kupit-ruzovy-kush\/","og_locale":"en_US","og_type":"article","og_title":"K\u00fapte si Pink Kush online \u2013 najlep\u0161ie najlep\u0161ie glob\u00e1lne lieky","og_description":"K\u00fapte si kme\u0148 buriny Pink Kush a viac buriny AAA+ z eur\u00f3pskeho ob\u013e\u00faben\u00e9ho online v\u00fddaj\u0148a. Objednajte e\u0161te dnes a u\u017eite si dopravu zadarmo na v\u0161etky objedn\u00e1vky nad 150 $!","og_url":"https:\/\/medicinasinc.com\/sk\/product\/kupit-ruzovy-kush\/","og_site_name":"Medicinas Inc","article_modified_time":"2022-03-22T01:07:59+00:00","og_image":[{"width":450,"height":450,"url":"https:\/\/medicinasinc.com\/sk\/wp-content\/uploads\/sites\/10\/2022\/02\/Buy-Pink-Kush.jpg","type":"image\/jpeg"}],"twitter_card":"summary_large_image","twitter_misc":{"Est. reading time":"1 minute"},"schema":{"@context":"https:\/\/schema.org","@graph":[{"@type":"WebPage","@id":"https:\/\/medicinasinc.com\/sk\/product\/kupit-ruzovy-kush\/","url":"https:\/\/medicinasinc.com\/sk\/product\/kupit-ruzovy-kush\/","name":"K\u00fapte si Pink Kush online \u2013 najlep\u0161ie najlep\u0161ie glob\u00e1lne lieky","isPartOf":{"@id":"https:\/\/medicinasinc.com\/sk\/#website"},"primaryImageOfPage":{"@id":"https:\/\/medicinasinc.com\/sk\/product\/kupit-ruzovy-kush\/#primaryimage"},"image":{"@id":"https:\/\/medicinasinc.com\/sk\/product\/kupit-ruzovy-kush\/#primaryimage"},"thumbnailUrl":"https:\/\/medicinasinc.com\/sk\/wp-content\/uploads\/sites\/10\/2022\/02\/Buy-Pink-Kush.jpg","datePublished":"2022-02-20T20:12:57+00:00","dateModified":"2022-03-22T01:07:59+00:00","description":"K\u00fapte si kme\u0148 buriny Pink Kush a viac buriny AAA+ z eur\u00f3pskeho ob\u013e\u00faben\u00e9ho online v\u00fddaj\u0148a. Objednajte e\u0161te dnes a u\u017eite si dopravu zadarmo na v\u0161etky objedn\u00e1vky nad 150 $!","breadcrumb":{"@id":"https:\/\/medicinasinc.com\/sk\/product\/kupit-ruzovy-kush\/#breadcrumb"},"inLanguage":"en-US","potentialAction":[{"@type":"ReadAction","target":["https:\/\/medicinasinc.com\/sk\/product\/kupit-ruzovy-kush\/"]}]},{"@type":"ImageObject","inLanguage":"en-US","@id":"https:\/\/medicinasinc.com\/sk\/product\/kupit-ruzovy-kush\/#primaryimage","url":"https:\/\/medicinasinc.com\/sk\/wp-content\/uploads\/sites\/10\/2022\/02\/Buy-Pink-Kush.jpg","contentUrl":"https:\/\/medicinasinc.com\/sk\/wp-content\/uploads\/sites\/10\/2022\/02\/Buy-Pink-Kush.jpg","width":450,"height":450},{"@type":"BreadcrumbList","@id":"https:\/\/medicinasinc.com\/sk\/product\/kupit-ruzovy-kush\/#breadcrumb","itemListElement":[{"@type":"ListItem","position":1,"name":"Obchod","item":"https:\/\/medicinasinc.com\/sk\/obchod\/"},{"@type":"ListItem","position":2,"name":"K\u00fapi\u0165 Pink Kush"}]},{"@type":"WebSite","@id":"https:\/\/medicinasinc.com\/sk\/#website","url":"https:\/\/medicinasinc.com\/sk\/","name":"Medicinas Inc","description":"Health Medical Clinic","potentialAction":[{"@type":"SearchAction","target":{"@type":"EntryPoint","urlTemplate":"https:\/\/medicinasinc.com\/sk\/?s={search_term_string}"},"query-input":{"@type":"PropertyValueSpecification","valueRequired":true,"valueName":"search_term_string"}}],"inLanguage":"en-US"}]}},"_links":{"self":[{"href":"https:\/\/medicinasinc.com\/sk\/wp-json\/wp\/v2\/product\/5094","targetHints":{"allow":["GET"]}}],"collection":[{"href":"https:\/\/medicinasinc.com\/sk\/wp-json\/wp\/v2\/product"}],"about":[{"href":"https:\/\/medicinasinc.com\/sk\/wp-json\/wp\/v2\/types\/product"}],"replies":[{"embeddable":true,"href":"https:\/\/medicinasinc.com\/sk\/wp-json\/wp\/v2\/comments?post=5094"}],"wp:featuredmedia":[{"embeddable":true,"href":"https:\/\/medicinasinc.com\/sk\/wp-json\/wp\/v2\/media\/5111"}],"wp:attachment":[{"href":"https:\/\/medicinasinc.com\/sk\/wp-json\/wp\/v2\/media?parent=5094"}],"wp:term":[{"taxonomy":"product_brand","embeddable":true,"href":"https:\/\/medicinasinc.com\/sk\/wp-json\/wp\/v2\/product_brand?post=5094"},{"taxonomy":"product_cat","embeddable":true,"href":"https:\/\/medicinasinc.com\/sk\/wp-json\/wp\/v2\/product_cat?post=5094"},{"taxonomy":"product_tag","embeddable":true,"href":"https:\/\/medicinasinc.com\/sk\/wp-json\/wp\/v2\/product_tag?post=5094"}],"curies":[{"name":"wp","href":"https:\/\/api.w.org\/{rel}","templated":true}]}}