{"id":5093,"date":"2022-02-20T20:12:04","date_gmt":"2022-02-20T20:12:04","guid":{"rendered":"https:\/\/medicinasinc.com\/sk\/?post_type=product&#038;p=5093"},"modified":"2022-03-22T01:08:08","modified_gmt":"2022-03-22T01:08:08","slug":"kupit-ceresna-gorila-lepidlo","status":"publish","type":"product","link":"https:\/\/medicinasinc.com\/sk\/product\/kupit-ceresna-gorila-lepidlo\/","title":{"rendered":"K\u00fapte si lepidlo Cherry Gorilla Glue"},"content":{"rendered":"<p><strong>Nakupujte online marihuanu Cherry Gorilla.<\/strong><\/p>\n<p>Marihuanu Cherry Gorilla si m\u00f4\u017eete zak\u00fapi\u0165 online. K\u00fapte si kme\u0148 kanabisu Cherry Gorilla. Hybrid obsahuj\u00faci 50 % Sativa a 50 % Indica THC: 17 \u2013 18 %<\/p>\n<p>\u00da\u010dinky<br \/> Telo povzn\u00e1\u0161aj\u00face, cerebr\u00e1lne, \u0161\u0165astn\u00e9, uvo\u013e\u0148uj\u00face, povzn\u00e1\u0161aj\u00face<br \/> M\u00f4\u017ee zmierni\u0165<br \/> depresie, \u00danava, nespavos\u0165, nevo\u013enos\u0165, stres<br \/> Pr\u00edchute<br \/> \u010dere\u0161\u0148a, k\u00e1va, nafta, sladk\u00e9<\/p>\n","protected":false},"excerpt":{"rendered":"<div class=\"woocommerce-product-details__short-description\">\n<p>Nakupujte marihuanu alias Cherry Gorilla Glue na \u010diernom trhu za najlep\u0161iu cenu. V\u0161etky na\u0161e produkty s\u00fa vyroben\u00e9 s pou\u017eit\u00edm \u00faplne pr\u00edrodn\u00fdch komponentov bez obsahu THC. Objednajte si online e\u0161te dnes!<\/p>\n<p>Marihuanu Cherry Gorilla si m\u00f4\u017eete k\u00fapi\u0165 online. 100% zaru\u010den\u00e9 doru\u010denie a sledovanie, ako aj ve\u013ek\u00fd v\u00fdber jedl\u00fdch produktov, koncentr\u00e1tov, sativ, indik a hybridov.<\/p>\n<p>Cherry Gorilla, niekedy ozna\u010dovan\u00e1 ako &amp;#8220 ;Lepidlo Cherry Gorilla,&#8221; je vz\u00e1cny, rovnomerne vyv\u00e1\u017een\u00fd hybridn\u00fd kme\u0148 (50 indica\/50 sativa) produkovan\u00fd kr\u00ed\u017een\u00edm.<\/p>\n<\/p><\/div>\n","protected":false},"featured_media":5109,"comment_status":"open","ping_status":"closed","template":"","meta":[],"product_brand":[],"product_cat":[778],"product_tag":[1041,1045,1046,1042,1043,1048,1047,1044],"class_list":{"0":"post-5093","1":"product","2":"type-product","3":"status-publish","4":"has-post-thumbnail","6":"product_cat-burinu-na-predaj","7":"product_tag-cherry-glue-strain-leafly","8":"product_tag-erea-gorila-kme-list","9":"product_tag-cherry-gorilla-strain-reddit","10":"product_tag-cherry-gorilla-f2","11":"product_tag-cherry-gorilla-seeds","12":"product_tag-gorilla-cherry-fruit","13":"product_tag-erea-gorila-kme-recenzia","14":"product_tag-erea-gorila-efekty-kmea","16":"first","17":"instock","18":"shipping-taxable","19":"purchasable","20":"product-type-variable","21":"has-default-attributes"},"yoast_head":"<!-- This site is optimized with the Yoast SEO plugin v27.3 - https:\/\/yoast.com\/product\/yoast-seo-wordpress\/ -->\n<title>K\u00fapte si lepidlo Cherry Gorilla Glue - aka Cherry Gorilla Glue - Best Global Meds<\/title>\n<meta name=\"description\" content=\"Nak\u00fapte alias Cherry Gorilla Glue Marihuana Online za najlep\u0161iu trhov\u00fa cenu. V\u0161etky na\u0161e produkty s\u00fa vyroben\u00e9 z \u010disto pr\u00edrodn\u00fdch ingredienci\u00ed bez THC. Objednajte si teraz online!\" \/>\n<meta name=\"robots\" content=\"index, follow, max-snippet:-1, max-image-preview:large, max-video-preview:-1\" \/>\n<link rel=\"canonical\" href=\"https:\/\/medicinasinc.com\/sk\/product\/kupit-ceresna-gorila-lepidlo\/\" \/>\n<meta property=\"og:locale\" content=\"en_US\" \/>\n<meta property=\"og:type\" content=\"article\" \/>\n<meta property=\"og:title\" content=\"K\u00fapte si lepidlo Cherry Gorilla Glue - aka Cherry Gorilla Glue - Best Global Meds\" \/>\n<meta property=\"og:description\" content=\"Nak\u00fapte alias Cherry Gorilla Glue Marihuana Online za najlep\u0161iu trhov\u00fa cenu. V\u0161etky na\u0161e produkty s\u00fa vyroben\u00e9 z \u010disto pr\u00edrodn\u00fdch ingredienci\u00ed bez THC. Objednajte si teraz online!\" \/>\n<meta property=\"og:url\" content=\"https:\/\/medicinasinc.com\/sk\/product\/kupit-ceresna-gorila-lepidlo\/\" \/>\n<meta property=\"og:site_name\" content=\"Medicinas Inc\" \/>\n<meta property=\"article:modified_time\" content=\"2022-03-22T01:08:08+00:00\" \/>\n<meta property=\"og:image\" content=\"https:\/\/medicinasinc.com\/sk\/wp-content\/uploads\/sites\/10\/2022\/02\/Buy-Cherry-Gorilla-Marijuana.jpg\" \/>\n\t<meta property=\"og:image:width\" content=\"1080\" \/>\n\t<meta property=\"og:image:height\" content=\"1080\" \/>\n\t<meta property=\"og:image:type\" content=\"image\/jpeg\" \/>\n<meta name=\"twitter:card\" content=\"summary_large_image\" \/>\n<meta name=\"twitter:label1\" content=\"Est. reading time\" \/>\n\t<meta name=\"twitter:data1\" content=\"1 minute\" \/>\n<script type=\"application\/ld+json\" class=\"yoast-schema-graph\">{\"@context\":\"https:\\\/\\\/schema.org\",\"@graph\":[{\"@type\":\"WebPage\",\"@id\":\"https:\\\/\\\/medicinasinc.com\\\/sk\\\/product\\\/kupit-ceresna-gorila-lepidlo\\\/\",\"url\":\"https:\\\/\\\/medicinasinc.com\\\/sk\\\/product\\\/kupit-ceresna-gorila-lepidlo\\\/\",\"name\":\"K\u00fapte si lepidlo Cherry Gorilla Glue - aka Cherry Gorilla Glue - Best Global Meds\",\"isPartOf\":{\"@id\":\"https:\\\/\\\/medicinasinc.com\\\/sk\\\/#website\"},\"primaryImageOfPage\":{\"@id\":\"https:\\\/\\\/medicinasinc.com\\\/sk\\\/product\\\/kupit-ceresna-gorila-lepidlo\\\/#primaryimage\"},\"image\":{\"@id\":\"https:\\\/\\\/medicinasinc.com\\\/sk\\\/product\\\/kupit-ceresna-gorila-lepidlo\\\/#primaryimage\"},\"thumbnailUrl\":\"https:\\\/\\\/medicinasinc.com\\\/sk\\\/wp-content\\\/uploads\\\/sites\\\/10\\\/2022\\\/02\\\/Buy-Cherry-Gorilla-Marijuana.jpg\",\"datePublished\":\"2022-02-20T20:12:04+00:00\",\"dateModified\":\"2022-03-22T01:08:08+00:00\",\"description\":\"Nak\u00fapte alias Cherry Gorilla Glue Marihuana Online za najlep\u0161iu trhov\u00fa cenu. V\u0161etky na\u0161e produkty s\u00fa vyroben\u00e9 z \u010disto pr\u00edrodn\u00fdch ingredienci\u00ed bez THC. Objednajte si teraz online!\",\"breadcrumb\":{\"@id\":\"https:\\\/\\\/medicinasinc.com\\\/sk\\\/product\\\/kupit-ceresna-gorila-lepidlo\\\/#breadcrumb\"},\"inLanguage\":\"en-US\",\"potentialAction\":[{\"@type\":\"ReadAction\",\"target\":[\"https:\\\/\\\/medicinasinc.com\\\/sk\\\/product\\\/kupit-ceresna-gorila-lepidlo\\\/\"]}]},{\"@type\":\"ImageObject\",\"inLanguage\":\"en-US\",\"@id\":\"https:\\\/\\\/medicinasinc.com\\\/sk\\\/product\\\/kupit-ceresna-gorila-lepidlo\\\/#primaryimage\",\"url\":\"https:\\\/\\\/medicinasinc.com\\\/sk\\\/wp-content\\\/uploads\\\/sites\\\/10\\\/2022\\\/02\\\/Buy-Cherry-Gorilla-Marijuana.jpg\",\"contentUrl\":\"https:\\\/\\\/medicinasinc.com\\\/sk\\\/wp-content\\\/uploads\\\/sites\\\/10\\\/2022\\\/02\\\/Buy-Cherry-Gorilla-Marijuana.jpg\",\"width\":1080,\"height\":1080},{\"@type\":\"BreadcrumbList\",\"@id\":\"https:\\\/\\\/medicinasinc.com\\\/sk\\\/product\\\/kupit-ceresna-gorila-lepidlo\\\/#breadcrumb\",\"itemListElement\":[{\"@type\":\"ListItem\",\"position\":1,\"name\":\"Obchod\",\"item\":\"https:\\\/\\\/medicinasinc.com\\\/sk\\\/obchod\\\/\"},{\"@type\":\"ListItem\",\"position\":2,\"name\":\"K\u00fapte si lepidlo Cherry Gorilla Glue\"}]},{\"@type\":\"WebSite\",\"@id\":\"https:\\\/\\\/medicinasinc.com\\\/sk\\\/#website\",\"url\":\"https:\\\/\\\/medicinasinc.com\\\/sk\\\/\",\"name\":\"Medicinas Inc\",\"description\":\"Health Medical Clinic\",\"potentialAction\":[{\"@type\":\"SearchAction\",\"target\":{\"@type\":\"EntryPoint\",\"urlTemplate\":\"https:\\\/\\\/medicinasinc.com\\\/sk\\\/?s={search_term_string}\"},\"query-input\":{\"@type\":\"PropertyValueSpecification\",\"valueRequired\":true,\"valueName\":\"search_term_string\"}}],\"inLanguage\":\"en-US\"}]}<\/script>\n<!-- \/ Yoast SEO plugin. -->","yoast_head_json":{"title":"K\u00fapte si lepidlo Cherry Gorilla Glue - aka Cherry Gorilla Glue - Best Global Meds","description":"Nak\u00fapte alias Cherry Gorilla Glue Marihuana Online za najlep\u0161iu trhov\u00fa cenu. V\u0161etky na\u0161e produkty s\u00fa vyroben\u00e9 z \u010disto pr\u00edrodn\u00fdch ingredienci\u00ed bez THC. Objednajte si teraz online!","robots":{"index":"index","follow":"follow","max-snippet":"max-snippet:-1","max-image-preview":"max-image-preview:large","max-video-preview":"max-video-preview:-1"},"canonical":"https:\/\/medicinasinc.com\/sk\/product\/kupit-ceresna-gorila-lepidlo\/","og_locale":"en_US","og_type":"article","og_title":"K\u00fapte si lepidlo Cherry Gorilla Glue - aka Cherry Gorilla Glue - Best Global Meds","og_description":"Nak\u00fapte alias Cherry Gorilla Glue Marihuana Online za najlep\u0161iu trhov\u00fa cenu. V\u0161etky na\u0161e produkty s\u00fa vyroben\u00e9 z \u010disto pr\u00edrodn\u00fdch ingredienci\u00ed bez THC. Objednajte si teraz online!","og_url":"https:\/\/medicinasinc.com\/sk\/product\/kupit-ceresna-gorila-lepidlo\/","og_site_name":"Medicinas Inc","article_modified_time":"2022-03-22T01:08:08+00:00","og_image":[{"width":1080,"height":1080,"url":"https:\/\/medicinasinc.com\/sk\/wp-content\/uploads\/sites\/10\/2022\/02\/Buy-Cherry-Gorilla-Marijuana.jpg","type":"image\/jpeg"}],"twitter_card":"summary_large_image","twitter_misc":{"Est. reading time":"1 minute"},"schema":{"@context":"https:\/\/schema.org","@graph":[{"@type":"WebPage","@id":"https:\/\/medicinasinc.com\/sk\/product\/kupit-ceresna-gorila-lepidlo\/","url":"https:\/\/medicinasinc.com\/sk\/product\/kupit-ceresna-gorila-lepidlo\/","name":"K\u00fapte si lepidlo Cherry Gorilla Glue - aka Cherry Gorilla Glue - Best Global Meds","isPartOf":{"@id":"https:\/\/medicinasinc.com\/sk\/#website"},"primaryImageOfPage":{"@id":"https:\/\/medicinasinc.com\/sk\/product\/kupit-ceresna-gorila-lepidlo\/#primaryimage"},"image":{"@id":"https:\/\/medicinasinc.com\/sk\/product\/kupit-ceresna-gorila-lepidlo\/#primaryimage"},"thumbnailUrl":"https:\/\/medicinasinc.com\/sk\/wp-content\/uploads\/sites\/10\/2022\/02\/Buy-Cherry-Gorilla-Marijuana.jpg","datePublished":"2022-02-20T20:12:04+00:00","dateModified":"2022-03-22T01:08:08+00:00","description":"Nak\u00fapte alias Cherry Gorilla Glue Marihuana Online za najlep\u0161iu trhov\u00fa cenu. V\u0161etky na\u0161e produkty s\u00fa vyroben\u00e9 z \u010disto pr\u00edrodn\u00fdch ingredienci\u00ed bez THC. Objednajte si teraz online!","breadcrumb":{"@id":"https:\/\/medicinasinc.com\/sk\/product\/kupit-ceresna-gorila-lepidlo\/#breadcrumb"},"inLanguage":"en-US","potentialAction":[{"@type":"ReadAction","target":["https:\/\/medicinasinc.com\/sk\/product\/kupit-ceresna-gorila-lepidlo\/"]}]},{"@type":"ImageObject","inLanguage":"en-US","@id":"https:\/\/medicinasinc.com\/sk\/product\/kupit-ceresna-gorila-lepidlo\/#primaryimage","url":"https:\/\/medicinasinc.com\/sk\/wp-content\/uploads\/sites\/10\/2022\/02\/Buy-Cherry-Gorilla-Marijuana.jpg","contentUrl":"https:\/\/medicinasinc.com\/sk\/wp-content\/uploads\/sites\/10\/2022\/02\/Buy-Cherry-Gorilla-Marijuana.jpg","width":1080,"height":1080},{"@type":"BreadcrumbList","@id":"https:\/\/medicinasinc.com\/sk\/product\/kupit-ceresna-gorila-lepidlo\/#breadcrumb","itemListElement":[{"@type":"ListItem","position":1,"name":"Obchod","item":"https:\/\/medicinasinc.com\/sk\/obchod\/"},{"@type":"ListItem","position":2,"name":"K\u00fapte si lepidlo Cherry Gorilla Glue"}]},{"@type":"WebSite","@id":"https:\/\/medicinasinc.com\/sk\/#website","url":"https:\/\/medicinasinc.com\/sk\/","name":"Medicinas Inc","description":"Health Medical Clinic","potentialAction":[{"@type":"SearchAction","target":{"@type":"EntryPoint","urlTemplate":"https:\/\/medicinasinc.com\/sk\/?s={search_term_string}"},"query-input":{"@type":"PropertyValueSpecification","valueRequired":true,"valueName":"search_term_string"}}],"inLanguage":"en-US"}]}},"_links":{"self":[{"href":"https:\/\/medicinasinc.com\/sk\/wp-json\/wp\/v2\/product\/5093","targetHints":{"allow":["GET"]}}],"collection":[{"href":"https:\/\/medicinasinc.com\/sk\/wp-json\/wp\/v2\/product"}],"about":[{"href":"https:\/\/medicinasinc.com\/sk\/wp-json\/wp\/v2\/types\/product"}],"replies":[{"embeddable":true,"href":"https:\/\/medicinasinc.com\/sk\/wp-json\/wp\/v2\/comments?post=5093"}],"wp:featuredmedia":[{"embeddable":true,"href":"https:\/\/medicinasinc.com\/sk\/wp-json\/wp\/v2\/media\/5109"}],"wp:attachment":[{"href":"https:\/\/medicinasinc.com\/sk\/wp-json\/wp\/v2\/media?parent=5093"}],"wp:term":[{"taxonomy":"product_brand","embeddable":true,"href":"https:\/\/medicinasinc.com\/sk\/wp-json\/wp\/v2\/product_brand?post=5093"},{"taxonomy":"product_cat","embeddable":true,"href":"https:\/\/medicinasinc.com\/sk\/wp-json\/wp\/v2\/product_cat?post=5093"},{"taxonomy":"product_tag","embeddable":true,"href":"https:\/\/medicinasinc.com\/sk\/wp-json\/wp\/v2\/product_tag?post=5093"}],"curies":[{"name":"wp","href":"https:\/\/api.w.org\/{rel}","templated":true}]}}