{"id":5069,"date":"2022-02-20T19:51:48","date_gmt":"2022-02-20T19:51:48","guid":{"rendered":"https:\/\/medicinasinc.com\/sk\/?post_type=product&#038;p=5069"},"modified":"2022-03-22T01:08:26","modified_gmt":"2022-03-22T01:08:26","slug":"kupit-super-kysly-diesel","status":"publish","type":"product","link":"https:\/\/medicinasinc.com\/sk\/product\/kupit-super-kysly-diesel\/","title":{"rendered":"K\u00fapte si Super Sour Diesel"},"content":{"rendered":"<p>Marihuana Super Sour Diesel na predaj online.<\/p>\n<p>Marihuana Super Sour Diesel na predaj online.<\/p>\n<p>Obsah Sativa THC v superkyslom naftovom kmeni marihuany je medzi 18 a 24 percentami.<\/p>\n<p>\u00da\u010dinky<br \/> Mozgov\u00e9, energizuj\u00face, Euf\u00f3ria, \u0160\u0165astie<br \/> M\u00f4\u017ee u\u013eavi\u0165<br \/> ADD\/ADHD, Chronick\u00e1 boles\u0165, Depresia, O\u010dn\u00fd tlak, \u00danava, Fibromyalgia, Strata chuti do jedla, Migr\u00e9ny, Stres<br \/> Pr\u00edchute<br \/> Citrusov\u00e9, naftov\u00e9, korenist\u00e9, sladk\u00e9<br \/> ar\u00f3my<br \/> Naftov\u00e9, bylinkov\u00e9, \u0161tip\u013eav\u00e9, kysl\u00e9, korenist\u00e9<\/p>\n","protected":false},"excerpt":{"rendered":"<div class=\"woocommerce-product-details__short-description\">\n<p>Super Sour Diesel AAAA je kme\u0148 marihuany vytvoren\u00fd kr\u00ed\u017een\u00edm Super Silver Haze s Sour Diesel.<\/p>\n<p>Marihuana Super Sour Diesel na predaj online. <\/p>\n<p>Nak\u00fapte\u00a0tr\u00e1vu\u00a0online. Marihuana na predaj. K\u00fapte si vysokokvalitn\u00fa lek\u00e1rsku marihuanu a kmene kanabisu online.<\/p>\n<\/p><\/div>\n","protected":false},"featured_media":5087,"comment_status":"open","ping_status":"closed","template":"","meta":[],"product_brand":[],"product_cat":[778],"product_tag":[1028,1032,1026,1025,1030,1031,1027,1029],"class_list":{"0":"post-5069","1":"product","2":"type-product","3":"status-publish","4":"has-post-thumbnail","6":"product_cat-burinu-na-predaj","7":"product_tag-super-kysl-nafta-cena","8":"product_tag-super-kysl-diesel-vs-kysl-diesel","9":"product_tag-super-kysl-diesel-cbd","10":"product_tag-super-sour-diesel-allbud","11":"product_tag-super-sour-diesel-strain","12":"product_tag-super-sour-diesel-terpenes","13":"product_tag-super-kysl-c3-a9-diesel-efekty","14":"product_tag-super-kysl-diesel-semienka","16":"first","17":"instock","18":"shipping-taxable","19":"purchasable","20":"product-type-variable","21":"has-default-attributes"},"yoast_head":"<!-- This site is optimized with the Yoast SEO plugin v27.3 - https:\/\/yoast.com\/product\/yoast-seo-wordpress\/ -->\n<title>K\u00fapte si Super Sour Diesel \u2013 najlep\u0161ie najlep\u0161ie glob\u00e1lne lieky<\/title>\n<meta name=\"description\" content=\"K\u00fapte si Super Sour Diesel AAAA na predaj v najlep\u0161om lek\u00e1rskom rekrea\u010dnom lek\u00e1rni, kme\u0148 marihuany vyroben\u00fd kr\u00ed\u017een\u00edm Super Silver Haze s Sour Diesel.\" \/>\n<meta name=\"robots\" content=\"index, follow, max-snippet:-1, max-image-preview:large, max-video-preview:-1\" \/>\n<link rel=\"canonical\" href=\"https:\/\/medicinasinc.com\/sk\/product\/kupit-super-kysly-diesel\/\" \/>\n<meta property=\"og:locale\" content=\"en_US\" \/>\n<meta property=\"og:type\" content=\"article\" \/>\n<meta property=\"og:title\" content=\"K\u00fapte si Super Sour Diesel \u2013 najlep\u0161ie najlep\u0161ie glob\u00e1lne lieky\" \/>\n<meta property=\"og:description\" content=\"K\u00fapte si Super Sour Diesel AAAA na predaj v najlep\u0161om lek\u00e1rskom rekrea\u010dnom lek\u00e1rni, kme\u0148 marihuany vyroben\u00fd kr\u00ed\u017een\u00edm Super Silver Haze s Sour Diesel.\" \/>\n<meta property=\"og:url\" content=\"https:\/\/medicinasinc.com\/sk\/product\/kupit-super-kysly-diesel\/\" \/>\n<meta property=\"og:site_name\" content=\"Medicinas Inc\" \/>\n<meta property=\"article:modified_time\" content=\"2022-03-22T01:08:26+00:00\" \/>\n<meta property=\"og:image\" content=\"https:\/\/medicinasinc.com\/sk\/wp-content\/uploads\/sites\/10\/2022\/02\/Buy-Super-Sour-Diesel-scaled-1.jpg\" \/>\n\t<meta property=\"og:image:width\" content=\"1920\" \/>\n\t<meta property=\"og:image:height\" content=\"2560\" \/>\n\t<meta property=\"og:image:type\" content=\"image\/jpeg\" \/>\n<meta name=\"twitter:card\" content=\"summary_large_image\" \/>\n<meta name=\"twitter:label1\" content=\"Est. reading time\" \/>\n\t<meta name=\"twitter:data1\" content=\"1 minute\" \/>\n<script type=\"application\/ld+json\" class=\"yoast-schema-graph\">{\"@context\":\"https:\\\/\\\/schema.org\",\"@graph\":[{\"@type\":\"WebPage\",\"@id\":\"https:\\\/\\\/medicinasinc.com\\\/sk\\\/product\\\/kupit-super-kysly-diesel\\\/\",\"url\":\"https:\\\/\\\/medicinasinc.com\\\/sk\\\/product\\\/kupit-super-kysly-diesel\\\/\",\"name\":\"K\u00fapte si Super Sour Diesel \u2013 najlep\u0161ie najlep\u0161ie glob\u00e1lne lieky\",\"isPartOf\":{\"@id\":\"https:\\\/\\\/medicinasinc.com\\\/sk\\\/#website\"},\"primaryImageOfPage\":{\"@id\":\"https:\\\/\\\/medicinasinc.com\\\/sk\\\/product\\\/kupit-super-kysly-diesel\\\/#primaryimage\"},\"image\":{\"@id\":\"https:\\\/\\\/medicinasinc.com\\\/sk\\\/product\\\/kupit-super-kysly-diesel\\\/#primaryimage\"},\"thumbnailUrl\":\"https:\\\/\\\/medicinasinc.com\\\/sk\\\/wp-content\\\/uploads\\\/sites\\\/10\\\/2022\\\/02\\\/Buy-Super-Sour-Diesel-scaled-1.jpg\",\"datePublished\":\"2022-02-20T19:51:48+00:00\",\"dateModified\":\"2022-03-22T01:08:26+00:00\",\"description\":\"K\u00fapte si Super Sour Diesel AAAA na predaj v najlep\u0161om lek\u00e1rskom rekrea\u010dnom lek\u00e1rni, kme\u0148 marihuany vyroben\u00fd kr\u00ed\u017een\u00edm Super Silver Haze s Sour Diesel.\",\"breadcrumb\":{\"@id\":\"https:\\\/\\\/medicinasinc.com\\\/sk\\\/product\\\/kupit-super-kysly-diesel\\\/#breadcrumb\"},\"inLanguage\":\"en-US\",\"potentialAction\":[{\"@type\":\"ReadAction\",\"target\":[\"https:\\\/\\\/medicinasinc.com\\\/sk\\\/product\\\/kupit-super-kysly-diesel\\\/\"]}]},{\"@type\":\"ImageObject\",\"inLanguage\":\"en-US\",\"@id\":\"https:\\\/\\\/medicinasinc.com\\\/sk\\\/product\\\/kupit-super-kysly-diesel\\\/#primaryimage\",\"url\":\"https:\\\/\\\/medicinasinc.com\\\/sk\\\/wp-content\\\/uploads\\\/sites\\\/10\\\/2022\\\/02\\\/Buy-Super-Sour-Diesel-scaled-1.jpg\",\"contentUrl\":\"https:\\\/\\\/medicinasinc.com\\\/sk\\\/wp-content\\\/uploads\\\/sites\\\/10\\\/2022\\\/02\\\/Buy-Super-Sour-Diesel-scaled-1.jpg\",\"width\":1920,\"height\":2560},{\"@type\":\"BreadcrumbList\",\"@id\":\"https:\\\/\\\/medicinasinc.com\\\/sk\\\/product\\\/kupit-super-kysly-diesel\\\/#breadcrumb\",\"itemListElement\":[{\"@type\":\"ListItem\",\"position\":1,\"name\":\"Obchod\",\"item\":\"https:\\\/\\\/medicinasinc.com\\\/sk\\\/obchod\\\/\"},{\"@type\":\"ListItem\",\"position\":2,\"name\":\"K\u00fapte si Super Sour Diesel\"}]},{\"@type\":\"WebSite\",\"@id\":\"https:\\\/\\\/medicinasinc.com\\\/sk\\\/#website\",\"url\":\"https:\\\/\\\/medicinasinc.com\\\/sk\\\/\",\"name\":\"Medicinas Inc\",\"description\":\"Health Medical Clinic\",\"potentialAction\":[{\"@type\":\"SearchAction\",\"target\":{\"@type\":\"EntryPoint\",\"urlTemplate\":\"https:\\\/\\\/medicinasinc.com\\\/sk\\\/?s={search_term_string}\"},\"query-input\":{\"@type\":\"PropertyValueSpecification\",\"valueRequired\":true,\"valueName\":\"search_term_string\"}}],\"inLanguage\":\"en-US\"}]}<\/script>\n<!-- \/ Yoast SEO plugin. -->","yoast_head_json":{"title":"K\u00fapte si Super Sour Diesel \u2013 najlep\u0161ie najlep\u0161ie glob\u00e1lne lieky","description":"K\u00fapte si Super Sour Diesel AAAA na predaj v najlep\u0161om lek\u00e1rskom rekrea\u010dnom lek\u00e1rni, kme\u0148 marihuany vyroben\u00fd kr\u00ed\u017een\u00edm Super Silver Haze s Sour Diesel.","robots":{"index":"index","follow":"follow","max-snippet":"max-snippet:-1","max-image-preview":"max-image-preview:large","max-video-preview":"max-video-preview:-1"},"canonical":"https:\/\/medicinasinc.com\/sk\/product\/kupit-super-kysly-diesel\/","og_locale":"en_US","og_type":"article","og_title":"K\u00fapte si Super Sour Diesel \u2013 najlep\u0161ie najlep\u0161ie glob\u00e1lne lieky","og_description":"K\u00fapte si Super Sour Diesel AAAA na predaj v najlep\u0161om lek\u00e1rskom rekrea\u010dnom lek\u00e1rni, kme\u0148 marihuany vyroben\u00fd kr\u00ed\u017een\u00edm Super Silver Haze s Sour Diesel.","og_url":"https:\/\/medicinasinc.com\/sk\/product\/kupit-super-kysly-diesel\/","og_site_name":"Medicinas Inc","article_modified_time":"2022-03-22T01:08:26+00:00","og_image":[{"width":1920,"height":2560,"url":"https:\/\/medicinasinc.com\/sk\/wp-content\/uploads\/sites\/10\/2022\/02\/Buy-Super-Sour-Diesel-scaled-1.jpg","type":"image\/jpeg"}],"twitter_card":"summary_large_image","twitter_misc":{"Est. reading time":"1 minute"},"schema":{"@context":"https:\/\/schema.org","@graph":[{"@type":"WebPage","@id":"https:\/\/medicinasinc.com\/sk\/product\/kupit-super-kysly-diesel\/","url":"https:\/\/medicinasinc.com\/sk\/product\/kupit-super-kysly-diesel\/","name":"K\u00fapte si Super Sour Diesel \u2013 najlep\u0161ie najlep\u0161ie glob\u00e1lne lieky","isPartOf":{"@id":"https:\/\/medicinasinc.com\/sk\/#website"},"primaryImageOfPage":{"@id":"https:\/\/medicinasinc.com\/sk\/product\/kupit-super-kysly-diesel\/#primaryimage"},"image":{"@id":"https:\/\/medicinasinc.com\/sk\/product\/kupit-super-kysly-diesel\/#primaryimage"},"thumbnailUrl":"https:\/\/medicinasinc.com\/sk\/wp-content\/uploads\/sites\/10\/2022\/02\/Buy-Super-Sour-Diesel-scaled-1.jpg","datePublished":"2022-02-20T19:51:48+00:00","dateModified":"2022-03-22T01:08:26+00:00","description":"K\u00fapte si Super Sour Diesel AAAA na predaj v najlep\u0161om lek\u00e1rskom rekrea\u010dnom lek\u00e1rni, kme\u0148 marihuany vyroben\u00fd kr\u00ed\u017een\u00edm Super Silver Haze s Sour Diesel.","breadcrumb":{"@id":"https:\/\/medicinasinc.com\/sk\/product\/kupit-super-kysly-diesel\/#breadcrumb"},"inLanguage":"en-US","potentialAction":[{"@type":"ReadAction","target":["https:\/\/medicinasinc.com\/sk\/product\/kupit-super-kysly-diesel\/"]}]},{"@type":"ImageObject","inLanguage":"en-US","@id":"https:\/\/medicinasinc.com\/sk\/product\/kupit-super-kysly-diesel\/#primaryimage","url":"https:\/\/medicinasinc.com\/sk\/wp-content\/uploads\/sites\/10\/2022\/02\/Buy-Super-Sour-Diesel-scaled-1.jpg","contentUrl":"https:\/\/medicinasinc.com\/sk\/wp-content\/uploads\/sites\/10\/2022\/02\/Buy-Super-Sour-Diesel-scaled-1.jpg","width":1920,"height":2560},{"@type":"BreadcrumbList","@id":"https:\/\/medicinasinc.com\/sk\/product\/kupit-super-kysly-diesel\/#breadcrumb","itemListElement":[{"@type":"ListItem","position":1,"name":"Obchod","item":"https:\/\/medicinasinc.com\/sk\/obchod\/"},{"@type":"ListItem","position":2,"name":"K\u00fapte si Super Sour Diesel"}]},{"@type":"WebSite","@id":"https:\/\/medicinasinc.com\/sk\/#website","url":"https:\/\/medicinasinc.com\/sk\/","name":"Medicinas Inc","description":"Health Medical Clinic","potentialAction":[{"@type":"SearchAction","target":{"@type":"EntryPoint","urlTemplate":"https:\/\/medicinasinc.com\/sk\/?s={search_term_string}"},"query-input":{"@type":"PropertyValueSpecification","valueRequired":true,"valueName":"search_term_string"}}],"inLanguage":"en-US"}]}},"_links":{"self":[{"href":"https:\/\/medicinasinc.com\/sk\/wp-json\/wp\/v2\/product\/5069","targetHints":{"allow":["GET"]}}],"collection":[{"href":"https:\/\/medicinasinc.com\/sk\/wp-json\/wp\/v2\/product"}],"about":[{"href":"https:\/\/medicinasinc.com\/sk\/wp-json\/wp\/v2\/types\/product"}],"replies":[{"embeddable":true,"href":"https:\/\/medicinasinc.com\/sk\/wp-json\/wp\/v2\/comments?post=5069"}],"wp:featuredmedia":[{"embeddable":true,"href":"https:\/\/medicinasinc.com\/sk\/wp-json\/wp\/v2\/media\/5087"}],"wp:attachment":[{"href":"https:\/\/medicinasinc.com\/sk\/wp-json\/wp\/v2\/media?parent=5069"}],"wp:term":[{"taxonomy":"product_brand","embeddable":true,"href":"https:\/\/medicinasinc.com\/sk\/wp-json\/wp\/v2\/product_brand?post=5069"},{"taxonomy":"product_cat","embeddable":true,"href":"https:\/\/medicinasinc.com\/sk\/wp-json\/wp\/v2\/product_cat?post=5069"},{"taxonomy":"product_tag","embeddable":true,"href":"https:\/\/medicinasinc.com\/sk\/wp-json\/wp\/v2\/product_tag?post=5069"}],"curies":[{"name":"wp","href":"https:\/\/api.w.org\/{rel}","templated":true}]}}