{"id":5068,"date":"2022-02-20T19:50:54","date_gmt":"2022-02-20T19:50:54","guid":{"rendered":"https:\/\/medicinasinc.com\/sk\/?post_type=product&#038;p=5068"},"modified":"2022-03-22T01:08:39","modified_gmt":"2022-03-22T01:08:39","slug":"kupit-super-citronovy-opar","status":"publish","type":"product","link":"https:\/\/medicinasinc.com\/sk\/product\/kupit-super-citronovy-opar\/","title":{"rendered":"K\u00fapte si Super Lemon Haze"},"content":{"rendered":"<p>Online n\u00e1kup Super Lamon Haze<\/p>\n<p>Tento lahodn\u00fd citr\u00f3nov\u00fd kme\u0148 je dobre v\u00fdnosn\u00fd kme\u0148, ktor\u00fd je vhodn\u00fd pre ka\u017ed\u00fa skupinu veter\u00e1nov. Super Lemon Haze je jedn\u00fdm z najob\u013e\u00fabenej\u0161\u00edch kme\u0148ov, najm\u00e4 medzi indick\u00fdmi nad\u0161encami, a \u00faspe\u0161ne ich premenil na sativu. Super Lemon Haze je bezpochyby jedine\u010dn\u00fd. Tento v\u00ed\u0165az Cannabis Cupu je kr\u00ed\u017eencom medzi Lemon Skunk a Super Silver Haze, \u010do z neho rob\u00ed rodokme\u0148 a jednu z najlep\u0161\u00edch sativ, ktor\u00e9 s\u00fa dnes k dispoz\u00edcii. M\u00f4\u017eete si k\u00fapi\u0165 Super Lamon Haze online a n\u00e1js\u0165 ho na predaj online. Tento hybrid s dominanciou sativy skuto\u010dne rob\u00ed \u010dest svojmu menu so silnou limonickou ar\u00f3mou, ktor\u00e1 neuverite\u013ene vonia. Super Lemon Haze za\u010d\u00edna pomaly, ale stabilne a graduje do obrovskej euforickej v\u00fd\u0161ky, pri ktorej chcete od vzru\u0161enia vysko\u010di\u0165 zo stoli\u010dky. Tento kme\u0148 je tie\u017e popul\u00e1rnou medic\u00ednskou verziou, preto\u017ee sa d\u00e1 pou\u017ei\u0165 na lie\u010dbu \u0161irokej \u0161k\u00e1ly ochoren\u00ed.<\/p>\n<p>\u00da\u010dinky<\/p>\n<p>V\u0161etky tieto super-sativa efekty s\u00fa zalo\u017een\u00e9 na energii. Prim\u00e1rnou charakteristikou v\u0161ak je, \u017ee ide o \u00fa\u017easn\u00fd ka\u017edodenn\u00fd pokus v\u010faka svojej schopnosti urobi\u0165 ho efekt\u00edvnym a ob\u010das inovat\u00edvnym. Super Lemon Haze v\u00e1s dok\u00e1\u017ee dostato\u010dne upokoji\u0165, aby ste sa c\u00edtili pr\u00edjemne. Super Lemon Haze je ide\u00e1lnym \u0161\u0165astn\u00fdm spolo\u010dn\u00edkom. Ak m\u00e1te pred sebou dlh\u00fd de\u0148 a potrebujete urobi\u0165 veci d\u00f4kladne, t\u00e1to sativa je spr\u00e1vna cesta.<br \/> Budete ma\u0165 kilo tohto delik\u00e1tneho p\u00fa\u010dika, ktor\u00fd podr\u017e\u00ed ka\u017ed\u00e9ho v s\u00e1le, a \u010fal\u0161\u00ed vytiahnu\u0165 \u0165a hore. Super Lemon Haze nem\u00e1 \u017eiadny vplyv na za\u010d\u00ednaj\u00face podniky. Jeho \u00fa\u010dinok m\u00f4\u017ee vyvola\u0165 pr\u00edjemn\u00fa mozgov\u00fa vzpruhu, ktor\u00e1 v\u00e1m umo\u017en\u00ed jasnej\u0161ie myslie\u0165 a vybavi\u0165 si inform\u00e1cie, ktor\u00e9 by ste inak zabudli. Okrem toho sa predpoklad\u00e1, \u017ee tento tlak sp\u00f4sobuje, \u017ee sa c\u00edtite trochu bl\u00e1znivo, \u010do je ide\u00e1lne pre romantick\u00fa noc. V\u00f4\u0148a: Vo\u0148av\u00fd p\u00fa\u010dik by mal evokova\u0165 obrazy citrusov\u00e9ho ovocia. Super Lemon Haze m\u00e1 citr\u00f3novo sladk\u00fa chu\u0165 s n\u00e1dychom korenia a extr\u00e9mne kysl\u00fa ar\u00f3mu. Sladk\u00e1 citr\u00f3nov\u00e1 chu\u0165 je vyv\u00e1\u017een\u00e1 dotykom zemitosti a korenia, \u010d\u00edm vytv\u00e1ra \u00fa\u017easn\u00fd z\u00e1\u017eitok. Super Lemon Haze m\u00e1 mimoriadne pr\u00edjemn\u00fa v\u00f4\u0148u. T\u00e1to sativa m\u00e1 pr\u00edjemn\u00fa osvie\u017euj\u00facu v\u00f4\u0148u a na jazyku by mala pretrva\u0165 citr\u00f3nov\u00e1 zemitos\u0165. Je to, ako keby ste vdychovali k\u00fasok cukr\u00edka s v\u00fdrazn\u00fdm bylinkov\u00fdm podt\u00f3nom.<\/p>\n<p>Lek\u00e1rske v\u00fdhody<\/p>\n<p>Super Lemon Haze sa odpor\u00fa\u010da pri r\u00f4znych ochoreniach a sympt\u00f3moch. S touto silnou z\u00e1\u0165a\u017eou sa d\u00e1 \u013eahko bojova\u0165 proti chronickej \u00fanave v\u010faka jej schopnosti navodi\u0165 stabiln\u00fd a povznesen\u00fd stav mysle, ktor\u00fd v\u00e1s stimuluje dokonca robi\u0165 veci. Okrem toho je tento kme\u0148 dobr\u00fd v boji proti stresu a sm\u00fatku. Super Lemon Haze m\u00e1 schopnos\u0165 lie\u010di\u0165 r\u00f4zne \u0165a\u017ekosti spojen\u00e9 s vysokostresov\u00fdm \u017eivotn\u00fdm \u0161t\u00fdlom a dok\u00e1\u017ee sa \u013eahko zbavi\u0165 men\u0161\u00edch bolest\u00ed, ako s\u00fa migr\u00e9ny, bolesti hlavy, k\u013abov a svalov\u00e9 k\u0155\u010de. Super Lemon Haze je v\u0161estrann\u00fd, spo\u013eahliv\u00fd liek proti bolesti, ktor\u00fd uvo\u013e\u0148uje a brne telo a maskuje ak\u00e9ko\u013evek in\u00e9 fyzick\u00e9 probl\u00e9my, ktor\u00e9 sa m\u00f4\u017eu vyskytn\u00fa\u0165. Povzn\u00e1\u0161aj\u00faca chu\u0165 a ar\u00f3ma prispievaj\u00fa k jeho atraktivite, v\u010faka \u010domu si ho m\u00f4\u017eu vychutna\u0165 aj \u013eudia, ktor\u00ed pravdepodobne nebud\u00fa u\u017e\u00edva\u0165 kanabis na lie\u010dbu svojich chor\u00f4b.<\/p>\n","protected":false},"excerpt":{"rendered":"<div class=\"woocommerce-product-details__short-description\">\n<p>K\u00fapte si kme\u0148 marihuany Super Lemon Haze v Spojenom kr\u00e1\u013eovstve a Eur\u00f3pe. Je to siln\u00fd citrusov\u00fd a sladk\u00fd hybrid s dominanciou Sativy. Tento kvet je v\u00fdsledkom kr\u00ed\u017eenia medzi citr\u00f3nov\u00fdm skunkom a strieborn\u00fdm oparom.<\/p>\n<p>Online n\u00e1kup kme\u0148a marihuany Super Lemon Haze.<\/p>\n<p>Super Lemon Haze je hybrid s dominantou Sativy &#8211; 80 % Sativa \/ 20 % Indica. Obsah Indica THC je 25 %, obsah CBD je 1 % a obsah CBN je 2 %.<\/p>\n<\/p><\/div>\n","protected":false},"featured_media":5085,"comment_status":"open","ping_status":"closed","template":"","meta":[],"product_brand":[],"product_cat":[778],"product_tag":[1019,1022,1020,487,1024,1021,486,1023],"class_list":{"0":"post-5068","1":"product","2":"type-product","3":"status-publish","4":"has-post-thumbnail","6":"product_cat-burinu-na-predaj","7":"product_tag-je-super-citrnov-opar-psychedelick","8":"product_tag-super-lemon-haze-autoflower-seeds","9":"product_tag-citrnovo-hmlov-semienka-na-predaj","10":"product_tag-super-citrnovo-hmlov-semienka","11":"product_tag-super-lemon-haze-seeds-usa","12":"product_tag-super-citrnov-opar-autoflower","13":"product_tag-super-lemon-haze-price","14":"product_tag-super-citrnov-opar-efekty","16":"first","17":"instock","18":"shipping-taxable","19":"purchasable","20":"product-type-variable","21":"has-default-attributes"},"yoast_head":"<!-- This site is optimized with the Yoast SEO plugin v27.3 - https:\/\/yoast.com\/product\/yoast-seo-wordpress\/ -->\n<title>K\u00fapte si Super Lemon Haze \u2013 najlep\u0161ie najlep\u0161ie glob\u00e1lne lieky<\/title>\n<meta name=\"description\" content=\"K\u00fapte si kme\u0148 marihuany Super Lemon Haze UK, Eur\u00f3pa, \u0161tip\u013eav\u00fd citrusov\u00fd a sladk\u00fd hybrid s dominantn\u00fdm postaven\u00edm Sativa. Tento kvet je kr\u00ed\u017eenec citr\u00f3nov\u00e9ho skunka &amp; strieborn\u00fd opar.\" \/>\n<meta name=\"robots\" content=\"index, follow, max-snippet:-1, max-image-preview:large, max-video-preview:-1\" \/>\n<link rel=\"canonical\" href=\"https:\/\/medicinasinc.com\/sk\/product\/kupit-super-citronovy-opar\/\" \/>\n<meta property=\"og:locale\" content=\"en_US\" \/>\n<meta property=\"og:type\" content=\"article\" \/>\n<meta property=\"og:title\" content=\"K\u00fapte si Super Lemon Haze \u2013 najlep\u0161ie najlep\u0161ie glob\u00e1lne lieky\" \/>\n<meta property=\"og:description\" content=\"K\u00fapte si kme\u0148 marihuany Super Lemon Haze UK, Eur\u00f3pa, \u0161tip\u013eav\u00fd citrusov\u00fd a sladk\u00fd hybrid s dominantn\u00fdm postaven\u00edm Sativa. Tento kvet je kr\u00ed\u017eenec citr\u00f3nov\u00e9ho skunka &amp; strieborn\u00fd opar.\" \/>\n<meta property=\"og:url\" content=\"https:\/\/medicinasinc.com\/sk\/product\/kupit-super-citronovy-opar\/\" \/>\n<meta property=\"og:site_name\" content=\"Medicinas Inc\" \/>\n<meta property=\"article:modified_time\" content=\"2022-03-22T01:08:39+00:00\" \/>\n<meta property=\"og:image\" content=\"https:\/\/medicinasinc.com\/sk\/wp-content\/uploads\/sites\/10\/2022\/02\/Buy-Super-Lemon-Haze.jpg\" \/>\n\t<meta property=\"og:image:width\" content=\"1080\" \/>\n\t<meta property=\"og:image:height\" content=\"1080\" \/>\n\t<meta property=\"og:image:type\" content=\"image\/jpeg\" \/>\n<meta name=\"twitter:card\" content=\"summary_large_image\" \/>\n<meta name=\"twitter:label1\" content=\"Est. reading time\" \/>\n\t<meta name=\"twitter:data1\" content=\"3 minutes\" \/>\n<script type=\"application\/ld+json\" class=\"yoast-schema-graph\">{\"@context\":\"https:\\\/\\\/schema.org\",\"@graph\":[{\"@type\":\"WebPage\",\"@id\":\"https:\\\/\\\/medicinasinc.com\\\/sk\\\/product\\\/kupit-super-citronovy-opar\\\/\",\"url\":\"https:\\\/\\\/medicinasinc.com\\\/sk\\\/product\\\/kupit-super-citronovy-opar\\\/\",\"name\":\"K\u00fapte si Super Lemon Haze \u2013 najlep\u0161ie najlep\u0161ie glob\u00e1lne lieky\",\"isPartOf\":{\"@id\":\"https:\\\/\\\/medicinasinc.com\\\/sk\\\/#website\"},\"primaryImageOfPage\":{\"@id\":\"https:\\\/\\\/medicinasinc.com\\\/sk\\\/product\\\/kupit-super-citronovy-opar\\\/#primaryimage\"},\"image\":{\"@id\":\"https:\\\/\\\/medicinasinc.com\\\/sk\\\/product\\\/kupit-super-citronovy-opar\\\/#primaryimage\"},\"thumbnailUrl\":\"https:\\\/\\\/medicinasinc.com\\\/sk\\\/wp-content\\\/uploads\\\/sites\\\/10\\\/2022\\\/02\\\/Buy-Super-Lemon-Haze.jpg\",\"datePublished\":\"2022-02-20T19:50:54+00:00\",\"dateModified\":\"2022-03-22T01:08:39+00:00\",\"description\":\"K\u00fapte si kme\u0148 marihuany Super Lemon Haze UK, Eur\u00f3pa, \u0161tip\u013eav\u00fd citrusov\u00fd a sladk\u00fd hybrid s dominantn\u00fdm postaven\u00edm Sativa. Tento kvet je kr\u00ed\u017eenec citr\u00f3nov\u00e9ho skunka &amp; strieborn\u00fd opar.\",\"breadcrumb\":{\"@id\":\"https:\\\/\\\/medicinasinc.com\\\/sk\\\/product\\\/kupit-super-citronovy-opar\\\/#breadcrumb\"},\"inLanguage\":\"en-US\",\"potentialAction\":[{\"@type\":\"ReadAction\",\"target\":[\"https:\\\/\\\/medicinasinc.com\\\/sk\\\/product\\\/kupit-super-citronovy-opar\\\/\"]}]},{\"@type\":\"ImageObject\",\"inLanguage\":\"en-US\",\"@id\":\"https:\\\/\\\/medicinasinc.com\\\/sk\\\/product\\\/kupit-super-citronovy-opar\\\/#primaryimage\",\"url\":\"https:\\\/\\\/medicinasinc.com\\\/sk\\\/wp-content\\\/uploads\\\/sites\\\/10\\\/2022\\\/02\\\/Buy-Super-Lemon-Haze.jpg\",\"contentUrl\":\"https:\\\/\\\/medicinasinc.com\\\/sk\\\/wp-content\\\/uploads\\\/sites\\\/10\\\/2022\\\/02\\\/Buy-Super-Lemon-Haze.jpg\",\"width\":1080,\"height\":1080},{\"@type\":\"BreadcrumbList\",\"@id\":\"https:\\\/\\\/medicinasinc.com\\\/sk\\\/product\\\/kupit-super-citronovy-opar\\\/#breadcrumb\",\"itemListElement\":[{\"@type\":\"ListItem\",\"position\":1,\"name\":\"Obchod\",\"item\":\"https:\\\/\\\/medicinasinc.com\\\/sk\\\/obchod\\\/\"},{\"@type\":\"ListItem\",\"position\":2,\"name\":\"K\u00fapte si Super Lemon Haze\"}]},{\"@type\":\"WebSite\",\"@id\":\"https:\\\/\\\/medicinasinc.com\\\/sk\\\/#website\",\"url\":\"https:\\\/\\\/medicinasinc.com\\\/sk\\\/\",\"name\":\"Medicinas Inc\",\"description\":\"Health Medical Clinic\",\"potentialAction\":[{\"@type\":\"SearchAction\",\"target\":{\"@type\":\"EntryPoint\",\"urlTemplate\":\"https:\\\/\\\/medicinasinc.com\\\/sk\\\/?s={search_term_string}\"},\"query-input\":{\"@type\":\"PropertyValueSpecification\",\"valueRequired\":true,\"valueName\":\"search_term_string\"}}],\"inLanguage\":\"en-US\"}]}<\/script>\n<!-- \/ Yoast SEO plugin. -->","yoast_head_json":{"title":"K\u00fapte si Super Lemon Haze \u2013 najlep\u0161ie najlep\u0161ie glob\u00e1lne lieky","description":"K\u00fapte si kme\u0148 marihuany Super Lemon Haze UK, Eur\u00f3pa, \u0161tip\u013eav\u00fd citrusov\u00fd a sladk\u00fd hybrid s dominantn\u00fdm postaven\u00edm Sativa. Tento kvet je kr\u00ed\u017eenec citr\u00f3nov\u00e9ho skunka &amp; strieborn\u00fd opar.","robots":{"index":"index","follow":"follow","max-snippet":"max-snippet:-1","max-image-preview":"max-image-preview:large","max-video-preview":"max-video-preview:-1"},"canonical":"https:\/\/medicinasinc.com\/sk\/product\/kupit-super-citronovy-opar\/","og_locale":"en_US","og_type":"article","og_title":"K\u00fapte si Super Lemon Haze \u2013 najlep\u0161ie najlep\u0161ie glob\u00e1lne lieky","og_description":"K\u00fapte si kme\u0148 marihuany Super Lemon Haze UK, Eur\u00f3pa, \u0161tip\u013eav\u00fd citrusov\u00fd a sladk\u00fd hybrid s dominantn\u00fdm postaven\u00edm Sativa. Tento kvet je kr\u00ed\u017eenec citr\u00f3nov\u00e9ho skunka &amp; strieborn\u00fd opar.","og_url":"https:\/\/medicinasinc.com\/sk\/product\/kupit-super-citronovy-opar\/","og_site_name":"Medicinas Inc","article_modified_time":"2022-03-22T01:08:39+00:00","og_image":[{"width":1080,"height":1080,"url":"https:\/\/medicinasinc.com\/sk\/wp-content\/uploads\/sites\/10\/2022\/02\/Buy-Super-Lemon-Haze.jpg","type":"image\/jpeg"}],"twitter_card":"summary_large_image","twitter_misc":{"Est. reading time":"3 minutes"},"schema":{"@context":"https:\/\/schema.org","@graph":[{"@type":"WebPage","@id":"https:\/\/medicinasinc.com\/sk\/product\/kupit-super-citronovy-opar\/","url":"https:\/\/medicinasinc.com\/sk\/product\/kupit-super-citronovy-opar\/","name":"K\u00fapte si Super Lemon Haze \u2013 najlep\u0161ie najlep\u0161ie glob\u00e1lne lieky","isPartOf":{"@id":"https:\/\/medicinasinc.com\/sk\/#website"},"primaryImageOfPage":{"@id":"https:\/\/medicinasinc.com\/sk\/product\/kupit-super-citronovy-opar\/#primaryimage"},"image":{"@id":"https:\/\/medicinasinc.com\/sk\/product\/kupit-super-citronovy-opar\/#primaryimage"},"thumbnailUrl":"https:\/\/medicinasinc.com\/sk\/wp-content\/uploads\/sites\/10\/2022\/02\/Buy-Super-Lemon-Haze.jpg","datePublished":"2022-02-20T19:50:54+00:00","dateModified":"2022-03-22T01:08:39+00:00","description":"K\u00fapte si kme\u0148 marihuany Super Lemon Haze UK, Eur\u00f3pa, \u0161tip\u013eav\u00fd citrusov\u00fd a sladk\u00fd hybrid s dominantn\u00fdm postaven\u00edm Sativa. Tento kvet je kr\u00ed\u017eenec citr\u00f3nov\u00e9ho skunka &amp; strieborn\u00fd opar.","breadcrumb":{"@id":"https:\/\/medicinasinc.com\/sk\/product\/kupit-super-citronovy-opar\/#breadcrumb"},"inLanguage":"en-US","potentialAction":[{"@type":"ReadAction","target":["https:\/\/medicinasinc.com\/sk\/product\/kupit-super-citronovy-opar\/"]}]},{"@type":"ImageObject","inLanguage":"en-US","@id":"https:\/\/medicinasinc.com\/sk\/product\/kupit-super-citronovy-opar\/#primaryimage","url":"https:\/\/medicinasinc.com\/sk\/wp-content\/uploads\/sites\/10\/2022\/02\/Buy-Super-Lemon-Haze.jpg","contentUrl":"https:\/\/medicinasinc.com\/sk\/wp-content\/uploads\/sites\/10\/2022\/02\/Buy-Super-Lemon-Haze.jpg","width":1080,"height":1080},{"@type":"BreadcrumbList","@id":"https:\/\/medicinasinc.com\/sk\/product\/kupit-super-citronovy-opar\/#breadcrumb","itemListElement":[{"@type":"ListItem","position":1,"name":"Obchod","item":"https:\/\/medicinasinc.com\/sk\/obchod\/"},{"@type":"ListItem","position":2,"name":"K\u00fapte si Super Lemon Haze"}]},{"@type":"WebSite","@id":"https:\/\/medicinasinc.com\/sk\/#website","url":"https:\/\/medicinasinc.com\/sk\/","name":"Medicinas Inc","description":"Health Medical Clinic","potentialAction":[{"@type":"SearchAction","target":{"@type":"EntryPoint","urlTemplate":"https:\/\/medicinasinc.com\/sk\/?s={search_term_string}"},"query-input":{"@type":"PropertyValueSpecification","valueRequired":true,"valueName":"search_term_string"}}],"inLanguage":"en-US"}]}},"_links":{"self":[{"href":"https:\/\/medicinasinc.com\/sk\/wp-json\/wp\/v2\/product\/5068","targetHints":{"allow":["GET"]}}],"collection":[{"href":"https:\/\/medicinasinc.com\/sk\/wp-json\/wp\/v2\/product"}],"about":[{"href":"https:\/\/medicinasinc.com\/sk\/wp-json\/wp\/v2\/types\/product"}],"replies":[{"embeddable":true,"href":"https:\/\/medicinasinc.com\/sk\/wp-json\/wp\/v2\/comments?post=5068"}],"wp:featuredmedia":[{"embeddable":true,"href":"https:\/\/medicinasinc.com\/sk\/wp-json\/wp\/v2\/media\/5085"}],"wp:attachment":[{"href":"https:\/\/medicinasinc.com\/sk\/wp-json\/wp\/v2\/media?parent=5068"}],"wp:term":[{"taxonomy":"product_brand","embeddable":true,"href":"https:\/\/medicinasinc.com\/sk\/wp-json\/wp\/v2\/product_brand?post=5068"},{"taxonomy":"product_cat","embeddable":true,"href":"https:\/\/medicinasinc.com\/sk\/wp-json\/wp\/v2\/product_cat?post=5068"},{"taxonomy":"product_tag","embeddable":true,"href":"https:\/\/medicinasinc.com\/sk\/wp-json\/wp\/v2\/product_tag?post=5068"}],"curies":[{"name":"wp","href":"https:\/\/api.w.org\/{rel}","templated":true}]}}