{"id":5066,"date":"2022-02-20T19:49:25","date_gmt":"2022-02-20T19:49:25","guid":{"rendered":"https:\/\/medicinasinc.com\/sk\/?post_type=product&#038;p=5066"},"modified":"2022-03-22T01:08:47","modified_gmt":"2022-03-22T01:08:47","slug":"kupit-snoops-sen-marihuana","status":"publish","type":"product","link":"https:\/\/medicinasinc.com\/sk\/product\/kupit-snoops-sen-marihuana\/","title":{"rendered":"K\u00fapte si marihuanu Snoop&#8217;s Dream"},"content":{"rendered":"<p><strong>Kme\u0148 marihuany Snoops Dream je mo\u017en\u00e9 zak\u00fapi\u0165 online.<\/strong><\/p>\n<p>Kme\u0148 marihuany Snoops Dream je mo\u017en\u00e9 zak\u00fapi\u0165 online.<\/p>\n<p>Efekty<br \/> Kreat\u00edvne, energizuj\u00face , Euf\u00f3ria, chichotav\u00fd, \u0161\u0165astn\u00fd, relaxa\u010dn\u00fd, povzn\u00e1\u0161aj\u00faci<br \/> m\u00f4\u017ee u\u013eavi\u0165<br \/> bipol\u00e1rna porucha, chronick\u00e1 boles\u0165, depresia, \u00fanava, bolesti hlavy, nespavos\u0165, PMS, PTSD, stres<br \/> Pr\u00edchute<br \/> Berry, \u010cu\u010doriedkov\u00e1, maslov\u00e1, borovicov\u00e1, sladk\u00e1, sladk\u00e1, vanilka<\/p>\n","protected":false},"excerpt":{"rendered":"<p>K\u00fapte si kme\u0148 marihuany Snoops Dream, ktor\u00fd si m\u00f4\u017eete k\u00fapi\u0165 online. Snoop&#8217;s Dream je kme\u0148 marihuany vyvinut\u00fd spolo\u010dnos\u0165ou Snoop Dogg. Hybridn\u00e9 &amp;# 8211; 50 % Sativa, 50 % Indica THC: 26 %<\/p>\n<p>Snoop&#8217;s Dream je odroda kanabisu pomenovan\u00e1 po hip-hopovom umelcovi Snoop Dogovi. Prejavil zna\u010dn\u00fd z\u00e1ujem o sektor marihuany.<\/p>\n<p>Snoop&#8217;s Dream je kme\u0148 marihuany vyvinut\u00fd spolo\u010dnos\u0165ou Snoop Dogg. Hybridn\u00e9 &amp;# 8211; 50% Sativa, 50% Indica Obsah THC: 26%. Pon\u00fakame mo\u017enos\u0165 zak\u00fapi\u0165 si lek\u00e1rsku marihuanu online, vosk a trie\u0161tenie a tr\u00e1vu.<\/p>\n","protected":false},"featured_media":5083,"comment_status":"open","ping_status":"closed","template":"","meta":[],"product_brand":[],"product_cat":[778],"product_tag":[1011,1013,1014,1015,1016,1017,1018,1012],"class_list":{"0":"post-5066","1":"product","2":"type-product","3":"status-publish","4":"has-post-thumbnail","6":"product_cat-burinu-na-predaj","7":"product_tag-blue-dream-price","8":"product_tag-growing-snoops-dream","9":"product_tag-listy-by-snoop-kmene","10":"product_tag-master-kush-price","11":"product_tag-snoop-dawg-strain-redbud-roots","12":"product_tag-snoop-strains","13":"product_tag-snoops-dream-wikileaf","14":"product_tag-sen-ps-kme","16":"first","17":"instock","18":"shipping-taxable","19":"purchasable","20":"product-type-variable","21":"has-default-attributes"},"yoast_head":"<!-- This site is optimized with the Yoast SEO plugin v27.3 - https:\/\/yoast.com\/product\/yoast-seo-wordpress\/ -->\n<title>K\u00fapte si marihuanu Snoops Dream \u2013 najlep\u0161ie najlep\u0161ie glob\u00e1lne lieky<\/title>\n<meta name=\"description\" content=\"Crossing the Blue Dream s Master Kush, dve \u017eiv\u00e9, siln\u00e9 odrody, o ktor\u00fdch sa hovor\u00ed, \u017ee s\u00fa ... Toto je najlep\u0161ia platforma na predaj marihuany Buy Snoop&#039;s Dream.\" \/>\n<meta name=\"robots\" content=\"index, follow, max-snippet:-1, max-image-preview:large, max-video-preview:-1\" \/>\n<link rel=\"canonical\" href=\"https:\/\/medicinasinc.com\/sk\/product\/kupit-snoops-sen-marihuana\/\" \/>\n<meta property=\"og:locale\" content=\"en_US\" \/>\n<meta property=\"og:type\" content=\"article\" \/>\n<meta property=\"og:title\" content=\"K\u00fapte si marihuanu Snoops Dream \u2013 najlep\u0161ie najlep\u0161ie glob\u00e1lne lieky\" \/>\n<meta property=\"og:description\" content=\"Crossing the Blue Dream s Master Kush, dve \u017eiv\u00e9, siln\u00e9 odrody, o ktor\u00fdch sa hovor\u00ed, \u017ee s\u00fa ... Toto je najlep\u0161ia platforma na predaj marihuany Buy Snoop&#039;s Dream.\" \/>\n<meta property=\"og:url\" content=\"https:\/\/medicinasinc.com\/sk\/product\/kupit-snoops-sen-marihuana\/\" \/>\n<meta property=\"og:site_name\" content=\"Medicinas Inc\" \/>\n<meta property=\"article:modified_time\" content=\"2022-03-22T01:08:47+00:00\" \/>\n<meta property=\"og:image\" content=\"https:\/\/medicinasinc.com\/sk\/wp-content\/uploads\/sites\/10\/2022\/02\/Buy-Snoops-Dream-Marijuana.jpg\" \/>\n\t<meta property=\"og:image:width\" content=\"2000\" \/>\n\t<meta property=\"og:image:height\" content=\"1333\" \/>\n\t<meta property=\"og:image:type\" content=\"image\/jpeg\" \/>\n<meta name=\"twitter:card\" content=\"summary_large_image\" \/>\n<meta name=\"twitter:label1\" content=\"Est. reading time\" \/>\n\t<meta name=\"twitter:data1\" content=\"1 minute\" \/>\n<script type=\"application\/ld+json\" class=\"yoast-schema-graph\">{\"@context\":\"https:\\\/\\\/schema.org\",\"@graph\":[{\"@type\":\"WebPage\",\"@id\":\"https:\\\/\\\/medicinasinc.com\\\/sk\\\/product\\\/kupit-snoops-sen-marihuana\\\/\",\"url\":\"https:\\\/\\\/medicinasinc.com\\\/sk\\\/product\\\/kupit-snoops-sen-marihuana\\\/\",\"name\":\"K\u00fapte si marihuanu Snoops Dream \u2013 najlep\u0161ie najlep\u0161ie glob\u00e1lne lieky\",\"isPartOf\":{\"@id\":\"https:\\\/\\\/medicinasinc.com\\\/sk\\\/#website\"},\"primaryImageOfPage\":{\"@id\":\"https:\\\/\\\/medicinasinc.com\\\/sk\\\/product\\\/kupit-snoops-sen-marihuana\\\/#primaryimage\"},\"image\":{\"@id\":\"https:\\\/\\\/medicinasinc.com\\\/sk\\\/product\\\/kupit-snoops-sen-marihuana\\\/#primaryimage\"},\"thumbnailUrl\":\"https:\\\/\\\/medicinasinc.com\\\/sk\\\/wp-content\\\/uploads\\\/sites\\\/10\\\/2022\\\/02\\\/Buy-Snoops-Dream-Marijuana.jpg\",\"datePublished\":\"2022-02-20T19:49:25+00:00\",\"dateModified\":\"2022-03-22T01:08:47+00:00\",\"description\":\"Crossing the Blue Dream s Master Kush, dve \u017eiv\u00e9, siln\u00e9 odrody, o ktor\u00fdch sa hovor\u00ed, \u017ee s\u00fa ... Toto je najlep\u0161ia platforma na predaj marihuany Buy Snoop's Dream.\",\"breadcrumb\":{\"@id\":\"https:\\\/\\\/medicinasinc.com\\\/sk\\\/product\\\/kupit-snoops-sen-marihuana\\\/#breadcrumb\"},\"inLanguage\":\"en-US\",\"potentialAction\":[{\"@type\":\"ReadAction\",\"target\":[\"https:\\\/\\\/medicinasinc.com\\\/sk\\\/product\\\/kupit-snoops-sen-marihuana\\\/\"]}]},{\"@type\":\"ImageObject\",\"inLanguage\":\"en-US\",\"@id\":\"https:\\\/\\\/medicinasinc.com\\\/sk\\\/product\\\/kupit-snoops-sen-marihuana\\\/#primaryimage\",\"url\":\"https:\\\/\\\/medicinasinc.com\\\/sk\\\/wp-content\\\/uploads\\\/sites\\\/10\\\/2022\\\/02\\\/Buy-Snoops-Dream-Marijuana.jpg\",\"contentUrl\":\"https:\\\/\\\/medicinasinc.com\\\/sk\\\/wp-content\\\/uploads\\\/sites\\\/10\\\/2022\\\/02\\\/Buy-Snoops-Dream-Marijuana.jpg\",\"width\":2000,\"height\":1333},{\"@type\":\"BreadcrumbList\",\"@id\":\"https:\\\/\\\/medicinasinc.com\\\/sk\\\/product\\\/kupit-snoops-sen-marihuana\\\/#breadcrumb\",\"itemListElement\":[{\"@type\":\"ListItem\",\"position\":1,\"name\":\"Obchod\",\"item\":\"https:\\\/\\\/medicinasinc.com\\\/sk\\\/obchod\\\/\"},{\"@type\":\"ListItem\",\"position\":2,\"name\":\"K\u00fapte si marihuanu Snoop&#8217;s Dream\"}]},{\"@type\":\"WebSite\",\"@id\":\"https:\\\/\\\/medicinasinc.com\\\/sk\\\/#website\",\"url\":\"https:\\\/\\\/medicinasinc.com\\\/sk\\\/\",\"name\":\"Medicinas Inc\",\"description\":\"Health Medical Clinic\",\"potentialAction\":[{\"@type\":\"SearchAction\",\"target\":{\"@type\":\"EntryPoint\",\"urlTemplate\":\"https:\\\/\\\/medicinasinc.com\\\/sk\\\/?s={search_term_string}\"},\"query-input\":{\"@type\":\"PropertyValueSpecification\",\"valueRequired\":true,\"valueName\":\"search_term_string\"}}],\"inLanguage\":\"en-US\"}]}<\/script>\n<!-- \/ Yoast SEO plugin. -->","yoast_head_json":{"title":"K\u00fapte si marihuanu Snoops Dream \u2013 najlep\u0161ie najlep\u0161ie glob\u00e1lne lieky","description":"Crossing the Blue Dream s Master Kush, dve \u017eiv\u00e9, siln\u00e9 odrody, o ktor\u00fdch sa hovor\u00ed, \u017ee s\u00fa ... Toto je najlep\u0161ia platforma na predaj marihuany Buy Snoop's Dream.","robots":{"index":"index","follow":"follow","max-snippet":"max-snippet:-1","max-image-preview":"max-image-preview:large","max-video-preview":"max-video-preview:-1"},"canonical":"https:\/\/medicinasinc.com\/sk\/product\/kupit-snoops-sen-marihuana\/","og_locale":"en_US","og_type":"article","og_title":"K\u00fapte si marihuanu Snoops Dream \u2013 najlep\u0161ie najlep\u0161ie glob\u00e1lne lieky","og_description":"Crossing the Blue Dream s Master Kush, dve \u017eiv\u00e9, siln\u00e9 odrody, o ktor\u00fdch sa hovor\u00ed, \u017ee s\u00fa ... Toto je najlep\u0161ia platforma na predaj marihuany Buy Snoop's Dream.","og_url":"https:\/\/medicinasinc.com\/sk\/product\/kupit-snoops-sen-marihuana\/","og_site_name":"Medicinas Inc","article_modified_time":"2022-03-22T01:08:47+00:00","og_image":[{"width":2000,"height":1333,"url":"https:\/\/medicinasinc.com\/sk\/wp-content\/uploads\/sites\/10\/2022\/02\/Buy-Snoops-Dream-Marijuana.jpg","type":"image\/jpeg"}],"twitter_card":"summary_large_image","twitter_misc":{"Est. reading time":"1 minute"},"schema":{"@context":"https:\/\/schema.org","@graph":[{"@type":"WebPage","@id":"https:\/\/medicinasinc.com\/sk\/product\/kupit-snoops-sen-marihuana\/","url":"https:\/\/medicinasinc.com\/sk\/product\/kupit-snoops-sen-marihuana\/","name":"K\u00fapte si marihuanu Snoops Dream \u2013 najlep\u0161ie najlep\u0161ie glob\u00e1lne lieky","isPartOf":{"@id":"https:\/\/medicinasinc.com\/sk\/#website"},"primaryImageOfPage":{"@id":"https:\/\/medicinasinc.com\/sk\/product\/kupit-snoops-sen-marihuana\/#primaryimage"},"image":{"@id":"https:\/\/medicinasinc.com\/sk\/product\/kupit-snoops-sen-marihuana\/#primaryimage"},"thumbnailUrl":"https:\/\/medicinasinc.com\/sk\/wp-content\/uploads\/sites\/10\/2022\/02\/Buy-Snoops-Dream-Marijuana.jpg","datePublished":"2022-02-20T19:49:25+00:00","dateModified":"2022-03-22T01:08:47+00:00","description":"Crossing the Blue Dream s Master Kush, dve \u017eiv\u00e9, siln\u00e9 odrody, o ktor\u00fdch sa hovor\u00ed, \u017ee s\u00fa ... Toto je najlep\u0161ia platforma na predaj marihuany Buy Snoop's Dream.","breadcrumb":{"@id":"https:\/\/medicinasinc.com\/sk\/product\/kupit-snoops-sen-marihuana\/#breadcrumb"},"inLanguage":"en-US","potentialAction":[{"@type":"ReadAction","target":["https:\/\/medicinasinc.com\/sk\/product\/kupit-snoops-sen-marihuana\/"]}]},{"@type":"ImageObject","inLanguage":"en-US","@id":"https:\/\/medicinasinc.com\/sk\/product\/kupit-snoops-sen-marihuana\/#primaryimage","url":"https:\/\/medicinasinc.com\/sk\/wp-content\/uploads\/sites\/10\/2022\/02\/Buy-Snoops-Dream-Marijuana.jpg","contentUrl":"https:\/\/medicinasinc.com\/sk\/wp-content\/uploads\/sites\/10\/2022\/02\/Buy-Snoops-Dream-Marijuana.jpg","width":2000,"height":1333},{"@type":"BreadcrumbList","@id":"https:\/\/medicinasinc.com\/sk\/product\/kupit-snoops-sen-marihuana\/#breadcrumb","itemListElement":[{"@type":"ListItem","position":1,"name":"Obchod","item":"https:\/\/medicinasinc.com\/sk\/obchod\/"},{"@type":"ListItem","position":2,"name":"K\u00fapte si marihuanu Snoop&#8217;s Dream"}]},{"@type":"WebSite","@id":"https:\/\/medicinasinc.com\/sk\/#website","url":"https:\/\/medicinasinc.com\/sk\/","name":"Medicinas Inc","description":"Health Medical Clinic","potentialAction":[{"@type":"SearchAction","target":{"@type":"EntryPoint","urlTemplate":"https:\/\/medicinasinc.com\/sk\/?s={search_term_string}"},"query-input":{"@type":"PropertyValueSpecification","valueRequired":true,"valueName":"search_term_string"}}],"inLanguage":"en-US"}]}},"_links":{"self":[{"href":"https:\/\/medicinasinc.com\/sk\/wp-json\/wp\/v2\/product\/5066","targetHints":{"allow":["GET"]}}],"collection":[{"href":"https:\/\/medicinasinc.com\/sk\/wp-json\/wp\/v2\/product"}],"about":[{"href":"https:\/\/medicinasinc.com\/sk\/wp-json\/wp\/v2\/types\/product"}],"replies":[{"embeddable":true,"href":"https:\/\/medicinasinc.com\/sk\/wp-json\/wp\/v2\/comments?post=5066"}],"wp:featuredmedia":[{"embeddable":true,"href":"https:\/\/medicinasinc.com\/sk\/wp-json\/wp\/v2\/media\/5083"}],"wp:attachment":[{"href":"https:\/\/medicinasinc.com\/sk\/wp-json\/wp\/v2\/media?parent=5066"}],"wp:term":[{"taxonomy":"product_brand","embeddable":true,"href":"https:\/\/medicinasinc.com\/sk\/wp-json\/wp\/v2\/product_brand?post=5066"},{"taxonomy":"product_cat","embeddable":true,"href":"https:\/\/medicinasinc.com\/sk\/wp-json\/wp\/v2\/product_cat?post=5066"},{"taxonomy":"product_tag","embeddable":true,"href":"https:\/\/medicinasinc.com\/sk\/wp-json\/wp\/v2\/product_tag?post=5066"}],"curies":[{"name":"wp","href":"https:\/\/api.w.org\/{rel}","templated":true}]}}