{"id":5047,"date":"2022-02-20T19:35:13","date_gmt":"2022-02-20T19:35:13","guid":{"rendered":"https:\/\/medicinasinc.com\/sk\/?post_type=product&#038;p=5047"},"modified":"2022-03-22T01:08:57","modified_gmt":"2022-03-22T01:08:57","slug":"kup-fialovy-dracik-marihuana-aaaaa","status":"publish","type":"product","link":"https:\/\/medicinasinc.com\/sk\/product\/kup-fialovy-dracik-marihuana-aaaaa\/","title":{"rendered":"K\u00fapi\u0165 marihuanu Purple Dragon (AAAAA)"},"content":{"rendered":"<p>Kanabis Purple Dragon (AAAAA) \u2013 30 % Sativa \/ 60 % Indica<\/p>\n<p>Purple Dragon je hybridn\u00fd kme\u0148 s dominantn\u00fdm indikom vytvoren\u00fdm kr\u00ed\u017een\u00edm siln\u00e9ho Purple Urkle s Modr\u00fdm drakom. Purple Dragon dod\u00e1va vyv\u00e1\u017een\u00fa d\u00e1vku, ktor\u00e1 upokojuje a uvo\u013e\u0148uje myse\u013e a telo. Tento kme\u0148 vytv\u00e1ra ar\u00f3mu, ktor\u00e1 je celkom nezvy\u010dajn\u00e1, kombinuje pi\u017emov\u00fa \u0161alviu s v\u00fdraznou kvetinovou chu\u0165ou, ktor\u00e1 pretrv\u00e1va na podneb\u00ed. Po vd\u00fdchnut\u00ed tohto nap\u00e4tia sa myse\u013e nabije energiou a siln\u00e1 euf\u00f3ria r\u00fdchlo rozpt\u00fdli obavy a depresiu. Purple Dragon najprv poskytuje pou\u017e\u00edvate\u013eom vzru\u0161uj\u00facu a stimuluj\u00facu du\u0161evn\u00fa jasnos\u0165; tieto v\u00fdhody sa v\u0161ak postupne vytr\u00e1caj\u00fa a pou\u017e\u00edvate\u013eom zanech\u00e1vaj\u00fa hodiny zmier\u0148ovania bolesti a sed\u00e1cie. V\u0161eobecn\u00e9 telesn\u00e9 bolesti ust\u00fapia, ke\u010f sa telo u\u017e\u00edvate\u013ea postupne dostane do stavu uvo\u013enenia poci\u0165ovan\u00e9ho ako fyzicky, tak aj psychicky. Purple Dragon je u\u017eito\u010dn\u00e1 mo\u017enos\u0165 lie\u010dby r\u00f4znych chor\u00f4b, vr\u00e1tane \u00fazkosti, depresie, por\u00fach n\u00e1lady, fyzick\u00e9ho vy\u010derpania, migr\u00e9ny\/bolesti hlavy, chronickej bolesti a straty chuti do jedla.<\/p>\n<div class=\"product-next-previous\">\n<div class=\"product-prev\"><\/div><\/div>\n","protected":false},"excerpt":{"rendered":"<p>Purpurov\u00fd drak Crassula (Crassula multicava) je \u00fa\u017easn\u00fd a farebn\u00fd sukulent, ktor\u00fd m\u00e1 ve\u013ek\u00e9&#8230; K\u00fapte si tri alebo viac polo\u017eiek a z\u00edskajte ich za 10,80 USD za ka\u017ed\u00fa.<\/p>\n<ul>\n<li>AAAAA predstavuje to najlep\u0161ie z najlep\u0161ieho!<\/li>\n<li>Kontaktujte n\u00e1s pre ve\u013ekoobchodn\u00e9 objedn\u00e1vky<\/li>\n<li>Celosvetovo doprava.<\/li>\n<\/ul>\n","protected":false},"featured_media":5067,"comment_status":"open","ping_status":"closed","template":"","meta":[],"product_brand":[],"product_cat":[778],"product_tag":[1008,1010,1007,1006,1009],"class_list":{"0":"post-5047","1":"product","2":"type-product","3":"status-publish","4":"has-post-thumbnail","6":"product_cat-burinu-na-predaj","7":"product_tag-fialov-draie-nonice-recenzie","8":"product_tag-fialovo-dracko-vycpane-zvieratko-velke","9":"product_tag-fialov-zelen-draia-karikatra","10":"product_tag-zeleno-fialov-c3-a9-dra-c4-8die-men-c3-a1","11":"product_tag-webstrnka-fialovho-draka","13":"first","14":"instock","15":"shipping-taxable","16":"purchasable","17":"product-type-variable","18":"has-default-attributes"},"yoast_head":"<!-- This site is optimized with the Yoast SEO plugin v27.3 - https:\/\/yoast.com\/product\/yoast-seo-wordpress\/ -->\n<title>K\u00fapte si Purple Dragon (AAAAA) \u2013 najlep\u0161ie najlep\u0161ie glob\u00e1lne lieky<\/title>\n<meta name=\"description\" content=\"K\u00fapte si kme\u0148 marihuany Purple Dragon. \u00c9terick\u00fd a neskuto\u010dn\u00fd fialov\u00fd drak je str\u00e1\u017ecom nadpozemsk\u00fdch kry\u0161t\u00e1lov. Digit\u00e1lne ma\u013eoval Tobias Vyseri.\" \/>\n<meta name=\"robots\" content=\"index, follow, max-snippet:-1, max-image-preview:large, max-video-preview:-1\" \/>\n<link rel=\"canonical\" href=\"https:\/\/medicinasinc.com\/sk\/product\/kup-fialovy-dracik-marihuana-aaaaa\/\" \/>\n<meta property=\"og:locale\" content=\"en_US\" \/>\n<meta property=\"og:type\" content=\"article\" \/>\n<meta property=\"og:title\" content=\"K\u00fapte si Purple Dragon (AAAAA) \u2013 najlep\u0161ie najlep\u0161ie glob\u00e1lne lieky\" \/>\n<meta property=\"og:description\" content=\"K\u00fapte si kme\u0148 marihuany Purple Dragon. \u00c9terick\u00fd a neskuto\u010dn\u00fd fialov\u00fd drak je str\u00e1\u017ecom nadpozemsk\u00fdch kry\u0161t\u00e1lov. Digit\u00e1lne ma\u013eoval Tobias Vyseri.\" \/>\n<meta property=\"og:url\" content=\"https:\/\/medicinasinc.com\/sk\/product\/kup-fialovy-dracik-marihuana-aaaaa\/\" \/>\n<meta property=\"og:site_name\" content=\"Medicinas Inc\" \/>\n<meta property=\"article:modified_time\" content=\"2022-03-22T01:08:57+00:00\" \/>\n<meta property=\"og:image\" content=\"https:\/\/medicinasinc.com\/sk\/wp-content\/uploads\/sites\/10\/2022\/02\/Buy-Purple-Dragon.jpg\" \/>\n\t<meta property=\"og:image:width\" content=\"541\" \/>\n\t<meta property=\"og:image:height\" content=\"459\" \/>\n\t<meta property=\"og:image:type\" content=\"image\/jpeg\" \/>\n<meta name=\"twitter:card\" content=\"summary_large_image\" \/>\n<meta name=\"twitter:label1\" content=\"Est. reading time\" \/>\n\t<meta name=\"twitter:data1\" content=\"1 minute\" \/>\n<script type=\"application\/ld+json\" class=\"yoast-schema-graph\">{\"@context\":\"https:\\\/\\\/schema.org\",\"@graph\":[{\"@type\":\"WebPage\",\"@id\":\"https:\\\/\\\/medicinasinc.com\\\/sk\\\/product\\\/kup-fialovy-dracik-marihuana-aaaaa\\\/\",\"url\":\"https:\\\/\\\/medicinasinc.com\\\/sk\\\/product\\\/kup-fialovy-dracik-marihuana-aaaaa\\\/\",\"name\":\"K\u00fapte si Purple Dragon (AAAAA) \u2013 najlep\u0161ie najlep\u0161ie glob\u00e1lne lieky\",\"isPartOf\":{\"@id\":\"https:\\\/\\\/medicinasinc.com\\\/sk\\\/#website\"},\"primaryImageOfPage\":{\"@id\":\"https:\\\/\\\/medicinasinc.com\\\/sk\\\/product\\\/kup-fialovy-dracik-marihuana-aaaaa\\\/#primaryimage\"},\"image\":{\"@id\":\"https:\\\/\\\/medicinasinc.com\\\/sk\\\/product\\\/kup-fialovy-dracik-marihuana-aaaaa\\\/#primaryimage\"},\"thumbnailUrl\":\"https:\\\/\\\/medicinasinc.com\\\/sk\\\/wp-content\\\/uploads\\\/sites\\\/10\\\/2022\\\/02\\\/Buy-Purple-Dragon.jpg\",\"datePublished\":\"2022-02-20T19:35:13+00:00\",\"dateModified\":\"2022-03-22T01:08:57+00:00\",\"description\":\"K\u00fapte si kme\u0148 marihuany Purple Dragon. \u00c9terick\u00fd a neskuto\u010dn\u00fd fialov\u00fd drak je str\u00e1\u017ecom nadpozemsk\u00fdch kry\u0161t\u00e1lov. Digit\u00e1lne ma\u013eoval Tobias Vyseri.\",\"breadcrumb\":{\"@id\":\"https:\\\/\\\/medicinasinc.com\\\/sk\\\/product\\\/kup-fialovy-dracik-marihuana-aaaaa\\\/#breadcrumb\"},\"inLanguage\":\"en-US\",\"potentialAction\":[{\"@type\":\"ReadAction\",\"target\":[\"https:\\\/\\\/medicinasinc.com\\\/sk\\\/product\\\/kup-fialovy-dracik-marihuana-aaaaa\\\/\"]}]},{\"@type\":\"ImageObject\",\"inLanguage\":\"en-US\",\"@id\":\"https:\\\/\\\/medicinasinc.com\\\/sk\\\/product\\\/kup-fialovy-dracik-marihuana-aaaaa\\\/#primaryimage\",\"url\":\"https:\\\/\\\/medicinasinc.com\\\/sk\\\/wp-content\\\/uploads\\\/sites\\\/10\\\/2022\\\/02\\\/Buy-Purple-Dragon.jpg\",\"contentUrl\":\"https:\\\/\\\/medicinasinc.com\\\/sk\\\/wp-content\\\/uploads\\\/sites\\\/10\\\/2022\\\/02\\\/Buy-Purple-Dragon.jpg\",\"width\":541,\"height\":459},{\"@type\":\"BreadcrumbList\",\"@id\":\"https:\\\/\\\/medicinasinc.com\\\/sk\\\/product\\\/kup-fialovy-dracik-marihuana-aaaaa\\\/#breadcrumb\",\"itemListElement\":[{\"@type\":\"ListItem\",\"position\":1,\"name\":\"Obchod\",\"item\":\"https:\\\/\\\/medicinasinc.com\\\/sk\\\/obchod\\\/\"},{\"@type\":\"ListItem\",\"position\":2,\"name\":\"K\u00fapi\u0165 marihuanu Purple Dragon (AAAAA)\"}]},{\"@type\":\"WebSite\",\"@id\":\"https:\\\/\\\/medicinasinc.com\\\/sk\\\/#website\",\"url\":\"https:\\\/\\\/medicinasinc.com\\\/sk\\\/\",\"name\":\"Medicinas Inc\",\"description\":\"Health Medical Clinic\",\"potentialAction\":[{\"@type\":\"SearchAction\",\"target\":{\"@type\":\"EntryPoint\",\"urlTemplate\":\"https:\\\/\\\/medicinasinc.com\\\/sk\\\/?s={search_term_string}\"},\"query-input\":{\"@type\":\"PropertyValueSpecification\",\"valueRequired\":true,\"valueName\":\"search_term_string\"}}],\"inLanguage\":\"en-US\"}]}<\/script>\n<!-- \/ Yoast SEO plugin. -->","yoast_head_json":{"title":"K\u00fapte si Purple Dragon (AAAAA) \u2013 najlep\u0161ie najlep\u0161ie glob\u00e1lne lieky","description":"K\u00fapte si kme\u0148 marihuany Purple Dragon. \u00c9terick\u00fd a neskuto\u010dn\u00fd fialov\u00fd drak je str\u00e1\u017ecom nadpozemsk\u00fdch kry\u0161t\u00e1lov. Digit\u00e1lne ma\u013eoval Tobias Vyseri.","robots":{"index":"index","follow":"follow","max-snippet":"max-snippet:-1","max-image-preview":"max-image-preview:large","max-video-preview":"max-video-preview:-1"},"canonical":"https:\/\/medicinasinc.com\/sk\/product\/kup-fialovy-dracik-marihuana-aaaaa\/","og_locale":"en_US","og_type":"article","og_title":"K\u00fapte si Purple Dragon (AAAAA) \u2013 najlep\u0161ie najlep\u0161ie glob\u00e1lne lieky","og_description":"K\u00fapte si kme\u0148 marihuany Purple Dragon. \u00c9terick\u00fd a neskuto\u010dn\u00fd fialov\u00fd drak je str\u00e1\u017ecom nadpozemsk\u00fdch kry\u0161t\u00e1lov. Digit\u00e1lne ma\u013eoval Tobias Vyseri.","og_url":"https:\/\/medicinasinc.com\/sk\/product\/kup-fialovy-dracik-marihuana-aaaaa\/","og_site_name":"Medicinas Inc","article_modified_time":"2022-03-22T01:08:57+00:00","og_image":[{"width":541,"height":459,"url":"https:\/\/medicinasinc.com\/sk\/wp-content\/uploads\/sites\/10\/2022\/02\/Buy-Purple-Dragon.jpg","type":"image\/jpeg"}],"twitter_card":"summary_large_image","twitter_misc":{"Est. reading time":"1 minute"},"schema":{"@context":"https:\/\/schema.org","@graph":[{"@type":"WebPage","@id":"https:\/\/medicinasinc.com\/sk\/product\/kup-fialovy-dracik-marihuana-aaaaa\/","url":"https:\/\/medicinasinc.com\/sk\/product\/kup-fialovy-dracik-marihuana-aaaaa\/","name":"K\u00fapte si Purple Dragon (AAAAA) \u2013 najlep\u0161ie najlep\u0161ie glob\u00e1lne lieky","isPartOf":{"@id":"https:\/\/medicinasinc.com\/sk\/#website"},"primaryImageOfPage":{"@id":"https:\/\/medicinasinc.com\/sk\/product\/kup-fialovy-dracik-marihuana-aaaaa\/#primaryimage"},"image":{"@id":"https:\/\/medicinasinc.com\/sk\/product\/kup-fialovy-dracik-marihuana-aaaaa\/#primaryimage"},"thumbnailUrl":"https:\/\/medicinasinc.com\/sk\/wp-content\/uploads\/sites\/10\/2022\/02\/Buy-Purple-Dragon.jpg","datePublished":"2022-02-20T19:35:13+00:00","dateModified":"2022-03-22T01:08:57+00:00","description":"K\u00fapte si kme\u0148 marihuany Purple Dragon. \u00c9terick\u00fd a neskuto\u010dn\u00fd fialov\u00fd drak je str\u00e1\u017ecom nadpozemsk\u00fdch kry\u0161t\u00e1lov. Digit\u00e1lne ma\u013eoval Tobias Vyseri.","breadcrumb":{"@id":"https:\/\/medicinasinc.com\/sk\/product\/kup-fialovy-dracik-marihuana-aaaaa\/#breadcrumb"},"inLanguage":"en-US","potentialAction":[{"@type":"ReadAction","target":["https:\/\/medicinasinc.com\/sk\/product\/kup-fialovy-dracik-marihuana-aaaaa\/"]}]},{"@type":"ImageObject","inLanguage":"en-US","@id":"https:\/\/medicinasinc.com\/sk\/product\/kup-fialovy-dracik-marihuana-aaaaa\/#primaryimage","url":"https:\/\/medicinasinc.com\/sk\/wp-content\/uploads\/sites\/10\/2022\/02\/Buy-Purple-Dragon.jpg","contentUrl":"https:\/\/medicinasinc.com\/sk\/wp-content\/uploads\/sites\/10\/2022\/02\/Buy-Purple-Dragon.jpg","width":541,"height":459},{"@type":"BreadcrumbList","@id":"https:\/\/medicinasinc.com\/sk\/product\/kup-fialovy-dracik-marihuana-aaaaa\/#breadcrumb","itemListElement":[{"@type":"ListItem","position":1,"name":"Obchod","item":"https:\/\/medicinasinc.com\/sk\/obchod\/"},{"@type":"ListItem","position":2,"name":"K\u00fapi\u0165 marihuanu Purple Dragon (AAAAA)"}]},{"@type":"WebSite","@id":"https:\/\/medicinasinc.com\/sk\/#website","url":"https:\/\/medicinasinc.com\/sk\/","name":"Medicinas Inc","description":"Health Medical Clinic","potentialAction":[{"@type":"SearchAction","target":{"@type":"EntryPoint","urlTemplate":"https:\/\/medicinasinc.com\/sk\/?s={search_term_string}"},"query-input":{"@type":"PropertyValueSpecification","valueRequired":true,"valueName":"search_term_string"}}],"inLanguage":"en-US"}]}},"_links":{"self":[{"href":"https:\/\/medicinasinc.com\/sk\/wp-json\/wp\/v2\/product\/5047","targetHints":{"allow":["GET"]}}],"collection":[{"href":"https:\/\/medicinasinc.com\/sk\/wp-json\/wp\/v2\/product"}],"about":[{"href":"https:\/\/medicinasinc.com\/sk\/wp-json\/wp\/v2\/types\/product"}],"replies":[{"embeddable":true,"href":"https:\/\/medicinasinc.com\/sk\/wp-json\/wp\/v2\/comments?post=5047"}],"wp:featuredmedia":[{"embeddable":true,"href":"https:\/\/medicinasinc.com\/sk\/wp-json\/wp\/v2\/media\/5067"}],"wp:attachment":[{"href":"https:\/\/medicinasinc.com\/sk\/wp-json\/wp\/v2\/media?parent=5047"}],"wp:term":[{"taxonomy":"product_brand","embeddable":true,"href":"https:\/\/medicinasinc.com\/sk\/wp-json\/wp\/v2\/product_brand?post=5047"},{"taxonomy":"product_cat","embeddable":true,"href":"https:\/\/medicinasinc.com\/sk\/wp-json\/wp\/v2\/product_cat?post=5047"},{"taxonomy":"product_tag","embeddable":true,"href":"https:\/\/medicinasinc.com\/sk\/wp-json\/wp\/v2\/product_tag?post=5047"}],"curies":[{"name":"wp","href":"https:\/\/api.w.org\/{rel}","templated":true}]}}