{"id":5046,"date":"2022-02-20T19:34:10","date_gmt":"2022-02-20T19:34:10","guid":{"rendered":"https:\/\/medicinasinc.com\/sk\/?post_type=product&#038;p=5046"},"modified":"2022-03-22T01:09:09","modified_gmt":"2022-03-22T01:09:09","slug":"kupit-cokoladovy-fondue-premokat","status":"publish","type":"product","link":"https:\/\/medicinasinc.com\/sk\/product\/kupit-cokoladovy-fondue-premokat\/","title":{"rendered":"K\u00fapte si kme\u0148 \u010dokol\u00e1dov\u00e9ho fondue"},"content":{"rendered":"<p>Inform\u00e1cie o odrode \u010dokol\u00e1dov\u00e9ho fondue<\/p>\n<p>\u010cokol\u00e1dov\u00e9 fondue je kr\u00ed\u017eenec s dominanciou Sativy vyvinut\u00fd spolo\u010dnos\u0165ou DNA Genetics, ktor\u00fd kombinuje povzn\u00e1\u0161aj\u00face sily \u010dokol\u00e1dy s upokojuj\u00facimi \u00fa\u010dinkami a jedine\u010dn\u00fdmi pr\u00edchu\u0165ami syra Exodus.<\/p>\n<p>\u00da\u010dinky \u010dokol\u00e1dov\u00e9ho fondue upokojuj\u00fa telo a uk\u013eud\u0148uj\u00fa myse\u013e a usp\u00e1vaj\u00fa v\u00e1s do stavu pr\u00edjemn\u00e9ho vedomia. Tento kme\u0148 kanabisu je skvel\u00fd vo dne aj v noci v\u010faka svojej rozmanitej v\u00f4ni a sladk\u00fdm pr\u00edchutiam.<\/p>\n<p>Lie\u010div\u00e9 vlastnosti kme\u0148a \u010dokol\u00e1dov\u00e9ho fondue<\/p>\n<p>Existuje mnoho d\u00f4vodov, pre\u010do pou\u017e\u00edva\u0165 kmene kanabisu. Nasleduje \u0161es\u0165 hlavn\u00fdch d\u00f4vodov, pre\u010do zv\u00e1\u017ei\u0165 ich uplatnenie. Prirodzene, \u010d\u00edm vy\u0161\u0161ia je potencia, t\u00fdm silnej\u0161ia je vysok\u00e1!<\/p>\n<p>1 \u2013 Zmier\u0148uje chronick\u00fa boles\u0165<\/p>\n<p>Kanabis obsahuje chemick\u00e9 zlo\u017eenie, ktor\u00e9 pom\u00e1ha zni\u017eova\u0165 boles\u0165. Vo v\u0161eobecnosti farba kanabisu tie\u017e nazna\u010duje jeho silu. Mnoho \u013eud\u00ed zistilo, \u017ee je to pravda.<\/p>\n<p>2 &#8211; Zv\u00fd\u0161en\u00e1 kapacita p\u013e\u00fac<\/p>\n<p>Uvedomujete si to? Faj\u010denie kanabisu je ove\u013ea lep\u0161ie ako faj\u010denie cigariet. Okrem toho v\u00e1m pom\u00f4\u017ee zv\u00fd\u0161i\u0165 kapacitu p\u013e\u00fac.<\/p>\n<p>3 \u2013 Obezita<\/p>\n<p>Preva\u017en\u00e1 v\u00e4\u010d\u0161ina u\u017e\u00edvate\u013eov marihuany nie je ob\u00e9zna. Pravideln\u00e9 u\u017e\u00edvanie tohto kvetu marihuany v\u00e1m toti\u017e pom\u00f4\u017ee kontrolova\u0165 spotrebu kal\u00f3ri\u00ed.<\/p>\n<p>4 \u2013 Prevencia cukrovky<\/p>\n<p>Po diagnostikovan\u00ed cukrovky ju budete ma\u0165 po zvy\u0161ok svojho \u017eivota. \u017eivota. Hladinu cukru v krvi m\u00f4\u017eete jednoducho riadi\u0165 tak, aby sa \u010falej nezvy\u0161ovala.<\/p>\n<p>Konope m\u00f4\u017ee pom\u00f4c\u0165 stabilizova\u0165 hladinu cukru v krvi a zn\u00ed\u017ei\u0165 krvn\u00fd tlak!<\/p>\n<p>5 \u2013 Pom\u00e1ha depres\u00edvnym jednotlivcom<\/p>\n<p> p&gt; <\/p>\n<p>Niektor\u00ed \u013eudia s\u00fa v depresii bez toho, aby si to uvedomovali. Kanabis m\u00f4\u017ee pom\u00f4c\u0165 upokoji\u0165 va\u0161u n\u00e1ladu v pr\u00edpade depresie.<\/p>\n<p>Kde k\u00fapi\u0165 \u010dokol\u00e1dov\u00e9 fondue v Kanade<\/p>\n<p>V Kanade s\u00fa aj in\u00e9 ambulancie, kde m\u00f4\u017eete z\u00edska\u0165 \u010dokol\u00e1dov\u00e9 fondue kme\u0148 buriny, na\u0161a v\u00fddaj\u0148a v Mail Order Marihuana pon\u00faka jeden z najkvalitnej\u0161\u00edch dostupn\u00fdch tovarov.<\/p>\n<p>Garantujeme, \u017ee dostanete vysokokvalitn\u00e9 produkty alebo v\u00e1m vr\u00e1time peniaze!<\/p>\n<p>Navy\u0161e , objedn\u00e1vky nad 100 USD maj\u00fa dopravu zadarmo!<\/p>\n","protected":false},"excerpt":{"rendered":"<div class=\"woocommerce-product-details__short-description\">\n<p>Nakupujte kvalitn\u00e9 \u010dokol\u00e1dov\u00e9 fondue kme\u0148 online. Chocolate Fondue Strain je dominantn\u00fd hybrid sativy \u2013 80 % Sativa \/ 20 % Indica THC: 17 %<\/p>\n<\/p><\/div>\n","protected":false},"featured_media":5065,"comment_status":"open","ping_status":"closed","template":"","meta":[],"product_brand":[],"product_cat":[778],"product_tag":[1005,1004],"class_list":{"0":"post-5046","1":"product","2":"type-product","3":"status-publish","4":"has-post-thumbnail","6":"product_cat-burinu-na-predaj","7":"product_tag-okolda-fudge-kme","8":"product_tag-syr-fondue-premok","10":"first","11":"instock","12":"shipping-taxable","13":"purchasable","14":"product-type-variable","15":"has-default-attributes"},"yoast_head":"<!-- This site is optimized with the Yoast SEO plugin v27.3 - https:\/\/yoast.com\/product\/yoast-seo-wordpress\/ -->\n<title>K\u00fapte si kvalitn\u00fd \u010dokol\u00e1dov\u00fd fondue kme\u0148 online \u2013 najlep\u0161ie glob\u00e1lne lieky<\/title>\n<meta name=\"description\" content=\"K\u00fapte si kvalitn\u00fd \u010dokol\u00e1dov\u00fd fondue kme\u0148 online. Chocolate Fondue Strain je dominantn\u00fd hybrid sativy \u2013 80 % Sativa \/ 20 % Indica THC: 17 %\" \/>\n<meta name=\"robots\" content=\"index, follow, max-snippet:-1, max-image-preview:large, max-video-preview:-1\" \/>\n<link rel=\"canonical\" href=\"https:\/\/medicinasinc.com\/sk\/product\/kupit-cokoladovy-fondue-premokat\/\" \/>\n<meta property=\"og:locale\" content=\"en_US\" \/>\n<meta property=\"og:type\" content=\"article\" \/>\n<meta property=\"og:title\" content=\"K\u00fapte si kvalitn\u00fd \u010dokol\u00e1dov\u00fd fondue kme\u0148 online \u2013 najlep\u0161ie glob\u00e1lne lieky\" \/>\n<meta property=\"og:description\" content=\"K\u00fapte si kvalitn\u00fd \u010dokol\u00e1dov\u00fd fondue kme\u0148 online. Chocolate Fondue Strain je dominantn\u00fd hybrid sativy \u2013 80 % Sativa \/ 20 % Indica THC: 17 %\" \/>\n<meta property=\"og:url\" content=\"https:\/\/medicinasinc.com\/sk\/product\/kupit-cokoladovy-fondue-premokat\/\" \/>\n<meta property=\"og:site_name\" content=\"Medicinas Inc\" \/>\n<meta property=\"article:modified_time\" content=\"2022-03-22T01:09:09+00:00\" \/>\n<meta property=\"og:image\" content=\"https:\/\/medicinasinc.com\/sk\/wp-content\/uploads\/sites\/10\/2022\/02\/Buy-Quality-Chocolate-Fondue.jpg\" \/>\n\t<meta property=\"og:image:width\" content=\"667\" \/>\n\t<meta property=\"og:image:height\" content=\"1000\" \/>\n\t<meta property=\"og:image:type\" content=\"image\/jpeg\" \/>\n<meta name=\"twitter:card\" content=\"summary_large_image\" \/>\n<meta name=\"twitter:label1\" content=\"Est. reading time\" \/>\n\t<meta name=\"twitter:data1\" content=\"2 minutes\" \/>\n<script type=\"application\/ld+json\" class=\"yoast-schema-graph\">{\"@context\":\"https:\\\/\\\/schema.org\",\"@graph\":[{\"@type\":\"WebPage\",\"@id\":\"https:\\\/\\\/medicinasinc.com\\\/sk\\\/product\\\/kupit-cokoladovy-fondue-premokat\\\/\",\"url\":\"https:\\\/\\\/medicinasinc.com\\\/sk\\\/product\\\/kupit-cokoladovy-fondue-premokat\\\/\",\"name\":\"K\u00fapte si kvalitn\u00fd \u010dokol\u00e1dov\u00fd fondue kme\u0148 online \u2013 najlep\u0161ie glob\u00e1lne lieky\",\"isPartOf\":{\"@id\":\"https:\\\/\\\/medicinasinc.com\\\/sk\\\/#website\"},\"primaryImageOfPage\":{\"@id\":\"https:\\\/\\\/medicinasinc.com\\\/sk\\\/product\\\/kupit-cokoladovy-fondue-premokat\\\/#primaryimage\"},\"image\":{\"@id\":\"https:\\\/\\\/medicinasinc.com\\\/sk\\\/product\\\/kupit-cokoladovy-fondue-premokat\\\/#primaryimage\"},\"thumbnailUrl\":\"https:\\\/\\\/medicinasinc.com\\\/sk\\\/wp-content\\\/uploads\\\/sites\\\/10\\\/2022\\\/02\\\/Buy-Quality-Chocolate-Fondue.jpg\",\"datePublished\":\"2022-02-20T19:34:10+00:00\",\"dateModified\":\"2022-03-22T01:09:09+00:00\",\"description\":\"K\u00fapte si kvalitn\u00fd \u010dokol\u00e1dov\u00fd fondue kme\u0148 online. Chocolate Fondue Strain je dominantn\u00fd hybrid sativy \u2013 80 % Sativa \\\/ 20 % Indica THC: 17 %\",\"breadcrumb\":{\"@id\":\"https:\\\/\\\/medicinasinc.com\\\/sk\\\/product\\\/kupit-cokoladovy-fondue-premokat\\\/#breadcrumb\"},\"inLanguage\":\"en-US\",\"potentialAction\":[{\"@type\":\"ReadAction\",\"target\":[\"https:\\\/\\\/medicinasinc.com\\\/sk\\\/product\\\/kupit-cokoladovy-fondue-premokat\\\/\"]}]},{\"@type\":\"ImageObject\",\"inLanguage\":\"en-US\",\"@id\":\"https:\\\/\\\/medicinasinc.com\\\/sk\\\/product\\\/kupit-cokoladovy-fondue-premokat\\\/#primaryimage\",\"url\":\"https:\\\/\\\/medicinasinc.com\\\/sk\\\/wp-content\\\/uploads\\\/sites\\\/10\\\/2022\\\/02\\\/Buy-Quality-Chocolate-Fondue.jpg\",\"contentUrl\":\"https:\\\/\\\/medicinasinc.com\\\/sk\\\/wp-content\\\/uploads\\\/sites\\\/10\\\/2022\\\/02\\\/Buy-Quality-Chocolate-Fondue.jpg\",\"width\":667,\"height\":1000},{\"@type\":\"BreadcrumbList\",\"@id\":\"https:\\\/\\\/medicinasinc.com\\\/sk\\\/product\\\/kupit-cokoladovy-fondue-premokat\\\/#breadcrumb\",\"itemListElement\":[{\"@type\":\"ListItem\",\"position\":1,\"name\":\"Obchod\",\"item\":\"https:\\\/\\\/medicinasinc.com\\\/sk\\\/obchod\\\/\"},{\"@type\":\"ListItem\",\"position\":2,\"name\":\"K\u00fapte si kme\u0148 \u010dokol\u00e1dov\u00e9ho fondue\"}]},{\"@type\":\"WebSite\",\"@id\":\"https:\\\/\\\/medicinasinc.com\\\/sk\\\/#website\",\"url\":\"https:\\\/\\\/medicinasinc.com\\\/sk\\\/\",\"name\":\"Medicinas Inc\",\"description\":\"Health Medical Clinic\",\"potentialAction\":[{\"@type\":\"SearchAction\",\"target\":{\"@type\":\"EntryPoint\",\"urlTemplate\":\"https:\\\/\\\/medicinasinc.com\\\/sk\\\/?s={search_term_string}\"},\"query-input\":{\"@type\":\"PropertyValueSpecification\",\"valueRequired\":true,\"valueName\":\"search_term_string\"}}],\"inLanguage\":\"en-US\"}]}<\/script>\n<!-- \/ Yoast SEO plugin. -->","yoast_head_json":{"title":"K\u00fapte si kvalitn\u00fd \u010dokol\u00e1dov\u00fd fondue kme\u0148 online \u2013 najlep\u0161ie glob\u00e1lne lieky","description":"K\u00fapte si kvalitn\u00fd \u010dokol\u00e1dov\u00fd fondue kme\u0148 online. Chocolate Fondue Strain je dominantn\u00fd hybrid sativy \u2013 80 % Sativa \/ 20 % Indica THC: 17 %","robots":{"index":"index","follow":"follow","max-snippet":"max-snippet:-1","max-image-preview":"max-image-preview:large","max-video-preview":"max-video-preview:-1"},"canonical":"https:\/\/medicinasinc.com\/sk\/product\/kupit-cokoladovy-fondue-premokat\/","og_locale":"en_US","og_type":"article","og_title":"K\u00fapte si kvalitn\u00fd \u010dokol\u00e1dov\u00fd fondue kme\u0148 online \u2013 najlep\u0161ie glob\u00e1lne lieky","og_description":"K\u00fapte si kvalitn\u00fd \u010dokol\u00e1dov\u00fd fondue kme\u0148 online. Chocolate Fondue Strain je dominantn\u00fd hybrid sativy \u2013 80 % Sativa \/ 20 % Indica THC: 17 %","og_url":"https:\/\/medicinasinc.com\/sk\/product\/kupit-cokoladovy-fondue-premokat\/","og_site_name":"Medicinas Inc","article_modified_time":"2022-03-22T01:09:09+00:00","og_image":[{"width":667,"height":1000,"url":"https:\/\/medicinasinc.com\/sk\/wp-content\/uploads\/sites\/10\/2022\/02\/Buy-Quality-Chocolate-Fondue.jpg","type":"image\/jpeg"}],"twitter_card":"summary_large_image","twitter_misc":{"Est. reading time":"2 minutes"},"schema":{"@context":"https:\/\/schema.org","@graph":[{"@type":"WebPage","@id":"https:\/\/medicinasinc.com\/sk\/product\/kupit-cokoladovy-fondue-premokat\/","url":"https:\/\/medicinasinc.com\/sk\/product\/kupit-cokoladovy-fondue-premokat\/","name":"K\u00fapte si kvalitn\u00fd \u010dokol\u00e1dov\u00fd fondue kme\u0148 online \u2013 najlep\u0161ie glob\u00e1lne lieky","isPartOf":{"@id":"https:\/\/medicinasinc.com\/sk\/#website"},"primaryImageOfPage":{"@id":"https:\/\/medicinasinc.com\/sk\/product\/kupit-cokoladovy-fondue-premokat\/#primaryimage"},"image":{"@id":"https:\/\/medicinasinc.com\/sk\/product\/kupit-cokoladovy-fondue-premokat\/#primaryimage"},"thumbnailUrl":"https:\/\/medicinasinc.com\/sk\/wp-content\/uploads\/sites\/10\/2022\/02\/Buy-Quality-Chocolate-Fondue.jpg","datePublished":"2022-02-20T19:34:10+00:00","dateModified":"2022-03-22T01:09:09+00:00","description":"K\u00fapte si kvalitn\u00fd \u010dokol\u00e1dov\u00fd fondue kme\u0148 online. Chocolate Fondue Strain je dominantn\u00fd hybrid sativy \u2013 80 % Sativa \/ 20 % Indica THC: 17 %","breadcrumb":{"@id":"https:\/\/medicinasinc.com\/sk\/product\/kupit-cokoladovy-fondue-premokat\/#breadcrumb"},"inLanguage":"en-US","potentialAction":[{"@type":"ReadAction","target":["https:\/\/medicinasinc.com\/sk\/product\/kupit-cokoladovy-fondue-premokat\/"]}]},{"@type":"ImageObject","inLanguage":"en-US","@id":"https:\/\/medicinasinc.com\/sk\/product\/kupit-cokoladovy-fondue-premokat\/#primaryimage","url":"https:\/\/medicinasinc.com\/sk\/wp-content\/uploads\/sites\/10\/2022\/02\/Buy-Quality-Chocolate-Fondue.jpg","contentUrl":"https:\/\/medicinasinc.com\/sk\/wp-content\/uploads\/sites\/10\/2022\/02\/Buy-Quality-Chocolate-Fondue.jpg","width":667,"height":1000},{"@type":"BreadcrumbList","@id":"https:\/\/medicinasinc.com\/sk\/product\/kupit-cokoladovy-fondue-premokat\/#breadcrumb","itemListElement":[{"@type":"ListItem","position":1,"name":"Obchod","item":"https:\/\/medicinasinc.com\/sk\/obchod\/"},{"@type":"ListItem","position":2,"name":"K\u00fapte si kme\u0148 \u010dokol\u00e1dov\u00e9ho fondue"}]},{"@type":"WebSite","@id":"https:\/\/medicinasinc.com\/sk\/#website","url":"https:\/\/medicinasinc.com\/sk\/","name":"Medicinas Inc","description":"Health Medical Clinic","potentialAction":[{"@type":"SearchAction","target":{"@type":"EntryPoint","urlTemplate":"https:\/\/medicinasinc.com\/sk\/?s={search_term_string}"},"query-input":{"@type":"PropertyValueSpecification","valueRequired":true,"valueName":"search_term_string"}}],"inLanguage":"en-US"}]}},"_links":{"self":[{"href":"https:\/\/medicinasinc.com\/sk\/wp-json\/wp\/v2\/product\/5046","targetHints":{"allow":["GET"]}}],"collection":[{"href":"https:\/\/medicinasinc.com\/sk\/wp-json\/wp\/v2\/product"}],"about":[{"href":"https:\/\/medicinasinc.com\/sk\/wp-json\/wp\/v2\/types\/product"}],"replies":[{"embeddable":true,"href":"https:\/\/medicinasinc.com\/sk\/wp-json\/wp\/v2\/comments?post=5046"}],"wp:featuredmedia":[{"embeddable":true,"href":"https:\/\/medicinasinc.com\/sk\/wp-json\/wp\/v2\/media\/5065"}],"wp:attachment":[{"href":"https:\/\/medicinasinc.com\/sk\/wp-json\/wp\/v2\/media?parent=5046"}],"wp:term":[{"taxonomy":"product_brand","embeddable":true,"href":"https:\/\/medicinasinc.com\/sk\/wp-json\/wp\/v2\/product_brand?post=5046"},{"taxonomy":"product_cat","embeddable":true,"href":"https:\/\/medicinasinc.com\/sk\/wp-json\/wp\/v2\/product_cat?post=5046"},{"taxonomy":"product_tag","embeddable":true,"href":"https:\/\/medicinasinc.com\/sk\/wp-json\/wp\/v2\/product_tag?post=5046"}],"curies":[{"name":"wp","href":"https:\/\/api.w.org\/{rel}","templated":true}]}}