{"id":5045,"date":"2022-02-20T19:32:59","date_gmt":"2022-02-20T19:32:59","guid":{"rendered":"https:\/\/medicinasinc.com\/sk\/?post_type=product&#038;p=5045"},"modified":"2022-03-22T01:09:20","modified_gmt":"2022-03-22T01:09:20","slug":"kupit-skalna-hora-cucoriedka","status":"publish","type":"product","link":"https:\/\/medicinasinc.com\/sk\/product\/kupit-skalna-hora-cucoriedka\/","title":{"rendered":"K\u00fapte si Rocky Mountain Blueberry"},"content":{"rendered":"<h1><a href=\"https:\/\/www.bestglobalmeds.com\/product\/marihuana\/rocky-mountain\/\">K\u00fapi\u0165 Rocky Mountain Blueberry<\/a> Kme\u0148<\/h1>\n<p>Rocky Mountain Blueberry je dominantou Indica Hybrid \u2013 70 % Indica \/ 30 % Sativa THC: 15 % \u2013 18 %<\/p>\n<p>\u00da\u010dinky<br \/> Vzru\u0161en\u00fd, kreat\u00edvny, energizuj\u00faci, \u0161\u0165astn\u00fd, motiva\u010dn\u00fd, relaxa\u010dn\u00fd<br \/> M\u00f4\u017ee zmierni\u0165<br \/> depresie , \u00danava, Glauk\u00f3m, Bolesti hlavy, Stres<br \/> Pr\u00edchute<br \/> Bobu\u013eov\u00e1, Cukr\u00edkov\u00e1, Ovocn\u00e1, Sladk\u00e1<br \/> Ar\u00f3ma<br \/> Bobu\u013eov\u00e1, \u010du\u010doriedkov\u00e1, zemit\u00e1, bylinkov\u00e1, sladk\u00e1<\/p>\n<p>Rocky Mountain Blueberry je indica dominantn\u00fd hybridn\u00fd kme\u0148 vy\u0161\u013eachten\u00fd z \u00fa\u017easne chutn\u00fdch kme\u0148ov Shishkaberry a Blueberry. T\u00e1to odroda je zn\u00e1ma svojou zvodnou chu\u0165ou \u2013 podobnou \u0161\u0165avnat\u00fdm, \u010derstvo natrhan\u00fdm \u010du\u010doriedkam alebo \u0161\u0165avnat\u00fdm cukr\u00edkom s pr\u00edchu\u0165ou \u010du\u010doriedok! V\u00f4\u0148a je rovnako delik\u00e1tna s t\u00f3nmi zemit\u00fdch \u010du\u010doriedok, \u010derstvej borovice a \u0161tipky citr\u00f3nu. Rocky Mountain Blueberry high je tak sladk\u00e9, ako chut\u00ed, so stimuluj\u00facimi a povzbudzuj\u00facimi \u00fa\u010dinkami, ktor\u00e9 s\u00fa ide\u00e1lne na pr\u00edpravu na vonkaj\u0161ie dobrodru\u017estvo. Po\u010das pobytu vonku sa budete c\u00edti\u0165 pohodlne a z\u00e1rove\u0148 pripraven\u00ed \u00eds\u0165 na t\u00faru, pl\u00e1va\u0165, beha\u0165 alebo \u010doko\u013evek in\u00e9, \u010do v\u00e1s napadne. T\u00e1to n\u00e1lada m\u00f4\u017ee by\u0165 ob\u010das mierne brnenie, tak\u017ee sa c\u00edtite trochu \u00fazkostlivo a mierne vzru\u0161ene. Uv\u00e1dza sa, \u017ee \u010du\u010doriedka Rocky Mountain je ide\u00e1lna na lie\u010dbu chor\u00f4b, ako je vy\u010derpanie, depresia, bolesti hlavy alebo migr\u00e9ny, a glauk\u00f3m alebo vysok\u00fd o\u010dn\u00fd tlak, preto\u017ee k t\u00fdmto \u00fa\u010dinkom patr\u00ed v\u00fdznamn\u00fd priemern\u00fd obsah THC 15-18 percent. Tento p\u00fa\u010dik charakterizuj\u00fa tmav\u00e9 olivovozelen\u00e9 nugety s modr\u00fdm podt\u00f3nom a vrstvou \u017eiv\u00fdch levandu\u013eov\u00fdch trich\u00f3mov.<\/p>\n","protected":false},"excerpt":{"rendered":"<div class=\"woocommerce-product-details__short-description\">\n<p>Online n\u00e1kup \u010du\u010doriedok Rocky Mountain. Rocky Mountain Blueberry je dominantn\u00fd hybrid Indica &amp;# 8211; 70 % Indica \/ 30 % Sativa. Obsah THC v sative: 15 %\u201318 %<\/p>\n<p>Rocky Mountain Blueberry je hybridn\u00fd kme\u0148 s dominantn\u00fdm indikom vy\u0161\u013eachten\u00fd z neuverite\u013ene chutn\u00fdch rodi\u010dov Shishkaberry X Blueberry.<\/p>\n<\/p><\/div>\n","protected":false},"featured_media":5063,"comment_status":"open","ping_status":"closed","template":"","meta":[],"product_brand":[],"product_cat":[778],"product_tag":[996,999,998,1003,997,1000,1001,1002],"class_list":{"0":"post-5045","1":"product","2":"type-product","3":"status-publish","4":"has-post-thumbnail","6":"product_cat-burinu-na-predaj","7":"product_tag-c4-8du-c4-8doriedka-kme-c5-88-v-c5-a1etkobud","8":"product_tag-hora-a","9":"product_tag-hora-berry-kush-kme","10":"product_tag-swiss-berry-strain","11":"product_tag-mikdo-precedi-listov","12":"product_tag-rocky-mountain-fire-strain","13":"product_tag-rocky-mountain-high-strain","14":"product_tag-shazam-kme-listov","16":"first","17":"instock","18":"shipping-taxable","19":"purchasable","20":"product-type-variable","21":"has-default-attributes"},"yoast_head":"<!-- This site is optimized with the Yoast SEO plugin v27.3 - https:\/\/yoast.com\/product\/yoast-seo-wordpress\/ -->\n<title>K\u00fapte si kme\u0148 \u010du\u010doriedok Rocky Mountain \u2013 najlep\u0161ie glob\u00e1lne lieky<\/title>\n<meta name=\"description\" content=\"K\u00fapi\u0165 Rocky Mountain Blueberry Kme\u0148 Rocky Mountain Blueberry je Indica Dominant Hybrid - 70% Indica \/ 30% Sativa THC: 15% - 18% Vzbudzuj\u00face \u00fa\u010dinky, kreat\u00edvne.\" \/>\n<meta name=\"robots\" content=\"index, follow, max-snippet:-1, max-image-preview:large, max-video-preview:-1\" \/>\n<link rel=\"canonical\" href=\"https:\/\/medicinasinc.com\/sk\/product\/kupit-skalna-hora-cucoriedka\/\" \/>\n<meta property=\"og:locale\" content=\"en_US\" \/>\n<meta property=\"og:type\" content=\"article\" \/>\n<meta property=\"og:title\" content=\"K\u00fapte si kme\u0148 \u010du\u010doriedok Rocky Mountain \u2013 najlep\u0161ie glob\u00e1lne lieky\" \/>\n<meta property=\"og:description\" content=\"K\u00fapi\u0165 Rocky Mountain Blueberry Kme\u0148 Rocky Mountain Blueberry je Indica Dominant Hybrid - 70% Indica \/ 30% Sativa THC: 15% - 18% Vzbudzuj\u00face \u00fa\u010dinky, kreat\u00edvne.\" \/>\n<meta property=\"og:url\" content=\"https:\/\/medicinasinc.com\/sk\/product\/kupit-skalna-hora-cucoriedka\/\" \/>\n<meta property=\"og:site_name\" content=\"Medicinas Inc\" \/>\n<meta property=\"article:modified_time\" content=\"2022-03-22T01:09:20+00:00\" \/>\n<meta property=\"og:image\" content=\"https:\/\/medicinasinc.com\/sk\/wp-content\/uploads\/sites\/10\/2022\/02\/Buy-Rocky-Mountain-Blueberry.jpg\" \/>\n\t<meta property=\"og:image:width\" content=\"1200\" \/>\n\t<meta property=\"og:image:height\" content=\"630\" \/>\n\t<meta property=\"og:image:type\" content=\"image\/jpeg\" \/>\n<meta name=\"twitter:card\" content=\"summary_large_image\" \/>\n<meta name=\"twitter:label1\" content=\"Est. reading time\" \/>\n\t<meta name=\"twitter:data1\" content=\"1 minute\" \/>\n<script type=\"application\/ld+json\" class=\"yoast-schema-graph\">{\"@context\":\"https:\\\/\\\/schema.org\",\"@graph\":[{\"@type\":\"WebPage\",\"@id\":\"https:\\\/\\\/medicinasinc.com\\\/sk\\\/product\\\/kupit-skalna-hora-cucoriedka\\\/\",\"url\":\"https:\\\/\\\/medicinasinc.com\\\/sk\\\/product\\\/kupit-skalna-hora-cucoriedka\\\/\",\"name\":\"K\u00fapte si kme\u0148 \u010du\u010doriedok Rocky Mountain \u2013 najlep\u0161ie glob\u00e1lne lieky\",\"isPartOf\":{\"@id\":\"https:\\\/\\\/medicinasinc.com\\\/sk\\\/#website\"},\"primaryImageOfPage\":{\"@id\":\"https:\\\/\\\/medicinasinc.com\\\/sk\\\/product\\\/kupit-skalna-hora-cucoriedka\\\/#primaryimage\"},\"image\":{\"@id\":\"https:\\\/\\\/medicinasinc.com\\\/sk\\\/product\\\/kupit-skalna-hora-cucoriedka\\\/#primaryimage\"},\"thumbnailUrl\":\"https:\\\/\\\/medicinasinc.com\\\/sk\\\/wp-content\\\/uploads\\\/sites\\\/10\\\/2022\\\/02\\\/Buy-Rocky-Mountain-Blueberry.jpg\",\"datePublished\":\"2022-02-20T19:32:59+00:00\",\"dateModified\":\"2022-03-22T01:09:20+00:00\",\"description\":\"K\u00fapi\u0165 Rocky Mountain Blueberry Kme\u0148 Rocky Mountain Blueberry je Indica Dominant Hybrid - 70% Indica \\\/ 30% Sativa THC: 15% - 18% Vzbudzuj\u00face \u00fa\u010dinky, kreat\u00edvne.\",\"breadcrumb\":{\"@id\":\"https:\\\/\\\/medicinasinc.com\\\/sk\\\/product\\\/kupit-skalna-hora-cucoriedka\\\/#breadcrumb\"},\"inLanguage\":\"en-US\",\"potentialAction\":[{\"@type\":\"ReadAction\",\"target\":[\"https:\\\/\\\/medicinasinc.com\\\/sk\\\/product\\\/kupit-skalna-hora-cucoriedka\\\/\"]}]},{\"@type\":\"ImageObject\",\"inLanguage\":\"en-US\",\"@id\":\"https:\\\/\\\/medicinasinc.com\\\/sk\\\/product\\\/kupit-skalna-hora-cucoriedka\\\/#primaryimage\",\"url\":\"https:\\\/\\\/medicinasinc.com\\\/sk\\\/wp-content\\\/uploads\\\/sites\\\/10\\\/2022\\\/02\\\/Buy-Rocky-Mountain-Blueberry.jpg\",\"contentUrl\":\"https:\\\/\\\/medicinasinc.com\\\/sk\\\/wp-content\\\/uploads\\\/sites\\\/10\\\/2022\\\/02\\\/Buy-Rocky-Mountain-Blueberry.jpg\",\"width\":1200,\"height\":630},{\"@type\":\"BreadcrumbList\",\"@id\":\"https:\\\/\\\/medicinasinc.com\\\/sk\\\/product\\\/kupit-skalna-hora-cucoriedka\\\/#breadcrumb\",\"itemListElement\":[{\"@type\":\"ListItem\",\"position\":1,\"name\":\"Obchod\",\"item\":\"https:\\\/\\\/medicinasinc.com\\\/sk\\\/obchod\\\/\"},{\"@type\":\"ListItem\",\"position\":2,\"name\":\"K\u00fapte si Rocky Mountain Blueberry\"}]},{\"@type\":\"WebSite\",\"@id\":\"https:\\\/\\\/medicinasinc.com\\\/sk\\\/#website\",\"url\":\"https:\\\/\\\/medicinasinc.com\\\/sk\\\/\",\"name\":\"Medicinas Inc\",\"description\":\"Health Medical Clinic\",\"potentialAction\":[{\"@type\":\"SearchAction\",\"target\":{\"@type\":\"EntryPoint\",\"urlTemplate\":\"https:\\\/\\\/medicinasinc.com\\\/sk\\\/?s={search_term_string}\"},\"query-input\":{\"@type\":\"PropertyValueSpecification\",\"valueRequired\":true,\"valueName\":\"search_term_string\"}}],\"inLanguage\":\"en-US\"}]}<\/script>\n<!-- \/ Yoast SEO plugin. -->","yoast_head_json":{"title":"K\u00fapte si kme\u0148 \u010du\u010doriedok Rocky Mountain \u2013 najlep\u0161ie glob\u00e1lne lieky","description":"K\u00fapi\u0165 Rocky Mountain Blueberry Kme\u0148 Rocky Mountain Blueberry je Indica Dominant Hybrid - 70% Indica \/ 30% Sativa THC: 15% - 18% Vzbudzuj\u00face \u00fa\u010dinky, kreat\u00edvne.","robots":{"index":"index","follow":"follow","max-snippet":"max-snippet:-1","max-image-preview":"max-image-preview:large","max-video-preview":"max-video-preview:-1"},"canonical":"https:\/\/medicinasinc.com\/sk\/product\/kupit-skalna-hora-cucoriedka\/","og_locale":"en_US","og_type":"article","og_title":"K\u00fapte si kme\u0148 \u010du\u010doriedok Rocky Mountain \u2013 najlep\u0161ie glob\u00e1lne lieky","og_description":"K\u00fapi\u0165 Rocky Mountain Blueberry Kme\u0148 Rocky Mountain Blueberry je Indica Dominant Hybrid - 70% Indica \/ 30% Sativa THC: 15% - 18% Vzbudzuj\u00face \u00fa\u010dinky, kreat\u00edvne.","og_url":"https:\/\/medicinasinc.com\/sk\/product\/kupit-skalna-hora-cucoriedka\/","og_site_name":"Medicinas Inc","article_modified_time":"2022-03-22T01:09:20+00:00","og_image":[{"width":1200,"height":630,"url":"https:\/\/medicinasinc.com\/sk\/wp-content\/uploads\/sites\/10\/2022\/02\/Buy-Rocky-Mountain-Blueberry.jpg","type":"image\/jpeg"}],"twitter_card":"summary_large_image","twitter_misc":{"Est. reading time":"1 minute"},"schema":{"@context":"https:\/\/schema.org","@graph":[{"@type":"WebPage","@id":"https:\/\/medicinasinc.com\/sk\/product\/kupit-skalna-hora-cucoriedka\/","url":"https:\/\/medicinasinc.com\/sk\/product\/kupit-skalna-hora-cucoriedka\/","name":"K\u00fapte si kme\u0148 \u010du\u010doriedok Rocky Mountain \u2013 najlep\u0161ie glob\u00e1lne lieky","isPartOf":{"@id":"https:\/\/medicinasinc.com\/sk\/#website"},"primaryImageOfPage":{"@id":"https:\/\/medicinasinc.com\/sk\/product\/kupit-skalna-hora-cucoriedka\/#primaryimage"},"image":{"@id":"https:\/\/medicinasinc.com\/sk\/product\/kupit-skalna-hora-cucoriedka\/#primaryimage"},"thumbnailUrl":"https:\/\/medicinasinc.com\/sk\/wp-content\/uploads\/sites\/10\/2022\/02\/Buy-Rocky-Mountain-Blueberry.jpg","datePublished":"2022-02-20T19:32:59+00:00","dateModified":"2022-03-22T01:09:20+00:00","description":"K\u00fapi\u0165 Rocky Mountain Blueberry Kme\u0148 Rocky Mountain Blueberry je Indica Dominant Hybrid - 70% Indica \/ 30% Sativa THC: 15% - 18% Vzbudzuj\u00face \u00fa\u010dinky, kreat\u00edvne.","breadcrumb":{"@id":"https:\/\/medicinasinc.com\/sk\/product\/kupit-skalna-hora-cucoriedka\/#breadcrumb"},"inLanguage":"en-US","potentialAction":[{"@type":"ReadAction","target":["https:\/\/medicinasinc.com\/sk\/product\/kupit-skalna-hora-cucoriedka\/"]}]},{"@type":"ImageObject","inLanguage":"en-US","@id":"https:\/\/medicinasinc.com\/sk\/product\/kupit-skalna-hora-cucoriedka\/#primaryimage","url":"https:\/\/medicinasinc.com\/sk\/wp-content\/uploads\/sites\/10\/2022\/02\/Buy-Rocky-Mountain-Blueberry.jpg","contentUrl":"https:\/\/medicinasinc.com\/sk\/wp-content\/uploads\/sites\/10\/2022\/02\/Buy-Rocky-Mountain-Blueberry.jpg","width":1200,"height":630},{"@type":"BreadcrumbList","@id":"https:\/\/medicinasinc.com\/sk\/product\/kupit-skalna-hora-cucoriedka\/#breadcrumb","itemListElement":[{"@type":"ListItem","position":1,"name":"Obchod","item":"https:\/\/medicinasinc.com\/sk\/obchod\/"},{"@type":"ListItem","position":2,"name":"K\u00fapte si Rocky Mountain Blueberry"}]},{"@type":"WebSite","@id":"https:\/\/medicinasinc.com\/sk\/#website","url":"https:\/\/medicinasinc.com\/sk\/","name":"Medicinas Inc","description":"Health Medical Clinic","potentialAction":[{"@type":"SearchAction","target":{"@type":"EntryPoint","urlTemplate":"https:\/\/medicinasinc.com\/sk\/?s={search_term_string}"},"query-input":{"@type":"PropertyValueSpecification","valueRequired":true,"valueName":"search_term_string"}}],"inLanguage":"en-US"}]}},"_links":{"self":[{"href":"https:\/\/medicinasinc.com\/sk\/wp-json\/wp\/v2\/product\/5045","targetHints":{"allow":["GET"]}}],"collection":[{"href":"https:\/\/medicinasinc.com\/sk\/wp-json\/wp\/v2\/product"}],"about":[{"href":"https:\/\/medicinasinc.com\/sk\/wp-json\/wp\/v2\/types\/product"}],"replies":[{"embeddable":true,"href":"https:\/\/medicinasinc.com\/sk\/wp-json\/wp\/v2\/comments?post=5045"}],"wp:featuredmedia":[{"embeddable":true,"href":"https:\/\/medicinasinc.com\/sk\/wp-json\/wp\/v2\/media\/5063"}],"wp:attachment":[{"href":"https:\/\/medicinasinc.com\/sk\/wp-json\/wp\/v2\/media?parent=5045"}],"wp:term":[{"taxonomy":"product_brand","embeddable":true,"href":"https:\/\/medicinasinc.com\/sk\/wp-json\/wp\/v2\/product_brand?post=5045"},{"taxonomy":"product_cat","embeddable":true,"href":"https:\/\/medicinasinc.com\/sk\/wp-json\/wp\/v2\/product_cat?post=5045"},{"taxonomy":"product_tag","embeddable":true,"href":"https:\/\/medicinasinc.com\/sk\/wp-json\/wp\/v2\/product_tag?post=5045"}],"curies":[{"name":"wp","href":"https:\/\/api.w.org\/{rel}","templated":true}]}}