{"id":5044,"date":"2022-02-20T19:31:39","date_gmt":"2022-02-20T19:31:39","guid":{"rendered":"https:\/\/medicinasinc.com\/sk\/?post_type=product&#038;p=5044"},"modified":"2022-03-22T01:09:29","modified_gmt":"2022-03-22T01:09:29","slug":"kupit-fialovy-vrak-marihuany","status":"publish","type":"product","link":"https:\/\/medicinasinc.com\/sk\/product\/kupit-fialovy-vrak-marihuany\/","title":{"rendered":"K\u00fapte si Purple Wreck Marihuana"},"content":{"rendered":"<div class=\"et_pb_column et_pb_column_3_8 et_pb_column_inner et_pb_column_inner_4 \">\n<div> pre  &lt;pdiv Marick_light et_pb_text_text  Indica-dominantn\u00fd hybridn\u00fd kme\u0148, ktor\u00fd m\u00e1 schopnos\u0165 uchv\u00e1ti\u0165 aj toho najsk\u00fasenej\u0161ieho konzumenta kanabisu. Purple Wreck je mix medzi mimoriadne popul\u00e1rnou sativou Trainwreck a farebn\u00fdm, aromatick\u00fdm Purple Urkle. Vytvorila ho DNA Genetics, sl\u00e1vni chovatelia za Chocolope a LA Confidential. Purple Wreck je vynikaj\u00facou vo\u013ebou na konzum\u00e1ciu na konci d\u0148a v\u010faka svojej silnej, upokojuj\u00facej vysokej a v\u00fdraznej chuti. Analytical 360, zariadenie na testovanie kanabisu, zistilo, \u017ee vzorky kme\u0148a obsahovali hladiny THC v rozmedz\u00ed od 10 % do ohromuj\u00facich 31 %.<\/p>\n<p>Purple Wreck sa vyzna\u010duje obrovsk\u00fdmi, dokonale tvarovan\u00fdmi kvetmi. Tieto p\u00fa\u010diky maj\u00fa vzh\u013ead miniat\u00farnych viano\u010dn\u00fdch strom\u010dekov, ktor\u00e9 sa zu\u017euj\u00fa od \u0161irokej z\u00e1kladne po \u0161pi\u010dat\u00fa \u0161pi\u010dku. Ich \u0161trukt\u00fara vyzer\u00e1 ako kr\u00ed\u017eenec medzi indikou a sativou \u2013 hoci s\u00fa zvn\u00fatra kompaktn\u00e9 a hust\u00e9, listy sa \u0161pir\u00e1lovito ot\u00e1\u010daj\u00fa smerom von s nad\u00fdchanou text\u00farou na vonkaj\u0161ej strane. Skuto\u010dnou hviezdou tohto kme\u0148a s\u00fa tieto listy, ktor\u00e9 konzumentov oslnia strakatou kombin\u00e1ciou olivovo zelenej, fialovej a fialovej. Tieto fialov\u00e9 odtiene s\u00fa sp\u00f4soben\u00e9 chladnej\u0161\u00edm ako priemern\u00fdm po\u010das\u00edm, ktor\u00e9 aktivuje antokyanov\u00e9 pigmenty v DNA kme\u0148a. Nakoniec lepkav\u00e9 biele trich\u00f3my pokr\u00fdvaj\u00fa cel\u00fd povrch t\u00fdchto obrovsk\u00fdch nugetov a dod\u00e1vaj\u00fa im orosen\u00fd, mraziv\u00fd vzh\u013ead.<\/p>\n<p>Kanabisov\u00e9 hybridy s\u00fa kr\u00ed\u017eencom medzi kme\u0148mi indica a sativa. Zatia\u013e \u010do konverz\u00e1cie t\u00fdkaj\u00face sa kme\u0148ov kanabisu sa zvy\u010dajne zameriavaj\u00fa na rozdiely medzi sativou a indicou, toto je len jeden aspekt obrazu. V skuto\u010dnosti v\u00e4\u010d\u0161ina kultivarov marihuany, ktor\u00e9 s\u00fa teraz k dispoz\u00edcii, nie s\u00fa \u010distou sativou. Typicky to bud\u00fa hybridy s dominantn\u00fdm znakom alebo sativou, alebo kombin\u00e1cia oboch 50\/50. N\u00e1kup fialov\u00e9ho vraku online<\/p>\n<p>N\u00e1kup fialov\u00e9ho vraku online<\/p>\n<\/p><\/div><\/div><\/div>\n<div class=\"product-next-previous\">\n<div class=\"product- prev\"><\/div><\/div>\n","protected":false},"excerpt":{"rendered":"<p>Fialov\u00fd vrak &#8211; K\u00fapi\u0165 Purple Wreck online &#8211; Purple Wreck je hybrid s dominanciou indica, ktor\u00fd dok\u00e1\u017ee ohromi\u0165 aj toho najsk\u00fasenej\u0161ieho u\u017e\u00edvate\u013ea kanabisu.<\/p>\n<p>Kme\u0148 marihuany Purple Wreck je mo\u017en\u00e9 zak\u00fapi\u0165 online.<\/p>\n<p>Marihuana Purple Wreck je Indica kme\u0148 marihuany. Dominantn\u00fd hybrid &#8211; 60 % Indica \/ 40 % Sativa Obsah THC v sative: 18\u201325 %<\/p>\n<p>1 oz. minim\u00e1lna objedn\u00e1vka<\/p>\n<p>&nbsp;<\/p>\n","protected":false},"featured_media":5061,"comment_status":"open","ping_status":"closed","template":"","meta":[],"product_brand":[],"product_cat":[778],"product_tag":[989,993,994,991,988,992,990,995],"class_list":{"0":"post-5044","1":"product","2":"type-product","3":"status-publish","4":"has-post-thumbnail","6":"product_cat-burinu-na-predaj","7":"product_tag-fialov-vrak-inky-preptia","8":"product_tag-fialov-vrak-kme-vetkobud","9":"product_tag-fialov-vrak-kme-rezerva-privada","10":"product_tag-fialovo-vrak-listnat","11":"product_tag-purple-trainwreck-price","12":"product_tag-purple-wreck-sativa-or-indica","13":"product_tag-fialov-vrak-kme-recenzia","14":"product_tag-vrak-den-c3-a4tie-cena","16":"first","17":"instock","18":"shipping-taxable","19":"purchasable","20":"product-type-simple"},"yoast_head":"<!-- This site is optimized with the Yoast SEO plugin v27.3 - https:\/\/yoast.com\/product\/yoast-seo-wordpress\/ -->\n<title>K\u00fapte si marihuanu Purple Wreck \u2013 najlep\u0161ie najlep\u0161ie glob\u00e1lne lieky<\/title>\n<meta name=\"description\" content=\"K\u00fapte si marihuanu Purple Wreck online \u2013 Purple Wreck je hybrid s dominanciou indica, ktor\u00fd dok\u00e1\u017ee zap\u00f4sobi\u0165 aj na sk\u00fasen\u00fdch konzumentov kanabisu.\" \/>\n<meta name=\"robots\" content=\"index, follow, max-snippet:-1, max-image-preview:large, max-video-preview:-1\" \/>\n<link rel=\"canonical\" href=\"https:\/\/medicinasinc.com\/sk\/product\/kupit-fialovy-vrak-marihuany\/\" \/>\n<meta property=\"og:locale\" content=\"en_US\" \/>\n<meta property=\"og:type\" content=\"article\" \/>\n<meta property=\"og:title\" content=\"K\u00fapte si marihuanu Purple Wreck \u2013 najlep\u0161ie najlep\u0161ie glob\u00e1lne lieky\" \/>\n<meta property=\"og:description\" content=\"K\u00fapte si marihuanu Purple Wreck online \u2013 Purple Wreck je hybrid s dominanciou indica, ktor\u00fd dok\u00e1\u017ee zap\u00f4sobi\u0165 aj na sk\u00fasen\u00fdch konzumentov kanabisu.\" \/>\n<meta property=\"og:url\" content=\"https:\/\/medicinasinc.com\/sk\/product\/kupit-fialovy-vrak-marihuany\/\" \/>\n<meta property=\"og:site_name\" content=\"Medicinas Inc\" \/>\n<meta property=\"article:modified_time\" content=\"2022-03-22T01:09:29+00:00\" \/>\n<meta property=\"og:image\" content=\"https:\/\/medicinasinc.com\/sk\/wp-content\/uploads\/sites\/10\/2022\/02\/Buy-Purple-Wreck-Marijuana-1.jpg\" \/>\n\t<meta property=\"og:image:width\" content=\"1245\" \/>\n\t<meta property=\"og:image:height\" content=\"1024\" \/>\n\t<meta property=\"og:image:type\" content=\"image\/jpeg\" \/>\n<meta name=\"twitter:card\" content=\"summary_large_image\" \/>\n<meta name=\"twitter:label1\" content=\"Est. reading time\" \/>\n\t<meta name=\"twitter:data1\" content=\"2 minutes\" \/>\n<script type=\"application\/ld+json\" class=\"yoast-schema-graph\">{\"@context\":\"https:\\\/\\\/schema.org\",\"@graph\":[{\"@type\":\"WebPage\",\"@id\":\"https:\\\/\\\/medicinasinc.com\\\/sk\\\/product\\\/kupit-fialovy-vrak-marihuany\\\/\",\"url\":\"https:\\\/\\\/medicinasinc.com\\\/sk\\\/product\\\/kupit-fialovy-vrak-marihuany\\\/\",\"name\":\"K\u00fapte si marihuanu Purple Wreck \u2013 najlep\u0161ie najlep\u0161ie glob\u00e1lne lieky\",\"isPartOf\":{\"@id\":\"https:\\\/\\\/medicinasinc.com\\\/sk\\\/#website\"},\"primaryImageOfPage\":{\"@id\":\"https:\\\/\\\/medicinasinc.com\\\/sk\\\/product\\\/kupit-fialovy-vrak-marihuany\\\/#primaryimage\"},\"image\":{\"@id\":\"https:\\\/\\\/medicinasinc.com\\\/sk\\\/product\\\/kupit-fialovy-vrak-marihuany\\\/#primaryimage\"},\"thumbnailUrl\":\"https:\\\/\\\/medicinasinc.com\\\/sk\\\/wp-content\\\/uploads\\\/sites\\\/10\\\/2022\\\/02\\\/Buy-Purple-Wreck-Marijuana-1.jpg\",\"datePublished\":\"2022-02-20T19:31:39+00:00\",\"dateModified\":\"2022-03-22T01:09:29+00:00\",\"description\":\"K\u00fapte si marihuanu Purple Wreck online \u2013 Purple Wreck je hybrid s dominanciou indica, ktor\u00fd dok\u00e1\u017ee zap\u00f4sobi\u0165 aj na sk\u00fasen\u00fdch konzumentov kanabisu.\",\"breadcrumb\":{\"@id\":\"https:\\\/\\\/medicinasinc.com\\\/sk\\\/product\\\/kupit-fialovy-vrak-marihuany\\\/#breadcrumb\"},\"inLanguage\":\"en-US\",\"potentialAction\":[{\"@type\":\"ReadAction\",\"target\":[\"https:\\\/\\\/medicinasinc.com\\\/sk\\\/product\\\/kupit-fialovy-vrak-marihuany\\\/\"]}]},{\"@type\":\"ImageObject\",\"inLanguage\":\"en-US\",\"@id\":\"https:\\\/\\\/medicinasinc.com\\\/sk\\\/product\\\/kupit-fialovy-vrak-marihuany\\\/#primaryimage\",\"url\":\"https:\\\/\\\/medicinasinc.com\\\/sk\\\/wp-content\\\/uploads\\\/sites\\\/10\\\/2022\\\/02\\\/Buy-Purple-Wreck-Marijuana-1.jpg\",\"contentUrl\":\"https:\\\/\\\/medicinasinc.com\\\/sk\\\/wp-content\\\/uploads\\\/sites\\\/10\\\/2022\\\/02\\\/Buy-Purple-Wreck-Marijuana-1.jpg\",\"width\":1245,\"height\":1024},{\"@type\":\"BreadcrumbList\",\"@id\":\"https:\\\/\\\/medicinasinc.com\\\/sk\\\/product\\\/kupit-fialovy-vrak-marihuany\\\/#breadcrumb\",\"itemListElement\":[{\"@type\":\"ListItem\",\"position\":1,\"name\":\"Obchod\",\"item\":\"https:\\\/\\\/medicinasinc.com\\\/sk\\\/obchod\\\/\"},{\"@type\":\"ListItem\",\"position\":2,\"name\":\"K\u00fapte si Purple Wreck Marihuana\"}]},{\"@type\":\"WebSite\",\"@id\":\"https:\\\/\\\/medicinasinc.com\\\/sk\\\/#website\",\"url\":\"https:\\\/\\\/medicinasinc.com\\\/sk\\\/\",\"name\":\"Medicinas Inc\",\"description\":\"Health Medical Clinic\",\"potentialAction\":[{\"@type\":\"SearchAction\",\"target\":{\"@type\":\"EntryPoint\",\"urlTemplate\":\"https:\\\/\\\/medicinasinc.com\\\/sk\\\/?s={search_term_string}\"},\"query-input\":{\"@type\":\"PropertyValueSpecification\",\"valueRequired\":true,\"valueName\":\"search_term_string\"}}],\"inLanguage\":\"en-US\"}]}<\/script>\n<!-- \/ Yoast SEO plugin. -->","yoast_head_json":{"title":"K\u00fapte si marihuanu Purple Wreck \u2013 najlep\u0161ie najlep\u0161ie glob\u00e1lne lieky","description":"K\u00fapte si marihuanu Purple Wreck online \u2013 Purple Wreck je hybrid s dominanciou indica, ktor\u00fd dok\u00e1\u017ee zap\u00f4sobi\u0165 aj na sk\u00fasen\u00fdch konzumentov kanabisu.","robots":{"index":"index","follow":"follow","max-snippet":"max-snippet:-1","max-image-preview":"max-image-preview:large","max-video-preview":"max-video-preview:-1"},"canonical":"https:\/\/medicinasinc.com\/sk\/product\/kupit-fialovy-vrak-marihuany\/","og_locale":"en_US","og_type":"article","og_title":"K\u00fapte si marihuanu Purple Wreck \u2013 najlep\u0161ie najlep\u0161ie glob\u00e1lne lieky","og_description":"K\u00fapte si marihuanu Purple Wreck online \u2013 Purple Wreck je hybrid s dominanciou indica, ktor\u00fd dok\u00e1\u017ee zap\u00f4sobi\u0165 aj na sk\u00fasen\u00fdch konzumentov kanabisu.","og_url":"https:\/\/medicinasinc.com\/sk\/product\/kupit-fialovy-vrak-marihuany\/","og_site_name":"Medicinas Inc","article_modified_time":"2022-03-22T01:09:29+00:00","og_image":[{"width":1245,"height":1024,"url":"https:\/\/medicinasinc.com\/sk\/wp-content\/uploads\/sites\/10\/2022\/02\/Buy-Purple-Wreck-Marijuana-1.jpg","type":"image\/jpeg"}],"twitter_card":"summary_large_image","twitter_misc":{"Est. reading time":"2 minutes"},"schema":{"@context":"https:\/\/schema.org","@graph":[{"@type":"WebPage","@id":"https:\/\/medicinasinc.com\/sk\/product\/kupit-fialovy-vrak-marihuany\/","url":"https:\/\/medicinasinc.com\/sk\/product\/kupit-fialovy-vrak-marihuany\/","name":"K\u00fapte si marihuanu Purple Wreck \u2013 najlep\u0161ie najlep\u0161ie glob\u00e1lne lieky","isPartOf":{"@id":"https:\/\/medicinasinc.com\/sk\/#website"},"primaryImageOfPage":{"@id":"https:\/\/medicinasinc.com\/sk\/product\/kupit-fialovy-vrak-marihuany\/#primaryimage"},"image":{"@id":"https:\/\/medicinasinc.com\/sk\/product\/kupit-fialovy-vrak-marihuany\/#primaryimage"},"thumbnailUrl":"https:\/\/medicinasinc.com\/sk\/wp-content\/uploads\/sites\/10\/2022\/02\/Buy-Purple-Wreck-Marijuana-1.jpg","datePublished":"2022-02-20T19:31:39+00:00","dateModified":"2022-03-22T01:09:29+00:00","description":"K\u00fapte si marihuanu Purple Wreck online \u2013 Purple Wreck je hybrid s dominanciou indica, ktor\u00fd dok\u00e1\u017ee zap\u00f4sobi\u0165 aj na sk\u00fasen\u00fdch konzumentov kanabisu.","breadcrumb":{"@id":"https:\/\/medicinasinc.com\/sk\/product\/kupit-fialovy-vrak-marihuany\/#breadcrumb"},"inLanguage":"en-US","potentialAction":[{"@type":"ReadAction","target":["https:\/\/medicinasinc.com\/sk\/product\/kupit-fialovy-vrak-marihuany\/"]}]},{"@type":"ImageObject","inLanguage":"en-US","@id":"https:\/\/medicinasinc.com\/sk\/product\/kupit-fialovy-vrak-marihuany\/#primaryimage","url":"https:\/\/medicinasinc.com\/sk\/wp-content\/uploads\/sites\/10\/2022\/02\/Buy-Purple-Wreck-Marijuana-1.jpg","contentUrl":"https:\/\/medicinasinc.com\/sk\/wp-content\/uploads\/sites\/10\/2022\/02\/Buy-Purple-Wreck-Marijuana-1.jpg","width":1245,"height":1024},{"@type":"BreadcrumbList","@id":"https:\/\/medicinasinc.com\/sk\/product\/kupit-fialovy-vrak-marihuany\/#breadcrumb","itemListElement":[{"@type":"ListItem","position":1,"name":"Obchod","item":"https:\/\/medicinasinc.com\/sk\/obchod\/"},{"@type":"ListItem","position":2,"name":"K\u00fapte si Purple Wreck Marihuana"}]},{"@type":"WebSite","@id":"https:\/\/medicinasinc.com\/sk\/#website","url":"https:\/\/medicinasinc.com\/sk\/","name":"Medicinas Inc","description":"Health Medical Clinic","potentialAction":[{"@type":"SearchAction","target":{"@type":"EntryPoint","urlTemplate":"https:\/\/medicinasinc.com\/sk\/?s={search_term_string}"},"query-input":{"@type":"PropertyValueSpecification","valueRequired":true,"valueName":"search_term_string"}}],"inLanguage":"en-US"}]}},"_links":{"self":[{"href":"https:\/\/medicinasinc.com\/sk\/wp-json\/wp\/v2\/product\/5044","targetHints":{"allow":["GET"]}}],"collection":[{"href":"https:\/\/medicinasinc.com\/sk\/wp-json\/wp\/v2\/product"}],"about":[{"href":"https:\/\/medicinasinc.com\/sk\/wp-json\/wp\/v2\/types\/product"}],"replies":[{"embeddable":true,"href":"https:\/\/medicinasinc.com\/sk\/wp-json\/wp\/v2\/comments?post=5044"}],"wp:featuredmedia":[{"embeddable":true,"href":"https:\/\/medicinasinc.com\/sk\/wp-json\/wp\/v2\/media\/5061"}],"wp:attachment":[{"href":"https:\/\/medicinasinc.com\/sk\/wp-json\/wp\/v2\/media?parent=5044"}],"wp:term":[{"taxonomy":"product_brand","embeddable":true,"href":"https:\/\/medicinasinc.com\/sk\/wp-json\/wp\/v2\/product_brand?post=5044"},{"taxonomy":"product_cat","embeddable":true,"href":"https:\/\/medicinasinc.com\/sk\/wp-json\/wp\/v2\/product_cat?post=5044"},{"taxonomy":"product_tag","embeddable":true,"href":"https:\/\/medicinasinc.com\/sk\/wp-json\/wp\/v2\/product_tag?post=5044"}],"curies":[{"name":"wp","href":"https:\/\/api.w.org\/{rel}","templated":true}]}}