{"id":5020,"date":"2022-02-20T19:11:16","date_gmt":"2022-02-20T19:11:16","guid":{"rendered":"https:\/\/medicinasinc.com\/sk\/?post_type=product&#038;p=5020"},"modified":"2022-03-22T01:09:47","modified_gmt":"2022-03-22T01:09:47","slug":"kupit-matka-drakov-marihuana","status":"publish","type":"product","link":"https:\/\/medicinasinc.com\/sk\/product\/kupit-matka-drakov-marihuana\/","title":{"rendered":"K\u00fapte si marihuanu Mother of Dragons"},"content":{"rendered":"<p>K\u00fapa marihuany Mother of Dragons<\/p>\n<p>Mother of Dragons je ve\u013emi vz\u00e1cny, rovnomerne vyv\u00e1\u017een\u00fd hybrid (50 percent Indica\/50 percent Sativa) kme\u0148 s nezn\u00e1mym p\u00f4vodom z d\u00f4vodu chovate\u013esk\u00e9ho tajomstva a v\u0161eobecn\u00e9ho nedostatku vedomost\u00ed o jeho p\u00f4vodu. Tento vz\u00e1cny kme\u0148, pomenovan\u00fd po sl\u00e1vnej Daenerys Targaryen z Game of Thrones, m\u00e1 ohniv\u00fa chu\u0165, ktor\u00e1 rozp\u00e1li va\u0161e chu\u0165ov\u00e9 poh\u00e1riky. V\u00f4\u0148a je zhoda vyroben\u00e1 v nebi, s \u0165a\u017ek\u00fdm a \u0161tip\u013eav\u00fdm kushy skunky podt\u00f3nom a vysoko korenist\u00fdm tr\u00e1vov\u00fdm efektom, ktor\u00fd sa uvo\u013e\u0148uje pri horen\u00ed nugov. U\u017e po nieko\u013ek\u00fdch z\u00e1sahoch v\u00e1s zvuk Matky drakov vzpru\u017e\u00ed a va\u0161e my\u0161lienky sa bud\u00fa vzn\u00e1\u0161a\u0165 cel\u00e9 hodiny. Za\u010d\u00edna to mozgov\u00fdm vplyvom, ktor\u00fd prenesie va\u0161u myse\u013e do stavu dokonalej ext\u00e1zy a v\u00e1\u0161ho ducha do stavu \u010distej spokojnosti. Zatia\u013e \u010do va\u0161a myse\u013e a duch lietaj\u00fa nad oblohou, va\u0161e telo za\u017eije miernu \u00farove\u0148 relax\u00e1cie, ktor\u00e1 m\u00f4\u017ee zanecha\u0165 ur\u010dit\u00fd pocit ospalosti. Je zn\u00e1me, \u017ee t\u00e1to n\u00e1lada sp\u00f4sobuje u niektor\u00fdch \u013eud\u00ed \u00fazkos\u0165, preto sa jej vyhnite, ak k nej m\u00e1te sklony. Mother of Dragons je ide\u00e1lnou alternat\u00edvou pre osoby trpiace chronick\u00fdm stresom, sm\u00fatkom, zmenami n\u00e1lad a chronickou boles\u0165ou, preto\u017ee k t\u00fdmto \u00fa\u010dinkom prib\u00fada vysok\u00fd priemern\u00fd obsah THC 23-28 percent. Tento p\u00fa\u010dik sa sklad\u00e1 z lesn\u00fdch zelen\u00fdch nugetov v tvare hrozna pokryt\u00fdch chlpat\u00fdmi jant\u00e1rov\u00fdmi ch\u013apkami a trich\u00f3mami oslniv\u00fdch jant\u00e1rov\u00fdch kry\u0161t\u00e1lov.<\/p>\n<p>Zak\u00fapte si marihuanu Mother of Dragons teraz od Tegridy Farms&#8217; Online Cannabis Dispensary<\/p>\n","protected":false},"excerpt":{"rendered":"<div class=\"woocommerce-product-details__short-description\">\n<p>Nakupujte marihuanu Mother of Dragons lacno online. Matka drakov marihuana je hybridn\u00e1 \u2013 50 % Sativa \/ 50 % Indica THC: 23 % \u2013 28 %<\/p>\n<div class=\"woocommerce-product-details__short-description\">\n<p><strong>Ve\u013ekos\u0165 p\u00fa\u010dikov<\/strong>: Mal\u00e1 \u2013 Stredn\u00e1<br \/> <strong>Typ kme\u0148a<\/strong>: 40 % Indica 60 % Sativa<br \/> <strong>\u0160trukt\u00fara<\/strong>: Norm\u00e1lna \u2013 Lepkav\u00e1<br \/> <strong>Pr\u00edchu\u0165<\/strong>: Bylinkov\u00fd | Sladk\u00e9<br \/> <strong>Pou\u017e\u00edvanie v medic\u00edne<\/strong>: \u00dazkos\u0165 | Chronick\u00e1 boles\u0165 | Depresia | Stres<br \/> <strong>Obsah THC<\/strong>: 26 % najvy\u0161\u0161\u00ed test\u00a0<strong>CBD<\/strong>: &gt;1 %<\/p>\n<\/p><\/div>\n<p class=\"stock out-of- akcie\"> <\/div>\n","protected":false},"featured_media":5038,"comment_status":"open","ping_status":"closed","template":"","meta":[],"product_brand":[],"product_cat":[778],"product_tag":[978,962,963,965,966,970,971,972,974,976,977,480,987,985,986,973,461,967,968,969,961,964,615,981,980,979,975,960,455,983,982,984],"class_list":{"0":"post-5020","1":"product","2":"type-product","3":"status-publish","4":"has-post-thumbnail","6":"product_cat-burinu-na-predaj","7":"product_tag-ako-kpi-marihuanu-online","8":"product_tag-buy-cough-syrup-with-codeine","9":"product_tag-buy-illegal-marijuana-online","10":"product_tag-buy-marijuana","11":"product_tag-buy-marijuana-online-canada","12":"product_tag-buy-nirvana-special-marijuana-strain-online","13":"product_tag-buy-online-actavis-cough-syrup","14":"product_tag-buy-real-marijuana-online","15":"product_tag-buy-synthetic-marijuana-online","16":"product_tag-can-you-buy-marijuana-online","17":"product_tag-can-you-buy-marijuana-seeds-online","18":"product_tag-kde-kpi-marihuanu-online","19":"product_tag-kde-k-kupit-cbd-olej-v-okolo-mna","20":"product_tag-kde-si-mozem-kupit-marihuanu-online","21":"product_tag-kde-si-mozem-kupit-semena-marihuany-online","22":"product_tag-kpi-bezpen-lekrsku-marihuanu-online","23":"product_tag-kpi-lekrsku-marihuanu-online","24":"product_tag-kpi-semen-marihuany-online","25":"product_tag-buy-marihuana-seeds-online-canada","26":"product_tag-buy-marihuana-seeds-online-usa","27":"product_tag-buy-actavis-sirup","28":"product_tag-buy-lean-codeine-online","29":"product_tag-kpi-konopn-olej-online","30":"product_tag-lekrska-marihuana-online","31":"product_tag-marihuana-online-kpi-konope","32":"product_tag-marihuanov-oleje-na-vaping-na-predaj","33":"product_tag-mete-mete-kpi","34":"product_tag-najlepie-miesto-na-nkup-semien-marihuany-online","35":"product_tag-kpi-marihuanu-online","36":"product_tag-objedna-koden-sirup-na-kae-online","37":"product_tag-online-leglne","38":"product_tag-prometazn-kodenov-sirup-na-predaj","40":"first","41":"instock","42":"shipping-taxable","43":"purchasable","44":"product-type-variable","45":"has-default-attributes"},"yoast_head":"<!-- This site is optimized with the Yoast SEO plugin v27.3 - https:\/\/yoast.com\/product\/yoast-seo-wordpress\/ -->\n<title>K\u00fapte si marihuanu Mother of Dragons \u2013 najlep\u0161ie glob\u00e1lne lieky<\/title>\n<meta name=\"description\" content=\"K\u00fapte si marihuanu Mother of Dragons lacno online. Matka drakov marihuana je hybridn\u00e1 \u2013 50 % Sativa \/ 50 % Indica THC: 23 % \u2013 28 %\" \/>\n<meta name=\"robots\" content=\"index, follow, max-snippet:-1, max-image-preview:large, max-video-preview:-1\" \/>\n<link rel=\"canonical\" href=\"https:\/\/medicinasinc.com\/sk\/product\/kupit-matka-drakov-marihuana\/\" \/>\n<meta property=\"og:locale\" content=\"en_US\" \/>\n<meta property=\"og:type\" content=\"article\" \/>\n<meta property=\"og:title\" content=\"K\u00fapte si marihuanu Mother of Dragons \u2013 najlep\u0161ie glob\u00e1lne lieky\" \/>\n<meta property=\"og:description\" content=\"K\u00fapte si marihuanu Mother of Dragons lacno online. Matka drakov marihuana je hybridn\u00e1 \u2013 50 % Sativa \/ 50 % Indica THC: 23 % \u2013 28 %\" \/>\n<meta property=\"og:url\" content=\"https:\/\/medicinasinc.com\/sk\/product\/kupit-matka-drakov-marihuana\/\" \/>\n<meta property=\"og:site_name\" content=\"Medicinas Inc\" \/>\n<meta property=\"article:modified_time\" content=\"2022-03-22T01:09:47+00:00\" \/>\n<meta property=\"og:image\" content=\"https:\/\/medicinasinc.com\/sk\/wp-content\/uploads\/sites\/10\/2022\/02\/Buy-Mother-of-Dragons-Marijuana.jpg\" \/>\n\t<meta property=\"og:image:width\" content=\"1000\" \/>\n\t<meta property=\"og:image:height\" content=\"1000\" \/>\n\t<meta property=\"og:image:type\" content=\"image\/jpeg\" \/>\n<meta name=\"twitter:card\" content=\"summary_large_image\" \/>\n<meta name=\"twitter:label1\" content=\"Est. reading time\" \/>\n\t<meta name=\"twitter:data1\" content=\"2 minutes\" \/>\n<script type=\"application\/ld+json\" class=\"yoast-schema-graph\">{\"@context\":\"https:\\\/\\\/schema.org\",\"@graph\":[{\"@type\":\"WebPage\",\"@id\":\"https:\\\/\\\/medicinasinc.com\\\/sk\\\/product\\\/kupit-matka-drakov-marihuana\\\/\",\"url\":\"https:\\\/\\\/medicinasinc.com\\\/sk\\\/product\\\/kupit-matka-drakov-marihuana\\\/\",\"name\":\"K\u00fapte si marihuanu Mother of Dragons \u2013 najlep\u0161ie glob\u00e1lne lieky\",\"isPartOf\":{\"@id\":\"https:\\\/\\\/medicinasinc.com\\\/sk\\\/#website\"},\"primaryImageOfPage\":{\"@id\":\"https:\\\/\\\/medicinasinc.com\\\/sk\\\/product\\\/kupit-matka-drakov-marihuana\\\/#primaryimage\"},\"image\":{\"@id\":\"https:\\\/\\\/medicinasinc.com\\\/sk\\\/product\\\/kupit-matka-drakov-marihuana\\\/#primaryimage\"},\"thumbnailUrl\":\"https:\\\/\\\/medicinasinc.com\\\/sk\\\/wp-content\\\/uploads\\\/sites\\\/10\\\/2022\\\/02\\\/Buy-Mother-of-Dragons-Marijuana.jpg\",\"datePublished\":\"2022-02-20T19:11:16+00:00\",\"dateModified\":\"2022-03-22T01:09:47+00:00\",\"description\":\"K\u00fapte si marihuanu Mother of Dragons lacno online. Matka drakov marihuana je hybridn\u00e1 \u2013 50 % Sativa \\\/ 50 % Indica THC: 23 % \u2013 28 %\",\"breadcrumb\":{\"@id\":\"https:\\\/\\\/medicinasinc.com\\\/sk\\\/product\\\/kupit-matka-drakov-marihuana\\\/#breadcrumb\"},\"inLanguage\":\"en-US\",\"potentialAction\":[{\"@type\":\"ReadAction\",\"target\":[\"https:\\\/\\\/medicinasinc.com\\\/sk\\\/product\\\/kupit-matka-drakov-marihuana\\\/\"]}]},{\"@type\":\"ImageObject\",\"inLanguage\":\"en-US\",\"@id\":\"https:\\\/\\\/medicinasinc.com\\\/sk\\\/product\\\/kupit-matka-drakov-marihuana\\\/#primaryimage\",\"url\":\"https:\\\/\\\/medicinasinc.com\\\/sk\\\/wp-content\\\/uploads\\\/sites\\\/10\\\/2022\\\/02\\\/Buy-Mother-of-Dragons-Marijuana.jpg\",\"contentUrl\":\"https:\\\/\\\/medicinasinc.com\\\/sk\\\/wp-content\\\/uploads\\\/sites\\\/10\\\/2022\\\/02\\\/Buy-Mother-of-Dragons-Marijuana.jpg\",\"width\":1000,\"height\":1000},{\"@type\":\"BreadcrumbList\",\"@id\":\"https:\\\/\\\/medicinasinc.com\\\/sk\\\/product\\\/kupit-matka-drakov-marihuana\\\/#breadcrumb\",\"itemListElement\":[{\"@type\":\"ListItem\",\"position\":1,\"name\":\"Obchod\",\"item\":\"https:\\\/\\\/medicinasinc.com\\\/sk\\\/obchod\\\/\"},{\"@type\":\"ListItem\",\"position\":2,\"name\":\"K\u00fapte si marihuanu Mother of Dragons\"}]},{\"@type\":\"WebSite\",\"@id\":\"https:\\\/\\\/medicinasinc.com\\\/sk\\\/#website\",\"url\":\"https:\\\/\\\/medicinasinc.com\\\/sk\\\/\",\"name\":\"Medicinas Inc\",\"description\":\"Health Medical Clinic\",\"potentialAction\":[{\"@type\":\"SearchAction\",\"target\":{\"@type\":\"EntryPoint\",\"urlTemplate\":\"https:\\\/\\\/medicinasinc.com\\\/sk\\\/?s={search_term_string}\"},\"query-input\":{\"@type\":\"PropertyValueSpecification\",\"valueRequired\":true,\"valueName\":\"search_term_string\"}}],\"inLanguage\":\"en-US\"}]}<\/script>\n<!-- \/ Yoast SEO plugin. -->","yoast_head_json":{"title":"K\u00fapte si marihuanu Mother of Dragons \u2013 najlep\u0161ie glob\u00e1lne lieky","description":"K\u00fapte si marihuanu Mother of Dragons lacno online. Matka drakov marihuana je hybridn\u00e1 \u2013 50 % Sativa \/ 50 % Indica THC: 23 % \u2013 28 %","robots":{"index":"index","follow":"follow","max-snippet":"max-snippet:-1","max-image-preview":"max-image-preview:large","max-video-preview":"max-video-preview:-1"},"canonical":"https:\/\/medicinasinc.com\/sk\/product\/kupit-matka-drakov-marihuana\/","og_locale":"en_US","og_type":"article","og_title":"K\u00fapte si marihuanu Mother of Dragons \u2013 najlep\u0161ie glob\u00e1lne lieky","og_description":"K\u00fapte si marihuanu Mother of Dragons lacno online. Matka drakov marihuana je hybridn\u00e1 \u2013 50 % Sativa \/ 50 % Indica THC: 23 % \u2013 28 %","og_url":"https:\/\/medicinasinc.com\/sk\/product\/kupit-matka-drakov-marihuana\/","og_site_name":"Medicinas Inc","article_modified_time":"2022-03-22T01:09:47+00:00","og_image":[{"width":1000,"height":1000,"url":"https:\/\/medicinasinc.com\/sk\/wp-content\/uploads\/sites\/10\/2022\/02\/Buy-Mother-of-Dragons-Marijuana.jpg","type":"image\/jpeg"}],"twitter_card":"summary_large_image","twitter_misc":{"Est. reading time":"2 minutes"},"schema":{"@context":"https:\/\/schema.org","@graph":[{"@type":"WebPage","@id":"https:\/\/medicinasinc.com\/sk\/product\/kupit-matka-drakov-marihuana\/","url":"https:\/\/medicinasinc.com\/sk\/product\/kupit-matka-drakov-marihuana\/","name":"K\u00fapte si marihuanu Mother of Dragons \u2013 najlep\u0161ie glob\u00e1lne lieky","isPartOf":{"@id":"https:\/\/medicinasinc.com\/sk\/#website"},"primaryImageOfPage":{"@id":"https:\/\/medicinasinc.com\/sk\/product\/kupit-matka-drakov-marihuana\/#primaryimage"},"image":{"@id":"https:\/\/medicinasinc.com\/sk\/product\/kupit-matka-drakov-marihuana\/#primaryimage"},"thumbnailUrl":"https:\/\/medicinasinc.com\/sk\/wp-content\/uploads\/sites\/10\/2022\/02\/Buy-Mother-of-Dragons-Marijuana.jpg","datePublished":"2022-02-20T19:11:16+00:00","dateModified":"2022-03-22T01:09:47+00:00","description":"K\u00fapte si marihuanu Mother of Dragons lacno online. Matka drakov marihuana je hybridn\u00e1 \u2013 50 % Sativa \/ 50 % Indica THC: 23 % \u2013 28 %","breadcrumb":{"@id":"https:\/\/medicinasinc.com\/sk\/product\/kupit-matka-drakov-marihuana\/#breadcrumb"},"inLanguage":"en-US","potentialAction":[{"@type":"ReadAction","target":["https:\/\/medicinasinc.com\/sk\/product\/kupit-matka-drakov-marihuana\/"]}]},{"@type":"ImageObject","inLanguage":"en-US","@id":"https:\/\/medicinasinc.com\/sk\/product\/kupit-matka-drakov-marihuana\/#primaryimage","url":"https:\/\/medicinasinc.com\/sk\/wp-content\/uploads\/sites\/10\/2022\/02\/Buy-Mother-of-Dragons-Marijuana.jpg","contentUrl":"https:\/\/medicinasinc.com\/sk\/wp-content\/uploads\/sites\/10\/2022\/02\/Buy-Mother-of-Dragons-Marijuana.jpg","width":1000,"height":1000},{"@type":"BreadcrumbList","@id":"https:\/\/medicinasinc.com\/sk\/product\/kupit-matka-drakov-marihuana\/#breadcrumb","itemListElement":[{"@type":"ListItem","position":1,"name":"Obchod","item":"https:\/\/medicinasinc.com\/sk\/obchod\/"},{"@type":"ListItem","position":2,"name":"K\u00fapte si marihuanu Mother of Dragons"}]},{"@type":"WebSite","@id":"https:\/\/medicinasinc.com\/sk\/#website","url":"https:\/\/medicinasinc.com\/sk\/","name":"Medicinas Inc","description":"Health Medical Clinic","potentialAction":[{"@type":"SearchAction","target":{"@type":"EntryPoint","urlTemplate":"https:\/\/medicinasinc.com\/sk\/?s={search_term_string}"},"query-input":{"@type":"PropertyValueSpecification","valueRequired":true,"valueName":"search_term_string"}}],"inLanguage":"en-US"}]}},"_links":{"self":[{"href":"https:\/\/medicinasinc.com\/sk\/wp-json\/wp\/v2\/product\/5020","targetHints":{"allow":["GET"]}}],"collection":[{"href":"https:\/\/medicinasinc.com\/sk\/wp-json\/wp\/v2\/product"}],"about":[{"href":"https:\/\/medicinasinc.com\/sk\/wp-json\/wp\/v2\/types\/product"}],"replies":[{"embeddable":true,"href":"https:\/\/medicinasinc.com\/sk\/wp-json\/wp\/v2\/comments?post=5020"}],"wp:featuredmedia":[{"embeddable":true,"href":"https:\/\/medicinasinc.com\/sk\/wp-json\/wp\/v2\/media\/5038"}],"wp:attachment":[{"href":"https:\/\/medicinasinc.com\/sk\/wp-json\/wp\/v2\/media?parent=5020"}],"wp:term":[{"taxonomy":"product_brand","embeddable":true,"href":"https:\/\/medicinasinc.com\/sk\/wp-json\/wp\/v2\/product_brand?post=5020"},{"taxonomy":"product_cat","embeddable":true,"href":"https:\/\/medicinasinc.com\/sk\/wp-json\/wp\/v2\/product_cat?post=5020"},{"taxonomy":"product_tag","embeddable":true,"href":"https:\/\/medicinasinc.com\/sk\/wp-json\/wp\/v2\/product_tag?post=5020"}],"curies":[{"name":"wp","href":"https:\/\/api.w.org\/{rel}","templated":true}]}}