{"id":5019,"date":"2022-02-20T19:10:26","date_gmt":"2022-02-20T19:10:26","guid":{"rendered":"https:\/\/medicinasinc.com\/sk\/?post_type=product&#038;p=5019"},"modified":"2022-03-22T01:10:00","modified_gmt":"2022-03-22T01:10:00","slug":"amnezia-opar","status":"publish","type":"product","link":"https:\/\/medicinasinc.com\/sk\/product\/amnezia-opar\/","title":{"rendered":"Amnesia Haze"},"content":{"rendered":"<p>Amnesia Haze Strain Online n\u00e1kup<\/p>\n<p>Amnesia Haze Strain Online je hybrid s dominanciou Sativy, ktor\u00fd vznikol kr\u00ed\u017een\u00edm Haze s nieko\u013ek\u00fdmi odli\u0161n\u00fdmi svetov\u00fdmi krajn\u00fdmi kme\u0148mi vr\u00e1tane thajsk\u00fdch, havajsk\u00fdch a afgansk\u00fdch. Pomer sativy k indik\u00e1m je pribli\u017ene 80:20. THC je pomerne vysok\u00e9, v ur\u010dit\u00fdch testoch presahuje 22 %, ale CBD je v\u00fdrazne menej \u00fa\u010dinn\u00e9, dosahuje o nie\u010do menej ako 1 %. High je euforick\u00e9 a kreat\u00edvne, s psychoakt\u00edvnym zv\u00fd\u0161en\u00edm n\u00e1lady a pr\u00edpadom chichotu. Amnesia Haze m\u00e1 ovocn\u00fa, ha\u0161i\u0161ov\u00fa chu\u0165 a sladk\u00fa, zemit\u00fa v\u00f4\u0148u so stopami ohniv\u00e9ho korenia. Nugy s\u00fa svetlozelen\u00e9 s tmav\u0161\u00edmi hned\u00fdmi vl\u00e1knami a povrchom pokryt\u00fdm trich\u00f3mom. Je to vynikaj\u00faca alternat\u00edva na zmiernenie \u00fazkosti a depresie, ako aj \u00fanavy, sympt\u00f3mov ADHD, migr\u00e9nov\u00fdch bolest\u00ed hlavy, zmien n\u00e1lady a fyzickej bolesti.<\/p>\n<p>Nakupujte online od Best Global Meds za v\u00fdhodn\u00fa cenu!<\/p>\n<p>My v Best Global Meds pon\u00fakame kvety marihuany pri amn\u00e9zii za rozumn\u00fa cenu. Amnesia haze je hybrid s dominantn\u00fdm postaven\u00edm Sativy vyroben\u00fd z dvoch prim\u00e1rnych kme\u0148ov kanabisu, Sativa a Indica. Pou\u017e\u00edva sa na r\u00f4zne terapeutick\u00e9 a rekrea\u010dn\u00e9 aplik\u00e1cie. Amnesia Haze je vynikaj\u00facou alternat\u00edvou na s\u00fastredenie sa na pr\u00e1cu na od\u013eahlom mieste. So zemit\u00fdmi citr\u00f3nov\u00fdmi a citrusov\u00fdmi t\u00f3nmi je Amnesia Haze ide\u00e1lnym kme\u0148om, ktor\u00fd v\u00e1m umo\u017en\u00ed za\u010da\u0165 de\u0148 s \u00fasmevom.<\/p>\n<div class=\"product-next-previous\">\n<div class=\"product-prev\"><\/div><\/div>\n","protected":false},"excerpt":{"rendered":"<p>Amnesia Haze na predaj online v Spojenom kr\u00e1\u013eovstve a Eur\u00f3pe, Amnesia Haze je eur\u00f3psky favorit. T\u00e1to ve\u013emi psychedelick\u00e1 Sativa je najlep\u0161ie rezervovan\u00e1 pre sk\u00fasen\u00fdch spotrebite\u013eov.<\/p>\n<p>Amnesia Haze je mo\u017eno svetovo najpopul\u00e1rnej\u0161\u00ed kme\u0148.<\/p>\n<p>Amnesia Haze je extr\u00e9mne opojn\u00fd a psychedelick\u00fd hybridn\u00fd kme\u0148. <\/p>\n","protected":false},"featured_media":5036,"comment_status":"open","ping_status":"closed","template":"","meta":[],"product_brand":[],"product_cat":[778],"product_tag":[956,959,957,958],"class_list":{"0":"post-5019","1":"product","2":"type-product","3":"status-publish","4":"has-post-thumbnail","6":"product_cat-burinu-na-predaj","7":"product_tag-amnesia","8":"product_tag-kde-kpi-amnzia-opar-kme-online","9":"product_tag-buy-amnesia-haze-online","10":"product_tag-marihuana","12":"first","13":"instock","14":"shipping-taxable","15":"purchasable","16":"product-type-variable","17":"has-default-attributes"},"yoast_head":"<!-- This site is optimized with the Yoast SEO plugin v27.3 - https:\/\/yoast.com\/product\/yoast-seo-wordpress\/ -->\n<title>Amnesia Haze - Amnesia Haze kmene bur\u00edn - Najlep\u0161ie najlep\u0161ie glob\u00e1lne lieky<\/title>\n<meta name=\"description\" content=\"K\u00fapi\u0165 Amnesia Haze Na predaj Ve\u013ek\u00e1 Brit\u00e1nia, Eur\u00f3pa online, Amnesia Haze je eur\u00f3pskym favoritom. Tento intenz\u00edvne psychedelick\u00fd kme\u0148 je Sativa, ktor\u00fa je najlep\u0161ie ponecha\u0165 sk\u00fasen\u00fdm spotrebite\u013eom.\" \/>\n<meta name=\"robots\" content=\"index, follow, max-snippet:-1, max-image-preview:large, max-video-preview:-1\" \/>\n<link rel=\"canonical\" href=\"https:\/\/medicinasinc.com\/sk\/product\/amnezia-opar\/\" \/>\n<meta property=\"og:locale\" content=\"en_US\" \/>\n<meta property=\"og:type\" content=\"article\" \/>\n<meta property=\"og:title\" content=\"Amnesia Haze - Amnesia Haze kmene bur\u00edn - Najlep\u0161ie najlep\u0161ie glob\u00e1lne lieky\" \/>\n<meta property=\"og:description\" content=\"K\u00fapi\u0165 Amnesia Haze Na predaj Ve\u013ek\u00e1 Brit\u00e1nia, Eur\u00f3pa online, Amnesia Haze je eur\u00f3pskym favoritom. Tento intenz\u00edvne psychedelick\u00fd kme\u0148 je Sativa, ktor\u00fa je najlep\u0161ie ponecha\u0165 sk\u00fasen\u00fdm spotrebite\u013eom.\" \/>\n<meta property=\"og:url\" content=\"https:\/\/medicinasinc.com\/sk\/product\/amnezia-opar\/\" \/>\n<meta property=\"og:site_name\" content=\"Medicinas Inc\" \/>\n<meta property=\"article:modified_time\" content=\"2022-03-22T01:10:00+00:00\" \/>\n<meta property=\"og:image\" content=\"https:\/\/medicinasinc.com\/sk\/wp-content\/uploads\/sites\/10\/2022\/02\/Buy-Amnesia-Haze.jpg\" \/>\n\t<meta property=\"og:image:width\" content=\"1159\" \/>\n\t<meta property=\"og:image:height\" content=\"1043\" \/>\n\t<meta property=\"og:image:type\" content=\"image\/jpeg\" \/>\n<meta name=\"twitter:card\" content=\"summary_large_image\" \/>\n<meta name=\"twitter:label1\" content=\"Est. reading time\" \/>\n\t<meta name=\"twitter:data1\" content=\"1 minute\" \/>\n<script type=\"application\/ld+json\" class=\"yoast-schema-graph\">{\"@context\":\"https:\\\/\\\/schema.org\",\"@graph\":[{\"@type\":\"WebPage\",\"@id\":\"https:\\\/\\\/medicinasinc.com\\\/sk\\\/product\\\/amnezia-opar\\\/\",\"url\":\"https:\\\/\\\/medicinasinc.com\\\/sk\\\/product\\\/amnezia-opar\\\/\",\"name\":\"Amnesia Haze - Amnesia Haze kmene bur\u00edn - Najlep\u0161ie najlep\u0161ie glob\u00e1lne lieky\",\"isPartOf\":{\"@id\":\"https:\\\/\\\/medicinasinc.com\\\/sk\\\/#website\"},\"primaryImageOfPage\":{\"@id\":\"https:\\\/\\\/medicinasinc.com\\\/sk\\\/product\\\/amnezia-opar\\\/#primaryimage\"},\"image\":{\"@id\":\"https:\\\/\\\/medicinasinc.com\\\/sk\\\/product\\\/amnezia-opar\\\/#primaryimage\"},\"thumbnailUrl\":\"https:\\\/\\\/medicinasinc.com\\\/sk\\\/wp-content\\\/uploads\\\/sites\\\/10\\\/2022\\\/02\\\/Buy-Amnesia-Haze.jpg\",\"datePublished\":\"2022-02-20T19:10:26+00:00\",\"dateModified\":\"2022-03-22T01:10:00+00:00\",\"description\":\"K\u00fapi\u0165 Amnesia Haze Na predaj Ve\u013ek\u00e1 Brit\u00e1nia, Eur\u00f3pa online, Amnesia Haze je eur\u00f3pskym favoritom. Tento intenz\u00edvne psychedelick\u00fd kme\u0148 je Sativa, ktor\u00fa je najlep\u0161ie ponecha\u0165 sk\u00fasen\u00fdm spotrebite\u013eom.\",\"breadcrumb\":{\"@id\":\"https:\\\/\\\/medicinasinc.com\\\/sk\\\/product\\\/amnezia-opar\\\/#breadcrumb\"},\"inLanguage\":\"en-US\",\"potentialAction\":[{\"@type\":\"ReadAction\",\"target\":[\"https:\\\/\\\/medicinasinc.com\\\/sk\\\/product\\\/amnezia-opar\\\/\"]}]},{\"@type\":\"ImageObject\",\"inLanguage\":\"en-US\",\"@id\":\"https:\\\/\\\/medicinasinc.com\\\/sk\\\/product\\\/amnezia-opar\\\/#primaryimage\",\"url\":\"https:\\\/\\\/medicinasinc.com\\\/sk\\\/wp-content\\\/uploads\\\/sites\\\/10\\\/2022\\\/02\\\/Buy-Amnesia-Haze.jpg\",\"contentUrl\":\"https:\\\/\\\/medicinasinc.com\\\/sk\\\/wp-content\\\/uploads\\\/sites\\\/10\\\/2022\\\/02\\\/Buy-Amnesia-Haze.jpg\",\"width\":1159,\"height\":1043},{\"@type\":\"BreadcrumbList\",\"@id\":\"https:\\\/\\\/medicinasinc.com\\\/sk\\\/product\\\/amnezia-opar\\\/#breadcrumb\",\"itemListElement\":[{\"@type\":\"ListItem\",\"position\":1,\"name\":\"Obchod\",\"item\":\"https:\\\/\\\/medicinasinc.com\\\/sk\\\/obchod\\\/\"},{\"@type\":\"ListItem\",\"position\":2,\"name\":\"Amnesia Haze\"}]},{\"@type\":\"WebSite\",\"@id\":\"https:\\\/\\\/medicinasinc.com\\\/sk\\\/#website\",\"url\":\"https:\\\/\\\/medicinasinc.com\\\/sk\\\/\",\"name\":\"Medicinas Inc\",\"description\":\"Health Medical Clinic\",\"potentialAction\":[{\"@type\":\"SearchAction\",\"target\":{\"@type\":\"EntryPoint\",\"urlTemplate\":\"https:\\\/\\\/medicinasinc.com\\\/sk\\\/?s={search_term_string}\"},\"query-input\":{\"@type\":\"PropertyValueSpecification\",\"valueRequired\":true,\"valueName\":\"search_term_string\"}}],\"inLanguage\":\"en-US\"}]}<\/script>\n<!-- \/ Yoast SEO plugin. -->","yoast_head_json":{"title":"Amnesia Haze - Amnesia Haze kmene bur\u00edn - Najlep\u0161ie najlep\u0161ie glob\u00e1lne lieky","description":"K\u00fapi\u0165 Amnesia Haze Na predaj Ve\u013ek\u00e1 Brit\u00e1nia, Eur\u00f3pa online, Amnesia Haze je eur\u00f3pskym favoritom. Tento intenz\u00edvne psychedelick\u00fd kme\u0148 je Sativa, ktor\u00fa je najlep\u0161ie ponecha\u0165 sk\u00fasen\u00fdm spotrebite\u013eom.","robots":{"index":"index","follow":"follow","max-snippet":"max-snippet:-1","max-image-preview":"max-image-preview:large","max-video-preview":"max-video-preview:-1"},"canonical":"https:\/\/medicinasinc.com\/sk\/product\/amnezia-opar\/","og_locale":"en_US","og_type":"article","og_title":"Amnesia Haze - Amnesia Haze kmene bur\u00edn - Najlep\u0161ie najlep\u0161ie glob\u00e1lne lieky","og_description":"K\u00fapi\u0165 Amnesia Haze Na predaj Ve\u013ek\u00e1 Brit\u00e1nia, Eur\u00f3pa online, Amnesia Haze je eur\u00f3pskym favoritom. Tento intenz\u00edvne psychedelick\u00fd kme\u0148 je Sativa, ktor\u00fa je najlep\u0161ie ponecha\u0165 sk\u00fasen\u00fdm spotrebite\u013eom.","og_url":"https:\/\/medicinasinc.com\/sk\/product\/amnezia-opar\/","og_site_name":"Medicinas Inc","article_modified_time":"2022-03-22T01:10:00+00:00","og_image":[{"width":1159,"height":1043,"url":"https:\/\/medicinasinc.com\/sk\/wp-content\/uploads\/sites\/10\/2022\/02\/Buy-Amnesia-Haze.jpg","type":"image\/jpeg"}],"twitter_card":"summary_large_image","twitter_misc":{"Est. reading time":"1 minute"},"schema":{"@context":"https:\/\/schema.org","@graph":[{"@type":"WebPage","@id":"https:\/\/medicinasinc.com\/sk\/product\/amnezia-opar\/","url":"https:\/\/medicinasinc.com\/sk\/product\/amnezia-opar\/","name":"Amnesia Haze - Amnesia Haze kmene bur\u00edn - Najlep\u0161ie najlep\u0161ie glob\u00e1lne lieky","isPartOf":{"@id":"https:\/\/medicinasinc.com\/sk\/#website"},"primaryImageOfPage":{"@id":"https:\/\/medicinasinc.com\/sk\/product\/amnezia-opar\/#primaryimage"},"image":{"@id":"https:\/\/medicinasinc.com\/sk\/product\/amnezia-opar\/#primaryimage"},"thumbnailUrl":"https:\/\/medicinasinc.com\/sk\/wp-content\/uploads\/sites\/10\/2022\/02\/Buy-Amnesia-Haze.jpg","datePublished":"2022-02-20T19:10:26+00:00","dateModified":"2022-03-22T01:10:00+00:00","description":"K\u00fapi\u0165 Amnesia Haze Na predaj Ve\u013ek\u00e1 Brit\u00e1nia, Eur\u00f3pa online, Amnesia Haze je eur\u00f3pskym favoritom. Tento intenz\u00edvne psychedelick\u00fd kme\u0148 je Sativa, ktor\u00fa je najlep\u0161ie ponecha\u0165 sk\u00fasen\u00fdm spotrebite\u013eom.","breadcrumb":{"@id":"https:\/\/medicinasinc.com\/sk\/product\/amnezia-opar\/#breadcrumb"},"inLanguage":"en-US","potentialAction":[{"@type":"ReadAction","target":["https:\/\/medicinasinc.com\/sk\/product\/amnezia-opar\/"]}]},{"@type":"ImageObject","inLanguage":"en-US","@id":"https:\/\/medicinasinc.com\/sk\/product\/amnezia-opar\/#primaryimage","url":"https:\/\/medicinasinc.com\/sk\/wp-content\/uploads\/sites\/10\/2022\/02\/Buy-Amnesia-Haze.jpg","contentUrl":"https:\/\/medicinasinc.com\/sk\/wp-content\/uploads\/sites\/10\/2022\/02\/Buy-Amnesia-Haze.jpg","width":1159,"height":1043},{"@type":"BreadcrumbList","@id":"https:\/\/medicinasinc.com\/sk\/product\/amnezia-opar\/#breadcrumb","itemListElement":[{"@type":"ListItem","position":1,"name":"Obchod","item":"https:\/\/medicinasinc.com\/sk\/obchod\/"},{"@type":"ListItem","position":2,"name":"Amnesia Haze"}]},{"@type":"WebSite","@id":"https:\/\/medicinasinc.com\/sk\/#website","url":"https:\/\/medicinasinc.com\/sk\/","name":"Medicinas Inc","description":"Health Medical Clinic","potentialAction":[{"@type":"SearchAction","target":{"@type":"EntryPoint","urlTemplate":"https:\/\/medicinasinc.com\/sk\/?s={search_term_string}"},"query-input":{"@type":"PropertyValueSpecification","valueRequired":true,"valueName":"search_term_string"}}],"inLanguage":"en-US"}]}},"_links":{"self":[{"href":"https:\/\/medicinasinc.com\/sk\/wp-json\/wp\/v2\/product\/5019","targetHints":{"allow":["GET"]}}],"collection":[{"href":"https:\/\/medicinasinc.com\/sk\/wp-json\/wp\/v2\/product"}],"about":[{"href":"https:\/\/medicinasinc.com\/sk\/wp-json\/wp\/v2\/types\/product"}],"replies":[{"embeddable":true,"href":"https:\/\/medicinasinc.com\/sk\/wp-json\/wp\/v2\/comments?post=5019"}],"wp:featuredmedia":[{"embeddable":true,"href":"https:\/\/medicinasinc.com\/sk\/wp-json\/wp\/v2\/media\/5036"}],"wp:attachment":[{"href":"https:\/\/medicinasinc.com\/sk\/wp-json\/wp\/v2\/media?parent=5019"}],"wp:term":[{"taxonomy":"product_brand","embeddable":true,"href":"https:\/\/medicinasinc.com\/sk\/wp-json\/wp\/v2\/product_brand?post=5019"},{"taxonomy":"product_cat","embeddable":true,"href":"https:\/\/medicinasinc.com\/sk\/wp-json\/wp\/v2\/product_cat?post=5019"},{"taxonomy":"product_tag","embeddable":true,"href":"https:\/\/medicinasinc.com\/sk\/wp-json\/wp\/v2\/product_tag?post=5019"}],"curies":[{"name":"wp","href":"https:\/\/api.w.org\/{rel}","templated":true}]}}