{"id":5018,"date":"2022-02-20T19:09:20","date_gmt":"2022-02-20T19:09:20","guid":{"rendered":"https:\/\/medicinasinc.com\/sk\/?post_type=product&#038;p=5018"},"modified":"2022-03-22T01:10:16","modified_gmt":"2022-03-22T01:10:16","slug":"kupit-ananas-expres-marihuana","status":"publish","type":"product","link":"https:\/\/medicinasinc.com\/sk\/product\/kupit-ananas-expres-marihuana\/","title":{"rendered":"K\u00fapte si marihuanu Pineapple Express"},"content":{"rendered":"<h1>K\u00fapte si Pineapple Express Marihuana Strain online.<\/h1>\n<p>K\u00fapte si Pineapple Express Marihuana Strain online.<\/p>\n<p>\u00da\u010dinky<br \/> Energizuj\u00faca, euf\u00f3ria, s\u00fastredenie<br \/> M\u00f4\u017ee u\u013eavi\u0165<br \/> Chronick\u00e1 boles\u0165, depresia, \u00fanava, strata chuti do jedla, migr\u00e9ny, nevo\u013enos\u0165, no\u010dn\u00e9 mory<br \/> Pr\u00edchute<br \/> citrusov\u00e9, borovicov\u00e9, anan\u00e1sov\u00e9, sladk\u00e9, tropick\u00e9<br \/> ar\u00f3my<br \/> zemit\u00e9, borovicov\u00e9, anan\u00e1sov\u00e9, Sweet<\/p>\n<p>Mus\u00edte v\u0161ak ma\u0165 na pam\u00e4ti, \u017ee nap\u00e4tie nie je a\u017e tak\u00e9 ve\u013ek\u00e9, ako ho film zobrazuje. Pineapple Express v\u0161ak poskytuje \u013eahk\u00fd a pr\u00edjemn\u00fd efekt znecitlivenia tela, na \u010do sa m\u00f4\u017eete te\u0161i\u0165.<\/p>\n<p>Kme\u0148 je dostupn\u00fd v tvare presne v\u00e1\u017een\u00fdch nugetov pripom\u00ednaj\u00facich polystyr\u00e9nov\u00fd popcorn. Nem\u00e1 sladk\u00fa chu\u0165, ale v\u010faka citrusov\u00fdm podt\u00f3nom m\u00e1 zvl\u00e1\u0161tnu v\u00f4\u0148u. Chu\u0165 je celkom jedine\u010dn\u00e1, s n\u00e1dychom anan\u00e1su pri n\u00e1dychu. Pineapple Express je preferovan\u00fd na lie\u010dbu r\u00f4znych zdravotn\u00fdch stavov, vr\u00e1tane \u00fazkosti a stresu. Je v\u0161ak podstatne \u00faspe\u0161nej\u0161\u00ed pri s\u00fa\u010dasnej lie\u010dbe sympt\u00f3mov chronickej depresie. Ak poci\u0165ujete mierne bolesti a bolesti, ste na spr\u00e1vnom mieste. Po potiahnut\u00ed si v\u0161imnete, \u017ee Pineapple Express je pokojn\u00fd a z\u00e1rove\u0148 osvie\u017euj\u00faci.<\/p>\n","protected":false},"excerpt":{"rendered":"<div class=\"woocommerce-product-details__short-description\">\n<p>K\u00fapte si kme\u0148 marihuany Pineapple Express na predaj online. K\u00fapte si kme\u0148 marihuany Pineapple Express. Dominantn\u00fd hybrid sativy \u2013 60 % Sativa \/ 40 % Indica THC: 25 %, CBN: 1 %<\/p>\n<\/p><\/div>\n","protected":false},"featured_media":5034,"comment_status":"open","ping_status":"closed","template":"","meta":[],"product_brand":[],"product_cat":[778],"product_tag":[950,952,953,954,951,955,949,948],"class_list":{"0":"post-5018","1":"product","2":"type-product","3":"status-publish","4":"has-post-thumbnail","6":"product_cat-burinu-na-predaj","7":"product_tag-ananas-expres-cez-allbud","8":"product_tag-ananas-expres-kmena-info","9":"product_tag-ananas-expres-kme-recenzia","10":"product_tag-ananas-expres-kme-sativa-alebo-indica","11":"product_tag-anans-expresn-preptie-efekty","12":"product_tag-anans-express-vape-cartridge","13":"product_tag-ananas-expres-semena","14":"product_tag-ananas-expres-afganistan","16":"first","17":"instock","18":"shipping-taxable","19":"purchasable","20":"product-type-variable","21":"has-default-attributes"},"yoast_head":"<!-- This site is optimized with the Yoast SEO plugin v27.3 - https:\/\/yoast.com\/product\/yoast-seo-wordpress\/ -->\n<title>K\u00fapte si marihuanu Pineapple Express \u2013 najlep\u0161ie najlep\u0161ie glob\u00e1lne lieky<\/title>\n<meta name=\"description\" content=\"K\u00fapi\u0165 Pineapple Express Marihuana kme\u0148 na predaj online. K\u00fapte si kme\u0148 marihuany Pineapple Express. Dominantn\u00fd hybrid sativy \u2013 60 % Sativa \/ 40 % Indica THC: 25 %, CBN: 1 %\" \/>\n<meta name=\"robots\" content=\"index, follow, max-snippet:-1, max-image-preview:large, max-video-preview:-1\" \/>\n<link rel=\"canonical\" href=\"https:\/\/medicinasinc.com\/sk\/product\/kupit-ananas-expres-marihuana\/\" \/>\n<meta property=\"og:locale\" content=\"en_US\" \/>\n<meta property=\"og:type\" content=\"article\" \/>\n<meta property=\"og:title\" content=\"K\u00fapte si marihuanu Pineapple Express \u2013 najlep\u0161ie najlep\u0161ie glob\u00e1lne lieky\" \/>\n<meta property=\"og:description\" content=\"K\u00fapi\u0165 Pineapple Express Marihuana kme\u0148 na predaj online. K\u00fapte si kme\u0148 marihuany Pineapple Express. Dominantn\u00fd hybrid sativy \u2013 60 % Sativa \/ 40 % Indica THC: 25 %, CBN: 1 %\" \/>\n<meta property=\"og:url\" content=\"https:\/\/medicinasinc.com\/sk\/product\/kupit-ananas-expres-marihuana\/\" \/>\n<meta property=\"og:site_name\" content=\"Medicinas Inc\" \/>\n<meta property=\"article:modified_time\" content=\"2022-03-22T01:10:16+00:00\" \/>\n<meta property=\"og:image\" content=\"https:\/\/medicinasinc.com\/sk\/wp-content\/uploads\/sites\/10\/2022\/02\/Buy-Pineapple-Express-Marijuana.jpeg\" \/>\n\t<meta property=\"og:image:width\" content=\"600\" \/>\n\t<meta property=\"og:image:height\" content=\"600\" \/>\n\t<meta property=\"og:image:type\" content=\"image\/jpeg\" \/>\n<meta name=\"twitter:card\" content=\"summary_large_image\" \/>\n<meta name=\"twitter:label1\" content=\"Est. reading time\" \/>\n\t<meta name=\"twitter:data1\" content=\"1 minute\" \/>\n<script type=\"application\/ld+json\" class=\"yoast-schema-graph\">{\"@context\":\"https:\\\/\\\/schema.org\",\"@graph\":[{\"@type\":\"WebPage\",\"@id\":\"https:\\\/\\\/medicinasinc.com\\\/sk\\\/product\\\/kupit-ananas-expres-marihuana\\\/\",\"url\":\"https:\\\/\\\/medicinasinc.com\\\/sk\\\/product\\\/kupit-ananas-expres-marihuana\\\/\",\"name\":\"K\u00fapte si marihuanu Pineapple Express \u2013 najlep\u0161ie najlep\u0161ie glob\u00e1lne lieky\",\"isPartOf\":{\"@id\":\"https:\\\/\\\/medicinasinc.com\\\/sk\\\/#website\"},\"primaryImageOfPage\":{\"@id\":\"https:\\\/\\\/medicinasinc.com\\\/sk\\\/product\\\/kupit-ananas-expres-marihuana\\\/#primaryimage\"},\"image\":{\"@id\":\"https:\\\/\\\/medicinasinc.com\\\/sk\\\/product\\\/kupit-ananas-expres-marihuana\\\/#primaryimage\"},\"thumbnailUrl\":\"https:\\\/\\\/medicinasinc.com\\\/sk\\\/wp-content\\\/uploads\\\/sites\\\/10\\\/2022\\\/02\\\/Buy-Pineapple-Express-Marijuana.jpeg\",\"datePublished\":\"2022-02-20T19:09:20+00:00\",\"dateModified\":\"2022-03-22T01:10:16+00:00\",\"description\":\"K\u00fapi\u0165 Pineapple Express Marihuana kme\u0148 na predaj online. K\u00fapte si kme\u0148 marihuany Pineapple Express. Dominantn\u00fd hybrid sativy \u2013 60 % Sativa \\\/ 40 % Indica THC: 25 %, CBN: 1 %\",\"breadcrumb\":{\"@id\":\"https:\\\/\\\/medicinasinc.com\\\/sk\\\/product\\\/kupit-ananas-expres-marihuana\\\/#breadcrumb\"},\"inLanguage\":\"en-US\",\"potentialAction\":[{\"@type\":\"ReadAction\",\"target\":[\"https:\\\/\\\/medicinasinc.com\\\/sk\\\/product\\\/kupit-ananas-expres-marihuana\\\/\"]}]},{\"@type\":\"ImageObject\",\"inLanguage\":\"en-US\",\"@id\":\"https:\\\/\\\/medicinasinc.com\\\/sk\\\/product\\\/kupit-ananas-expres-marihuana\\\/#primaryimage\",\"url\":\"https:\\\/\\\/medicinasinc.com\\\/sk\\\/wp-content\\\/uploads\\\/sites\\\/10\\\/2022\\\/02\\\/Buy-Pineapple-Express-Marijuana.jpeg\",\"contentUrl\":\"https:\\\/\\\/medicinasinc.com\\\/sk\\\/wp-content\\\/uploads\\\/sites\\\/10\\\/2022\\\/02\\\/Buy-Pineapple-Express-Marijuana.jpeg\",\"width\":600,\"height\":600},{\"@type\":\"BreadcrumbList\",\"@id\":\"https:\\\/\\\/medicinasinc.com\\\/sk\\\/product\\\/kupit-ananas-expres-marihuana\\\/#breadcrumb\",\"itemListElement\":[{\"@type\":\"ListItem\",\"position\":1,\"name\":\"Obchod\",\"item\":\"https:\\\/\\\/medicinasinc.com\\\/sk\\\/obchod\\\/\"},{\"@type\":\"ListItem\",\"position\":2,\"name\":\"K\u00fapte si marihuanu Pineapple Express\"}]},{\"@type\":\"WebSite\",\"@id\":\"https:\\\/\\\/medicinasinc.com\\\/sk\\\/#website\",\"url\":\"https:\\\/\\\/medicinasinc.com\\\/sk\\\/\",\"name\":\"Medicinas Inc\",\"description\":\"Health Medical Clinic\",\"potentialAction\":[{\"@type\":\"SearchAction\",\"target\":{\"@type\":\"EntryPoint\",\"urlTemplate\":\"https:\\\/\\\/medicinasinc.com\\\/sk\\\/?s={search_term_string}\"},\"query-input\":{\"@type\":\"PropertyValueSpecification\",\"valueRequired\":true,\"valueName\":\"search_term_string\"}}],\"inLanguage\":\"en-US\"}]}<\/script>\n<!-- \/ Yoast SEO plugin. -->","yoast_head_json":{"title":"K\u00fapte si marihuanu Pineapple Express \u2013 najlep\u0161ie najlep\u0161ie glob\u00e1lne lieky","description":"K\u00fapi\u0165 Pineapple Express Marihuana kme\u0148 na predaj online. K\u00fapte si kme\u0148 marihuany Pineapple Express. Dominantn\u00fd hybrid sativy \u2013 60 % Sativa \/ 40 % Indica THC: 25 %, CBN: 1 %","robots":{"index":"index","follow":"follow","max-snippet":"max-snippet:-1","max-image-preview":"max-image-preview:large","max-video-preview":"max-video-preview:-1"},"canonical":"https:\/\/medicinasinc.com\/sk\/product\/kupit-ananas-expres-marihuana\/","og_locale":"en_US","og_type":"article","og_title":"K\u00fapte si marihuanu Pineapple Express \u2013 najlep\u0161ie najlep\u0161ie glob\u00e1lne lieky","og_description":"K\u00fapi\u0165 Pineapple Express Marihuana kme\u0148 na predaj online. K\u00fapte si kme\u0148 marihuany Pineapple Express. Dominantn\u00fd hybrid sativy \u2013 60 % Sativa \/ 40 % Indica THC: 25 %, CBN: 1 %","og_url":"https:\/\/medicinasinc.com\/sk\/product\/kupit-ananas-expres-marihuana\/","og_site_name":"Medicinas Inc","article_modified_time":"2022-03-22T01:10:16+00:00","og_image":[{"width":600,"height":600,"url":"https:\/\/medicinasinc.com\/sk\/wp-content\/uploads\/sites\/10\/2022\/02\/Buy-Pineapple-Express-Marijuana.jpeg","type":"image\/jpeg"}],"twitter_card":"summary_large_image","twitter_misc":{"Est. reading time":"1 minute"},"schema":{"@context":"https:\/\/schema.org","@graph":[{"@type":"WebPage","@id":"https:\/\/medicinasinc.com\/sk\/product\/kupit-ananas-expres-marihuana\/","url":"https:\/\/medicinasinc.com\/sk\/product\/kupit-ananas-expres-marihuana\/","name":"K\u00fapte si marihuanu Pineapple Express \u2013 najlep\u0161ie najlep\u0161ie glob\u00e1lne lieky","isPartOf":{"@id":"https:\/\/medicinasinc.com\/sk\/#website"},"primaryImageOfPage":{"@id":"https:\/\/medicinasinc.com\/sk\/product\/kupit-ananas-expres-marihuana\/#primaryimage"},"image":{"@id":"https:\/\/medicinasinc.com\/sk\/product\/kupit-ananas-expres-marihuana\/#primaryimage"},"thumbnailUrl":"https:\/\/medicinasinc.com\/sk\/wp-content\/uploads\/sites\/10\/2022\/02\/Buy-Pineapple-Express-Marijuana.jpeg","datePublished":"2022-02-20T19:09:20+00:00","dateModified":"2022-03-22T01:10:16+00:00","description":"K\u00fapi\u0165 Pineapple Express Marihuana kme\u0148 na predaj online. K\u00fapte si kme\u0148 marihuany Pineapple Express. Dominantn\u00fd hybrid sativy \u2013 60 % Sativa \/ 40 % Indica THC: 25 %, CBN: 1 %","breadcrumb":{"@id":"https:\/\/medicinasinc.com\/sk\/product\/kupit-ananas-expres-marihuana\/#breadcrumb"},"inLanguage":"en-US","potentialAction":[{"@type":"ReadAction","target":["https:\/\/medicinasinc.com\/sk\/product\/kupit-ananas-expres-marihuana\/"]}]},{"@type":"ImageObject","inLanguage":"en-US","@id":"https:\/\/medicinasinc.com\/sk\/product\/kupit-ananas-expres-marihuana\/#primaryimage","url":"https:\/\/medicinasinc.com\/sk\/wp-content\/uploads\/sites\/10\/2022\/02\/Buy-Pineapple-Express-Marijuana.jpeg","contentUrl":"https:\/\/medicinasinc.com\/sk\/wp-content\/uploads\/sites\/10\/2022\/02\/Buy-Pineapple-Express-Marijuana.jpeg","width":600,"height":600},{"@type":"BreadcrumbList","@id":"https:\/\/medicinasinc.com\/sk\/product\/kupit-ananas-expres-marihuana\/#breadcrumb","itemListElement":[{"@type":"ListItem","position":1,"name":"Obchod","item":"https:\/\/medicinasinc.com\/sk\/obchod\/"},{"@type":"ListItem","position":2,"name":"K\u00fapte si marihuanu Pineapple Express"}]},{"@type":"WebSite","@id":"https:\/\/medicinasinc.com\/sk\/#website","url":"https:\/\/medicinasinc.com\/sk\/","name":"Medicinas Inc","description":"Health Medical Clinic","potentialAction":[{"@type":"SearchAction","target":{"@type":"EntryPoint","urlTemplate":"https:\/\/medicinasinc.com\/sk\/?s={search_term_string}"},"query-input":{"@type":"PropertyValueSpecification","valueRequired":true,"valueName":"search_term_string"}}],"inLanguage":"en-US"}]}},"_links":{"self":[{"href":"https:\/\/medicinasinc.com\/sk\/wp-json\/wp\/v2\/product\/5018","targetHints":{"allow":["GET"]}}],"collection":[{"href":"https:\/\/medicinasinc.com\/sk\/wp-json\/wp\/v2\/product"}],"about":[{"href":"https:\/\/medicinasinc.com\/sk\/wp-json\/wp\/v2\/types\/product"}],"replies":[{"embeddable":true,"href":"https:\/\/medicinasinc.com\/sk\/wp-json\/wp\/v2\/comments?post=5018"}],"wp:featuredmedia":[{"embeddable":true,"href":"https:\/\/medicinasinc.com\/sk\/wp-json\/wp\/v2\/media\/5034"}],"wp:attachment":[{"href":"https:\/\/medicinasinc.com\/sk\/wp-json\/wp\/v2\/media?parent=5018"}],"wp:term":[{"taxonomy":"product_brand","embeddable":true,"href":"https:\/\/medicinasinc.com\/sk\/wp-json\/wp\/v2\/product_brand?post=5018"},{"taxonomy":"product_cat","embeddable":true,"href":"https:\/\/medicinasinc.com\/sk\/wp-json\/wp\/v2\/product_cat?post=5018"},{"taxonomy":"product_tag","embeddable":true,"href":"https:\/\/medicinasinc.com\/sk\/wp-json\/wp\/v2\/product_tag?post=5018"}],"curies":[{"name":"wp","href":"https:\/\/api.w.org\/{rel}","templated":true}]}}