{"id":4998,"date":"2022-02-20T18:55:26","date_gmt":"2022-02-20T18:55:26","guid":{"rendered":"https:\/\/medicinasinc.com\/sk\/?post_type=product&#038;p=4998"},"modified":"2022-03-22T01:10:25","modified_gmt":"2022-03-22T01:10:25","slug":"kupit-mickey-kush","status":"publish","type":"product","link":"https:\/\/medicinasinc.com\/sk\/product\/kupit-mickey-kush\/","title":{"rendered":"K\u00fapte si Mickey Kush"},"content":{"rendered":"<p>Online n\u00e1kup marihuanov\u00e9ho kme\u0148a Mickey Kush<\/p>\n<p>Tieto vysoko koncentrovan\u00e9 p\u00fa\u010diky maj\u00fa zemit\u00fa chu\u0165 kush s citr\u00f3nov\u00fdmi podt\u00f3nmi a poskytuj\u00fa energick\u00e9, s\u00fastreden\u00e9 \u00fa\u010dinky. Mickey Kush je dobre zn\u00e1my pre svoj siln\u00fd obsah kanabinoidov THC a CBG, v\u010faka \u010domu je vynikaj\u00facou vo\u013ebou na lie\u010dbu n\u00e1dorov, \u00fa\u013eavu od nevo\u013enosti a depresie. Tieto vn\u00fatorn\u00e9 alebo vonkaj\u0161ie rastliny dosahuj\u00fa stredn\u00fa v\u00fd\u0161ku a poskytuj\u00fa stredn\u00fd a\u017e vysok\u00fd v\u00fdnos po\u010das 7- a\u017e 8-t\u00fd\u017ed\u0148ov\u00e9ho obdobia kvitnutia.<\/p>\n","protected":false},"excerpt":{"rendered":"<div class=\"woocommerce-product-details__short-description\">\n<p>K\u00fapte si kme\u0148 marihuany Mickey Kush online. Klienti sa \u010dasto p\u00fdtaj\u00fa M\u00f4\u017eete\u00a0<em>k\u00fapi\u0165<\/em>\u00a0tr\u00e1vu\u00a0<em>online<\/em> a necha\u0165 si ju doru\u010di\u0165 bez toho, aby ju policajti vystopovali? \u00c1NO!<\/p>\n<\/p><\/div>\n","protected":false},"featured_media":5017,"comment_status":"open","ping_status":"closed","template":"","meta":[],"product_brand":[],"product_cat":[778],"product_tag":[],"class_list":{"0":"post-4998","1":"product","2":"type-product","3":"status-publish","4":"has-post-thumbnail","6":"product_cat-burinu-na-predaj","8":"first","9":"instock","10":"shipping-taxable","11":"purchasable","12":"product-type-variable","13":"has-default-attributes"},"yoast_head":"<!-- This site is optimized with the Yoast SEO plugin v27.3 - https:\/\/yoast.com\/product\/yoast-seo-wordpress\/ -->\n<title>K\u00fapte si Mickey Kush - Mickey Kush marihuana - Najlep\u0161ie glob\u00e1lne lieky<\/title>\n<meta name=\"description\" content=\"K\u00fapte si kme\u0148 marihuany Mickey Kush online. Klienti sa \u010dasto p\u00fdtaj\u00fa M\u00f4\u017eete si k\u00fapi\u0165 tr\u00e1vu online a necha\u0165 si ju doru\u010di\u0165 bez toho, aby ju policajti vystopovali? \u00c1NO!\" \/>\n<meta name=\"robots\" content=\"index, follow, max-snippet:-1, max-image-preview:large, max-video-preview:-1\" \/>\n<link rel=\"canonical\" href=\"https:\/\/medicinasinc.com\/sk\/product\/kupit-mickey-kush\/\" \/>\n<meta property=\"og:locale\" content=\"en_US\" \/>\n<meta property=\"og:type\" content=\"article\" \/>\n<meta property=\"og:title\" content=\"K\u00fapte si Mickey Kush - Mickey Kush marihuana - Najlep\u0161ie glob\u00e1lne lieky\" \/>\n<meta property=\"og:description\" content=\"K\u00fapte si kme\u0148 marihuany Mickey Kush online. Klienti sa \u010dasto p\u00fdtaj\u00fa M\u00f4\u017eete si k\u00fapi\u0165 tr\u00e1vu online a necha\u0165 si ju doru\u010di\u0165 bez toho, aby ju policajti vystopovali? \u00c1NO!\" \/>\n<meta property=\"og:url\" content=\"https:\/\/medicinasinc.com\/sk\/product\/kupit-mickey-kush\/\" \/>\n<meta property=\"og:site_name\" content=\"Medicinas Inc\" \/>\n<meta property=\"article:modified_time\" content=\"2022-03-22T01:10:25+00:00\" \/>\n<meta property=\"og:image\" content=\"https:\/\/medicinasinc.com\/sk\/wp-content\/uploads\/sites\/10\/2022\/02\/Buy-Mickey-Kush-Marijuana.jpg\" \/>\n\t<meta property=\"og:image:width\" content=\"1200\" \/>\n\t<meta property=\"og:image:height\" content=\"630\" \/>\n\t<meta property=\"og:image:type\" content=\"image\/jpeg\" \/>\n<meta name=\"twitter:card\" content=\"summary_large_image\" \/>\n<meta name=\"twitter:label1\" content=\"Est. reading time\" \/>\n\t<meta name=\"twitter:data1\" content=\"1 minute\" \/>\n<script type=\"application\/ld+json\" class=\"yoast-schema-graph\">{\"@context\":\"https:\\\/\\\/schema.org\",\"@graph\":[{\"@type\":\"WebPage\",\"@id\":\"https:\\\/\\\/medicinasinc.com\\\/sk\\\/product\\\/kupit-mickey-kush\\\/\",\"url\":\"https:\\\/\\\/medicinasinc.com\\\/sk\\\/product\\\/kupit-mickey-kush\\\/\",\"name\":\"K\u00fapte si Mickey Kush - Mickey Kush marihuana - Najlep\u0161ie glob\u00e1lne lieky\",\"isPartOf\":{\"@id\":\"https:\\\/\\\/medicinasinc.com\\\/sk\\\/#website\"},\"primaryImageOfPage\":{\"@id\":\"https:\\\/\\\/medicinasinc.com\\\/sk\\\/product\\\/kupit-mickey-kush\\\/#primaryimage\"},\"image\":{\"@id\":\"https:\\\/\\\/medicinasinc.com\\\/sk\\\/product\\\/kupit-mickey-kush\\\/#primaryimage\"},\"thumbnailUrl\":\"https:\\\/\\\/medicinasinc.com\\\/sk\\\/wp-content\\\/uploads\\\/sites\\\/10\\\/2022\\\/02\\\/Buy-Mickey-Kush-Marijuana.jpg\",\"datePublished\":\"2022-02-20T18:55:26+00:00\",\"dateModified\":\"2022-03-22T01:10:25+00:00\",\"description\":\"K\u00fapte si kme\u0148 marihuany Mickey Kush online. Klienti sa \u010dasto p\u00fdtaj\u00fa M\u00f4\u017eete si k\u00fapi\u0165 tr\u00e1vu online a necha\u0165 si ju doru\u010di\u0165 bez toho, aby ju policajti vystopovali? \u00c1NO!\",\"breadcrumb\":{\"@id\":\"https:\\\/\\\/medicinasinc.com\\\/sk\\\/product\\\/kupit-mickey-kush\\\/#breadcrumb\"},\"inLanguage\":\"en-US\",\"potentialAction\":[{\"@type\":\"ReadAction\",\"target\":[\"https:\\\/\\\/medicinasinc.com\\\/sk\\\/product\\\/kupit-mickey-kush\\\/\"]}]},{\"@type\":\"ImageObject\",\"inLanguage\":\"en-US\",\"@id\":\"https:\\\/\\\/medicinasinc.com\\\/sk\\\/product\\\/kupit-mickey-kush\\\/#primaryimage\",\"url\":\"https:\\\/\\\/medicinasinc.com\\\/sk\\\/wp-content\\\/uploads\\\/sites\\\/10\\\/2022\\\/02\\\/Buy-Mickey-Kush-Marijuana.jpg\",\"contentUrl\":\"https:\\\/\\\/medicinasinc.com\\\/sk\\\/wp-content\\\/uploads\\\/sites\\\/10\\\/2022\\\/02\\\/Buy-Mickey-Kush-Marijuana.jpg\",\"width\":1200,\"height\":630},{\"@type\":\"BreadcrumbList\",\"@id\":\"https:\\\/\\\/medicinasinc.com\\\/sk\\\/product\\\/kupit-mickey-kush\\\/#breadcrumb\",\"itemListElement\":[{\"@type\":\"ListItem\",\"position\":1,\"name\":\"Obchod\",\"item\":\"https:\\\/\\\/medicinasinc.com\\\/sk\\\/obchod\\\/\"},{\"@type\":\"ListItem\",\"position\":2,\"name\":\"K\u00fapte si Mickey Kush\"}]},{\"@type\":\"WebSite\",\"@id\":\"https:\\\/\\\/medicinasinc.com\\\/sk\\\/#website\",\"url\":\"https:\\\/\\\/medicinasinc.com\\\/sk\\\/\",\"name\":\"Medicinas Inc\",\"description\":\"Health Medical Clinic\",\"potentialAction\":[{\"@type\":\"SearchAction\",\"target\":{\"@type\":\"EntryPoint\",\"urlTemplate\":\"https:\\\/\\\/medicinasinc.com\\\/sk\\\/?s={search_term_string}\"},\"query-input\":{\"@type\":\"PropertyValueSpecification\",\"valueRequired\":true,\"valueName\":\"search_term_string\"}}],\"inLanguage\":\"en-US\"}]}<\/script>\n<!-- \/ Yoast SEO plugin. -->","yoast_head_json":{"title":"K\u00fapte si Mickey Kush - Mickey Kush marihuana - Najlep\u0161ie glob\u00e1lne lieky","description":"K\u00fapte si kme\u0148 marihuany Mickey Kush online. Klienti sa \u010dasto p\u00fdtaj\u00fa M\u00f4\u017eete si k\u00fapi\u0165 tr\u00e1vu online a necha\u0165 si ju doru\u010di\u0165 bez toho, aby ju policajti vystopovali? \u00c1NO!","robots":{"index":"index","follow":"follow","max-snippet":"max-snippet:-1","max-image-preview":"max-image-preview:large","max-video-preview":"max-video-preview:-1"},"canonical":"https:\/\/medicinasinc.com\/sk\/product\/kupit-mickey-kush\/","og_locale":"en_US","og_type":"article","og_title":"K\u00fapte si Mickey Kush - Mickey Kush marihuana - Najlep\u0161ie glob\u00e1lne lieky","og_description":"K\u00fapte si kme\u0148 marihuany Mickey Kush online. Klienti sa \u010dasto p\u00fdtaj\u00fa M\u00f4\u017eete si k\u00fapi\u0165 tr\u00e1vu online a necha\u0165 si ju doru\u010di\u0165 bez toho, aby ju policajti vystopovali? \u00c1NO!","og_url":"https:\/\/medicinasinc.com\/sk\/product\/kupit-mickey-kush\/","og_site_name":"Medicinas Inc","article_modified_time":"2022-03-22T01:10:25+00:00","og_image":[{"width":1200,"height":630,"url":"https:\/\/medicinasinc.com\/sk\/wp-content\/uploads\/sites\/10\/2022\/02\/Buy-Mickey-Kush-Marijuana.jpg","type":"image\/jpeg"}],"twitter_card":"summary_large_image","twitter_misc":{"Est. reading time":"1 minute"},"schema":{"@context":"https:\/\/schema.org","@graph":[{"@type":"WebPage","@id":"https:\/\/medicinasinc.com\/sk\/product\/kupit-mickey-kush\/","url":"https:\/\/medicinasinc.com\/sk\/product\/kupit-mickey-kush\/","name":"K\u00fapte si Mickey Kush - Mickey Kush marihuana - Najlep\u0161ie glob\u00e1lne lieky","isPartOf":{"@id":"https:\/\/medicinasinc.com\/sk\/#website"},"primaryImageOfPage":{"@id":"https:\/\/medicinasinc.com\/sk\/product\/kupit-mickey-kush\/#primaryimage"},"image":{"@id":"https:\/\/medicinasinc.com\/sk\/product\/kupit-mickey-kush\/#primaryimage"},"thumbnailUrl":"https:\/\/medicinasinc.com\/sk\/wp-content\/uploads\/sites\/10\/2022\/02\/Buy-Mickey-Kush-Marijuana.jpg","datePublished":"2022-02-20T18:55:26+00:00","dateModified":"2022-03-22T01:10:25+00:00","description":"K\u00fapte si kme\u0148 marihuany Mickey Kush online. Klienti sa \u010dasto p\u00fdtaj\u00fa M\u00f4\u017eete si k\u00fapi\u0165 tr\u00e1vu online a necha\u0165 si ju doru\u010di\u0165 bez toho, aby ju policajti vystopovali? \u00c1NO!","breadcrumb":{"@id":"https:\/\/medicinasinc.com\/sk\/product\/kupit-mickey-kush\/#breadcrumb"},"inLanguage":"en-US","potentialAction":[{"@type":"ReadAction","target":["https:\/\/medicinasinc.com\/sk\/product\/kupit-mickey-kush\/"]}]},{"@type":"ImageObject","inLanguage":"en-US","@id":"https:\/\/medicinasinc.com\/sk\/product\/kupit-mickey-kush\/#primaryimage","url":"https:\/\/medicinasinc.com\/sk\/wp-content\/uploads\/sites\/10\/2022\/02\/Buy-Mickey-Kush-Marijuana.jpg","contentUrl":"https:\/\/medicinasinc.com\/sk\/wp-content\/uploads\/sites\/10\/2022\/02\/Buy-Mickey-Kush-Marijuana.jpg","width":1200,"height":630},{"@type":"BreadcrumbList","@id":"https:\/\/medicinasinc.com\/sk\/product\/kupit-mickey-kush\/#breadcrumb","itemListElement":[{"@type":"ListItem","position":1,"name":"Obchod","item":"https:\/\/medicinasinc.com\/sk\/obchod\/"},{"@type":"ListItem","position":2,"name":"K\u00fapte si Mickey Kush"}]},{"@type":"WebSite","@id":"https:\/\/medicinasinc.com\/sk\/#website","url":"https:\/\/medicinasinc.com\/sk\/","name":"Medicinas Inc","description":"Health Medical Clinic","potentialAction":[{"@type":"SearchAction","target":{"@type":"EntryPoint","urlTemplate":"https:\/\/medicinasinc.com\/sk\/?s={search_term_string}"},"query-input":{"@type":"PropertyValueSpecification","valueRequired":true,"valueName":"search_term_string"}}],"inLanguage":"en-US"}]}},"_links":{"self":[{"href":"https:\/\/medicinasinc.com\/sk\/wp-json\/wp\/v2\/product\/4998","targetHints":{"allow":["GET"]}}],"collection":[{"href":"https:\/\/medicinasinc.com\/sk\/wp-json\/wp\/v2\/product"}],"about":[{"href":"https:\/\/medicinasinc.com\/sk\/wp-json\/wp\/v2\/types\/product"}],"replies":[{"embeddable":true,"href":"https:\/\/medicinasinc.com\/sk\/wp-json\/wp\/v2\/comments?post=4998"}],"wp:featuredmedia":[{"embeddable":true,"href":"https:\/\/medicinasinc.com\/sk\/wp-json\/wp\/v2\/media\/5017"}],"wp:attachment":[{"href":"https:\/\/medicinasinc.com\/sk\/wp-json\/wp\/v2\/media?parent=4998"}],"wp:term":[{"taxonomy":"product_brand","embeddable":true,"href":"https:\/\/medicinasinc.com\/sk\/wp-json\/wp\/v2\/product_brand?post=4998"},{"taxonomy":"product_cat","embeddable":true,"href":"https:\/\/medicinasinc.com\/sk\/wp-json\/wp\/v2\/product_cat?post=4998"},{"taxonomy":"product_tag","embeddable":true,"href":"https:\/\/medicinasinc.com\/sk\/wp-json\/wp\/v2\/product_tag?post=4998"}],"curies":[{"name":"wp","href":"https:\/\/api.w.org\/{rel}","templated":true}]}}