{"id":4997,"date":"2022-02-20T18:54:15","date_gmt":"2022-02-20T18:54:15","guid":{"rendered":"https:\/\/medicinasinc.com\/sk\/?post_type=product&#038;p=4997"},"modified":"2022-03-22T01:10:34","modified_gmt":"2022-03-22T01:10:34","slug":"vesmirna-prisera-marihuana","status":"publish","type":"product","link":"https:\/\/medicinasinc.com\/sk\/product\/vesmirna-prisera-marihuana\/","title":{"rendered":"Vesm\u00edrna pr\u00ed\u0161era Marihuana"},"content":{"rendered":"<p>Space Monster Marihuana na predaj online.<\/p>\n<p>Space Monster Marihuana na predaj online.<\/p>\n<p>K\u00fapte si Marihuana Space Monster. Vesm\u00edrne mon\u0161trum marihuana je dominantn\u00fd hybrid obsahuj\u00faci 75% Indica a 25% Sativa. Obsah THC je 20 %.<\/p>\n<p>\u00da\u010dinky<br \/> Fyzick\u00e9 vzru\u0161enie, euf\u00f3ria, \u0161\u0165astie, relax\u00e1cia, ospalos\u0165 a povzn\u00e1\u0161aj\u00face \u00fa\u010dinky m\u00f4\u017eu zmierni\u0165 chronick\u00fa boles\u0165, z\u00e1pal, nespavos\u0165, svalov\u00e9 k\u0155\u010de a chvenie Chu\u0165 bobule, chemik\u00e1lie , Hroznov\u00fd, sladk\u00fd<\/p>\n","protected":false},"excerpt":{"rendered":"<p>K\u00fapte si Marihuana Space Monster online. N\u00e1kup tr\u00e1vy online l N\u00e1kup marihuany online | N\u00e1kup kanabisu online | K\u00fapi\u0165 jedl\u00e9 | K\u00fapte si kanabisov\u00fd olej<\/p>\n<p>Ayer, Massachusetts m\u00e1 teraz rekrea\u010dn\u00fa v\u00fddaj\u0148u kanabisu. Objednajte si online a vyzdvihnite si ju v na\u0161ej v\u00fddajni marihuany v Ayer, Massachusetts.<\/p>\n","protected":false},"featured_media":5015,"comment_status":"open","ping_status":"closed","template":"","meta":[],"product_brand":[],"product_cat":[778],"product_tag":[943,942,946,941,944,947,945,940],"class_list":{"0":"post-4997","1":"product","2":"type-product","3":"status-publish","4":"has-post-thumbnail","6":"product_cat-burinu-na-predaj","7":"product_tag-perfektn-trojuholnk-5-kme","8":"product_tag-lvtk-kme","9":"product_tag-tk-bx1-kme","10":"product_tag-plyn-nik-preptie","11":"product_tag-vesmrna-bomba-naptie","12":"product_tag-triangle-kush","13":"product_tag-space-monkey-strain-wikileaf","14":"product_tag-a-train-strain","16":"first","17":"instock","18":"shipping-taxable","19":"purchasable","20":"product-type-variable","21":"has-default-attributes"},"yoast_head":"<!-- This site is optimized with the Yoast SEO plugin v27.3 - https:\/\/yoast.com\/product\/yoast-seo-wordpress\/ -->\n<title>K\u00fapte si Space Monster Marihuana \u2013 najlep\u0161ie najlep\u0161ie glob\u00e1lne lieky<\/title>\n<meta name=\"description\" content=\"K\u00fapte si Space Monster Marihuana na predaj online. K\u00fapi\u0165 tr\u00e1vu online l K\u00fapi\u0165 marihuanu online | K\u00fapi\u0165 kanabis online | jedl\u00e9 | Konopn\u00fd olej na predaj.\" \/>\n<meta name=\"robots\" content=\"index, follow, max-snippet:-1, max-image-preview:large, max-video-preview:-1\" \/>\n<link rel=\"canonical\" href=\"https:\/\/medicinasinc.com\/sk\/product\/vesmirna-prisera-marihuana\/\" \/>\n<meta property=\"og:locale\" content=\"en_US\" \/>\n<meta property=\"og:type\" content=\"article\" \/>\n<meta property=\"og:title\" content=\"K\u00fapte si Space Monster Marihuana \u2013 najlep\u0161ie najlep\u0161ie glob\u00e1lne lieky\" \/>\n<meta property=\"og:description\" content=\"K\u00fapte si Space Monster Marihuana na predaj online. K\u00fapi\u0165 tr\u00e1vu online l K\u00fapi\u0165 marihuanu online | K\u00fapi\u0165 kanabis online | jedl\u00e9 | Konopn\u00fd olej na predaj.\" \/>\n<meta property=\"og:url\" content=\"https:\/\/medicinasinc.com\/sk\/product\/vesmirna-prisera-marihuana\/\" \/>\n<meta property=\"og:site_name\" content=\"Medicinas Inc\" \/>\n<meta property=\"article:modified_time\" content=\"2022-03-22T01:10:34+00:00\" \/>\n<meta property=\"og:image\" content=\"https:\/\/medicinasinc.com\/sk\/wp-content\/uploads\/sites\/10\/2022\/02\/Space-Monster-Marijuana.jpg\" \/>\n\t<meta property=\"og:image:width\" content=\"600\" \/>\n\t<meta property=\"og:image:height\" content=\"600\" \/>\n\t<meta property=\"og:image:type\" content=\"image\/jpeg\" \/>\n<meta name=\"twitter:card\" content=\"summary_large_image\" \/>\n<meta name=\"twitter:label1\" content=\"Est. reading time\" \/>\n\t<meta name=\"twitter:data1\" content=\"1 minute\" \/>\n<script type=\"application\/ld+json\" class=\"yoast-schema-graph\">{\"@context\":\"https:\\\/\\\/schema.org\",\"@graph\":[{\"@type\":\"WebPage\",\"@id\":\"https:\\\/\\\/medicinasinc.com\\\/sk\\\/product\\\/vesmirna-prisera-marihuana\\\/\",\"url\":\"https:\\\/\\\/medicinasinc.com\\\/sk\\\/product\\\/vesmirna-prisera-marihuana\\\/\",\"name\":\"K\u00fapte si Space Monster Marihuana \u2013 najlep\u0161ie najlep\u0161ie glob\u00e1lne lieky\",\"isPartOf\":{\"@id\":\"https:\\\/\\\/medicinasinc.com\\\/sk\\\/#website\"},\"primaryImageOfPage\":{\"@id\":\"https:\\\/\\\/medicinasinc.com\\\/sk\\\/product\\\/vesmirna-prisera-marihuana\\\/#primaryimage\"},\"image\":{\"@id\":\"https:\\\/\\\/medicinasinc.com\\\/sk\\\/product\\\/vesmirna-prisera-marihuana\\\/#primaryimage\"},\"thumbnailUrl\":\"https:\\\/\\\/medicinasinc.com\\\/sk\\\/wp-content\\\/uploads\\\/sites\\\/10\\\/2022\\\/02\\\/Space-Monster-Marijuana.jpg\",\"datePublished\":\"2022-02-20T18:54:15+00:00\",\"dateModified\":\"2022-03-22T01:10:34+00:00\",\"description\":\"K\u00fapte si Space Monster Marihuana na predaj online. K\u00fapi\u0165 tr\u00e1vu online l K\u00fapi\u0165 marihuanu online | K\u00fapi\u0165 kanabis online | jedl\u00e9 | Konopn\u00fd olej na predaj.\",\"breadcrumb\":{\"@id\":\"https:\\\/\\\/medicinasinc.com\\\/sk\\\/product\\\/vesmirna-prisera-marihuana\\\/#breadcrumb\"},\"inLanguage\":\"en-US\",\"potentialAction\":[{\"@type\":\"ReadAction\",\"target\":[\"https:\\\/\\\/medicinasinc.com\\\/sk\\\/product\\\/vesmirna-prisera-marihuana\\\/\"]}]},{\"@type\":\"ImageObject\",\"inLanguage\":\"en-US\",\"@id\":\"https:\\\/\\\/medicinasinc.com\\\/sk\\\/product\\\/vesmirna-prisera-marihuana\\\/#primaryimage\",\"url\":\"https:\\\/\\\/medicinasinc.com\\\/sk\\\/wp-content\\\/uploads\\\/sites\\\/10\\\/2022\\\/02\\\/Space-Monster-Marijuana.jpg\",\"contentUrl\":\"https:\\\/\\\/medicinasinc.com\\\/sk\\\/wp-content\\\/uploads\\\/sites\\\/10\\\/2022\\\/02\\\/Space-Monster-Marijuana.jpg\",\"width\":600,\"height\":600},{\"@type\":\"BreadcrumbList\",\"@id\":\"https:\\\/\\\/medicinasinc.com\\\/sk\\\/product\\\/vesmirna-prisera-marihuana\\\/#breadcrumb\",\"itemListElement\":[{\"@type\":\"ListItem\",\"position\":1,\"name\":\"Obchod\",\"item\":\"https:\\\/\\\/medicinasinc.com\\\/sk\\\/obchod\\\/\"},{\"@type\":\"ListItem\",\"position\":2,\"name\":\"Vesm\u00edrna pr\u00ed\u0161era Marihuana\"}]},{\"@type\":\"WebSite\",\"@id\":\"https:\\\/\\\/medicinasinc.com\\\/sk\\\/#website\",\"url\":\"https:\\\/\\\/medicinasinc.com\\\/sk\\\/\",\"name\":\"Medicinas Inc\",\"description\":\"Health Medical Clinic\",\"potentialAction\":[{\"@type\":\"SearchAction\",\"target\":{\"@type\":\"EntryPoint\",\"urlTemplate\":\"https:\\\/\\\/medicinasinc.com\\\/sk\\\/?s={search_term_string}\"},\"query-input\":{\"@type\":\"PropertyValueSpecification\",\"valueRequired\":true,\"valueName\":\"search_term_string\"}}],\"inLanguage\":\"en-US\"}]}<\/script>\n<!-- \/ Yoast SEO plugin. -->","yoast_head_json":{"title":"K\u00fapte si Space Monster Marihuana \u2013 najlep\u0161ie najlep\u0161ie glob\u00e1lne lieky","description":"K\u00fapte si Space Monster Marihuana na predaj online. K\u00fapi\u0165 tr\u00e1vu online l K\u00fapi\u0165 marihuanu online | K\u00fapi\u0165 kanabis online | jedl\u00e9 | Konopn\u00fd olej na predaj.","robots":{"index":"index","follow":"follow","max-snippet":"max-snippet:-1","max-image-preview":"max-image-preview:large","max-video-preview":"max-video-preview:-1"},"canonical":"https:\/\/medicinasinc.com\/sk\/product\/vesmirna-prisera-marihuana\/","og_locale":"en_US","og_type":"article","og_title":"K\u00fapte si Space Monster Marihuana \u2013 najlep\u0161ie najlep\u0161ie glob\u00e1lne lieky","og_description":"K\u00fapte si Space Monster Marihuana na predaj online. K\u00fapi\u0165 tr\u00e1vu online l K\u00fapi\u0165 marihuanu online | K\u00fapi\u0165 kanabis online | jedl\u00e9 | Konopn\u00fd olej na predaj.","og_url":"https:\/\/medicinasinc.com\/sk\/product\/vesmirna-prisera-marihuana\/","og_site_name":"Medicinas Inc","article_modified_time":"2022-03-22T01:10:34+00:00","og_image":[{"width":600,"height":600,"url":"https:\/\/medicinasinc.com\/sk\/wp-content\/uploads\/sites\/10\/2022\/02\/Space-Monster-Marijuana.jpg","type":"image\/jpeg"}],"twitter_card":"summary_large_image","twitter_misc":{"Est. reading time":"1 minute"},"schema":{"@context":"https:\/\/schema.org","@graph":[{"@type":"WebPage","@id":"https:\/\/medicinasinc.com\/sk\/product\/vesmirna-prisera-marihuana\/","url":"https:\/\/medicinasinc.com\/sk\/product\/vesmirna-prisera-marihuana\/","name":"K\u00fapte si Space Monster Marihuana \u2013 najlep\u0161ie najlep\u0161ie glob\u00e1lne lieky","isPartOf":{"@id":"https:\/\/medicinasinc.com\/sk\/#website"},"primaryImageOfPage":{"@id":"https:\/\/medicinasinc.com\/sk\/product\/vesmirna-prisera-marihuana\/#primaryimage"},"image":{"@id":"https:\/\/medicinasinc.com\/sk\/product\/vesmirna-prisera-marihuana\/#primaryimage"},"thumbnailUrl":"https:\/\/medicinasinc.com\/sk\/wp-content\/uploads\/sites\/10\/2022\/02\/Space-Monster-Marijuana.jpg","datePublished":"2022-02-20T18:54:15+00:00","dateModified":"2022-03-22T01:10:34+00:00","description":"K\u00fapte si Space Monster Marihuana na predaj online. K\u00fapi\u0165 tr\u00e1vu online l K\u00fapi\u0165 marihuanu online | K\u00fapi\u0165 kanabis online | jedl\u00e9 | Konopn\u00fd olej na predaj.","breadcrumb":{"@id":"https:\/\/medicinasinc.com\/sk\/product\/vesmirna-prisera-marihuana\/#breadcrumb"},"inLanguage":"en-US","potentialAction":[{"@type":"ReadAction","target":["https:\/\/medicinasinc.com\/sk\/product\/vesmirna-prisera-marihuana\/"]}]},{"@type":"ImageObject","inLanguage":"en-US","@id":"https:\/\/medicinasinc.com\/sk\/product\/vesmirna-prisera-marihuana\/#primaryimage","url":"https:\/\/medicinasinc.com\/sk\/wp-content\/uploads\/sites\/10\/2022\/02\/Space-Monster-Marijuana.jpg","contentUrl":"https:\/\/medicinasinc.com\/sk\/wp-content\/uploads\/sites\/10\/2022\/02\/Space-Monster-Marijuana.jpg","width":600,"height":600},{"@type":"BreadcrumbList","@id":"https:\/\/medicinasinc.com\/sk\/product\/vesmirna-prisera-marihuana\/#breadcrumb","itemListElement":[{"@type":"ListItem","position":1,"name":"Obchod","item":"https:\/\/medicinasinc.com\/sk\/obchod\/"},{"@type":"ListItem","position":2,"name":"Vesm\u00edrna pr\u00ed\u0161era Marihuana"}]},{"@type":"WebSite","@id":"https:\/\/medicinasinc.com\/sk\/#website","url":"https:\/\/medicinasinc.com\/sk\/","name":"Medicinas Inc","description":"Health Medical Clinic","potentialAction":[{"@type":"SearchAction","target":{"@type":"EntryPoint","urlTemplate":"https:\/\/medicinasinc.com\/sk\/?s={search_term_string}"},"query-input":{"@type":"PropertyValueSpecification","valueRequired":true,"valueName":"search_term_string"}}],"inLanguage":"en-US"}]}},"_links":{"self":[{"href":"https:\/\/medicinasinc.com\/sk\/wp-json\/wp\/v2\/product\/4997","targetHints":{"allow":["GET"]}}],"collection":[{"href":"https:\/\/medicinasinc.com\/sk\/wp-json\/wp\/v2\/product"}],"about":[{"href":"https:\/\/medicinasinc.com\/sk\/wp-json\/wp\/v2\/types\/product"}],"replies":[{"embeddable":true,"href":"https:\/\/medicinasinc.com\/sk\/wp-json\/wp\/v2\/comments?post=4997"}],"wp:featuredmedia":[{"embeddable":true,"href":"https:\/\/medicinasinc.com\/sk\/wp-json\/wp\/v2\/media\/5015"}],"wp:attachment":[{"href":"https:\/\/medicinasinc.com\/sk\/wp-json\/wp\/v2\/media?parent=4997"}],"wp:term":[{"taxonomy":"product_brand","embeddable":true,"href":"https:\/\/medicinasinc.com\/sk\/wp-json\/wp\/v2\/product_brand?post=4997"},{"taxonomy":"product_cat","embeddable":true,"href":"https:\/\/medicinasinc.com\/sk\/wp-json\/wp\/v2\/product_cat?post=4997"},{"taxonomy":"product_tag","embeddable":true,"href":"https:\/\/medicinasinc.com\/sk\/wp-json\/wp\/v2\/product_tag?post=4997"}],"curies":[{"name":"wp","href":"https:\/\/api.w.org\/{rel}","templated":true}]}}