{"id":4996,"date":"2022-02-20T18:53:00","date_gmt":"2022-02-20T18:53:00","guid":{"rendered":"https:\/\/medicinasinc.com\/sk\/?post_type=product&#038;p=4996"},"modified":"2022-03-22T01:10:46","modified_gmt":"2022-03-22T01:10:46","slug":"kupit-citron-skunk","status":"publish","type":"product","link":"https:\/\/medicinasinc.com\/sk\/product\/kupit-citron-skunk\/","title":{"rendered":"K\u00fapte si Lemon Skunk"},"content":{"rendered":"<p>Lemon Skunk je k dispoz\u00edcii v online v\u00fddajni marihuany Chronic Post.<\/p>\n<p>ChronicPost Lemon Skunk je hybrid Sativa, ktor\u00fd z\u00edskal viacero ocenen\u00ed, s citr\u00f3novou pr\u00edchu\u0165ou a obsahom THC a\u017e 22 %. V roku 2009 bol zaraden\u00fd do rebr\u00ed\u010dka High Times medzi desiatimi najlep\u0161\u00edmi kme\u0148mi.<\/p>\n<p>Obsah THC v Lemon Skunk sa pohybuje v priemere medzi 14 a 15 % a bol testovan\u00fd a\u017e na 22 % THC. Je zn\u00e1me, \u017ee jeho vysok\u00e1 hladina stimuluje mozgov\u00e9 funkcie, \u010do vedie k v\u00e4\u010d\u0161ej kreativite a zaha\u013euje u\u017e\u00edvate\u013ea do radostn\u00e9ho a energizuj\u00faceho bzu\u010dania. Mnoh\u00ed recenzenti charakterizovali svoj Lemon Skunk vysoko ako introspekt\u00edvny, vyvol\u00e1vaj\u00faci my\u0161lienky a zlep\u0161uj\u00faci vynaliezavos\u0165. Po jednej a\u017e dvoch hodin\u00e1ch za\u010dn\u00fa nastupova\u0165 indica zlo\u017eky kme\u0148a, tak\u017ee u\u017e\u00edvate\u013e bude mierne unaven\u00fd, preto\u017ee mozgov\u00e9 \u00fa\u010dinky pomin\u00fa.<\/p>\n<p>Lemon Skunk je trochu vysok\u00e1 a produkt\u00edvna rastlina, ktor\u00e1 je presne tak\u00e1 u\u017e n\u00e1zov napoved\u00e1 \u2013 variant Skunk s v\u00fdrazn\u00fdm citrusov\u00fdm n\u00e1dychom so siln\u00fdm a upokojuj\u00facim \u00fa\u010dinkom. M\u00e1 charakteristick\u00e9 limetkovo zelen\u00e9 p\u00fa\u010diky a \u017eiv\u00e9 oran\u017eov\u00e9 piestiky Skunk, \u010do vedie k mraziv\u00fdm, hust\u00fdm kol\u00e1m v tvare o\u0161tepu.<\/p>\n","protected":false},"excerpt":{"rendered":"<div class=\"woocommerce-product-details__short-description\">\n<p>Lemon Skunk obsahuje mierne mno\u017estvo THC a ve\u013emi m\u00e1lo CBD. Objavte viac o DNA Genetics Lemon Skunk a nakupujte s Tokyo Smoke e\u0161te dnes.<\/p>\n<p>Lemon Skunk Weed na predaj online. Lemon Kush je zmes medzi Master Kush a Lemon Joy a produkuje n\u00edzky a\u017e stredn\u00fd v\u00fdnos. Odpor\u00fa\u010da sa pre pacientov s HIV\/AIDS, glauk\u00f3mom, Parkinsonovou chorobou, \u00fazkos\u0165ou a chronickou boles\u0165ou<\/p>\n<p><strong>Ve\u013ekos\u0165 p\u00fa\u010dikov:\u00a0<\/strong>Mal\u00e9<br \/> <strong>\u0160trukt\u00fara:\u00a0<\/strong>Such\u00e9<br \/> <strong>Pr\u00edchute:\u00a0<\/strong>Citr\u00f3n \/ Citrus \/ \u010cerstv\u00e9<br \/> <strong>Be\u017en\u00e9 pou\u017eitie:<\/strong>\u00a0Boles\u0165 \/ chu\u0165 do jedla \/ Depresia<br \/> <strong><a href=\"https:\/\/www.bestglobalmeds.com\/product\/marihuana\/lemon-skunk\/\">THC<\/a>:<\/strong>\u00a022\u00a0%\u00a0 \u00a0<strong><a href=\"https:\/\/www.bestglobalmeds. com\/product\/marihuana\/lemon-skunk\/\">CBD<\/a>: &lt;lt;<\/strong>1 %<\/p>\n<\/p><\/div>\n","protected":false},"featured_media":5013,"comment_status":"open","ping_status":"closed","template":"","meta":[],"product_brand":[],"product_cat":[778],"product_tag":[932,938,939,933,935,937,936,934],"class_list":{"0":"post-4996","1":"product","2":"type-product","3":"status-publish","4":"has-post-thumbnail","6":"product_cat-burinu-na-predaj","7":"product_tag-best-lemon-skunk-seeds","8":"product_tag-citrn-skunk-cena","9":"product_tag-citrnovo-skunk-chu","10":"product_tag-citrn-skunk-auto","11":"product_tag-citrn-skunk-cbd","12":"product_tag-citrn-skunk-indica-alebo-sativa","13":"product_tag-lemon-skunk-greenhouse-seeds-review","14":"product_tag-citrn-skunk-kazeta","16":"first","17":"instock","18":"shipping-taxable","19":"purchasable","20":"product-type-variable","21":"has-default-attributes"},"yoast_head":"<!-- This site is optimized with the Yoast SEO plugin v27.3 - https:\/\/yoast.com\/product\/yoast-seo-wordpress\/ -->\n<title>K\u00fapte si Lemon Skunk \u2013 najlep\u0161ie najlep\u0161ie glob\u00e1lne lieky<\/title>\n<meta name=\"description\" content=\"K\u00fapte si Lemon Skunk Weed online. Lemon Kush je kr\u00ed\u017eenec medzi Master Kush a Lemon Joy, m\u00e1 n\u00edzku a\u017e stredn\u00fa \u00farodu. Odpor\u00fa\u010da sa pre pacientov s HIV\/AIDS, glauk\u00f3mom, Parkinsonovou chorobou, \u00fazkos\u0165ou, chronickou boles\u0165ou...\" \/>\n<meta name=\"robots\" content=\"index, follow, max-snippet:-1, max-image-preview:large, max-video-preview:-1\" \/>\n<link rel=\"canonical\" href=\"https:\/\/medicinasinc.com\/sk\/product\/kupit-citron-skunk\/\" \/>\n<meta property=\"og:locale\" content=\"en_US\" \/>\n<meta property=\"og:type\" content=\"article\" \/>\n<meta property=\"og:title\" content=\"K\u00fapte si Lemon Skunk \u2013 najlep\u0161ie najlep\u0161ie glob\u00e1lne lieky\" \/>\n<meta property=\"og:description\" content=\"K\u00fapte si Lemon Skunk Weed online. Lemon Kush je kr\u00ed\u017eenec medzi Master Kush a Lemon Joy, m\u00e1 n\u00edzku a\u017e stredn\u00fa \u00farodu. Odpor\u00fa\u010da sa pre pacientov s HIV\/AIDS, glauk\u00f3mom, Parkinsonovou chorobou, \u00fazkos\u0165ou, chronickou boles\u0165ou...\" \/>\n<meta property=\"og:url\" content=\"https:\/\/medicinasinc.com\/sk\/product\/kupit-citron-skunk\/\" \/>\n<meta property=\"og:site_name\" content=\"Medicinas Inc\" \/>\n<meta property=\"article:modified_time\" content=\"2022-03-22T01:10:46+00:00\" \/>\n<meta property=\"og:image\" content=\"https:\/\/medicinasinc.com\/sk\/wp-content\/uploads\/sites\/10\/2022\/02\/Buy-Lemon-Skunk.jpg\" \/>\n\t<meta property=\"og:image:width\" content=\"2403\" \/>\n\t<meta property=\"og:image:height\" content=\"2403\" \/>\n\t<meta property=\"og:image:type\" content=\"image\/jpeg\" \/>\n<meta name=\"twitter:card\" content=\"summary_large_image\" \/>\n<meta name=\"twitter:label1\" content=\"Est. reading time\" \/>\n\t<meta name=\"twitter:data1\" content=\"1 minute\" \/>\n<script type=\"application\/ld+json\" class=\"yoast-schema-graph\">{\"@context\":\"https:\\\/\\\/schema.org\",\"@graph\":[{\"@type\":\"WebPage\",\"@id\":\"https:\\\/\\\/medicinasinc.com\\\/sk\\\/product\\\/kupit-citron-skunk\\\/\",\"url\":\"https:\\\/\\\/medicinasinc.com\\\/sk\\\/product\\\/kupit-citron-skunk\\\/\",\"name\":\"K\u00fapte si Lemon Skunk \u2013 najlep\u0161ie najlep\u0161ie glob\u00e1lne lieky\",\"isPartOf\":{\"@id\":\"https:\\\/\\\/medicinasinc.com\\\/sk\\\/#website\"},\"primaryImageOfPage\":{\"@id\":\"https:\\\/\\\/medicinasinc.com\\\/sk\\\/product\\\/kupit-citron-skunk\\\/#primaryimage\"},\"image\":{\"@id\":\"https:\\\/\\\/medicinasinc.com\\\/sk\\\/product\\\/kupit-citron-skunk\\\/#primaryimage\"},\"thumbnailUrl\":\"https:\\\/\\\/medicinasinc.com\\\/sk\\\/wp-content\\\/uploads\\\/sites\\\/10\\\/2022\\\/02\\\/Buy-Lemon-Skunk.jpg\",\"datePublished\":\"2022-02-20T18:53:00+00:00\",\"dateModified\":\"2022-03-22T01:10:46+00:00\",\"description\":\"K\u00fapte si Lemon Skunk Weed online. Lemon Kush je kr\u00ed\u017eenec medzi Master Kush a Lemon Joy, m\u00e1 n\u00edzku a\u017e stredn\u00fa \u00farodu. Odpor\u00fa\u010da sa pre pacientov s HIV\\\/AIDS, glauk\u00f3mom, Parkinsonovou chorobou, \u00fazkos\u0165ou, chronickou boles\u0165ou...\",\"breadcrumb\":{\"@id\":\"https:\\\/\\\/medicinasinc.com\\\/sk\\\/product\\\/kupit-citron-skunk\\\/#breadcrumb\"},\"inLanguage\":\"en-US\",\"potentialAction\":[{\"@type\":\"ReadAction\",\"target\":[\"https:\\\/\\\/medicinasinc.com\\\/sk\\\/product\\\/kupit-citron-skunk\\\/\"]}]},{\"@type\":\"ImageObject\",\"inLanguage\":\"en-US\",\"@id\":\"https:\\\/\\\/medicinasinc.com\\\/sk\\\/product\\\/kupit-citron-skunk\\\/#primaryimage\",\"url\":\"https:\\\/\\\/medicinasinc.com\\\/sk\\\/wp-content\\\/uploads\\\/sites\\\/10\\\/2022\\\/02\\\/Buy-Lemon-Skunk.jpg\",\"contentUrl\":\"https:\\\/\\\/medicinasinc.com\\\/sk\\\/wp-content\\\/uploads\\\/sites\\\/10\\\/2022\\\/02\\\/Buy-Lemon-Skunk.jpg\",\"width\":2403,\"height\":2403},{\"@type\":\"BreadcrumbList\",\"@id\":\"https:\\\/\\\/medicinasinc.com\\\/sk\\\/product\\\/kupit-citron-skunk\\\/#breadcrumb\",\"itemListElement\":[{\"@type\":\"ListItem\",\"position\":1,\"name\":\"Obchod\",\"item\":\"https:\\\/\\\/medicinasinc.com\\\/sk\\\/obchod\\\/\"},{\"@type\":\"ListItem\",\"position\":2,\"name\":\"K\u00fapte si Lemon Skunk\"}]},{\"@type\":\"WebSite\",\"@id\":\"https:\\\/\\\/medicinasinc.com\\\/sk\\\/#website\",\"url\":\"https:\\\/\\\/medicinasinc.com\\\/sk\\\/\",\"name\":\"Medicinas Inc\",\"description\":\"Health Medical Clinic\",\"potentialAction\":[{\"@type\":\"SearchAction\",\"target\":{\"@type\":\"EntryPoint\",\"urlTemplate\":\"https:\\\/\\\/medicinasinc.com\\\/sk\\\/?s={search_term_string}\"},\"query-input\":{\"@type\":\"PropertyValueSpecification\",\"valueRequired\":true,\"valueName\":\"search_term_string\"}}],\"inLanguage\":\"en-US\"}]}<\/script>\n<!-- \/ Yoast SEO plugin. -->","yoast_head_json":{"title":"K\u00fapte si Lemon Skunk \u2013 najlep\u0161ie najlep\u0161ie glob\u00e1lne lieky","description":"K\u00fapte si Lemon Skunk Weed online. Lemon Kush je kr\u00ed\u017eenec medzi Master Kush a Lemon Joy, m\u00e1 n\u00edzku a\u017e stredn\u00fa \u00farodu. Odpor\u00fa\u010da sa pre pacientov s HIV\/AIDS, glauk\u00f3mom, Parkinsonovou chorobou, \u00fazkos\u0165ou, chronickou boles\u0165ou...","robots":{"index":"index","follow":"follow","max-snippet":"max-snippet:-1","max-image-preview":"max-image-preview:large","max-video-preview":"max-video-preview:-1"},"canonical":"https:\/\/medicinasinc.com\/sk\/product\/kupit-citron-skunk\/","og_locale":"en_US","og_type":"article","og_title":"K\u00fapte si Lemon Skunk \u2013 najlep\u0161ie najlep\u0161ie glob\u00e1lne lieky","og_description":"K\u00fapte si Lemon Skunk Weed online. Lemon Kush je kr\u00ed\u017eenec medzi Master Kush a Lemon Joy, m\u00e1 n\u00edzku a\u017e stredn\u00fa \u00farodu. Odpor\u00fa\u010da sa pre pacientov s HIV\/AIDS, glauk\u00f3mom, Parkinsonovou chorobou, \u00fazkos\u0165ou, chronickou boles\u0165ou...","og_url":"https:\/\/medicinasinc.com\/sk\/product\/kupit-citron-skunk\/","og_site_name":"Medicinas Inc","article_modified_time":"2022-03-22T01:10:46+00:00","og_image":[{"width":2403,"height":2403,"url":"https:\/\/medicinasinc.com\/sk\/wp-content\/uploads\/sites\/10\/2022\/02\/Buy-Lemon-Skunk.jpg","type":"image\/jpeg"}],"twitter_card":"summary_large_image","twitter_misc":{"Est. reading time":"1 minute"},"schema":{"@context":"https:\/\/schema.org","@graph":[{"@type":"WebPage","@id":"https:\/\/medicinasinc.com\/sk\/product\/kupit-citron-skunk\/","url":"https:\/\/medicinasinc.com\/sk\/product\/kupit-citron-skunk\/","name":"K\u00fapte si Lemon Skunk \u2013 najlep\u0161ie najlep\u0161ie glob\u00e1lne lieky","isPartOf":{"@id":"https:\/\/medicinasinc.com\/sk\/#website"},"primaryImageOfPage":{"@id":"https:\/\/medicinasinc.com\/sk\/product\/kupit-citron-skunk\/#primaryimage"},"image":{"@id":"https:\/\/medicinasinc.com\/sk\/product\/kupit-citron-skunk\/#primaryimage"},"thumbnailUrl":"https:\/\/medicinasinc.com\/sk\/wp-content\/uploads\/sites\/10\/2022\/02\/Buy-Lemon-Skunk.jpg","datePublished":"2022-02-20T18:53:00+00:00","dateModified":"2022-03-22T01:10:46+00:00","description":"K\u00fapte si Lemon Skunk Weed online. Lemon Kush je kr\u00ed\u017eenec medzi Master Kush a Lemon Joy, m\u00e1 n\u00edzku a\u017e stredn\u00fa \u00farodu. Odpor\u00fa\u010da sa pre pacientov s HIV\/AIDS, glauk\u00f3mom, Parkinsonovou chorobou, \u00fazkos\u0165ou, chronickou boles\u0165ou...","breadcrumb":{"@id":"https:\/\/medicinasinc.com\/sk\/product\/kupit-citron-skunk\/#breadcrumb"},"inLanguage":"en-US","potentialAction":[{"@type":"ReadAction","target":["https:\/\/medicinasinc.com\/sk\/product\/kupit-citron-skunk\/"]}]},{"@type":"ImageObject","inLanguage":"en-US","@id":"https:\/\/medicinasinc.com\/sk\/product\/kupit-citron-skunk\/#primaryimage","url":"https:\/\/medicinasinc.com\/sk\/wp-content\/uploads\/sites\/10\/2022\/02\/Buy-Lemon-Skunk.jpg","contentUrl":"https:\/\/medicinasinc.com\/sk\/wp-content\/uploads\/sites\/10\/2022\/02\/Buy-Lemon-Skunk.jpg","width":2403,"height":2403},{"@type":"BreadcrumbList","@id":"https:\/\/medicinasinc.com\/sk\/product\/kupit-citron-skunk\/#breadcrumb","itemListElement":[{"@type":"ListItem","position":1,"name":"Obchod","item":"https:\/\/medicinasinc.com\/sk\/obchod\/"},{"@type":"ListItem","position":2,"name":"K\u00fapte si Lemon Skunk"}]},{"@type":"WebSite","@id":"https:\/\/medicinasinc.com\/sk\/#website","url":"https:\/\/medicinasinc.com\/sk\/","name":"Medicinas Inc","description":"Health Medical Clinic","potentialAction":[{"@type":"SearchAction","target":{"@type":"EntryPoint","urlTemplate":"https:\/\/medicinasinc.com\/sk\/?s={search_term_string}"},"query-input":{"@type":"PropertyValueSpecification","valueRequired":true,"valueName":"search_term_string"}}],"inLanguage":"en-US"}]}},"_links":{"self":[{"href":"https:\/\/medicinasinc.com\/sk\/wp-json\/wp\/v2\/product\/4996","targetHints":{"allow":["GET"]}}],"collection":[{"href":"https:\/\/medicinasinc.com\/sk\/wp-json\/wp\/v2\/product"}],"about":[{"href":"https:\/\/medicinasinc.com\/sk\/wp-json\/wp\/v2\/types\/product"}],"replies":[{"embeddable":true,"href":"https:\/\/medicinasinc.com\/sk\/wp-json\/wp\/v2\/comments?post=4996"}],"wp:featuredmedia":[{"embeddable":true,"href":"https:\/\/medicinasinc.com\/sk\/wp-json\/wp\/v2\/media\/5013"}],"wp:attachment":[{"href":"https:\/\/medicinasinc.com\/sk\/wp-json\/wp\/v2\/media?parent=4996"}],"wp:term":[{"taxonomy":"product_brand","embeddable":true,"href":"https:\/\/medicinasinc.com\/sk\/wp-json\/wp\/v2\/product_brand?post=4996"},{"taxonomy":"product_cat","embeddable":true,"href":"https:\/\/medicinasinc.com\/sk\/wp-json\/wp\/v2\/product_cat?post=4996"},{"taxonomy":"product_tag","embeddable":true,"href":"https:\/\/medicinasinc.com\/sk\/wp-json\/wp\/v2\/product_tag?post=4996"}],"curies":[{"name":"wp","href":"https:\/\/api.w.org\/{rel}","templated":true}]}}