{"id":4995,"date":"2022-02-20T18:51:43","date_gmt":"2022-02-20T18:51:43","guid":{"rendered":"https:\/\/medicinasinc.com\/sk\/?post_type=product&#038;p=4995"},"modified":"2022-03-22T01:10:55","modified_gmt":"2022-03-22T01:10:55","slug":"kupit-citron-a-marihuana","status":"publish","type":"product","link":"https:\/\/medicinasinc.com\/sk\/product\/kupit-citron-a-marihuana\/","title":{"rendered":"K\u00fapte si Lemon OG Marihuana"},"content":{"rendered":"<p>Kme\u0148 marihuany Lemon OG na predaj online.<\/p>\n<p>Kme\u0148 marihuany Lemon OG na predaj online.<\/p>\n<p>Kreat\u00edvne, energizuj\u00face, s\u00fastreden\u00e9, \u0161\u0165astn\u00e9 a relaxa\u010dn\u00e9 \u00fa\u010dinky<br \/> Mo\u017eno zmier\u0148uje Chronick\u00e1 boles\u0165, nespavos\u0165, strata chuti do jedla a stresov\u00e9 pr\u00edchute<br \/> Citrusov\u00e9, pikantn\u00e9<br \/> ar\u00f3my<br \/> Citrusov\u00e9, zemit\u00e9, citr\u00f3nov\u00e9, \u0161tip\u013eav\u00e9 a kysl\u00e9<\/p>\n","protected":false},"excerpt":{"rendered":"<p>K\u00fapte si marihuanu Lemon OG (AA) v Eur\u00f3pe, Spojenom kr\u00e1\u013eovstve a Kanade v najv\u00e4\u010d\u0161ej online v\u00fddajni na svete, Buy My Weed Online.<\/p>\n<p>Lemon OG Marihuana kme\u0148 na predaj online. <\/p>\n<p>Zak\u00fapte si kme\u0148 citr\u00f3nov a marihuany online. Hybridn\u00e9 &amp;# 8211; 50 % Sativa\/50 % Indica Obsah THC Indika: 22 %, Obsah CBN: 1 %<\/p>\n","protected":false},"featured_media":5007,"comment_status":"open","ping_status":"closed","template":"","meta":[],"product_brand":[],"product_cat":[778],"product_tag":[924,929,930,927,926,928,931,925],"class_list":{"0":"post-4995","1":"product","2":"type-product","3":"status-publish","4":"has-post-thumbnail","6":"product_cat-burinu-na-predaj","7":"product_tag-bruce-citrn-nafta","8":"product_tag-citrn-a-sced-allbud","9":"product_tag-citrn-zkittle-holandsk-ve","10":"product_tag-citrn-kush-na-predaj","11":"product_tag-kush-seedsman","12":"product_tag-lemon-og-leafly","13":"product_tag-pun-a","14":"product_tag-samice-semienka-citrn-kush","16":"first","17":"instock","18":"shipping-taxable","19":"purchasable","20":"product-type-variable"},"yoast_head":"<!-- This site is optimized with the Yoast SEO plugin v27.3 - https:\/\/yoast.com\/product\/yoast-seo-wordpress\/ -->\n<title>K\u00fapte si Lemon OG Marihuana kme\u0148 online \u2013 najlep\u0161ie glob\u00e1lne lieky<\/title>\n<meta name=\"description\" content=\"K\u00fapte si Lemon OG marihuanu\u00a0(AA) na predaj v Eur\u00f3pe, Spojenom kr\u00e1\u013eovstve, Kanade v najv\u00e4\u010d\u0161ej online v\u00fddajni, Buy My Weed Online.\" \/>\n<meta name=\"robots\" content=\"index, follow, max-snippet:-1, max-image-preview:large, max-video-preview:-1\" \/>\n<link rel=\"canonical\" href=\"https:\/\/medicinasinc.com\/sk\/product\/kupit-citron-a-marihuana\/\" \/>\n<meta property=\"og:locale\" content=\"en_US\" \/>\n<meta property=\"og:type\" content=\"article\" \/>\n<meta property=\"og:title\" content=\"K\u00fapte si Lemon OG Marihuana kme\u0148 online \u2013 najlep\u0161ie glob\u00e1lne lieky\" \/>\n<meta property=\"og:description\" content=\"K\u00fapte si Lemon OG marihuanu\u00a0(AA) na predaj v Eur\u00f3pe, Spojenom kr\u00e1\u013eovstve, Kanade v najv\u00e4\u010d\u0161ej online v\u00fddajni, Buy My Weed Online.\" \/>\n<meta property=\"og:url\" content=\"https:\/\/medicinasinc.com\/sk\/product\/kupit-citron-a-marihuana\/\" \/>\n<meta property=\"og:site_name\" content=\"Medicinas Inc\" \/>\n<meta property=\"article:modified_time\" content=\"2022-03-22T01:10:55+00:00\" \/>\n<meta property=\"og:image\" content=\"https:\/\/medicinasinc.com\/sk\/wp-content\/uploads\/sites\/10\/2022\/02\/Buy-Lemon-OG.jpg\" \/>\n\t<meta property=\"og:image:width\" content=\"2000\" \/>\n\t<meta property=\"og:image:height\" content=\"2000\" \/>\n\t<meta property=\"og:image:type\" content=\"image\/jpeg\" \/>\n<meta name=\"twitter:card\" content=\"summary_large_image\" \/>\n<meta name=\"twitter:label1\" content=\"Est. reading time\" \/>\n\t<meta name=\"twitter:data1\" content=\"1 minute\" \/>\n<script type=\"application\/ld+json\" class=\"yoast-schema-graph\">{\"@context\":\"https:\\\/\\\/schema.org\",\"@graph\":[{\"@type\":\"WebPage\",\"@id\":\"https:\\\/\\\/medicinasinc.com\\\/sk\\\/product\\\/kupit-citron-a-marihuana\\\/\",\"url\":\"https:\\\/\\\/medicinasinc.com\\\/sk\\\/product\\\/kupit-citron-a-marihuana\\\/\",\"name\":\"K\u00fapte si Lemon OG Marihuana kme\u0148 online \u2013 najlep\u0161ie glob\u00e1lne lieky\",\"isPartOf\":{\"@id\":\"https:\\\/\\\/medicinasinc.com\\\/sk\\\/#website\"},\"primaryImageOfPage\":{\"@id\":\"https:\\\/\\\/medicinasinc.com\\\/sk\\\/product\\\/kupit-citron-a-marihuana\\\/#primaryimage\"},\"image\":{\"@id\":\"https:\\\/\\\/medicinasinc.com\\\/sk\\\/product\\\/kupit-citron-a-marihuana\\\/#primaryimage\"},\"thumbnailUrl\":\"https:\\\/\\\/medicinasinc.com\\\/sk\\\/wp-content\\\/uploads\\\/sites\\\/10\\\/2022\\\/02\\\/Buy-Lemon-OG.jpg\",\"datePublished\":\"2022-02-20T18:51:43+00:00\",\"dateModified\":\"2022-03-22T01:10:55+00:00\",\"description\":\"K\u00fapte si Lemon OG marihuanu\u00a0(AA) na predaj v Eur\u00f3pe, Spojenom kr\u00e1\u013eovstve, Kanade v najv\u00e4\u010d\u0161ej online v\u00fddajni, Buy My Weed Online.\",\"breadcrumb\":{\"@id\":\"https:\\\/\\\/medicinasinc.com\\\/sk\\\/product\\\/kupit-citron-a-marihuana\\\/#breadcrumb\"},\"inLanguage\":\"en-US\",\"potentialAction\":[{\"@type\":\"ReadAction\",\"target\":[\"https:\\\/\\\/medicinasinc.com\\\/sk\\\/product\\\/kupit-citron-a-marihuana\\\/\"]}]},{\"@type\":\"ImageObject\",\"inLanguage\":\"en-US\",\"@id\":\"https:\\\/\\\/medicinasinc.com\\\/sk\\\/product\\\/kupit-citron-a-marihuana\\\/#primaryimage\",\"url\":\"https:\\\/\\\/medicinasinc.com\\\/sk\\\/wp-content\\\/uploads\\\/sites\\\/10\\\/2022\\\/02\\\/Buy-Lemon-OG.jpg\",\"contentUrl\":\"https:\\\/\\\/medicinasinc.com\\\/sk\\\/wp-content\\\/uploads\\\/sites\\\/10\\\/2022\\\/02\\\/Buy-Lemon-OG.jpg\",\"width\":2000,\"height\":2000},{\"@type\":\"BreadcrumbList\",\"@id\":\"https:\\\/\\\/medicinasinc.com\\\/sk\\\/product\\\/kupit-citron-a-marihuana\\\/#breadcrumb\",\"itemListElement\":[{\"@type\":\"ListItem\",\"position\":1,\"name\":\"Obchod\",\"item\":\"https:\\\/\\\/medicinasinc.com\\\/sk\\\/obchod\\\/\"},{\"@type\":\"ListItem\",\"position\":2,\"name\":\"K\u00fapte si Lemon OG Marihuana\"}]},{\"@type\":\"WebSite\",\"@id\":\"https:\\\/\\\/medicinasinc.com\\\/sk\\\/#website\",\"url\":\"https:\\\/\\\/medicinasinc.com\\\/sk\\\/\",\"name\":\"Medicinas Inc\",\"description\":\"Health Medical Clinic\",\"potentialAction\":[{\"@type\":\"SearchAction\",\"target\":{\"@type\":\"EntryPoint\",\"urlTemplate\":\"https:\\\/\\\/medicinasinc.com\\\/sk\\\/?s={search_term_string}\"},\"query-input\":{\"@type\":\"PropertyValueSpecification\",\"valueRequired\":true,\"valueName\":\"search_term_string\"}}],\"inLanguage\":\"en-US\"}]}<\/script>\n<!-- \/ Yoast SEO plugin. -->","yoast_head_json":{"title":"K\u00fapte si Lemon OG Marihuana kme\u0148 online \u2013 najlep\u0161ie glob\u00e1lne lieky","description":"K\u00fapte si Lemon OG marihuanu\u00a0(AA) na predaj v Eur\u00f3pe, Spojenom kr\u00e1\u013eovstve, Kanade v najv\u00e4\u010d\u0161ej online v\u00fddajni, Buy My Weed Online.","robots":{"index":"index","follow":"follow","max-snippet":"max-snippet:-1","max-image-preview":"max-image-preview:large","max-video-preview":"max-video-preview:-1"},"canonical":"https:\/\/medicinasinc.com\/sk\/product\/kupit-citron-a-marihuana\/","og_locale":"en_US","og_type":"article","og_title":"K\u00fapte si Lemon OG Marihuana kme\u0148 online \u2013 najlep\u0161ie glob\u00e1lne lieky","og_description":"K\u00fapte si Lemon OG marihuanu\u00a0(AA) na predaj v Eur\u00f3pe, Spojenom kr\u00e1\u013eovstve, Kanade v najv\u00e4\u010d\u0161ej online v\u00fddajni, Buy My Weed Online.","og_url":"https:\/\/medicinasinc.com\/sk\/product\/kupit-citron-a-marihuana\/","og_site_name":"Medicinas Inc","article_modified_time":"2022-03-22T01:10:55+00:00","og_image":[{"width":2000,"height":2000,"url":"https:\/\/medicinasinc.com\/sk\/wp-content\/uploads\/sites\/10\/2022\/02\/Buy-Lemon-OG.jpg","type":"image\/jpeg"}],"twitter_card":"summary_large_image","twitter_misc":{"Est. reading time":"1 minute"},"schema":{"@context":"https:\/\/schema.org","@graph":[{"@type":"WebPage","@id":"https:\/\/medicinasinc.com\/sk\/product\/kupit-citron-a-marihuana\/","url":"https:\/\/medicinasinc.com\/sk\/product\/kupit-citron-a-marihuana\/","name":"K\u00fapte si Lemon OG Marihuana kme\u0148 online \u2013 najlep\u0161ie glob\u00e1lne lieky","isPartOf":{"@id":"https:\/\/medicinasinc.com\/sk\/#website"},"primaryImageOfPage":{"@id":"https:\/\/medicinasinc.com\/sk\/product\/kupit-citron-a-marihuana\/#primaryimage"},"image":{"@id":"https:\/\/medicinasinc.com\/sk\/product\/kupit-citron-a-marihuana\/#primaryimage"},"thumbnailUrl":"https:\/\/medicinasinc.com\/sk\/wp-content\/uploads\/sites\/10\/2022\/02\/Buy-Lemon-OG.jpg","datePublished":"2022-02-20T18:51:43+00:00","dateModified":"2022-03-22T01:10:55+00:00","description":"K\u00fapte si Lemon OG marihuanu\u00a0(AA) na predaj v Eur\u00f3pe, Spojenom kr\u00e1\u013eovstve, Kanade v najv\u00e4\u010d\u0161ej online v\u00fddajni, Buy My Weed Online.","breadcrumb":{"@id":"https:\/\/medicinasinc.com\/sk\/product\/kupit-citron-a-marihuana\/#breadcrumb"},"inLanguage":"en-US","potentialAction":[{"@type":"ReadAction","target":["https:\/\/medicinasinc.com\/sk\/product\/kupit-citron-a-marihuana\/"]}]},{"@type":"ImageObject","inLanguage":"en-US","@id":"https:\/\/medicinasinc.com\/sk\/product\/kupit-citron-a-marihuana\/#primaryimage","url":"https:\/\/medicinasinc.com\/sk\/wp-content\/uploads\/sites\/10\/2022\/02\/Buy-Lemon-OG.jpg","contentUrl":"https:\/\/medicinasinc.com\/sk\/wp-content\/uploads\/sites\/10\/2022\/02\/Buy-Lemon-OG.jpg","width":2000,"height":2000},{"@type":"BreadcrumbList","@id":"https:\/\/medicinasinc.com\/sk\/product\/kupit-citron-a-marihuana\/#breadcrumb","itemListElement":[{"@type":"ListItem","position":1,"name":"Obchod","item":"https:\/\/medicinasinc.com\/sk\/obchod\/"},{"@type":"ListItem","position":2,"name":"K\u00fapte si Lemon OG Marihuana"}]},{"@type":"WebSite","@id":"https:\/\/medicinasinc.com\/sk\/#website","url":"https:\/\/medicinasinc.com\/sk\/","name":"Medicinas Inc","description":"Health Medical Clinic","potentialAction":[{"@type":"SearchAction","target":{"@type":"EntryPoint","urlTemplate":"https:\/\/medicinasinc.com\/sk\/?s={search_term_string}"},"query-input":{"@type":"PropertyValueSpecification","valueRequired":true,"valueName":"search_term_string"}}],"inLanguage":"en-US"}]}},"_links":{"self":[{"href":"https:\/\/medicinasinc.com\/sk\/wp-json\/wp\/v2\/product\/4995","targetHints":{"allow":["GET"]}}],"collection":[{"href":"https:\/\/medicinasinc.com\/sk\/wp-json\/wp\/v2\/product"}],"about":[{"href":"https:\/\/medicinasinc.com\/sk\/wp-json\/wp\/v2\/types\/product"}],"replies":[{"embeddable":true,"href":"https:\/\/medicinasinc.com\/sk\/wp-json\/wp\/v2\/comments?post=4995"}],"wp:featuredmedia":[{"embeddable":true,"href":"https:\/\/medicinasinc.com\/sk\/wp-json\/wp\/v2\/media\/5007"}],"wp:attachment":[{"href":"https:\/\/medicinasinc.com\/sk\/wp-json\/wp\/v2\/media?parent=4995"}],"wp:term":[{"taxonomy":"product_brand","embeddable":true,"href":"https:\/\/medicinasinc.com\/sk\/wp-json\/wp\/v2\/product_brand?post=4995"},{"taxonomy":"product_cat","embeddable":true,"href":"https:\/\/medicinasinc.com\/sk\/wp-json\/wp\/v2\/product_cat?post=4995"},{"taxonomy":"product_tag","embeddable":true,"href":"https:\/\/medicinasinc.com\/sk\/wp-json\/wp\/v2\/product_tag?post=4995"}],"curies":[{"name":"wp","href":"https:\/\/api.w.org\/{rel}","templated":true}]}}