{"id":4971,"date":"2022-02-20T18:31:57","date_gmt":"2022-02-20T18:31:57","guid":{"rendered":"https:\/\/medicinasinc.com\/sk\/?post_type=product&#038;p=4971"},"modified":"2022-03-22T01:11:04","modified_gmt":"2022-03-22T01:11:04","slug":"kupit-khalifa-kush","status":"publish","type":"product","link":"https:\/\/medicinasinc.com\/sk\/product\/kupit-khalifa-kush\/","title":{"rendered":"K\u00fapi\u0165 Khalifa Kush"},"content":{"rendered":"<p>Online n\u00e1kup marihuany Khalifa Kush.<\/p>\n<p>Online n\u00e1kup marihuany Khalifa Kush.<\/p>\n<p>Cerebr\u00e1lne, kreat\u00edvne, euforick\u00e9 a relaxa\u010dn\u00e9 \u00fa\u010dinky<br \/> M\u00f4\u017eu pom\u00f4c\u0165 pri \u00fa\u013eave Artrit\u00edda, chronick\u00e1 boles\u0165, depresia, \u00fanava, bolesti hlavy, strata chuti do jedla, migr\u00e9ny, nevo\u013enos\u0165, PTSD a stresov\u00e9 pr\u00edchute<br \/> Citr\u00f3n, citrus, borovica a sladk\u00e9<\/p>\n","protected":false},"excerpt":{"rendered":"<p>Online n\u00e1kup Khalifa Kush Khalifa Kush na predaj online Najlep\u0161ie lek\u00e1rske konope Khalifa na predaj v mojom okol\u00ed K\u00fapte si lek\u00e1rsku marihuanu online online n\u00e1kup lek\u00e1rskej marihuany.<\/p>\n<p>\u010co by ste mali vedie\u0165 pred zak\u00fapen\u00edm Wiz Khalifa OG? Wiz Khalifa OG, \u010dasto zn\u00e1my ako Khalifa Kush, je hybridn\u00fd kme\u0148 kanabisu. Nakupujte\u00a0online!<\/p>\n<p>Chu\u0165 a v\u00f4\u0148a khalifa kush s\u00fa citrusov\u00e9 a borovicov\u00e9. Pri medic\u00ednskom pou\u017eit\u00ed m\u00f4\u017ee by\u0165 khalifa kush \u00fa\u010dinn\u00fd pri \u00fanave, nap\u00e4t\u00ed, \u00fazkosti a depresii, zatia\u013e \u010do vysok\u00fd obsah CBD je vynikaj\u00faci pri v\u00e1\u017enej\u0161\u00edch poruch\u00e1ch. Koncentr\u00e1cia THC v Khalifa Kush sa pohybuje medzi 15 % a 29 %.<\/p>\n<p>OG Hybrid Genetics Citr\u00f3n x Zemit\u00fd x Borovicov\u00fd Kush \u0160\u0165astie \u00d7 Euf\u00f3ria x Relax x Kreativita x Povzn\u00e1\u0161aj\u00faci<\/p>\n<p>Online n\u00e1kup Khalifa Kush Marihuana.<\/p>\n<p>Dominantn\u00fd hybrid &#8211; 80 % Indica \/ 20 % Sativa THC: 24 \u2013 26 %<\/p>\n","protected":false},"featured_media":4985,"comment_status":"open","ping_status":"closed","template":"","meta":[],"product_brand":[],"product_cat":[778],"product_tag":[],"class_list":{"0":"post-4971","1":"product","2":"type-product","3":"status-publish","4":"has-post-thumbnail","6":"product_cat-burinu-na-predaj","8":"first","9":"instock","10":"shipping-taxable","11":"purchasable","12":"product-type-variable","13":"has-default-attributes"},"yoast_head":"<!-- This site is optimized with the Yoast SEO plugin v27.3 - https:\/\/yoast.com\/product\/yoast-seo-wordpress\/ -->\n<title>K\u00fapte si marihuanu Khalifa Kush online \u2013 najlep\u0161ie najlep\u0161ie glob\u00e1lne lieky<\/title>\n<meta name=\"description\" content=\"K\u00fapi\u0165 Khalifa Kush online Khalifa Kush na predaj online Najlep\u0161ie lek\u00e1rske konope Khalifa na predaj v mojom okol\u00ed K\u00fapi\u0165 lek\u00e1rske konope online K\u00fapi\u0165 lek\u00e1rsku marihuanu online.\" \/>\n<meta name=\"robots\" content=\"index, follow, max-snippet:-1, max-image-preview:large, max-video-preview:-1\" \/>\n<link rel=\"canonical\" href=\"https:\/\/medicinasinc.com\/sk\/product\/kupit-khalifa-kush\/\" \/>\n<meta property=\"og:locale\" content=\"en_US\" \/>\n<meta property=\"og:type\" content=\"article\" \/>\n<meta property=\"og:title\" content=\"K\u00fapte si marihuanu Khalifa Kush online \u2013 najlep\u0161ie najlep\u0161ie glob\u00e1lne lieky\" \/>\n<meta property=\"og:description\" content=\"K\u00fapi\u0165 Khalifa Kush online Khalifa Kush na predaj online Najlep\u0161ie lek\u00e1rske konope Khalifa na predaj v mojom okol\u00ed K\u00fapi\u0165 lek\u00e1rske konope online K\u00fapi\u0165 lek\u00e1rsku marihuanu online.\" \/>\n<meta property=\"og:url\" content=\"https:\/\/medicinasinc.com\/sk\/product\/kupit-khalifa-kush\/\" \/>\n<meta property=\"og:site_name\" content=\"Medicinas Inc\" \/>\n<meta property=\"article:modified_time\" content=\"2022-03-22T01:11:04+00:00\" \/>\n<meta property=\"og:image\" content=\"https:\/\/medicinasinc.com\/sk\/wp-content\/uploads\/sites\/10\/2022\/02\/Buy-Khalifa-Kush.jpeg\" \/>\n\t<meta property=\"og:image:width\" content=\"1141\" \/>\n\t<meta property=\"og:image:height\" content=\"1064\" \/>\n\t<meta property=\"og:image:type\" content=\"image\/jpeg\" \/>\n<meta name=\"twitter:card\" content=\"summary_large_image\" \/>\n<meta name=\"twitter:label1\" content=\"Est. reading time\" \/>\n\t<meta name=\"twitter:data1\" content=\"1 minute\" \/>\n<script type=\"application\/ld+json\" class=\"yoast-schema-graph\">{\"@context\":\"https:\\\/\\\/schema.org\",\"@graph\":[{\"@type\":\"WebPage\",\"@id\":\"https:\\\/\\\/medicinasinc.com\\\/sk\\\/product\\\/kupit-khalifa-kush\\\/\",\"url\":\"https:\\\/\\\/medicinasinc.com\\\/sk\\\/product\\\/kupit-khalifa-kush\\\/\",\"name\":\"K\u00fapte si marihuanu Khalifa Kush online \u2013 najlep\u0161ie najlep\u0161ie glob\u00e1lne lieky\",\"isPartOf\":{\"@id\":\"https:\\\/\\\/medicinasinc.com\\\/sk\\\/#website\"},\"primaryImageOfPage\":{\"@id\":\"https:\\\/\\\/medicinasinc.com\\\/sk\\\/product\\\/kupit-khalifa-kush\\\/#primaryimage\"},\"image\":{\"@id\":\"https:\\\/\\\/medicinasinc.com\\\/sk\\\/product\\\/kupit-khalifa-kush\\\/#primaryimage\"},\"thumbnailUrl\":\"https:\\\/\\\/medicinasinc.com\\\/sk\\\/wp-content\\\/uploads\\\/sites\\\/10\\\/2022\\\/02\\\/Buy-Khalifa-Kush.jpeg\",\"datePublished\":\"2022-02-20T18:31:57+00:00\",\"dateModified\":\"2022-03-22T01:11:04+00:00\",\"description\":\"K\u00fapi\u0165 Khalifa Kush online Khalifa Kush na predaj online Najlep\u0161ie lek\u00e1rske konope Khalifa na predaj v mojom okol\u00ed K\u00fapi\u0165 lek\u00e1rske konope online K\u00fapi\u0165 lek\u00e1rsku marihuanu online.\",\"breadcrumb\":{\"@id\":\"https:\\\/\\\/medicinasinc.com\\\/sk\\\/product\\\/kupit-khalifa-kush\\\/#breadcrumb\"},\"inLanguage\":\"en-US\",\"potentialAction\":[{\"@type\":\"ReadAction\",\"target\":[\"https:\\\/\\\/medicinasinc.com\\\/sk\\\/product\\\/kupit-khalifa-kush\\\/\"]}]},{\"@type\":\"ImageObject\",\"inLanguage\":\"en-US\",\"@id\":\"https:\\\/\\\/medicinasinc.com\\\/sk\\\/product\\\/kupit-khalifa-kush\\\/#primaryimage\",\"url\":\"https:\\\/\\\/medicinasinc.com\\\/sk\\\/wp-content\\\/uploads\\\/sites\\\/10\\\/2022\\\/02\\\/Buy-Khalifa-Kush.jpeg\",\"contentUrl\":\"https:\\\/\\\/medicinasinc.com\\\/sk\\\/wp-content\\\/uploads\\\/sites\\\/10\\\/2022\\\/02\\\/Buy-Khalifa-Kush.jpeg\",\"width\":1141,\"height\":1064},{\"@type\":\"BreadcrumbList\",\"@id\":\"https:\\\/\\\/medicinasinc.com\\\/sk\\\/product\\\/kupit-khalifa-kush\\\/#breadcrumb\",\"itemListElement\":[{\"@type\":\"ListItem\",\"position\":1,\"name\":\"Obchod\",\"item\":\"https:\\\/\\\/medicinasinc.com\\\/sk\\\/obchod\\\/\"},{\"@type\":\"ListItem\",\"position\":2,\"name\":\"K\u00fapi\u0165 Khalifa Kush\"}]},{\"@type\":\"WebSite\",\"@id\":\"https:\\\/\\\/medicinasinc.com\\\/sk\\\/#website\",\"url\":\"https:\\\/\\\/medicinasinc.com\\\/sk\\\/\",\"name\":\"Medicinas Inc\",\"description\":\"Health Medical Clinic\",\"potentialAction\":[{\"@type\":\"SearchAction\",\"target\":{\"@type\":\"EntryPoint\",\"urlTemplate\":\"https:\\\/\\\/medicinasinc.com\\\/sk\\\/?s={search_term_string}\"},\"query-input\":{\"@type\":\"PropertyValueSpecification\",\"valueRequired\":true,\"valueName\":\"search_term_string\"}}],\"inLanguage\":\"en-US\"}]}<\/script>\n<!-- \/ Yoast SEO plugin. -->","yoast_head_json":{"title":"K\u00fapte si marihuanu Khalifa Kush online \u2013 najlep\u0161ie najlep\u0161ie glob\u00e1lne lieky","description":"K\u00fapi\u0165 Khalifa Kush online Khalifa Kush na predaj online Najlep\u0161ie lek\u00e1rske konope Khalifa na predaj v mojom okol\u00ed K\u00fapi\u0165 lek\u00e1rske konope online K\u00fapi\u0165 lek\u00e1rsku marihuanu online.","robots":{"index":"index","follow":"follow","max-snippet":"max-snippet:-1","max-image-preview":"max-image-preview:large","max-video-preview":"max-video-preview:-1"},"canonical":"https:\/\/medicinasinc.com\/sk\/product\/kupit-khalifa-kush\/","og_locale":"en_US","og_type":"article","og_title":"K\u00fapte si marihuanu Khalifa Kush online \u2013 najlep\u0161ie najlep\u0161ie glob\u00e1lne lieky","og_description":"K\u00fapi\u0165 Khalifa Kush online Khalifa Kush na predaj online Najlep\u0161ie lek\u00e1rske konope Khalifa na predaj v mojom okol\u00ed K\u00fapi\u0165 lek\u00e1rske konope online K\u00fapi\u0165 lek\u00e1rsku marihuanu online.","og_url":"https:\/\/medicinasinc.com\/sk\/product\/kupit-khalifa-kush\/","og_site_name":"Medicinas Inc","article_modified_time":"2022-03-22T01:11:04+00:00","og_image":[{"width":1141,"height":1064,"url":"https:\/\/medicinasinc.com\/sk\/wp-content\/uploads\/sites\/10\/2022\/02\/Buy-Khalifa-Kush.jpeg","type":"image\/jpeg"}],"twitter_card":"summary_large_image","twitter_misc":{"Est. reading time":"1 minute"},"schema":{"@context":"https:\/\/schema.org","@graph":[{"@type":"WebPage","@id":"https:\/\/medicinasinc.com\/sk\/product\/kupit-khalifa-kush\/","url":"https:\/\/medicinasinc.com\/sk\/product\/kupit-khalifa-kush\/","name":"K\u00fapte si marihuanu Khalifa Kush online \u2013 najlep\u0161ie najlep\u0161ie glob\u00e1lne lieky","isPartOf":{"@id":"https:\/\/medicinasinc.com\/sk\/#website"},"primaryImageOfPage":{"@id":"https:\/\/medicinasinc.com\/sk\/product\/kupit-khalifa-kush\/#primaryimage"},"image":{"@id":"https:\/\/medicinasinc.com\/sk\/product\/kupit-khalifa-kush\/#primaryimage"},"thumbnailUrl":"https:\/\/medicinasinc.com\/sk\/wp-content\/uploads\/sites\/10\/2022\/02\/Buy-Khalifa-Kush.jpeg","datePublished":"2022-02-20T18:31:57+00:00","dateModified":"2022-03-22T01:11:04+00:00","description":"K\u00fapi\u0165 Khalifa Kush online Khalifa Kush na predaj online Najlep\u0161ie lek\u00e1rske konope Khalifa na predaj v mojom okol\u00ed K\u00fapi\u0165 lek\u00e1rske konope online K\u00fapi\u0165 lek\u00e1rsku marihuanu online.","breadcrumb":{"@id":"https:\/\/medicinasinc.com\/sk\/product\/kupit-khalifa-kush\/#breadcrumb"},"inLanguage":"en-US","potentialAction":[{"@type":"ReadAction","target":["https:\/\/medicinasinc.com\/sk\/product\/kupit-khalifa-kush\/"]}]},{"@type":"ImageObject","inLanguage":"en-US","@id":"https:\/\/medicinasinc.com\/sk\/product\/kupit-khalifa-kush\/#primaryimage","url":"https:\/\/medicinasinc.com\/sk\/wp-content\/uploads\/sites\/10\/2022\/02\/Buy-Khalifa-Kush.jpeg","contentUrl":"https:\/\/medicinasinc.com\/sk\/wp-content\/uploads\/sites\/10\/2022\/02\/Buy-Khalifa-Kush.jpeg","width":1141,"height":1064},{"@type":"BreadcrumbList","@id":"https:\/\/medicinasinc.com\/sk\/product\/kupit-khalifa-kush\/#breadcrumb","itemListElement":[{"@type":"ListItem","position":1,"name":"Obchod","item":"https:\/\/medicinasinc.com\/sk\/obchod\/"},{"@type":"ListItem","position":2,"name":"K\u00fapi\u0165 Khalifa Kush"}]},{"@type":"WebSite","@id":"https:\/\/medicinasinc.com\/sk\/#website","url":"https:\/\/medicinasinc.com\/sk\/","name":"Medicinas Inc","description":"Health Medical Clinic","potentialAction":[{"@type":"SearchAction","target":{"@type":"EntryPoint","urlTemplate":"https:\/\/medicinasinc.com\/sk\/?s={search_term_string}"},"query-input":{"@type":"PropertyValueSpecification","valueRequired":true,"valueName":"search_term_string"}}],"inLanguage":"en-US"}]}},"_links":{"self":[{"href":"https:\/\/medicinasinc.com\/sk\/wp-json\/wp\/v2\/product\/4971","targetHints":{"allow":["GET"]}}],"collection":[{"href":"https:\/\/medicinasinc.com\/sk\/wp-json\/wp\/v2\/product"}],"about":[{"href":"https:\/\/medicinasinc.com\/sk\/wp-json\/wp\/v2\/types\/product"}],"replies":[{"embeddable":true,"href":"https:\/\/medicinasinc.com\/sk\/wp-json\/wp\/v2\/comments?post=4971"}],"wp:featuredmedia":[{"embeddable":true,"href":"https:\/\/medicinasinc.com\/sk\/wp-json\/wp\/v2\/media\/4985"}],"wp:attachment":[{"href":"https:\/\/medicinasinc.com\/sk\/wp-json\/wp\/v2\/media?parent=4971"}],"wp:term":[{"taxonomy":"product_brand","embeddable":true,"href":"https:\/\/medicinasinc.com\/sk\/wp-json\/wp\/v2\/product_brand?post=4971"},{"taxonomy":"product_cat","embeddable":true,"href":"https:\/\/medicinasinc.com\/sk\/wp-json\/wp\/v2\/product_cat?post=4971"},{"taxonomy":"product_tag","embeddable":true,"href":"https:\/\/medicinasinc.com\/sk\/wp-json\/wp\/v2\/product_tag?post=4971"}],"curies":[{"name":"wp","href":"https:\/\/api.w.org\/{rel}","templated":true}]}}