{"id":4968,"date":"2022-02-20T18:28:25","date_gmt":"2022-02-20T18:28:25","guid":{"rendered":"https:\/\/medicinasinc.com\/sk\/?post_type=product&#038;p=4968"},"modified":"2022-03-22T01:11:25","modified_gmt":"2022-03-22T01:11:25","slug":"kupit-nekonecnu-euforiu-marihuanu","status":"publish","type":"product","link":"https:\/\/medicinasinc.com\/sk\/product\/kupit-nekonecnu-euforiu-marihuanu\/","title":{"rendered":"K\u00fapte si marihuanu Infinite Euphoria"},"content":{"rendered":"<p>K\u00fapte si Marihuana Infinite Euphoria Online.<\/p>\n<p>Kupte si Marihuana Infinite Euphoria Online.<\/p>\n<p>Energetick\u00e9, euforick\u00e9, \u0161\u0165astn\u00e9, pred\u013a\u017een\u00e9, povzn\u00e1\u0161aj\u00face \u00fa\u010dinky m\u00f4\u017eu zmierni\u0165 \u00fazkos\u0165, depresiu, \u00fanavu, zmeny n\u00e1lad, a stresov\u00e9 pr\u00edchute<br \/> Citrusy, ihli\u010die, skunky a sladk\u00e9<\/p>\n","protected":false},"excerpt":{"rendered":"<p>Nakupujte online marihuanu Infinite Euphoria. K\u00fapte si Infinite Euphoria Marihuana Hybrid &#8211; 50 % Sativa\/50 % Indica THC: 23 % &#8211; 29 %<\/p>\n","protected":false},"featured_media":4981,"comment_status":"open","ping_status":"closed","template":"","meta":[],"product_brand":[],"product_cat":[778],"product_tag":[852,853,878,854,855,856,859,860,862,863,864,865,867,858,861,868,872,871,870,869,857,866,455,873,875,883,881,884,877,876,879,880,874,882],"class_list":{"0":"post-4968","1":"product","2":"type-product","3":"status-publish","4":"has-post-thumbnail","6":"product_cat-burinu-na-predaj","7":"product_tag-100-sativa-kmeov","8":"product_tag-ak47-marijuana-grade-aa-sativa","9":"product_tag-usa-cannabis-olej","10":"product_tag-australia-weed-for-sale-online","11":"product_tag-best-sativa-strains-2020","12":"product_tag-best-sativa-strains-cartridge","13":"product_tag-buy-weed-online-colorado","14":"product_tag-buy-weed-online-legit","15":"product_tag-buy-weed-online-reddit","16":"product_tag-cannabis-oil-hemp-cbd-oil","17":"product_tag-denver-burina-na-predaj-v-usa","18":"product_tag-exotick-kmene-2020","19":"product_tag-khalifa-kush-grade-a-hybrid","20":"product_tag-kpi-burinu-online-lacno","21":"product_tag-buy-weed-online-nyc","22":"product_tag-legal-weed-for-sale-online","23":"product_tag-lekrska-marihuana-na-predaj-online","24":"product_tag-marihuana-marihuana-na-predaj","25":"product_tag-marihuana-na-predaj-v-colorade","26":"product_tag-marihuana-na-predaj-v-kalifornii","27":"product_tag-najlepie-sativa-kmene-pre-energiu-2020","28":"product_tag-najvnosnejie-sativa-kmene","29":"product_tag-kpi-marihuanu-online","30":"product_tag-nyc-burina-na-predaj-online","31":"product_tag-rare-sativa-strains","32":"product_tag-burina-na-predaj-online-v-kanade","33":"product_tag-trva-na-predaj-blzko-mne","34":"product_tag-burinu-online-burinu-online-na-predaj","35":"product_tag-uk-weed-for-sell-online","36":"product_tag-uk-burina-na-predaj-online","37":"product_tag-usa-marihuana-na-predaj-online","38":"product_tag-usa-burina-na-predaj","39":"product_tag-vonkajie-sativa-kmene","40":"product_tag-trva-na-predaj-online","42":"first","43":"instock","44":"shipping-taxable","45":"purchasable","46":"product-type-variable","47":"has-default-attributes"},"yoast_head":"<!-- This site is optimized with the Yoast SEO plugin v27.3 - https:\/\/yoast.com\/product\/yoast-seo-wordpress\/ -->\n<title>K\u00fapte si marihuanu Infinite Euphoria \u2013 najlep\u0161ie najlep\u0161ie glob\u00e1lne lieky<\/title>\n<meta name=\"description\" content=\"K\u00fapte si online marihuanu Infinite Euphoria na predaj. K\u00fapi\u0165 Infinite Euphoria Marihuana Hybrid \u2013 50 % Sativa \/ 50 % Indica THC: 23 % \u2013 29 %\" \/>\n<meta name=\"robots\" content=\"index, follow, max-snippet:-1, max-image-preview:large, max-video-preview:-1\" \/>\n<link rel=\"canonical\" href=\"https:\/\/medicinasinc.com\/sk\/product\/kupit-nekonecnu-euforiu-marihuanu\/\" \/>\n<meta property=\"og:locale\" content=\"en_US\" \/>\n<meta property=\"og:type\" content=\"article\" \/>\n<meta property=\"og:title\" content=\"K\u00fapte si marihuanu Infinite Euphoria \u2013 najlep\u0161ie najlep\u0161ie glob\u00e1lne lieky\" \/>\n<meta property=\"og:description\" content=\"K\u00fapte si online marihuanu Infinite Euphoria na predaj. K\u00fapi\u0165 Infinite Euphoria Marihuana Hybrid \u2013 50 % Sativa \/ 50 % Indica THC: 23 % \u2013 29 %\" \/>\n<meta property=\"og:url\" content=\"https:\/\/medicinasinc.com\/sk\/product\/kupit-nekonecnu-euforiu-marihuanu\/\" \/>\n<meta property=\"og:site_name\" content=\"Medicinas Inc\" \/>\n<meta property=\"article:modified_time\" content=\"2022-03-22T01:11:25+00:00\" \/>\n<meta property=\"og:image\" content=\"https:\/\/medicinasinc.com\/sk\/wp-content\/uploads\/sites\/10\/2022\/02\/Buy-Infinite-Euphoria-Marijuana.jpg\" \/>\n\t<meta property=\"og:image:width\" content=\"225\" \/>\n\t<meta property=\"og:image:height\" content=\"225\" \/>\n\t<meta property=\"og:image:type\" content=\"image\/jpeg\" \/>\n<meta name=\"twitter:card\" content=\"summary_large_image\" \/>\n<meta name=\"twitter:label1\" content=\"Est. reading time\" \/>\n\t<meta name=\"twitter:data1\" content=\"1 minute\" \/>\n<script type=\"application\/ld+json\" class=\"yoast-schema-graph\">{\"@context\":\"https:\\\/\\\/schema.org\",\"@graph\":[{\"@type\":\"WebPage\",\"@id\":\"https:\\\/\\\/medicinasinc.com\\\/sk\\\/product\\\/kupit-nekonecnu-euforiu-marihuanu\\\/\",\"url\":\"https:\\\/\\\/medicinasinc.com\\\/sk\\\/product\\\/kupit-nekonecnu-euforiu-marihuanu\\\/\",\"name\":\"K\u00fapte si marihuanu Infinite Euphoria \u2013 najlep\u0161ie najlep\u0161ie glob\u00e1lne lieky\",\"isPartOf\":{\"@id\":\"https:\\\/\\\/medicinasinc.com\\\/sk\\\/#website\"},\"primaryImageOfPage\":{\"@id\":\"https:\\\/\\\/medicinasinc.com\\\/sk\\\/product\\\/kupit-nekonecnu-euforiu-marihuanu\\\/#primaryimage\"},\"image\":{\"@id\":\"https:\\\/\\\/medicinasinc.com\\\/sk\\\/product\\\/kupit-nekonecnu-euforiu-marihuanu\\\/#primaryimage\"},\"thumbnailUrl\":\"https:\\\/\\\/medicinasinc.com\\\/sk\\\/wp-content\\\/uploads\\\/sites\\\/10\\\/2022\\\/02\\\/Buy-Infinite-Euphoria-Marijuana.jpg\",\"datePublished\":\"2022-02-20T18:28:25+00:00\",\"dateModified\":\"2022-03-22T01:11:25+00:00\",\"description\":\"K\u00fapte si online marihuanu Infinite Euphoria na predaj. K\u00fapi\u0165 Infinite Euphoria Marihuana Hybrid \u2013 50 % Sativa \\\/ 50 % Indica THC: 23 % \u2013 29 %\",\"breadcrumb\":{\"@id\":\"https:\\\/\\\/medicinasinc.com\\\/sk\\\/product\\\/kupit-nekonecnu-euforiu-marihuanu\\\/#breadcrumb\"},\"inLanguage\":\"en-US\",\"potentialAction\":[{\"@type\":\"ReadAction\",\"target\":[\"https:\\\/\\\/medicinasinc.com\\\/sk\\\/product\\\/kupit-nekonecnu-euforiu-marihuanu\\\/\"]}]},{\"@type\":\"ImageObject\",\"inLanguage\":\"en-US\",\"@id\":\"https:\\\/\\\/medicinasinc.com\\\/sk\\\/product\\\/kupit-nekonecnu-euforiu-marihuanu\\\/#primaryimage\",\"url\":\"https:\\\/\\\/medicinasinc.com\\\/sk\\\/wp-content\\\/uploads\\\/sites\\\/10\\\/2022\\\/02\\\/Buy-Infinite-Euphoria-Marijuana.jpg\",\"contentUrl\":\"https:\\\/\\\/medicinasinc.com\\\/sk\\\/wp-content\\\/uploads\\\/sites\\\/10\\\/2022\\\/02\\\/Buy-Infinite-Euphoria-Marijuana.jpg\",\"width\":225,\"height\":225},{\"@type\":\"BreadcrumbList\",\"@id\":\"https:\\\/\\\/medicinasinc.com\\\/sk\\\/product\\\/kupit-nekonecnu-euforiu-marihuanu\\\/#breadcrumb\",\"itemListElement\":[{\"@type\":\"ListItem\",\"position\":1,\"name\":\"Obchod\",\"item\":\"https:\\\/\\\/medicinasinc.com\\\/sk\\\/obchod\\\/\"},{\"@type\":\"ListItem\",\"position\":2,\"name\":\"K\u00fapte si marihuanu Infinite Euphoria\"}]},{\"@type\":\"WebSite\",\"@id\":\"https:\\\/\\\/medicinasinc.com\\\/sk\\\/#website\",\"url\":\"https:\\\/\\\/medicinasinc.com\\\/sk\\\/\",\"name\":\"Medicinas Inc\",\"description\":\"Health Medical Clinic\",\"potentialAction\":[{\"@type\":\"SearchAction\",\"target\":{\"@type\":\"EntryPoint\",\"urlTemplate\":\"https:\\\/\\\/medicinasinc.com\\\/sk\\\/?s={search_term_string}\"},\"query-input\":{\"@type\":\"PropertyValueSpecification\",\"valueRequired\":true,\"valueName\":\"search_term_string\"}}],\"inLanguage\":\"en-US\"}]}<\/script>\n<!-- \/ Yoast SEO plugin. -->","yoast_head_json":{"title":"K\u00fapte si marihuanu Infinite Euphoria \u2013 najlep\u0161ie najlep\u0161ie glob\u00e1lne lieky","description":"K\u00fapte si online marihuanu Infinite Euphoria na predaj. K\u00fapi\u0165 Infinite Euphoria Marihuana Hybrid \u2013 50 % Sativa \/ 50 % Indica THC: 23 % \u2013 29 %","robots":{"index":"index","follow":"follow","max-snippet":"max-snippet:-1","max-image-preview":"max-image-preview:large","max-video-preview":"max-video-preview:-1"},"canonical":"https:\/\/medicinasinc.com\/sk\/product\/kupit-nekonecnu-euforiu-marihuanu\/","og_locale":"en_US","og_type":"article","og_title":"K\u00fapte si marihuanu Infinite Euphoria \u2013 najlep\u0161ie najlep\u0161ie glob\u00e1lne lieky","og_description":"K\u00fapte si online marihuanu Infinite Euphoria na predaj. K\u00fapi\u0165 Infinite Euphoria Marihuana Hybrid \u2013 50 % Sativa \/ 50 % Indica THC: 23 % \u2013 29 %","og_url":"https:\/\/medicinasinc.com\/sk\/product\/kupit-nekonecnu-euforiu-marihuanu\/","og_site_name":"Medicinas Inc","article_modified_time":"2022-03-22T01:11:25+00:00","og_image":[{"width":225,"height":225,"url":"https:\/\/medicinasinc.com\/sk\/wp-content\/uploads\/sites\/10\/2022\/02\/Buy-Infinite-Euphoria-Marijuana.jpg","type":"image\/jpeg"}],"twitter_card":"summary_large_image","twitter_misc":{"Est. reading time":"1 minute"},"schema":{"@context":"https:\/\/schema.org","@graph":[{"@type":"WebPage","@id":"https:\/\/medicinasinc.com\/sk\/product\/kupit-nekonecnu-euforiu-marihuanu\/","url":"https:\/\/medicinasinc.com\/sk\/product\/kupit-nekonecnu-euforiu-marihuanu\/","name":"K\u00fapte si marihuanu Infinite Euphoria \u2013 najlep\u0161ie najlep\u0161ie glob\u00e1lne lieky","isPartOf":{"@id":"https:\/\/medicinasinc.com\/sk\/#website"},"primaryImageOfPage":{"@id":"https:\/\/medicinasinc.com\/sk\/product\/kupit-nekonecnu-euforiu-marihuanu\/#primaryimage"},"image":{"@id":"https:\/\/medicinasinc.com\/sk\/product\/kupit-nekonecnu-euforiu-marihuanu\/#primaryimage"},"thumbnailUrl":"https:\/\/medicinasinc.com\/sk\/wp-content\/uploads\/sites\/10\/2022\/02\/Buy-Infinite-Euphoria-Marijuana.jpg","datePublished":"2022-02-20T18:28:25+00:00","dateModified":"2022-03-22T01:11:25+00:00","description":"K\u00fapte si online marihuanu Infinite Euphoria na predaj. K\u00fapi\u0165 Infinite Euphoria Marihuana Hybrid \u2013 50 % Sativa \/ 50 % Indica THC: 23 % \u2013 29 %","breadcrumb":{"@id":"https:\/\/medicinasinc.com\/sk\/product\/kupit-nekonecnu-euforiu-marihuanu\/#breadcrumb"},"inLanguage":"en-US","potentialAction":[{"@type":"ReadAction","target":["https:\/\/medicinasinc.com\/sk\/product\/kupit-nekonecnu-euforiu-marihuanu\/"]}]},{"@type":"ImageObject","inLanguage":"en-US","@id":"https:\/\/medicinasinc.com\/sk\/product\/kupit-nekonecnu-euforiu-marihuanu\/#primaryimage","url":"https:\/\/medicinasinc.com\/sk\/wp-content\/uploads\/sites\/10\/2022\/02\/Buy-Infinite-Euphoria-Marijuana.jpg","contentUrl":"https:\/\/medicinasinc.com\/sk\/wp-content\/uploads\/sites\/10\/2022\/02\/Buy-Infinite-Euphoria-Marijuana.jpg","width":225,"height":225},{"@type":"BreadcrumbList","@id":"https:\/\/medicinasinc.com\/sk\/product\/kupit-nekonecnu-euforiu-marihuanu\/#breadcrumb","itemListElement":[{"@type":"ListItem","position":1,"name":"Obchod","item":"https:\/\/medicinasinc.com\/sk\/obchod\/"},{"@type":"ListItem","position":2,"name":"K\u00fapte si marihuanu Infinite Euphoria"}]},{"@type":"WebSite","@id":"https:\/\/medicinasinc.com\/sk\/#website","url":"https:\/\/medicinasinc.com\/sk\/","name":"Medicinas Inc","description":"Health Medical Clinic","potentialAction":[{"@type":"SearchAction","target":{"@type":"EntryPoint","urlTemplate":"https:\/\/medicinasinc.com\/sk\/?s={search_term_string}"},"query-input":{"@type":"PropertyValueSpecification","valueRequired":true,"valueName":"search_term_string"}}],"inLanguage":"en-US"}]}},"_links":{"self":[{"href":"https:\/\/medicinasinc.com\/sk\/wp-json\/wp\/v2\/product\/4968","targetHints":{"allow":["GET"]}}],"collection":[{"href":"https:\/\/medicinasinc.com\/sk\/wp-json\/wp\/v2\/product"}],"about":[{"href":"https:\/\/medicinasinc.com\/sk\/wp-json\/wp\/v2\/types\/product"}],"replies":[{"embeddable":true,"href":"https:\/\/medicinasinc.com\/sk\/wp-json\/wp\/v2\/comments?post=4968"}],"wp:featuredmedia":[{"embeddable":true,"href":"https:\/\/medicinasinc.com\/sk\/wp-json\/wp\/v2\/media\/4981"}],"wp:attachment":[{"href":"https:\/\/medicinasinc.com\/sk\/wp-json\/wp\/v2\/media?parent=4968"}],"wp:term":[{"taxonomy":"product_brand","embeddable":true,"href":"https:\/\/medicinasinc.com\/sk\/wp-json\/wp\/v2\/product_brand?post=4968"},{"taxonomy":"product_cat","embeddable":true,"href":"https:\/\/medicinasinc.com\/sk\/wp-json\/wp\/v2\/product_cat?post=4968"},{"taxonomy":"product_tag","embeddable":true,"href":"https:\/\/medicinasinc.com\/sk\/wp-json\/wp\/v2\/product_tag?post=4968"}],"curies":[{"name":"wp","href":"https:\/\/api.w.org\/{rel}","templated":true}]}}