{"id":4953,"date":"2022-02-20T18:14:51","date_gmt":"2022-02-20T18:14:51","guid":{"rendered":"https:\/\/medicinasinc.com\/sk\/?post_type=product&#038;p=4953"},"modified":"2022-03-22T01:11:44","modified_gmt":"2022-03-22T01:11:44","slug":"kupit-dedko-fialovy-kmen","status":"publish","type":"product","link":"https:\/\/medicinasinc.com\/sk\/product\/kupit-dedko-fialovy-kmen\/","title":{"rendered":"K\u00fapi\u0165 Granddaddy Purple Strain"},"content":{"rendered":"<p>K\u00fapte si fialov\u00fa marihuanu Granddaddy online.<\/p>\n<p>Zak\u00fapte si fialov\u00fa marihuanu Granddaddy online.<\/p>\n<p>Kme\u0148 marihuany Granddaddy Purple je hybrid \u2013 Kme\u0148 marihuany Granddaddy Purple je hybrid \u2013 50 % Sativa \/ 50 % Indica THC: 20 % \u2013 27 %, CBD: 1 %<\/p>\n<p>Cerebr\u00e1lne, Euf\u00f3ria, \u0160\u0165astie, Hlad, Relaxa\u010dn\u00e9 \u00fa\u010dinky<br \/> M\u00f4\u017ee pom\u00f4c\u0165 pri \u00fa\u013eave od artrit\u00eddy, chronickej bolesti, depresie, nespavosti, Strata chuti do jedla, migr\u00e9ny, svalov\u00e9 k\u0155\u010de, PTSD a pr\u00edchute stresu<br \/> Ovocn\u00e9, hroznov\u00e9, borovicov\u00e9 a sladk\u00e9<\/p>\n","protected":false},"excerpt":{"rendered":"<p>\u010co by ste mali vedie\u0165 pred k\u00fapou Granddaddy Purple? Okrem toho je tento kme\u0148 zn\u00e1my ako GDP a je zn\u00e1mym kr\u00ed\u017eencom Indica Purple Urkle a Big Bud.<\/p>\n<p>Nakupujte marihuanu Granddaddy Purple online.<\/p>\n<p>Kanada Best Mail Order WEED ! M\u00e1te z\u00e1ujem o n\u00e1kup lek\u00e1rskej marihuany online v Kanade?<\/p>\n<p>&nbsp;<\/p>\n<p>&nbsp;<\/p>\n","protected":false},"featured_media":4967,"comment_status":"open","ping_status":"closed","template":"","meta":[],"product_brand":[],"product_cat":[778],"product_tag":[836,841,842,838,837,839,840,835],"class_list":{"0":"post-4953","1":"product","2":"type-product","3":"status-publish","4":"has-post-thumbnail","6":"product_cat-burinu-na-predaj","7":"product_tag-ceny-starho-otca","8":"product_tag-purpurovo-kush","9":"product_tag-purpurovo-urkle","10":"product_tag-star-otec-fialov-kme-indica-alebo-sativa","11":"product_tag-star-ocko-fialov-olej","12":"product_tag-granddaddy-purple-near-me","13":"product_tag-dedko-fialov-c3-a9-kme-c5-88ov-c3-a9-obr-c3-a1zky","14":"product_tag-star-ocko-purp-vozk","16":"first","17":"instock","18":"shipping-taxable","19":"purchasable","20":"product-type-simple"},"yoast_head":"<!-- This site is optimized with the Yoast SEO plugin v27.3 - https:\/\/yoast.com\/product\/yoast-seo-wordpress\/ -->\n<title>K\u00fapte si purpurov\u00fd kme\u0148 Granddaddy \u2013 najlep\u0161ie glob\u00e1lne lieky<\/title>\n<meta name=\"description\" content=\"\u010co by ste mali vedie\u0165 predt\u00fdm, ako si k\u00fapite kme\u0148 Granddaddy Purple? Tento kme\u0148, ozna\u010dovan\u00fd aj ako GDP, je sl\u00e1vny kr\u00ed\u017eenec Indica medzi Purple Urkle a Big Bud.\" \/>\n<meta name=\"robots\" content=\"index, follow, max-snippet:-1, max-image-preview:large, max-video-preview:-1\" \/>\n<link rel=\"canonical\" href=\"https:\/\/medicinasinc.com\/sk\/product\/kupit-dedko-fialovy-kmen\/\" \/>\n<meta property=\"og:locale\" content=\"en_US\" \/>\n<meta property=\"og:type\" content=\"article\" \/>\n<meta property=\"og:title\" content=\"K\u00fapte si purpurov\u00fd kme\u0148 Granddaddy \u2013 najlep\u0161ie glob\u00e1lne lieky\" \/>\n<meta property=\"og:description\" content=\"\u010co by ste mali vedie\u0165 predt\u00fdm, ako si k\u00fapite kme\u0148 Granddaddy Purple? Tento kme\u0148, ozna\u010dovan\u00fd aj ako GDP, je sl\u00e1vny kr\u00ed\u017eenec Indica medzi Purple Urkle a Big Bud.\" \/>\n<meta property=\"og:url\" content=\"https:\/\/medicinasinc.com\/sk\/product\/kupit-dedko-fialovy-kmen\/\" \/>\n<meta property=\"og:site_name\" content=\"Medicinas Inc\" \/>\n<meta property=\"article:modified_time\" content=\"2022-03-22T01:11:44+00:00\" \/>\n<meta property=\"og:image\" content=\"https:\/\/medicinasinc.com\/sk\/wp-content\/uploads\/sites\/10\/2022\/02\/Buy-Granddaddy-Purple-Strain.jpg\" \/>\n\t<meta property=\"og:image:width\" content=\"1822\" \/>\n\t<meta property=\"og:image:height\" content=\"2429\" \/>\n\t<meta property=\"og:image:type\" content=\"image\/jpeg\" \/>\n<meta name=\"twitter:card\" content=\"summary_large_image\" \/>\n<meta name=\"twitter:label1\" content=\"Est. reading time\" \/>\n\t<meta name=\"twitter:data1\" content=\"1 minute\" \/>\n<script type=\"application\/ld+json\" class=\"yoast-schema-graph\">{\"@context\":\"https:\\\/\\\/schema.org\",\"@graph\":[{\"@type\":\"WebPage\",\"@id\":\"https:\\\/\\\/medicinasinc.com\\\/sk\\\/product\\\/kupit-dedko-fialovy-kmen\\\/\",\"url\":\"https:\\\/\\\/medicinasinc.com\\\/sk\\\/product\\\/kupit-dedko-fialovy-kmen\\\/\",\"name\":\"K\u00fapte si purpurov\u00fd kme\u0148 Granddaddy \u2013 najlep\u0161ie glob\u00e1lne lieky\",\"isPartOf\":{\"@id\":\"https:\\\/\\\/medicinasinc.com\\\/sk\\\/#website\"},\"primaryImageOfPage\":{\"@id\":\"https:\\\/\\\/medicinasinc.com\\\/sk\\\/product\\\/kupit-dedko-fialovy-kmen\\\/#primaryimage\"},\"image\":{\"@id\":\"https:\\\/\\\/medicinasinc.com\\\/sk\\\/product\\\/kupit-dedko-fialovy-kmen\\\/#primaryimage\"},\"thumbnailUrl\":\"https:\\\/\\\/medicinasinc.com\\\/sk\\\/wp-content\\\/uploads\\\/sites\\\/10\\\/2022\\\/02\\\/Buy-Granddaddy-Purple-Strain.jpg\",\"datePublished\":\"2022-02-20T18:14:51+00:00\",\"dateModified\":\"2022-03-22T01:11:44+00:00\",\"description\":\"\u010co by ste mali vedie\u0165 predt\u00fdm, ako si k\u00fapite kme\u0148 Granddaddy Purple? Tento kme\u0148, ozna\u010dovan\u00fd aj ako GDP, je sl\u00e1vny kr\u00ed\u017eenec Indica medzi Purple Urkle a Big Bud.\",\"breadcrumb\":{\"@id\":\"https:\\\/\\\/medicinasinc.com\\\/sk\\\/product\\\/kupit-dedko-fialovy-kmen\\\/#breadcrumb\"},\"inLanguage\":\"en-US\",\"potentialAction\":[{\"@type\":\"ReadAction\",\"target\":[\"https:\\\/\\\/medicinasinc.com\\\/sk\\\/product\\\/kupit-dedko-fialovy-kmen\\\/\"]}]},{\"@type\":\"ImageObject\",\"inLanguage\":\"en-US\",\"@id\":\"https:\\\/\\\/medicinasinc.com\\\/sk\\\/product\\\/kupit-dedko-fialovy-kmen\\\/#primaryimage\",\"url\":\"https:\\\/\\\/medicinasinc.com\\\/sk\\\/wp-content\\\/uploads\\\/sites\\\/10\\\/2022\\\/02\\\/Buy-Granddaddy-Purple-Strain.jpg\",\"contentUrl\":\"https:\\\/\\\/medicinasinc.com\\\/sk\\\/wp-content\\\/uploads\\\/sites\\\/10\\\/2022\\\/02\\\/Buy-Granddaddy-Purple-Strain.jpg\",\"width\":1822,\"height\":2429},{\"@type\":\"BreadcrumbList\",\"@id\":\"https:\\\/\\\/medicinasinc.com\\\/sk\\\/product\\\/kupit-dedko-fialovy-kmen\\\/#breadcrumb\",\"itemListElement\":[{\"@type\":\"ListItem\",\"position\":1,\"name\":\"Obchod\",\"item\":\"https:\\\/\\\/medicinasinc.com\\\/sk\\\/obchod\\\/\"},{\"@type\":\"ListItem\",\"position\":2,\"name\":\"K\u00fapi\u0165 Granddaddy Purple Strain\"}]},{\"@type\":\"WebSite\",\"@id\":\"https:\\\/\\\/medicinasinc.com\\\/sk\\\/#website\",\"url\":\"https:\\\/\\\/medicinasinc.com\\\/sk\\\/\",\"name\":\"Medicinas Inc\",\"description\":\"Health Medical Clinic\",\"potentialAction\":[{\"@type\":\"SearchAction\",\"target\":{\"@type\":\"EntryPoint\",\"urlTemplate\":\"https:\\\/\\\/medicinasinc.com\\\/sk\\\/?s={search_term_string}\"},\"query-input\":{\"@type\":\"PropertyValueSpecification\",\"valueRequired\":true,\"valueName\":\"search_term_string\"}}],\"inLanguage\":\"en-US\"}]}<\/script>\n<!-- \/ Yoast SEO plugin. -->","yoast_head_json":{"title":"K\u00fapte si purpurov\u00fd kme\u0148 Granddaddy \u2013 najlep\u0161ie glob\u00e1lne lieky","description":"\u010co by ste mali vedie\u0165 predt\u00fdm, ako si k\u00fapite kme\u0148 Granddaddy Purple? Tento kme\u0148, ozna\u010dovan\u00fd aj ako GDP, je sl\u00e1vny kr\u00ed\u017eenec Indica medzi Purple Urkle a Big Bud.","robots":{"index":"index","follow":"follow","max-snippet":"max-snippet:-1","max-image-preview":"max-image-preview:large","max-video-preview":"max-video-preview:-1"},"canonical":"https:\/\/medicinasinc.com\/sk\/product\/kupit-dedko-fialovy-kmen\/","og_locale":"en_US","og_type":"article","og_title":"K\u00fapte si purpurov\u00fd kme\u0148 Granddaddy \u2013 najlep\u0161ie glob\u00e1lne lieky","og_description":"\u010co by ste mali vedie\u0165 predt\u00fdm, ako si k\u00fapite kme\u0148 Granddaddy Purple? Tento kme\u0148, ozna\u010dovan\u00fd aj ako GDP, je sl\u00e1vny kr\u00ed\u017eenec Indica medzi Purple Urkle a Big Bud.","og_url":"https:\/\/medicinasinc.com\/sk\/product\/kupit-dedko-fialovy-kmen\/","og_site_name":"Medicinas Inc","article_modified_time":"2022-03-22T01:11:44+00:00","og_image":[{"width":1822,"height":2429,"url":"https:\/\/medicinasinc.com\/sk\/wp-content\/uploads\/sites\/10\/2022\/02\/Buy-Granddaddy-Purple-Strain.jpg","type":"image\/jpeg"}],"twitter_card":"summary_large_image","twitter_misc":{"Est. reading time":"1 minute"},"schema":{"@context":"https:\/\/schema.org","@graph":[{"@type":"WebPage","@id":"https:\/\/medicinasinc.com\/sk\/product\/kupit-dedko-fialovy-kmen\/","url":"https:\/\/medicinasinc.com\/sk\/product\/kupit-dedko-fialovy-kmen\/","name":"K\u00fapte si purpurov\u00fd kme\u0148 Granddaddy \u2013 najlep\u0161ie glob\u00e1lne lieky","isPartOf":{"@id":"https:\/\/medicinasinc.com\/sk\/#website"},"primaryImageOfPage":{"@id":"https:\/\/medicinasinc.com\/sk\/product\/kupit-dedko-fialovy-kmen\/#primaryimage"},"image":{"@id":"https:\/\/medicinasinc.com\/sk\/product\/kupit-dedko-fialovy-kmen\/#primaryimage"},"thumbnailUrl":"https:\/\/medicinasinc.com\/sk\/wp-content\/uploads\/sites\/10\/2022\/02\/Buy-Granddaddy-Purple-Strain.jpg","datePublished":"2022-02-20T18:14:51+00:00","dateModified":"2022-03-22T01:11:44+00:00","description":"\u010co by ste mali vedie\u0165 predt\u00fdm, ako si k\u00fapite kme\u0148 Granddaddy Purple? Tento kme\u0148, ozna\u010dovan\u00fd aj ako GDP, je sl\u00e1vny kr\u00ed\u017eenec Indica medzi Purple Urkle a Big Bud.","breadcrumb":{"@id":"https:\/\/medicinasinc.com\/sk\/product\/kupit-dedko-fialovy-kmen\/#breadcrumb"},"inLanguage":"en-US","potentialAction":[{"@type":"ReadAction","target":["https:\/\/medicinasinc.com\/sk\/product\/kupit-dedko-fialovy-kmen\/"]}]},{"@type":"ImageObject","inLanguage":"en-US","@id":"https:\/\/medicinasinc.com\/sk\/product\/kupit-dedko-fialovy-kmen\/#primaryimage","url":"https:\/\/medicinasinc.com\/sk\/wp-content\/uploads\/sites\/10\/2022\/02\/Buy-Granddaddy-Purple-Strain.jpg","contentUrl":"https:\/\/medicinasinc.com\/sk\/wp-content\/uploads\/sites\/10\/2022\/02\/Buy-Granddaddy-Purple-Strain.jpg","width":1822,"height":2429},{"@type":"BreadcrumbList","@id":"https:\/\/medicinasinc.com\/sk\/product\/kupit-dedko-fialovy-kmen\/#breadcrumb","itemListElement":[{"@type":"ListItem","position":1,"name":"Obchod","item":"https:\/\/medicinasinc.com\/sk\/obchod\/"},{"@type":"ListItem","position":2,"name":"K\u00fapi\u0165 Granddaddy Purple Strain"}]},{"@type":"WebSite","@id":"https:\/\/medicinasinc.com\/sk\/#website","url":"https:\/\/medicinasinc.com\/sk\/","name":"Medicinas Inc","description":"Health Medical Clinic","potentialAction":[{"@type":"SearchAction","target":{"@type":"EntryPoint","urlTemplate":"https:\/\/medicinasinc.com\/sk\/?s={search_term_string}"},"query-input":{"@type":"PropertyValueSpecification","valueRequired":true,"valueName":"search_term_string"}}],"inLanguage":"en-US"}]}},"_links":{"self":[{"href":"https:\/\/medicinasinc.com\/sk\/wp-json\/wp\/v2\/product\/4953","targetHints":{"allow":["GET"]}}],"collection":[{"href":"https:\/\/medicinasinc.com\/sk\/wp-json\/wp\/v2\/product"}],"about":[{"href":"https:\/\/medicinasinc.com\/sk\/wp-json\/wp\/v2\/types\/product"}],"replies":[{"embeddable":true,"href":"https:\/\/medicinasinc.com\/sk\/wp-json\/wp\/v2\/comments?post=4953"}],"wp:featuredmedia":[{"embeddable":true,"href":"https:\/\/medicinasinc.com\/sk\/wp-json\/wp\/v2\/media\/4967"}],"wp:attachment":[{"href":"https:\/\/medicinasinc.com\/sk\/wp-json\/wp\/v2\/media?parent=4953"}],"wp:term":[{"taxonomy":"product_brand","embeddable":true,"href":"https:\/\/medicinasinc.com\/sk\/wp-json\/wp\/v2\/product_brand?post=4953"},{"taxonomy":"product_cat","embeddable":true,"href":"https:\/\/medicinasinc.com\/sk\/wp-json\/wp\/v2\/product_cat?post=4953"},{"taxonomy":"product_tag","embeddable":true,"href":"https:\/\/medicinasinc.com\/sk\/wp-json\/wp\/v2\/product_tag?post=4953"}],"curies":[{"name":"wp","href":"https:\/\/api.w.org\/{rel}","templated":true}]}}