{"id":4946,"date":"2022-02-20T18:08:57","date_gmt":"2022-02-20T18:08:57","guid":{"rendered":"https:\/\/medicinasinc.com\/sk\/?post_type=product&#038;p=4946"},"modified":"2022-03-22T01:11:52","modified_gmt":"2022-03-22T01:11:52","slug":"kup-gorila-susienka-marihuana","status":"publish","type":"product","link":"https:\/\/medicinasinc.com\/sk\/product\/kup-gorila-susienka-marihuana\/","title":{"rendered":"K\u00fapte si marihuanu Gorilla Biscuit"},"content":{"rendered":"<h1><\/h1>\n<p>Online n\u00e1kup kme\u0148a marihuany Gorilla Biscuit.<\/p>\n<p>Online n\u00e1kup kme\u0148a Gorilla Biscuit Marihuana.<\/p>\n<p>Marihuana z goril\u00edch su\u0161ienok je Indica. Dominantn\u00fd hybrid \u2013 60 % Indica \/ 40 % Sativa Obsah THC v sative: 15 % \u2013 20 %<\/p>\n<p>Nabudenie, euf\u00f3ria, hlad, relax\u00e1cia a ospalos\u0165<br \/> M\u00f4\u017ee pom\u00f4c\u0165 pri lie\u010dbe anorexie, k\u0155\u010dov , Depresia, nespavos\u0165 a pr\u00edchute stresu<br \/> Ar\u00f3ma k\u00e1vy, citr\u00f3nu a borovice<br \/> Zemit\u00e1, \u0161tip\u013eav\u00e1 a korenist\u00e1<\/p>\n<p>Gorilla Biscuit od Seeds of Compassion je strih poch\u00e1dzaj\u00faci z dominancie Indie zo spojenia fenotypov Sensi Star&#8217;s Terpentine a Stardawg IX. T\u00e1to nezvy\u010dajn\u00e1 a dos\u0165 starod\u00e1vna zmes je pomenovan\u00e1 po metaqualone, \u010dasto zn\u00e1mom ako quaaludes, lieku s upokojuj\u00facim a exotick\u00fdm \u00fa\u010dinkom na telo. Jeho majetok pokra\u010duje podobne upokojuj\u00facim sp\u00f4sobom, tak\u017ee pr\u00edvesky s\u00fa \u0165a\u017ek\u00e9 a vo\u013en\u00e9. Gorilla Biscuit m\u00e1 siln\u00fd terp\u00e9nov\u00fd profil so silnou ar\u00f3mou borovicov\u00e9ho s\u00f3lu a k\u00e1vov\u00fdch z\u0155n.<\/p>\n<p>Kme\u0148 Gorilla Biscuits: Skuto\u010dn\u00fd kme\u0148 Gorilla OG sa postupne rozv\u00edja a z\u00edskava do stavu nad\u0161enia, ktor\u00e9 trv\u00e1 dlho dlh\u0161iu dobu. Akon\u00e1hle sa jej veci \u00faplne zmocnia va\u0161ich my\u0161lienok a tela, va\u0161e \u00favahy nemusia by\u0165 tak\u00e9 jasn\u00e9 ako pred nieko\u013ek\u00fdmi hodinami. Najvidite\u013enej\u0161\u00edm aspektom v\u00e1\u0161ho z\u00e1\u017eitku bude pevn\u00fd dojem zo z\u00e1mku milostn\u00e9ho sedadla, ktor\u00fd s\u0165a\u017e\u00ed uspokojenie ak\u00fdchko\u013evek z\u00e1ludn\u00fdch ma\u0161krtn\u00edkov. Na\u0161\u00edm n\u00e1vrhom je pokro\u010di\u0165 za hranicami \u010dasu so zametan\u00edm, podlo\u017ekou a ve\u013ek\u00fdm mno\u017estvom jedla v dosahu ruky. T\u00e1to nezvy\u010dajn\u00e1 a dos\u0165 starod\u00e1vna zmes je pomenovan\u00e1 po metaqualone, \u010dasto zn\u00e1mom ako quaaludes, lieku s upokojuj\u00facim a exotick\u00fdm \u00fa\u010dinkom na telo. Jeho majetok pokra\u010duje podobne upokojuj\u00facim sp\u00f4sobom, tak\u017ee pr\u00edvesky s\u00fa \u0165a\u017ek\u00e9 a vo\u013en\u00e9. Gorilla Biscuit m\u00e1 robustn\u00fd terp\u00e9nov\u00fd profil so silnou ar\u00f3mou borovice-sol a k\u00e1vov\u00e9ho bourbonu.<\/p>\n","protected":false},"excerpt":{"rendered":"<p>K\u00fapte si kme\u0148 marihuany Gorilla Biscuit online. S viac ako 15-ro\u010dn\u00fdmi sk\u00fasenos\u0165ami v sektore lie\u010divej marihuany sme kanadsk\u00fdm l\u00eddrom v z\u00e1sielkovom predaji kanabisu.<\/p>\n","protected":false},"featured_media":4960,"comment_status":"open","ping_status":"closed","template":"","meta":[],"product_brand":[],"product_cat":[778],"product_tag":[827,828,834,831,830,832,833,829],"class_list":{"0":"post-4946","1":"product","2":"type-product","3":"status-publish","4":"has-post-thumbnail","6":"product_cat-burinu-na-predaj","7":"product_tag-biscuit-strain","8":"product_tag-bizkitz-kme","9":"product_tag-cukor-suienky-precedi","10":"product_tag-gorila-suienky-droga","11":"product_tag-ecto-cooler-strain","12":"product_tag-gorila-suienky-merch","13":"product_tag-hrozno-chladi-precedi","14":"product_tag-california-pomaran-kme","16":"first","17":"instock","18":"shipping-taxable","19":"purchasable","20":"product-type-variable","21":"has-default-attributes"},"yoast_head":"<!-- This site is optimized with the Yoast SEO plugin v27.3 - https:\/\/yoast.com\/product\/yoast-seo-wordpress\/ -->\n<title>K\u00fapte si marihuanu Gorilla Biscuit \u2013 najlep\u0161ie najlep\u0161ie glob\u00e1lne lieky<\/title>\n<meta name=\"description\" content=\"K\u00fapi\u0165 Gorilla Biscuit Marihuana kme\u0148 na predaj online. L\u00edder v z\u00e1sielkovom predaji kanabisu v Kanade s viac ako 15-ro\u010dn\u00fdmi sk\u00fasenos\u0165ami v odvetv\u00ed lek\u00e1rskej marihuany.\" \/>\n<meta name=\"robots\" content=\"index, follow, max-snippet:-1, max-image-preview:large, max-video-preview:-1\" \/>\n<link rel=\"canonical\" href=\"https:\/\/medicinasinc.com\/sk\/product\/kup-gorila-susienka-marihuana\/\" \/>\n<meta property=\"og:locale\" content=\"en_US\" \/>\n<meta property=\"og:type\" content=\"article\" \/>\n<meta property=\"og:title\" content=\"K\u00fapte si marihuanu Gorilla Biscuit \u2013 najlep\u0161ie najlep\u0161ie glob\u00e1lne lieky\" \/>\n<meta property=\"og:description\" content=\"K\u00fapi\u0165 Gorilla Biscuit Marihuana kme\u0148 na predaj online. L\u00edder v z\u00e1sielkovom predaji kanabisu v Kanade s viac ako 15-ro\u010dn\u00fdmi sk\u00fasenos\u0165ami v odvetv\u00ed lek\u00e1rskej marihuany.\" \/>\n<meta property=\"og:url\" content=\"https:\/\/medicinasinc.com\/sk\/product\/kup-gorila-susienka-marihuana\/\" \/>\n<meta property=\"og:site_name\" content=\"Medicinas Inc\" \/>\n<meta property=\"article:modified_time\" content=\"2022-03-22T01:11:52+00:00\" \/>\n<meta property=\"og:image\" content=\"https:\/\/medicinasinc.com\/sk\/wp-content\/uploads\/sites\/10\/2022\/02\/Buy-Gorilla-Biscuit-Marijuana.jpg\" \/>\n\t<meta property=\"og:image:width\" content=\"420\" \/>\n\t<meta property=\"og:image:height\" content=\"630\" \/>\n\t<meta property=\"og:image:type\" content=\"image\/jpeg\" \/>\n<meta name=\"twitter:card\" content=\"summary_large_image\" \/>\n<meta name=\"twitter:label1\" content=\"Est. reading time\" \/>\n\t<meta name=\"twitter:data1\" content=\"2 minutes\" \/>\n<script type=\"application\/ld+json\" class=\"yoast-schema-graph\">{\"@context\":\"https:\\\/\\\/schema.org\",\"@graph\":[{\"@type\":\"WebPage\",\"@id\":\"https:\\\/\\\/medicinasinc.com\\\/sk\\\/product\\\/kup-gorila-susienka-marihuana\\\/\",\"url\":\"https:\\\/\\\/medicinasinc.com\\\/sk\\\/product\\\/kup-gorila-susienka-marihuana\\\/\",\"name\":\"K\u00fapte si marihuanu Gorilla Biscuit \u2013 najlep\u0161ie najlep\u0161ie glob\u00e1lne lieky\",\"isPartOf\":{\"@id\":\"https:\\\/\\\/medicinasinc.com\\\/sk\\\/#website\"},\"primaryImageOfPage\":{\"@id\":\"https:\\\/\\\/medicinasinc.com\\\/sk\\\/product\\\/kup-gorila-susienka-marihuana\\\/#primaryimage\"},\"image\":{\"@id\":\"https:\\\/\\\/medicinasinc.com\\\/sk\\\/product\\\/kup-gorila-susienka-marihuana\\\/#primaryimage\"},\"thumbnailUrl\":\"https:\\\/\\\/medicinasinc.com\\\/sk\\\/wp-content\\\/uploads\\\/sites\\\/10\\\/2022\\\/02\\\/Buy-Gorilla-Biscuit-Marijuana.jpg\",\"datePublished\":\"2022-02-20T18:08:57+00:00\",\"dateModified\":\"2022-03-22T01:11:52+00:00\",\"description\":\"K\u00fapi\u0165 Gorilla Biscuit Marihuana kme\u0148 na predaj online. L\u00edder v z\u00e1sielkovom predaji kanabisu v Kanade s viac ako 15-ro\u010dn\u00fdmi sk\u00fasenos\u0165ami v odvetv\u00ed lek\u00e1rskej marihuany.\",\"breadcrumb\":{\"@id\":\"https:\\\/\\\/medicinasinc.com\\\/sk\\\/product\\\/kup-gorila-susienka-marihuana\\\/#breadcrumb\"},\"inLanguage\":\"en-US\",\"potentialAction\":[{\"@type\":\"ReadAction\",\"target\":[\"https:\\\/\\\/medicinasinc.com\\\/sk\\\/product\\\/kup-gorila-susienka-marihuana\\\/\"]}]},{\"@type\":\"ImageObject\",\"inLanguage\":\"en-US\",\"@id\":\"https:\\\/\\\/medicinasinc.com\\\/sk\\\/product\\\/kup-gorila-susienka-marihuana\\\/#primaryimage\",\"url\":\"https:\\\/\\\/medicinasinc.com\\\/sk\\\/wp-content\\\/uploads\\\/sites\\\/10\\\/2022\\\/02\\\/Buy-Gorilla-Biscuit-Marijuana.jpg\",\"contentUrl\":\"https:\\\/\\\/medicinasinc.com\\\/sk\\\/wp-content\\\/uploads\\\/sites\\\/10\\\/2022\\\/02\\\/Buy-Gorilla-Biscuit-Marijuana.jpg\",\"width\":420,\"height\":630},{\"@type\":\"BreadcrumbList\",\"@id\":\"https:\\\/\\\/medicinasinc.com\\\/sk\\\/product\\\/kup-gorila-susienka-marihuana\\\/#breadcrumb\",\"itemListElement\":[{\"@type\":\"ListItem\",\"position\":1,\"name\":\"Obchod\",\"item\":\"https:\\\/\\\/medicinasinc.com\\\/sk\\\/obchod\\\/\"},{\"@type\":\"ListItem\",\"position\":2,\"name\":\"K\u00fapte si marihuanu Gorilla Biscuit\"}]},{\"@type\":\"WebSite\",\"@id\":\"https:\\\/\\\/medicinasinc.com\\\/sk\\\/#website\",\"url\":\"https:\\\/\\\/medicinasinc.com\\\/sk\\\/\",\"name\":\"Medicinas Inc\",\"description\":\"Health Medical Clinic\",\"potentialAction\":[{\"@type\":\"SearchAction\",\"target\":{\"@type\":\"EntryPoint\",\"urlTemplate\":\"https:\\\/\\\/medicinasinc.com\\\/sk\\\/?s={search_term_string}\"},\"query-input\":{\"@type\":\"PropertyValueSpecification\",\"valueRequired\":true,\"valueName\":\"search_term_string\"}}],\"inLanguage\":\"en-US\"}]}<\/script>\n<!-- \/ Yoast SEO plugin. -->","yoast_head_json":{"title":"K\u00fapte si marihuanu Gorilla Biscuit \u2013 najlep\u0161ie najlep\u0161ie glob\u00e1lne lieky","description":"K\u00fapi\u0165 Gorilla Biscuit Marihuana kme\u0148 na predaj online. L\u00edder v z\u00e1sielkovom predaji kanabisu v Kanade s viac ako 15-ro\u010dn\u00fdmi sk\u00fasenos\u0165ami v odvetv\u00ed lek\u00e1rskej marihuany.","robots":{"index":"index","follow":"follow","max-snippet":"max-snippet:-1","max-image-preview":"max-image-preview:large","max-video-preview":"max-video-preview:-1"},"canonical":"https:\/\/medicinasinc.com\/sk\/product\/kup-gorila-susienka-marihuana\/","og_locale":"en_US","og_type":"article","og_title":"K\u00fapte si marihuanu Gorilla Biscuit \u2013 najlep\u0161ie najlep\u0161ie glob\u00e1lne lieky","og_description":"K\u00fapi\u0165 Gorilla Biscuit Marihuana kme\u0148 na predaj online. L\u00edder v z\u00e1sielkovom predaji kanabisu v Kanade s viac ako 15-ro\u010dn\u00fdmi sk\u00fasenos\u0165ami v odvetv\u00ed lek\u00e1rskej marihuany.","og_url":"https:\/\/medicinasinc.com\/sk\/product\/kup-gorila-susienka-marihuana\/","og_site_name":"Medicinas Inc","article_modified_time":"2022-03-22T01:11:52+00:00","og_image":[{"width":420,"height":630,"url":"https:\/\/medicinasinc.com\/sk\/wp-content\/uploads\/sites\/10\/2022\/02\/Buy-Gorilla-Biscuit-Marijuana.jpg","type":"image\/jpeg"}],"twitter_card":"summary_large_image","twitter_misc":{"Est. reading time":"2 minutes"},"schema":{"@context":"https:\/\/schema.org","@graph":[{"@type":"WebPage","@id":"https:\/\/medicinasinc.com\/sk\/product\/kup-gorila-susienka-marihuana\/","url":"https:\/\/medicinasinc.com\/sk\/product\/kup-gorila-susienka-marihuana\/","name":"K\u00fapte si marihuanu Gorilla Biscuit \u2013 najlep\u0161ie najlep\u0161ie glob\u00e1lne lieky","isPartOf":{"@id":"https:\/\/medicinasinc.com\/sk\/#website"},"primaryImageOfPage":{"@id":"https:\/\/medicinasinc.com\/sk\/product\/kup-gorila-susienka-marihuana\/#primaryimage"},"image":{"@id":"https:\/\/medicinasinc.com\/sk\/product\/kup-gorila-susienka-marihuana\/#primaryimage"},"thumbnailUrl":"https:\/\/medicinasinc.com\/sk\/wp-content\/uploads\/sites\/10\/2022\/02\/Buy-Gorilla-Biscuit-Marijuana.jpg","datePublished":"2022-02-20T18:08:57+00:00","dateModified":"2022-03-22T01:11:52+00:00","description":"K\u00fapi\u0165 Gorilla Biscuit Marihuana kme\u0148 na predaj online. L\u00edder v z\u00e1sielkovom predaji kanabisu v Kanade s viac ako 15-ro\u010dn\u00fdmi sk\u00fasenos\u0165ami v odvetv\u00ed lek\u00e1rskej marihuany.","breadcrumb":{"@id":"https:\/\/medicinasinc.com\/sk\/product\/kup-gorila-susienka-marihuana\/#breadcrumb"},"inLanguage":"en-US","potentialAction":[{"@type":"ReadAction","target":["https:\/\/medicinasinc.com\/sk\/product\/kup-gorila-susienka-marihuana\/"]}]},{"@type":"ImageObject","inLanguage":"en-US","@id":"https:\/\/medicinasinc.com\/sk\/product\/kup-gorila-susienka-marihuana\/#primaryimage","url":"https:\/\/medicinasinc.com\/sk\/wp-content\/uploads\/sites\/10\/2022\/02\/Buy-Gorilla-Biscuit-Marijuana.jpg","contentUrl":"https:\/\/medicinasinc.com\/sk\/wp-content\/uploads\/sites\/10\/2022\/02\/Buy-Gorilla-Biscuit-Marijuana.jpg","width":420,"height":630},{"@type":"BreadcrumbList","@id":"https:\/\/medicinasinc.com\/sk\/product\/kup-gorila-susienka-marihuana\/#breadcrumb","itemListElement":[{"@type":"ListItem","position":1,"name":"Obchod","item":"https:\/\/medicinasinc.com\/sk\/obchod\/"},{"@type":"ListItem","position":2,"name":"K\u00fapte si marihuanu Gorilla Biscuit"}]},{"@type":"WebSite","@id":"https:\/\/medicinasinc.com\/sk\/#website","url":"https:\/\/medicinasinc.com\/sk\/","name":"Medicinas Inc","description":"Health Medical Clinic","potentialAction":[{"@type":"SearchAction","target":{"@type":"EntryPoint","urlTemplate":"https:\/\/medicinasinc.com\/sk\/?s={search_term_string}"},"query-input":{"@type":"PropertyValueSpecification","valueRequired":true,"valueName":"search_term_string"}}],"inLanguage":"en-US"}]}},"_links":{"self":[{"href":"https:\/\/medicinasinc.com\/sk\/wp-json\/wp\/v2\/product\/4946","targetHints":{"allow":["GET"]}}],"collection":[{"href":"https:\/\/medicinasinc.com\/sk\/wp-json\/wp\/v2\/product"}],"about":[{"href":"https:\/\/medicinasinc.com\/sk\/wp-json\/wp\/v2\/types\/product"}],"replies":[{"embeddable":true,"href":"https:\/\/medicinasinc.com\/sk\/wp-json\/wp\/v2\/comments?post=4946"}],"wp:featuredmedia":[{"embeddable":true,"href":"https:\/\/medicinasinc.com\/sk\/wp-json\/wp\/v2\/media\/4960"}],"wp:attachment":[{"href":"https:\/\/medicinasinc.com\/sk\/wp-json\/wp\/v2\/media?parent=4946"}],"wp:term":[{"taxonomy":"product_brand","embeddable":true,"href":"https:\/\/medicinasinc.com\/sk\/wp-json\/wp\/v2\/product_brand?post=4946"},{"taxonomy":"product_cat","embeddable":true,"href":"https:\/\/medicinasinc.com\/sk\/wp-json\/wp\/v2\/product_cat?post=4946"},{"taxonomy":"product_tag","embeddable":true,"href":"https:\/\/medicinasinc.com\/sk\/wp-json\/wp\/v2\/product_tag?post=4946"}],"curies":[{"name":"wp","href":"https:\/\/api.w.org\/{rel}","templated":true}]}}