{"id":4940,"date":"2022-02-20T18:04:10","date_gmt":"2022-02-20T18:04:10","guid":{"rendered":"https:\/\/medicinasinc.com\/sk\/?post_type=product&#038;p=4940"},"modified":"2022-03-22T01:12:05","modified_gmt":"2022-03-22T01:12:05","slug":"kupit-durban-jed-marihuana","status":"publish","type":"product","link":"https:\/\/medicinasinc.com\/sk\/product\/kupit-durban-jed-marihuana\/","title":{"rendered":"K\u00fapte si marihuanu Durban Poison"},"content":{"rendered":"<p>Online n\u00e1kup kme\u0148a marihuany Durban Poison<\/p>\n<p>Tento vysoko \u00fa\u010dinn\u00fd kme\u0148 v\u00e1\u017ene zasiahne mozog. Durban Poison je \u010dist\u00fd kme\u0148 sativy, ktor\u00fd je ob\u013e\u00faben\u00fdm inbredn\u00fdm potomkom juhoafrick\u00e9ho kme\u0148a sativa. V 70. rokoch minul\u00e9ho storo\u010dia Ed Rosenthal, americk\u00fd konopn\u00fd aktivista, identifikoval p\u00f4vodn\u00fd kme\u0148 a predstavil ho v Spojen\u00fdch \u0161t\u00e1toch. Medzi kamen\u00e1rmi a pacientmi s marihuanou v tomto meste je dlhodobo ob\u013e\u00faben\u00fd. Durban Poison m\u00e1 obsah THC a\u017e 24 %, \u010do z neho rob\u00ed jeden z najsilnej\u0161\u00edch dostupn\u00fdch kme\u0148ov. Tento kme\u0148 poskytuje siln\u00fa, pr\u00edjemn\u00fa v\u00fd\u0161ku hlavy, ktor\u00e1 je ide\u00e1lna pre kreat\u00edvne \u00fasilie a denn\u00e9 aktivity. Spolu so suchom v \u00fastach je mo\u017en\u00fdm nepriazniv\u00fdm \u00fa\u010dinkom paranoja. Durban Poison je \u00fa\u010dinn\u00e1 lie\u010dba depresie a \u00fazkosti, ako aj chronickej bolesti a nevo\u013enosti. Tento kme\u0148 je vhodn\u00fd na vytv\u00e1ranie koncentr\u00e1tov v\u010faka mno\u017estvu ve\u013ek\u00fdch trich\u00f3mov na p\u00fa\u010diku. Prevl\u00e1daj\u00faca v\u00f4\u0148a a chu\u0165 Durban Poison s\u00fa zemit\u00e9 a sladk\u00e9, so slabou ar\u00f3mou borovice. P\u00fa\u010diky s\u00fa okr\u00fahle a hrub\u00e9, pokryt\u00e9 bohat\u00fdmi trich\u00f3mami. Tento kme\u0148 je ide\u00e1lny pre obdobia fyzickej aktivity, dom\u00e1cich pr\u00e1c a in\u00fdch aktiv\u00edt za denn\u00e9ho svetla.<\/p>\n","protected":false},"excerpt":{"rendered":"<div class=\"woocommerce-product-details__short-description\">\n<p>Durban Poison m\u00e1 obsah THC a\u017e 24 %, v\u010faka \u010domu patr\u00ed medzi svetov\u00e9 rebr\u00ed\u010dky&#8217; \u017ee tieto obchody pred\u00e1vaj\u00fa niektor\u00e9 z t\u00fdchto jedine\u010dn\u00fdch kme\u0148ov.<\/p>\n<p>Kme\u0148 Durban Poison si z\u00edskal celosvetov\u00fa pr\u00ed\u0165a\u017elivos\u0165 pre svoju pr\u00edjemn\u00fa v\u00f4\u0148u a energizuj\u00face, povzn\u00e1\u0161aj\u00face \u00fa\u010dinky. Nav\u0161t\u00edvte n\u00e1s.<\/p>\n<p>Kme\u0148 marihuany Durban Poison je mo\u017en\u00e9 zak\u00fapi\u0165 online. Durban Poison je africk\u00fd kme\u0148 kanabisu Sativa Landrace. Vynikaj\u00face pre pacientov, ktor\u00ed h\u013eadaj\u00fa siln\u00fa mozgov\u00fa z\u00e1\u0165a\u017e, ktor\u00e1 pom\u00f4\u017ee v boji proti stresu a \u00fanave.<\/p>\n<\/p><\/div>\n","protected":false},"featured_media":4954,"comment_status":"open","ping_status":"closed","template":"","meta":[],"product_brand":[],"product_cat":[778],"product_tag":[819,822,820,824,825,821,823,826],"class_list":{"0":"post-4940","1":"product","2":"type-product","3":"status-publish","4":"has-post-thumbnail","6":"product_cat-burinu-na-predaj","7":"product_tag-best-durban-poison-seeds","8":"product_tag-durban-poison-grow","9":"product_tag-durban-poison-autoflower","10":"product_tag-durban-poison-seeds-south-africa","11":"product_tag-durban-poison-veg-time","12":"product_tag-durban-poison-crosses","13":"product_tag-durban-jed-histria","14":"product_tag-je-durban-rovnak-ako-durban-jed","16":"first","17":"instock","18":"shipping-taxable","19":"purchasable","20":"product-type-variable","21":"has-default-attributes"},"yoast_head":"<!-- This site is optimized with the Yoast SEO plugin v27.3 - https:\/\/yoast.com\/product\/yoast-seo-wordpress\/ -->\n<title>K\u00fapte si marihuanu Durban Poison \u2013 najlep\u0161ie najlep\u0161ie glob\u00e1lne lieky<\/title>\n<meta name=\"description\" content=\"K\u00fapi\u0165 kme\u0148 Durban Poison na predaj online, si z\u00edskal celosvetov\u00fa popularitu pre svoju sladk\u00fa v\u00f4\u0148u a energick\u00e9, povzn\u00e1\u0161aj\u00face \u00fa\u010dinky. Nav\u0161t\u00edvte n\u00e1s.\" \/>\n<meta name=\"robots\" content=\"index, follow, max-snippet:-1, max-image-preview:large, max-video-preview:-1\" \/>\n<link rel=\"canonical\" href=\"https:\/\/medicinasinc.com\/sk\/product\/kupit-durban-jed-marihuana\/\" \/>\n<meta property=\"og:locale\" content=\"en_US\" \/>\n<meta property=\"og:type\" content=\"article\" \/>\n<meta property=\"og:title\" content=\"K\u00fapte si marihuanu Durban Poison \u2013 najlep\u0161ie najlep\u0161ie glob\u00e1lne lieky\" \/>\n<meta property=\"og:description\" content=\"K\u00fapi\u0165 kme\u0148 Durban Poison na predaj online, si z\u00edskal celosvetov\u00fa popularitu pre svoju sladk\u00fa v\u00f4\u0148u a energick\u00e9, povzn\u00e1\u0161aj\u00face \u00fa\u010dinky. Nav\u0161t\u00edvte n\u00e1s.\" \/>\n<meta property=\"og:url\" content=\"https:\/\/medicinasinc.com\/sk\/product\/kupit-durban-jed-marihuana\/\" \/>\n<meta property=\"og:site_name\" content=\"Medicinas Inc\" \/>\n<meta property=\"article:modified_time\" content=\"2022-03-22T01:12:05+00:00\" \/>\n<meta property=\"og:image\" content=\"https:\/\/medicinasinc.com\/sk\/wp-content\/uploads\/sites\/10\/2022\/02\/Buy-Durban-Poison-Marijuana.jpg\" \/>\n\t<meta property=\"og:image:width\" content=\"225\" \/>\n\t<meta property=\"og:image:height\" content=\"225\" \/>\n\t<meta property=\"og:image:type\" content=\"image\/jpeg\" \/>\n<meta name=\"twitter:card\" content=\"summary_large_image\" \/>\n<meta name=\"twitter:label1\" content=\"Est. reading time\" \/>\n\t<meta name=\"twitter:data1\" content=\"1 minute\" \/>\n<script type=\"application\/ld+json\" class=\"yoast-schema-graph\">{\"@context\":\"https:\\\/\\\/schema.org\",\"@graph\":[{\"@type\":\"WebPage\",\"@id\":\"https:\\\/\\\/medicinasinc.com\\\/sk\\\/product\\\/kupit-durban-jed-marihuana\\\/\",\"url\":\"https:\\\/\\\/medicinasinc.com\\\/sk\\\/product\\\/kupit-durban-jed-marihuana\\\/\",\"name\":\"K\u00fapte si marihuanu Durban Poison \u2013 najlep\u0161ie najlep\u0161ie glob\u00e1lne lieky\",\"isPartOf\":{\"@id\":\"https:\\\/\\\/medicinasinc.com\\\/sk\\\/#website\"},\"primaryImageOfPage\":{\"@id\":\"https:\\\/\\\/medicinasinc.com\\\/sk\\\/product\\\/kupit-durban-jed-marihuana\\\/#primaryimage\"},\"image\":{\"@id\":\"https:\\\/\\\/medicinasinc.com\\\/sk\\\/product\\\/kupit-durban-jed-marihuana\\\/#primaryimage\"},\"thumbnailUrl\":\"https:\\\/\\\/medicinasinc.com\\\/sk\\\/wp-content\\\/uploads\\\/sites\\\/10\\\/2022\\\/02\\\/Buy-Durban-Poison-Marijuana.jpg\",\"datePublished\":\"2022-02-20T18:04:10+00:00\",\"dateModified\":\"2022-03-22T01:12:05+00:00\",\"description\":\"K\u00fapi\u0165 kme\u0148 Durban Poison na predaj online, si z\u00edskal celosvetov\u00fa popularitu pre svoju sladk\u00fa v\u00f4\u0148u a energick\u00e9, povzn\u00e1\u0161aj\u00face \u00fa\u010dinky. Nav\u0161t\u00edvte n\u00e1s.\",\"breadcrumb\":{\"@id\":\"https:\\\/\\\/medicinasinc.com\\\/sk\\\/product\\\/kupit-durban-jed-marihuana\\\/#breadcrumb\"},\"inLanguage\":\"en-US\",\"potentialAction\":[{\"@type\":\"ReadAction\",\"target\":[\"https:\\\/\\\/medicinasinc.com\\\/sk\\\/product\\\/kupit-durban-jed-marihuana\\\/\"]}]},{\"@type\":\"ImageObject\",\"inLanguage\":\"en-US\",\"@id\":\"https:\\\/\\\/medicinasinc.com\\\/sk\\\/product\\\/kupit-durban-jed-marihuana\\\/#primaryimage\",\"url\":\"https:\\\/\\\/medicinasinc.com\\\/sk\\\/wp-content\\\/uploads\\\/sites\\\/10\\\/2022\\\/02\\\/Buy-Durban-Poison-Marijuana.jpg\",\"contentUrl\":\"https:\\\/\\\/medicinasinc.com\\\/sk\\\/wp-content\\\/uploads\\\/sites\\\/10\\\/2022\\\/02\\\/Buy-Durban-Poison-Marijuana.jpg\",\"width\":225,\"height\":225},{\"@type\":\"BreadcrumbList\",\"@id\":\"https:\\\/\\\/medicinasinc.com\\\/sk\\\/product\\\/kupit-durban-jed-marihuana\\\/#breadcrumb\",\"itemListElement\":[{\"@type\":\"ListItem\",\"position\":1,\"name\":\"Obchod\",\"item\":\"https:\\\/\\\/medicinasinc.com\\\/sk\\\/obchod\\\/\"},{\"@type\":\"ListItem\",\"position\":2,\"name\":\"K\u00fapte si marihuanu Durban Poison\"}]},{\"@type\":\"WebSite\",\"@id\":\"https:\\\/\\\/medicinasinc.com\\\/sk\\\/#website\",\"url\":\"https:\\\/\\\/medicinasinc.com\\\/sk\\\/\",\"name\":\"Medicinas Inc\",\"description\":\"Health Medical Clinic\",\"potentialAction\":[{\"@type\":\"SearchAction\",\"target\":{\"@type\":\"EntryPoint\",\"urlTemplate\":\"https:\\\/\\\/medicinasinc.com\\\/sk\\\/?s={search_term_string}\"},\"query-input\":{\"@type\":\"PropertyValueSpecification\",\"valueRequired\":true,\"valueName\":\"search_term_string\"}}],\"inLanguage\":\"en-US\"}]}<\/script>\n<!-- \/ Yoast SEO plugin. -->","yoast_head_json":{"title":"K\u00fapte si marihuanu Durban Poison \u2013 najlep\u0161ie najlep\u0161ie glob\u00e1lne lieky","description":"K\u00fapi\u0165 kme\u0148 Durban Poison na predaj online, si z\u00edskal celosvetov\u00fa popularitu pre svoju sladk\u00fa v\u00f4\u0148u a energick\u00e9, povzn\u00e1\u0161aj\u00face \u00fa\u010dinky. Nav\u0161t\u00edvte n\u00e1s.","robots":{"index":"index","follow":"follow","max-snippet":"max-snippet:-1","max-image-preview":"max-image-preview:large","max-video-preview":"max-video-preview:-1"},"canonical":"https:\/\/medicinasinc.com\/sk\/product\/kupit-durban-jed-marihuana\/","og_locale":"en_US","og_type":"article","og_title":"K\u00fapte si marihuanu Durban Poison \u2013 najlep\u0161ie najlep\u0161ie glob\u00e1lne lieky","og_description":"K\u00fapi\u0165 kme\u0148 Durban Poison na predaj online, si z\u00edskal celosvetov\u00fa popularitu pre svoju sladk\u00fa v\u00f4\u0148u a energick\u00e9, povzn\u00e1\u0161aj\u00face \u00fa\u010dinky. Nav\u0161t\u00edvte n\u00e1s.","og_url":"https:\/\/medicinasinc.com\/sk\/product\/kupit-durban-jed-marihuana\/","og_site_name":"Medicinas Inc","article_modified_time":"2022-03-22T01:12:05+00:00","og_image":[{"width":225,"height":225,"url":"https:\/\/medicinasinc.com\/sk\/wp-content\/uploads\/sites\/10\/2022\/02\/Buy-Durban-Poison-Marijuana.jpg","type":"image\/jpeg"}],"twitter_card":"summary_large_image","twitter_misc":{"Est. reading time":"1 minute"},"schema":{"@context":"https:\/\/schema.org","@graph":[{"@type":"WebPage","@id":"https:\/\/medicinasinc.com\/sk\/product\/kupit-durban-jed-marihuana\/","url":"https:\/\/medicinasinc.com\/sk\/product\/kupit-durban-jed-marihuana\/","name":"K\u00fapte si marihuanu Durban Poison \u2013 najlep\u0161ie najlep\u0161ie glob\u00e1lne lieky","isPartOf":{"@id":"https:\/\/medicinasinc.com\/sk\/#website"},"primaryImageOfPage":{"@id":"https:\/\/medicinasinc.com\/sk\/product\/kupit-durban-jed-marihuana\/#primaryimage"},"image":{"@id":"https:\/\/medicinasinc.com\/sk\/product\/kupit-durban-jed-marihuana\/#primaryimage"},"thumbnailUrl":"https:\/\/medicinasinc.com\/sk\/wp-content\/uploads\/sites\/10\/2022\/02\/Buy-Durban-Poison-Marijuana.jpg","datePublished":"2022-02-20T18:04:10+00:00","dateModified":"2022-03-22T01:12:05+00:00","description":"K\u00fapi\u0165 kme\u0148 Durban Poison na predaj online, si z\u00edskal celosvetov\u00fa popularitu pre svoju sladk\u00fa v\u00f4\u0148u a energick\u00e9, povzn\u00e1\u0161aj\u00face \u00fa\u010dinky. Nav\u0161t\u00edvte n\u00e1s.","breadcrumb":{"@id":"https:\/\/medicinasinc.com\/sk\/product\/kupit-durban-jed-marihuana\/#breadcrumb"},"inLanguage":"en-US","potentialAction":[{"@type":"ReadAction","target":["https:\/\/medicinasinc.com\/sk\/product\/kupit-durban-jed-marihuana\/"]}]},{"@type":"ImageObject","inLanguage":"en-US","@id":"https:\/\/medicinasinc.com\/sk\/product\/kupit-durban-jed-marihuana\/#primaryimage","url":"https:\/\/medicinasinc.com\/sk\/wp-content\/uploads\/sites\/10\/2022\/02\/Buy-Durban-Poison-Marijuana.jpg","contentUrl":"https:\/\/medicinasinc.com\/sk\/wp-content\/uploads\/sites\/10\/2022\/02\/Buy-Durban-Poison-Marijuana.jpg","width":225,"height":225},{"@type":"BreadcrumbList","@id":"https:\/\/medicinasinc.com\/sk\/product\/kupit-durban-jed-marihuana\/#breadcrumb","itemListElement":[{"@type":"ListItem","position":1,"name":"Obchod","item":"https:\/\/medicinasinc.com\/sk\/obchod\/"},{"@type":"ListItem","position":2,"name":"K\u00fapte si marihuanu Durban Poison"}]},{"@type":"WebSite","@id":"https:\/\/medicinasinc.com\/sk\/#website","url":"https:\/\/medicinasinc.com\/sk\/","name":"Medicinas Inc","description":"Health Medical Clinic","potentialAction":[{"@type":"SearchAction","target":{"@type":"EntryPoint","urlTemplate":"https:\/\/medicinasinc.com\/sk\/?s={search_term_string}"},"query-input":{"@type":"PropertyValueSpecification","valueRequired":true,"valueName":"search_term_string"}}],"inLanguage":"en-US"}]}},"_links":{"self":[{"href":"https:\/\/medicinasinc.com\/sk\/wp-json\/wp\/v2\/product\/4940","targetHints":{"allow":["GET"]}}],"collection":[{"href":"https:\/\/medicinasinc.com\/sk\/wp-json\/wp\/v2\/product"}],"about":[{"href":"https:\/\/medicinasinc.com\/sk\/wp-json\/wp\/v2\/types\/product"}],"replies":[{"embeddable":true,"href":"https:\/\/medicinasinc.com\/sk\/wp-json\/wp\/v2\/comments?post=4940"}],"wp:featuredmedia":[{"embeddable":true,"href":"https:\/\/medicinasinc.com\/sk\/wp-json\/wp\/v2\/media\/4954"}],"wp:attachment":[{"href":"https:\/\/medicinasinc.com\/sk\/wp-json\/wp\/v2\/media?parent=4940"}],"wp:term":[{"taxonomy":"product_brand","embeddable":true,"href":"https:\/\/medicinasinc.com\/sk\/wp-json\/wp\/v2\/product_brand?post=4940"},{"taxonomy":"product_cat","embeddable":true,"href":"https:\/\/medicinasinc.com\/sk\/wp-json\/wp\/v2\/product_cat?post=4940"},{"taxonomy":"product_tag","embeddable":true,"href":"https:\/\/medicinasinc.com\/sk\/wp-json\/wp\/v2\/product_tag?post=4940"}],"curies":[{"name":"wp","href":"https:\/\/api.w.org\/{rel}","templated":true}]}}