{"id":4938,"date":"2022-02-20T18:02:35","date_gmt":"2022-02-20T18:02:35","guid":{"rendered":"https:\/\/medicinasinc.com\/sk\/?post_type=product&#038;p=4938"},"modified":"2022-03-22T01:12:14","modified_gmt":"2022-03-22T01:12:14","slug":"kupit-ceresnovy-kolac-marihuana-kmen","status":"publish","type":"product","link":"https:\/\/medicinasinc.com\/sk\/product\/kupit-ceresnovy-kolac-marihuana-kmen\/","title":{"rendered":"K\u00fapi\u0165 Cherry Pie Marihuana Kme\u0148"},"content":{"rendered":"<p>Online n\u00e1kup marihuanov\u00e9ho kme\u0148a Cherry Pie.<\/p>\n<p>Online n\u00e1kup kme\u0148a Cherry Pie s marihuanou.<\/p>\n<p>Cherry Pie marihuanov\u00e9ho kme\u0148a je mo\u017en\u00e9 zak\u00fapi\u0165 online. Hybrid \u2013 80 % Indica \/ 20 % Sativa THC: 16\u201324 %, CBD: 1 %<\/p>\n<p>\u00da\u010dinky<br \/> Kreat\u00edvnos\u0165, euf\u00f3ria, spokojnos\u0165 a relax<br \/> Mo\u017eno u\u013eav\u00ed<br \/> Porucha pozornosti\/hyperaktivita, \u00fazkos\u0165, bipol\u00e1rna porucha, chronick\u00e1 boles\u0165, depresia, hyperaktivita a nespavos\u0165<br \/> Chu\u0165<br \/> Bobu\u013eov\u00e9 ovocie, \u010dere\u0161ne a sladk\u00e9<br \/> Ar\u00f3my<br \/> \u010cere\u0161\u0148ov\u00e1, \u010du\u010doriedkov\u00e1, zemit\u00e1, a sladk\u00e9<\/p>\n","protected":false},"excerpt":{"rendered":"<p>K\u00fapte si \u010dere\u0161\u0148ov\u00fd kol\u00e1\u010d s marihuanou online. Cherry Pie Marihuana Kme\u0148 je mo\u017en\u00e9 zak\u00fapi\u0165 online. Hybridn\u00e9 &amp;# 8211; 80 % Indica \/ 20 % Sativa THC: 16\u201324 %, CBD: 1 %<\/p>\n","protected":false},"featured_media":4952,"comment_status":"open","ping_status":"closed","template":"","meta":[],"product_brand":[],"product_cat":[778],"product_tag":[814,816,811,812,817,818,813,815],"class_list":{"0":"post-4938","1":"product","2":"type-product","3":"status-publish","4":"has-post-thumbnail","6":"product_cat-burinu-na-predaj","7":"product_tag-erea-kol-precedi-vetkobud","8":"product_tag-ereov-kol-kme-cena","9":"product_tag-cherry-pie-og-strain","10":"product_tag-cherry-pie-recipe","11":"product_tag-cherry-pie-strain-sativa-or-indica","12":"product_tag-cherry-pie-strain-yield","13":"product_tag-ereovo-kolov-semienka","14":"product_tag-inkyereovho-kola","16":"first","17":"instock","18":"shipping-taxable","19":"purchasable","20":"product-type-variable","21":"has-default-attributes"},"yoast_head":"<!-- This site is optimized with the Yoast SEO plugin v27.3 - https:\/\/yoast.com\/product\/yoast-seo-wordpress\/ -->\n<title>K\u00fapte si marihuanov\u00fd kme\u0148 Cherry Pie \u2013 najlep\u0161ie najlep\u0161ie glob\u00e1lne lieky<\/title>\n<meta name=\"description\" content=\"K\u00fapi\u0165 Cherry Pie Marihuana kme\u0148 na predaj online. K\u00fapi\u0165 Cherry Pie Marihuana kme\u0148 online. Hybrid \u2013 80 % Indica \/ 20 % Sativa THC: 16 % \u2013 24 %, CBD: 1 %\" \/>\n<meta name=\"robots\" content=\"index, follow, max-snippet:-1, max-image-preview:large, max-video-preview:-1\" \/>\n<link rel=\"canonical\" href=\"https:\/\/medicinasinc.com\/sk\/product\/kupit-ceresnovy-kolac-marihuana-kmen\/\" \/>\n<meta property=\"og:locale\" content=\"en_US\" \/>\n<meta property=\"og:type\" content=\"article\" \/>\n<meta property=\"og:title\" content=\"K\u00fapte si marihuanov\u00fd kme\u0148 Cherry Pie \u2013 najlep\u0161ie najlep\u0161ie glob\u00e1lne lieky\" \/>\n<meta property=\"og:description\" content=\"K\u00fapi\u0165 Cherry Pie Marihuana kme\u0148 na predaj online. K\u00fapi\u0165 Cherry Pie Marihuana kme\u0148 online. Hybrid \u2013 80 % Indica \/ 20 % Sativa THC: 16 % \u2013 24 %, CBD: 1 %\" \/>\n<meta property=\"og:url\" content=\"https:\/\/medicinasinc.com\/sk\/product\/kupit-ceresnovy-kolac-marihuana-kmen\/\" \/>\n<meta property=\"og:site_name\" content=\"Medicinas Inc\" \/>\n<meta property=\"article:modified_time\" content=\"2022-03-22T01:12:14+00:00\" \/>\n<meta property=\"og:image\" content=\"https:\/\/medicinasinc.com\/sk\/wp-content\/uploads\/sites\/10\/2022\/02\/Buy-Cherry-Pie-Marijuana.jpg\" \/>\n\t<meta property=\"og:image:width\" content=\"1080\" \/>\n\t<meta property=\"og:image:height\" content=\"1080\" \/>\n\t<meta property=\"og:image:type\" content=\"image\/jpeg\" \/>\n<meta name=\"twitter:card\" content=\"summary_large_image\" \/>\n<meta name=\"twitter:label1\" content=\"Est. reading time\" \/>\n\t<meta name=\"twitter:data1\" content=\"1 minute\" \/>\n<script type=\"application\/ld+json\" class=\"yoast-schema-graph\">{\"@context\":\"https:\\\/\\\/schema.org\",\"@graph\":[{\"@type\":\"WebPage\",\"@id\":\"https:\\\/\\\/medicinasinc.com\\\/sk\\\/product\\\/kupit-ceresnovy-kolac-marihuana-kmen\\\/\",\"url\":\"https:\\\/\\\/medicinasinc.com\\\/sk\\\/product\\\/kupit-ceresnovy-kolac-marihuana-kmen\\\/\",\"name\":\"K\u00fapte si marihuanov\u00fd kme\u0148 Cherry Pie \u2013 najlep\u0161ie najlep\u0161ie glob\u00e1lne lieky\",\"isPartOf\":{\"@id\":\"https:\\\/\\\/medicinasinc.com\\\/sk\\\/#website\"},\"primaryImageOfPage\":{\"@id\":\"https:\\\/\\\/medicinasinc.com\\\/sk\\\/product\\\/kupit-ceresnovy-kolac-marihuana-kmen\\\/#primaryimage\"},\"image\":{\"@id\":\"https:\\\/\\\/medicinasinc.com\\\/sk\\\/product\\\/kupit-ceresnovy-kolac-marihuana-kmen\\\/#primaryimage\"},\"thumbnailUrl\":\"https:\\\/\\\/medicinasinc.com\\\/sk\\\/wp-content\\\/uploads\\\/sites\\\/10\\\/2022\\\/02\\\/Buy-Cherry-Pie-Marijuana.jpg\",\"datePublished\":\"2022-02-20T18:02:35+00:00\",\"dateModified\":\"2022-03-22T01:12:14+00:00\",\"description\":\"K\u00fapi\u0165 Cherry Pie Marihuana kme\u0148 na predaj online. K\u00fapi\u0165 Cherry Pie Marihuana kme\u0148 online. Hybrid \u2013 80 % Indica \\\/ 20 % Sativa THC: 16 % \u2013 24 %, CBD: 1 %\",\"breadcrumb\":{\"@id\":\"https:\\\/\\\/medicinasinc.com\\\/sk\\\/product\\\/kupit-ceresnovy-kolac-marihuana-kmen\\\/#breadcrumb\"},\"inLanguage\":\"en-US\",\"potentialAction\":[{\"@type\":\"ReadAction\",\"target\":[\"https:\\\/\\\/medicinasinc.com\\\/sk\\\/product\\\/kupit-ceresnovy-kolac-marihuana-kmen\\\/\"]}]},{\"@type\":\"ImageObject\",\"inLanguage\":\"en-US\",\"@id\":\"https:\\\/\\\/medicinasinc.com\\\/sk\\\/product\\\/kupit-ceresnovy-kolac-marihuana-kmen\\\/#primaryimage\",\"url\":\"https:\\\/\\\/medicinasinc.com\\\/sk\\\/wp-content\\\/uploads\\\/sites\\\/10\\\/2022\\\/02\\\/Buy-Cherry-Pie-Marijuana.jpg\",\"contentUrl\":\"https:\\\/\\\/medicinasinc.com\\\/sk\\\/wp-content\\\/uploads\\\/sites\\\/10\\\/2022\\\/02\\\/Buy-Cherry-Pie-Marijuana.jpg\",\"width\":1080,\"height\":1080},{\"@type\":\"BreadcrumbList\",\"@id\":\"https:\\\/\\\/medicinasinc.com\\\/sk\\\/product\\\/kupit-ceresnovy-kolac-marihuana-kmen\\\/#breadcrumb\",\"itemListElement\":[{\"@type\":\"ListItem\",\"position\":1,\"name\":\"Obchod\",\"item\":\"https:\\\/\\\/medicinasinc.com\\\/sk\\\/obchod\\\/\"},{\"@type\":\"ListItem\",\"position\":2,\"name\":\"K\u00fapi\u0165 Cherry Pie Marihuana Kme\u0148\"}]},{\"@type\":\"WebSite\",\"@id\":\"https:\\\/\\\/medicinasinc.com\\\/sk\\\/#website\",\"url\":\"https:\\\/\\\/medicinasinc.com\\\/sk\\\/\",\"name\":\"Medicinas Inc\",\"description\":\"Health Medical Clinic\",\"potentialAction\":[{\"@type\":\"SearchAction\",\"target\":{\"@type\":\"EntryPoint\",\"urlTemplate\":\"https:\\\/\\\/medicinasinc.com\\\/sk\\\/?s={search_term_string}\"},\"query-input\":{\"@type\":\"PropertyValueSpecification\",\"valueRequired\":true,\"valueName\":\"search_term_string\"}}],\"inLanguage\":\"en-US\"}]}<\/script>\n<!-- \/ Yoast SEO plugin. -->","yoast_head_json":{"title":"K\u00fapte si marihuanov\u00fd kme\u0148 Cherry Pie \u2013 najlep\u0161ie najlep\u0161ie glob\u00e1lne lieky","description":"K\u00fapi\u0165 Cherry Pie Marihuana kme\u0148 na predaj online. K\u00fapi\u0165 Cherry Pie Marihuana kme\u0148 online. Hybrid \u2013 80 % Indica \/ 20 % Sativa THC: 16 % \u2013 24 %, CBD: 1 %","robots":{"index":"index","follow":"follow","max-snippet":"max-snippet:-1","max-image-preview":"max-image-preview:large","max-video-preview":"max-video-preview:-1"},"canonical":"https:\/\/medicinasinc.com\/sk\/product\/kupit-ceresnovy-kolac-marihuana-kmen\/","og_locale":"en_US","og_type":"article","og_title":"K\u00fapte si marihuanov\u00fd kme\u0148 Cherry Pie \u2013 najlep\u0161ie najlep\u0161ie glob\u00e1lne lieky","og_description":"K\u00fapi\u0165 Cherry Pie Marihuana kme\u0148 na predaj online. K\u00fapi\u0165 Cherry Pie Marihuana kme\u0148 online. Hybrid \u2013 80 % Indica \/ 20 % Sativa THC: 16 % \u2013 24 %, CBD: 1 %","og_url":"https:\/\/medicinasinc.com\/sk\/product\/kupit-ceresnovy-kolac-marihuana-kmen\/","og_site_name":"Medicinas Inc","article_modified_time":"2022-03-22T01:12:14+00:00","og_image":[{"width":1080,"height":1080,"url":"https:\/\/medicinasinc.com\/sk\/wp-content\/uploads\/sites\/10\/2022\/02\/Buy-Cherry-Pie-Marijuana.jpg","type":"image\/jpeg"}],"twitter_card":"summary_large_image","twitter_misc":{"Est. reading time":"1 minute"},"schema":{"@context":"https:\/\/schema.org","@graph":[{"@type":"WebPage","@id":"https:\/\/medicinasinc.com\/sk\/product\/kupit-ceresnovy-kolac-marihuana-kmen\/","url":"https:\/\/medicinasinc.com\/sk\/product\/kupit-ceresnovy-kolac-marihuana-kmen\/","name":"K\u00fapte si marihuanov\u00fd kme\u0148 Cherry Pie \u2013 najlep\u0161ie najlep\u0161ie glob\u00e1lne lieky","isPartOf":{"@id":"https:\/\/medicinasinc.com\/sk\/#website"},"primaryImageOfPage":{"@id":"https:\/\/medicinasinc.com\/sk\/product\/kupit-ceresnovy-kolac-marihuana-kmen\/#primaryimage"},"image":{"@id":"https:\/\/medicinasinc.com\/sk\/product\/kupit-ceresnovy-kolac-marihuana-kmen\/#primaryimage"},"thumbnailUrl":"https:\/\/medicinasinc.com\/sk\/wp-content\/uploads\/sites\/10\/2022\/02\/Buy-Cherry-Pie-Marijuana.jpg","datePublished":"2022-02-20T18:02:35+00:00","dateModified":"2022-03-22T01:12:14+00:00","description":"K\u00fapi\u0165 Cherry Pie Marihuana kme\u0148 na predaj online. K\u00fapi\u0165 Cherry Pie Marihuana kme\u0148 online. Hybrid \u2013 80 % Indica \/ 20 % Sativa THC: 16 % \u2013 24 %, CBD: 1 %","breadcrumb":{"@id":"https:\/\/medicinasinc.com\/sk\/product\/kupit-ceresnovy-kolac-marihuana-kmen\/#breadcrumb"},"inLanguage":"en-US","potentialAction":[{"@type":"ReadAction","target":["https:\/\/medicinasinc.com\/sk\/product\/kupit-ceresnovy-kolac-marihuana-kmen\/"]}]},{"@type":"ImageObject","inLanguage":"en-US","@id":"https:\/\/medicinasinc.com\/sk\/product\/kupit-ceresnovy-kolac-marihuana-kmen\/#primaryimage","url":"https:\/\/medicinasinc.com\/sk\/wp-content\/uploads\/sites\/10\/2022\/02\/Buy-Cherry-Pie-Marijuana.jpg","contentUrl":"https:\/\/medicinasinc.com\/sk\/wp-content\/uploads\/sites\/10\/2022\/02\/Buy-Cherry-Pie-Marijuana.jpg","width":1080,"height":1080},{"@type":"BreadcrumbList","@id":"https:\/\/medicinasinc.com\/sk\/product\/kupit-ceresnovy-kolac-marihuana-kmen\/#breadcrumb","itemListElement":[{"@type":"ListItem","position":1,"name":"Obchod","item":"https:\/\/medicinasinc.com\/sk\/obchod\/"},{"@type":"ListItem","position":2,"name":"K\u00fapi\u0165 Cherry Pie Marihuana Kme\u0148"}]},{"@type":"WebSite","@id":"https:\/\/medicinasinc.com\/sk\/#website","url":"https:\/\/medicinasinc.com\/sk\/","name":"Medicinas Inc","description":"Health Medical Clinic","potentialAction":[{"@type":"SearchAction","target":{"@type":"EntryPoint","urlTemplate":"https:\/\/medicinasinc.com\/sk\/?s={search_term_string}"},"query-input":{"@type":"PropertyValueSpecification","valueRequired":true,"valueName":"search_term_string"}}],"inLanguage":"en-US"}]}},"_links":{"self":[{"href":"https:\/\/medicinasinc.com\/sk\/wp-json\/wp\/v2\/product\/4938","targetHints":{"allow":["GET"]}}],"collection":[{"href":"https:\/\/medicinasinc.com\/sk\/wp-json\/wp\/v2\/product"}],"about":[{"href":"https:\/\/medicinasinc.com\/sk\/wp-json\/wp\/v2\/types\/product"}],"replies":[{"embeddable":true,"href":"https:\/\/medicinasinc.com\/sk\/wp-json\/wp\/v2\/comments?post=4938"}],"wp:featuredmedia":[{"embeddable":true,"href":"https:\/\/medicinasinc.com\/sk\/wp-json\/wp\/v2\/media\/4952"}],"wp:attachment":[{"href":"https:\/\/medicinasinc.com\/sk\/wp-json\/wp\/v2\/media?parent=4938"}],"wp:term":[{"taxonomy":"product_brand","embeddable":true,"href":"https:\/\/medicinasinc.com\/sk\/wp-json\/wp\/v2\/product_brand?post=4938"},{"taxonomy":"product_cat","embeddable":true,"href":"https:\/\/medicinasinc.com\/sk\/wp-json\/wp\/v2\/product_cat?post=4938"},{"taxonomy":"product_tag","embeddable":true,"href":"https:\/\/medicinasinc.com\/sk\/wp-json\/wp\/v2\/product_tag?post=4938"}],"curies":[{"name":"wp","href":"https:\/\/api.w.org\/{rel}","templated":true}]}}