{"id":4928,"date":"2022-02-20T17:53:26","date_gmt":"2022-02-20T17:53:26","guid":{"rendered":"https:\/\/medicinasinc.com\/sk\/?post_type=product&#038;p=4928"},"modified":"2022-03-22T01:12:23","modified_gmt":"2022-03-22T01:12:23","slug":"buy-cookies-gelato","status":"publish","type":"product","link":"https:\/\/medicinasinc.com\/sk\/product\/buy-cookies-gelato\/","title":{"rendered":"K\u00fapte si Cookies Gelato"},"content":{"rendered":"<p>Cookies Gelato je potomkom dvoch sl\u00e1vnych kme\u0148ov marihuany. Zdedila \u0161ialen\u00e9 mno\u017estvo potencie, sladk\u00fa chu\u0165 a neskuto\u010dn\u00fa produktivitu. A Cali Bliss optimalizovala ka\u017ed\u00fd z t\u00fdchto prvkov. Toto je teraz \u010d\u00edslo 2 a bolo v\u00fdrazne vylep\u0161en\u00e9. Okrem toho sa pou\u017e\u00edva 25 % THC namiesto 23 % THC.<\/p>\n<p>Na za\u010diatok by sme chceli poskytn\u00fa\u0165 nejak\u00fd kontext pre pestovate\u013eov tohto kr\u00e1sneho kme\u0148a Cookies Gelato. Cali Bliss je relat\u00edvne nov\u00fd pestovate\u013esk\u00fd t\u00edm. S\u00fa to \u0165a\u017ek\u00ed hitteri a trvalo n\u00e1m asi rok a pol, k\u00fdm sme naskladnili niektor\u00e9 z ich kme\u0148ov. Teraz sme mali to \u0161\u0165astie, \u017ee sme z\u00edskali tri z nich. Venuj\u00fa sa autentickej kalifornskej genetike, no s prevratom. Ur\u010dit\u00e9 kmene trvaj\u00fa roky, k\u00fdm sa vyvin\u00fa do bodu, ke\u010f s\u00fa t\u00edto \u013eudia spokojn\u00ed.<\/p>\n<p>\u201eKe\u010f budete konzumova\u0165 viac kanabisu, va\u0161a tolerancia sa zv\u00fd\u0161i. Za\u010diato\u010dn\u00edkom netrv\u00e1 ve\u013ea, k\u00fdm v\u00e1s ukamenia. P\u00e1r \u0161lukov z posta\u010d\u00ed slab\u00fd kme\u0148. Po nieko\u013ek\u00fdch rokoch v\u0161ak ostrie\u013ean\u00ed faj\u010diari vy\u017eaduj\u00fa silnej\u0161iu marihuanu, aby dosiahli rovnak\u00e9 \u00fa\u010dinky. Jedn\u00fdm z t\u00fdchto kme\u0148ov je Cookies Gelato. Dod\u00e1va mon\u0161tru\u00f3znu d\u00e1vku THC, ktor\u00e1 okam\u017eite prenesie myse\u013e do zmenen\u00e9ho stavu vedomia a udr\u017eiava to cel\u00e9 hodiny.\u201c<\/p>\n<p>Mocn\u00e9 \u00fa\u010dinky cookies Gelato s\u00fa v\u00fdsledkom jej siln\u00fdch rodi\u010dovsk\u00fdch kme\u0148ov Girl Scout Cookies a Gelato. Toto dynamick\u00e9 duo je v\u0161ak zn\u00e1me nielen svojou hrubou silou. Ako nazna\u010duje ich n\u00e1zov, obaja maj\u00fa sladk\u00e9 a sladk\u00e9 terp\u00e9nov\u00e9 profily. Cookies Gelato steles\u0148uje najlep\u0161ie vlastnosti oboch t\u00fdchto legend\u00e1rnych odr\u00f4d.<\/p>\n<p>P\u00fa\u010diky na tomto chlap\u00edkovi s\u00fa riedke a na malej strane (to je dan\u00e9 geneticky \u2013 ned\u00e1 sa to ob\u00eds\u0165). Dodato\u010dn\u00e1 nad\u00fdchanos\u0165 a hebkos\u0165. To znamen\u00e1, \u017ee samotn\u00fd p\u00fa\u010dik m\u00e1 viac vzdu\u0161n\u00e9ho priestoru. To m\u00f4\u017ee vies\u0165 k r\u00fdchlej\u0161iemu sp\u00e1leniu a drsnej\u0161iemu pocitu, ak sa to neberie do \u00favahy. Preto sa jednoducho uistite, \u017ee je pevne zabalen\u00fd, aby ste odstr\u00e1nili ak\u00fdko\u013evek vzduchov\u00fd priestor. Ke\u010f \u0161\u00fa\u013eate jointa alebo faj\u010d\u00edte misku, poriadne ju zaba\u013ete. Toto je povaha kme\u0148a.<\/p>\n<p>\u010cO ZNAMEN\u00c1 \u010c\u00cdSLO DVA?<\/p>\n<p>\u2013 Rozsiahle \u00fa\u010dinky (jemnej\u0161ie)<\/p>\n<p>\u2013 Vylep\u0161en\u00e1 chu\u0165 (prec\u00edtenej\u0161\u00ed profil terp) <\/p>\n<p>\u2013 Zv\u00fd\u0161en\u00fd obsah THC (predt\u00fdm 23 percent , teraz je 25 percent )<\/p>\n<p>\u2013 Navy\u0161e lep\u0161ie vylie\u010denie a \u00faprava<\/p>\n<p>\u00da\u010cINKY:<\/p>\n<p>Kreat\u00edvne, radostn\u00e9 a euforick\u00e9<\/p>\n<p>LEK\u00c1RSKE:<\/p>\n<p>\u00dazkos\u0165, stres a chronick\u00e1 boles\u0165<\/p>\n<p>THC:<\/p>\n<p>25 % <\/p>\n<div class=\"product-next-previous\">\n<div class=\"product-prev\"><\/div><\/div>\n","protected":false},"excerpt":{"rendered":"<p>K\u00fapte si marihuanov\u00e9 su\u0161ienky Gelato na predaj online. Chem Willie je hybrid s dominantn\u00fdm postaven\u00edm Sativy \u2013 70 % Sativa a 30 % Indica. Indika THC: 15 %<\/p>\n","protected":false},"featured_media":4941,"comment_status":"open","ping_status":"closed","template":"","meta":[],"product_brand":[],"product_cat":[778],"product_tag":[803,805,806,808,809,810,804,807],"class_list":{"0":"post-4928","1":"product","2":"type-product","3":"status-publish","4":"has-post-thumbnail","6":"product_cat-burinu-na-predaj","7":"product_tag-cookies-gelato-42","8":"product_tag-suienky-gelato-as-kvitnutia","9":"product_tag-cookies-gelato-rast-dennik","10":"product_tag-gelato-cookies-a-smotana","11":"product_tag-gelato-cookies-strain-allbud","12":"product_tag-gelato-cookies-strain-wikileaf","13":"product_tag-na-c5-a1ienky-zmrzlina-41","14":"product_tag-suienky-gelato-vaok","16":"first","17":"instock","18":"shipping-taxable","19":"purchasable","20":"product-type-variable","21":"has-default-attributes"},"yoast_head":"<!-- This site is optimized with the Yoast SEO plugin v27.3 - https:\/\/yoast.com\/product\/yoast-seo-wordpress\/ -->\n<title>K\u00fapi\u0165 Cookies Gelato - Cookies Gelato na predaj - Najlep\u0161ie najlep\u0161ie glob\u00e1lne lieky<\/title>\n<meta name=\"description\" content=\"K\u00fapi\u0165 Cookies Gelato Marihuana na predaj online. Chem willie je Sativa Dominant Hybrid \u2013 70 % Sativa \/ 30 % Indica THC: 15 %\" \/>\n<meta name=\"robots\" content=\"index, follow, max-snippet:-1, max-image-preview:large, max-video-preview:-1\" \/>\n<link rel=\"canonical\" href=\"https:\/\/medicinasinc.com\/sk\/product\/buy-cookies-gelato\/\" \/>\n<meta property=\"og:locale\" content=\"en_US\" \/>\n<meta property=\"og:type\" content=\"article\" \/>\n<meta property=\"og:title\" content=\"K\u00fapi\u0165 Cookies Gelato - Cookies Gelato na predaj - Najlep\u0161ie najlep\u0161ie glob\u00e1lne lieky\" \/>\n<meta property=\"og:description\" content=\"K\u00fapi\u0165 Cookies Gelato Marihuana na predaj online. Chem willie je Sativa Dominant Hybrid \u2013 70 % Sativa \/ 30 % Indica THC: 15 %\" \/>\n<meta property=\"og:url\" content=\"https:\/\/medicinasinc.com\/sk\/product\/buy-cookies-gelato\/\" \/>\n<meta property=\"og:site_name\" content=\"Medicinas Inc\" \/>\n<meta property=\"article:modified_time\" content=\"2022-03-22T01:12:23+00:00\" \/>\n<meta property=\"og:image\" content=\"https:\/\/medicinasinc.com\/sk\/wp-content\/uploads\/sites\/10\/2022\/02\/Buy-Cookies-Gelato.jpg\" \/>\n\t<meta property=\"og:image:width\" content=\"420\" \/>\n\t<meta property=\"og:image:height\" content=\"630\" \/>\n\t<meta property=\"og:image:type\" content=\"image\/jpeg\" \/>\n<meta name=\"twitter:card\" content=\"summary_large_image\" \/>\n<meta name=\"twitter:label1\" content=\"Est. reading time\" \/>\n\t<meta name=\"twitter:data1\" content=\"2 minutes\" \/>\n<script type=\"application\/ld+json\" class=\"yoast-schema-graph\">{\"@context\":\"https:\\\/\\\/schema.org\",\"@graph\":[{\"@type\":\"WebPage\",\"@id\":\"https:\\\/\\\/medicinasinc.com\\\/sk\\\/product\\\/buy-cookies-gelato\\\/\",\"url\":\"https:\\\/\\\/medicinasinc.com\\\/sk\\\/product\\\/buy-cookies-gelato\\\/\",\"name\":\"K\u00fapi\u0165 Cookies Gelato - Cookies Gelato na predaj - Najlep\u0161ie najlep\u0161ie glob\u00e1lne lieky\",\"isPartOf\":{\"@id\":\"https:\\\/\\\/medicinasinc.com\\\/sk\\\/#website\"},\"primaryImageOfPage\":{\"@id\":\"https:\\\/\\\/medicinasinc.com\\\/sk\\\/product\\\/buy-cookies-gelato\\\/#primaryimage\"},\"image\":{\"@id\":\"https:\\\/\\\/medicinasinc.com\\\/sk\\\/product\\\/buy-cookies-gelato\\\/#primaryimage\"},\"thumbnailUrl\":\"https:\\\/\\\/medicinasinc.com\\\/sk\\\/wp-content\\\/uploads\\\/sites\\\/10\\\/2022\\\/02\\\/Buy-Cookies-Gelato.jpg\",\"datePublished\":\"2022-02-20T17:53:26+00:00\",\"dateModified\":\"2022-03-22T01:12:23+00:00\",\"description\":\"K\u00fapi\u0165 Cookies Gelato Marihuana na predaj online. Chem willie je Sativa Dominant Hybrid \u2013 70 % Sativa \\\/ 30 % Indica THC: 15 %\",\"breadcrumb\":{\"@id\":\"https:\\\/\\\/medicinasinc.com\\\/sk\\\/product\\\/buy-cookies-gelato\\\/#breadcrumb\"},\"inLanguage\":\"en-US\",\"potentialAction\":[{\"@type\":\"ReadAction\",\"target\":[\"https:\\\/\\\/medicinasinc.com\\\/sk\\\/product\\\/buy-cookies-gelato\\\/\"]}]},{\"@type\":\"ImageObject\",\"inLanguage\":\"en-US\",\"@id\":\"https:\\\/\\\/medicinasinc.com\\\/sk\\\/product\\\/buy-cookies-gelato\\\/#primaryimage\",\"url\":\"https:\\\/\\\/medicinasinc.com\\\/sk\\\/wp-content\\\/uploads\\\/sites\\\/10\\\/2022\\\/02\\\/Buy-Cookies-Gelato.jpg\",\"contentUrl\":\"https:\\\/\\\/medicinasinc.com\\\/sk\\\/wp-content\\\/uploads\\\/sites\\\/10\\\/2022\\\/02\\\/Buy-Cookies-Gelato.jpg\",\"width\":420,\"height\":630},{\"@type\":\"BreadcrumbList\",\"@id\":\"https:\\\/\\\/medicinasinc.com\\\/sk\\\/product\\\/buy-cookies-gelato\\\/#breadcrumb\",\"itemListElement\":[{\"@type\":\"ListItem\",\"position\":1,\"name\":\"Obchod\",\"item\":\"https:\\\/\\\/medicinasinc.com\\\/sk\\\/obchod\\\/\"},{\"@type\":\"ListItem\",\"position\":2,\"name\":\"K\u00fapte si Cookies Gelato\"}]},{\"@type\":\"WebSite\",\"@id\":\"https:\\\/\\\/medicinasinc.com\\\/sk\\\/#website\",\"url\":\"https:\\\/\\\/medicinasinc.com\\\/sk\\\/\",\"name\":\"Medicinas Inc\",\"description\":\"Health Medical Clinic\",\"potentialAction\":[{\"@type\":\"SearchAction\",\"target\":{\"@type\":\"EntryPoint\",\"urlTemplate\":\"https:\\\/\\\/medicinasinc.com\\\/sk\\\/?s={search_term_string}\"},\"query-input\":{\"@type\":\"PropertyValueSpecification\",\"valueRequired\":true,\"valueName\":\"search_term_string\"}}],\"inLanguage\":\"en-US\"}]}<\/script>\n<!-- \/ Yoast SEO plugin. -->","yoast_head_json":{"title":"K\u00fapi\u0165 Cookies Gelato - Cookies Gelato na predaj - Najlep\u0161ie najlep\u0161ie glob\u00e1lne lieky","description":"K\u00fapi\u0165 Cookies Gelato Marihuana na predaj online. Chem willie je Sativa Dominant Hybrid \u2013 70 % Sativa \/ 30 % Indica THC: 15 %","robots":{"index":"index","follow":"follow","max-snippet":"max-snippet:-1","max-image-preview":"max-image-preview:large","max-video-preview":"max-video-preview:-1"},"canonical":"https:\/\/medicinasinc.com\/sk\/product\/buy-cookies-gelato\/","og_locale":"en_US","og_type":"article","og_title":"K\u00fapi\u0165 Cookies Gelato - Cookies Gelato na predaj - Najlep\u0161ie najlep\u0161ie glob\u00e1lne lieky","og_description":"K\u00fapi\u0165 Cookies Gelato Marihuana na predaj online. Chem willie je Sativa Dominant Hybrid \u2013 70 % Sativa \/ 30 % Indica THC: 15 %","og_url":"https:\/\/medicinasinc.com\/sk\/product\/buy-cookies-gelato\/","og_site_name":"Medicinas Inc","article_modified_time":"2022-03-22T01:12:23+00:00","og_image":[{"width":420,"height":630,"url":"https:\/\/medicinasinc.com\/sk\/wp-content\/uploads\/sites\/10\/2022\/02\/Buy-Cookies-Gelato.jpg","type":"image\/jpeg"}],"twitter_card":"summary_large_image","twitter_misc":{"Est. reading time":"2 minutes"},"schema":{"@context":"https:\/\/schema.org","@graph":[{"@type":"WebPage","@id":"https:\/\/medicinasinc.com\/sk\/product\/buy-cookies-gelato\/","url":"https:\/\/medicinasinc.com\/sk\/product\/buy-cookies-gelato\/","name":"K\u00fapi\u0165 Cookies Gelato - Cookies Gelato na predaj - Najlep\u0161ie najlep\u0161ie glob\u00e1lne lieky","isPartOf":{"@id":"https:\/\/medicinasinc.com\/sk\/#website"},"primaryImageOfPage":{"@id":"https:\/\/medicinasinc.com\/sk\/product\/buy-cookies-gelato\/#primaryimage"},"image":{"@id":"https:\/\/medicinasinc.com\/sk\/product\/buy-cookies-gelato\/#primaryimage"},"thumbnailUrl":"https:\/\/medicinasinc.com\/sk\/wp-content\/uploads\/sites\/10\/2022\/02\/Buy-Cookies-Gelato.jpg","datePublished":"2022-02-20T17:53:26+00:00","dateModified":"2022-03-22T01:12:23+00:00","description":"K\u00fapi\u0165 Cookies Gelato Marihuana na predaj online. Chem willie je Sativa Dominant Hybrid \u2013 70 % Sativa \/ 30 % Indica THC: 15 %","breadcrumb":{"@id":"https:\/\/medicinasinc.com\/sk\/product\/buy-cookies-gelato\/#breadcrumb"},"inLanguage":"en-US","potentialAction":[{"@type":"ReadAction","target":["https:\/\/medicinasinc.com\/sk\/product\/buy-cookies-gelato\/"]}]},{"@type":"ImageObject","inLanguage":"en-US","@id":"https:\/\/medicinasinc.com\/sk\/product\/buy-cookies-gelato\/#primaryimage","url":"https:\/\/medicinasinc.com\/sk\/wp-content\/uploads\/sites\/10\/2022\/02\/Buy-Cookies-Gelato.jpg","contentUrl":"https:\/\/medicinasinc.com\/sk\/wp-content\/uploads\/sites\/10\/2022\/02\/Buy-Cookies-Gelato.jpg","width":420,"height":630},{"@type":"BreadcrumbList","@id":"https:\/\/medicinasinc.com\/sk\/product\/buy-cookies-gelato\/#breadcrumb","itemListElement":[{"@type":"ListItem","position":1,"name":"Obchod","item":"https:\/\/medicinasinc.com\/sk\/obchod\/"},{"@type":"ListItem","position":2,"name":"K\u00fapte si Cookies Gelato"}]},{"@type":"WebSite","@id":"https:\/\/medicinasinc.com\/sk\/#website","url":"https:\/\/medicinasinc.com\/sk\/","name":"Medicinas Inc","description":"Health Medical Clinic","potentialAction":[{"@type":"SearchAction","target":{"@type":"EntryPoint","urlTemplate":"https:\/\/medicinasinc.com\/sk\/?s={search_term_string}"},"query-input":{"@type":"PropertyValueSpecification","valueRequired":true,"valueName":"search_term_string"}}],"inLanguage":"en-US"}]}},"_links":{"self":[{"href":"https:\/\/medicinasinc.com\/sk\/wp-json\/wp\/v2\/product\/4928","targetHints":{"allow":["GET"]}}],"collection":[{"href":"https:\/\/medicinasinc.com\/sk\/wp-json\/wp\/v2\/product"}],"about":[{"href":"https:\/\/medicinasinc.com\/sk\/wp-json\/wp\/v2\/types\/product"}],"replies":[{"embeddable":true,"href":"https:\/\/medicinasinc.com\/sk\/wp-json\/wp\/v2\/comments?post=4928"}],"wp:featuredmedia":[{"embeddable":true,"href":"https:\/\/medicinasinc.com\/sk\/wp-json\/wp\/v2\/media\/4941"}],"wp:attachment":[{"href":"https:\/\/medicinasinc.com\/sk\/wp-json\/wp\/v2\/media?parent=4928"}],"wp:term":[{"taxonomy":"product_brand","embeddable":true,"href":"https:\/\/medicinasinc.com\/sk\/wp-json\/wp\/v2\/product_brand?post=4928"},{"taxonomy":"product_cat","embeddable":true,"href":"https:\/\/medicinasinc.com\/sk\/wp-json\/wp\/v2\/product_cat?post=4928"},{"taxonomy":"product_tag","embeddable":true,"href":"https:\/\/medicinasinc.com\/sk\/wp-json\/wp\/v2\/product_tag?post=4928"}],"curies":[{"name":"wp","href":"https:\/\/api.w.org\/{rel}","templated":true}]}}