{"id":4912,"date":"2022-02-20T17:40:16","date_gmt":"2022-02-20T17:40:16","guid":{"rendered":"https:\/\/medicinasinc.com\/sk\/?post_type=product&#038;p=4912"},"modified":"2022-03-22T01:12:46","modified_gmt":"2022-03-22T01:12:46","slug":"kupit-modry-sen-napatie","status":"publish","type":"product","link":"https:\/\/medicinasinc.com\/sk\/product\/kupit-modry-sen-napatie\/","title":{"rendered":"K\u00fapte si Blue Dream Strain"},"content":{"rendered":"<p>Kme\u0148 Blue Dream Sativa je mo\u017en\u00e9 zak\u00fapi\u0165 online.<\/p>\n<p>Kme\u0148 Blue Dream Sativa je mo\u017en\u00e9 zak\u00fapi\u0165 online.<\/p>\n<p>60 % Sativa Dominantn\u00e1 hybridn\u00e1 Sativa \/ 40 % Indica<br \/> THC obsah sa pohybuje medzi 17 % a 24 %, obsah CBD je 2 % a obsah CBN je 1 %.<\/p>\n<p>Kreat\u00edvne, energizuj\u00face, euforick\u00e9 a \u0161\u0165astn\u00e9 \u00fa\u010dinky m\u00f4\u017eu zmierni\u0165 pr\u00edznaky ADD\/ADHD, \u00fazkosti, bipol\u00e1rnej poruchy , chronick\u00e1 boles\u0165, depresia, \u00fanava, bolesti hlavy a hyperaktivita.<br \/> Pr\u00edchute<br \/> Ovocn\u00e1, bobu\u013eov\u00e1, \u010du\u010doriedkov\u00e1, bylinkov\u00e1, sladk\u00e1, vanilka<br \/> Ar\u00f3ma<br \/> Zemit\u00e1, ovocn\u00e1, sladk\u00e1 a vanilkov\u00e1 &#8211; ochuten\u00e9<\/p>\n","protected":false},"excerpt":{"rendered":"<p>K\u00fapte si Blue Dream Sativa AA s dopravou zdarma na ak\u00e9ko\u013evek miesto v Eur\u00f3pe. BudStars je svetovo najlep\u0161ie hodnoten\u00fd online obchod s marihuanou. Z\u00edskajte v\u00fdrazn\u00e9 z\u013eavy na svoj prv\u00fd n\u00e1kup.<\/p>\n<p>Kme\u0148 Blue Dream Sativa je mo\u017en\u00e9 zak\u00fapi\u0165 online.<\/p>\n<p>Marihuanu si m\u00f4\u017eete k\u00fapi\u0165 online s alebo bez lek\u00e1rskej karty marihuany. Marihuana po\u0161tou.<\/p>\n","protected":false},"featured_media":4926,"comment_status":"open","ping_status":"closed","template":"","meta":[],"product_brand":[],"product_cat":[778],"product_tag":[],"class_list":{"0":"post-4912","1":"product","2":"type-product","3":"status-publish","4":"has-post-thumbnail","6":"product_cat-burinu-na-predaj","8":"first","9":"instock","10":"shipping-taxable","11":"purchasable","12":"product-type-variable","13":"has-default-attributes"},"yoast_head":"<!-- This site is optimized with the Yoast SEO plugin v27.3 - https:\/\/yoast.com\/product\/yoast-seo-wordpress\/ -->\n<title>K\u00fapte si Blue Dream Strain \u2013 najlep\u0161ie najlep\u0161ie glob\u00e1lne lieky<\/title>\n<meta name=\"description\" content=\"K\u00fapi\u0165 Blue Dream Sativa kme\u0148 na predaj online. k\u00fapi\u0165 tr\u00e1vu online s alebo bez lek\u00e1rskej karty marihuany. Marihuana na objedn\u00e1vku.\" \/>\n<meta name=\"robots\" content=\"index, follow, max-snippet:-1, max-image-preview:large, max-video-preview:-1\" \/>\n<link rel=\"canonical\" href=\"https:\/\/medicinasinc.com\/sk\/product\/kupit-modry-sen-napatie\/\" \/>\n<meta property=\"og:locale\" content=\"en_US\" \/>\n<meta property=\"og:type\" content=\"article\" \/>\n<meta property=\"og:title\" content=\"K\u00fapte si Blue Dream Strain \u2013 najlep\u0161ie najlep\u0161ie glob\u00e1lne lieky\" \/>\n<meta property=\"og:description\" content=\"K\u00fapi\u0165 Blue Dream Sativa kme\u0148 na predaj online. k\u00fapi\u0165 tr\u00e1vu online s alebo bez lek\u00e1rskej karty marihuany. Marihuana na objedn\u00e1vku.\" \/>\n<meta property=\"og:url\" content=\"https:\/\/medicinasinc.com\/sk\/product\/kupit-modry-sen-napatie\/\" \/>\n<meta property=\"og:site_name\" content=\"Medicinas Inc\" \/>\n<meta property=\"article:modified_time\" content=\"2022-03-22T01:12:46+00:00\" \/>\n<meta property=\"og:image\" content=\"https:\/\/medicinasinc.com\/sk\/wp-content\/uploads\/sites\/10\/2022\/02\/Buy-Blue-Dream-Strain.jpg\" \/>\n\t<meta property=\"og:image:width\" content=\"225\" \/>\n\t<meta property=\"og:image:height\" content=\"225\" \/>\n\t<meta property=\"og:image:type\" content=\"image\/jpeg\" \/>\n<meta name=\"twitter:card\" content=\"summary_large_image\" \/>\n<meta name=\"twitter:label1\" content=\"Est. reading time\" \/>\n\t<meta name=\"twitter:data1\" content=\"1 minute\" \/>\n<script type=\"application\/ld+json\" class=\"yoast-schema-graph\">{\"@context\":\"https:\\\/\\\/schema.org\",\"@graph\":[{\"@type\":\"WebPage\",\"@id\":\"https:\\\/\\\/medicinasinc.com\\\/sk\\\/product\\\/kupit-modry-sen-napatie\\\/\",\"url\":\"https:\\\/\\\/medicinasinc.com\\\/sk\\\/product\\\/kupit-modry-sen-napatie\\\/\",\"name\":\"K\u00fapte si Blue Dream Strain \u2013 najlep\u0161ie najlep\u0161ie glob\u00e1lne lieky\",\"isPartOf\":{\"@id\":\"https:\\\/\\\/medicinasinc.com\\\/sk\\\/#website\"},\"primaryImageOfPage\":{\"@id\":\"https:\\\/\\\/medicinasinc.com\\\/sk\\\/product\\\/kupit-modry-sen-napatie\\\/#primaryimage\"},\"image\":{\"@id\":\"https:\\\/\\\/medicinasinc.com\\\/sk\\\/product\\\/kupit-modry-sen-napatie\\\/#primaryimage\"},\"thumbnailUrl\":\"https:\\\/\\\/medicinasinc.com\\\/sk\\\/wp-content\\\/uploads\\\/sites\\\/10\\\/2022\\\/02\\\/Buy-Blue-Dream-Strain.jpg\",\"datePublished\":\"2022-02-20T17:40:16+00:00\",\"dateModified\":\"2022-03-22T01:12:46+00:00\",\"description\":\"K\u00fapi\u0165 Blue Dream Sativa kme\u0148 na predaj online. k\u00fapi\u0165 tr\u00e1vu online s alebo bez lek\u00e1rskej karty marihuany. Marihuana na objedn\u00e1vku.\",\"breadcrumb\":{\"@id\":\"https:\\\/\\\/medicinasinc.com\\\/sk\\\/product\\\/kupit-modry-sen-napatie\\\/#breadcrumb\"},\"inLanguage\":\"en-US\",\"potentialAction\":[{\"@type\":\"ReadAction\",\"target\":[\"https:\\\/\\\/medicinasinc.com\\\/sk\\\/product\\\/kupit-modry-sen-napatie\\\/\"]}]},{\"@type\":\"ImageObject\",\"inLanguage\":\"en-US\",\"@id\":\"https:\\\/\\\/medicinasinc.com\\\/sk\\\/product\\\/kupit-modry-sen-napatie\\\/#primaryimage\",\"url\":\"https:\\\/\\\/medicinasinc.com\\\/sk\\\/wp-content\\\/uploads\\\/sites\\\/10\\\/2022\\\/02\\\/Buy-Blue-Dream-Strain.jpg\",\"contentUrl\":\"https:\\\/\\\/medicinasinc.com\\\/sk\\\/wp-content\\\/uploads\\\/sites\\\/10\\\/2022\\\/02\\\/Buy-Blue-Dream-Strain.jpg\",\"width\":225,\"height\":225},{\"@type\":\"BreadcrumbList\",\"@id\":\"https:\\\/\\\/medicinasinc.com\\\/sk\\\/product\\\/kupit-modry-sen-napatie\\\/#breadcrumb\",\"itemListElement\":[{\"@type\":\"ListItem\",\"position\":1,\"name\":\"Obchod\",\"item\":\"https:\\\/\\\/medicinasinc.com\\\/sk\\\/obchod\\\/\"},{\"@type\":\"ListItem\",\"position\":2,\"name\":\"K\u00fapte si Blue Dream Strain\"}]},{\"@type\":\"WebSite\",\"@id\":\"https:\\\/\\\/medicinasinc.com\\\/sk\\\/#website\",\"url\":\"https:\\\/\\\/medicinasinc.com\\\/sk\\\/\",\"name\":\"Medicinas Inc\",\"description\":\"Health Medical Clinic\",\"potentialAction\":[{\"@type\":\"SearchAction\",\"target\":{\"@type\":\"EntryPoint\",\"urlTemplate\":\"https:\\\/\\\/medicinasinc.com\\\/sk\\\/?s={search_term_string}\"},\"query-input\":{\"@type\":\"PropertyValueSpecification\",\"valueRequired\":true,\"valueName\":\"search_term_string\"}}],\"inLanguage\":\"en-US\"}]}<\/script>\n<!-- \/ Yoast SEO plugin. -->","yoast_head_json":{"title":"K\u00fapte si Blue Dream Strain \u2013 najlep\u0161ie najlep\u0161ie glob\u00e1lne lieky","description":"K\u00fapi\u0165 Blue Dream Sativa kme\u0148 na predaj online. k\u00fapi\u0165 tr\u00e1vu online s alebo bez lek\u00e1rskej karty marihuany. Marihuana na objedn\u00e1vku.","robots":{"index":"index","follow":"follow","max-snippet":"max-snippet:-1","max-image-preview":"max-image-preview:large","max-video-preview":"max-video-preview:-1"},"canonical":"https:\/\/medicinasinc.com\/sk\/product\/kupit-modry-sen-napatie\/","og_locale":"en_US","og_type":"article","og_title":"K\u00fapte si Blue Dream Strain \u2013 najlep\u0161ie najlep\u0161ie glob\u00e1lne lieky","og_description":"K\u00fapi\u0165 Blue Dream Sativa kme\u0148 na predaj online. k\u00fapi\u0165 tr\u00e1vu online s alebo bez lek\u00e1rskej karty marihuany. Marihuana na objedn\u00e1vku.","og_url":"https:\/\/medicinasinc.com\/sk\/product\/kupit-modry-sen-napatie\/","og_site_name":"Medicinas Inc","article_modified_time":"2022-03-22T01:12:46+00:00","og_image":[{"width":225,"height":225,"url":"https:\/\/medicinasinc.com\/sk\/wp-content\/uploads\/sites\/10\/2022\/02\/Buy-Blue-Dream-Strain.jpg","type":"image\/jpeg"}],"twitter_card":"summary_large_image","twitter_misc":{"Est. reading time":"1 minute"},"schema":{"@context":"https:\/\/schema.org","@graph":[{"@type":"WebPage","@id":"https:\/\/medicinasinc.com\/sk\/product\/kupit-modry-sen-napatie\/","url":"https:\/\/medicinasinc.com\/sk\/product\/kupit-modry-sen-napatie\/","name":"K\u00fapte si Blue Dream Strain \u2013 najlep\u0161ie najlep\u0161ie glob\u00e1lne lieky","isPartOf":{"@id":"https:\/\/medicinasinc.com\/sk\/#website"},"primaryImageOfPage":{"@id":"https:\/\/medicinasinc.com\/sk\/product\/kupit-modry-sen-napatie\/#primaryimage"},"image":{"@id":"https:\/\/medicinasinc.com\/sk\/product\/kupit-modry-sen-napatie\/#primaryimage"},"thumbnailUrl":"https:\/\/medicinasinc.com\/sk\/wp-content\/uploads\/sites\/10\/2022\/02\/Buy-Blue-Dream-Strain.jpg","datePublished":"2022-02-20T17:40:16+00:00","dateModified":"2022-03-22T01:12:46+00:00","description":"K\u00fapi\u0165 Blue Dream Sativa kme\u0148 na predaj online. k\u00fapi\u0165 tr\u00e1vu online s alebo bez lek\u00e1rskej karty marihuany. Marihuana na objedn\u00e1vku.","breadcrumb":{"@id":"https:\/\/medicinasinc.com\/sk\/product\/kupit-modry-sen-napatie\/#breadcrumb"},"inLanguage":"en-US","potentialAction":[{"@type":"ReadAction","target":["https:\/\/medicinasinc.com\/sk\/product\/kupit-modry-sen-napatie\/"]}]},{"@type":"ImageObject","inLanguage":"en-US","@id":"https:\/\/medicinasinc.com\/sk\/product\/kupit-modry-sen-napatie\/#primaryimage","url":"https:\/\/medicinasinc.com\/sk\/wp-content\/uploads\/sites\/10\/2022\/02\/Buy-Blue-Dream-Strain.jpg","contentUrl":"https:\/\/medicinasinc.com\/sk\/wp-content\/uploads\/sites\/10\/2022\/02\/Buy-Blue-Dream-Strain.jpg","width":225,"height":225},{"@type":"BreadcrumbList","@id":"https:\/\/medicinasinc.com\/sk\/product\/kupit-modry-sen-napatie\/#breadcrumb","itemListElement":[{"@type":"ListItem","position":1,"name":"Obchod","item":"https:\/\/medicinasinc.com\/sk\/obchod\/"},{"@type":"ListItem","position":2,"name":"K\u00fapte si Blue Dream Strain"}]},{"@type":"WebSite","@id":"https:\/\/medicinasinc.com\/sk\/#website","url":"https:\/\/medicinasinc.com\/sk\/","name":"Medicinas Inc","description":"Health Medical Clinic","potentialAction":[{"@type":"SearchAction","target":{"@type":"EntryPoint","urlTemplate":"https:\/\/medicinasinc.com\/sk\/?s={search_term_string}"},"query-input":{"@type":"PropertyValueSpecification","valueRequired":true,"valueName":"search_term_string"}}],"inLanguage":"en-US"}]}},"_links":{"self":[{"href":"https:\/\/medicinasinc.com\/sk\/wp-json\/wp\/v2\/product\/4912","targetHints":{"allow":["GET"]}}],"collection":[{"href":"https:\/\/medicinasinc.com\/sk\/wp-json\/wp\/v2\/product"}],"about":[{"href":"https:\/\/medicinasinc.com\/sk\/wp-json\/wp\/v2\/types\/product"}],"replies":[{"embeddable":true,"href":"https:\/\/medicinasinc.com\/sk\/wp-json\/wp\/v2\/comments?post=4912"}],"wp:featuredmedia":[{"embeddable":true,"href":"https:\/\/medicinasinc.com\/sk\/wp-json\/wp\/v2\/media\/4926"}],"wp:attachment":[{"href":"https:\/\/medicinasinc.com\/sk\/wp-json\/wp\/v2\/media?parent=4912"}],"wp:term":[{"taxonomy":"product_brand","embeddable":true,"href":"https:\/\/medicinasinc.com\/sk\/wp-json\/wp\/v2\/product_brand?post=4912"},{"taxonomy":"product_cat","embeddable":true,"href":"https:\/\/medicinasinc.com\/sk\/wp-json\/wp\/v2\/product_cat?post=4912"},{"taxonomy":"product_tag","embeddable":true,"href":"https:\/\/medicinasinc.com\/sk\/wp-json\/wp\/v2\/product_tag?post=4912"}],"curies":[{"name":"wp","href":"https:\/\/api.w.org\/{rel}","templated":true}]}}