{"id":4908,"date":"2022-02-20T17:37:57","date_gmt":"2022-02-20T17:37:57","guid":{"rendered":"https:\/\/medicinasinc.com\/sk\/?post_type=product&#038;p=4908"},"modified":"2022-03-22T01:13:03","modified_gmt":"2022-03-22T01:13:03","slug":"buy-triple-g-strain","status":"publish","type":"product","link":"https:\/\/medicinasinc.com\/sk\/product\/buy-triple-g-strain\/","title":{"rendered":"K\u00fapi\u0165 Triple G Strain"},"content":{"rendered":"<p>Pokia\u013e ide o tento hybridn\u00fd kme\u0148<\/p>\n<p>Triple G, tie\u017e zn\u00e1my ako Ghost OG, produkuje p\u00fa\u010diky, ktor\u00e9 s\u00fa vo\u0148av\u00e9, tropick\u00e9, ale mierne podfarben\u00e9, so svie\u017eimi zemit\u00fdmi podt\u00f3nmi. Kv\u00f4li svojej dominancii indiky m\u00f4\u017eu niektor\u00e9 p\u00fa\u010diky vykazova\u0165 hlbok\u00e9 a l\u00e1kav\u00e9 fialov\u00e9 odtiene. Pri \u00faden\u00ed alebo odparovan\u00ed sa pr\u00edchu\u0165 prikl\u00e1\u0148a k sladkej, no limetkovej pr\u00edchuti.<\/p>\n<p>Hladiny THC sa zvy\u010dajne pohybuj\u00fa medzi n\u00edzkou a strednou dvadsiatkou a mnoh\u00ed recenzenti chv\u00e1lia potenci\u00e1l tohto kme\u0148a na otupuj\u00facu boles\u0165 spojen\u00fa s r\u00f4znymi druhmi stavov a sympt\u00f3mov vr\u00e1tane nepohodlia chrbtice.<\/p>\n<p>Fan\u00fa\u0161ikovia Triple G navy\u0161e uviedli, \u017ee je to vynikaj\u00faci kme\u0148 na upokojenie nervov, zmiernenie psychick\u00e9ho stresu a umo\u017enenie mysle odd\u00fdchnu\u0165 si od n\u00e1poru my\u0161lienok, ktor\u00e9 udr\u017eujte n\u00e1s v noci bdel\u00fdmi.<\/p>\n<p>Tento kme\u0148 s prevahou indica m\u00f4\u017ee vyvola\u0165 hlad alebo sed\u00e1ciu, preto majte po ruke nejak\u00e9 zdrav\u00e9 ob\u010derstvenie a pohodln\u00e9 miesto na odpo\u010dinok alebo sp\u00e1nok v bl\u00edzkosti.<\/p>\n<p>K\u00fapte si modr\u00fd Dream Sativa AA s dopravou zdarma na ak\u00e9ko\u013evek miesto v Eur\u00f3pe. BudStars je svetovo najlep\u0161ie hodnoten\u00fd online obchod s marihuanou. Z\u00edskajte v\u00fdrazn\u00e9 z\u013eavy na svoj prv\u00fd n\u00e1kup.<\/p>\n<p>Kme\u0148 Blue Dream Sativa je mo\u017en\u00e9 zak\u00fapi\u0165 online.<\/p>\n<p>Marihuanu si m\u00f4\u017eete k\u00fapi\u0165 online s alebo bez lek\u00e1rskej karty marihuany. Marihuana po\u0161tou.<\/p>\n","protected":false},"excerpt":{"rendered":"<p>Kme\u0148 Triple G na predaj je hybrid a kr\u00ed\u017eenec dvoch legend\u00e1rnych kme\u0148ov v komunite kanabisu: Gorilla Glue a Gelato.<\/p>\n<table>\n<caption>Cannabinoid Lab Data<\/caption>\n<thead>\n<tr>\n<th>Kanabinoid<\/th>\n<th>Mno\u017estvo<\/th>\n<\/tr>\n<\/thead>\n<tbody>\n<tr>\n<td>THC:<\/td>\n<td>21,69 %<\/td>\n<\/tr>\n<tr>\n<td>\u03949-THC:<\/td>\n<td>1,04 %<\/td>\n<\/tr>\n<tr>\n<td>THC-A:<\/td>\n<td>23,54 % <\/td>\n<\/tr>\n<\/tbody>\n<\/table>\n<p>&nbsp;<\/p>\n<table>\n<caption>\u00dadaje z Terp\u00e9nov\u00e9ho laborat\u00f3ria<\/caption>\n<thead>\n<tr>\n<th>Terp\u00e9nov\u00e9<\/th>\n<th>Mno\u017estvo<\/th>\n<\/tr>\n<\/thead>\n<tbody>\n<tr>\n<td>Limon\u00e9n:<\/td>\n<td>0,68 %<\/td>\n<\/tr>\n<tr>\n<td>Beta karyofyl\u00e9n:<\/td>\n<td>0,27 %<\/td>\n<\/tr>\n<tr>\n<td>Beta myrc\u00e9n:<\/td>\n<td>0,22 %<\/td>\n<\/tr>\n<\/tbody>\n<\/table>\n","protected":false},"featured_media":4922,"comment_status":"open","ping_status":"closed","template":"","meta":[],"product_brand":[],"product_cat":[778],"product_tag":[787,788,789,793,794,791,792,790],"class_list":{"0":"post-4908","1":"product","2":"type-product","3":"status-publish","4":"has-post-thumbnail","6":"product_cat-burinu-na-predaj","7":"product_tag-ggg-kme","8":"product_tag-hulkberry-kme","9":"product_tag-la-patron-kme-listov","10":"product_tag-triple-g-strain-leafly","11":"product_tag-triple-g-strain-near-me","12":"product_tag-triple-g-strain-allbud","13":"product_tag-trojit-g-kme-as-kvitnutia","14":"product_tag-trojit-g-rast-dennk","16":"first","17":"instock","18":"shipping-taxable","19":"purchasable","20":"product-type-variable","21":"has-default-attributes"},"yoast_head":"<!-- This site is optimized with the Yoast SEO plugin v27.3 - https:\/\/yoast.com\/product\/yoast-seo-wordpress\/ -->\n<title>K\u00fapte si Triple G Strain \u2013 najlep\u0161ie najlep\u0161ie glob\u00e1lne lieky<\/title>\n<meta name=\"description\" content=\"K\u00fapi\u0165 kme\u0148 Triple G na predaj je hybrid a kr\u00ed\u017eenec medzi dvoma v\u00fdkonn\u00fdmi kme\u0148mi, ktor\u00e9 sa stali zn\u00e1mymi v komunite kanabisu: Gorilla Glue a Gelato.\" \/>\n<meta name=\"robots\" content=\"index, follow, max-snippet:-1, max-image-preview:large, max-video-preview:-1\" \/>\n<link rel=\"canonical\" href=\"https:\/\/medicinasinc.com\/sk\/product\/buy-triple-g-strain\/\" \/>\n<meta property=\"og:locale\" content=\"en_US\" \/>\n<meta property=\"og:type\" content=\"article\" \/>\n<meta property=\"og:title\" content=\"K\u00fapte si Triple G Strain \u2013 najlep\u0161ie najlep\u0161ie glob\u00e1lne lieky\" \/>\n<meta property=\"og:description\" content=\"K\u00fapi\u0165 kme\u0148 Triple G na predaj je hybrid a kr\u00ed\u017eenec medzi dvoma v\u00fdkonn\u00fdmi kme\u0148mi, ktor\u00e9 sa stali zn\u00e1mymi v komunite kanabisu: Gorilla Glue a Gelato.\" \/>\n<meta property=\"og:url\" content=\"https:\/\/medicinasinc.com\/sk\/product\/buy-triple-g-strain\/\" \/>\n<meta property=\"og:site_name\" content=\"Medicinas Inc\" \/>\n<meta property=\"article:modified_time\" content=\"2022-03-22T01:13:03+00:00\" \/>\n<meta property=\"og:image\" content=\"https:\/\/medicinasinc.com\/sk\/wp-content\/uploads\/sites\/10\/2022\/02\/Buy-Triple-G-Strain-1.jpg\" \/>\n\t<meta property=\"og:image:width\" content=\"800\" \/>\n\t<meta property=\"og:image:height\" content=\"800\" \/>\n\t<meta property=\"og:image:type\" content=\"image\/jpeg\" \/>\n<meta name=\"twitter:card\" content=\"summary_large_image\" \/>\n<meta name=\"twitter:label1\" content=\"Est. reading time\" \/>\n\t<meta name=\"twitter:data1\" content=\"1 minute\" \/>\n<script type=\"application\/ld+json\" class=\"yoast-schema-graph\">{\"@context\":\"https:\\\/\\\/schema.org\",\"@graph\":[{\"@type\":\"WebPage\",\"@id\":\"https:\\\/\\\/medicinasinc.com\\\/sk\\\/product\\\/buy-triple-g-strain\\\/\",\"url\":\"https:\\\/\\\/medicinasinc.com\\\/sk\\\/product\\\/buy-triple-g-strain\\\/\",\"name\":\"K\u00fapte si Triple G Strain \u2013 najlep\u0161ie najlep\u0161ie glob\u00e1lne lieky\",\"isPartOf\":{\"@id\":\"https:\\\/\\\/medicinasinc.com\\\/sk\\\/#website\"},\"primaryImageOfPage\":{\"@id\":\"https:\\\/\\\/medicinasinc.com\\\/sk\\\/product\\\/buy-triple-g-strain\\\/#primaryimage\"},\"image\":{\"@id\":\"https:\\\/\\\/medicinasinc.com\\\/sk\\\/product\\\/buy-triple-g-strain\\\/#primaryimage\"},\"thumbnailUrl\":\"https:\\\/\\\/medicinasinc.com\\\/sk\\\/wp-content\\\/uploads\\\/sites\\\/10\\\/2022\\\/02\\\/Buy-Triple-G-Strain-1.jpg\",\"datePublished\":\"2022-02-20T17:37:57+00:00\",\"dateModified\":\"2022-03-22T01:13:03+00:00\",\"description\":\"K\u00fapi\u0165 kme\u0148 Triple G na predaj je hybrid a kr\u00ed\u017eenec medzi dvoma v\u00fdkonn\u00fdmi kme\u0148mi, ktor\u00e9 sa stali zn\u00e1mymi v komunite kanabisu: Gorilla Glue a Gelato.\",\"breadcrumb\":{\"@id\":\"https:\\\/\\\/medicinasinc.com\\\/sk\\\/product\\\/buy-triple-g-strain\\\/#breadcrumb\"},\"inLanguage\":\"en-US\",\"potentialAction\":[{\"@type\":\"ReadAction\",\"target\":[\"https:\\\/\\\/medicinasinc.com\\\/sk\\\/product\\\/buy-triple-g-strain\\\/\"]}]},{\"@type\":\"ImageObject\",\"inLanguage\":\"en-US\",\"@id\":\"https:\\\/\\\/medicinasinc.com\\\/sk\\\/product\\\/buy-triple-g-strain\\\/#primaryimage\",\"url\":\"https:\\\/\\\/medicinasinc.com\\\/sk\\\/wp-content\\\/uploads\\\/sites\\\/10\\\/2022\\\/02\\\/Buy-Triple-G-Strain-1.jpg\",\"contentUrl\":\"https:\\\/\\\/medicinasinc.com\\\/sk\\\/wp-content\\\/uploads\\\/sites\\\/10\\\/2022\\\/02\\\/Buy-Triple-G-Strain-1.jpg\",\"width\":800,\"height\":800},{\"@type\":\"BreadcrumbList\",\"@id\":\"https:\\\/\\\/medicinasinc.com\\\/sk\\\/product\\\/buy-triple-g-strain\\\/#breadcrumb\",\"itemListElement\":[{\"@type\":\"ListItem\",\"position\":1,\"name\":\"Obchod\",\"item\":\"https:\\\/\\\/medicinasinc.com\\\/sk\\\/obchod\\\/\"},{\"@type\":\"ListItem\",\"position\":2,\"name\":\"K\u00fapi\u0165 Triple G Strain\"}]},{\"@type\":\"WebSite\",\"@id\":\"https:\\\/\\\/medicinasinc.com\\\/sk\\\/#website\",\"url\":\"https:\\\/\\\/medicinasinc.com\\\/sk\\\/\",\"name\":\"Medicinas Inc\",\"description\":\"Health Medical Clinic\",\"potentialAction\":[{\"@type\":\"SearchAction\",\"target\":{\"@type\":\"EntryPoint\",\"urlTemplate\":\"https:\\\/\\\/medicinasinc.com\\\/sk\\\/?s={search_term_string}\"},\"query-input\":{\"@type\":\"PropertyValueSpecification\",\"valueRequired\":true,\"valueName\":\"search_term_string\"}}],\"inLanguage\":\"en-US\"}]}<\/script>\n<!-- \/ Yoast SEO plugin. -->","yoast_head_json":{"title":"K\u00fapte si Triple G Strain \u2013 najlep\u0161ie najlep\u0161ie glob\u00e1lne lieky","description":"K\u00fapi\u0165 kme\u0148 Triple G na predaj je hybrid a kr\u00ed\u017eenec medzi dvoma v\u00fdkonn\u00fdmi kme\u0148mi, ktor\u00e9 sa stali zn\u00e1mymi v komunite kanabisu: Gorilla Glue a Gelato.","robots":{"index":"index","follow":"follow","max-snippet":"max-snippet:-1","max-image-preview":"max-image-preview:large","max-video-preview":"max-video-preview:-1"},"canonical":"https:\/\/medicinasinc.com\/sk\/product\/buy-triple-g-strain\/","og_locale":"en_US","og_type":"article","og_title":"K\u00fapte si Triple G Strain \u2013 najlep\u0161ie najlep\u0161ie glob\u00e1lne lieky","og_description":"K\u00fapi\u0165 kme\u0148 Triple G na predaj je hybrid a kr\u00ed\u017eenec medzi dvoma v\u00fdkonn\u00fdmi kme\u0148mi, ktor\u00e9 sa stali zn\u00e1mymi v komunite kanabisu: Gorilla Glue a Gelato.","og_url":"https:\/\/medicinasinc.com\/sk\/product\/buy-triple-g-strain\/","og_site_name":"Medicinas Inc","article_modified_time":"2022-03-22T01:13:03+00:00","og_image":[{"width":800,"height":800,"url":"https:\/\/medicinasinc.com\/sk\/wp-content\/uploads\/sites\/10\/2022\/02\/Buy-Triple-G-Strain-1.jpg","type":"image\/jpeg"}],"twitter_card":"summary_large_image","twitter_misc":{"Est. reading time":"1 minute"},"schema":{"@context":"https:\/\/schema.org","@graph":[{"@type":"WebPage","@id":"https:\/\/medicinasinc.com\/sk\/product\/buy-triple-g-strain\/","url":"https:\/\/medicinasinc.com\/sk\/product\/buy-triple-g-strain\/","name":"K\u00fapte si Triple G Strain \u2013 najlep\u0161ie najlep\u0161ie glob\u00e1lne lieky","isPartOf":{"@id":"https:\/\/medicinasinc.com\/sk\/#website"},"primaryImageOfPage":{"@id":"https:\/\/medicinasinc.com\/sk\/product\/buy-triple-g-strain\/#primaryimage"},"image":{"@id":"https:\/\/medicinasinc.com\/sk\/product\/buy-triple-g-strain\/#primaryimage"},"thumbnailUrl":"https:\/\/medicinasinc.com\/sk\/wp-content\/uploads\/sites\/10\/2022\/02\/Buy-Triple-G-Strain-1.jpg","datePublished":"2022-02-20T17:37:57+00:00","dateModified":"2022-03-22T01:13:03+00:00","description":"K\u00fapi\u0165 kme\u0148 Triple G na predaj je hybrid a kr\u00ed\u017eenec medzi dvoma v\u00fdkonn\u00fdmi kme\u0148mi, ktor\u00e9 sa stali zn\u00e1mymi v komunite kanabisu: Gorilla Glue a Gelato.","breadcrumb":{"@id":"https:\/\/medicinasinc.com\/sk\/product\/buy-triple-g-strain\/#breadcrumb"},"inLanguage":"en-US","potentialAction":[{"@type":"ReadAction","target":["https:\/\/medicinasinc.com\/sk\/product\/buy-triple-g-strain\/"]}]},{"@type":"ImageObject","inLanguage":"en-US","@id":"https:\/\/medicinasinc.com\/sk\/product\/buy-triple-g-strain\/#primaryimage","url":"https:\/\/medicinasinc.com\/sk\/wp-content\/uploads\/sites\/10\/2022\/02\/Buy-Triple-G-Strain-1.jpg","contentUrl":"https:\/\/medicinasinc.com\/sk\/wp-content\/uploads\/sites\/10\/2022\/02\/Buy-Triple-G-Strain-1.jpg","width":800,"height":800},{"@type":"BreadcrumbList","@id":"https:\/\/medicinasinc.com\/sk\/product\/buy-triple-g-strain\/#breadcrumb","itemListElement":[{"@type":"ListItem","position":1,"name":"Obchod","item":"https:\/\/medicinasinc.com\/sk\/obchod\/"},{"@type":"ListItem","position":2,"name":"K\u00fapi\u0165 Triple G Strain"}]},{"@type":"WebSite","@id":"https:\/\/medicinasinc.com\/sk\/#website","url":"https:\/\/medicinasinc.com\/sk\/","name":"Medicinas Inc","description":"Health Medical Clinic","potentialAction":[{"@type":"SearchAction","target":{"@type":"EntryPoint","urlTemplate":"https:\/\/medicinasinc.com\/sk\/?s={search_term_string}"},"query-input":{"@type":"PropertyValueSpecification","valueRequired":true,"valueName":"search_term_string"}}],"inLanguage":"en-US"}]}},"_links":{"self":[{"href":"https:\/\/medicinasinc.com\/sk\/wp-json\/wp\/v2\/product\/4908","targetHints":{"allow":["GET"]}}],"collection":[{"href":"https:\/\/medicinasinc.com\/sk\/wp-json\/wp\/v2\/product"}],"about":[{"href":"https:\/\/medicinasinc.com\/sk\/wp-json\/wp\/v2\/types\/product"}],"replies":[{"embeddable":true,"href":"https:\/\/medicinasinc.com\/sk\/wp-json\/wp\/v2\/comments?post=4908"}],"wp:featuredmedia":[{"embeddable":true,"href":"https:\/\/medicinasinc.com\/sk\/wp-json\/wp\/v2\/media\/4922"}],"wp:attachment":[{"href":"https:\/\/medicinasinc.com\/sk\/wp-json\/wp\/v2\/media?parent=4908"}],"wp:term":[{"taxonomy":"product_brand","embeddable":true,"href":"https:\/\/medicinasinc.com\/sk\/wp-json\/wp\/v2\/product_brand?post=4908"},{"taxonomy":"product_cat","embeddable":true,"href":"https:\/\/medicinasinc.com\/sk\/wp-json\/wp\/v2\/product_cat?post=4908"},{"taxonomy":"product_tag","embeddable":true,"href":"https:\/\/medicinasinc.com\/sk\/wp-json\/wp\/v2\/product_tag?post=4908"}],"curies":[{"name":"wp","href":"https:\/\/api.w.org\/{rel}","templated":true}]}}