{"id":4896,"date":"2022-02-20T17:28:28","date_gmt":"2022-02-20T17:28:28","guid":{"rendered":"https:\/\/medicinasinc.com\/sk\/?post_type=product&#038;p=4896"},"modified":"2022-03-22T01:13:13","modified_gmt":"2022-03-22T01:13:13","slug":"buy-apollo-11-marihuana","status":"publish","type":"product","link":"https:\/\/medicinasinc.com\/sk\/product\/buy-apollo-11-marihuana\/","title":{"rendered":"K\u00fapte si marihuanu Apollo 11"},"content":{"rendered":"<div class=\"woocommerce-tabs wc-tabs-wrapper\">\n<div id=\"tab-description\" class=\"woocommerce-Tabs-panel woocommerce-Tabs-panel--description panel entry-content wc-tab\" role=\"tabpanel\" aria-labelledby=\"tab-title-description\">\n<p>K\u00daPI\u0164 KME\u0147 MARIHUANA APOLLO 11<\/p>\n<p>Apollo 11 je vysoko \u00fa\u010dinn\u00fd hybridn\u00fd kme\u0148 kanabisu so siln\u00fdmi cerebr\u00e1lnymi \u00fa\u010dinkami, v\u010faka ktor\u00fdm sa va\u0161a hlava bude c\u00edti\u0165 ako ak sa chyst\u00e1 prist\u00e1\u0165 na Mesiaci. Kme\u0148 marihuany Apollo 11 m\u00e1 upokojuj\u00faci \u00fa\u010dinok a siln\u00fd pocit fyzickej relax\u00e1cie. P\u00fa\u010diky s\u00fa pred\u013a\u017een\u00e9, svetlozelen\u00e9 a extr\u00e9mne \u017eivicov\u00e9.<\/p>\n<p>AKO POU\u017d\u00cdVA\u0164 KMEN MARIHUANA APOLLO 11?<\/p>\n<p>Apollo 11 je vhodn\u00e9 na faj\u010denie v jointe, bong, fajke alebo miske. <\/p>\n<p>Kanabinoidy sa vstreb\u00e1vaj\u00fa do krvn\u00e9ho obehu, ke\u010f dym vstupuje do p\u013e\u00fac. Toto popolud\u0148aj\u0161ie pote\u0161enie je energizuj\u00face a kreat\u00edvne a m\u00f4\u017ee v\u00e1m pom\u00f4c\u0165 vyladi\u0165 ment\u00e1lne re\u010di a s\u00fastredi\u0165 sa na to, \u010do m\u00e1te priamo pred sebou.<\/p>\n<p>AK\u00c9 S\u00da VED\u013dAJ\u0160IE \u00da\u010cINKY KME\u0147A MARIHUANA APOLLO 11?<\/p>\n<p>Po faj\u010den\u00ed Apolla 11 sa m\u00f4\u017eete stretn\u00fa\u0165 s nasleduj\u00facimi \u0165a\u017ekos\u0165ami:<br \/> \u2022 Z\u00e1vraty \u2022 Bezvedomie \u2022 Sucho v \u00fastach \u2022 Such\u00e9 o\u010di \u2022 Strata chuti do jedla<\/p>\n<p>AK\u00c9 S\u00da INTERAKCIE KME\u0147A MARIHUANA APOLLO 11?<\/p>\n<p>Vz\u00e1jomn\u00e9 p\u00f4sobenie choroby:<br \/> \u2022 Kardiovaskul\u00e1rne probl\u00e9my<br \/> \u2022 Sexu\u00e1lne \u0165a\u017ekosti<\/p>\n<p>Vz\u00e1jomn\u00e9 interakcie s jedlom a liekmi zah\u0155\u0148aj\u00fa: \u2022 Alkohol \u2022 Steroidy<\/p>\n<p>\u010cO JE NAJLEP\u0160\u00cdM MIESTOM NA KME\u0147 MARIHUANA APOLLO 11?<\/p>\n<p>Dod\u00e1vate\u013e OTC konope je najlep\u0161ia online lek\u00e1re\u0148, ktor\u00e1 pred\u00e1va iba origin\u00e1lne, vysokokvalitn\u00e9 produkty. M\u00f4\u017eete si k\u00fapi\u0165 Apollo 11 Cannabis online. K\u00fapte si kme\u0148 Apollo 11 za najlep\u0161ie dostupn\u00e9 ceny tu.<\/p>\n<\/p><\/div><\/div>\n","protected":false},"excerpt":{"rendered":"<div class=\"woocommerce-product-details__short-description\">\n<p>K\u00fapte si kme\u0148 marihuany Apollo 11. Tento psychoakt\u00edvny kvet m\u00e1 vysok\u00fd obsah THC a nalad\u00ed v\u00e1s na l\u00e1sku.<\/p>\n<p>K\u00fapte si 1\/2 unce kme\u0148a marihuany Apollo 11. Apollo 11 je kme\u0148 s dominantn\u00fdm sativom, ktor\u00fd sa vyzna\u010duje dlh\u00fdmi, jasne zelen\u00fdmi p\u00fa\u010dikmi, ktor\u00e9 s\u00fa pokryt\u00e9 dlh\u00fdmi bled\u00fdmi vlasmi. P\u00fa\u010diky s\u00fa extr\u00e9mne \u017eivicov\u00e9, \u010do vedie k lepkav\u00e9mu pocitu v ruke. Kanabis na predaj, kde z\u00edska\u0165 marihuanu z misie Apollo 11.<\/p>\n<\/p><\/div>\n","protected":false},"featured_media":4911,"comment_status":"open","ping_status":"closed","template":"","meta":[],"product_brand":[],"product_cat":[778],"product_tag":[],"class_list":{"0":"post-4896","1":"product","2":"type-product","3":"status-publish","4":"has-post-thumbnail","6":"product_cat-burinu-na-predaj","8":"first","9":"instock","10":"shipping-taxable","11":"purchasable","12":"product-type-variable","13":"has-default-attributes"},"yoast_head":"<!-- This site is optimized with the Yoast SEO plugin v27.3 - https:\/\/yoast.com\/product\/yoast-seo-wordpress\/ -->\n<title>K\u00fapte si marihuanu Apollo 11 \u2013 najlep\u0161ie najlep\u0161ie glob\u00e1lne lieky<\/title>\n<meta name=\"description\" content=\"Pred\u00e1m kme\u0148 marihuany Apollo 11 na predaj. Tento psychoakt\u00edvny kvet s vysok\u00fdm obsahom THC v\u00e1s zanech\u00e1 v n\u00e1lade l\u00e1sky\" \/>\n<meta name=\"robots\" content=\"index, follow, max-snippet:-1, max-image-preview:large, max-video-preview:-1\" \/>\n<link rel=\"canonical\" href=\"https:\/\/medicinasinc.com\/sk\/product\/buy-apollo-11-marihuana\/\" \/>\n<meta property=\"og:locale\" content=\"en_US\" \/>\n<meta property=\"og:type\" content=\"article\" \/>\n<meta property=\"og:title\" content=\"K\u00fapte si marihuanu Apollo 11 \u2013 najlep\u0161ie najlep\u0161ie glob\u00e1lne lieky\" \/>\n<meta property=\"og:description\" content=\"Pred\u00e1m kme\u0148 marihuany Apollo 11 na predaj. Tento psychoakt\u00edvny kvet s vysok\u00fdm obsahom THC v\u00e1s zanech\u00e1 v n\u00e1lade l\u00e1sky\" \/>\n<meta property=\"og:url\" content=\"https:\/\/medicinasinc.com\/sk\/product\/buy-apollo-11-marihuana\/\" \/>\n<meta property=\"og:site_name\" content=\"Medicinas Inc\" \/>\n<meta property=\"article:modified_time\" content=\"2022-03-22T01:13:13+00:00\" \/>\n<meta property=\"og:image\" content=\"https:\/\/medicinasinc.com\/sk\/wp-content\/uploads\/sites\/10\/2022\/02\/Buy-Apollo-11-Marijuana-1.jpg\" \/>\n\t<meta property=\"og:image:width\" content=\"243\" \/>\n\t<meta property=\"og:image:height\" content=\"207\" \/>\n\t<meta property=\"og:image:type\" content=\"image\/jpeg\" \/>\n<meta name=\"twitter:card\" content=\"summary_large_image\" \/>\n<meta name=\"twitter:label1\" content=\"Est. reading time\" \/>\n\t<meta name=\"twitter:data1\" content=\"1 minute\" \/>\n<script type=\"application\/ld+json\" class=\"yoast-schema-graph\">{\"@context\":\"https:\\\/\\\/schema.org\",\"@graph\":[{\"@type\":\"WebPage\",\"@id\":\"https:\\\/\\\/medicinasinc.com\\\/sk\\\/product\\\/buy-apollo-11-marihuana\\\/\",\"url\":\"https:\\\/\\\/medicinasinc.com\\\/sk\\\/product\\\/buy-apollo-11-marihuana\\\/\",\"name\":\"K\u00fapte si marihuanu Apollo 11 \u2013 najlep\u0161ie najlep\u0161ie glob\u00e1lne lieky\",\"isPartOf\":{\"@id\":\"https:\\\/\\\/medicinasinc.com\\\/sk\\\/#website\"},\"primaryImageOfPage\":{\"@id\":\"https:\\\/\\\/medicinasinc.com\\\/sk\\\/product\\\/buy-apollo-11-marihuana\\\/#primaryimage\"},\"image\":{\"@id\":\"https:\\\/\\\/medicinasinc.com\\\/sk\\\/product\\\/buy-apollo-11-marihuana\\\/#primaryimage\"},\"thumbnailUrl\":\"https:\\\/\\\/medicinasinc.com\\\/sk\\\/wp-content\\\/uploads\\\/sites\\\/10\\\/2022\\\/02\\\/Buy-Apollo-11-Marijuana-1.jpg\",\"datePublished\":\"2022-02-20T17:28:28+00:00\",\"dateModified\":\"2022-03-22T01:13:13+00:00\",\"description\":\"Pred\u00e1m kme\u0148 marihuany Apollo 11 na predaj. Tento psychoakt\u00edvny kvet s vysok\u00fdm obsahom THC v\u00e1s zanech\u00e1 v n\u00e1lade l\u00e1sky\",\"breadcrumb\":{\"@id\":\"https:\\\/\\\/medicinasinc.com\\\/sk\\\/product\\\/buy-apollo-11-marihuana\\\/#breadcrumb\"},\"inLanguage\":\"en-US\",\"potentialAction\":[{\"@type\":\"ReadAction\",\"target\":[\"https:\\\/\\\/medicinasinc.com\\\/sk\\\/product\\\/buy-apollo-11-marihuana\\\/\"]}]},{\"@type\":\"ImageObject\",\"inLanguage\":\"en-US\",\"@id\":\"https:\\\/\\\/medicinasinc.com\\\/sk\\\/product\\\/buy-apollo-11-marihuana\\\/#primaryimage\",\"url\":\"https:\\\/\\\/medicinasinc.com\\\/sk\\\/wp-content\\\/uploads\\\/sites\\\/10\\\/2022\\\/02\\\/Buy-Apollo-11-Marijuana-1.jpg\",\"contentUrl\":\"https:\\\/\\\/medicinasinc.com\\\/sk\\\/wp-content\\\/uploads\\\/sites\\\/10\\\/2022\\\/02\\\/Buy-Apollo-11-Marijuana-1.jpg\",\"width\":243,\"height\":207},{\"@type\":\"BreadcrumbList\",\"@id\":\"https:\\\/\\\/medicinasinc.com\\\/sk\\\/product\\\/buy-apollo-11-marihuana\\\/#breadcrumb\",\"itemListElement\":[{\"@type\":\"ListItem\",\"position\":1,\"name\":\"Obchod\",\"item\":\"https:\\\/\\\/medicinasinc.com\\\/sk\\\/obchod\\\/\"},{\"@type\":\"ListItem\",\"position\":2,\"name\":\"K\u00fapte si marihuanu Apollo 11\"}]},{\"@type\":\"WebSite\",\"@id\":\"https:\\\/\\\/medicinasinc.com\\\/sk\\\/#website\",\"url\":\"https:\\\/\\\/medicinasinc.com\\\/sk\\\/\",\"name\":\"Medicinas Inc\",\"description\":\"Health Medical Clinic\",\"potentialAction\":[{\"@type\":\"SearchAction\",\"target\":{\"@type\":\"EntryPoint\",\"urlTemplate\":\"https:\\\/\\\/medicinasinc.com\\\/sk\\\/?s={search_term_string}\"},\"query-input\":{\"@type\":\"PropertyValueSpecification\",\"valueRequired\":true,\"valueName\":\"search_term_string\"}}],\"inLanguage\":\"en-US\"}]}<\/script>\n<!-- \/ Yoast SEO plugin. -->","yoast_head_json":{"title":"K\u00fapte si marihuanu Apollo 11 \u2013 najlep\u0161ie najlep\u0161ie glob\u00e1lne lieky","description":"Pred\u00e1m kme\u0148 marihuany Apollo 11 na predaj. Tento psychoakt\u00edvny kvet s vysok\u00fdm obsahom THC v\u00e1s zanech\u00e1 v n\u00e1lade l\u00e1sky","robots":{"index":"index","follow":"follow","max-snippet":"max-snippet:-1","max-image-preview":"max-image-preview:large","max-video-preview":"max-video-preview:-1"},"canonical":"https:\/\/medicinasinc.com\/sk\/product\/buy-apollo-11-marihuana\/","og_locale":"en_US","og_type":"article","og_title":"K\u00fapte si marihuanu Apollo 11 \u2013 najlep\u0161ie najlep\u0161ie glob\u00e1lne lieky","og_description":"Pred\u00e1m kme\u0148 marihuany Apollo 11 na predaj. Tento psychoakt\u00edvny kvet s vysok\u00fdm obsahom THC v\u00e1s zanech\u00e1 v n\u00e1lade l\u00e1sky","og_url":"https:\/\/medicinasinc.com\/sk\/product\/buy-apollo-11-marihuana\/","og_site_name":"Medicinas Inc","article_modified_time":"2022-03-22T01:13:13+00:00","og_image":[{"width":243,"height":207,"url":"https:\/\/medicinasinc.com\/sk\/wp-content\/uploads\/sites\/10\/2022\/02\/Buy-Apollo-11-Marijuana-1.jpg","type":"image\/jpeg"}],"twitter_card":"summary_large_image","twitter_misc":{"Est. reading time":"1 minute"},"schema":{"@context":"https:\/\/schema.org","@graph":[{"@type":"WebPage","@id":"https:\/\/medicinasinc.com\/sk\/product\/buy-apollo-11-marihuana\/","url":"https:\/\/medicinasinc.com\/sk\/product\/buy-apollo-11-marihuana\/","name":"K\u00fapte si marihuanu Apollo 11 \u2013 najlep\u0161ie najlep\u0161ie glob\u00e1lne lieky","isPartOf":{"@id":"https:\/\/medicinasinc.com\/sk\/#website"},"primaryImageOfPage":{"@id":"https:\/\/medicinasinc.com\/sk\/product\/buy-apollo-11-marihuana\/#primaryimage"},"image":{"@id":"https:\/\/medicinasinc.com\/sk\/product\/buy-apollo-11-marihuana\/#primaryimage"},"thumbnailUrl":"https:\/\/medicinasinc.com\/sk\/wp-content\/uploads\/sites\/10\/2022\/02\/Buy-Apollo-11-Marijuana-1.jpg","datePublished":"2022-02-20T17:28:28+00:00","dateModified":"2022-03-22T01:13:13+00:00","description":"Pred\u00e1m kme\u0148 marihuany Apollo 11 na predaj. Tento psychoakt\u00edvny kvet s vysok\u00fdm obsahom THC v\u00e1s zanech\u00e1 v n\u00e1lade l\u00e1sky","breadcrumb":{"@id":"https:\/\/medicinasinc.com\/sk\/product\/buy-apollo-11-marihuana\/#breadcrumb"},"inLanguage":"en-US","potentialAction":[{"@type":"ReadAction","target":["https:\/\/medicinasinc.com\/sk\/product\/buy-apollo-11-marihuana\/"]}]},{"@type":"ImageObject","inLanguage":"en-US","@id":"https:\/\/medicinasinc.com\/sk\/product\/buy-apollo-11-marihuana\/#primaryimage","url":"https:\/\/medicinasinc.com\/sk\/wp-content\/uploads\/sites\/10\/2022\/02\/Buy-Apollo-11-Marijuana-1.jpg","contentUrl":"https:\/\/medicinasinc.com\/sk\/wp-content\/uploads\/sites\/10\/2022\/02\/Buy-Apollo-11-Marijuana-1.jpg","width":243,"height":207},{"@type":"BreadcrumbList","@id":"https:\/\/medicinasinc.com\/sk\/product\/buy-apollo-11-marihuana\/#breadcrumb","itemListElement":[{"@type":"ListItem","position":1,"name":"Obchod","item":"https:\/\/medicinasinc.com\/sk\/obchod\/"},{"@type":"ListItem","position":2,"name":"K\u00fapte si marihuanu Apollo 11"}]},{"@type":"WebSite","@id":"https:\/\/medicinasinc.com\/sk\/#website","url":"https:\/\/medicinasinc.com\/sk\/","name":"Medicinas Inc","description":"Health Medical Clinic","potentialAction":[{"@type":"SearchAction","target":{"@type":"EntryPoint","urlTemplate":"https:\/\/medicinasinc.com\/sk\/?s={search_term_string}"},"query-input":{"@type":"PropertyValueSpecification","valueRequired":true,"valueName":"search_term_string"}}],"inLanguage":"en-US"}]}},"_links":{"self":[{"href":"https:\/\/medicinasinc.com\/sk\/wp-json\/wp\/v2\/product\/4896","targetHints":{"allow":["GET"]}}],"collection":[{"href":"https:\/\/medicinasinc.com\/sk\/wp-json\/wp\/v2\/product"}],"about":[{"href":"https:\/\/medicinasinc.com\/sk\/wp-json\/wp\/v2\/types\/product"}],"replies":[{"embeddable":true,"href":"https:\/\/medicinasinc.com\/sk\/wp-json\/wp\/v2\/comments?post=4896"}],"wp:featuredmedia":[{"embeddable":true,"href":"https:\/\/medicinasinc.com\/sk\/wp-json\/wp\/v2\/media\/4911"}],"wp:attachment":[{"href":"https:\/\/medicinasinc.com\/sk\/wp-json\/wp\/v2\/media?parent=4896"}],"wp:term":[{"taxonomy":"product_brand","embeddable":true,"href":"https:\/\/medicinasinc.com\/sk\/wp-json\/wp\/v2\/product_brand?post=4896"},{"taxonomy":"product_cat","embeddable":true,"href":"https:\/\/medicinasinc.com\/sk\/wp-json\/wp\/v2\/product_cat?post=4896"},{"taxonomy":"product_tag","embeddable":true,"href":"https:\/\/medicinasinc.com\/sk\/wp-json\/wp\/v2\/product_tag?post=4896"}],"curies":[{"name":"wp","href":"https:\/\/api.w.org\/{rel}","templated":true}]}}