{"id":4884,"date":"2022-02-20T17:19:27","date_gmt":"2022-02-20T17:19:27","guid":{"rendered":"https:\/\/medicinasinc.com\/sk\/?post_type=product&#038;p=4884"},"modified":"2022-03-22T01:13:34","modified_gmt":"2022-03-22T01:13:34","slug":"kupit-biela-vdova-rozbit","status":"publish","type":"product","link":"https:\/\/medicinasinc.com\/sk\/product\/kupit-biela-vdova-rozbit\/","title":{"rendered":"K\u00fapte si White Widow Shatter"},"content":{"rendered":"<p>NAKUPUJTE ONLINE V NAJLEP\u0160OM ONLINE OBCHODE WHITE WIDOW SHATTER<\/p>\n<p>Ak si chcete k\u00fapi\u0165 White Widow Shatter online, kontaktujte MJ Online Bud Store. Pon\u00fakame najlep\u0161ie ceny na White Widow Shatter. Ako najlep\u0161\u00ed obchod na online trhu v Spojen\u00fdch \u0161t\u00e1toch americk\u00fdch, Spojenom kr\u00e1\u013eovstve, Kanade, Nemecku a Austr\u00e1lii neprehliadame \u017eiadny aspekt plnenia po\u017eiadaviek \u0161pecifikovan\u00fdch z\u00e1kazn\u00edkmi pri online objedn\u00e1van\u00ed White Widow Shatter.<\/p>\n<p>Pre\u010do by jednotlivci mali pou\u017e\u00edva\u0165 White Widow Shatter?<\/p>\n<p>White Widow Shatter je legend\u00e1rny hybridn\u00fd kme\u0148, ktor\u00fd je celosvetovo zbo\u017e\u0148ovan\u00fd. Tento kme\u0148 sa vyr\u00e1ba v\u00fdlu\u010dne kr\u00ed\u017een\u00edm braz\u00edlskej Sativa Landrace s juhoindickou Indiou. Jeho farba je tmavo jant\u00e1rov\u00e1. Tento koncentr\u00e1t m\u00e1 mimoriadne svie\u017eu text\u00faru, v\u010faka ktorej sa ve\u013emi \u013eahko pou\u017e\u00edva. Ke\u010f sa faj\u010d\u00ed, tento kme\u0148 poskytuje tradi\u010dn\u00fd kanabisov\u00fd z\u00e1\u017eitok. Obsahuje medzi 75% a 80% THC. Okrem toho je dobre zn\u00e1my t\u00fdm, \u017ee je vynikaj\u00facim rann\u00fdm alebo denn\u00fdm dabom. Chu\u0165 tohto kme\u0148a je typicky zemit\u00e1, drevit\u00e1 a kvetinov\u00e1.<\/p>\n<p>Je to dobre zn\u00e1my kme\u0148 pre svoje euforick\u00e9 a mozgov\u00e9 \u00fa\u010dinky.<br \/> Poskytuje okam\u017eit\u00fd a euforick\u00fd cerebr\u00e1lny n\u00e1val.<br \/> Navodzuje siln\u00fa euf\u00f3riu, ktor\u00e1 vedie k zv\u00fd\u0161enej kreativite.<br \/> Zmier\u0148uje boles\u0165 a podporuje maxim\u00e1lny pokoj.<br \/> Je ide\u00e1lnym kme\u0148om pri miernej a\u017e stredne silnej bolesti, strese, depresii a \u00fanave.<br \/> Propaguje aktivity, ako je mierna pr\u00e1ca alebo fyzick\u00e1 aktivita, soci\u00e1lna interakcia, rekre\u00e1cia a tvoriv\u00e9 aktivity.<br \/> V ktorom internetovom obchode si m\u00f4\u017eete k\u00fapi\u0165 White Widow Shatter?<\/p>\n<p>White Widow Shatter je mo\u017en\u00e9 zak\u00fapi\u0165 u nikto in\u00fd ako MJ Online Bud Store. Va\u0161u online objedn\u00e1vku na White Widow Shatter dostanete v kr\u00e1tkom \u010dase. Objednajte si White Widow Shatter online e\u0161te dnes a spojte sa s najlep\u0161\u00edmi predajcami a dod\u00e1vate\u013emi v na\u0161ej online v\u00fddajni.<\/p>\n","protected":false},"excerpt":{"rendered":"<p>Ak si chcete k\u00fapi\u0165 White Widow Shatter na predaj online, kontaktujte online obchod bestglobalmeds. M\u00e1me White Widow Shatter na predaj za tie najlep\u0161ie ceny.<\/p>\n<p>&nbsp;<\/p>\n<ul>\n<li>Celosvetov\u00e1 doprava<\/li>\n<li><strong>Stupe\u0148: AAAAA<\/strong> <\/li>\n<li><strong>Kontaktujte n\u00e1s<\/strong>\u00a0pre v\u00e4\u010d\u0161ie objedn\u00e1vky<\/li>\n<\/ul>\n","protected":false},"featured_media":4899,"comment_status":"open","ping_status":"closed","template":"","meta":[],"product_brand":[],"product_cat":[777],"product_tag":[],"class_list":{"0":"post-4884","1":"product","2":"type-product","3":"status-publish","4":"has-post-thumbnail","6":"product_cat-kpi-rozbi","8":"first","9":"instock","10":"shipping-taxable","11":"purchasable","12":"product-type-variable","13":"has-default-attributes"},"yoast_head":"<!-- This site is optimized with the Yoast SEO plugin v27.3 - https:\/\/yoast.com\/product\/yoast-seo-wordpress\/ -->\n<title>K\u00fapte si White Widow Shatter \u2013 najlep\u0161ie najlep\u0161ie glob\u00e1lne lieky<\/title>\n<meta name=\"description\" content=\"Ak si chcete k\u00fapi\u0165 White Widow Shatter na predaj online, kontaktujte online obchod bestglobalmeds. M\u00e1me na predaj White Widow Shatter za najlep\u0161ie ceny.\" \/>\n<meta name=\"robots\" content=\"index, follow, max-snippet:-1, max-image-preview:large, max-video-preview:-1\" \/>\n<link rel=\"canonical\" href=\"https:\/\/medicinasinc.com\/sk\/product\/kupit-biela-vdova-rozbit\/\" \/>\n<meta property=\"og:locale\" content=\"en_US\" \/>\n<meta property=\"og:type\" content=\"article\" \/>\n<meta property=\"og:title\" content=\"K\u00fapte si White Widow Shatter \u2013 najlep\u0161ie najlep\u0161ie glob\u00e1lne lieky\" \/>\n<meta property=\"og:description\" content=\"Ak si chcete k\u00fapi\u0165 White Widow Shatter na predaj online, kontaktujte online obchod bestglobalmeds. M\u00e1me na predaj White Widow Shatter za najlep\u0161ie ceny.\" \/>\n<meta property=\"og:url\" content=\"https:\/\/medicinasinc.com\/sk\/product\/kupit-biela-vdova-rozbit\/\" \/>\n<meta property=\"og:site_name\" content=\"Medicinas Inc\" \/>\n<meta property=\"article:modified_time\" content=\"2022-03-22T01:13:34+00:00\" \/>\n<meta property=\"og:image\" content=\"https:\/\/medicinasinc.com\/sk\/wp-content\/uploads\/sites\/10\/2022\/02\/Buy-White-Widow-Shatter.jpg\" \/>\n\t<meta property=\"og:image:width\" content=\"600\" \/>\n\t<meta property=\"og:image:height\" content=\"600\" \/>\n\t<meta property=\"og:image:type\" content=\"image\/jpeg\" \/>\n<meta name=\"twitter:card\" content=\"summary_large_image\" \/>\n<script type=\"application\/ld+json\" class=\"yoast-schema-graph\">{\"@context\":\"https:\\\/\\\/schema.org\",\"@graph\":[{\"@type\":\"WebPage\",\"@id\":\"https:\\\/\\\/medicinasinc.com\\\/sk\\\/product\\\/kupit-biela-vdova-rozbit\\\/\",\"url\":\"https:\\\/\\\/medicinasinc.com\\\/sk\\\/product\\\/kupit-biela-vdova-rozbit\\\/\",\"name\":\"K\u00fapte si White Widow Shatter \u2013 najlep\u0161ie najlep\u0161ie glob\u00e1lne lieky\",\"isPartOf\":{\"@id\":\"https:\\\/\\\/medicinasinc.com\\\/sk\\\/#website\"},\"primaryImageOfPage\":{\"@id\":\"https:\\\/\\\/medicinasinc.com\\\/sk\\\/product\\\/kupit-biela-vdova-rozbit\\\/#primaryimage\"},\"image\":{\"@id\":\"https:\\\/\\\/medicinasinc.com\\\/sk\\\/product\\\/kupit-biela-vdova-rozbit\\\/#primaryimage\"},\"thumbnailUrl\":\"https:\\\/\\\/medicinasinc.com\\\/sk\\\/wp-content\\\/uploads\\\/sites\\\/10\\\/2022\\\/02\\\/Buy-White-Widow-Shatter.jpg\",\"datePublished\":\"2022-02-20T17:19:27+00:00\",\"dateModified\":\"2022-03-22T01:13:34+00:00\",\"description\":\"Ak si chcete k\u00fapi\u0165 White Widow Shatter na predaj online, kontaktujte online obchod bestglobalmeds. M\u00e1me na predaj White Widow Shatter za najlep\u0161ie ceny.\",\"breadcrumb\":{\"@id\":\"https:\\\/\\\/medicinasinc.com\\\/sk\\\/product\\\/kupit-biela-vdova-rozbit\\\/#breadcrumb\"},\"inLanguage\":\"en-US\",\"potentialAction\":[{\"@type\":\"ReadAction\",\"target\":[\"https:\\\/\\\/medicinasinc.com\\\/sk\\\/product\\\/kupit-biela-vdova-rozbit\\\/\"]}]},{\"@type\":\"ImageObject\",\"inLanguage\":\"en-US\",\"@id\":\"https:\\\/\\\/medicinasinc.com\\\/sk\\\/product\\\/kupit-biela-vdova-rozbit\\\/#primaryimage\",\"url\":\"https:\\\/\\\/medicinasinc.com\\\/sk\\\/wp-content\\\/uploads\\\/sites\\\/10\\\/2022\\\/02\\\/Buy-White-Widow-Shatter.jpg\",\"contentUrl\":\"https:\\\/\\\/medicinasinc.com\\\/sk\\\/wp-content\\\/uploads\\\/sites\\\/10\\\/2022\\\/02\\\/Buy-White-Widow-Shatter.jpg\",\"width\":600,\"height\":600},{\"@type\":\"BreadcrumbList\",\"@id\":\"https:\\\/\\\/medicinasinc.com\\\/sk\\\/product\\\/kupit-biela-vdova-rozbit\\\/#breadcrumb\",\"itemListElement\":[{\"@type\":\"ListItem\",\"position\":1,\"name\":\"Obchod\",\"item\":\"https:\\\/\\\/medicinasinc.com\\\/sk\\\/obchod\\\/\"},{\"@type\":\"ListItem\",\"position\":2,\"name\":\"K\u00fapte si White Widow Shatter\"}]},{\"@type\":\"WebSite\",\"@id\":\"https:\\\/\\\/medicinasinc.com\\\/sk\\\/#website\",\"url\":\"https:\\\/\\\/medicinasinc.com\\\/sk\\\/\",\"name\":\"Medicinas Inc\",\"description\":\"Health Medical Clinic\",\"potentialAction\":[{\"@type\":\"SearchAction\",\"target\":{\"@type\":\"EntryPoint\",\"urlTemplate\":\"https:\\\/\\\/medicinasinc.com\\\/sk\\\/?s={search_term_string}\"},\"query-input\":{\"@type\":\"PropertyValueSpecification\",\"valueRequired\":true,\"valueName\":\"search_term_string\"}}],\"inLanguage\":\"en-US\"}]}<\/script>\n<!-- \/ Yoast SEO plugin. -->","yoast_head_json":{"title":"K\u00fapte si White Widow Shatter \u2013 najlep\u0161ie najlep\u0161ie glob\u00e1lne lieky","description":"Ak si chcete k\u00fapi\u0165 White Widow Shatter na predaj online, kontaktujte online obchod bestglobalmeds. M\u00e1me na predaj White Widow Shatter za najlep\u0161ie ceny.","robots":{"index":"index","follow":"follow","max-snippet":"max-snippet:-1","max-image-preview":"max-image-preview:large","max-video-preview":"max-video-preview:-1"},"canonical":"https:\/\/medicinasinc.com\/sk\/product\/kupit-biela-vdova-rozbit\/","og_locale":"en_US","og_type":"article","og_title":"K\u00fapte si White Widow Shatter \u2013 najlep\u0161ie najlep\u0161ie glob\u00e1lne lieky","og_description":"Ak si chcete k\u00fapi\u0165 White Widow Shatter na predaj online, kontaktujte online obchod bestglobalmeds. M\u00e1me na predaj White Widow Shatter za najlep\u0161ie ceny.","og_url":"https:\/\/medicinasinc.com\/sk\/product\/kupit-biela-vdova-rozbit\/","og_site_name":"Medicinas Inc","article_modified_time":"2022-03-22T01:13:34+00:00","og_image":[{"width":600,"height":600,"url":"https:\/\/medicinasinc.com\/sk\/wp-content\/uploads\/sites\/10\/2022\/02\/Buy-White-Widow-Shatter.jpg","type":"image\/jpeg"}],"twitter_card":"summary_large_image","schema":{"@context":"https:\/\/schema.org","@graph":[{"@type":"WebPage","@id":"https:\/\/medicinasinc.com\/sk\/product\/kupit-biela-vdova-rozbit\/","url":"https:\/\/medicinasinc.com\/sk\/product\/kupit-biela-vdova-rozbit\/","name":"K\u00fapte si White Widow Shatter \u2013 najlep\u0161ie najlep\u0161ie glob\u00e1lne lieky","isPartOf":{"@id":"https:\/\/medicinasinc.com\/sk\/#website"},"primaryImageOfPage":{"@id":"https:\/\/medicinasinc.com\/sk\/product\/kupit-biela-vdova-rozbit\/#primaryimage"},"image":{"@id":"https:\/\/medicinasinc.com\/sk\/product\/kupit-biela-vdova-rozbit\/#primaryimage"},"thumbnailUrl":"https:\/\/medicinasinc.com\/sk\/wp-content\/uploads\/sites\/10\/2022\/02\/Buy-White-Widow-Shatter.jpg","datePublished":"2022-02-20T17:19:27+00:00","dateModified":"2022-03-22T01:13:34+00:00","description":"Ak si chcete k\u00fapi\u0165 White Widow Shatter na predaj online, kontaktujte online obchod bestglobalmeds. M\u00e1me na predaj White Widow Shatter za najlep\u0161ie ceny.","breadcrumb":{"@id":"https:\/\/medicinasinc.com\/sk\/product\/kupit-biela-vdova-rozbit\/#breadcrumb"},"inLanguage":"en-US","potentialAction":[{"@type":"ReadAction","target":["https:\/\/medicinasinc.com\/sk\/product\/kupit-biela-vdova-rozbit\/"]}]},{"@type":"ImageObject","inLanguage":"en-US","@id":"https:\/\/medicinasinc.com\/sk\/product\/kupit-biela-vdova-rozbit\/#primaryimage","url":"https:\/\/medicinasinc.com\/sk\/wp-content\/uploads\/sites\/10\/2022\/02\/Buy-White-Widow-Shatter.jpg","contentUrl":"https:\/\/medicinasinc.com\/sk\/wp-content\/uploads\/sites\/10\/2022\/02\/Buy-White-Widow-Shatter.jpg","width":600,"height":600},{"@type":"BreadcrumbList","@id":"https:\/\/medicinasinc.com\/sk\/product\/kupit-biela-vdova-rozbit\/#breadcrumb","itemListElement":[{"@type":"ListItem","position":1,"name":"Obchod","item":"https:\/\/medicinasinc.com\/sk\/obchod\/"},{"@type":"ListItem","position":2,"name":"K\u00fapte si White Widow Shatter"}]},{"@type":"WebSite","@id":"https:\/\/medicinasinc.com\/sk\/#website","url":"https:\/\/medicinasinc.com\/sk\/","name":"Medicinas Inc","description":"Health Medical Clinic","potentialAction":[{"@type":"SearchAction","target":{"@type":"EntryPoint","urlTemplate":"https:\/\/medicinasinc.com\/sk\/?s={search_term_string}"},"query-input":{"@type":"PropertyValueSpecification","valueRequired":true,"valueName":"search_term_string"}}],"inLanguage":"en-US"}]}},"_links":{"self":[{"href":"https:\/\/medicinasinc.com\/sk\/wp-json\/wp\/v2\/product\/4884","targetHints":{"allow":["GET"]}}],"collection":[{"href":"https:\/\/medicinasinc.com\/sk\/wp-json\/wp\/v2\/product"}],"about":[{"href":"https:\/\/medicinasinc.com\/sk\/wp-json\/wp\/v2\/types\/product"}],"replies":[{"embeddable":true,"href":"https:\/\/medicinasinc.com\/sk\/wp-json\/wp\/v2\/comments?post=4884"}],"wp:featuredmedia":[{"embeddable":true,"href":"https:\/\/medicinasinc.com\/sk\/wp-json\/wp\/v2\/media\/4899"}],"wp:attachment":[{"href":"https:\/\/medicinasinc.com\/sk\/wp-json\/wp\/v2\/media?parent=4884"}],"wp:term":[{"taxonomy":"product_brand","embeddable":true,"href":"https:\/\/medicinasinc.com\/sk\/wp-json\/wp\/v2\/product_brand?post=4884"},{"taxonomy":"product_cat","embeddable":true,"href":"https:\/\/medicinasinc.com\/sk\/wp-json\/wp\/v2\/product_cat?post=4884"},{"taxonomy":"product_tag","embeddable":true,"href":"https:\/\/medicinasinc.com\/sk\/wp-json\/wp\/v2\/product_tag?post=4884"}],"curies":[{"name":"wp","href":"https:\/\/api.w.org\/{rel}","templated":true}]}}