{"id":4883,"date":"2022-02-20T17:18:33","date_gmt":"2022-02-20T17:18:33","guid":{"rendered":"https:\/\/medicinasinc.com\/sk\/?post_type=product&#038;p=4883"},"modified":"2022-03-22T01:13:43","modified_gmt":"2022-03-22T01:13:43","slug":"buy-sunset-sherbert-shatter","status":"publish","type":"product","link":"https:\/\/medicinasinc.com\/sk\/product\/buy-sunset-sherbert-shatter\/","title":{"rendered":"K\u00fapi\u0165 Sunset Sherbert Shatter"},"content":{"rendered":"<p>K\u00fapte Sunset Sherbert Shatter \u2013 Premium Indica Dominant Hybrid \u2013 85 % Indica \/ 15 % Sativa<\/p>\n<p>Sunset Sherbert, alternat\u00edvne ozna\u010dovan\u00fd ako Sherbet, je zjavn\u00fdm dedi\u010dom tr\u00f3nu Girl Scout Cookie. Sunset Sherbert zdedil genetick\u00e9 vlastnosti svojho rodi\u010da Girl Scout Cookies, ktor\u00fd zah\u0155\u0148al OG Kush, Durban Poison a Cherry Pie v jeho genetickej l\u00ednii. T\u00e1to genetika bola potom skr\u00ed\u017een\u00e1 s Pink Panties, indick\u00fdm rodi\u010dom. Sunset Sherbert kombinuje siln\u00fd zvuk cel\u00e9ho tela s povzbudzuj\u00facim v\u00fdbuchom tvorivej energie. Po faj\u010den\u00ed pou\u017e\u00edvatelia poc\u00edtia okam\u017eit\u00fd n\u00e1val energie \u2013 predov\u0161etk\u00fdm v mysli \u2013, ktor\u00fd im v priebehu nieko\u013ek\u00fdch min\u00fat zanech\u00e1 pocit soci\u00e1lnej a euf\u00f3rie. Ke\u010f sa \u00fa\u010dinky za\u010dn\u00fa prejavova\u0165, po celom tele sa roz\u0161\u00edri jemn\u00fd hrejiv\u00fd pocit, ktor\u00fd zahal\u00ed u\u017e\u00edvate\u013ea do \u00faplnej relax\u00e1cie a bla\u017een\u00e9ho \u0161\u0165astia. Sunset Sherbert sa pre svoje siln\u00e9 \u00fa\u010dinky pou\u017e\u00edva na lie\u010dbu depresie, stresu, \u00fazkosti a miernej a\u017e stredne silnej bolesti.<\/p>\n<p>&nbsp;<\/p>\n<p>Upozor\u0148ujeme, \u017ee v d\u00f4sledku nepredv\u00eddan\u00fdch okolnost\u00ed, ako je napr. ako letn\u00e9 hor\u00fa\u010davy, vlhkos\u0165 a dokonca aj \u010das, v\u017edy existuje \u0161anca, \u017ee trie\u0161tina, ktor\u00fa ste si objednali, sa premen\u00ed na vosk alebo pupenec sk\u00f4r, ako sa k v\u00e1m dostane.<\/p>\n<p>Bohu\u017eia\u013e, trie\u0161tenie premenen\u00e9 na voskov\u00e9 p\u00fa\u010diky nie je pri vystaven\u00ed nezvy\u010dajn\u00e9 zahria\u0165, ale to nijako nezni\u017euje bezpe\u010dnos\u0165 alebo silu v\u00e1\u0161ho rozbitia. V skuto\u010dnosti, ak k tomu d\u00f4jde, terp\u00e9ny a arom\u00e1ty sa zv\u00fdraznia, \u010d\u00edm sa zv\u00fd\u0161i chu\u0165.<\/p>\n<p>Nepon\u00fakame vr\u00e1tenie pe\u0148az\u00ed ani v\u00fdmenu, ak sa va\u0161a trie\u0161\u0165 premen\u00ed na pupenec alebo vosk.<\/p>\n<div class=\"product-next-previous\">\n<div class=\"product-prev\"><\/div><\/div>\n","protected":false},"excerpt":{"rendered":"<p>K\u00fapi\u0165 Shatter &#8211; Sunset Sherbert je mo\u017en\u00e9 zak\u00fapi\u0165 online v Eur\u00f3pe a Spojenom kr\u00e1\u013eovstve u najlep\u0161\u00edch svetov\u00fdch liekov. V Eur\u00f3pe n\u00e1jdete najkvalitnej\u0161ie Shatter &#8211; Produkty z kanabisu Sunset Sherbert.<\/p>\n<p>&nbsp;<\/p>\n<ul>\n<li>Celosvetov\u00e1 doprava<\/li>\n<li><strong>Stupe\u0148: AAAAA<\/strong><\/li>\n<li> <strong>Kontaktujte n\u00e1s<\/strong>\u00a0pre v\u00e4\u010d\u0161ie objedn\u00e1vky<\/li>\n<\/ul>\n","protected":false},"featured_media":4897,"comment_status":"open","ping_status":"closed","template":"","meta":[],"product_brand":[],"product_cat":[777],"product_tag":[],"class_list":{"0":"post-4883","1":"product","2":"type-product","3":"status-publish","4":"has-post-thumbnail","6":"product_cat-kpi-rozbi","8":"first","9":"instock","10":"shipping-taxable","11":"purchasable","12":"product-type-variable","13":"has-default-attributes"},"yoast_head":"<!-- This site is optimized with the Yoast SEO plugin v27.3 - https:\/\/yoast.com\/product\/yoast-seo-wordpress\/ -->\n<title>K\u00fapte si Sunset Sherbert Shatter \u2013 najlep\u0161ie najlep\u0161ie glob\u00e1lne lieky<\/title>\n<meta name=\"description\" content=\"K\u00fapte si Shatter - Sunset Sherbert na predaj online v Eur\u00f3pe, Ve\u013ekej Brit\u00e1nii na The global medicinas. N\u00e1jdite najkvalitnej\u0161ie kanabisov\u00e9 produkty Shatter - Sunset Sherbert v Eur\u00f3pe.\" \/>\n<meta name=\"robots\" content=\"index, follow, max-snippet:-1, max-image-preview:large, max-video-preview:-1\" \/>\n<link rel=\"canonical\" href=\"https:\/\/medicinasinc.com\/sk\/product\/buy-sunset-sherbert-shatter\/\" \/>\n<meta property=\"og:locale\" content=\"en_US\" \/>\n<meta property=\"og:type\" content=\"article\" \/>\n<meta property=\"og:title\" content=\"K\u00fapte si Sunset Sherbert Shatter \u2013 najlep\u0161ie najlep\u0161ie glob\u00e1lne lieky\" \/>\n<meta property=\"og:description\" content=\"K\u00fapte si Shatter - Sunset Sherbert na predaj online v Eur\u00f3pe, Ve\u013ekej Brit\u00e1nii na The global medicinas. N\u00e1jdite najkvalitnej\u0161ie kanabisov\u00e9 produkty Shatter - Sunset Sherbert v Eur\u00f3pe.\" \/>\n<meta property=\"og:url\" content=\"https:\/\/medicinasinc.com\/sk\/product\/buy-sunset-sherbert-shatter\/\" \/>\n<meta property=\"og:site_name\" content=\"Medicinas Inc\" \/>\n<meta property=\"article:modified_time\" content=\"2022-03-22T01:13:43+00:00\" \/>\n<meta property=\"og:image\" content=\"https:\/\/medicinasinc.com\/sk\/wp-content\/uploads\/sites\/10\/2022\/02\/Buy-Sunset-Sherbert-Shatter.jpg\" \/>\n\t<meta property=\"og:image:width\" content=\"600\" \/>\n\t<meta property=\"og:image:height\" content=\"600\" \/>\n\t<meta property=\"og:image:type\" content=\"image\/jpeg\" \/>\n<meta name=\"twitter:card\" content=\"summary_large_image\" \/>\n<meta name=\"twitter:label1\" content=\"Est. reading time\" \/>\n\t<meta name=\"twitter:data1\" content=\"2 minutes\" \/>\n<script type=\"application\/ld+json\" class=\"yoast-schema-graph\">{\"@context\":\"https:\\\/\\\/schema.org\",\"@graph\":[{\"@type\":\"WebPage\",\"@id\":\"https:\\\/\\\/medicinasinc.com\\\/sk\\\/product\\\/buy-sunset-sherbert-shatter\\\/\",\"url\":\"https:\\\/\\\/medicinasinc.com\\\/sk\\\/product\\\/buy-sunset-sherbert-shatter\\\/\",\"name\":\"K\u00fapte si Sunset Sherbert Shatter \u2013 najlep\u0161ie najlep\u0161ie glob\u00e1lne lieky\",\"isPartOf\":{\"@id\":\"https:\\\/\\\/medicinasinc.com\\\/sk\\\/#website\"},\"primaryImageOfPage\":{\"@id\":\"https:\\\/\\\/medicinasinc.com\\\/sk\\\/product\\\/buy-sunset-sherbert-shatter\\\/#primaryimage\"},\"image\":{\"@id\":\"https:\\\/\\\/medicinasinc.com\\\/sk\\\/product\\\/buy-sunset-sherbert-shatter\\\/#primaryimage\"},\"thumbnailUrl\":\"https:\\\/\\\/medicinasinc.com\\\/sk\\\/wp-content\\\/uploads\\\/sites\\\/10\\\/2022\\\/02\\\/Buy-Sunset-Sherbert-Shatter.jpg\",\"datePublished\":\"2022-02-20T17:18:33+00:00\",\"dateModified\":\"2022-03-22T01:13:43+00:00\",\"description\":\"K\u00fapte si Shatter - Sunset Sherbert na predaj online v Eur\u00f3pe, Ve\u013ekej Brit\u00e1nii na The global medicinas. N\u00e1jdite najkvalitnej\u0161ie kanabisov\u00e9 produkty Shatter - Sunset Sherbert v Eur\u00f3pe.\",\"breadcrumb\":{\"@id\":\"https:\\\/\\\/medicinasinc.com\\\/sk\\\/product\\\/buy-sunset-sherbert-shatter\\\/#breadcrumb\"},\"inLanguage\":\"en-US\",\"potentialAction\":[{\"@type\":\"ReadAction\",\"target\":[\"https:\\\/\\\/medicinasinc.com\\\/sk\\\/product\\\/buy-sunset-sherbert-shatter\\\/\"]}]},{\"@type\":\"ImageObject\",\"inLanguage\":\"en-US\",\"@id\":\"https:\\\/\\\/medicinasinc.com\\\/sk\\\/product\\\/buy-sunset-sherbert-shatter\\\/#primaryimage\",\"url\":\"https:\\\/\\\/medicinasinc.com\\\/sk\\\/wp-content\\\/uploads\\\/sites\\\/10\\\/2022\\\/02\\\/Buy-Sunset-Sherbert-Shatter.jpg\",\"contentUrl\":\"https:\\\/\\\/medicinasinc.com\\\/sk\\\/wp-content\\\/uploads\\\/sites\\\/10\\\/2022\\\/02\\\/Buy-Sunset-Sherbert-Shatter.jpg\",\"width\":600,\"height\":600},{\"@type\":\"BreadcrumbList\",\"@id\":\"https:\\\/\\\/medicinasinc.com\\\/sk\\\/product\\\/buy-sunset-sherbert-shatter\\\/#breadcrumb\",\"itemListElement\":[{\"@type\":\"ListItem\",\"position\":1,\"name\":\"Obchod\",\"item\":\"https:\\\/\\\/medicinasinc.com\\\/sk\\\/obchod\\\/\"},{\"@type\":\"ListItem\",\"position\":2,\"name\":\"K\u00fapi\u0165 Sunset Sherbert Shatter\"}]},{\"@type\":\"WebSite\",\"@id\":\"https:\\\/\\\/medicinasinc.com\\\/sk\\\/#website\",\"url\":\"https:\\\/\\\/medicinasinc.com\\\/sk\\\/\",\"name\":\"Medicinas Inc\",\"description\":\"Health Medical Clinic\",\"potentialAction\":[{\"@type\":\"SearchAction\",\"target\":{\"@type\":\"EntryPoint\",\"urlTemplate\":\"https:\\\/\\\/medicinasinc.com\\\/sk\\\/?s={search_term_string}\"},\"query-input\":{\"@type\":\"PropertyValueSpecification\",\"valueRequired\":true,\"valueName\":\"search_term_string\"}}],\"inLanguage\":\"en-US\"}]}<\/script>\n<!-- \/ Yoast SEO plugin. -->","yoast_head_json":{"title":"K\u00fapte si Sunset Sherbert Shatter \u2013 najlep\u0161ie najlep\u0161ie glob\u00e1lne lieky","description":"K\u00fapte si Shatter - Sunset Sherbert na predaj online v Eur\u00f3pe, Ve\u013ekej Brit\u00e1nii na The global medicinas. N\u00e1jdite najkvalitnej\u0161ie kanabisov\u00e9 produkty Shatter - Sunset Sherbert v Eur\u00f3pe.","robots":{"index":"index","follow":"follow","max-snippet":"max-snippet:-1","max-image-preview":"max-image-preview:large","max-video-preview":"max-video-preview:-1"},"canonical":"https:\/\/medicinasinc.com\/sk\/product\/buy-sunset-sherbert-shatter\/","og_locale":"en_US","og_type":"article","og_title":"K\u00fapte si Sunset Sherbert Shatter \u2013 najlep\u0161ie najlep\u0161ie glob\u00e1lne lieky","og_description":"K\u00fapte si Shatter - Sunset Sherbert na predaj online v Eur\u00f3pe, Ve\u013ekej Brit\u00e1nii na The global medicinas. N\u00e1jdite najkvalitnej\u0161ie kanabisov\u00e9 produkty Shatter - Sunset Sherbert v Eur\u00f3pe.","og_url":"https:\/\/medicinasinc.com\/sk\/product\/buy-sunset-sherbert-shatter\/","og_site_name":"Medicinas Inc","article_modified_time":"2022-03-22T01:13:43+00:00","og_image":[{"width":600,"height":600,"url":"https:\/\/medicinasinc.com\/sk\/wp-content\/uploads\/sites\/10\/2022\/02\/Buy-Sunset-Sherbert-Shatter.jpg","type":"image\/jpeg"}],"twitter_card":"summary_large_image","twitter_misc":{"Est. reading time":"2 minutes"},"schema":{"@context":"https:\/\/schema.org","@graph":[{"@type":"WebPage","@id":"https:\/\/medicinasinc.com\/sk\/product\/buy-sunset-sherbert-shatter\/","url":"https:\/\/medicinasinc.com\/sk\/product\/buy-sunset-sherbert-shatter\/","name":"K\u00fapte si Sunset Sherbert Shatter \u2013 najlep\u0161ie najlep\u0161ie glob\u00e1lne lieky","isPartOf":{"@id":"https:\/\/medicinasinc.com\/sk\/#website"},"primaryImageOfPage":{"@id":"https:\/\/medicinasinc.com\/sk\/product\/buy-sunset-sherbert-shatter\/#primaryimage"},"image":{"@id":"https:\/\/medicinasinc.com\/sk\/product\/buy-sunset-sherbert-shatter\/#primaryimage"},"thumbnailUrl":"https:\/\/medicinasinc.com\/sk\/wp-content\/uploads\/sites\/10\/2022\/02\/Buy-Sunset-Sherbert-Shatter.jpg","datePublished":"2022-02-20T17:18:33+00:00","dateModified":"2022-03-22T01:13:43+00:00","description":"K\u00fapte si Shatter - Sunset Sherbert na predaj online v Eur\u00f3pe, Ve\u013ekej Brit\u00e1nii na The global medicinas. N\u00e1jdite najkvalitnej\u0161ie kanabisov\u00e9 produkty Shatter - Sunset Sherbert v Eur\u00f3pe.","breadcrumb":{"@id":"https:\/\/medicinasinc.com\/sk\/product\/buy-sunset-sherbert-shatter\/#breadcrumb"},"inLanguage":"en-US","potentialAction":[{"@type":"ReadAction","target":["https:\/\/medicinasinc.com\/sk\/product\/buy-sunset-sherbert-shatter\/"]}]},{"@type":"ImageObject","inLanguage":"en-US","@id":"https:\/\/medicinasinc.com\/sk\/product\/buy-sunset-sherbert-shatter\/#primaryimage","url":"https:\/\/medicinasinc.com\/sk\/wp-content\/uploads\/sites\/10\/2022\/02\/Buy-Sunset-Sherbert-Shatter.jpg","contentUrl":"https:\/\/medicinasinc.com\/sk\/wp-content\/uploads\/sites\/10\/2022\/02\/Buy-Sunset-Sherbert-Shatter.jpg","width":600,"height":600},{"@type":"BreadcrumbList","@id":"https:\/\/medicinasinc.com\/sk\/product\/buy-sunset-sherbert-shatter\/#breadcrumb","itemListElement":[{"@type":"ListItem","position":1,"name":"Obchod","item":"https:\/\/medicinasinc.com\/sk\/obchod\/"},{"@type":"ListItem","position":2,"name":"K\u00fapi\u0165 Sunset Sherbert Shatter"}]},{"@type":"WebSite","@id":"https:\/\/medicinasinc.com\/sk\/#website","url":"https:\/\/medicinasinc.com\/sk\/","name":"Medicinas Inc","description":"Health Medical Clinic","potentialAction":[{"@type":"SearchAction","target":{"@type":"EntryPoint","urlTemplate":"https:\/\/medicinasinc.com\/sk\/?s={search_term_string}"},"query-input":{"@type":"PropertyValueSpecification","valueRequired":true,"valueName":"search_term_string"}}],"inLanguage":"en-US"}]}},"_links":{"self":[{"href":"https:\/\/medicinasinc.com\/sk\/wp-json\/wp\/v2\/product\/4883","targetHints":{"allow":["GET"]}}],"collection":[{"href":"https:\/\/medicinasinc.com\/sk\/wp-json\/wp\/v2\/product"}],"about":[{"href":"https:\/\/medicinasinc.com\/sk\/wp-json\/wp\/v2\/types\/product"}],"replies":[{"embeddable":true,"href":"https:\/\/medicinasinc.com\/sk\/wp-json\/wp\/v2\/comments?post=4883"}],"wp:featuredmedia":[{"embeddable":true,"href":"https:\/\/medicinasinc.com\/sk\/wp-json\/wp\/v2\/media\/4897"}],"wp:attachment":[{"href":"https:\/\/medicinasinc.com\/sk\/wp-json\/wp\/v2\/media?parent=4883"}],"wp:term":[{"taxonomy":"product_brand","embeddable":true,"href":"https:\/\/medicinasinc.com\/sk\/wp-json\/wp\/v2\/product_brand?post=4883"},{"taxonomy":"product_cat","embeddable":true,"href":"https:\/\/medicinasinc.com\/sk\/wp-json\/wp\/v2\/product_cat?post=4883"},{"taxonomy":"product_tag","embeddable":true,"href":"https:\/\/medicinasinc.com\/sk\/wp-json\/wp\/v2\/product_tag?post=4883"}],"curies":[{"name":"wp","href":"https:\/\/api.w.org\/{rel}","templated":true}]}}