{"id":4872,"date":"2022-02-20T17:08:57","date_gmt":"2022-02-20T17:08:57","guid":{"rendered":"https:\/\/medicinasinc.com\/sk\/?post_type=product&#038;p=4872"},"modified":"2022-03-22T01:13:52","modified_gmt":"2022-03-22T01:13:52","slug":"kupit-gelato-rozbit","status":"publish","type":"product","link":"https:\/\/medicinasinc.com\/sk\/product\/kupit-gelato-rozbit\/","title":{"rendered":"K\u00fapte si Gelato Shatter"},"content":{"rendered":"<p>Gelato Shatter \u2013 Premium Indica Dominant Hybrid \u2013 55 % Indica\/45 % Sativa<\/p>\n<p>Gelato, tie\u017e ozna\u010dovan\u00e9 ako \u201eLarry Bird\u201c, je hybridn\u00fd kme\u0148 s mierne dominantn\u00fdm postaven\u00edm Indica vytvoren\u00fd kr\u00ed\u017een\u00edm Sunset Sherbert a Tenk\u00e9 m\u00e4tov\u00e9 su\u0161ienky skautiek. Jeho lahodn\u00e1 ar\u00f3ma oslov\u00ed aj toho najsk\u00fasenej\u0161ieho u\u017e\u00edvate\u013ea. M\u00e1 sladk\u00fa, takmer kol\u00e1\u010dov\u00fa v\u00f4\u0148u, ktor\u00e1 je zd\u00f4raznen\u00e1 t\u00f3nmi \u010derstvej levandule a \u010du\u010doriedok. Zatia\u013e \u010do Gelato je zbo\u017e\u0148ovan\u00e9 pre svoju delik\u00e1tnu chu\u0165, je najlep\u0161ie zn\u00e1me pre svoje euforick\u00e9 vlastnosti. Nesk\u00fasen\u00fdm u\u017e\u00edvate\u013eom sa odpor\u00fa\u010da opatrnos\u0165, preto\u017ee tento kme\u0148 sp\u00f4sobuje siln\u00e9 cerebr\u00e1lne vzru\u0161enie v priebehu nieko\u013ek\u00fdch min\u00fat po faj\u010den\u00ed. Tieto siln\u00e9 cerebr\u00e1lne \u00fa\u010dinky nenechaj\u00fa u\u017e\u00edvate\u013ea ospal\u00e9ho alebo prip\u00fatan\u00e9ho na pohovku, ale namiesto toho podporia pozit\u00edvne myslenie a s\u00fastreden\u00fa energiu. Ako t\u00e1to euf\u00f3ria narast\u00e1 postupne, telo sa dost\u00e1va do bla\u017een\u00e9ho stavu relax\u00e1cie, v\u010faka \u010domu je pou\u017e\u00edvate\u013e \u00faplne v pohode. Siln\u00e9 a z\u00e1rove\u0148 vyv\u00e1\u017een\u00e9 \u00fa\u010dinky Gelato ho robia ide\u00e1lnym na lie\u010dbu r\u00f4znych stavov vr\u00e1tane svalov\u00fdch k\u0155\u010dov, migr\u00e9nov\u00fdch bolest\u00ed hlavy, chronickej \u00fanavy a chronickej bolesti sp\u00f4sobenej z\u00e1palom.<\/p>\n","protected":false},"excerpt":{"rendered":"<p>K\u00fapi\u0165 Gelato Shatter na predaj v Spojenom kr\u00e1\u013eovstve, Eur\u00f3pe &#8211; Horn\u00e1 poli\u010dka z najv\u00e4\u010d\u0161ej online v\u00fddajne na svete, Buy My Weed Online.<\/p>\n<ul>\n<li>Celosvetov\u00e1 doprava<\/li>\n<li><strong>Kvalita: AAAAA<\/strong><\/li>\n<li><strong>Kontaktujte n\u00e1s<\/strong>\u00a0pre v\u00e4\u010d\u0161ie objedn\u00e1vky<\/li>\n<\/ul>\n","protected":false},"featured_media":4887,"comment_status":"open","ping_status":"closed","template":"","meta":[],"product_brand":[],"product_cat":[777],"product_tag":[],"class_list":{"0":"post-4872","1":"product","2":"type-product","3":"status-publish","4":"has-post-thumbnail","6":"product_cat-kpi-rozbi","8":"first","9":"instock","10":"shipping-taxable","11":"purchasable","12":"product-type-variable","13":"has-default-attributes"},"yoast_head":"<!-- This site is optimized with the Yoast SEO plugin v27.3 - https:\/\/yoast.com\/product\/yoast-seo-wordpress\/ -->\n<title>K\u00fapte si Gelato Shatter \u2013 najlep\u0161ie najlep\u0161ie glob\u00e1lne lieky<\/title>\n<meta name=\"description\" content=\"K\u00fapte si Gelato Shatter na predaj Ve\u013ek\u00e1 Brit\u00e1nia, Eur\u00f3pa - Top Shelf online Eur\u00f3pa z najv\u00e4\u010d\u0161ej online v\u00fddajne, Buy My Weed Online.\" \/>\n<meta name=\"robots\" content=\"index, follow, max-snippet:-1, max-image-preview:large, max-video-preview:-1\" \/>\n<link rel=\"canonical\" href=\"https:\/\/medicinasinc.com\/sk\/product\/kupit-gelato-rozbit\/\" \/>\n<meta property=\"og:locale\" content=\"en_US\" \/>\n<meta property=\"og:type\" content=\"article\" \/>\n<meta property=\"og:title\" content=\"K\u00fapte si Gelato Shatter \u2013 najlep\u0161ie najlep\u0161ie glob\u00e1lne lieky\" \/>\n<meta property=\"og:description\" content=\"K\u00fapte si Gelato Shatter na predaj Ve\u013ek\u00e1 Brit\u00e1nia, Eur\u00f3pa - Top Shelf online Eur\u00f3pa z najv\u00e4\u010d\u0161ej online v\u00fddajne, Buy My Weed Online.\" \/>\n<meta property=\"og:url\" content=\"https:\/\/medicinasinc.com\/sk\/product\/kupit-gelato-rozbit\/\" \/>\n<meta property=\"og:site_name\" content=\"Medicinas Inc\" \/>\n<meta property=\"article:modified_time\" content=\"2022-03-22T01:13:52+00:00\" \/>\n<meta property=\"og:image\" content=\"https:\/\/medicinasinc.com\/sk\/wp-content\/uploads\/sites\/10\/2022\/02\/Buy-Gelato-Shatter.jpg\" \/>\n\t<meta property=\"og:image:width\" content=\"600\" \/>\n\t<meta property=\"og:image:height\" content=\"600\" \/>\n\t<meta property=\"og:image:type\" content=\"image\/jpeg\" \/>\n<meta name=\"twitter:card\" content=\"summary_large_image\" \/>\n<meta name=\"twitter:label1\" content=\"Est. reading time\" \/>\n\t<meta name=\"twitter:data1\" content=\"1 minute\" \/>\n<script type=\"application\/ld+json\" class=\"yoast-schema-graph\">{\"@context\":\"https:\\\/\\\/schema.org\",\"@graph\":[{\"@type\":\"WebPage\",\"@id\":\"https:\\\/\\\/medicinasinc.com\\\/sk\\\/product\\\/kupit-gelato-rozbit\\\/\",\"url\":\"https:\\\/\\\/medicinasinc.com\\\/sk\\\/product\\\/kupit-gelato-rozbit\\\/\",\"name\":\"K\u00fapte si Gelato Shatter \u2013 najlep\u0161ie najlep\u0161ie glob\u00e1lne lieky\",\"isPartOf\":{\"@id\":\"https:\\\/\\\/medicinasinc.com\\\/sk\\\/#website\"},\"primaryImageOfPage\":{\"@id\":\"https:\\\/\\\/medicinasinc.com\\\/sk\\\/product\\\/kupit-gelato-rozbit\\\/#primaryimage\"},\"image\":{\"@id\":\"https:\\\/\\\/medicinasinc.com\\\/sk\\\/product\\\/kupit-gelato-rozbit\\\/#primaryimage\"},\"thumbnailUrl\":\"https:\\\/\\\/medicinasinc.com\\\/sk\\\/wp-content\\\/uploads\\\/sites\\\/10\\\/2022\\\/02\\\/Buy-Gelato-Shatter.jpg\",\"datePublished\":\"2022-02-20T17:08:57+00:00\",\"dateModified\":\"2022-03-22T01:13:52+00:00\",\"description\":\"K\u00fapte si Gelato Shatter na predaj Ve\u013ek\u00e1 Brit\u00e1nia, Eur\u00f3pa - Top Shelf online Eur\u00f3pa z najv\u00e4\u010d\u0161ej online v\u00fddajne, Buy My Weed Online.\",\"breadcrumb\":{\"@id\":\"https:\\\/\\\/medicinasinc.com\\\/sk\\\/product\\\/kupit-gelato-rozbit\\\/#breadcrumb\"},\"inLanguage\":\"en-US\",\"potentialAction\":[{\"@type\":\"ReadAction\",\"target\":[\"https:\\\/\\\/medicinasinc.com\\\/sk\\\/product\\\/kupit-gelato-rozbit\\\/\"]}]},{\"@type\":\"ImageObject\",\"inLanguage\":\"en-US\",\"@id\":\"https:\\\/\\\/medicinasinc.com\\\/sk\\\/product\\\/kupit-gelato-rozbit\\\/#primaryimage\",\"url\":\"https:\\\/\\\/medicinasinc.com\\\/sk\\\/wp-content\\\/uploads\\\/sites\\\/10\\\/2022\\\/02\\\/Buy-Gelato-Shatter.jpg\",\"contentUrl\":\"https:\\\/\\\/medicinasinc.com\\\/sk\\\/wp-content\\\/uploads\\\/sites\\\/10\\\/2022\\\/02\\\/Buy-Gelato-Shatter.jpg\",\"width\":600,\"height\":600},{\"@type\":\"BreadcrumbList\",\"@id\":\"https:\\\/\\\/medicinasinc.com\\\/sk\\\/product\\\/kupit-gelato-rozbit\\\/#breadcrumb\",\"itemListElement\":[{\"@type\":\"ListItem\",\"position\":1,\"name\":\"Obchod\",\"item\":\"https:\\\/\\\/medicinasinc.com\\\/sk\\\/obchod\\\/\"},{\"@type\":\"ListItem\",\"position\":2,\"name\":\"K\u00fapte si Gelato Shatter\"}]},{\"@type\":\"WebSite\",\"@id\":\"https:\\\/\\\/medicinasinc.com\\\/sk\\\/#website\",\"url\":\"https:\\\/\\\/medicinasinc.com\\\/sk\\\/\",\"name\":\"Medicinas Inc\",\"description\":\"Health Medical Clinic\",\"potentialAction\":[{\"@type\":\"SearchAction\",\"target\":{\"@type\":\"EntryPoint\",\"urlTemplate\":\"https:\\\/\\\/medicinasinc.com\\\/sk\\\/?s={search_term_string}\"},\"query-input\":{\"@type\":\"PropertyValueSpecification\",\"valueRequired\":true,\"valueName\":\"search_term_string\"}}],\"inLanguage\":\"en-US\"}]}<\/script>\n<!-- \/ Yoast SEO plugin. -->","yoast_head_json":{"title":"K\u00fapte si Gelato Shatter \u2013 najlep\u0161ie najlep\u0161ie glob\u00e1lne lieky","description":"K\u00fapte si Gelato Shatter na predaj Ve\u013ek\u00e1 Brit\u00e1nia, Eur\u00f3pa - Top Shelf online Eur\u00f3pa z najv\u00e4\u010d\u0161ej online v\u00fddajne, Buy My Weed Online.","robots":{"index":"index","follow":"follow","max-snippet":"max-snippet:-1","max-image-preview":"max-image-preview:large","max-video-preview":"max-video-preview:-1"},"canonical":"https:\/\/medicinasinc.com\/sk\/product\/kupit-gelato-rozbit\/","og_locale":"en_US","og_type":"article","og_title":"K\u00fapte si Gelato Shatter \u2013 najlep\u0161ie najlep\u0161ie glob\u00e1lne lieky","og_description":"K\u00fapte si Gelato Shatter na predaj Ve\u013ek\u00e1 Brit\u00e1nia, Eur\u00f3pa - Top Shelf online Eur\u00f3pa z najv\u00e4\u010d\u0161ej online v\u00fddajne, Buy My Weed Online.","og_url":"https:\/\/medicinasinc.com\/sk\/product\/kupit-gelato-rozbit\/","og_site_name":"Medicinas Inc","article_modified_time":"2022-03-22T01:13:52+00:00","og_image":[{"width":600,"height":600,"url":"https:\/\/medicinasinc.com\/sk\/wp-content\/uploads\/sites\/10\/2022\/02\/Buy-Gelato-Shatter.jpg","type":"image\/jpeg"}],"twitter_card":"summary_large_image","twitter_misc":{"Est. reading time":"1 minute"},"schema":{"@context":"https:\/\/schema.org","@graph":[{"@type":"WebPage","@id":"https:\/\/medicinasinc.com\/sk\/product\/kupit-gelato-rozbit\/","url":"https:\/\/medicinasinc.com\/sk\/product\/kupit-gelato-rozbit\/","name":"K\u00fapte si Gelato Shatter \u2013 najlep\u0161ie najlep\u0161ie glob\u00e1lne lieky","isPartOf":{"@id":"https:\/\/medicinasinc.com\/sk\/#website"},"primaryImageOfPage":{"@id":"https:\/\/medicinasinc.com\/sk\/product\/kupit-gelato-rozbit\/#primaryimage"},"image":{"@id":"https:\/\/medicinasinc.com\/sk\/product\/kupit-gelato-rozbit\/#primaryimage"},"thumbnailUrl":"https:\/\/medicinasinc.com\/sk\/wp-content\/uploads\/sites\/10\/2022\/02\/Buy-Gelato-Shatter.jpg","datePublished":"2022-02-20T17:08:57+00:00","dateModified":"2022-03-22T01:13:52+00:00","description":"K\u00fapte si Gelato Shatter na predaj Ve\u013ek\u00e1 Brit\u00e1nia, Eur\u00f3pa - Top Shelf online Eur\u00f3pa z najv\u00e4\u010d\u0161ej online v\u00fddajne, Buy My Weed Online.","breadcrumb":{"@id":"https:\/\/medicinasinc.com\/sk\/product\/kupit-gelato-rozbit\/#breadcrumb"},"inLanguage":"en-US","potentialAction":[{"@type":"ReadAction","target":["https:\/\/medicinasinc.com\/sk\/product\/kupit-gelato-rozbit\/"]}]},{"@type":"ImageObject","inLanguage":"en-US","@id":"https:\/\/medicinasinc.com\/sk\/product\/kupit-gelato-rozbit\/#primaryimage","url":"https:\/\/medicinasinc.com\/sk\/wp-content\/uploads\/sites\/10\/2022\/02\/Buy-Gelato-Shatter.jpg","contentUrl":"https:\/\/medicinasinc.com\/sk\/wp-content\/uploads\/sites\/10\/2022\/02\/Buy-Gelato-Shatter.jpg","width":600,"height":600},{"@type":"BreadcrumbList","@id":"https:\/\/medicinasinc.com\/sk\/product\/kupit-gelato-rozbit\/#breadcrumb","itemListElement":[{"@type":"ListItem","position":1,"name":"Obchod","item":"https:\/\/medicinasinc.com\/sk\/obchod\/"},{"@type":"ListItem","position":2,"name":"K\u00fapte si Gelato Shatter"}]},{"@type":"WebSite","@id":"https:\/\/medicinasinc.com\/sk\/#website","url":"https:\/\/medicinasinc.com\/sk\/","name":"Medicinas Inc","description":"Health Medical Clinic","potentialAction":[{"@type":"SearchAction","target":{"@type":"EntryPoint","urlTemplate":"https:\/\/medicinasinc.com\/sk\/?s={search_term_string}"},"query-input":{"@type":"PropertyValueSpecification","valueRequired":true,"valueName":"search_term_string"}}],"inLanguage":"en-US"}]}},"_links":{"self":[{"href":"https:\/\/medicinasinc.com\/sk\/wp-json\/wp\/v2\/product\/4872","targetHints":{"allow":["GET"]}}],"collection":[{"href":"https:\/\/medicinasinc.com\/sk\/wp-json\/wp\/v2\/product"}],"about":[{"href":"https:\/\/medicinasinc.com\/sk\/wp-json\/wp\/v2\/types\/product"}],"replies":[{"embeddable":true,"href":"https:\/\/medicinasinc.com\/sk\/wp-json\/wp\/v2\/comments?post=4872"}],"wp:featuredmedia":[{"embeddable":true,"href":"https:\/\/medicinasinc.com\/sk\/wp-json\/wp\/v2\/media\/4887"}],"wp:attachment":[{"href":"https:\/\/medicinasinc.com\/sk\/wp-json\/wp\/v2\/media?parent=4872"}],"wp:term":[{"taxonomy":"product_brand","embeddable":true,"href":"https:\/\/medicinasinc.com\/sk\/wp-json\/wp\/v2\/product_brand?post=4872"},{"taxonomy":"product_cat","embeddable":true,"href":"https:\/\/medicinasinc.com\/sk\/wp-json\/wp\/v2\/product_cat?post=4872"},{"taxonomy":"product_tag","embeddable":true,"href":"https:\/\/medicinasinc.com\/sk\/wp-json\/wp\/v2\/product_tag?post=4872"}],"curies":[{"name":"wp","href":"https:\/\/api.w.org\/{rel}","templated":true}]}}