{"id":4871,"date":"2022-02-20T17:08:15","date_gmt":"2022-02-20T17:08:15","guid":{"rendered":"https:\/\/medicinasinc.com\/sk\/?post_type=product&#038;p=4871"},"modified":"2022-03-22T01:14:03","modified_gmt":"2022-03-22T01:14:03","slug":"buy-blueberry-nuken-shatter-top-poll","status":"publish","type":"product","link":"https:\/\/medicinasinc.com\/sk\/product\/buy-blueberry-nuken-shatter-top-poll\/","title":{"rendered":"K\u00fapte si Blueberry Nuken Shatter \u2013 horn\u00e1 polica"},"content":{"rendered":"<div class=\"descblock ff\">Nuken prin\u00e1\u0161a lie\u010div\u00e9 v\u00fdhody indiky bez \u00fanavy alebo sed\u00e1cie spojenej s indikami. Nuken vytv\u00e1ra dlhotrvaj\u00face a mimoriadne relaxa\u010dn\u00e9 telo a z\u00e1rove\u0148 umo\u017e\u0148uje u\u017e\u00edvate\u013eovi vykon\u00e1va\u0165 \u00falohy a komunikova\u0165 s priate\u013emi. Ke\u010f sa \u00fa\u010dinky kme\u0148a prejavia, pou\u017e\u00edvatelia za\u017eij\u00fa mierny pocit zahrievania, ktor\u00fd za\u010d\u00edna v chrbtici a postupne sa \u0161\u00edri po celom tele, \u010d\u00edm zmier\u0148uje ak\u00fako\u013evek boles\u0165 alebo svalov\u00e9 nepohodlie. Tieto \u00fa\u010dinky s\u00fa sprev\u00e1dzan\u00e9 intenz\u00edvnou introspekciou, ktor\u00e1 m\u00f4\u017ee sp\u00f4sobi\u0165, \u017ee niektor\u00ed za\u010d\u00ednaj\u00faci pou\u017e\u00edvatelia sa bud\u00fa c\u00edti\u0165 trochu dezorientovan\u00ed. Nuken sa pou\u017e\u00edva na lie\u010dbu chronickej bolesti a z\u00e1palu, ako aj miernej depresie, \u00fazkosti a chronick\u00e9ho stresu.<\/div>\n<div class=\"product-next-previous\">\n<div class=\"product-prev\"><\/div><\/div>\n","protected":false},"excerpt":{"rendered":"<p>K\u00fapte si Blueberry Nuken Shatter UK, Europe Online od najlep\u0161ieho svetov\u00e9ho lek\u00e1rnika online, EZ Weed Online Cannabis Dispensary.<\/p>\n<ul>\n<li>Celosvetov\u00e1 doprava<\/li>\n<li><strong>Stupe\u0148: AAAAA<\/strong><\/li>\n<li><strong>Kontaktujte n\u00e1s<\/strong>\u00a0pre v\u00e4\u010d\u0161ie objedn\u00e1vky<\/li>\n<li>Po\u0161tovn\u00e9 DPD Post Xpresspost ZDARMA pre objedn\u00e1vky nad 200 USD<\/li>\n<\/ul>\n","protected":false},"featured_media":4885,"comment_status":"open","ping_status":"closed","template":"","meta":[],"product_brand":[],"product_cat":[777],"product_tag":[],"class_list":{"0":"post-4871","1":"product","2":"type-product","3":"status-publish","4":"has-post-thumbnail","6":"product_cat-kpi-rozbi","8":"first","9":"instock","10":"shipping-taxable","11":"purchasable","12":"product-type-variable","13":"has-default-attributes"},"yoast_head":"<!-- This site is optimized with the Yoast SEO plugin v27.3 - https:\/\/yoast.com\/product\/yoast-seo-wordpress\/ -->\n<title>K\u00fapte si Blueberry Nuken Shatter \u2013 horn\u00e1 poli\u010dka \u2013 najlep\u0161ie najlep\u0161ie glob\u00e1lne lieky<\/title>\n<meta name=\"description\" content=\"K\u00fapte si Blueberry Nuken Shatter UK, Europe Online z kanadskej v\u00fddajne \u010d. 1 online, Best Global Weed Online Cannabis Dispensary.\" \/>\n<meta name=\"robots\" content=\"index, follow, max-snippet:-1, max-image-preview:large, max-video-preview:-1\" \/>\n<link rel=\"canonical\" href=\"https:\/\/medicinasinc.com\/sk\/product\/buy-blueberry-nuken-shatter-top-poll\/\" \/>\n<meta property=\"og:locale\" content=\"en_US\" \/>\n<meta property=\"og:type\" content=\"article\" \/>\n<meta property=\"og:title\" content=\"K\u00fapte si Blueberry Nuken Shatter \u2013 horn\u00e1 poli\u010dka \u2013 najlep\u0161ie najlep\u0161ie glob\u00e1lne lieky\" \/>\n<meta property=\"og:description\" content=\"K\u00fapte si Blueberry Nuken Shatter UK, Europe Online z kanadskej v\u00fddajne \u010d. 1 online, Best Global Weed Online Cannabis Dispensary.\" \/>\n<meta property=\"og:url\" content=\"https:\/\/medicinasinc.com\/sk\/product\/buy-blueberry-nuken-shatter-top-poll\/\" \/>\n<meta property=\"og:site_name\" content=\"Medicinas Inc\" \/>\n<meta property=\"article:modified_time\" content=\"2022-03-22T01:14:03+00:00\" \/>\n<meta property=\"og:image\" content=\"https:\/\/medicinasinc.com\/sk\/wp-content\/uploads\/sites\/10\/2022\/02\/Buy-Blueberry-Nuken-Shatter.jpg\" \/>\n\t<meta property=\"og:image:width\" content=\"600\" \/>\n\t<meta property=\"og:image:height\" content=\"600\" \/>\n\t<meta property=\"og:image:type\" content=\"image\/jpeg\" \/>\n<meta name=\"twitter:card\" content=\"summary_large_image\" \/>\n<meta name=\"twitter:label1\" content=\"Est. reading time\" \/>\n\t<meta name=\"twitter:data1\" content=\"1 minute\" \/>\n<script type=\"application\/ld+json\" class=\"yoast-schema-graph\">{\"@context\":\"https:\\\/\\\/schema.org\",\"@graph\":[{\"@type\":\"WebPage\",\"@id\":\"https:\\\/\\\/medicinasinc.com\\\/sk\\\/product\\\/buy-blueberry-nuken-shatter-top-poll\\\/\",\"url\":\"https:\\\/\\\/medicinasinc.com\\\/sk\\\/product\\\/buy-blueberry-nuken-shatter-top-poll\\\/\",\"name\":\"K\u00fapte si Blueberry Nuken Shatter \u2013 horn\u00e1 poli\u010dka \u2013 najlep\u0161ie najlep\u0161ie glob\u00e1lne lieky\",\"isPartOf\":{\"@id\":\"https:\\\/\\\/medicinasinc.com\\\/sk\\\/#website\"},\"primaryImageOfPage\":{\"@id\":\"https:\\\/\\\/medicinasinc.com\\\/sk\\\/product\\\/buy-blueberry-nuken-shatter-top-poll\\\/#primaryimage\"},\"image\":{\"@id\":\"https:\\\/\\\/medicinasinc.com\\\/sk\\\/product\\\/buy-blueberry-nuken-shatter-top-poll\\\/#primaryimage\"},\"thumbnailUrl\":\"https:\\\/\\\/medicinasinc.com\\\/sk\\\/wp-content\\\/uploads\\\/sites\\\/10\\\/2022\\\/02\\\/Buy-Blueberry-Nuken-Shatter.jpg\",\"datePublished\":\"2022-02-20T17:08:15+00:00\",\"dateModified\":\"2022-03-22T01:14:03+00:00\",\"description\":\"K\u00fapte si Blueberry Nuken Shatter UK, Europe Online z kanadskej v\u00fddajne \u010d. 1 online, Best Global Weed Online Cannabis Dispensary.\",\"breadcrumb\":{\"@id\":\"https:\\\/\\\/medicinasinc.com\\\/sk\\\/product\\\/buy-blueberry-nuken-shatter-top-poll\\\/#breadcrumb\"},\"inLanguage\":\"en-US\",\"potentialAction\":[{\"@type\":\"ReadAction\",\"target\":[\"https:\\\/\\\/medicinasinc.com\\\/sk\\\/product\\\/buy-blueberry-nuken-shatter-top-poll\\\/\"]}]},{\"@type\":\"ImageObject\",\"inLanguage\":\"en-US\",\"@id\":\"https:\\\/\\\/medicinasinc.com\\\/sk\\\/product\\\/buy-blueberry-nuken-shatter-top-poll\\\/#primaryimage\",\"url\":\"https:\\\/\\\/medicinasinc.com\\\/sk\\\/wp-content\\\/uploads\\\/sites\\\/10\\\/2022\\\/02\\\/Buy-Blueberry-Nuken-Shatter.jpg\",\"contentUrl\":\"https:\\\/\\\/medicinasinc.com\\\/sk\\\/wp-content\\\/uploads\\\/sites\\\/10\\\/2022\\\/02\\\/Buy-Blueberry-Nuken-Shatter.jpg\",\"width\":600,\"height\":600},{\"@type\":\"BreadcrumbList\",\"@id\":\"https:\\\/\\\/medicinasinc.com\\\/sk\\\/product\\\/buy-blueberry-nuken-shatter-top-poll\\\/#breadcrumb\",\"itemListElement\":[{\"@type\":\"ListItem\",\"position\":1,\"name\":\"Obchod\",\"item\":\"https:\\\/\\\/medicinasinc.com\\\/sk\\\/obchod\\\/\"},{\"@type\":\"ListItem\",\"position\":2,\"name\":\"K\u00fapte si Blueberry Nuken Shatter \u2013 horn\u00e1 polica\"}]},{\"@type\":\"WebSite\",\"@id\":\"https:\\\/\\\/medicinasinc.com\\\/sk\\\/#website\",\"url\":\"https:\\\/\\\/medicinasinc.com\\\/sk\\\/\",\"name\":\"Medicinas Inc\",\"description\":\"Health Medical Clinic\",\"potentialAction\":[{\"@type\":\"SearchAction\",\"target\":{\"@type\":\"EntryPoint\",\"urlTemplate\":\"https:\\\/\\\/medicinasinc.com\\\/sk\\\/?s={search_term_string}\"},\"query-input\":{\"@type\":\"PropertyValueSpecification\",\"valueRequired\":true,\"valueName\":\"search_term_string\"}}],\"inLanguage\":\"en-US\"}]}<\/script>\n<!-- \/ Yoast SEO plugin. -->","yoast_head_json":{"title":"K\u00fapte si Blueberry Nuken Shatter \u2013 horn\u00e1 poli\u010dka \u2013 najlep\u0161ie najlep\u0161ie glob\u00e1lne lieky","description":"K\u00fapte si Blueberry Nuken Shatter UK, Europe Online z kanadskej v\u00fddajne \u010d. 1 online, Best Global Weed Online Cannabis Dispensary.","robots":{"index":"index","follow":"follow","max-snippet":"max-snippet:-1","max-image-preview":"max-image-preview:large","max-video-preview":"max-video-preview:-1"},"canonical":"https:\/\/medicinasinc.com\/sk\/product\/buy-blueberry-nuken-shatter-top-poll\/","og_locale":"en_US","og_type":"article","og_title":"K\u00fapte si Blueberry Nuken Shatter \u2013 horn\u00e1 poli\u010dka \u2013 najlep\u0161ie najlep\u0161ie glob\u00e1lne lieky","og_description":"K\u00fapte si Blueberry Nuken Shatter UK, Europe Online z kanadskej v\u00fddajne \u010d. 1 online, Best Global Weed Online Cannabis Dispensary.","og_url":"https:\/\/medicinasinc.com\/sk\/product\/buy-blueberry-nuken-shatter-top-poll\/","og_site_name":"Medicinas Inc","article_modified_time":"2022-03-22T01:14:03+00:00","og_image":[{"width":600,"height":600,"url":"https:\/\/medicinasinc.com\/sk\/wp-content\/uploads\/sites\/10\/2022\/02\/Buy-Blueberry-Nuken-Shatter.jpg","type":"image\/jpeg"}],"twitter_card":"summary_large_image","twitter_misc":{"Est. reading time":"1 minute"},"schema":{"@context":"https:\/\/schema.org","@graph":[{"@type":"WebPage","@id":"https:\/\/medicinasinc.com\/sk\/product\/buy-blueberry-nuken-shatter-top-poll\/","url":"https:\/\/medicinasinc.com\/sk\/product\/buy-blueberry-nuken-shatter-top-poll\/","name":"K\u00fapte si Blueberry Nuken Shatter \u2013 horn\u00e1 poli\u010dka \u2013 najlep\u0161ie najlep\u0161ie glob\u00e1lne lieky","isPartOf":{"@id":"https:\/\/medicinasinc.com\/sk\/#website"},"primaryImageOfPage":{"@id":"https:\/\/medicinasinc.com\/sk\/product\/buy-blueberry-nuken-shatter-top-poll\/#primaryimage"},"image":{"@id":"https:\/\/medicinasinc.com\/sk\/product\/buy-blueberry-nuken-shatter-top-poll\/#primaryimage"},"thumbnailUrl":"https:\/\/medicinasinc.com\/sk\/wp-content\/uploads\/sites\/10\/2022\/02\/Buy-Blueberry-Nuken-Shatter.jpg","datePublished":"2022-02-20T17:08:15+00:00","dateModified":"2022-03-22T01:14:03+00:00","description":"K\u00fapte si Blueberry Nuken Shatter UK, Europe Online z kanadskej v\u00fddajne \u010d. 1 online, Best Global Weed Online Cannabis Dispensary.","breadcrumb":{"@id":"https:\/\/medicinasinc.com\/sk\/product\/buy-blueberry-nuken-shatter-top-poll\/#breadcrumb"},"inLanguage":"en-US","potentialAction":[{"@type":"ReadAction","target":["https:\/\/medicinasinc.com\/sk\/product\/buy-blueberry-nuken-shatter-top-poll\/"]}]},{"@type":"ImageObject","inLanguage":"en-US","@id":"https:\/\/medicinasinc.com\/sk\/product\/buy-blueberry-nuken-shatter-top-poll\/#primaryimage","url":"https:\/\/medicinasinc.com\/sk\/wp-content\/uploads\/sites\/10\/2022\/02\/Buy-Blueberry-Nuken-Shatter.jpg","contentUrl":"https:\/\/medicinasinc.com\/sk\/wp-content\/uploads\/sites\/10\/2022\/02\/Buy-Blueberry-Nuken-Shatter.jpg","width":600,"height":600},{"@type":"BreadcrumbList","@id":"https:\/\/medicinasinc.com\/sk\/product\/buy-blueberry-nuken-shatter-top-poll\/#breadcrumb","itemListElement":[{"@type":"ListItem","position":1,"name":"Obchod","item":"https:\/\/medicinasinc.com\/sk\/obchod\/"},{"@type":"ListItem","position":2,"name":"K\u00fapte si Blueberry Nuken Shatter \u2013 horn\u00e1 polica"}]},{"@type":"WebSite","@id":"https:\/\/medicinasinc.com\/sk\/#website","url":"https:\/\/medicinasinc.com\/sk\/","name":"Medicinas Inc","description":"Health Medical Clinic","potentialAction":[{"@type":"SearchAction","target":{"@type":"EntryPoint","urlTemplate":"https:\/\/medicinasinc.com\/sk\/?s={search_term_string}"},"query-input":{"@type":"PropertyValueSpecification","valueRequired":true,"valueName":"search_term_string"}}],"inLanguage":"en-US"}]}},"_links":{"self":[{"href":"https:\/\/medicinasinc.com\/sk\/wp-json\/wp\/v2\/product\/4871","targetHints":{"allow":["GET"]}}],"collection":[{"href":"https:\/\/medicinasinc.com\/sk\/wp-json\/wp\/v2\/product"}],"about":[{"href":"https:\/\/medicinasinc.com\/sk\/wp-json\/wp\/v2\/types\/product"}],"replies":[{"embeddable":true,"href":"https:\/\/medicinasinc.com\/sk\/wp-json\/wp\/v2\/comments?post=4871"}],"wp:featuredmedia":[{"embeddable":true,"href":"https:\/\/medicinasinc.com\/sk\/wp-json\/wp\/v2\/media\/4885"}],"wp:attachment":[{"href":"https:\/\/medicinasinc.com\/sk\/wp-json\/wp\/v2\/media?parent=4871"}],"wp:term":[{"taxonomy":"product_brand","embeddable":true,"href":"https:\/\/medicinasinc.com\/sk\/wp-json\/wp\/v2\/product_brand?post=4871"},{"taxonomy":"product_cat","embeddable":true,"href":"https:\/\/medicinasinc.com\/sk\/wp-json\/wp\/v2\/product_cat?post=4871"},{"taxonomy":"product_tag","embeddable":true,"href":"https:\/\/medicinasinc.com\/sk\/wp-json\/wp\/v2\/product_tag?post=4871"}],"curies":[{"name":"wp","href":"https:\/\/api.w.org\/{rel}","templated":true}]}}