{"id":4861,"date":"2022-02-20T17:01:48","date_gmt":"2022-02-20T17:01:48","guid":{"rendered":"https:\/\/medicinasinc.com\/sk\/?post_type=product&#038;p=4861"},"modified":"2022-03-22T01:14:11","modified_gmt":"2022-03-22T01:14:11","slug":"buy-lsd-100mcg-blotters","status":"publish","type":"product","link":"https:\/\/medicinasinc.com\/sk\/product\/buy-lsd-100mcg-blotters\/","title":{"rendered":"K\u00fapte si LSD 100 mcg BLOTTERS"},"content":{"rendered":"<p> BLOTTERS LSD 100 mcg je mo\u017en\u00e9 zak\u00fapi\u0165 online.<\/p>\n<p> BLOTTERS LSD 100 mcg je mo\u017en\u00e9 zak\u00fapi\u0165 online. Pred\u00e1vame aj karty LSD. \u010eal\u0161ie inform\u00e1cie o LSD n\u00e1jdete na tejto str\u00e1nke.<\/p>\n<p>Online n\u00e1kup so\u013en\u00e9ho\/blotterov\u00e9ho papiera LSD (dietylamid kyseliny lysergovej)<\/p>\n<p>&nbsp;<\/p>\n<p>LSD (Lysergic Acid Diethylamide), skr\u00e1tene LSD alebo LSD-25, je semisyntetick\u00e1 psychedelick\u00e1 droga z rodiny ergol\u00ednu, ktor\u00e1 je dobre zn\u00e1ma pre svoje psychologick\u00e9 \u00fa\u010dinky.<br \/> Lacn\u00fd pijav\u00fd papier LSD (Lysergic Acid Diethylamide) si m\u00f4\u017eete k\u00fapi\u0165 online (za n\u00edzku cenu )<br \/> Chemicals &amp; Pr\u00e1\u0161ky pre v\u00fdskum<br \/> Nepropriet\u00e1rna zna\u010dka<br \/> Kyselina, k\u00fape\u013eov\u00e9 soli, pijav\u00fd papier, pijav\u00fd papier, chemik\u00e1lie, hity, LSD, LSD-25, kyselina lysergov\u00e1, dietylamid kyseliny lysergovej, papier, v\u00fdskumn\u00e9 chemik\u00e1lie a pijav\u00e9 papiere, kyselina lysergov\u00e1, dietylamid kyseliny lysergovej, so\u013e, list<\/p>\n","protected":false},"excerpt":{"rendered":"<div class=\"woocommerce-product-details__short-description\">\n<p>BLOTTERS LSD 100 mcg je mo\u017en\u00e9 zak\u00fapi\u0165 online. K\u00fapte si pr\u00e1\u0161ok LSD 100mcg BLOTTERS za zv\u00fdhodnen\u00fa cenu | Kde k\u00fapi\u0165 pr\u00e1\u0161ok LSD 100 mcg BLOTTERS online. Online n\u00e1kup dietylamidu kyseliny lysergovej &#8211; LSD BLOTTERS na predaj<\/p>\n<p>Online predajcovia pred\u00e1vaj\u00fa LSD (dietylamid kyseliny lysergovej) so\u013e\/papier na satie.<br \/> Cena produktu je nasledovn\u00e1: za h\u00e1rok (papier na sav\u00fd papier)<\/p>\n<\/p><\/div>\n","protected":false},"featured_media":4876,"comment_status":"open","ping_status":"closed","template":"","meta":[],"product_brand":[],"product_cat":[703],"product_tag":[745,746,755,756,748,771,772,754,775,751,752,753,757,758,760,762,759,763,764,765,768,769,770,761,774,750,749,776,773,747,766,767],"class_list":{"0":"post-4861","1":"product","2":"type-product","3":"status-publish","4":"has-post-thumbnail","6":"product_cat-kpi-psychedelick-drogy","7":"product_tag-1p-lsd-buy-usa","8":"product_tag-1p-lsd-blotter-100-mcg","9":"product_tag-ako-mete-poveda-i-je-v-blotter-lsd-skuton-alebo-jeden-z-rodiny-2c","10":"product_tag-ako-pouvate-a-lsd-blotter-tab","11":"product_tag-art-sheets-edible","12":"product_tag-kyselina-lysergov-dietylamid-bloterazzi","13":"product_tag-blottery-s-kyselinou-lyzergovou-dietylamidom","14":"product_tag-buy-lysergic-acid-diethylamide-blotter-list","15":"product_tag-kde-mem-kpi-blotter-papier","16":"product_tag-buy-1-p-lsd","17":"product_tag-buy-lsd-blotter-sheets","18":"product_tag-buy-lsd-blotters-legal-highs-online","19":"product_tag-lsd-andra-sakte-aven-efter","20":"product_tag-lsd-blotter-art-for-sale","21":"product_tag-lsd-blotter-hofmann","22":"product_tag-lsd-blotter-sheet","23":"product_tag-lsd-blotter-cost","24":"product_tag-lsd-blotter-sheets","25":"product_tag-lsd-blotter-shop","26":"product_tag-lsd-blotter-site","27":"product_tag-lsd-blotters-dose","28":"product_tag-lsd-tabs-buy","29":"product_tag-lsd-to-buy","30":"product_tag-lsd-blotter-paper-acid","31":"product_tag-lysergic-acid-diethylamide-street-names","32":"product_tag-pijavica-kyselina-na-predaj","33":"product_tag-pijavice","34":"product_tag-preo-do-lsd-blotter-tabs-ma-nvrhy-na-ne","35":"product_tag-dietylamid-kyseliny-lysergovej-na-predaj","36":"product_tag-are-lsd","37":"product_tag-lsd-blotter-storage","38":"product_tag-lsd-blotter-tab-size","40":"first","41":"instock","42":"shipping-taxable","43":"purchasable","44":"product-type-variable","45":"has-default-attributes"},"yoast_head":"<!-- This site is optimized with the Yoast SEO plugin v27.3 - https:\/\/yoast.com\/product\/yoast-seo-wordpress\/ -->\n<title>K\u00fapte si LSD 100 mcg BLOTTERS \u2013 najlep\u0161ie najlep\u0161ie glob\u00e1lne lieky<\/title>\n<meta name=\"description\" content=\"K\u00fapte si pijavice LSD 100 mcg v Eur\u00f3pe, Spojenom kr\u00e1\u013eovstve, na predaj 1-propionyl-LSD (aka 1P-LSD pijavice) za skvel\u00fa cenu. Kliknite na web a objednajte si e\u0161te dnes!\" \/>\n<meta name=\"robots\" content=\"index, follow, max-snippet:-1, max-image-preview:large, max-video-preview:-1\" \/>\n<link rel=\"canonical\" href=\"https:\/\/medicinasinc.com\/sk\/product\/buy-lsd-100mcg-blotters\/\" \/>\n<meta property=\"og:locale\" content=\"en_US\" \/>\n<meta property=\"og:type\" content=\"article\" \/>\n<meta property=\"og:title\" content=\"K\u00fapte si LSD 100 mcg BLOTTERS \u2013 najlep\u0161ie najlep\u0161ie glob\u00e1lne lieky\" \/>\n<meta property=\"og:description\" content=\"K\u00fapte si pijavice LSD 100 mcg v Eur\u00f3pe, Spojenom kr\u00e1\u013eovstve, na predaj 1-propionyl-LSD (aka 1P-LSD pijavice) za skvel\u00fa cenu. Kliknite na web a objednajte si e\u0161te dnes!\" \/>\n<meta property=\"og:url\" content=\"https:\/\/medicinasinc.com\/sk\/product\/buy-lsd-100mcg-blotters\/\" \/>\n<meta property=\"og:site_name\" content=\"Medicinas Inc\" \/>\n<meta property=\"article:modified_time\" content=\"2022-03-22T01:14:11+00:00\" \/>\n<meta property=\"og:image\" content=\"https:\/\/medicinasinc.com\/sk\/wp-content\/uploads\/sites\/10\/2022\/02\/Buy-LSD-100mcg-blotters-1.jpg\" \/>\n\t<meta property=\"og:image:width\" content=\"960\" \/>\n\t<meta property=\"og:image:height\" content=\"720\" \/>\n\t<meta property=\"og:image:type\" content=\"image\/jpeg\" \/>\n<meta name=\"twitter:card\" content=\"summary_large_image\" \/>\n<meta name=\"twitter:label1\" content=\"Est. reading time\" \/>\n\t<meta name=\"twitter:data1\" content=\"1 minute\" \/>\n<script type=\"application\/ld+json\" class=\"yoast-schema-graph\">{\"@context\":\"https:\\\/\\\/schema.org\",\"@graph\":[{\"@type\":\"WebPage\",\"@id\":\"https:\\\/\\\/medicinasinc.com\\\/sk\\\/product\\\/buy-lsd-100mcg-blotters\\\/\",\"url\":\"https:\\\/\\\/medicinasinc.com\\\/sk\\\/product\\\/buy-lsd-100mcg-blotters\\\/\",\"name\":\"K\u00fapte si LSD 100 mcg BLOTTERS \u2013 najlep\u0161ie najlep\u0161ie glob\u00e1lne lieky\",\"isPartOf\":{\"@id\":\"https:\\\/\\\/medicinasinc.com\\\/sk\\\/#website\"},\"primaryImageOfPage\":{\"@id\":\"https:\\\/\\\/medicinasinc.com\\\/sk\\\/product\\\/buy-lsd-100mcg-blotters\\\/#primaryimage\"},\"image\":{\"@id\":\"https:\\\/\\\/medicinasinc.com\\\/sk\\\/product\\\/buy-lsd-100mcg-blotters\\\/#primaryimage\"},\"thumbnailUrl\":\"https:\\\/\\\/medicinasinc.com\\\/sk\\\/wp-content\\\/uploads\\\/sites\\\/10\\\/2022\\\/02\\\/Buy-LSD-100mcg-blotters-1.jpg\",\"datePublished\":\"2022-02-20T17:01:48+00:00\",\"dateModified\":\"2022-03-22T01:14:11+00:00\",\"description\":\"K\u00fapte si pijavice LSD 100 mcg v Eur\u00f3pe, Spojenom kr\u00e1\u013eovstve, na predaj 1-propionyl-LSD (aka 1P-LSD pijavice) za skvel\u00fa cenu. Kliknite na web a objednajte si e\u0161te dnes!\",\"breadcrumb\":{\"@id\":\"https:\\\/\\\/medicinasinc.com\\\/sk\\\/product\\\/buy-lsd-100mcg-blotters\\\/#breadcrumb\"},\"inLanguage\":\"en-US\",\"potentialAction\":[{\"@type\":\"ReadAction\",\"target\":[\"https:\\\/\\\/medicinasinc.com\\\/sk\\\/product\\\/buy-lsd-100mcg-blotters\\\/\"]}]},{\"@type\":\"ImageObject\",\"inLanguage\":\"en-US\",\"@id\":\"https:\\\/\\\/medicinasinc.com\\\/sk\\\/product\\\/buy-lsd-100mcg-blotters\\\/#primaryimage\",\"url\":\"https:\\\/\\\/medicinasinc.com\\\/sk\\\/wp-content\\\/uploads\\\/sites\\\/10\\\/2022\\\/02\\\/Buy-LSD-100mcg-blotters-1.jpg\",\"contentUrl\":\"https:\\\/\\\/medicinasinc.com\\\/sk\\\/wp-content\\\/uploads\\\/sites\\\/10\\\/2022\\\/02\\\/Buy-LSD-100mcg-blotters-1.jpg\",\"width\":960,\"height\":720},{\"@type\":\"BreadcrumbList\",\"@id\":\"https:\\\/\\\/medicinasinc.com\\\/sk\\\/product\\\/buy-lsd-100mcg-blotters\\\/#breadcrumb\",\"itemListElement\":[{\"@type\":\"ListItem\",\"position\":1,\"name\":\"Obchod\",\"item\":\"https:\\\/\\\/medicinasinc.com\\\/sk\\\/obchod\\\/\"},{\"@type\":\"ListItem\",\"position\":2,\"name\":\"K\u00fapte si LSD 100 mcg BLOTTERS\"}]},{\"@type\":\"WebSite\",\"@id\":\"https:\\\/\\\/medicinasinc.com\\\/sk\\\/#website\",\"url\":\"https:\\\/\\\/medicinasinc.com\\\/sk\\\/\",\"name\":\"Medicinas Inc\",\"description\":\"Health Medical Clinic\",\"potentialAction\":[{\"@type\":\"SearchAction\",\"target\":{\"@type\":\"EntryPoint\",\"urlTemplate\":\"https:\\\/\\\/medicinasinc.com\\\/sk\\\/?s={search_term_string}\"},\"query-input\":{\"@type\":\"PropertyValueSpecification\",\"valueRequired\":true,\"valueName\":\"search_term_string\"}}],\"inLanguage\":\"en-US\"}]}<\/script>\n<!-- \/ Yoast SEO plugin. -->","yoast_head_json":{"title":"K\u00fapte si LSD 100 mcg BLOTTERS \u2013 najlep\u0161ie najlep\u0161ie glob\u00e1lne lieky","description":"K\u00fapte si pijavice LSD 100 mcg v Eur\u00f3pe, Spojenom kr\u00e1\u013eovstve, na predaj 1-propionyl-LSD (aka 1P-LSD pijavice) za skvel\u00fa cenu. Kliknite na web a objednajte si e\u0161te dnes!","robots":{"index":"index","follow":"follow","max-snippet":"max-snippet:-1","max-image-preview":"max-image-preview:large","max-video-preview":"max-video-preview:-1"},"canonical":"https:\/\/medicinasinc.com\/sk\/product\/buy-lsd-100mcg-blotters\/","og_locale":"en_US","og_type":"article","og_title":"K\u00fapte si LSD 100 mcg BLOTTERS \u2013 najlep\u0161ie najlep\u0161ie glob\u00e1lne lieky","og_description":"K\u00fapte si pijavice LSD 100 mcg v Eur\u00f3pe, Spojenom kr\u00e1\u013eovstve, na predaj 1-propionyl-LSD (aka 1P-LSD pijavice) za skvel\u00fa cenu. Kliknite na web a objednajte si e\u0161te dnes!","og_url":"https:\/\/medicinasinc.com\/sk\/product\/buy-lsd-100mcg-blotters\/","og_site_name":"Medicinas Inc","article_modified_time":"2022-03-22T01:14:11+00:00","og_image":[{"width":960,"height":720,"url":"https:\/\/medicinasinc.com\/sk\/wp-content\/uploads\/sites\/10\/2022\/02\/Buy-LSD-100mcg-blotters-1.jpg","type":"image\/jpeg"}],"twitter_card":"summary_large_image","twitter_misc":{"Est. reading time":"1 minute"},"schema":{"@context":"https:\/\/schema.org","@graph":[{"@type":"WebPage","@id":"https:\/\/medicinasinc.com\/sk\/product\/buy-lsd-100mcg-blotters\/","url":"https:\/\/medicinasinc.com\/sk\/product\/buy-lsd-100mcg-blotters\/","name":"K\u00fapte si LSD 100 mcg BLOTTERS \u2013 najlep\u0161ie najlep\u0161ie glob\u00e1lne lieky","isPartOf":{"@id":"https:\/\/medicinasinc.com\/sk\/#website"},"primaryImageOfPage":{"@id":"https:\/\/medicinasinc.com\/sk\/product\/buy-lsd-100mcg-blotters\/#primaryimage"},"image":{"@id":"https:\/\/medicinasinc.com\/sk\/product\/buy-lsd-100mcg-blotters\/#primaryimage"},"thumbnailUrl":"https:\/\/medicinasinc.com\/sk\/wp-content\/uploads\/sites\/10\/2022\/02\/Buy-LSD-100mcg-blotters-1.jpg","datePublished":"2022-02-20T17:01:48+00:00","dateModified":"2022-03-22T01:14:11+00:00","description":"K\u00fapte si pijavice LSD 100 mcg v Eur\u00f3pe, Spojenom kr\u00e1\u013eovstve, na predaj 1-propionyl-LSD (aka 1P-LSD pijavice) za skvel\u00fa cenu. Kliknite na web a objednajte si e\u0161te dnes!","breadcrumb":{"@id":"https:\/\/medicinasinc.com\/sk\/product\/buy-lsd-100mcg-blotters\/#breadcrumb"},"inLanguage":"en-US","potentialAction":[{"@type":"ReadAction","target":["https:\/\/medicinasinc.com\/sk\/product\/buy-lsd-100mcg-blotters\/"]}]},{"@type":"ImageObject","inLanguage":"en-US","@id":"https:\/\/medicinasinc.com\/sk\/product\/buy-lsd-100mcg-blotters\/#primaryimage","url":"https:\/\/medicinasinc.com\/sk\/wp-content\/uploads\/sites\/10\/2022\/02\/Buy-LSD-100mcg-blotters-1.jpg","contentUrl":"https:\/\/medicinasinc.com\/sk\/wp-content\/uploads\/sites\/10\/2022\/02\/Buy-LSD-100mcg-blotters-1.jpg","width":960,"height":720},{"@type":"BreadcrumbList","@id":"https:\/\/medicinasinc.com\/sk\/product\/buy-lsd-100mcg-blotters\/#breadcrumb","itemListElement":[{"@type":"ListItem","position":1,"name":"Obchod","item":"https:\/\/medicinasinc.com\/sk\/obchod\/"},{"@type":"ListItem","position":2,"name":"K\u00fapte si LSD 100 mcg BLOTTERS"}]},{"@type":"WebSite","@id":"https:\/\/medicinasinc.com\/sk\/#website","url":"https:\/\/medicinasinc.com\/sk\/","name":"Medicinas Inc","description":"Health Medical Clinic","potentialAction":[{"@type":"SearchAction","target":{"@type":"EntryPoint","urlTemplate":"https:\/\/medicinasinc.com\/sk\/?s={search_term_string}"},"query-input":{"@type":"PropertyValueSpecification","valueRequired":true,"valueName":"search_term_string"}}],"inLanguage":"en-US"}]}},"_links":{"self":[{"href":"https:\/\/medicinasinc.com\/sk\/wp-json\/wp\/v2\/product\/4861","targetHints":{"allow":["GET"]}}],"collection":[{"href":"https:\/\/medicinasinc.com\/sk\/wp-json\/wp\/v2\/product"}],"about":[{"href":"https:\/\/medicinasinc.com\/sk\/wp-json\/wp\/v2\/types\/product"}],"replies":[{"embeddable":true,"href":"https:\/\/medicinasinc.com\/sk\/wp-json\/wp\/v2\/comments?post=4861"}],"wp:featuredmedia":[{"embeddable":true,"href":"https:\/\/medicinasinc.com\/sk\/wp-json\/wp\/v2\/media\/4876"}],"wp:attachment":[{"href":"https:\/\/medicinasinc.com\/sk\/wp-json\/wp\/v2\/media?parent=4861"}],"wp:term":[{"taxonomy":"product_brand","embeddable":true,"href":"https:\/\/medicinasinc.com\/sk\/wp-json\/wp\/v2\/product_brand?post=4861"},{"taxonomy":"product_cat","embeddable":true,"href":"https:\/\/medicinasinc.com\/sk\/wp-json\/wp\/v2\/product_cat?post=4861"},{"taxonomy":"product_tag","embeddable":true,"href":"https:\/\/medicinasinc.com\/sk\/wp-json\/wp\/v2\/product_tag?post=4861"}],"curies":[{"name":"wp","href":"https:\/\/api.w.org\/{rel}","templated":true}]}}