{"id":4854,"date":"2022-02-20T16:56:44","date_gmt":"2022-02-20T16:56:44","guid":{"rendered":"https:\/\/medicinasinc.com\/sk\/?post_type=product&#038;p=4854"},"modified":"2022-03-22T01:14:28","modified_gmt":"2022-03-22T01:14:28","slug":"buy-lsd-liquid-200ug-drop","status":"publish","type":"product","link":"https:\/\/medicinasinc.com\/sk\/product\/buy-lsd-liquid-200ug-drop\/","title":{"rendered":"K\u00fapte si tekut\u00e9 LSD 200ug Drop"},"content":{"rendered":"<p>K\u00fapi\u0165 tekut\u00e9 LSD 200 ug &amp; predaj online za z\u013eavnen\u00fa cenu.<\/p>\n<p>\u010co je tekut\u00e9 LSD?<\/p>\n<p>LSD alebo dietylamid kyseliny lysergovej je halucinog\u00e9nna l\u00e1tka odvoden\u00e1 od chemik\u00e1lie, ktor\u00e1 sa nach\u00e1dza v ra\u017enej hube. Najzn\u00e1mej\u0161ie je jeho pou\u017eitie v kontrakult\u00fare 60. rokov a jeho n\u00e1sledn\u00fd z\u00e1kaz mu priniesol preva\u017ene negat\u00edvnu poves\u0165.<\/p>\n<p>Albert Hofmann, \u0161vaj\u010diarsky vedec, syntetizoval LSD v roku 1938 vo svojom laborat\u00f3riu v Z\u00fcrichu. V roku 1943, ke\u010f sa jeho stopov\u00e9 mno\u017estvo dostalo do kontaktu s jeho poko\u017ekou, ne\u010dakane objavil jeho halucinog\u00e9nne vlastnosti.<\/p>\n<p>K\u00fapte si LSD LSD je vysoko \u00fa\u010dinn\u00fd halucinog\u00e9n s obrovsk\u00fdmi terapeutick\u00fdmi, duchovn\u00fdmi a kult\u00farnymi d\u00f4sledkami.<\/p>\n<p>K\u00fapte si tekut\u00e9 LSD 200 ug &amp; predaj online za z\u013eavnen\u00fa cenu \u2013 Farmakol\u00f3gia<\/p>\n<p>Pri po\u017eit\u00ed p\u00f4sob\u00ed LSD ako aktiv\u00e1tor 5-HT (seroton\u00ednov\u00e9ho) receptora a z\u00e1rove\u0148 v\u00fdznamne zvy\u0161uje hladiny seroton\u00ednu v mozgu inhib\u00edciou syst\u00e9mov reguluj\u00facich seroton\u00edn. K\u00fapte si tekut\u00e9 LSD 200 ug &amp; predaj online za z\u013eavnen\u00fa cenu. Cena 200 ug tekut\u00e9ho LSD LSD LSD preferuje podtyp 2A z 15 seroton\u00ednov\u00fdch receptorov nach\u00e1dzaj\u00facich sa v mozgu (5-HT2A). 5-HT2A receptor sa podie\u013ea na kognit\u00edvnych procesoch prefront\u00e1lnej k\u00f4ry. To je kritick\u00e9, preto\u017ee mnoh\u00e9 v\u00fdhody LSD s\u00fa odvoden\u00e9 od jeho zapojenia do prefront\u00e1lneho kortexe.<\/p>\n<p>Ako sa syntetizuje LSD?<\/p>\n<p>V\u00fdroba LSD si vy\u017eaduje siln\u00e9 pracovn\u00e9 znalosti organickej ch\u00e9mie. plne vybaven\u00e9 laborat\u00f3rium (vr\u00e1tane mo\u017enosti sterilizova\u0165 vybavenie a pr\u00edstup do tmavej miestnosti) a nieko\u013eko chemik\u00e1li\u00ed, ktor\u00fdch predaj je bu\u010f v s\u00fa\u010dasnosti zak\u00e1zan\u00fd, alebo s\u00fa pr\u00edsne monitorovan\u00e9 Agent\u00farou na presadzovanie drog (DEA). Na rozdiel od chemik\u00e1li\u00ed pou\u017e\u00edvan\u00fdch na v\u00fdrobu metamfetam\u00ednu sa nenach\u00e1dzaj\u00fa v be\u017ene pou\u017e\u00edvan\u00fdch predmetoch pre dom\u00e1cnos\u0165.<\/p>\n<p>Prefront\u00e1lny kortex sa pova\u017euje za zapojen\u00fd do komplexn\u00e9ho pl\u00e1novania kognit\u00edvneho spr\u00e1vania, vyjadrovania osobnosti, rozhodovania a moderovania soci\u00e1lneho spr\u00e1vania . K\u00fapte si tekut\u00e9 LSD 200 ug &amp; predaj online za z\u013eavnen\u00fa cenu. Okrem toho je rozhoduj\u00faca pre schopnos\u0165 \u010dloveka spracov\u00e1va\u0165 \u00fadaje zo v\u0161etk\u00fdch ostatn\u00fdch mozgov\u00fdch syst\u00e9mov a v d\u00f4sledku toho robi\u0165 cielen\u00e9 rozhodnutia.<\/p>\n<p>Dietylamid kyseliny lysergovej, be\u017enej\u0161ie ozna\u010dovan\u00fd ako LSD, je psychoakt\u00edvna l\u00e1tka, ktor\u00e1 men\u00ed vn\u00edmanie a sp\u00f4sobuje halucin\u00e1cie.<\/p>\n","protected":false},"excerpt":{"rendered":"<p>LSD Liquid 200ug drop na predaj vo Ve\u013ekej Brit\u00e1nii, Eur\u00f3pe za najlep\u0161iu trhov\u00fa cenu. V\u0161etky na\u0161e produkty s\u00fa vyroben\u00e9 z \u010disto pr\u00edrodn\u00fdch ingredienci\u00ed bez THC. Objednajte si teraz online!<\/p>\n<p>K\u00fapte si tekut\u00e9 lsd 200 ug &amp; predaj online za z\u013eavnen\u00fa cenu. N\u00e1kup LSD je jednoduch\u00fd proces; je \u013eahko dostupn\u00fd online v Spojen\u00fdch \u0161t\u00e1toch americk\u00fdch.<\/p>\n<p>200 ug stoj\u00ed &#8211; 350<\/p>\n<p>&nbsp;<\/p>\n<p>&nbsp;<\/p>\n","protected":false},"featured_media":4868,"comment_status":"open","ping_status":"closed","template":"","meta":[],"product_brand":[],"product_cat":[703],"product_tag":[],"class_list":{"0":"post-4854","1":"product","2":"type-product","3":"status-publish","4":"has-post-thumbnail","6":"product_cat-kpi-psychedelick-drogy","8":"first","9":"instock","10":"shipping-taxable","11":"purchasable","12":"product-type-simple"},"yoast_head":"<!-- This site is optimized with the Yoast SEO plugin v27.3 - https:\/\/yoast.com\/product\/yoast-seo-wordpress\/ -->\n<title>K\u00fapi\u0165 tekut\u00fd LSD 200ug Drop - najlep\u0161ie najlep\u0161ie glob\u00e1lne lieky<\/title>\n<meta name=\"description\" content=\"K\u00fapte si LSD Liquid 200ug drop vo Ve\u013ekej Brit\u00e1nii, Eur\u00f3pe na predaj za najlep\u0161iu trhov\u00fa cenu. V\u0161etky na\u0161e produkty s\u00fa vyroben\u00e9 z \u010disto pr\u00edrodn\u00fdch ingredienci\u00ed bez THC. Objednajte si teraz online!\" \/>\n<meta name=\"robots\" content=\"index, follow, max-snippet:-1, max-image-preview:large, max-video-preview:-1\" \/>\n<link rel=\"canonical\" href=\"https:\/\/medicinasinc.com\/sk\/product\/buy-lsd-liquid-200ug-drop\/\" \/>\n<meta property=\"og:locale\" content=\"en_US\" \/>\n<meta property=\"og:type\" content=\"article\" \/>\n<meta property=\"og:title\" content=\"K\u00fapi\u0165 tekut\u00fd LSD 200ug Drop - najlep\u0161ie najlep\u0161ie glob\u00e1lne lieky\" \/>\n<meta property=\"og:description\" content=\"K\u00fapte si LSD Liquid 200ug drop vo Ve\u013ekej Brit\u00e1nii, Eur\u00f3pe na predaj za najlep\u0161iu trhov\u00fa cenu. V\u0161etky na\u0161e produkty s\u00fa vyroben\u00e9 z \u010disto pr\u00edrodn\u00fdch ingredienci\u00ed bez THC. Objednajte si teraz online!\" \/>\n<meta property=\"og:url\" content=\"https:\/\/medicinasinc.com\/sk\/product\/buy-lsd-liquid-200ug-drop\/\" \/>\n<meta property=\"og:site_name\" content=\"Medicinas Inc\" \/>\n<meta property=\"article:modified_time\" content=\"2022-03-22T01:14:28+00:00\" \/>\n<meta property=\"og:image\" content=\"https:\/\/medicinasinc.com\/sk\/wp-content\/uploads\/sites\/10\/2022\/02\/Buy-LSD-liquid-200ug-Drop.jpg\" \/>\n\t<meta property=\"og:image:width\" content=\"363\" \/>\n\t<meta property=\"og:image:height\" content=\"445\" \/>\n\t<meta property=\"og:image:type\" content=\"image\/jpeg\" \/>\n<meta name=\"twitter:card\" content=\"summary_large_image\" \/>\n<meta name=\"twitter:label1\" content=\"Est. reading time\" \/>\n\t<meta name=\"twitter:data1\" content=\"2 minutes\" \/>\n<script type=\"application\/ld+json\" class=\"yoast-schema-graph\">{\"@context\":\"https:\\\/\\\/schema.org\",\"@graph\":[{\"@type\":\"WebPage\",\"@id\":\"https:\\\/\\\/medicinasinc.com\\\/sk\\\/product\\\/buy-lsd-liquid-200ug-drop\\\/\",\"url\":\"https:\\\/\\\/medicinasinc.com\\\/sk\\\/product\\\/buy-lsd-liquid-200ug-drop\\\/\",\"name\":\"K\u00fapi\u0165 tekut\u00fd LSD 200ug Drop - najlep\u0161ie najlep\u0161ie glob\u00e1lne lieky\",\"isPartOf\":{\"@id\":\"https:\\\/\\\/medicinasinc.com\\\/sk\\\/#website\"},\"primaryImageOfPage\":{\"@id\":\"https:\\\/\\\/medicinasinc.com\\\/sk\\\/product\\\/buy-lsd-liquid-200ug-drop\\\/#primaryimage\"},\"image\":{\"@id\":\"https:\\\/\\\/medicinasinc.com\\\/sk\\\/product\\\/buy-lsd-liquid-200ug-drop\\\/#primaryimage\"},\"thumbnailUrl\":\"https:\\\/\\\/medicinasinc.com\\\/sk\\\/wp-content\\\/uploads\\\/sites\\\/10\\\/2022\\\/02\\\/Buy-LSD-liquid-200ug-Drop.jpg\",\"datePublished\":\"2022-02-20T16:56:44+00:00\",\"dateModified\":\"2022-03-22T01:14:28+00:00\",\"description\":\"K\u00fapte si LSD Liquid 200ug drop vo Ve\u013ekej Brit\u00e1nii, Eur\u00f3pe na predaj za najlep\u0161iu trhov\u00fa cenu. V\u0161etky na\u0161e produkty s\u00fa vyroben\u00e9 z \u010disto pr\u00edrodn\u00fdch ingredienci\u00ed bez THC. Objednajte si teraz online!\",\"breadcrumb\":{\"@id\":\"https:\\\/\\\/medicinasinc.com\\\/sk\\\/product\\\/buy-lsd-liquid-200ug-drop\\\/#breadcrumb\"},\"inLanguage\":\"en-US\",\"potentialAction\":[{\"@type\":\"ReadAction\",\"target\":[\"https:\\\/\\\/medicinasinc.com\\\/sk\\\/product\\\/buy-lsd-liquid-200ug-drop\\\/\"]}]},{\"@type\":\"ImageObject\",\"inLanguage\":\"en-US\",\"@id\":\"https:\\\/\\\/medicinasinc.com\\\/sk\\\/product\\\/buy-lsd-liquid-200ug-drop\\\/#primaryimage\",\"url\":\"https:\\\/\\\/medicinasinc.com\\\/sk\\\/wp-content\\\/uploads\\\/sites\\\/10\\\/2022\\\/02\\\/Buy-LSD-liquid-200ug-Drop.jpg\",\"contentUrl\":\"https:\\\/\\\/medicinasinc.com\\\/sk\\\/wp-content\\\/uploads\\\/sites\\\/10\\\/2022\\\/02\\\/Buy-LSD-liquid-200ug-Drop.jpg\",\"width\":363,\"height\":445},{\"@type\":\"BreadcrumbList\",\"@id\":\"https:\\\/\\\/medicinasinc.com\\\/sk\\\/product\\\/buy-lsd-liquid-200ug-drop\\\/#breadcrumb\",\"itemListElement\":[{\"@type\":\"ListItem\",\"position\":1,\"name\":\"Obchod\",\"item\":\"https:\\\/\\\/medicinasinc.com\\\/sk\\\/obchod\\\/\"},{\"@type\":\"ListItem\",\"position\":2,\"name\":\"K\u00fapte si tekut\u00e9 LSD 200ug Drop\"}]},{\"@type\":\"WebSite\",\"@id\":\"https:\\\/\\\/medicinasinc.com\\\/sk\\\/#website\",\"url\":\"https:\\\/\\\/medicinasinc.com\\\/sk\\\/\",\"name\":\"Medicinas Inc\",\"description\":\"Health Medical Clinic\",\"potentialAction\":[{\"@type\":\"SearchAction\",\"target\":{\"@type\":\"EntryPoint\",\"urlTemplate\":\"https:\\\/\\\/medicinasinc.com\\\/sk\\\/?s={search_term_string}\"},\"query-input\":{\"@type\":\"PropertyValueSpecification\",\"valueRequired\":true,\"valueName\":\"search_term_string\"}}],\"inLanguage\":\"en-US\"}]}<\/script>\n<!-- \/ Yoast SEO plugin. -->","yoast_head_json":{"title":"K\u00fapi\u0165 tekut\u00fd LSD 200ug Drop - najlep\u0161ie najlep\u0161ie glob\u00e1lne lieky","description":"K\u00fapte si LSD Liquid 200ug drop vo Ve\u013ekej Brit\u00e1nii, Eur\u00f3pe na predaj za najlep\u0161iu trhov\u00fa cenu. V\u0161etky na\u0161e produkty s\u00fa vyroben\u00e9 z \u010disto pr\u00edrodn\u00fdch ingredienci\u00ed bez THC. Objednajte si teraz online!","robots":{"index":"index","follow":"follow","max-snippet":"max-snippet:-1","max-image-preview":"max-image-preview:large","max-video-preview":"max-video-preview:-1"},"canonical":"https:\/\/medicinasinc.com\/sk\/product\/buy-lsd-liquid-200ug-drop\/","og_locale":"en_US","og_type":"article","og_title":"K\u00fapi\u0165 tekut\u00fd LSD 200ug Drop - najlep\u0161ie najlep\u0161ie glob\u00e1lne lieky","og_description":"K\u00fapte si LSD Liquid 200ug drop vo Ve\u013ekej Brit\u00e1nii, Eur\u00f3pe na predaj za najlep\u0161iu trhov\u00fa cenu. V\u0161etky na\u0161e produkty s\u00fa vyroben\u00e9 z \u010disto pr\u00edrodn\u00fdch ingredienci\u00ed bez THC. Objednajte si teraz online!","og_url":"https:\/\/medicinasinc.com\/sk\/product\/buy-lsd-liquid-200ug-drop\/","og_site_name":"Medicinas Inc","article_modified_time":"2022-03-22T01:14:28+00:00","og_image":[{"width":363,"height":445,"url":"https:\/\/medicinasinc.com\/sk\/wp-content\/uploads\/sites\/10\/2022\/02\/Buy-LSD-liquid-200ug-Drop.jpg","type":"image\/jpeg"}],"twitter_card":"summary_large_image","twitter_misc":{"Est. reading time":"2 minutes"},"schema":{"@context":"https:\/\/schema.org","@graph":[{"@type":"WebPage","@id":"https:\/\/medicinasinc.com\/sk\/product\/buy-lsd-liquid-200ug-drop\/","url":"https:\/\/medicinasinc.com\/sk\/product\/buy-lsd-liquid-200ug-drop\/","name":"K\u00fapi\u0165 tekut\u00fd LSD 200ug Drop - najlep\u0161ie najlep\u0161ie glob\u00e1lne lieky","isPartOf":{"@id":"https:\/\/medicinasinc.com\/sk\/#website"},"primaryImageOfPage":{"@id":"https:\/\/medicinasinc.com\/sk\/product\/buy-lsd-liquid-200ug-drop\/#primaryimage"},"image":{"@id":"https:\/\/medicinasinc.com\/sk\/product\/buy-lsd-liquid-200ug-drop\/#primaryimage"},"thumbnailUrl":"https:\/\/medicinasinc.com\/sk\/wp-content\/uploads\/sites\/10\/2022\/02\/Buy-LSD-liquid-200ug-Drop.jpg","datePublished":"2022-02-20T16:56:44+00:00","dateModified":"2022-03-22T01:14:28+00:00","description":"K\u00fapte si LSD Liquid 200ug drop vo Ve\u013ekej Brit\u00e1nii, Eur\u00f3pe na predaj za najlep\u0161iu trhov\u00fa cenu. V\u0161etky na\u0161e produkty s\u00fa vyroben\u00e9 z \u010disto pr\u00edrodn\u00fdch ingredienci\u00ed bez THC. Objednajte si teraz online!","breadcrumb":{"@id":"https:\/\/medicinasinc.com\/sk\/product\/buy-lsd-liquid-200ug-drop\/#breadcrumb"},"inLanguage":"en-US","potentialAction":[{"@type":"ReadAction","target":["https:\/\/medicinasinc.com\/sk\/product\/buy-lsd-liquid-200ug-drop\/"]}]},{"@type":"ImageObject","inLanguage":"en-US","@id":"https:\/\/medicinasinc.com\/sk\/product\/buy-lsd-liquid-200ug-drop\/#primaryimage","url":"https:\/\/medicinasinc.com\/sk\/wp-content\/uploads\/sites\/10\/2022\/02\/Buy-LSD-liquid-200ug-Drop.jpg","contentUrl":"https:\/\/medicinasinc.com\/sk\/wp-content\/uploads\/sites\/10\/2022\/02\/Buy-LSD-liquid-200ug-Drop.jpg","width":363,"height":445},{"@type":"BreadcrumbList","@id":"https:\/\/medicinasinc.com\/sk\/product\/buy-lsd-liquid-200ug-drop\/#breadcrumb","itemListElement":[{"@type":"ListItem","position":1,"name":"Obchod","item":"https:\/\/medicinasinc.com\/sk\/obchod\/"},{"@type":"ListItem","position":2,"name":"K\u00fapte si tekut\u00e9 LSD 200ug Drop"}]},{"@type":"WebSite","@id":"https:\/\/medicinasinc.com\/sk\/#website","url":"https:\/\/medicinasinc.com\/sk\/","name":"Medicinas Inc","description":"Health Medical Clinic","potentialAction":[{"@type":"SearchAction","target":{"@type":"EntryPoint","urlTemplate":"https:\/\/medicinasinc.com\/sk\/?s={search_term_string}"},"query-input":{"@type":"PropertyValueSpecification","valueRequired":true,"valueName":"search_term_string"}}],"inLanguage":"en-US"}]}},"_links":{"self":[{"href":"https:\/\/medicinasinc.com\/sk\/wp-json\/wp\/v2\/product\/4854","targetHints":{"allow":["GET"]}}],"collection":[{"href":"https:\/\/medicinasinc.com\/sk\/wp-json\/wp\/v2\/product"}],"about":[{"href":"https:\/\/medicinasinc.com\/sk\/wp-json\/wp\/v2\/types\/product"}],"replies":[{"embeddable":true,"href":"https:\/\/medicinasinc.com\/sk\/wp-json\/wp\/v2\/comments?post=4854"}],"wp:featuredmedia":[{"embeddable":true,"href":"https:\/\/medicinasinc.com\/sk\/wp-json\/wp\/v2\/media\/4868"}],"wp:attachment":[{"href":"https:\/\/medicinasinc.com\/sk\/wp-json\/wp\/v2\/media?parent=4854"}],"wp:term":[{"taxonomy":"product_brand","embeddable":true,"href":"https:\/\/medicinasinc.com\/sk\/wp-json\/wp\/v2\/product_brand?post=4854"},{"taxonomy":"product_cat","embeddable":true,"href":"https:\/\/medicinasinc.com\/sk\/wp-json\/wp\/v2\/product_cat?post=4854"},{"taxonomy":"product_tag","embeddable":true,"href":"https:\/\/medicinasinc.com\/sk\/wp-json\/wp\/v2\/product_tag?post=4854"}],"curies":[{"name":"wp","href":"https:\/\/api.w.org\/{rel}","templated":true}]}}