{"id":4849,"date":"2022-02-20T16:51:26","date_gmt":"2022-02-20T16:51:26","guid":{"rendered":"https:\/\/medicinasinc.com\/sk\/?post_type=product&#038;p=4849"},"modified":"2022-03-22T01:14:42","modified_gmt":"2022-03-22T01:14:42","slug":"kupit-ibogain-prasok","status":"publish","type":"product","link":"https:\/\/medicinasinc.com\/sk\/product\/kupit-ibogain-prasok\/","title":{"rendered":"K\u00fapte si iboga\u00ednov\u00fd pr\u00e1\u0161ok"},"content":{"rendered":"<p>Iboga\u00edn hydrochlorid<\/p>\n<p>Iboga\u00edn HCL je prirodzene sa vyskytuj\u00faca psychoakt\u00edvna l\u00e1tka nach\u00e1dzaj\u00faca sa v rastlin\u00e1ch patriacich do \u010de\u013eade Apocynaceae, vr\u00e1tane Tabernanthe iboga, Voacanga africana a Tabernaemontana undulata.<\/p>\n<p>Je to disociat\u00edvne psychedelick\u00e9. Predbe\u017en\u00fd v\u00fdskum nazna\u010duje, \u017ee m\u00f4\u017ee by\u0165 pr\u00ednosom pri lie\u010dbe drogovej z\u00e1vislosti. Ibogaine je mo\u017en\u00e9 zak\u00fapi\u0165. Ibogaine HCL je mo\u017en\u00e9 zak\u00fapi\u0165 online. Iboga\u00edn hydrochloridov\u00fd pr\u00e1\u0161ok. Iboga\u00edn je mo\u017en\u00e9 zak\u00fapi\u0165 online.<\/p>\n<p>Od roku 2016 je navy\u0161e k dispoz\u00edcii mno\u017estvo foriem iboga\u00ednu, od kore\u0148ov\u00e9ho pr\u00e1\u0161ku, ktor\u00fd obsahuje extr\u00e9mne stopov\u00e9 mno\u017estv\u00e1 iboga\u00ednu a m\u00e1 ve\u013emi mal\u00fd \u00fa\u010dinok, ke\u010f sa pou\u017e\u00edva na zmiernenie opioidov. abstinen\u010dn\u00e9 pr\u00edznaky, a\u017e po vysoko \u010disten\u00fd, 99,7 percent \u010dist\u00fd iboga\u00edn HCL. Iboga\u00edn HCL na predaj online<\/p>\n<p>Iboga\u00edn hydrochlorid na predaj<\/p>\n<p>Na za\u010diatok pou\u017e\u00edvame 99,7 % \u010dist\u00fd iboga\u00edn HCL farmaceutickej kvality v lie\u010debnom centre pre iboga\u00edn spolo\u010dnosti Meds Consulting. Nepou\u017e\u00edvame lacn\u00fd polosyntetick\u00fd iboga\u00edn odvoden\u00fd z Voacanga africana, ani extrakty TA (celkov\u00fd alkaloid) alebo PTA (\u010disten\u00fd celkov\u00fd alkaloid). Ibogaine je mo\u017en\u00e9 zak\u00fapi\u0165 online.<\/p>\n<p>Na\u0161e suroviny poch\u00e1dzaj\u00fa z Kamerunu (nie z Gabonu), prostredn\u00edctvom farm\u00e1rskeho dru\u017estva, ktor\u00e9 pestuje TA ibogu pre na\u0161e potreby od polovice 90. rokov, pri\u010dom vyu\u017e\u00edva ekologick\u00e9 a udr\u017eate\u013en\u00e9 po\u013enohospod\u00e1rstvo prakt\u00edk. Nepou\u017e\u00edvame materi\u00e1ly z \u010dierneho alebo \u0161ed\u00e9ho trhu, ktor\u00e9 s\u00fa nezn\u00e1me z h\u013eadiska p\u00f4vodu alebo \u010distoty. Ibogaine HCL je mo\u017en\u00e9 zak\u00fapi\u0165 online.<\/p>\n<p>N\u00e1\u0161 ibogain hydrochlorid bol vyroben\u00fd v laborat\u00f3riu vyhovuj\u00facom cGMP, ktor\u00e9 je v s\u00falade so v\u0161etk\u00fdmi smernicami USFDA. Meds Consulting pou\u017e\u00edva naj\u010distej\u0161\u00ed dostupn\u00fd Ibogaine HCL pri pou\u017eit\u00ed ch\u00e9mie pr\u00edrodn\u00fdch produktov; na\u0161e materi\u00e1ly s\u00fa certifikovan\u00e9 na 99,7% \u010distotu pomocou HPLC testu.<\/p>\n<p>Psychoakt\u00edvne vlastnosti ibogainu<\/p>\n<p>Na za\u010diatok, psychoakt\u00edvne vlastnosti ibogainu vytv\u00e1raj\u00fa lep\u0161\u00ed duchovn\u00fd z\u00e1\u017eitok. Pacient z\u00edska hlbok\u00fd vh\u013ead, ktor\u00fd mu poskytne jasnos\u0165 o jeho \u017eivote a motivuje ho k psychologick\u00fdm zmen\u00e1m a \u017eivotu bez drog. Iboga\u00edn je mo\u017en\u00e9 zak\u00fapi\u0165.<\/p>\n<p>Pod\u013ea \u0161t\u00fadi\u00ed m\u00e1 iboga\u00edn v\u00fdznamn\u00fd potenci\u00e1l pri lie\u010dbe z\u00e1vislost\u00ed od tvrd\u00fdch drog, ak\u00fdmi s\u00fa hero\u00edn, metad\u00f3n, koka\u00edn, crack a alkohol. Okrem toho existuj\u00fa d\u00f4kazy, \u017ee je prospe\u0161n\u00fd pri lie\u010dbe z\u00e1vislosti od tabaku. Iboga\u00edn je mo\u017en\u00e9 zak\u00fapi\u0165 online.<\/p>\n<p>Okrem toho iboga\u00edn poskytuje pr\u00edle\u017eitosti pre psychoterapiu a duchovn\u00e9ho u\u010dite\u013ea. Okrem toho m\u00f4\u017ee by\u0165 iboga\u00edn pou\u017eit\u00fd v psychoterapii na lie\u010dbu \u00fa\u010dinkov traumy alebo kondicionovania. Iboga\u00edn je mo\u017en\u00e9 zak\u00fapi\u0165.<\/p>\n<p>Je terapia \u00fa\u010dinn\u00e1 a bezpe\u010dn\u00e1?<\/p>\n<p>Jednotlivci ob\u010das h\u013eadaj\u00fa iboga\u00edn na predaj v n\u00e1deji, \u017ee podst\u00fapia iboga\u00ednov\u00fa terapiu z\u00e1vislosti od opi\u00e1tov. Ako pri ka\u017edej lie\u010dbe, ani terapia iboga\u00ednom v\u0161ak nezaru\u010duje \u00faspech. Najlep\u0161\u00ed pr\u00e1\u0161ok hydrochloridu iboga\u00ednu<\/p>\n<p>Terapiu ibogain HCL mo\u017eno navy\u0161e pou\u017ei\u0165 na pomoc jednotlivcovi pri prekonan\u00ed z\u00e1vislosti od opi\u00e1tov. Iboga\u00edn je mo\u017en\u00e9 zak\u00fapi\u0165.<\/p>\n<p>Okrem toho iboga\u00edn pom\u00e1ha obnovi\u0165 chemick\u00e9 hladiny v mozgu, ale mozog sa pomerne r\u00fdchlo st\u00e1va fyzicky z\u00e1visl\u00fdm od iboga\u00ednu. Ak teda jedinec skonzumuje nadmern\u00e9 mno\u017estvo iboga\u00ednu naraz, m\u00f4\u017ee utrpie\u0165 smrte\u013en\u00e9 pred\u00e1vkovanie. Iboga\u00edn je mo\u017en\u00e9 zak\u00fapi\u0165 online.<\/p>\n<p>Nie ka\u017ed\u00fd iboga\u00edn je stvoren\u00fd rovnako. R\u00f4zne materi\u00e1ly m\u00f4\u017eu ma\u0165 v\u00fdrazne odli\u0161n\u00e9 \u00fa\u010dinky. N\u00e1\u0161 iboga\u00edn je identick\u00fd s t\u00fdm, ktor\u00fd sa pou\u017e\u00edva vo v\u0161etk\u00fdch monografi\u00e1ch doteraz publikovan\u00fdch v recenzovan\u00fdch \u010dasopisoch, \u010do dokazuje predpokladan\u00fa schopnos\u0165 iboga\u00ednu zmierni\u0165 abstinen\u010dn\u00e9 sympt\u00f3my spojen\u00e9 s poruchami spojen\u00fdmi s u\u017e\u00edvan\u00edm viacer\u00fdch l\u00e1tok. Iboga\u00edn je mo\u017en\u00e9 zak\u00fapi\u0165 online.<\/p>\n<p>Poskytujeme celosvetovo najbezpe\u010dnej\u0161\u00ed a najefekt\u00edvnej\u0161\u00ed detoxika\u010dn\u00fd program iboga\u00ednu s pou\u017eit\u00edm naj\u010distej\u0161ieho ibogain hydrochloridu dostupn\u00e9ho na plan\u00e9te. Pr\u00e1\u0161ok hydrochloridu iboga\u00ednu.<\/p>\n","protected":false},"excerpt":{"rendered":"<div class=\"woocommerce-product-details__short-description\">\n<p>K\u00fapte si iboga\u00ednov\u00fd pr\u00e1\u0161ok z Afriky v Spojenom kr\u00e1\u013eovstve, Eur\u00f3pe na predaj na najlep\u0161ej webovej str\u00e1nke, Ibogaine na predaj online. Z\u00edskajte k\u00f4ry kore\u0148a iboga, iboga\u00edn hcl, iboga TA, iboga\u00ednov\u00fa kapsulu a voacangu na z\u00edskanie iboga\u00ednu.<\/p>\n<p>Iboga\u00edn HCL (hydrochlorid) je izolovan\u00fd z n\u00e1\u0161ho extraktu z Iboga TA a je ~95-99% \u010dist\u00fd iboga\u00edn HCL.<\/p>\n<\/p><\/div>\n","protected":false},"featured_media":4862,"comment_status":"open","ping_status":"closed","template":"","meta":[],"product_brand":[],"product_cat":[703],"product_tag":[725,726,727,728,733,734,735,739,740,736,741,729,731,732,730,742,737,743,738,744],"class_list":{"0":"post-4849","1":"product","2":"type-product","3":"status-publish","4":"has-post-thumbnail","6":"product_cat-kpi-psychedelick-drogy","7":"product_tag-bois-sacre","8":"product_tag-buy-iboga","9":"product_tag-buy-iboga-root-back","10":"product_tag-buy-iboga-root-bark","11":"product_tag-eboka","12":"product_tag-iboga-na-predaj","13":"product_tag-iboga-prok","14":"product_tag-iboga-root-bark-for-sale","15":"product_tag-iboga-root-bark-for-sale-online","16":"product_tag-iboga-root-back-for-sale","17":"product_tag-ibogaine-for-sale","18":"product_tag-kpi-iboga-kore-kra-c5tiepky","19":"product_tag-buy-ibogaine","20":"product_tag-kpi-ibogan-online","21":"product_tag-kpi-iboga-kore-kra-online","22":"product_tag-objednvka-iboga-online","23":"product_tag-iboga-kore-kra-tiepky-na-predaj","24":"product_tag-ist-iboga-prok-na-predaj","25":"product_tag-iboga-kore-kra-na-predaj","26":"product_tag-tabernanthe-iboga","28":"first","29":"instock","30":"shipping-taxable","31":"purchasable","32":"product-type-variable","33":"has-default-attributes"},"yoast_head":"<!-- This site is optimized with the Yoast SEO plugin v27.3 - https:\/\/yoast.com\/product\/yoast-seo-wordpress\/ -->\n<title>K\u00fapi\u0165 Ibogaine Powder - Iboga na predaj - Najlep\u0161ie najlep\u0161ie glob\u00e1lne lieky<\/title>\n<meta name=\"description\" content=\"K\u00fapte si iboga\u00ednov\u00fd pr\u00e1\u0161ok z Afriky vo Ve\u013ekej Brit\u00e1nii, Eur\u00f3pe na predaj z najlep\u0161\u00edch webov\u00fdch str\u00e1nok, iboga\u00edn na predaj online. Z\u00edskajte k\u00f4ry z kore\u0148ov Iboga, Ibogaine hcl, Iboga TA, Ibogaine kapsuly a voacanga na z\u00edskanie ibogaine.\" \/>\n<meta name=\"robots\" content=\"index, follow, max-snippet:-1, max-image-preview:large, max-video-preview:-1\" \/>\n<link rel=\"canonical\" href=\"https:\/\/medicinasinc.com\/sk\/product\/kupit-ibogain-prasok\/\" \/>\n<meta property=\"og:locale\" content=\"en_US\" \/>\n<meta property=\"og:type\" content=\"article\" \/>\n<meta property=\"og:title\" content=\"K\u00fapi\u0165 Ibogaine Powder - Iboga na predaj - Najlep\u0161ie najlep\u0161ie glob\u00e1lne lieky\" \/>\n<meta property=\"og:description\" content=\"K\u00fapte si iboga\u00ednov\u00fd pr\u00e1\u0161ok z Afriky vo Ve\u013ekej Brit\u00e1nii, Eur\u00f3pe na predaj z najlep\u0161\u00edch webov\u00fdch str\u00e1nok, iboga\u00edn na predaj online. Z\u00edskajte k\u00f4ry z kore\u0148ov Iboga, Ibogaine hcl, Iboga TA, Ibogaine kapsuly a voacanga na z\u00edskanie ibogaine.\" \/>\n<meta property=\"og:url\" content=\"https:\/\/medicinasinc.com\/sk\/product\/kupit-ibogain-prasok\/\" \/>\n<meta property=\"og:site_name\" content=\"Medicinas Inc\" \/>\n<meta property=\"article:modified_time\" content=\"2022-03-22T01:14:42+00:00\" \/>\n<meta property=\"og:image\" content=\"https:\/\/medicinasinc.com\/sk\/wp-content\/uploads\/sites\/10\/2022\/02\/Buy-Ibogaine-Powder.webp\" \/>\n\t<meta property=\"og:image:width\" content=\"400\" \/>\n\t<meta property=\"og:image:height\" content=\"533\" \/>\n\t<meta property=\"og:image:type\" content=\"image\/webp\" \/>\n<meta name=\"twitter:card\" content=\"summary_large_image\" \/>\n<meta name=\"twitter:label1\" content=\"Est. reading time\" \/>\n\t<meta name=\"twitter:data1\" content=\"3 minutes\" \/>\n<script type=\"application\/ld+json\" class=\"yoast-schema-graph\">{\"@context\":\"https:\\\/\\\/schema.org\",\"@graph\":[{\"@type\":\"WebPage\",\"@id\":\"https:\\\/\\\/medicinasinc.com\\\/sk\\\/product\\\/kupit-ibogain-prasok\\\/\",\"url\":\"https:\\\/\\\/medicinasinc.com\\\/sk\\\/product\\\/kupit-ibogain-prasok\\\/\",\"name\":\"K\u00fapi\u0165 Ibogaine Powder - Iboga na predaj - Najlep\u0161ie najlep\u0161ie glob\u00e1lne lieky\",\"isPartOf\":{\"@id\":\"https:\\\/\\\/medicinasinc.com\\\/sk\\\/#website\"},\"primaryImageOfPage\":{\"@id\":\"https:\\\/\\\/medicinasinc.com\\\/sk\\\/product\\\/kupit-ibogain-prasok\\\/#primaryimage\"},\"image\":{\"@id\":\"https:\\\/\\\/medicinasinc.com\\\/sk\\\/product\\\/kupit-ibogain-prasok\\\/#primaryimage\"},\"thumbnailUrl\":\"https:\\\/\\\/medicinasinc.com\\\/sk\\\/wp-content\\\/uploads\\\/sites\\\/10\\\/2022\\\/02\\\/Buy-Ibogaine-Powder.webp\",\"datePublished\":\"2022-02-20T16:51:26+00:00\",\"dateModified\":\"2022-03-22T01:14:42+00:00\",\"description\":\"K\u00fapte si iboga\u00ednov\u00fd pr\u00e1\u0161ok z Afriky vo Ve\u013ekej Brit\u00e1nii, Eur\u00f3pe na predaj z najlep\u0161\u00edch webov\u00fdch str\u00e1nok, iboga\u00edn na predaj online. Z\u00edskajte k\u00f4ry z kore\u0148ov Iboga, Ibogaine hcl, Iboga TA, Ibogaine kapsuly a voacanga na z\u00edskanie ibogaine.\",\"breadcrumb\":{\"@id\":\"https:\\\/\\\/medicinasinc.com\\\/sk\\\/product\\\/kupit-ibogain-prasok\\\/#breadcrumb\"},\"inLanguage\":\"en-US\",\"potentialAction\":[{\"@type\":\"ReadAction\",\"target\":[\"https:\\\/\\\/medicinasinc.com\\\/sk\\\/product\\\/kupit-ibogain-prasok\\\/\"]}]},{\"@type\":\"ImageObject\",\"inLanguage\":\"en-US\",\"@id\":\"https:\\\/\\\/medicinasinc.com\\\/sk\\\/product\\\/kupit-ibogain-prasok\\\/#primaryimage\",\"url\":\"https:\\\/\\\/medicinasinc.com\\\/sk\\\/wp-content\\\/uploads\\\/sites\\\/10\\\/2022\\\/02\\\/Buy-Ibogaine-Powder.webp\",\"contentUrl\":\"https:\\\/\\\/medicinasinc.com\\\/sk\\\/wp-content\\\/uploads\\\/sites\\\/10\\\/2022\\\/02\\\/Buy-Ibogaine-Powder.webp\",\"width\":400,\"height\":533},{\"@type\":\"BreadcrumbList\",\"@id\":\"https:\\\/\\\/medicinasinc.com\\\/sk\\\/product\\\/kupit-ibogain-prasok\\\/#breadcrumb\",\"itemListElement\":[{\"@type\":\"ListItem\",\"position\":1,\"name\":\"Obchod\",\"item\":\"https:\\\/\\\/medicinasinc.com\\\/sk\\\/obchod\\\/\"},{\"@type\":\"ListItem\",\"position\":2,\"name\":\"K\u00fapte si iboga\u00ednov\u00fd pr\u00e1\u0161ok\"}]},{\"@type\":\"WebSite\",\"@id\":\"https:\\\/\\\/medicinasinc.com\\\/sk\\\/#website\",\"url\":\"https:\\\/\\\/medicinasinc.com\\\/sk\\\/\",\"name\":\"Medicinas Inc\",\"description\":\"Health Medical Clinic\",\"potentialAction\":[{\"@type\":\"SearchAction\",\"target\":{\"@type\":\"EntryPoint\",\"urlTemplate\":\"https:\\\/\\\/medicinasinc.com\\\/sk\\\/?s={search_term_string}\"},\"query-input\":{\"@type\":\"PropertyValueSpecification\",\"valueRequired\":true,\"valueName\":\"search_term_string\"}}],\"inLanguage\":\"en-US\"}]}<\/script>\n<!-- \/ Yoast SEO plugin. -->","yoast_head_json":{"title":"K\u00fapi\u0165 Ibogaine Powder - Iboga na predaj - Najlep\u0161ie najlep\u0161ie glob\u00e1lne lieky","description":"K\u00fapte si iboga\u00ednov\u00fd pr\u00e1\u0161ok z Afriky vo Ve\u013ekej Brit\u00e1nii, Eur\u00f3pe na predaj z najlep\u0161\u00edch webov\u00fdch str\u00e1nok, iboga\u00edn na predaj online. Z\u00edskajte k\u00f4ry z kore\u0148ov Iboga, Ibogaine hcl, Iboga TA, Ibogaine kapsuly a voacanga na z\u00edskanie ibogaine.","robots":{"index":"index","follow":"follow","max-snippet":"max-snippet:-1","max-image-preview":"max-image-preview:large","max-video-preview":"max-video-preview:-1"},"canonical":"https:\/\/medicinasinc.com\/sk\/product\/kupit-ibogain-prasok\/","og_locale":"en_US","og_type":"article","og_title":"K\u00fapi\u0165 Ibogaine Powder - Iboga na predaj - Najlep\u0161ie najlep\u0161ie glob\u00e1lne lieky","og_description":"K\u00fapte si iboga\u00ednov\u00fd pr\u00e1\u0161ok z Afriky vo Ve\u013ekej Brit\u00e1nii, Eur\u00f3pe na predaj z najlep\u0161\u00edch webov\u00fdch str\u00e1nok, iboga\u00edn na predaj online. Z\u00edskajte k\u00f4ry z kore\u0148ov Iboga, Ibogaine hcl, Iboga TA, Ibogaine kapsuly a voacanga na z\u00edskanie ibogaine.","og_url":"https:\/\/medicinasinc.com\/sk\/product\/kupit-ibogain-prasok\/","og_site_name":"Medicinas Inc","article_modified_time":"2022-03-22T01:14:42+00:00","og_image":[{"width":400,"height":533,"url":"https:\/\/medicinasinc.com\/sk\/wp-content\/uploads\/sites\/10\/2022\/02\/Buy-Ibogaine-Powder.webp","type":"image\/webp"}],"twitter_card":"summary_large_image","twitter_misc":{"Est. reading time":"3 minutes"},"schema":{"@context":"https:\/\/schema.org","@graph":[{"@type":"WebPage","@id":"https:\/\/medicinasinc.com\/sk\/product\/kupit-ibogain-prasok\/","url":"https:\/\/medicinasinc.com\/sk\/product\/kupit-ibogain-prasok\/","name":"K\u00fapi\u0165 Ibogaine Powder - Iboga na predaj - Najlep\u0161ie najlep\u0161ie glob\u00e1lne lieky","isPartOf":{"@id":"https:\/\/medicinasinc.com\/sk\/#website"},"primaryImageOfPage":{"@id":"https:\/\/medicinasinc.com\/sk\/product\/kupit-ibogain-prasok\/#primaryimage"},"image":{"@id":"https:\/\/medicinasinc.com\/sk\/product\/kupit-ibogain-prasok\/#primaryimage"},"thumbnailUrl":"https:\/\/medicinasinc.com\/sk\/wp-content\/uploads\/sites\/10\/2022\/02\/Buy-Ibogaine-Powder.webp","datePublished":"2022-02-20T16:51:26+00:00","dateModified":"2022-03-22T01:14:42+00:00","description":"K\u00fapte si iboga\u00ednov\u00fd pr\u00e1\u0161ok z Afriky vo Ve\u013ekej Brit\u00e1nii, Eur\u00f3pe na predaj z najlep\u0161\u00edch webov\u00fdch str\u00e1nok, iboga\u00edn na predaj online. Z\u00edskajte k\u00f4ry z kore\u0148ov Iboga, Ibogaine hcl, Iboga TA, Ibogaine kapsuly a voacanga na z\u00edskanie ibogaine.","breadcrumb":{"@id":"https:\/\/medicinasinc.com\/sk\/product\/kupit-ibogain-prasok\/#breadcrumb"},"inLanguage":"en-US","potentialAction":[{"@type":"ReadAction","target":["https:\/\/medicinasinc.com\/sk\/product\/kupit-ibogain-prasok\/"]}]},{"@type":"ImageObject","inLanguage":"en-US","@id":"https:\/\/medicinasinc.com\/sk\/product\/kupit-ibogain-prasok\/#primaryimage","url":"https:\/\/medicinasinc.com\/sk\/wp-content\/uploads\/sites\/10\/2022\/02\/Buy-Ibogaine-Powder.webp","contentUrl":"https:\/\/medicinasinc.com\/sk\/wp-content\/uploads\/sites\/10\/2022\/02\/Buy-Ibogaine-Powder.webp","width":400,"height":533},{"@type":"BreadcrumbList","@id":"https:\/\/medicinasinc.com\/sk\/product\/kupit-ibogain-prasok\/#breadcrumb","itemListElement":[{"@type":"ListItem","position":1,"name":"Obchod","item":"https:\/\/medicinasinc.com\/sk\/obchod\/"},{"@type":"ListItem","position":2,"name":"K\u00fapte si iboga\u00ednov\u00fd pr\u00e1\u0161ok"}]},{"@type":"WebSite","@id":"https:\/\/medicinasinc.com\/sk\/#website","url":"https:\/\/medicinasinc.com\/sk\/","name":"Medicinas Inc","description":"Health Medical Clinic","potentialAction":[{"@type":"SearchAction","target":{"@type":"EntryPoint","urlTemplate":"https:\/\/medicinasinc.com\/sk\/?s={search_term_string}"},"query-input":{"@type":"PropertyValueSpecification","valueRequired":true,"valueName":"search_term_string"}}],"inLanguage":"en-US"}]}},"_links":{"self":[{"href":"https:\/\/medicinasinc.com\/sk\/wp-json\/wp\/v2\/product\/4849","targetHints":{"allow":["GET"]}}],"collection":[{"href":"https:\/\/medicinasinc.com\/sk\/wp-json\/wp\/v2\/product"}],"about":[{"href":"https:\/\/medicinasinc.com\/sk\/wp-json\/wp\/v2\/types\/product"}],"replies":[{"embeddable":true,"href":"https:\/\/medicinasinc.com\/sk\/wp-json\/wp\/v2\/comments?post=4849"}],"wp:featuredmedia":[{"embeddable":true,"href":"https:\/\/medicinasinc.com\/sk\/wp-json\/wp\/v2\/media\/4862"}],"wp:attachment":[{"href":"https:\/\/medicinasinc.com\/sk\/wp-json\/wp\/v2\/media?parent=4849"}],"wp:term":[{"taxonomy":"product_brand","embeddable":true,"href":"https:\/\/medicinasinc.com\/sk\/wp-json\/wp\/v2\/product_brand?post=4849"},{"taxonomy":"product_cat","embeddable":true,"href":"https:\/\/medicinasinc.com\/sk\/wp-json\/wp\/v2\/product_cat?post=4849"},{"taxonomy":"product_tag","embeddable":true,"href":"https:\/\/medicinasinc.com\/sk\/wp-json\/wp\/v2\/product_tag?post=4849"}],"curies":[{"name":"wp","href":"https:\/\/api.w.org\/{rel}","templated":true}]}}