{"id":4848,"date":"2022-02-20T16:50:30","date_gmt":"2022-02-20T16:50:30","guid":{"rendered":"https:\/\/medicinasinc.com\/sk\/?post_type=product&#038;p=4848"},"modified":"2022-03-22T01:14:51","modified_gmt":"2022-03-22T01:14:51","slug":"kupit-ketamin-prasok","status":"publish","type":"product","link":"https:\/\/medicinasinc.com\/sk\/product\/kupit-ketamin-prasok\/","title":{"rendered":"K\u00fapte si ketam\u00ednov\u00fd pr\u00e1\u0161ok"},"content":{"rendered":"<p>Ketam\u00ednov\u00fd pr\u00e1\u0161ok je mo\u017en\u00e9 zak\u00fapi\u0165 online.<\/p>\n<p>K\u00fapte si ketam\u00ednov\u00fd pr\u00e1\u0161ok na zvl\u00e1danie poopera\u010dnej bolesti<br \/> Poopera\u010dn\u00e1 boles\u0165 sa objavuje po ve\u013ekom chirurgickom z\u00e1kroku, ktor\u00fd zah\u0155\u0148a inc\u00edziu a \u0161tepenie. M\u00f4\u017ee pretrv\u00e1va\u0165 dva a\u017e p\u00e4\u0165 dn\u00ed a na jeho odstr\u00e1nenie je potrebn\u00e1 spr\u00e1vna lie\u010dba. Nedostato\u010dn\u00e1 kontrola m\u00f4\u017ee ma\u0165 za n\u00e1sledok nehybnos\u0165, \u0165a\u017e\u0161ie obnovenie funkcie a oneskoren\u00e9 zotavenie. Cie\u013eom je zmierni\u0165 nepohodlie s \u010do najmen\u0161\u00edm po\u010dtom ved\u013eaj\u0161\u00edch \u00fa\u010dinkov. Napriek dlhoro\u010dn\u00fdm pokrokom v lie\u010dbe bolesti, prim\u00e1rnou zlo\u017ekou poopera\u010dnej terapie zost\u00e1vaj\u00fa anestetik\u00e1, ako je napr\u00edklad ketam\u00ednov\u00fd pr\u00e1\u0161ok na predaj. Via\u017eu sa na receptory centr\u00e1lneho nervov\u00e9ho syst\u00e9mu a inhibuj\u00fa prenos sign\u00e1lov bolesti. M\u00e1 r\u00fdchly n\u00e1stup \u00fa\u010dinku a jednohodinov\u00e9 trvanie \u00fa\u010dinku. Osoby zodpovedn\u00e9 za pod\u00e1vanie lieku by mali zabezpe\u010di\u0165, aby nedo\u0161lo k \u017eiadnym smrte\u013en\u00fdm interakci\u00e1m.<\/p>\n<p>Najlep\u0161ie glob\u00e1lne lieky \u2013 jedin\u00fd a jedin\u00fd zdroj cenovo dostupn\u00e9ho ketam\u00ednov\u00e9ho pr\u00e1\u0161ku<br \/> \u0160irok\u00e1 \u0161k\u00e1la liekov na predpis je teraz dostupn\u00e1 bez pohybu a palec od miesta. V Best Global Meds si m\u00f4\u017eete objedna\u0165 ketam\u00ednov\u00fd pr\u00e1\u0161ok z pohodlia v\u00e1\u0161ho domova alebo kancel\u00e1rie. Sna\u017e\u00edme sa, aby online nakupovanie bolo pre na\u0161ich klientov jednoduch\u00e9 a bezpe\u010dn\u00e9. To je d\u00f4vod, pre\u010do akceptujeme r\u00f4zne sp\u00f4soby platby, vr\u00e1tane kryptomeny, a chr\u00e1nime inform\u00e1cie o va\u0161ej kreditnej karte prostredn\u00edctvom \u0161ifrovania kreditnej karty. Okrem toho je prepravn\u00fd postup bez rizika. Spolupracujeme s renomovan\u00fdmi prepravn\u00fdmi slu\u017ebami, aby sme zabezpe\u010dili va\u0161e lieky a poslali ich priamo k v\u00e1m domov.<\/p>\n<p>Ak m\u00e1te ak\u00e9ko\u013evek ot\u00e1zky t\u00fdkaj\u00face sa n\u00e1s alebo na\u0161ich produktov, kontaktujte niektor\u00e9ho z na\u0161ich ved\u00facich pracovn\u00edkov. Radi odpovieme na v\u0161etky va\u0161e ot\u00e1zky!<\/p>\n","protected":false},"excerpt":{"rendered":"<div class=\"woocommerce-product-details__short-description\">\n<p>K\u00fapi\u0165 ketam\u00ednov\u00fd pr\u00e1\u0161ok Doprava do Eur\u00f3pskej \u00fanie, platba cez bitcoiny. Ketam\u00ednov\u00fd pr\u00e1\u0161ok v z\u013eave &#8211; n\u00e1kup v\u00fdskumn\u00fdch chemik\u00e1li\u00ed v Eur\u00f3pe. Najv\u00e4\u010d\u0161\u00ed eur\u00f3psky maloobchodn\u00fd predajca ketam\u00ednov\u00e9ho pr\u00e1\u0161ku.<\/p>\n<p>Ketam\u00ednov\u00fd pr\u00e1\u0161ok je mo\u017en\u00e9 zak\u00fapi\u0165 online. K\u00fapte si ketam\u00ednov\u00fd HCL pr\u00e1\u0161ok online \u2013 K\u00fapte si ketam\u00ednov\u00fd pr\u00e1\u0161ok online \u2013 Objednajte si ketam\u00ednov\u00fd pr\u00e1\u0161ok<\/p>\n<\/p><\/div>\n","protected":false},"featured_media":4860,"comment_status":"open","ping_status":"closed","template":"","meta":[],"product_brand":[],"product_cat":[703],"product_tag":[],"class_list":{"0":"post-4848","1":"product","2":"type-product","3":"status-publish","4":"has-post-thumbnail","6":"product_cat-kpi-psychedelick-drogy","8":"first","9":"instock","10":"shipping-taxable","11":"purchasable","12":"product-type-variable","13":"has-default-attributes"},"yoast_head":"<!-- This site is optimized with the Yoast SEO plugin v27.3 - https:\/\/yoast.com\/product\/yoast-seo-wordpress\/ -->\n<title>K\u00fapi\u0165 ketam\u00ednov\u00fd pr\u00e1\u0161ok \u2013 ketam\u00ednov\u00fd v\u00fdpredaj Eur\u00f3pa \u2013 najlep\u0161ie najlep\u0161ie glob\u00e1lne lieky<\/title>\n<meta name=\"description\" content=\"K\u00fapi\u0165 ketam\u00ednov\u00fd pr\u00e1\u0161ok na predaj s dopravou E\u00da, platba bitcoinmi. Lacn\u00fd dod\u00e1vate\u013e ketam\u00ednov\u00e9ho pr\u00e1\u0161ku \u2013 nakupujte v\u00fdskumn\u00e9 chemik\u00e1lie v Eur\u00f3pe. Obchod s ketam\u00ednov\u00fdm pr\u00e1\u0161kom v Eur\u00f3pe.\" \/>\n<meta name=\"robots\" content=\"index, follow, max-snippet:-1, max-image-preview:large, max-video-preview:-1\" \/>\n<link rel=\"canonical\" href=\"https:\/\/medicinasinc.com\/sk\/product\/kupit-ketamin-prasok\/\" \/>\n<meta property=\"og:locale\" content=\"en_US\" \/>\n<meta property=\"og:type\" content=\"article\" \/>\n<meta property=\"og:title\" content=\"K\u00fapi\u0165 ketam\u00ednov\u00fd pr\u00e1\u0161ok \u2013 ketam\u00ednov\u00fd v\u00fdpredaj Eur\u00f3pa \u2013 najlep\u0161ie najlep\u0161ie glob\u00e1lne lieky\" \/>\n<meta property=\"og:description\" content=\"K\u00fapi\u0165 ketam\u00ednov\u00fd pr\u00e1\u0161ok na predaj s dopravou E\u00da, platba bitcoinmi. Lacn\u00fd dod\u00e1vate\u013e ketam\u00ednov\u00e9ho pr\u00e1\u0161ku \u2013 nakupujte v\u00fdskumn\u00e9 chemik\u00e1lie v Eur\u00f3pe. Obchod s ketam\u00ednov\u00fdm pr\u00e1\u0161kom v Eur\u00f3pe.\" \/>\n<meta property=\"og:url\" content=\"https:\/\/medicinasinc.com\/sk\/product\/kupit-ketamin-prasok\/\" \/>\n<meta property=\"og:site_name\" content=\"Medicinas Inc\" \/>\n<meta property=\"article:modified_time\" content=\"2022-03-22T01:14:51+00:00\" \/>\n<meta property=\"og:image\" content=\"https:\/\/medicinasinc.com\/sk\/wp-content\/uploads\/sites\/10\/2022\/02\/Buy-Ketamine-powder.jpg\" \/>\n\t<meta property=\"og:image:width\" content=\"900\" \/>\n\t<meta property=\"og:image:height\" content=\"675\" \/>\n\t<meta property=\"og:image:type\" content=\"image\/jpeg\" \/>\n<meta name=\"twitter:card\" content=\"summary_large_image\" \/>\n<meta name=\"twitter:label1\" content=\"Est. reading time\" \/>\n\t<meta name=\"twitter:data1\" content=\"2 minutes\" \/>\n<script type=\"application\/ld+json\" class=\"yoast-schema-graph\">{\"@context\":\"https:\\\/\\\/schema.org\",\"@graph\":[{\"@type\":\"WebPage\",\"@id\":\"https:\\\/\\\/medicinasinc.com\\\/sk\\\/product\\\/kupit-ketamin-prasok\\\/\",\"url\":\"https:\\\/\\\/medicinasinc.com\\\/sk\\\/product\\\/kupit-ketamin-prasok\\\/\",\"name\":\"K\u00fapi\u0165 ketam\u00ednov\u00fd pr\u00e1\u0161ok \u2013 ketam\u00ednov\u00fd v\u00fdpredaj Eur\u00f3pa \u2013 najlep\u0161ie najlep\u0161ie glob\u00e1lne lieky\",\"isPartOf\":{\"@id\":\"https:\\\/\\\/medicinasinc.com\\\/sk\\\/#website\"},\"primaryImageOfPage\":{\"@id\":\"https:\\\/\\\/medicinasinc.com\\\/sk\\\/product\\\/kupit-ketamin-prasok\\\/#primaryimage\"},\"image\":{\"@id\":\"https:\\\/\\\/medicinasinc.com\\\/sk\\\/product\\\/kupit-ketamin-prasok\\\/#primaryimage\"},\"thumbnailUrl\":\"https:\\\/\\\/medicinasinc.com\\\/sk\\\/wp-content\\\/uploads\\\/sites\\\/10\\\/2022\\\/02\\\/Buy-Ketamine-powder.jpg\",\"datePublished\":\"2022-02-20T16:50:30+00:00\",\"dateModified\":\"2022-03-22T01:14:51+00:00\",\"description\":\"K\u00fapi\u0165 ketam\u00ednov\u00fd pr\u00e1\u0161ok na predaj s dopravou E\u00da, platba bitcoinmi. Lacn\u00fd dod\u00e1vate\u013e ketam\u00ednov\u00e9ho pr\u00e1\u0161ku \u2013 nakupujte v\u00fdskumn\u00e9 chemik\u00e1lie v Eur\u00f3pe. Obchod s ketam\u00ednov\u00fdm pr\u00e1\u0161kom v Eur\u00f3pe.\",\"breadcrumb\":{\"@id\":\"https:\\\/\\\/medicinasinc.com\\\/sk\\\/product\\\/kupit-ketamin-prasok\\\/#breadcrumb\"},\"inLanguage\":\"en-US\",\"potentialAction\":[{\"@type\":\"ReadAction\",\"target\":[\"https:\\\/\\\/medicinasinc.com\\\/sk\\\/product\\\/kupit-ketamin-prasok\\\/\"]}]},{\"@type\":\"ImageObject\",\"inLanguage\":\"en-US\",\"@id\":\"https:\\\/\\\/medicinasinc.com\\\/sk\\\/product\\\/kupit-ketamin-prasok\\\/#primaryimage\",\"url\":\"https:\\\/\\\/medicinasinc.com\\\/sk\\\/wp-content\\\/uploads\\\/sites\\\/10\\\/2022\\\/02\\\/Buy-Ketamine-powder.jpg\",\"contentUrl\":\"https:\\\/\\\/medicinasinc.com\\\/sk\\\/wp-content\\\/uploads\\\/sites\\\/10\\\/2022\\\/02\\\/Buy-Ketamine-powder.jpg\",\"width\":900,\"height\":675},{\"@type\":\"BreadcrumbList\",\"@id\":\"https:\\\/\\\/medicinasinc.com\\\/sk\\\/product\\\/kupit-ketamin-prasok\\\/#breadcrumb\",\"itemListElement\":[{\"@type\":\"ListItem\",\"position\":1,\"name\":\"Obchod\",\"item\":\"https:\\\/\\\/medicinasinc.com\\\/sk\\\/obchod\\\/\"},{\"@type\":\"ListItem\",\"position\":2,\"name\":\"K\u00fapte si ketam\u00ednov\u00fd pr\u00e1\u0161ok\"}]},{\"@type\":\"WebSite\",\"@id\":\"https:\\\/\\\/medicinasinc.com\\\/sk\\\/#website\",\"url\":\"https:\\\/\\\/medicinasinc.com\\\/sk\\\/\",\"name\":\"Medicinas Inc\",\"description\":\"Health Medical Clinic\",\"potentialAction\":[{\"@type\":\"SearchAction\",\"target\":{\"@type\":\"EntryPoint\",\"urlTemplate\":\"https:\\\/\\\/medicinasinc.com\\\/sk\\\/?s={search_term_string}\"},\"query-input\":{\"@type\":\"PropertyValueSpecification\",\"valueRequired\":true,\"valueName\":\"search_term_string\"}}],\"inLanguage\":\"en-US\"}]}<\/script>\n<!-- \/ Yoast SEO plugin. -->","yoast_head_json":{"title":"K\u00fapi\u0165 ketam\u00ednov\u00fd pr\u00e1\u0161ok \u2013 ketam\u00ednov\u00fd v\u00fdpredaj Eur\u00f3pa \u2013 najlep\u0161ie najlep\u0161ie glob\u00e1lne lieky","description":"K\u00fapi\u0165 ketam\u00ednov\u00fd pr\u00e1\u0161ok na predaj s dopravou E\u00da, platba bitcoinmi. Lacn\u00fd dod\u00e1vate\u013e ketam\u00ednov\u00e9ho pr\u00e1\u0161ku \u2013 nakupujte v\u00fdskumn\u00e9 chemik\u00e1lie v Eur\u00f3pe. Obchod s ketam\u00ednov\u00fdm pr\u00e1\u0161kom v Eur\u00f3pe.","robots":{"index":"index","follow":"follow","max-snippet":"max-snippet:-1","max-image-preview":"max-image-preview:large","max-video-preview":"max-video-preview:-1"},"canonical":"https:\/\/medicinasinc.com\/sk\/product\/kupit-ketamin-prasok\/","og_locale":"en_US","og_type":"article","og_title":"K\u00fapi\u0165 ketam\u00ednov\u00fd pr\u00e1\u0161ok \u2013 ketam\u00ednov\u00fd v\u00fdpredaj Eur\u00f3pa \u2013 najlep\u0161ie najlep\u0161ie glob\u00e1lne lieky","og_description":"K\u00fapi\u0165 ketam\u00ednov\u00fd pr\u00e1\u0161ok na predaj s dopravou E\u00da, platba bitcoinmi. Lacn\u00fd dod\u00e1vate\u013e ketam\u00ednov\u00e9ho pr\u00e1\u0161ku \u2013 nakupujte v\u00fdskumn\u00e9 chemik\u00e1lie v Eur\u00f3pe. Obchod s ketam\u00ednov\u00fdm pr\u00e1\u0161kom v Eur\u00f3pe.","og_url":"https:\/\/medicinasinc.com\/sk\/product\/kupit-ketamin-prasok\/","og_site_name":"Medicinas Inc","article_modified_time":"2022-03-22T01:14:51+00:00","og_image":[{"width":900,"height":675,"url":"https:\/\/medicinasinc.com\/sk\/wp-content\/uploads\/sites\/10\/2022\/02\/Buy-Ketamine-powder.jpg","type":"image\/jpeg"}],"twitter_card":"summary_large_image","twitter_misc":{"Est. reading time":"2 minutes"},"schema":{"@context":"https:\/\/schema.org","@graph":[{"@type":"WebPage","@id":"https:\/\/medicinasinc.com\/sk\/product\/kupit-ketamin-prasok\/","url":"https:\/\/medicinasinc.com\/sk\/product\/kupit-ketamin-prasok\/","name":"K\u00fapi\u0165 ketam\u00ednov\u00fd pr\u00e1\u0161ok \u2013 ketam\u00ednov\u00fd v\u00fdpredaj Eur\u00f3pa \u2013 najlep\u0161ie najlep\u0161ie glob\u00e1lne lieky","isPartOf":{"@id":"https:\/\/medicinasinc.com\/sk\/#website"},"primaryImageOfPage":{"@id":"https:\/\/medicinasinc.com\/sk\/product\/kupit-ketamin-prasok\/#primaryimage"},"image":{"@id":"https:\/\/medicinasinc.com\/sk\/product\/kupit-ketamin-prasok\/#primaryimage"},"thumbnailUrl":"https:\/\/medicinasinc.com\/sk\/wp-content\/uploads\/sites\/10\/2022\/02\/Buy-Ketamine-powder.jpg","datePublished":"2022-02-20T16:50:30+00:00","dateModified":"2022-03-22T01:14:51+00:00","description":"K\u00fapi\u0165 ketam\u00ednov\u00fd pr\u00e1\u0161ok na predaj s dopravou E\u00da, platba bitcoinmi. Lacn\u00fd dod\u00e1vate\u013e ketam\u00ednov\u00e9ho pr\u00e1\u0161ku \u2013 nakupujte v\u00fdskumn\u00e9 chemik\u00e1lie v Eur\u00f3pe. Obchod s ketam\u00ednov\u00fdm pr\u00e1\u0161kom v Eur\u00f3pe.","breadcrumb":{"@id":"https:\/\/medicinasinc.com\/sk\/product\/kupit-ketamin-prasok\/#breadcrumb"},"inLanguage":"en-US","potentialAction":[{"@type":"ReadAction","target":["https:\/\/medicinasinc.com\/sk\/product\/kupit-ketamin-prasok\/"]}]},{"@type":"ImageObject","inLanguage":"en-US","@id":"https:\/\/medicinasinc.com\/sk\/product\/kupit-ketamin-prasok\/#primaryimage","url":"https:\/\/medicinasinc.com\/sk\/wp-content\/uploads\/sites\/10\/2022\/02\/Buy-Ketamine-powder.jpg","contentUrl":"https:\/\/medicinasinc.com\/sk\/wp-content\/uploads\/sites\/10\/2022\/02\/Buy-Ketamine-powder.jpg","width":900,"height":675},{"@type":"BreadcrumbList","@id":"https:\/\/medicinasinc.com\/sk\/product\/kupit-ketamin-prasok\/#breadcrumb","itemListElement":[{"@type":"ListItem","position":1,"name":"Obchod","item":"https:\/\/medicinasinc.com\/sk\/obchod\/"},{"@type":"ListItem","position":2,"name":"K\u00fapte si ketam\u00ednov\u00fd pr\u00e1\u0161ok"}]},{"@type":"WebSite","@id":"https:\/\/medicinasinc.com\/sk\/#website","url":"https:\/\/medicinasinc.com\/sk\/","name":"Medicinas Inc","description":"Health Medical Clinic","potentialAction":[{"@type":"SearchAction","target":{"@type":"EntryPoint","urlTemplate":"https:\/\/medicinasinc.com\/sk\/?s={search_term_string}"},"query-input":{"@type":"PropertyValueSpecification","valueRequired":true,"valueName":"search_term_string"}}],"inLanguage":"en-US"}]}},"_links":{"self":[{"href":"https:\/\/medicinasinc.com\/sk\/wp-json\/wp\/v2\/product\/4848","targetHints":{"allow":["GET"]}}],"collection":[{"href":"https:\/\/medicinasinc.com\/sk\/wp-json\/wp\/v2\/product"}],"about":[{"href":"https:\/\/medicinasinc.com\/sk\/wp-json\/wp\/v2\/types\/product"}],"replies":[{"embeddable":true,"href":"https:\/\/medicinasinc.com\/sk\/wp-json\/wp\/v2\/comments?post=4848"}],"wp:featuredmedia":[{"embeddable":true,"href":"https:\/\/medicinasinc.com\/sk\/wp-json\/wp\/v2\/media\/4860"}],"wp:attachment":[{"href":"https:\/\/medicinasinc.com\/sk\/wp-json\/wp\/v2\/media?parent=4848"}],"wp:term":[{"taxonomy":"product_brand","embeddable":true,"href":"https:\/\/medicinasinc.com\/sk\/wp-json\/wp\/v2\/product_brand?post=4848"},{"taxonomy":"product_cat","embeddable":true,"href":"https:\/\/medicinasinc.com\/sk\/wp-json\/wp\/v2\/product_cat?post=4848"},{"taxonomy":"product_tag","embeddable":true,"href":"https:\/\/medicinasinc.com\/sk\/wp-json\/wp\/v2\/product_tag?post=4848"}],"curies":[{"name":"wp","href":"https:\/\/api.w.org\/{rel}","templated":true}]}}