{"id":4829,"date":"2022-02-20T16:33:58","date_gmt":"2022-02-20T16:33:58","guid":{"rendered":"https:\/\/medicinasinc.com\/sk\/?post_type=product&#038;p=4829"},"modified":"2022-03-22T01:15:09","modified_gmt":"2022-03-22T01:15:09","slug":"buy-liquid-lsd","status":"publish","type":"product","link":"https:\/\/medicinasinc.com\/sk\/product\/buy-liquid-lsd\/","title":{"rendered":"K\u00fapte si tekut\u00e9 LSD"},"content":{"rendered":"<p>K\u00fapte si tekut\u00e9 LSD so z\u013eavou online<\/p>\n<p>Rovnako ako v pr\u00edpade Green Crack (a nezamie\u0148ajte si s LSD), aj kyselina je kme\u0148 pomenovan\u00fd po mierne psychoakt\u00edvnej l\u00e1tke. Ke\u010f vezmeme do \u00favahy v\u0161etky veci, Acid m\u00e1 silu a kombinuje protiintuit\u00edvne \u00fa\u010dinky s m\u00e4t\u00facou v\u00f4\u0148ou. Acid je kme\u0148 vyvinut\u00fd spolo\u010dnos\u0165ou Paradise Seeds, \u0161\u013eachtite\u013emi Delahaze a Sensi Star. Je odvoden\u00fd od dedi\u010dn\u00fdch vlastnost\u00ed najpopul\u00e1rnej\u0161ieho kme\u0148a New York Sour Diesel. Jeho p\u00f4vab mu vyniesol tretie miesto v \u0161panielskom Copa THC Valencia v roku 2016 za najlep\u0161iu kvetinu pestovan\u00fa v interi\u00e9ri. Obsah THC v \u017eieravine sa odhaduje na 16 a\u017e 23 %.<\/p>\n<p>\u017dierav\u00e9 osl\u0148uj\u00fa stredn\u00fdmi a\u017e obrovsk\u00fdmi odhadovan\u00fdmi kvetmi, ktor\u00e9 maj\u00fa \u010dlenit\u00fd r\u00fd\u013eovit\u00fd tvar, pripom\u00ednaj\u00faci miniat\u00farne viano\u010dn\u00e9 strom\u010deky, tiahnuce sa od \u0161irokej okr\u00fahlej z\u00e1kladne po \u0161picat\u00fd hrot. V\u010faka svojej kompaktnej, hustej \u0161trukt\u00fare s\u00fa tieto p\u00fa\u010diky nezamenite\u013ene dominantn\u00e9. Listy s\u00fa matne prerasten\u00e9 zelen\u00e9 a s\u00fa skr\u00faten\u00e9 vlnit\u00fdmi zemit\u00fdmi farebn\u00fdmi piestikmi. Nakoniec, trblietav\u00e9 biele trich\u00f3my pokr\u00fdvaj\u00fa vn\u00fatorn\u00fd a vonkaj\u0161\u00ed povrch kvetov Acid, dod\u00e1vaj\u00fa kme\u0148u psychoakt\u00edvne vlastnosti a mimoriadne s\u0165a\u017euj\u00fa oddelenie p\u00fa\u010dikov bez pomoci procesora.<\/p>\n<p>Ke\u010f sa Acid spr\u00e1vne uvo\u013en\u00ed, m\u00e1 mierne kysl\u00e1 v\u00f4\u0148a, ktor\u00fa kompenzuje ostr\u00fd citrusov\u00fd n\u00e1dych. Rovnako tak s\u00fa tu pevn\u00e9, pi\u017emov\u00e9 z\u00e1kladn\u00e9 t\u00f3ny pripom\u00ednaj\u00face vlhk\u00fa p\u00f4du a kadidlo. Medzit\u00fdm odde\u013eovanie alebo granulovanie t\u00fdchto hust\u00fdch kociek vytv\u00e1ra adstringentn\u00fd v\u00fdfukov\u00fd plyn, ktor\u00fd dod\u00e1va matersk\u00e9mu kme\u0148u New York Sour Diesel jeho ostr\u00fa a dobre zn\u00e1mu chu\u0165. Ke\u010f sa hor\u013eaviny zap\u00e1lia v potrub\u00ed alebo v spoji, kyselina produkuje hladk\u00fd, \u013eahko po\u017e\u00edvate\u013en\u00fd dym. Pri v\u00fddychu tento hust\u00fd dym zanech\u00e1va citr\u00f3nov\u00fa a naftov\u00fa pachu\u0165.<\/p>\n<p>\u017dierav\u00e9 \u00fa\u010dinky nastupuj\u00fa postupne a skres\u013euj\u00fa faj\u010diarovo vn\u00edmanie ich vonkaj\u0161\u00edch vylep\u0161en\u00ed. Niektor\u00e9 zvuky m\u00f4\u017eu by\u0165 zosilnen\u00e9, ako keby boli generovan\u00e9 v dozvukovej komore. Okrem toho m\u00f4\u017eu v\u00fdrazn\u00e9 t\u00f3ny a jasn\u00e9 svetl\u00e1 z\u00edska\u0165 nov\u00fd v\u00fdznam. Ke\u010f sa tieto hmatate\u013en\u00e9 \u00fa\u010dinky stan\u00fa ohromuj\u00face, za\u010dn\u00fa sa prejavova\u0165 \u017eiv\u0161ie halucinog\u00e9nne z\u00e1zraky, podobn\u00e9 skr\u00fateniu vn\u00fatorn\u00e9ho a vonkaj\u0161ieho vh\u013eadu a sol\u00eddnemu pocitu expanzie \u010dasu. U faj\u010diarov m\u00f4\u017ee \u010dasom d\u00f4js\u0165 k z\u00e1mern\u00e9mu za\u0165a\u017eeniu okolo sv\u00e4tyne a lymfatick\u00fdch org\u00e1nov, ako aj k miernemu zv\u00fd\u0161eniu slinenia. Tieto tria\u0161ky sa vyvin\u00fa do z\u00e1plav uvo\u013enenia, ktor\u00e9 putuje po chrbtici a von cez centr\u00e1lny nervov\u00fd syst\u00e9m a pr\u00edvesky. Hoci tieto uvo\u013e\u0148uj\u00face \u00fa\u010dinky nemusia \u00faplne znehybni\u0165 klientov, m\u00f4\u017eu sa c\u00edti\u0165 n\u00faten\u00ed uvo\u013eni\u0165 sa v najbli\u017e\u0161om pr\u00edjemnom prostred\u00ed.<\/p>\n<p>\u017dierav\u00e9 \u00fa\u010dinky s\u00fa tie\u017e charakterizovan\u00e9 mozgovou mentalitou, v ktorej sa faj\u010diar m\u00f4\u017ee sp\u00e1ja\u0165 s nezvy\u010dajn\u00fdmi my\u0161lienkami alebo n\u00e1padmi. , pova\u017eujem ich za fascinuj\u00facej\u0161ie, ne\u017e s\u00fa v ka\u017edom pr\u00edpade. Tak\u00e9to otvorene zn\u00e1me \u00favahy m\u00f4\u017eu by\u0165 \u00fa\u010dinnou met\u00f3dou na objavovanie nov\u00fdch rie\u0161en\u00ed zlo\u017eit\u00fdch probl\u00e9mov alebo na riadenie \u0161pecifick\u00fdch pracovn\u00fdch \u00faloh. Postupom \u010dasu \u2013 alebo so zvy\u0161uj\u00facim sa meran\u00edm \u2013 sa psychologick\u00e9 \u00fa\u010dinky kyseliny stan\u00fa \u00fa\u017easnej\u0161\u00edmi ako zrejm\u00fdmi, \u010d\u00edm sa ak\u00e1ko\u013evek predch\u00e1dzaj\u00faca \u00fa\u010dinnos\u0165 ru\u0161\u00ed. Kv\u00f4li jeho progres\u00edvnej strate energie si tento kme\u0148 najlep\u0161ie vychutn\u00e1te neskoro ve\u010der alebo v noci.<\/p>\n<p>Tekut\u00e9 LSD 200 ug\/kvapka, kyselina na predaj online, LSD na predaj online, n\u00e1kup lsd online, kyselina LSD na predaj online, internetov\u00fd obchod lsd, predaj tekut\u00fdch lsd, online predaj kyseliny<\/p>\n","protected":false},"excerpt":{"rendered":"<p>K\u00fapte si LSD online Liquid LSD, Details Lysergid (LSD) je polosyntetick\u00fd halucinog\u00e9n a je jednou z najsilnej\u0161\u00edch zn\u00e1mych drog. Rekrea\u010dn\u00e9 pou\u017eitie .<\/p>\n<p>Nakupujte lacn\u00e9 tekut\u00e9 LSD online. Origin\u00e1lne tekut\u00e9 LSD na predaj online | K\u00fapte si tekut\u00e9 LSD online | K\u00fapi\u0165 tekut\u00e9 LSD na predaj| K\u00fapte si lacn\u00e9 tekut\u00e9 LSD | Kde k\u00fapi\u0165 tekut\u00e9 LSD online<\/p>\n","protected":false},"featured_media":4842,"comment_status":"open","ping_status":"closed","template":"","meta":[],"product_brand":[],"product_cat":[703],"product_tag":[],"class_list":{"0":"post-4829","1":"product","2":"type-product","3":"status-publish","4":"has-post-thumbnail","6":"product_cat-kpi-psychedelick-drogy","8":"first","9":"instock","10":"shipping-taxable","11":"purchasable","12":"product-type-variable","13":"has-default-attributes"},"yoast_head":"<!-- This site is optimized with the Yoast SEO plugin v27.3 - https:\/\/yoast.com\/product\/yoast-seo-wordpress\/ -->\n<title>K\u00fapte si tekut\u00e9 LSD \u2013 najlep\u0161ie najlep\u0161ie glob\u00e1lne lieky<\/title>\n<meta name=\"description\" content=\"K\u00fapi\u0165 LSD online Liquid LSD, Details Lysergid (LSD) je polosyntetick\u00fd halucinog\u00e9n a je jednou z najsilnej\u0161\u00edch zn\u00e1mych drog. Rekrea\u010dn\u00e9 vyu\u017eitie.\" \/>\n<meta name=\"robots\" content=\"index, follow, max-snippet:-1, max-image-preview:large, max-video-preview:-1\" \/>\n<link rel=\"canonical\" href=\"https:\/\/medicinasinc.com\/sk\/product\/buy-liquid-lsd\/\" \/>\n<meta property=\"og:locale\" content=\"en_US\" \/>\n<meta property=\"og:type\" content=\"article\" \/>\n<meta property=\"og:title\" content=\"K\u00fapte si tekut\u00e9 LSD \u2013 najlep\u0161ie najlep\u0161ie glob\u00e1lne lieky\" \/>\n<meta property=\"og:description\" content=\"K\u00fapi\u0165 LSD online Liquid LSD, Details Lysergid (LSD) je polosyntetick\u00fd halucinog\u00e9n a je jednou z najsilnej\u0161\u00edch zn\u00e1mych drog. Rekrea\u010dn\u00e9 vyu\u017eitie.\" \/>\n<meta property=\"og:url\" content=\"https:\/\/medicinasinc.com\/sk\/product\/buy-liquid-lsd\/\" \/>\n<meta property=\"og:site_name\" content=\"Medicinas Inc\" \/>\n<meta property=\"article:modified_time\" content=\"2022-03-22T01:15:09+00:00\" \/>\n<meta property=\"og:image\" content=\"https:\/\/medicinasinc.com\/sk\/wp-content\/uploads\/sites\/10\/2022\/02\/Buy-Liquid-LSD.jpg\" \/>\n\t<meta property=\"og:image:width\" content=\"512\" \/>\n\t<meta property=\"og:image:height\" content=\"512\" \/>\n\t<meta property=\"og:image:type\" content=\"image\/jpeg\" \/>\n<meta name=\"twitter:card\" content=\"summary_large_image\" \/>\n<meta name=\"twitter:label1\" content=\"Est. reading time\" \/>\n\t<meta name=\"twitter:data1\" content=\"3 minutes\" \/>\n<script type=\"application\/ld+json\" class=\"yoast-schema-graph\">{\"@context\":\"https:\\\/\\\/schema.org\",\"@graph\":[{\"@type\":\"WebPage\",\"@id\":\"https:\\\/\\\/medicinasinc.com\\\/sk\\\/product\\\/buy-liquid-lsd\\\/\",\"url\":\"https:\\\/\\\/medicinasinc.com\\\/sk\\\/product\\\/buy-liquid-lsd\\\/\",\"name\":\"K\u00fapte si tekut\u00e9 LSD \u2013 najlep\u0161ie najlep\u0161ie glob\u00e1lne lieky\",\"isPartOf\":{\"@id\":\"https:\\\/\\\/medicinasinc.com\\\/sk\\\/#website\"},\"primaryImageOfPage\":{\"@id\":\"https:\\\/\\\/medicinasinc.com\\\/sk\\\/product\\\/buy-liquid-lsd\\\/#primaryimage\"},\"image\":{\"@id\":\"https:\\\/\\\/medicinasinc.com\\\/sk\\\/product\\\/buy-liquid-lsd\\\/#primaryimage\"},\"thumbnailUrl\":\"https:\\\/\\\/medicinasinc.com\\\/sk\\\/wp-content\\\/uploads\\\/sites\\\/10\\\/2022\\\/02\\\/Buy-Liquid-LSD.jpg\",\"datePublished\":\"2022-02-20T16:33:58+00:00\",\"dateModified\":\"2022-03-22T01:15:09+00:00\",\"description\":\"K\u00fapi\u0165 LSD online Liquid LSD, Details Lysergid (LSD) je polosyntetick\u00fd halucinog\u00e9n a je jednou z najsilnej\u0161\u00edch zn\u00e1mych drog. Rekrea\u010dn\u00e9 vyu\u017eitie.\",\"breadcrumb\":{\"@id\":\"https:\\\/\\\/medicinasinc.com\\\/sk\\\/product\\\/buy-liquid-lsd\\\/#breadcrumb\"},\"inLanguage\":\"en-US\",\"potentialAction\":[{\"@type\":\"ReadAction\",\"target\":[\"https:\\\/\\\/medicinasinc.com\\\/sk\\\/product\\\/buy-liquid-lsd\\\/\"]}]},{\"@type\":\"ImageObject\",\"inLanguage\":\"en-US\",\"@id\":\"https:\\\/\\\/medicinasinc.com\\\/sk\\\/product\\\/buy-liquid-lsd\\\/#primaryimage\",\"url\":\"https:\\\/\\\/medicinasinc.com\\\/sk\\\/wp-content\\\/uploads\\\/sites\\\/10\\\/2022\\\/02\\\/Buy-Liquid-LSD.jpg\",\"contentUrl\":\"https:\\\/\\\/medicinasinc.com\\\/sk\\\/wp-content\\\/uploads\\\/sites\\\/10\\\/2022\\\/02\\\/Buy-Liquid-LSD.jpg\",\"width\":512,\"height\":512},{\"@type\":\"BreadcrumbList\",\"@id\":\"https:\\\/\\\/medicinasinc.com\\\/sk\\\/product\\\/buy-liquid-lsd\\\/#breadcrumb\",\"itemListElement\":[{\"@type\":\"ListItem\",\"position\":1,\"name\":\"Obchod\",\"item\":\"https:\\\/\\\/medicinasinc.com\\\/sk\\\/obchod\\\/\"},{\"@type\":\"ListItem\",\"position\":2,\"name\":\"K\u00fapte si tekut\u00e9 LSD\"}]},{\"@type\":\"WebSite\",\"@id\":\"https:\\\/\\\/medicinasinc.com\\\/sk\\\/#website\",\"url\":\"https:\\\/\\\/medicinasinc.com\\\/sk\\\/\",\"name\":\"Medicinas Inc\",\"description\":\"Health Medical Clinic\",\"potentialAction\":[{\"@type\":\"SearchAction\",\"target\":{\"@type\":\"EntryPoint\",\"urlTemplate\":\"https:\\\/\\\/medicinasinc.com\\\/sk\\\/?s={search_term_string}\"},\"query-input\":{\"@type\":\"PropertyValueSpecification\",\"valueRequired\":true,\"valueName\":\"search_term_string\"}}],\"inLanguage\":\"en-US\"}]}<\/script>\n<!-- \/ Yoast SEO plugin. -->","yoast_head_json":{"title":"K\u00fapte si tekut\u00e9 LSD \u2013 najlep\u0161ie najlep\u0161ie glob\u00e1lne lieky","description":"K\u00fapi\u0165 LSD online Liquid LSD, Details Lysergid (LSD) je polosyntetick\u00fd halucinog\u00e9n a je jednou z najsilnej\u0161\u00edch zn\u00e1mych drog. Rekrea\u010dn\u00e9 vyu\u017eitie.","robots":{"index":"index","follow":"follow","max-snippet":"max-snippet:-1","max-image-preview":"max-image-preview:large","max-video-preview":"max-video-preview:-1"},"canonical":"https:\/\/medicinasinc.com\/sk\/product\/buy-liquid-lsd\/","og_locale":"en_US","og_type":"article","og_title":"K\u00fapte si tekut\u00e9 LSD \u2013 najlep\u0161ie najlep\u0161ie glob\u00e1lne lieky","og_description":"K\u00fapi\u0165 LSD online Liquid LSD, Details Lysergid (LSD) je polosyntetick\u00fd halucinog\u00e9n a je jednou z najsilnej\u0161\u00edch zn\u00e1mych drog. Rekrea\u010dn\u00e9 vyu\u017eitie.","og_url":"https:\/\/medicinasinc.com\/sk\/product\/buy-liquid-lsd\/","og_site_name":"Medicinas Inc","article_modified_time":"2022-03-22T01:15:09+00:00","og_image":[{"width":512,"height":512,"url":"https:\/\/medicinasinc.com\/sk\/wp-content\/uploads\/sites\/10\/2022\/02\/Buy-Liquid-LSD.jpg","type":"image\/jpeg"}],"twitter_card":"summary_large_image","twitter_misc":{"Est. reading time":"3 minutes"},"schema":{"@context":"https:\/\/schema.org","@graph":[{"@type":"WebPage","@id":"https:\/\/medicinasinc.com\/sk\/product\/buy-liquid-lsd\/","url":"https:\/\/medicinasinc.com\/sk\/product\/buy-liquid-lsd\/","name":"K\u00fapte si tekut\u00e9 LSD \u2013 najlep\u0161ie najlep\u0161ie glob\u00e1lne lieky","isPartOf":{"@id":"https:\/\/medicinasinc.com\/sk\/#website"},"primaryImageOfPage":{"@id":"https:\/\/medicinasinc.com\/sk\/product\/buy-liquid-lsd\/#primaryimage"},"image":{"@id":"https:\/\/medicinasinc.com\/sk\/product\/buy-liquid-lsd\/#primaryimage"},"thumbnailUrl":"https:\/\/medicinasinc.com\/sk\/wp-content\/uploads\/sites\/10\/2022\/02\/Buy-Liquid-LSD.jpg","datePublished":"2022-02-20T16:33:58+00:00","dateModified":"2022-03-22T01:15:09+00:00","description":"K\u00fapi\u0165 LSD online Liquid LSD, Details Lysergid (LSD) je polosyntetick\u00fd halucinog\u00e9n a je jednou z najsilnej\u0161\u00edch zn\u00e1mych drog. Rekrea\u010dn\u00e9 vyu\u017eitie.","breadcrumb":{"@id":"https:\/\/medicinasinc.com\/sk\/product\/buy-liquid-lsd\/#breadcrumb"},"inLanguage":"en-US","potentialAction":[{"@type":"ReadAction","target":["https:\/\/medicinasinc.com\/sk\/product\/buy-liquid-lsd\/"]}]},{"@type":"ImageObject","inLanguage":"en-US","@id":"https:\/\/medicinasinc.com\/sk\/product\/buy-liquid-lsd\/#primaryimage","url":"https:\/\/medicinasinc.com\/sk\/wp-content\/uploads\/sites\/10\/2022\/02\/Buy-Liquid-LSD.jpg","contentUrl":"https:\/\/medicinasinc.com\/sk\/wp-content\/uploads\/sites\/10\/2022\/02\/Buy-Liquid-LSD.jpg","width":512,"height":512},{"@type":"BreadcrumbList","@id":"https:\/\/medicinasinc.com\/sk\/product\/buy-liquid-lsd\/#breadcrumb","itemListElement":[{"@type":"ListItem","position":1,"name":"Obchod","item":"https:\/\/medicinasinc.com\/sk\/obchod\/"},{"@type":"ListItem","position":2,"name":"K\u00fapte si tekut\u00e9 LSD"}]},{"@type":"WebSite","@id":"https:\/\/medicinasinc.com\/sk\/#website","url":"https:\/\/medicinasinc.com\/sk\/","name":"Medicinas Inc","description":"Health Medical Clinic","potentialAction":[{"@type":"SearchAction","target":{"@type":"EntryPoint","urlTemplate":"https:\/\/medicinasinc.com\/sk\/?s={search_term_string}"},"query-input":{"@type":"PropertyValueSpecification","valueRequired":true,"valueName":"search_term_string"}}],"inLanguage":"en-US"}]}},"_links":{"self":[{"href":"https:\/\/medicinasinc.com\/sk\/wp-json\/wp\/v2\/product\/4829","targetHints":{"allow":["GET"]}}],"collection":[{"href":"https:\/\/medicinasinc.com\/sk\/wp-json\/wp\/v2\/product"}],"about":[{"href":"https:\/\/medicinasinc.com\/sk\/wp-json\/wp\/v2\/types\/product"}],"replies":[{"embeddable":true,"href":"https:\/\/medicinasinc.com\/sk\/wp-json\/wp\/v2\/comments?post=4829"}],"wp:featuredmedia":[{"embeddable":true,"href":"https:\/\/medicinasinc.com\/sk\/wp-json\/wp\/v2\/media\/4842"}],"wp:attachment":[{"href":"https:\/\/medicinasinc.com\/sk\/wp-json\/wp\/v2\/media?parent=4829"}],"wp:term":[{"taxonomy":"product_brand","embeddable":true,"href":"https:\/\/medicinasinc.com\/sk\/wp-json\/wp\/v2\/product_brand?post=4829"},{"taxonomy":"product_cat","embeddable":true,"href":"https:\/\/medicinasinc.com\/sk\/wp-json\/wp\/v2\/product_cat?post=4829"},{"taxonomy":"product_tag","embeddable":true,"href":"https:\/\/medicinasinc.com\/sk\/wp-json\/wp\/v2\/product_tag?post=4829"}],"curies":[{"name":"wp","href":"https:\/\/api.w.org\/{rel}","templated":true}]}}