{"id":4826,"date":"2022-02-20T16:32:04","date_gmt":"2022-02-20T16:32:04","guid":{"rendered":"https:\/\/medicinasinc.com\/sk\/?post_type=product&#038;p=4826"},"modified":"2022-03-22T01:15:20","modified_gmt":"2022-03-22T01:15:20","slug":"kupit-ketamin-hcl","status":"publish","type":"product","link":"https:\/\/medicinasinc.com\/sk\/product\/kupit-ketamin-hcl\/","title":{"rendered":"K\u00fapi\u0165 Ketam\u00edn HCL"},"content":{"rendered":"<h1 class=\"product_title entry-title\">Nak\u00fapte lacn\u00fd ketam\u00edn HCL online<\/h1>\n<div class=\"product-next-previous\">\n<div class=\"product-prev\"><\/div><\/div>\n","protected":false},"excerpt":{"rendered":"<div class=\"woocommerce-product-details__short-description\">\n<p>Nakupujte lacn\u00fd ketam\u00edn HCL online. Skuto\u010dn\u00fd ketam\u00edn HCL online \u2013 ketam\u00edn HCL na predaj | K\u00fapi\u0165 ketam\u00edn HCL online | Pred\u00e1m ketam\u00edn HCL na predaj| K\u00fapi\u0165 lacno ketam\u00edn HCL | Kde k\u00fapi\u0165 ketam\u00edn HCL online<\/p>\n<\/p><\/div>\n","protected":false},"featured_media":4838,"comment_status":"open","ping_status":"closed","template":"","meta":[],"product_brand":[],"product_cat":[703],"product_tag":[],"class_list":{"0":"post-4826","1":"product","2":"type-product","3":"status-publish","4":"has-post-thumbnail","6":"product_cat-kpi-psychedelick-drogy","8":"first","9":"instock","10":"shipping-taxable","11":"purchasable","12":"product-type-variable","13":"has-default-attributes"},"yoast_head":"<!-- This site is optimized with the Yoast SEO plugin v27.3 - https:\/\/yoast.com\/product\/yoast-seo-wordpress\/ -->\n<title>K\u00fapi\u0165 Ketam\u00edn HCL - Ketam\u00edn HCL - Najlep\u0161ia glob\u00e1lna medic\u00edna<\/title>\n<meta name=\"description\" content=\"K\u00fapte si ketam\u00edn HCL online. Skuto\u010dn\u00fd ketam\u00edn HCL online \u2013 ketam\u00edn HCL na predaj | K\u00fapi\u0165 ketam\u00edn HCL online | Pred\u00e1m ketam\u00edn HCL na predaj| K\u00fapi\u0165 lacno ketam\u00edn HCL | Kde k\u00fapi\u0165 ketam\u00edn HCL online\" \/>\n<meta name=\"robots\" content=\"index, follow, max-snippet:-1, max-image-preview:large, max-video-preview:-1\" \/>\n<link rel=\"canonical\" href=\"https:\/\/medicinasinc.com\/sk\/product\/kupit-ketamin-hcl\/\" \/>\n<meta property=\"og:locale\" content=\"en_US\" \/>\n<meta property=\"og:type\" content=\"article\" \/>\n<meta property=\"og:title\" content=\"K\u00fapi\u0165 Ketam\u00edn HCL - Ketam\u00edn HCL - Najlep\u0161ia glob\u00e1lna medic\u00edna\" \/>\n<meta property=\"og:description\" content=\"K\u00fapte si ketam\u00edn HCL online. Skuto\u010dn\u00fd ketam\u00edn HCL online \u2013 ketam\u00edn HCL na predaj | K\u00fapi\u0165 ketam\u00edn HCL online | Pred\u00e1m ketam\u00edn HCL na predaj| K\u00fapi\u0165 lacno ketam\u00edn HCL | Kde k\u00fapi\u0165 ketam\u00edn HCL online\" \/>\n<meta property=\"og:url\" content=\"https:\/\/medicinasinc.com\/sk\/product\/kupit-ketamin-hcl\/\" \/>\n<meta property=\"og:site_name\" content=\"Medicinas Inc\" \/>\n<meta property=\"article:modified_time\" content=\"2022-03-22T01:15:20+00:00\" \/>\n<meta property=\"og:image\" content=\"https:\/\/medicinasinc.com\/sk\/wp-content\/uploads\/sites\/10\/2022\/02\/ketamine-hcl.jpg\" \/>\n\t<meta property=\"og:image:width\" content=\"600\" \/>\n\t<meta property=\"og:image:height\" content=\"600\" \/>\n\t<meta property=\"og:image:type\" content=\"image\/jpeg\" \/>\n<meta name=\"twitter:card\" content=\"summary_large_image\" \/>\n<meta name=\"twitter:label1\" content=\"Est. reading time\" \/>\n\t<meta name=\"twitter:data1\" content=\"1 minute\" \/>\n<script type=\"application\/ld+json\" class=\"yoast-schema-graph\">{\"@context\":\"https:\\\/\\\/schema.org\",\"@graph\":[{\"@type\":\"WebPage\",\"@id\":\"https:\\\/\\\/medicinasinc.com\\\/sk\\\/product\\\/kupit-ketamin-hcl\\\/\",\"url\":\"https:\\\/\\\/medicinasinc.com\\\/sk\\\/product\\\/kupit-ketamin-hcl\\\/\",\"name\":\"K\u00fapi\u0165 Ketam\u00edn HCL - Ketam\u00edn HCL - Najlep\u0161ia glob\u00e1lna medic\u00edna\",\"isPartOf\":{\"@id\":\"https:\\\/\\\/medicinasinc.com\\\/sk\\\/#website\"},\"primaryImageOfPage\":{\"@id\":\"https:\\\/\\\/medicinasinc.com\\\/sk\\\/product\\\/kupit-ketamin-hcl\\\/#primaryimage\"},\"image\":{\"@id\":\"https:\\\/\\\/medicinasinc.com\\\/sk\\\/product\\\/kupit-ketamin-hcl\\\/#primaryimage\"},\"thumbnailUrl\":\"https:\\\/\\\/medicinasinc.com\\\/sk\\\/wp-content\\\/uploads\\\/sites\\\/10\\\/2022\\\/02\\\/ketamine-hcl.jpg\",\"datePublished\":\"2022-02-20T16:32:04+00:00\",\"dateModified\":\"2022-03-22T01:15:20+00:00\",\"description\":\"K\u00fapte si ketam\u00edn HCL online. Skuto\u010dn\u00fd ketam\u00edn HCL online \u2013 ketam\u00edn HCL na predaj | K\u00fapi\u0165 ketam\u00edn HCL online | Pred\u00e1m ketam\u00edn HCL na predaj| K\u00fapi\u0165 lacno ketam\u00edn HCL | Kde k\u00fapi\u0165 ketam\u00edn HCL online\",\"breadcrumb\":{\"@id\":\"https:\\\/\\\/medicinasinc.com\\\/sk\\\/product\\\/kupit-ketamin-hcl\\\/#breadcrumb\"},\"inLanguage\":\"en-US\",\"potentialAction\":[{\"@type\":\"ReadAction\",\"target\":[\"https:\\\/\\\/medicinasinc.com\\\/sk\\\/product\\\/kupit-ketamin-hcl\\\/\"]}]},{\"@type\":\"ImageObject\",\"inLanguage\":\"en-US\",\"@id\":\"https:\\\/\\\/medicinasinc.com\\\/sk\\\/product\\\/kupit-ketamin-hcl\\\/#primaryimage\",\"url\":\"https:\\\/\\\/medicinasinc.com\\\/sk\\\/wp-content\\\/uploads\\\/sites\\\/10\\\/2022\\\/02\\\/ketamine-hcl.jpg\",\"contentUrl\":\"https:\\\/\\\/medicinasinc.com\\\/sk\\\/wp-content\\\/uploads\\\/sites\\\/10\\\/2022\\\/02\\\/ketamine-hcl.jpg\",\"width\":600,\"height\":600},{\"@type\":\"BreadcrumbList\",\"@id\":\"https:\\\/\\\/medicinasinc.com\\\/sk\\\/product\\\/kupit-ketamin-hcl\\\/#breadcrumb\",\"itemListElement\":[{\"@type\":\"ListItem\",\"position\":1,\"name\":\"Obchod\",\"item\":\"https:\\\/\\\/medicinasinc.com\\\/sk\\\/obchod\\\/\"},{\"@type\":\"ListItem\",\"position\":2,\"name\":\"K\u00fapi\u0165 Ketam\u00edn HCL\"}]},{\"@type\":\"WebSite\",\"@id\":\"https:\\\/\\\/medicinasinc.com\\\/sk\\\/#website\",\"url\":\"https:\\\/\\\/medicinasinc.com\\\/sk\\\/\",\"name\":\"Medicinas Inc\",\"description\":\"Health Medical Clinic\",\"potentialAction\":[{\"@type\":\"SearchAction\",\"target\":{\"@type\":\"EntryPoint\",\"urlTemplate\":\"https:\\\/\\\/medicinasinc.com\\\/sk\\\/?s={search_term_string}\"},\"query-input\":{\"@type\":\"PropertyValueSpecification\",\"valueRequired\":true,\"valueName\":\"search_term_string\"}}],\"inLanguage\":\"en-US\"}]}<\/script>\n<!-- \/ Yoast SEO plugin. -->","yoast_head_json":{"title":"K\u00fapi\u0165 Ketam\u00edn HCL - Ketam\u00edn HCL - Najlep\u0161ia glob\u00e1lna medic\u00edna","description":"K\u00fapte si ketam\u00edn HCL online. Skuto\u010dn\u00fd ketam\u00edn HCL online \u2013 ketam\u00edn HCL na predaj | K\u00fapi\u0165 ketam\u00edn HCL online | Pred\u00e1m ketam\u00edn HCL na predaj| K\u00fapi\u0165 lacno ketam\u00edn HCL | Kde k\u00fapi\u0165 ketam\u00edn HCL online","robots":{"index":"index","follow":"follow","max-snippet":"max-snippet:-1","max-image-preview":"max-image-preview:large","max-video-preview":"max-video-preview:-1"},"canonical":"https:\/\/medicinasinc.com\/sk\/product\/kupit-ketamin-hcl\/","og_locale":"en_US","og_type":"article","og_title":"K\u00fapi\u0165 Ketam\u00edn HCL - Ketam\u00edn HCL - Najlep\u0161ia glob\u00e1lna medic\u00edna","og_description":"K\u00fapte si ketam\u00edn HCL online. Skuto\u010dn\u00fd ketam\u00edn HCL online \u2013 ketam\u00edn HCL na predaj | K\u00fapi\u0165 ketam\u00edn HCL online | Pred\u00e1m ketam\u00edn HCL na predaj| K\u00fapi\u0165 lacno ketam\u00edn HCL | Kde k\u00fapi\u0165 ketam\u00edn HCL online","og_url":"https:\/\/medicinasinc.com\/sk\/product\/kupit-ketamin-hcl\/","og_site_name":"Medicinas Inc","article_modified_time":"2022-03-22T01:15:20+00:00","og_image":[{"width":600,"height":600,"url":"https:\/\/medicinasinc.com\/sk\/wp-content\/uploads\/sites\/10\/2022\/02\/ketamine-hcl.jpg","type":"image\/jpeg"}],"twitter_card":"summary_large_image","twitter_misc":{"Est. reading time":"1 minute"},"schema":{"@context":"https:\/\/schema.org","@graph":[{"@type":"WebPage","@id":"https:\/\/medicinasinc.com\/sk\/product\/kupit-ketamin-hcl\/","url":"https:\/\/medicinasinc.com\/sk\/product\/kupit-ketamin-hcl\/","name":"K\u00fapi\u0165 Ketam\u00edn HCL - Ketam\u00edn HCL - Najlep\u0161ia glob\u00e1lna medic\u00edna","isPartOf":{"@id":"https:\/\/medicinasinc.com\/sk\/#website"},"primaryImageOfPage":{"@id":"https:\/\/medicinasinc.com\/sk\/product\/kupit-ketamin-hcl\/#primaryimage"},"image":{"@id":"https:\/\/medicinasinc.com\/sk\/product\/kupit-ketamin-hcl\/#primaryimage"},"thumbnailUrl":"https:\/\/medicinasinc.com\/sk\/wp-content\/uploads\/sites\/10\/2022\/02\/ketamine-hcl.jpg","datePublished":"2022-02-20T16:32:04+00:00","dateModified":"2022-03-22T01:15:20+00:00","description":"K\u00fapte si ketam\u00edn HCL online. Skuto\u010dn\u00fd ketam\u00edn HCL online \u2013 ketam\u00edn HCL na predaj | K\u00fapi\u0165 ketam\u00edn HCL online | Pred\u00e1m ketam\u00edn HCL na predaj| K\u00fapi\u0165 lacno ketam\u00edn HCL | Kde k\u00fapi\u0165 ketam\u00edn HCL online","breadcrumb":{"@id":"https:\/\/medicinasinc.com\/sk\/product\/kupit-ketamin-hcl\/#breadcrumb"},"inLanguage":"en-US","potentialAction":[{"@type":"ReadAction","target":["https:\/\/medicinasinc.com\/sk\/product\/kupit-ketamin-hcl\/"]}]},{"@type":"ImageObject","inLanguage":"en-US","@id":"https:\/\/medicinasinc.com\/sk\/product\/kupit-ketamin-hcl\/#primaryimage","url":"https:\/\/medicinasinc.com\/sk\/wp-content\/uploads\/sites\/10\/2022\/02\/ketamine-hcl.jpg","contentUrl":"https:\/\/medicinasinc.com\/sk\/wp-content\/uploads\/sites\/10\/2022\/02\/ketamine-hcl.jpg","width":600,"height":600},{"@type":"BreadcrumbList","@id":"https:\/\/medicinasinc.com\/sk\/product\/kupit-ketamin-hcl\/#breadcrumb","itemListElement":[{"@type":"ListItem","position":1,"name":"Obchod","item":"https:\/\/medicinasinc.com\/sk\/obchod\/"},{"@type":"ListItem","position":2,"name":"K\u00fapi\u0165 Ketam\u00edn HCL"}]},{"@type":"WebSite","@id":"https:\/\/medicinasinc.com\/sk\/#website","url":"https:\/\/medicinasinc.com\/sk\/","name":"Medicinas Inc","description":"Health Medical Clinic","potentialAction":[{"@type":"SearchAction","target":{"@type":"EntryPoint","urlTemplate":"https:\/\/medicinasinc.com\/sk\/?s={search_term_string}"},"query-input":{"@type":"PropertyValueSpecification","valueRequired":true,"valueName":"search_term_string"}}],"inLanguage":"en-US"}]}},"_links":{"self":[{"href":"https:\/\/medicinasinc.com\/sk\/wp-json\/wp\/v2\/product\/4826","targetHints":{"allow":["GET"]}}],"collection":[{"href":"https:\/\/medicinasinc.com\/sk\/wp-json\/wp\/v2\/product"}],"about":[{"href":"https:\/\/medicinasinc.com\/sk\/wp-json\/wp\/v2\/types\/product"}],"replies":[{"embeddable":true,"href":"https:\/\/medicinasinc.com\/sk\/wp-json\/wp\/v2\/comments?post=4826"}],"wp:featuredmedia":[{"embeddable":true,"href":"https:\/\/medicinasinc.com\/sk\/wp-json\/wp\/v2\/media\/4838"}],"wp:attachment":[{"href":"https:\/\/medicinasinc.com\/sk\/wp-json\/wp\/v2\/media?parent=4826"}],"wp:term":[{"taxonomy":"product_brand","embeddable":true,"href":"https:\/\/medicinasinc.com\/sk\/wp-json\/wp\/v2\/product_brand?post=4826"},{"taxonomy":"product_cat","embeddable":true,"href":"https:\/\/medicinasinc.com\/sk\/wp-json\/wp\/v2\/product_cat?post=4826"},{"taxonomy":"product_tag","embeddable":true,"href":"https:\/\/medicinasinc.com\/sk\/wp-json\/wp\/v2\/product_tag?post=4826"}],"curies":[{"name":"wp","href":"https:\/\/api.w.org\/{rel}","templated":true}]}}